{"id":1192,"date":"2024-09-23T03:54:52","date_gmt":"2024-09-23T03:54:52","guid":{"rendered":"https:\/\/lightyellow-sardine-891901.hostingersite.com\/?post_type=product&#038;p=1192"},"modified":"2024-09-23T03:58:58","modified_gmt":"2024-09-23T03:58:58","slug":"solar-power-waterproof-mini-dc-ups-battery-backup-mu1625s-148w-40000mah-lithium-battery-backup","status":"publish","type":"product","link":"http:\/\/mylionbattery.com\/de\/produkt\/solar-power-waterproof-mini-dc-ups-battery-backup-mu1625s-148w-40000mah-lithium-battery-backup\/","title":{"rendered":"Solarstrom-wasserdichtes Mini-DC-USV-Batterie-Backup MU1625S 148W 40000mAh Lithium-Batterie-Backup"},"content":{"rendered":"<table style=\"height: 763px;\" width=\"1012\">\n<tbody>\n<tr>\n<td colspan=\"2\" width=\"805\">Alle der folgenden Informationen sind korrekt und ECHT.<\/td>\n<\/tr>\n<tr>\n<td>Stilname<\/td>\n<td>MU1625S Solarstrom-USV<\/td>\n<\/tr>\n<tr>\n<td>Produktname<\/td>\n<td width=\"553\">Solarbetriebene Mini-USV f\u00fcr ADSL-Router, WiFi-Router, CCTV\/Sicherheitskamera f\u00fcr den Au\u00dfenbereich, Stra\u00dfenlaterne, Solarlampe usw.<\/td>\n<\/tr>\n<tr>\n<td>Ausgangsspannung<\/td>\n<td>12V<\/td>\n<\/tr>\n<tr>\n<td>Ausgangsstrom<\/td>\n<td>2A<\/td>\n<\/tr>\n<tr>\n<td>Ausgangsleistung<\/td>\n<td>148 Wh\/40000 mAh<\/td>\n<\/tr>\n<tr>\n<td>Eingangsspannung<\/td>\n<td>15 V \u2013 24 V \u00fcber Solarpanel oder kundenspezifische Eingangsspannung<\/td>\n<\/tr>\n<tr>\n<td>Eingangsstrom<\/td>\n<td>Max. 2A<\/td>\n<\/tr>\n<tr>\n<td rowspan=\"2\">Arbeitszeit<\/td>\n<td>Ausgang 12 V 0,5 A (6 W): ca. 25 Stunden<\/td>\n<\/tr>\n<tr>\n<td>Ausgang 12 V 1 A (12 W): ca. 13 Stunden<\/td>\n<\/tr>\n<tr>\n<td>Ladeanschluss (IN)<\/td>\n<td>DC.5.5\u00d72.1 wasserdicht<\/td>\n<\/tr>\n<tr>\n<td>Auslass\u00f6ffnung (OUT)<\/td>\n<td>DC.5.5\u00d72.5 wasserdicht<\/td>\n<\/tr>\n<tr>\n<td>Geh\u00e4usematerial<\/td>\n<td>Wasserdichtes ABS<\/td>\n<\/tr>\n<tr>\n<td>Schalten<\/td>\n<td>Wasserdicht<\/td>\n<\/tr>\n<tr>\n<td>LED-Anzeige<\/td>\n<td>Arbeiten&amp;Laden<\/td>\n<\/tr>\n<tr>\n<td>Geh\u00e4usefarbe<\/td>\n<td>Grau<\/td>\n<\/tr>\n<tr>\n<td>Geh\u00e4useabmessungen<\/td>\n<td>L200xB120xH75mm<\/td>\n<\/tr>\n<tr>\n<td>Gewicht<\/td>\n<td>Schweinefleisch-Schinken ca. 1200g<\/td>\n<\/tr>\n<tr>\n<td>Batteriezellenmarke<\/td>\n<td>Chinesische Markenzelle<\/td>\n<\/tr>\n<tr>\n<td>Batteriezellenzertifizierung<\/td>\n<td>CB, UN38.3, BIS, KC, MSDS, ROHS, CQC, EMC<\/td>\n<\/tr>\n<tr>\n<td>Batterieschutz<\/td>\n<td width=\"553\">Temperaturschutz, \u00dcberladung und Entladung, \u00dcberstrom, Kurzschluss<\/td>\n<\/tr>\n<tr>\n<td>Lebensdauer<\/td>\n<td>Standard-Lade- und Entladekapazit\u00e4t \u226580% C5mAh, Zyklenlebensdauer \u2265600<\/td>\n<\/tr>\n<tr>\n<td>Anwendung<\/td>\n<td>LED-Licht \/ LED-Streifen \/ \u00dcberwachungskamera \/ IP, WLAN, Router<\/td>\n<\/tr>\n<tr>\n<td>Paket<\/td>\n<td>7 St\u00fcck im Karton (L46 x B31 x H32 cm), ca. 9,5 kg\/Karton<\/td>\n<\/tr>\n<tr>\n<td>Garantie<\/td>\n<td>12 Monate<\/td>\n<\/tr>\n<\/tbody>\n<\/table>\n<p>&nbsp;<\/p>\n<p><img fetchpriority=\"high\" decoding=\"async\" class=\"size-full wp-image-1091 aligncenter\" src=\"http:\/\/mylionbattery.com\/wp-content\/uploads\/2024\/09\/UPS-2.jpg\" alt=\"\" width=\"750\" height=\"328\" srcset=\"http:\/\/mylionbattery.com\/wp-content\/uploads\/2024\/09\/UPS-2.jpg 750w, http:\/\/mylionbattery.com\/wp-content\/uploads\/2024\/09\/UPS-2-300x131.jpg 300w, http:\/\/mylionbattery.com\/wp-content\/uploads\/2024\/09\/UPS-2-18x8.jpg 18w, http:\/\/mylionbattery.com\/wp-content\/uploads\/2024\/09\/UPS-2-600x262.jpg 600w\" sizes=\"(max-width: 750px) 100vw, 750px\" \/> <img decoding=\"async\" class=\"size-full wp-image-1092 aligncenter\" src=\"http:\/\/mylionbattery.com\/wp-content\/uploads\/2024\/09\/UPS-3.jpg\" alt=\"\" width=\"750\" height=\"830\" srcset=\"http:\/\/mylionbattery.com\/wp-content\/uploads\/2024\/09\/UPS-3.jpg 750w, http:\/\/mylionbattery.com\/wp-content\/uploads\/2024\/09\/UPS-3-271x300.jpg 271w, http:\/\/mylionbattery.com\/wp-content\/uploads\/2024\/09\/UPS-3-11x12.jpg 11w, http:\/\/mylionbattery.com\/wp-content\/uploads\/2024\/09\/UPS-3-600x664.jpg 600w\" sizes=\"(max-width: 750px) 100vw, 750px\" \/> <img decoding=\"async\" class=\"size-full wp-image-1093 aligncenter\" src=\"http:\/\/mylionbattery.com\/wp-content\/uploads\/2024\/09\/UPS-4.jpg\" alt=\"\" width=\"750\" height=\"1261\" srcset=\"http:\/\/mylionbattery.com\/wp-content\/uploads\/2024\/09\/UPS-4.jpg 750w, http:\/\/mylionbattery.com\/wp-content\/uploads\/2024\/09\/UPS-4-178x300.jpg 178w, http:\/\/mylionbattery.com\/wp-content\/uploads\/2024\/09\/UPS-4-609x1024.jpg 609w, http:\/\/mylionbattery.com\/wp-content\/uploads\/2024\/09\/UPS-4-7x12.jpg 7w, http:\/\/mylionbattery.com\/wp-content\/uploads\/2024\/09\/UPS-4-600x1009.jpg 600w\" sizes=\"(max-width: 750px) 100vw, 750px\" \/> <img loading=\"lazy\" decoding=\"async\" class=\"size-full wp-image-1094 aligncenter\" src=\"http:\/\/mylionbattery.com\/wp-content\/uploads\/2024\/09\/UPS-5.jpg\" alt=\"\" width=\"750\" height=\"1682\" srcset=\"http:\/\/mylionbattery.com\/wp-content\/uploads\/2024\/09\/UPS-5.jpg 750w, http:\/\/mylionbattery.com\/wp-content\/uploads\/2024\/09\/UPS-5-134x300.jpg 134w, http:\/\/mylionbattery.com\/wp-content\/uploads\/2024\/09\/UPS-5-457x1024.jpg 457w, http:\/\/mylionbattery.com\/wp-content\/uploads\/2024\/09\/UPS-5-685x1536.jpg 685w, http:\/\/mylionbattery.com\/wp-content\/uploads\/2024\/09\/UPS-5-5x12.jpg 5w, http:\/\/mylionbattery.com\/wp-content\/uploads\/2024\/09\/UPS-5-600x1346.jpg 600w\" sizes=\"(max-width: 750px) 100vw, 750px\" \/> <img loading=\"lazy\" decoding=\"async\" class=\"size-full wp-image-1095 aligncenter\" src=\"http:\/\/mylionbattery.com\/wp-content\/uploads\/2024\/09\/UPS-6.jpg\" alt=\"\" width=\"750\" height=\"1957\" srcset=\"http:\/\/mylionbattery.com\/wp-content\/uploads\/2024\/09\/UPS-6.jpg 750w, http:\/\/mylionbattery.com\/wp-content\/uploads\/2024\/09\/UPS-6-115x300.jpg 115w, http:\/\/mylionbattery.com\/wp-content\/uploads\/2024\/09\/UPS-6-392x1024.jpg 392w, http:\/\/mylionbattery.com\/wp-content\/uploads\/2024\/09\/UPS-6-589x1536.jpg 589w, http:\/\/mylionbattery.com\/wp-content\/uploads\/2024\/09\/UPS-6-5x12.jpg 5w, http:\/\/mylionbattery.com\/wp-content\/uploads\/2024\/09\/UPS-6-600x1566.jpg 600w\" sizes=\"(max-width: 750px) 100vw, 750px\" \/> <img loading=\"lazy\" decoding=\"async\" class=\"size-full wp-image-1096 aligncenter\" src=\"http:\/\/mylionbattery.com\/wp-content\/uploads\/2024\/09\/UPS-7.jpg\" alt=\"\" width=\"750\" height=\"1142\" srcset=\"http:\/\/mylionbattery.com\/wp-content\/uploads\/2024\/09\/UPS-7.jpg 750w, http:\/\/mylionbattery.com\/wp-content\/uploads\/2024\/09\/UPS-7-197x300.jpg 197w, http:\/\/mylionbattery.com\/wp-content\/uploads\/2024\/09\/UPS-7-673x1024.jpg 673w, http:\/\/mylionbattery.com\/wp-content\/uploads\/2024\/09\/UPS-7-8x12.jpg 8w, http:\/\/mylionbattery.com\/wp-content\/uploads\/2024\/09\/UPS-7-600x914.jpg 600w\" sizes=\"(max-width: 750px) 100vw, 750px\" \/><\/p>","protected":false},"excerpt":{"rendered":"<ul>\n<li>Produktname: MU1625S 148Wh 15-24V Solarstrom IN 12V 2A OUT MINI DC USV<\/li>\n<li>Anwendung: LED-Licht\/Sicherheit\/IP\/CCTV-Kamera\/WLAN\/Router\/Medizinisches CPAP<\/li>\n<li>Funktion: Bietet eine unterbrechungsfreie Stromversorgung f\u00fcr elektronische Ger\u00e4te.<\/li>\n<li>Anschluss: DC5.5\u00d72.1 und AC-Stecker<\/li>\n<li>Eigenschaften: Solarenergie, wasserdicht<\/li>\n<li>Batterietyp: Lithium-Ionen-Batterie<\/li>\n<li>Schutz: Temperatur, \u00dcberladung und Entladung, \u00dcberstrom, Kurzschluss<\/li>\n<\/ul>","protected":false},"featured_media":1097,"template":"","meta":[],"product_brand":[],"product_cat":[20,40],"product_tag":[],"class_list":{"0":"post-1192","1":"product","2":"type-product","3":"status-publish","4":"has-post-thumbnail","6":"product_cat-mini-ups","7":"product_cat-mu1625s","9":"first","10":"instock","11":"shipping-taxable","12":"product-type-simple"},"yoast_head":"<!-- This site is optimized with the Yoast SEO plugin v26.1.1 - https:\/\/yoast.com\/wordpress\/plugins\/seo\/ -->\n<title>Solar Power Waterproof Mini DC UPS Battery Backup MU1625S 148W 40000mAh Lithium Battery Backup - mylionbattery<\/title>\n<meta name=\"description\" content=\"Discover Mylion Battery&#039;s innovative battery solutions, including mini UPS systems and lithium-ion batteries. Offering high-quality, customizable products designed with advanced technology to deliver exceptional performance and reliability for global markets.\" \/>\n<meta name=\"robots\" content=\"index, follow, max-snippet:-1, max-image-preview:large, max-video-preview:-1\" \/>\n<link rel=\"canonical\" href=\"https:\/\/mylionbattery.com\/de\/produkt\/solar-power-waterproof-mini-dc-ups-battery-backup-mu1625s-148w-40000mah-lithium-battery-backup\/\" \/>\n<meta property=\"og:locale\" content=\"de_DE\" \/>\n<meta property=\"og:type\" content=\"article\" \/>\n<meta property=\"og:title\" content=\"Solar Power Waterproof Mini DC UPS Battery Backup MU1625S 148W 40000mAh Lithium Battery Backup - mylionbattery\" \/>\n<meta property=\"og:description\" content=\"Discover Mylion Battery&#039;s innovative battery solutions, including mini UPS systems and lithium-ion batteries. Offering high-quality, customizable products designed with advanced technology to deliver exceptional performance and reliability for global markets.\" \/>\n<meta property=\"og:url\" content=\"https:\/\/mylionbattery.com\/de\/produkt\/solar-power-waterproof-mini-dc-ups-battery-backup-mu1625s-148w-40000mah-lithium-battery-backup\/\" \/>\n<meta property=\"og:site_name\" content=\"mylionbattery\" \/>\n<meta property=\"article:modified_time\" content=\"2024-09-23T03:58:58+00:00\" \/>\n<meta property=\"og:image\" content=\"https:\/\/mylionbattery.com\/wp-content\/uploads\/2024\/09\/220v3a-mini-dc-ups-1.jpg\" \/>\n\t<meta property=\"og:image:width\" content=\"1000\" \/>\n\t<meta property=\"og:image:height\" content=\"1000\" \/>\n\t<meta property=\"og:image:type\" content=\"image\/jpeg\" \/>\n<meta name=\"twitter:card\" content=\"summary_large_image\" \/>\n<meta name=\"twitter:label1\" content=\"Gesch\u00e4tzte Lesezeit\" \/>\n\t<meta name=\"twitter:data1\" content=\"1\u00a0Minute\" \/>\n<script type=\"application\/ld+json\" class=\"yoast-schema-graph\">{\"@context\":\"https:\/\/schema.org\",\"@graph\":[{\"@type\":\"WebPage\",\"@id\":\"https:\/\/mylionbattery.com\/product\/solar-power-waterproof-mini-dc-ups-battery-backup-mu1625s-148w-40000mah-lithium-battery-backup\/\",\"url\":\"https:\/\/mylionbattery.com\/product\/solar-power-waterproof-mini-dc-ups-battery-backup-mu1625s-148w-40000mah-lithium-battery-backup\/\",\"name\":\"Solar Power Waterproof Mini DC UPS Battery Backup MU1625S 148W 40000mAh Lithium Battery Backup - mylionbattery\",\"isPartOf\":{\"@id\":\"https:\/\/mylionbattery.com\/#website\"},\"primaryImageOfPage\":{\"@id\":\"https:\/\/mylionbattery.com\/product\/solar-power-waterproof-mini-dc-ups-battery-backup-mu1625s-148w-40000mah-lithium-battery-backup\/#primaryimage\"},\"image\":{\"@id\":\"https:\/\/mylionbattery.com\/product\/solar-power-waterproof-mini-dc-ups-battery-backup-mu1625s-148w-40000mah-lithium-battery-backup\/#primaryimage\"},\"thumbnailUrl\":\"http:\/\/mylionbattery.com\/wp-content\/uploads\/2024\/09\/220v3a-mini-dc-ups-1.jpg\",\"datePublished\":\"2024-09-23T03:54:52+00:00\",\"dateModified\":\"2024-09-23T03:58:58+00:00\",\"description\":\"Discover Mylion Battery's innovative battery solutions, including mini UPS systems and lithium-ion batteries. Offering high-quality, customizable products designed with advanced technology to deliver exceptional performance and reliability for global markets.\",\"breadcrumb\":{\"@id\":\"https:\/\/mylionbattery.com\/product\/solar-power-waterproof-mini-dc-ups-battery-backup-mu1625s-148w-40000mah-lithium-battery-backup\/#breadcrumb\"},\"inLanguage\":\"de\",\"potentialAction\":[{\"@type\":\"ReadAction\",\"target\":[\"https:\/\/mylionbattery.com\/product\/solar-power-waterproof-mini-dc-ups-battery-backup-mu1625s-148w-40000mah-lithium-battery-backup\/\"]}]},{\"@type\":\"ImageObject\",\"inLanguage\":\"de\",\"@id\":\"https:\/\/mylionbattery.com\/product\/solar-power-waterproof-mini-dc-ups-battery-backup-mu1625s-148w-40000mah-lithium-battery-backup\/#primaryimage\",\"url\":\"http:\/\/mylionbattery.com\/wp-content\/uploads\/2024\/09\/220v3a-mini-dc-ups-1.jpg\",\"contentUrl\":\"http:\/\/mylionbattery.com\/wp-content\/uploads\/2024\/09\/220v3a-mini-dc-ups-1.jpg\",\"width\":1000,\"height\":1000},{\"@type\":\"BreadcrumbList\",\"@id\":\"https:\/\/mylionbattery.com\/product\/solar-power-waterproof-mini-dc-ups-battery-backup-mu1625s-148w-40000mah-lithium-battery-backup\/#breadcrumb\",\"itemListElement\":[{\"@type\":\"ListItem\",\"position\":1,\"name\":\"\u9996\u9875\",\"item\":\"https:\/\/mylionbattery.com\/\"},{\"@type\":\"ListItem\",\"position\":2,\"name\":\"Products\",\"item\":\"https:\/\/mylionbattery.com\/products\/\"},{\"@type\":\"ListItem\",\"position\":3,\"name\":\"Solar Power Waterproof Mini DC UPS Battery Backup MU1625S 148W 40000mAh Lithium Battery Backup\"}]},{\"@type\":\"WebSite\",\"@id\":\"https:\/\/mylionbattery.com\/#website\",\"url\":\"https:\/\/mylionbattery.com\/\",\"name\":\"Mylionbattery\",\"description\":\"mylionbattery\",\"publisher\":{\"@id\":\"https:\/\/mylionbattery.com\/#organization\"},\"potentialAction\":[{\"@type\":\"SearchAction\",\"target\":{\"@type\":\"EntryPoint\",\"urlTemplate\":\"https:\/\/mylionbattery.com\/?s={search_term_string}\"},\"query-input\":{\"@type\":\"PropertyValueSpecification\",\"valueRequired\":true,\"valueName\":\"search_term_string\"}}],\"inLanguage\":\"de\"},{\"@type\":\"Organization\",\"@id\":\"https:\/\/mylionbattery.com\/#organization\",\"name\":\"Mylionbattery\",\"url\":\"https:\/\/mylionbattery.com\/\",\"logo\":{\"@type\":\"ImageObject\",\"inLanguage\":\"de\",\"@id\":\"https:\/\/mylionbattery.com\/#\/schema\/logo\/image\/\",\"url\":\"http:\/\/mylionbattery.com\/wp-content\/uploads\/2024\/09\/\u767d\u5e95mylion-logo\u6b63\u65b9\u5f62.png\",\"contentUrl\":\"http:\/\/mylionbattery.com\/wp-content\/uploads\/2024\/09\/\u767d\u5e95mylion-logo\u6b63\u65b9\u5f62.png\",\"width\":600,\"height\":600,\"caption\":\"Mylionbattery\"},\"image\":{\"@id\":\"https:\/\/mylionbattery.com\/#\/schema\/logo\/image\/\"}}]}<\/script>\n<!-- \/ Yoast SEO plugin. -->","yoast_head_json":{"title":"Solar Power Waterproof Mini DC UPS Battery Backup MU1625S 148W 40000mAh Lithium Battery Backup - mylionbattery","description":"Discover Mylion Battery's innovative battery solutions, including mini UPS systems and lithium-ion batteries. Offering high-quality, customizable products designed with advanced technology to deliver exceptional performance and reliability for global markets.","robots":{"index":"index","follow":"follow","max-snippet":"max-snippet:-1","max-image-preview":"max-image-preview:large","max-video-preview":"max-video-preview:-1"},"canonical":"https:\/\/mylionbattery.com\/de\/produkt\/solar-power-waterproof-mini-dc-ups-battery-backup-mu1625s-148w-40000mah-lithium-battery-backup\/","og_locale":"de_DE","og_type":"article","og_title":"Solar Power Waterproof Mini DC UPS Battery Backup MU1625S 148W 40000mAh Lithium Battery Backup - mylionbattery","og_description":"Discover Mylion Battery's innovative battery solutions, including mini UPS systems and lithium-ion batteries. Offering high-quality, customizable products designed with advanced technology to deliver exceptional performance and reliability for global markets.","og_url":"https:\/\/mylionbattery.com\/de\/produkt\/solar-power-waterproof-mini-dc-ups-battery-backup-mu1625s-148w-40000mah-lithium-battery-backup\/","og_site_name":"mylionbattery","article_modified_time":"2024-09-23T03:58:58+00:00","og_image":[{"width":1000,"height":1000,"url":"https:\/\/mylionbattery.com\/wp-content\/uploads\/2024\/09\/220v3a-mini-dc-ups-1.jpg","type":"image\/jpeg"}],"twitter_card":"summary_large_image","twitter_misc":{"Gesch\u00e4tzte Lesezeit":"1\u00a0Minute"},"schema":{"@context":"https:\/\/schema.org","@graph":[{"@type":"WebPage","@id":"https:\/\/mylionbattery.com\/product\/solar-power-waterproof-mini-dc-ups-battery-backup-mu1625s-148w-40000mah-lithium-battery-backup\/","url":"https:\/\/mylionbattery.com\/product\/solar-power-waterproof-mini-dc-ups-battery-backup-mu1625s-148w-40000mah-lithium-battery-backup\/","name":"Solar Power Waterproof Mini DC UPS Battery Backup MU1625S 148W 40000mAh Lithium Battery Backup - mylionbattery","isPartOf":{"@id":"https:\/\/mylionbattery.com\/#website"},"primaryImageOfPage":{"@id":"https:\/\/mylionbattery.com\/product\/solar-power-waterproof-mini-dc-ups-battery-backup-mu1625s-148w-40000mah-lithium-battery-backup\/#primaryimage"},"image":{"@id":"https:\/\/mylionbattery.com\/product\/solar-power-waterproof-mini-dc-ups-battery-backup-mu1625s-148w-40000mah-lithium-battery-backup\/#primaryimage"},"thumbnailUrl":"http:\/\/mylionbattery.com\/wp-content\/uploads\/2024\/09\/220v3a-mini-dc-ups-1.jpg","datePublished":"2024-09-23T03:54:52+00:00","dateModified":"2024-09-23T03:58:58+00:00","description":"Discover Mylion Battery's innovative battery solutions, including mini UPS systems and lithium-ion batteries. Offering high-quality, customizable products designed with advanced technology to deliver exceptional performance and reliability for global markets.","breadcrumb":{"@id":"https:\/\/mylionbattery.com\/product\/solar-power-waterproof-mini-dc-ups-battery-backup-mu1625s-148w-40000mah-lithium-battery-backup\/#breadcrumb"},"inLanguage":"de","potentialAction":[{"@type":"ReadAction","target":["https:\/\/mylionbattery.com\/product\/solar-power-waterproof-mini-dc-ups-battery-backup-mu1625s-148w-40000mah-lithium-battery-backup\/"]}]},{"@type":"ImageObject","inLanguage":"de","@id":"https:\/\/mylionbattery.com\/product\/solar-power-waterproof-mini-dc-ups-battery-backup-mu1625s-148w-40000mah-lithium-battery-backup\/#primaryimage","url":"http:\/\/mylionbattery.com\/wp-content\/uploads\/2024\/09\/220v3a-mini-dc-ups-1.jpg","contentUrl":"http:\/\/mylionbattery.com\/wp-content\/uploads\/2024\/09\/220v3a-mini-dc-ups-1.jpg","width":1000,"height":1000},{"@type":"BreadcrumbList","@id":"https:\/\/mylionbattery.com\/product\/solar-power-waterproof-mini-dc-ups-battery-backup-mu1625s-148w-40000mah-lithium-battery-backup\/#breadcrumb","itemListElement":[{"@type":"ListItem","position":1,"name":"\u9996\u9875","item":"https:\/\/mylionbattery.com\/"},{"@type":"ListItem","position":2,"name":"Products","item":"https:\/\/mylionbattery.com\/products\/"},{"@type":"ListItem","position":3,"name":"Solar Power Waterproof Mini DC UPS Battery Backup MU1625S 148W 40000mAh Lithium Battery Backup"}]},{"@type":"WebSite","@id":"https:\/\/mylionbattery.com\/#website","url":"https:\/\/mylionbattery.com\/","name":"Mylionbattery","description":"mylionbattery","publisher":{"@id":"https:\/\/mylionbattery.com\/#organization"},"potentialAction":[{"@type":"SearchAction","target":{"@type":"EntryPoint","urlTemplate":"https:\/\/mylionbattery.com\/?s={search_term_string}"},"query-input":{"@type":"PropertyValueSpecification","valueRequired":true,"valueName":"search_term_string"}}],"inLanguage":"de"},{"@type":"Organization","@id":"https:\/\/mylionbattery.com\/#organization","name":"Mylionbattery","url":"https:\/\/mylionbattery.com\/","logo":{"@type":"ImageObject","inLanguage":"de","@id":"https:\/\/mylionbattery.com\/#\/schema\/logo\/image\/","url":"http:\/\/mylionbattery.com\/wp-content\/uploads\/2024\/09\/\u767d\u5e95mylion-logo\u6b63\u65b9\u5f62.png","contentUrl":"http:\/\/mylionbattery.com\/wp-content\/uploads\/2024\/09\/\u767d\u5e95mylion-logo\u6b63\u65b9\u5f62.png","width":600,"height":600,"caption":"Mylionbattery"},"image":{"@id":"https:\/\/mylionbattery.com\/#\/schema\/logo\/image\/"}}]}},"_links":{"self":[{"href":"http:\/\/mylionbattery.com\/de\/wp-json\/wp\/v2\/product\/1192","targetHints":{"allow":["GET"]}}],"collection":[{"href":"http:\/\/mylionbattery.com\/de\/wp-json\/wp\/v2\/product"}],"about":[{"href":"http:\/\/mylionbattery.com\/de\/wp-json\/wp\/v2\/types\/product"}],"version-history":[{"count":1,"href":"http:\/\/mylionbattery.com\/de\/wp-json\/wp\/v2\/product\/1192\/revisions"}],"predecessor-version":[{"id":1193,"href":"http:\/\/mylionbattery.com\/de\/wp-json\/wp\/v2\/product\/1192\/revisions\/1193"}],"wp:featuredmedia":[{"embeddable":true,"href":"http:\/\/mylionbattery.com\/de\/wp-json\/wp\/v2\/media\/1097"}],"wp:attachment":[{"href":"http:\/\/mylionbattery.com\/de\/wp-json\/wp\/v2\/media?parent=1192"}],"wp:term":[{"taxonomy":"product_brand","embeddable":true,"href":"http:\/\/mylionbattery.com\/de\/wp-json\/wp\/v2\/product_brand?post=1192"},{"taxonomy":"product_cat","embeddable":true,"href":"http:\/\/mylionbattery.com\/de\/wp-json\/wp\/v2\/product_cat?post=1192"},{"taxonomy":"product_tag","embeddable":true,"href":"http:\/\/mylionbattery.com\/de\/wp-json\/wp\/v2\/product_tag?post=1192"}],"curies":[{"name":"wp","href":"https:\/\/api.w.org\/{rel}","templated":true}]}}