{"id":1031,"date":"2024-09-20T02:43:58","date_gmt":"2024-09-20T02:43:58","guid":{"rendered":"https:\/\/lightyellow-sardine-891901.hostingersite.com\/?post_type=product&#038;p=1031"},"modified":"2024-09-20T03:44:10","modified_gmt":"2024-09-20T03:44:10","slug":"mylion-12v-7ah-life-po4-replacement-of-lead-acid-battery-energy-storage-battery-for-telecom","status":"publish","type":"product","link":"https:\/\/mylionbattery.com\/de\/produkt\/mylion-12v-7ah-life-po4-replacement-of-lead-acid-battery-energy-storage-battery-for-telecom\/","title":{"rendered":"Mylion 12V 12Ah LiFe PO4 Ersatz f\u00fcr Bleiakkus Energiespeicherbatterien f\u00fcr Telekommunikation"},"content":{"rendered":"<p>Mylion 12V 12Ah LiFe PO4 Ersatz f\u00fcr Bleiakkus Energiespeicherbatterien f\u00fcr die Telekommunikationsbranche<\/p>\n<table width=\"885\">\n<tbody>\n<tr>\n<td width=\"254\">LFP12V7AH Batterieersatz der Bleibatterie<\/td>\n<td width=\"196\"><\/td>\n<td width=\"214\"><\/td>\n<td width=\"220\"><\/td>\n<\/tr>\n<tr>\n<td>Stilname<\/td>\n<td>LiFe PO4 Batterie 12V7Ah<\/td>\n<td>LiFe PO4 Batterie 12V7Ah<\/td>\n<td>LiFe PO4 Batterie 12V12Ah<\/td>\n<\/tr>\n<tr>\n<td>Normale Kapazit\u00e4t<\/td>\n<td>7 Ah<\/td>\n<td>7 Ah<\/td>\n<td>12 Ah<\/td>\n<\/tr>\n<tr>\n<td>Nennspannung<\/td>\n<td>12V<\/td>\n<td>12V<\/td>\n<td>12V<\/td>\n<\/tr>\n<tr>\n<td>Maximale Ladespannung<\/td>\n<td>14,6 V<\/td>\n<td>14,6 V<\/td>\n<td>14,6 V<\/td>\n<\/tr>\n<tr>\n<td>Max. Dauer-Entladestrom<\/td>\n<td>10A<\/td>\n<td>10A<\/td>\n<td>10A<\/td>\n<\/tr>\n<tr>\n<td>Ladestrom<\/td>\n<td>3A<\/td>\n<td>3A<\/td>\n<td>3A<\/td>\n<\/tr>\n<tr>\n<td>Ausgangsleistung<\/td>\n<td>84W<\/td>\n<td>84W<\/td>\n<td>144W<\/td>\n<\/tr>\n<tr>\n<td>Lade-\/Entladeanschluss<\/td>\n<td>DC.5.5\u00d72.1\/DC.5.5\u00d72.5<\/td>\n<td colspan=\"2\">Metallplatte (Rot+Schwarz-)<\/td>\n<\/tr>\n<tr>\n<td>Kunststoffgeh\u00e4use ABS<\/td>\n<td>Graues wasserdichtes Geh\u00e4use<\/td>\n<td colspan=\"2\">Gelb oder Schwarz<\/td>\n<\/tr>\n<tr>\n<td>Batterieabmessung (mm)<\/td>\n<td>L158xB90xH64<\/td>\n<td>L150xB65xH95mm<\/td>\n<td>L150xB95xH98mm<\/td>\n<\/tr>\n<tr>\n<td>Gewicht<\/td>\n<td>Ca. 1 kg<\/td>\n<td>Ca. 0,7 kg<\/td>\n<td>Ca. 1,2 kg<\/td>\n<\/tr>\n<tr>\n<td>Batterieschutz<\/td>\n<td colspan=\"3\">\u00dcberladung\/-entladung, \u00dcberstrom, Kurzschluss<\/td>\n<\/tr>\n<tr>\n<td>Lebensdauer<\/td>\n<td colspan=\"3\">Standard-Lade- und Entladekapazit\u00e4t \u226580% C5mAh, Zyklenlebensdauer \u22651500<\/td>\n<\/tr>\n<tr>\n<td>Anwendung<\/td>\n<td colspan=\"3\">USV, Solarstrom, Beleuchtung, Gartenspritze, Au\u00dfeninstrument, T\u00fcrsteuerung, Solar<\/td>\n<\/tr>\n<tr>\n<td>Garantie<\/td>\n<td colspan=\"3\">12 Monate<\/td>\n<\/tr>\n<\/tbody>\n<\/table>\n<p><img fetchpriority=\"high\" decoding=\"async\" class=\"size-full wp-image-6949 entered lazyloaded aligncenter\" src=\"https:\/\/myliontech.com\/wp-content\/uploads\/2022\/04\/12v-7ah-battery-1.jpg\" sizes=\"(max-width: 750px) 100vw, 750px\" srcset=\"https:\/\/myliontech.com\/wp-content\/uploads\/2022\/04\/12v-7ah-battery-1.jpg 750w, https:\/\/myliontech.com\/wp-content\/uploads\/2022\/04\/12v-7ah-battery-1-600x264.jpg 600w, https:\/\/myliontech.com\/wp-content\/uploads\/2022\/04\/12v-7ah-battery-1-300x132.jpg 300w\" alt=\"\" width=\"750\" height=\"330\" data-lazy-srcset=\"https:\/\/myliontech.com\/wp-content\/uploads\/2022\/04\/12v-7ah-battery-1.jpg 750w, https:\/\/myliontech.com\/wp-content\/uploads\/2022\/04\/12v-7ah-battery-1-600x264.jpg 600w, https:\/\/myliontech.com\/wp-content\/uploads\/2022\/04\/12v-7ah-battery-1-300x132.jpg 300w\" data-lazy-sizes=\"(max-width: 750px) 100vw, 750px\" data-lazy-src=\"https:\/\/myliontech.com\/wp-content\/uploads\/2022\/04\/12v-7ah-battery-1.jpg\" data-ll-status=\"loaded\" \/>\u00a0<img decoding=\"async\" class=\"size-full wp-image-6950 entered lazyloaded aligncenter\" src=\"https:\/\/myliontech.com\/wp-content\/uploads\/2022\/04\/12v-7ah-battery-2.jpg\" sizes=\"(max-width: 750px) 100vw, 750px\" srcset=\"https:\/\/myliontech.com\/wp-content\/uploads\/2022\/04\/12v-7ah-battery-2.jpg 750w, https:\/\/myliontech.com\/wp-content\/uploads\/2022\/04\/12v-7ah-battery-2-600x507.jpg 600w, https:\/\/myliontech.com\/wp-content\/uploads\/2022\/04\/12v-7ah-battery-2-300x254.jpg 300w\" alt=\"\" width=\"750\" height=\"634\" data-lazy-srcset=\"https:\/\/myliontech.com\/wp-content\/uploads\/2022\/04\/12v-7ah-battery-2.jpg 750w, https:\/\/myliontech.com\/wp-content\/uploads\/2022\/04\/12v-7ah-battery-2-600x507.jpg 600w, https:\/\/myliontech.com\/wp-content\/uploads\/2022\/04\/12v-7ah-battery-2-300x254.jpg 300w\" data-lazy-sizes=\"(max-width: 750px) 100vw, 750px\" data-lazy-src=\"https:\/\/myliontech.com\/wp-content\/uploads\/2022\/04\/12v-7ah-battery-2.jpg\" data-ll-status=\"loaded\" \/>\u00a0<img class=\"size-full wp-image-6951 entered exited aligncenter\" alt=\"\" width=\"750\" height=\"772\" data-lazy-srcset=\"https:\/\/myliontech.com\/wp-content\/uploads\/2022\/04\/12v-7ah-battery-3.jpg 750w, https:\/\/myliontech.com\/wp-content\/uploads\/2022\/04\/12v-7ah-battery-3-600x618.jpg 600w, https:\/\/myliontech.com\/wp-content\/uploads\/2022\/04\/12v-7ah-battery-3-291x300.jpg 291w\" data-lazy-sizes=\"(max-width: 750px) 100vw, 750px\" data-lazy-src=\"https:\/\/myliontech.com\/wp-content\/uploads\/2022\/04\/12v-7ah-battery-3.jpg\" \/>\u00a0<img loading=\"lazy\" decoding=\"async\" class=\"size-full wp-image-6952 entered lazyloaded aligncenter\" src=\"https:\/\/myliontech.com\/wp-content\/uploads\/2022\/04\/12v-7ah-battery-4.jpg\" sizes=\"(max-width: 750px) 100vw, 750px\" srcset=\"https:\/\/myliontech.com\/wp-content\/uploads\/2022\/04\/12v-7ah-battery-4.jpg 750w, https:\/\/myliontech.com\/wp-content\/uploads\/2022\/04\/12v-7ah-battery-4-600x546.jpg 600w, https:\/\/myliontech.com\/wp-content\/uploads\/2022\/04\/12v-7ah-battery-4-300x273.jpg 300w\" alt=\"\" width=\"750\" height=\"683\" data-lazy-srcset=\"https:\/\/myliontech.com\/wp-content\/uploads\/2022\/04\/12v-7ah-battery-4.jpg 750w, https:\/\/myliontech.com\/wp-content\/uploads\/2022\/04\/12v-7ah-battery-4-600x546.jpg 600w, https:\/\/myliontech.com\/wp-content\/uploads\/2022\/04\/12v-7ah-battery-4-300x273.jpg 300w\" data-lazy-sizes=\"(max-width: 750px) 100vw, 750px\" data-lazy-src=\"https:\/\/myliontech.com\/wp-content\/uploads\/2022\/04\/12v-7ah-battery-4.jpg\" data-ll-status=\"loaded\" \/>\u00a0<img loading=\"lazy\" decoding=\"async\" class=\"size-full wp-image-6953 entered lazyloaded aligncenter\" src=\"https:\/\/myliontech.com\/wp-content\/uploads\/2022\/04\/12v-7ah-battery-5.jpg\" sizes=\"(max-width: 750px) 100vw, 750px\" srcset=\"https:\/\/myliontech.com\/wp-content\/uploads\/2022\/04\/12v-7ah-battery-5.jpg 750w, https:\/\/myliontech.com\/wp-content\/uploads\/2022\/04\/12v-7ah-battery-5-600x533.jpg 600w, https:\/\/myliontech.com\/wp-content\/uploads\/2022\/04\/12v-7ah-battery-5-300x266.jpg 300w\" alt=\"\" width=\"750\" height=\"666\" data-lazy-srcset=\"https:\/\/myliontech.com\/wp-content\/uploads\/2022\/04\/12v-7ah-battery-5.jpg 750w, https:\/\/myliontech.com\/wp-content\/uploads\/2022\/04\/12v-7ah-battery-5-600x533.jpg 600w, https:\/\/myliontech.com\/wp-content\/uploads\/2022\/04\/12v-7ah-battery-5-300x266.jpg 300w\" data-lazy-sizes=\"(max-width: 750px) 100vw, 750px\" data-lazy-src=\"https:\/\/myliontech.com\/wp-content\/uploads\/2022\/04\/12v-7ah-battery-5.jpg\" data-ll-status=\"loaded\" \/>\u00a0<img loading=\"lazy\" decoding=\"async\" class=\"size-full wp-image-6954 entered lazyloaded aligncenter\" src=\"https:\/\/myliontech.com\/wp-content\/uploads\/2022\/04\/12v-7ah-battery-6.jpg\" sizes=\"(max-width: 750px) 100vw, 750px\" srcset=\"https:\/\/myliontech.com\/wp-content\/uploads\/2022\/04\/12v-7ah-battery-6.jpg 750w, https:\/\/myliontech.com\/wp-content\/uploads\/2022\/04\/12v-7ah-battery-6-600x527.jpg 600w, https:\/\/myliontech.com\/wp-content\/uploads\/2022\/04\/12v-7ah-battery-6-300x264.jpg 300w\" alt=\"\" width=\"750\" height=\"659\" data-lazy-srcset=\"https:\/\/myliontech.com\/wp-content\/uploads\/2022\/04\/12v-7ah-battery-6.jpg 750w, https:\/\/myliontech.com\/wp-content\/uploads\/2022\/04\/12v-7ah-battery-6-600x527.jpg 600w, https:\/\/myliontech.com\/wp-content\/uploads\/2022\/04\/12v-7ah-battery-6-300x264.jpg 300w\" data-lazy-sizes=\"(max-width: 750px) 100vw, 750px\" data-lazy-src=\"https:\/\/myliontech.com\/wp-content\/uploads\/2022\/04\/12v-7ah-battery-6.jpg\" data-ll-status=\"loaded\" \/>\u00a0<img loading=\"lazy\" decoding=\"async\" class=\"size-full wp-image-6955 entered lazyloaded aligncenter\" src=\"https:\/\/myliontech.com\/wp-content\/uploads\/2022\/04\/12v-7ah-battery-7.jpg\" sizes=\"(max-width: 750px) 100vw, 750px\" srcset=\"https:\/\/myliontech.com\/wp-content\/uploads\/2022\/04\/12v-7ah-battery-7.jpg 750w, https:\/\/myliontech.com\/wp-content\/uploads\/2022\/04\/12v-7ah-battery-7-600x693.jpg 600w, https:\/\/myliontech.com\/wp-content\/uploads\/2022\/04\/12v-7ah-battery-7-260x300.jpg 260w\" alt=\"\" width=\"750\" height=\"866\" data-lazy-srcset=\"https:\/\/myliontech.com\/wp-content\/uploads\/2022\/04\/12v-7ah-battery-7.jpg 750w, https:\/\/myliontech.com\/wp-content\/uploads\/2022\/04\/12v-7ah-battery-7-600x693.jpg 600w, https:\/\/myliontech.com\/wp-content\/uploads\/2022\/04\/12v-7ah-battery-7-260x300.jpg 260w\" data-lazy-sizes=\"(max-width: 750px) 100vw, 750px\" data-lazy-src=\"https:\/\/myliontech.com\/wp-content\/uploads\/2022\/04\/12v-7ah-battery-7.jpg\" data-ll-status=\"loaded\" \/>\u00a0<img loading=\"lazy\" decoding=\"async\" class=\"size-full wp-image-6956 entered lazyloaded aligncenter\" src=\"https:\/\/myliontech.com\/wp-content\/uploads\/2022\/04\/12v-7ah-battery-8.jpg\" sizes=\"(max-width: 750px) 100vw, 750px\" srcset=\"https:\/\/myliontech.com\/wp-content\/uploads\/2022\/04\/12v-7ah-battery-8.jpg 750w, https:\/\/myliontech.com\/wp-content\/uploads\/2022\/04\/12v-7ah-battery-8-600x638.jpg 600w, https:\/\/myliontech.com\/wp-content\/uploads\/2022\/04\/12v-7ah-battery-8-282x300.jpg 282w\" alt=\"\" width=\"750\" height=\"798\" data-lazy-srcset=\"https:\/\/myliontech.com\/wp-content\/uploads\/2022\/04\/12v-7ah-battery-8.jpg 750w, https:\/\/myliontech.com\/wp-content\/uploads\/2022\/04\/12v-7ah-battery-8-600x638.jpg 600w, https:\/\/myliontech.com\/wp-content\/uploads\/2022\/04\/12v-7ah-battery-8-282x300.jpg 282w\" data-lazy-sizes=\"(max-width: 750px) 100vw, 750px\" data-lazy-src=\"https:\/\/myliontech.com\/wp-content\/uploads\/2022\/04\/12v-7ah-battery-8.jpg\" data-ll-status=\"loaded\" \/>\u00a0<img loading=\"lazy\" decoding=\"async\" class=\"size-full wp-image-6957 entered lazyloaded aligncenter\" src=\"https:\/\/myliontech.com\/wp-content\/uploads\/2022\/04\/12v-7ah-battery-9.jpg\" sizes=\"(max-width: 750px) 100vw, 750px\" srcset=\"https:\/\/myliontech.com\/wp-content\/uploads\/2022\/04\/12v-7ah-battery-9.jpg 750w, https:\/\/myliontech.com\/wp-content\/uploads\/2022\/04\/12v-7ah-battery-9-600x998.jpg 600w, https:\/\/myliontech.com\/wp-content\/uploads\/2022\/04\/12v-7ah-battery-9-180x300.jpg 180w, https:\/\/myliontech.com\/wp-content\/uploads\/2022\/04\/12v-7ah-battery-9-615x1024.jpg 615w\" alt=\"\" width=\"750\" height=\"1248\" data-lazy-srcset=\"https:\/\/myliontech.com\/wp-content\/uploads\/2022\/04\/12v-7ah-battery-9.jpg 750w, https:\/\/myliontech.com\/wp-content\/uploads\/2022\/04\/12v-7ah-battery-9-600x998.jpg 600w, https:\/\/myliontech.com\/wp-content\/uploads\/2022\/04\/12v-7ah-battery-9-180x300.jpg 180w, https:\/\/myliontech.com\/wp-content\/uploads\/2022\/04\/12v-7ah-battery-9-615x1024.jpg 615w\" data-lazy-sizes=\"(max-width: 750px) 100vw, 750px\" data-lazy-src=\"https:\/\/myliontech.com\/wp-content\/uploads\/2022\/04\/12v-7ah-battery-9.jpg\" data-ll-status=\"loaded\" \/>\u00a0<img loading=\"lazy\" decoding=\"async\" class=\"size-full wp-image-6958 entered lazyloaded aligncenter\" src=\"https:\/\/myliontech.com\/wp-content\/uploads\/2022\/04\/12v-7ah-battery-10.jpg\" sizes=\"(max-width: 750px) 100vw, 750px\" srcset=\"https:\/\/myliontech.com\/wp-content\/uploads\/2022\/04\/12v-7ah-battery-10.jpg 750w, https:\/\/myliontech.com\/wp-content\/uploads\/2022\/04\/12v-7ah-battery-10-600x660.jpg 600w, https:\/\/myliontech.com\/wp-content\/uploads\/2022\/04\/12v-7ah-battery-10-273x300.jpg 273w\" alt=\"\" width=\"750\" height=\"825\" data-lazy-srcset=\"https:\/\/myliontech.com\/wp-content\/uploads\/2022\/04\/12v-7ah-battery-10.jpg 750w, https:\/\/myliontech.com\/wp-content\/uploads\/2022\/04\/12v-7ah-battery-10-600x660.jpg 600w, https:\/\/myliontech.com\/wp-content\/uploads\/2022\/04\/12v-7ah-battery-10-273x300.jpg 273w\" data-lazy-sizes=\"(max-width: 750px) 100vw, 750px\" data-lazy-src=\"https:\/\/myliontech.com\/wp-content\/uploads\/2022\/04\/12v-7ah-battery-10.jpg\" data-ll-status=\"loaded\" \/>\u00a0<img loading=\"lazy\" decoding=\"async\" class=\"size-full wp-image-6959 entered lazyloaded aligncenter\" src=\"https:\/\/myliontech.com\/wp-content\/uploads\/2022\/04\/12v-7ah-battery-11.jpg\" sizes=\"(max-width: 750px) 100vw, 750px\" srcset=\"https:\/\/myliontech.com\/wp-content\/uploads\/2022\/04\/12v-7ah-battery-11.jpg 750w, https:\/\/myliontech.com\/wp-content\/uploads\/2022\/04\/12v-7ah-battery-11-600x410.jpg 600w, https:\/\/myliontech.com\/wp-content\/uploads\/2022\/04\/12v-7ah-battery-11-300x205.jpg 300w\" alt=\"\" width=\"750\" height=\"512\" data-lazy-srcset=\"https:\/\/myliontech.com\/wp-content\/uploads\/2022\/04\/12v-7ah-battery-11.jpg 750w, https:\/\/myliontech.com\/wp-content\/uploads\/2022\/04\/12v-7ah-battery-11-600x410.jpg 600w, https:\/\/myliontech.com\/wp-content\/uploads\/2022\/04\/12v-7ah-battery-11-300x205.jpg 300w\" data-lazy-sizes=\"(max-width: 750px) 100vw, 750px\" data-lazy-src=\"https:\/\/myliontech.com\/wp-content\/uploads\/2022\/04\/12v-7ah-battery-11.jpg\" data-ll-status=\"loaded\" \/><\/p>","protected":false},"excerpt":{"rendered":"<p>Stilbezeichnung:LiFe PO4 Akku 12V12Ah<br \/>\nNormale Kapazit\u00e4t: 12 Ah<br \/>\nNennspannung: 12V<br \/>\nMaximale Ladespannung: 14,6 V<br \/>\nMaximaler kontinuierlicher Entladestrom: 10 A.<br \/>\nLadestrom: 3A<br \/>\nAusgangsleistung: 144W<br \/>\nLade-\/Entladeanschluss: DC.5.5\u00d72.1\/DC.5.5\u00d72.5<br \/>\nKunststoffgeh\u00e4use: Metallplatte (Rot + Schwarz-)<br \/>\nBatterieabmessungen (mm): L150 x B95 x H98 mm<br \/>\nGewicht: ca. 1,2 kg<\/p>","protected":false},"featured_media":1032,"template":"","meta":[],"product_brand":[],"product_cat":[45,23],"product_tag":[],"class_list":{"0":"post-1031","1":"product","2":"type-product","3":"status-publish","4":"has-post-thumbnail","6":"product_cat-12v-12ah","7":"product_cat-home-page-products","9":"first","10":"instock","11":"shipping-taxable","12":"product-type-simple"},"yoast_head":"<!-- This site is optimized with the Yoast SEO plugin v26.1.1 - https:\/\/yoast.com\/wordpress\/plugins\/seo\/ -->\n<title>Mylion 12V 12Ah LiFe PO4 Replacement Of Lead Acid Battery Energy Storage battery for Telecom - mylionbattery<\/title>\n<meta name=\"description\" content=\"Discover Mylion Battery&#039;s innovative battery solutions, including mini UPS systems and lithium-ion batteries. Offering high-quality, customizable products designed with advanced technology to deliver exceptional performance and reliability for global markets.\" \/>\n<meta name=\"robots\" content=\"index, follow, max-snippet:-1, max-image-preview:large, max-video-preview:-1\" \/>\n<link rel=\"canonical\" href=\"https:\/\/mylionbattery.com\/de\/produit\/mylion-12v-7ah-life-po4-replacement-of-lead-acid-battery-energy-storage-battery-for-telecom\/\" \/>\n<meta property=\"og:locale\" content=\"de_DE\" \/>\n<meta property=\"og:type\" content=\"article\" \/>\n<meta property=\"og:title\" content=\"Mylion 12V 12Ah LiFe PO4 Replacement Of Lead Acid Battery Energy Storage battery for Telecom - mylionbattery\" \/>\n<meta property=\"og:description\" content=\"Discover Mylion Battery&#039;s innovative battery solutions, including mini UPS systems and lithium-ion batteries. Offering high-quality, customizable products designed with advanced technology to deliver exceptional performance and reliability for global markets.\" \/>\n<meta property=\"og:url\" content=\"https:\/\/mylionbattery.com\/de\/produit\/mylion-12v-7ah-life-po4-replacement-of-lead-acid-battery-energy-storage-battery-for-telecom\/\" \/>\n<meta property=\"og:site_name\" content=\"mylionbattery\" \/>\n<meta property=\"article:modified_time\" content=\"2024-09-20T03:44:10+00:00\" \/>\n<meta property=\"og:image\" content=\"https:\/\/mylionbattery.com\/wp-content\/uploads\/2024\/09\/12v-lifepo4-battery-10.jpg\" \/>\n\t<meta property=\"og:image:width\" content=\"1000\" \/>\n\t<meta property=\"og:image:height\" content=\"1000\" \/>\n\t<meta property=\"og:image:type\" content=\"image\/jpeg\" \/>\n<meta name=\"twitter:card\" content=\"summary_large_image\" \/>\n<meta name=\"twitter:label1\" content=\"Gesch\u00e4tzte Lesezeit\" \/>\n\t<meta name=\"twitter:data1\" content=\"1\u00a0Minute\" \/>\n<script type=\"application\/ld+json\" class=\"yoast-schema-graph\">{\"@context\":\"https:\/\/schema.org\",\"@graph\":[{\"@type\":\"WebPage\",\"@id\":\"https:\/\/mylionbattery.com\/fr\/produit\/mylion-12v-7ah-life-po4-replacement-of-lead-acid-battery-energy-storage-battery-for-telecom\/\",\"url\":\"https:\/\/mylionbattery.com\/fr\/produit\/mylion-12v-7ah-life-po4-replacement-of-lead-acid-battery-energy-storage-battery-for-telecom\/\",\"name\":\"Mylion 12V 12Ah LiFe PO4 Replacement Of Lead Acid Battery Energy Storage battery for Telecom - mylionbattery\",\"isPartOf\":{\"@id\":\"https:\/\/mylionbattery.com\/#website\"},\"primaryImageOfPage\":{\"@id\":\"https:\/\/mylionbattery.com\/fr\/produit\/mylion-12v-7ah-life-po4-replacement-of-lead-acid-battery-energy-storage-battery-for-telecom\/#primaryimage\"},\"image\":{\"@id\":\"https:\/\/mylionbattery.com\/fr\/produit\/mylion-12v-7ah-life-po4-replacement-of-lead-acid-battery-energy-storage-battery-for-telecom\/#primaryimage\"},\"thumbnailUrl\":\"https:\/\/mylionbattery.com\/wp-content\/uploads\/2024\/09\/12v-lifepo4-battery-10.jpg\",\"datePublished\":\"2024-09-20T02:43:58+00:00\",\"dateModified\":\"2024-09-20T03:44:10+00:00\",\"description\":\"Discover Mylion Battery's innovative battery solutions, including mini UPS systems and lithium-ion batteries. Offering high-quality, customizable products designed with advanced technology to deliver exceptional performance and reliability for global markets.\",\"breadcrumb\":{\"@id\":\"https:\/\/mylionbattery.com\/fr\/produit\/mylion-12v-7ah-life-po4-replacement-of-lead-acid-battery-energy-storage-battery-for-telecom\/#breadcrumb\"},\"inLanguage\":\"de\",\"potentialAction\":[{\"@type\":\"ReadAction\",\"target\":[\"https:\/\/mylionbattery.com\/fr\/produit\/mylion-12v-7ah-life-po4-replacement-of-lead-acid-battery-energy-storage-battery-for-telecom\/\"]}]},{\"@type\":\"ImageObject\",\"inLanguage\":\"de\",\"@id\":\"https:\/\/mylionbattery.com\/fr\/produit\/mylion-12v-7ah-life-po4-replacement-of-lead-acid-battery-energy-storage-battery-for-telecom\/#primaryimage\",\"url\":\"https:\/\/mylionbattery.com\/wp-content\/uploads\/2024\/09\/12v-lifepo4-battery-10.jpg\",\"contentUrl\":\"https:\/\/mylionbattery.com\/wp-content\/uploads\/2024\/09\/12v-lifepo4-battery-10.jpg\",\"width\":1000,\"height\":1000},{\"@type\":\"BreadcrumbList\",\"@id\":\"https:\/\/mylionbattery.com\/fr\/produit\/mylion-12v-7ah-life-po4-replacement-of-lead-acid-battery-energy-storage-battery-for-telecom\/#breadcrumb\",\"itemListElement\":[{\"@type\":\"ListItem\",\"position\":1,\"name\":\"\u9996\u9875\",\"item\":\"https:\/\/mylionbattery.com\/\"},{\"@type\":\"ListItem\",\"position\":2,\"name\":\"Products\",\"item\":\"https:\/\/mylionbattery.com\/products\/\"},{\"@type\":\"ListItem\",\"position\":3,\"name\":\"Mylion 12V 12Ah LiFe PO4 Replacement Of Lead Acid Battery Energy Storage battery for Telecom\"}]},{\"@type\":\"WebSite\",\"@id\":\"https:\/\/mylionbattery.com\/#website\",\"url\":\"https:\/\/mylionbattery.com\/\",\"name\":\"Mylionbattery\",\"description\":\"mylionbattery\",\"publisher\":{\"@id\":\"https:\/\/mylionbattery.com\/#organization\"},\"potentialAction\":[{\"@type\":\"SearchAction\",\"target\":{\"@type\":\"EntryPoint\",\"urlTemplate\":\"https:\/\/mylionbattery.com\/?s={search_term_string}\"},\"query-input\":{\"@type\":\"PropertyValueSpecification\",\"valueRequired\":true,\"valueName\":\"search_term_string\"}}],\"inLanguage\":\"de\"},{\"@type\":\"Organization\",\"@id\":\"https:\/\/mylionbattery.com\/#organization\",\"name\":\"Mylionbattery\",\"url\":\"https:\/\/mylionbattery.com\/\",\"logo\":{\"@type\":\"ImageObject\",\"inLanguage\":\"de\",\"@id\":\"https:\/\/mylionbattery.com\/#\/schema\/logo\/image\/\",\"url\":\"http:\/\/mylionbattery.com\/wp-content\/uploads\/2024\/09\/\u767d\u5e95mylion-logo\u6b63\u65b9\u5f62.png\",\"contentUrl\":\"http:\/\/mylionbattery.com\/wp-content\/uploads\/2024\/09\/\u767d\u5e95mylion-logo\u6b63\u65b9\u5f62.png\",\"width\":600,\"height\":600,\"caption\":\"Mylionbattery\"},\"image\":{\"@id\":\"https:\/\/mylionbattery.com\/#\/schema\/logo\/image\/\"}}]}<\/script>\n<!-- \/ Yoast SEO plugin. -->","yoast_head_json":{"title":"Mylion 12V 12Ah LiFe PO4 Replacement Of Lead Acid Battery Energy Storage battery for Telecom - mylionbattery","description":"Discover Mylion Battery's innovative battery solutions, including mini UPS systems and lithium-ion batteries. Offering high-quality, customizable products designed with advanced technology to deliver exceptional performance and reliability for global markets.","robots":{"index":"index","follow":"follow","max-snippet":"max-snippet:-1","max-image-preview":"max-image-preview:large","max-video-preview":"max-video-preview:-1"},"canonical":"https:\/\/mylionbattery.com\/de\/produit\/mylion-12v-7ah-life-po4-replacement-of-lead-acid-battery-energy-storage-battery-for-telecom\/","og_locale":"de_DE","og_type":"article","og_title":"Mylion 12V 12Ah LiFe PO4 Replacement Of Lead Acid Battery Energy Storage battery for Telecom - mylionbattery","og_description":"Discover Mylion Battery's innovative battery solutions, including mini UPS systems and lithium-ion batteries. Offering high-quality, customizable products designed with advanced technology to deliver exceptional performance and reliability for global markets.","og_url":"https:\/\/mylionbattery.com\/de\/produit\/mylion-12v-7ah-life-po4-replacement-of-lead-acid-battery-energy-storage-battery-for-telecom\/","og_site_name":"mylionbattery","article_modified_time":"2024-09-20T03:44:10+00:00","og_image":[{"width":1000,"height":1000,"url":"https:\/\/mylionbattery.com\/wp-content\/uploads\/2024\/09\/12v-lifepo4-battery-10.jpg","type":"image\/jpeg"}],"twitter_card":"summary_large_image","twitter_misc":{"Gesch\u00e4tzte Lesezeit":"1\u00a0Minute"},"schema":{"@context":"https:\/\/schema.org","@graph":[{"@type":"WebPage","@id":"https:\/\/mylionbattery.com\/fr\/produit\/mylion-12v-7ah-life-po4-replacement-of-lead-acid-battery-energy-storage-battery-for-telecom\/","url":"https:\/\/mylionbattery.com\/fr\/produit\/mylion-12v-7ah-life-po4-replacement-of-lead-acid-battery-energy-storage-battery-for-telecom\/","name":"Mylion 12V 12Ah LiFe PO4 Replacement Of Lead Acid Battery Energy Storage battery for Telecom - mylionbattery","isPartOf":{"@id":"https:\/\/mylionbattery.com\/#website"},"primaryImageOfPage":{"@id":"https:\/\/mylionbattery.com\/fr\/produit\/mylion-12v-7ah-life-po4-replacement-of-lead-acid-battery-energy-storage-battery-for-telecom\/#primaryimage"},"image":{"@id":"https:\/\/mylionbattery.com\/fr\/produit\/mylion-12v-7ah-life-po4-replacement-of-lead-acid-battery-energy-storage-battery-for-telecom\/#primaryimage"},"thumbnailUrl":"https:\/\/mylionbattery.com\/wp-content\/uploads\/2024\/09\/12v-lifepo4-battery-10.jpg","datePublished":"2024-09-20T02:43:58+00:00","dateModified":"2024-09-20T03:44:10+00:00","description":"Discover Mylion Battery's innovative battery solutions, including mini UPS systems and lithium-ion batteries. Offering high-quality, customizable products designed with advanced technology to deliver exceptional performance and reliability for global markets.","breadcrumb":{"@id":"https:\/\/mylionbattery.com\/fr\/produit\/mylion-12v-7ah-life-po4-replacement-of-lead-acid-battery-energy-storage-battery-for-telecom\/#breadcrumb"},"inLanguage":"de","potentialAction":[{"@type":"ReadAction","target":["https:\/\/mylionbattery.com\/fr\/produit\/mylion-12v-7ah-life-po4-replacement-of-lead-acid-battery-energy-storage-battery-for-telecom\/"]}]},{"@type":"ImageObject","inLanguage":"de","@id":"https:\/\/mylionbattery.com\/fr\/produit\/mylion-12v-7ah-life-po4-replacement-of-lead-acid-battery-energy-storage-battery-for-telecom\/#primaryimage","url":"https:\/\/mylionbattery.com\/wp-content\/uploads\/2024\/09\/12v-lifepo4-battery-10.jpg","contentUrl":"https:\/\/mylionbattery.com\/wp-content\/uploads\/2024\/09\/12v-lifepo4-battery-10.jpg","width":1000,"height":1000},{"@type":"BreadcrumbList","@id":"https:\/\/mylionbattery.com\/fr\/produit\/mylion-12v-7ah-life-po4-replacement-of-lead-acid-battery-energy-storage-battery-for-telecom\/#breadcrumb","itemListElement":[{"@type":"ListItem","position":1,"name":"\u9996\u9875","item":"https:\/\/mylionbattery.com\/"},{"@type":"ListItem","position":2,"name":"Products","item":"https:\/\/mylionbattery.com\/products\/"},{"@type":"ListItem","position":3,"name":"Mylion 12V 12Ah LiFe PO4 Replacement Of Lead Acid Battery Energy Storage battery for Telecom"}]},{"@type":"WebSite","@id":"https:\/\/mylionbattery.com\/#website","url":"https:\/\/mylionbattery.com\/","name":"Mylionbattery","description":"mylionbattery","publisher":{"@id":"https:\/\/mylionbattery.com\/#organization"},"potentialAction":[{"@type":"SearchAction","target":{"@type":"EntryPoint","urlTemplate":"https:\/\/mylionbattery.com\/?s={search_term_string}"},"query-input":{"@type":"PropertyValueSpecification","valueRequired":true,"valueName":"search_term_string"}}],"inLanguage":"de"},{"@type":"Organization","@id":"https:\/\/mylionbattery.com\/#organization","name":"Mylionbattery","url":"https:\/\/mylionbattery.com\/","logo":{"@type":"ImageObject","inLanguage":"de","@id":"https:\/\/mylionbattery.com\/#\/schema\/logo\/image\/","url":"http:\/\/mylionbattery.com\/wp-content\/uploads\/2024\/09\/\u767d\u5e95mylion-logo\u6b63\u65b9\u5f62.png","contentUrl":"http:\/\/mylionbattery.com\/wp-content\/uploads\/2024\/09\/\u767d\u5e95mylion-logo\u6b63\u65b9\u5f62.png","width":600,"height":600,"caption":"Mylionbattery"},"image":{"@id":"https:\/\/mylionbattery.com\/#\/schema\/logo\/image\/"}}]}},"_links":{"self":[{"href":"https:\/\/mylionbattery.com\/de\/wp-json\/wp\/v2\/product\/1031","targetHints":{"allow":["GET"]}}],"collection":[{"href":"https:\/\/mylionbattery.com\/de\/wp-json\/wp\/v2\/product"}],"about":[{"href":"https:\/\/mylionbattery.com\/de\/wp-json\/wp\/v2\/types\/product"}],"version-history":[{"count":2,"href":"https:\/\/mylionbattery.com\/de\/wp-json\/wp\/v2\/product\/1031\/revisions"}],"predecessor-version":[{"id":1034,"href":"https:\/\/mylionbattery.com\/de\/wp-json\/wp\/v2\/product\/1031\/revisions\/1034"}],"wp:featuredmedia":[{"embeddable":true,"href":"https:\/\/mylionbattery.com\/de\/wp-json\/wp\/v2\/media\/1032"}],"wp:attachment":[{"href":"https:\/\/mylionbattery.com\/de\/wp-json\/wp\/v2\/media?parent=1031"}],"wp:term":[{"taxonomy":"product_brand","embeddable":true,"href":"https:\/\/mylionbattery.com\/de\/wp-json\/wp\/v2\/product_brand?post=1031"},{"taxonomy":"product_cat","embeddable":true,"href":"https:\/\/mylionbattery.com\/de\/wp-json\/wp\/v2\/product_cat?post=1031"},{"taxonomy":"product_tag","embeddable":true,"href":"https:\/\/mylionbattery.com\/de\/wp-json\/wp\/v2\/product_tag?post=1031"}],"curies":[{"name":"wp","href":"https:\/\/api.w.org\/{rel}","templated":true}]}}