{"id":1035,"date":"2024-09-20T03:44:39","date_gmt":"2024-09-20T03:44:39","guid":{"rendered":"https:\/\/lightyellow-sardine-891901.hostingersite.com\/?post_type=product&#038;p=1035"},"modified":"2025-07-22T06:37:20","modified_gmt":"2025-07-22T06:37:20","slug":"mylion-12v50ah-lifepo4-lithium-battery-for-electric-golf-trolley-cart-parts","status":"publish","type":"product","link":"https:\/\/mylionbattery.com\/de\/produkt\/mylion-12v50ah-lifepo4-lithium-battery-for-electric-golf-trolley-cart-parts\/","title":{"rendered":"Mylion 12V50Ah LiFePO4 Lithiumbatterie f\u00fcr Teile von elektrischen Golftrolleys\/Golfwagen"},"content":{"rendered":"<p>Mylion 12V 50Ah LiFePO4 Lithiumbatterie f\u00fcr Teile von elektrischen Golftrolleys\/Golfwagen<\/p>\n<table width=\"925\">\n<tbody>\n<tr>\n<td colspan=\"2\" width=\"925\">Alle der folgenden Informationen sind korrekt und ECHT.<\/td>\n<\/tr>\n<tr>\n<td>Produktname<\/td>\n<td>Lithium-Eisenphosphat-Akkupack, Lifepo4-Akkus<\/td>\n<\/tr>\n<tr>\n<td>Stilname<\/td>\n<td>LiFe PO4 Akku 12V50Ah Solarbatterie<\/td>\n<\/tr>\n<tr>\n<td>Normale Kapazit\u00e4t<\/td>\n<td>50 Ah<\/td>\n<\/tr>\n<tr>\n<td>Nennspannung<\/td>\n<td>12V<\/td>\n<\/tr>\n<tr>\n<td>Maximale Ladespannung<\/td>\n<td>14,6 V<\/td>\n<\/tr>\n<tr>\n<td>Entladeschlussspannung<\/td>\n<td>10 V<\/td>\n<\/tr>\n<tr>\n<td>Max. Dauer-Entladestrom<\/td>\n<td>20A<\/td>\n<\/tr>\n<tr>\n<td>Ladestrom<\/td>\n<td>10 A max.<\/td>\n<\/tr>\n<tr>\n<td>Ausgangsleistung<\/td>\n<td>600 W<\/td>\n<\/tr>\n<tr>\n<td rowspan=\"2\">Arbeitszeit<\/td>\n<td>Ausgang 12 V 0,5 A (6 W): ca. 100 Stunden<\/td>\n<\/tr>\n<tr>\n<td>Ausgang 12 V 1,0 A (12 W): ca. 50 Stunden<\/td>\n<\/tr>\n<tr>\n<td>Ladeanschluss (IN)<\/td>\n<td rowspan=\"2\">Metallplatte (Rot+Schwarz-)<\/td>\n<\/tr>\n<tr>\n<td>Auslass\u00f6ffnung (OUT)<\/td>\n<\/tr>\n<tr>\n<td>Abmessungen des Batteriegeh\u00e4uses (mm)<\/td>\n<td>L229xB138xH208mm<\/td>\n<\/tr>\n<tr>\n<td>Gewicht<\/td>\n<td>Ca. 5 kg<\/td>\n<\/tr>\n<tr>\n<td>Batteriezellenmarke<\/td>\n<td>Chinesische Markenzelle<\/td>\n<\/tr>\n<tr>\n<td>Batterieschutz<\/td>\n<td>\u00dcberladung\/-entladung, \u00dcberstrom, Kurzschluss<\/td>\n<\/tr>\n<tr>\n<td>Lebensdauer<\/td>\n<td>Standard-Lade- und Entladekapazit\u00e4t \u226580% C5mAh, Zyklenlebensdauer \u22651500<\/td>\n<\/tr>\n<tr>\n<td>Anwendung<\/td>\n<td width=\"584\">Beleuchtung, Gartenspritze, Au\u00dfeninstrument, T\u00fcrsteuerung, Solar-LED, Ersatz f\u00fcr 12-V-Bleibatterien usw.<\/td>\n<\/tr>\n<tr>\n<td>Paket<\/td>\n<td>1 St\u00fcck im Karton (15 x 29 x 37 cm), ca. 6,5 kg\/Karton<\/td>\n<\/tr>\n<tr>\n<td>Garantie<\/td>\n<td>12 Monate<\/td>\n<\/tr>\n<\/tbody>\n<\/table>\n<p><img fetchpriority=\"high\" decoding=\"async\" class=\"size-full wp-image-1016 aligncenter\" src=\"http:\/\/mylionbattery.com\/wp-content\/uploads\/2024\/09\/lifepo4-12v100ah-2.jpg\" alt=\"\" width=\"750\" height=\"948\" srcset=\"https:\/\/mylionbattery.com\/wp-content\/uploads\/2024\/09\/lifepo4-12v100ah-2.jpg 750w, https:\/\/mylionbattery.com\/wp-content\/uploads\/2024\/09\/lifepo4-12v100ah-2-237x300.jpg 237w, https:\/\/mylionbattery.com\/wp-content\/uploads\/2024\/09\/lifepo4-12v100ah-2-9x12.jpg 9w, https:\/\/mylionbattery.com\/wp-content\/uploads\/2024\/09\/lifepo4-12v100ah-2-600x758.jpg 600w\" sizes=\"(max-width: 750px) 100vw, 750px\" \/><\/p>\n<p><img decoding=\"async\" class=\"size-full wp-image-1017 aligncenter\" src=\"http:\/\/mylionbattery.com\/wp-content\/uploads\/2024\/09\/lifepo4-12v100ah-3.jpg\" alt=\"\" width=\"750\" height=\"948\" srcset=\"https:\/\/mylionbattery.com\/wp-content\/uploads\/2024\/09\/lifepo4-12v100ah-3.jpg 750w, https:\/\/mylionbattery.com\/wp-content\/uploads\/2024\/09\/lifepo4-12v100ah-3-237x300.jpg 237w, https:\/\/mylionbattery.com\/wp-content\/uploads\/2024\/09\/lifepo4-12v100ah-3-9x12.jpg 9w, https:\/\/mylionbattery.com\/wp-content\/uploads\/2024\/09\/lifepo4-12v100ah-3-600x758.jpg 600w\" sizes=\"(max-width: 750px) 100vw, 750px\" \/><\/p>\n<p><img decoding=\"async\" class=\"size-full wp-image-1018 aligncenter\" src=\"http:\/\/mylionbattery.com\/wp-content\/uploads\/2024\/09\/lifepo4-12v100ah-4.jpg\" alt=\"\" width=\"750\" height=\"1228\" srcset=\"https:\/\/mylionbattery.com\/wp-content\/uploads\/2024\/09\/lifepo4-12v100ah-4.jpg 750w, https:\/\/mylionbattery.com\/wp-content\/uploads\/2024\/09\/lifepo4-12v100ah-4-183x300.jpg 183w, https:\/\/mylionbattery.com\/wp-content\/uploads\/2024\/09\/lifepo4-12v100ah-4-625x1024.jpg 625w, https:\/\/mylionbattery.com\/wp-content\/uploads\/2024\/09\/lifepo4-12v100ah-4-7x12.jpg 7w, https:\/\/mylionbattery.com\/wp-content\/uploads\/2024\/09\/lifepo4-12v100ah-4-600x982.jpg 600w\" sizes=\"(max-width: 750px) 100vw, 750px\" \/><\/p>\n<p><img loading=\"lazy\" decoding=\"async\" class=\"size-full wp-image-1019 aligncenter\" src=\"http:\/\/mylionbattery.com\/wp-content\/uploads\/2024\/09\/lifepo4-12v100ah-5.jpg\" alt=\"\" width=\"750\" height=\"847\" srcset=\"https:\/\/mylionbattery.com\/wp-content\/uploads\/2024\/09\/lifepo4-12v100ah-5.jpg 750w, https:\/\/mylionbattery.com\/wp-content\/uploads\/2024\/09\/lifepo4-12v100ah-5-266x300.jpg 266w, https:\/\/mylionbattery.com\/wp-content\/uploads\/2024\/09\/lifepo4-12v100ah-5-11x12.jpg 11w, https:\/\/mylionbattery.com\/wp-content\/uploads\/2024\/09\/lifepo4-12v100ah-5-600x678.jpg 600w\" sizes=\"(max-width: 750px) 100vw, 750px\" \/><\/p>\n<p><img loading=\"lazy\" decoding=\"async\" class=\"size-full wp-image-1020 aligncenter\" src=\"http:\/\/mylionbattery.com\/wp-content\/uploads\/2024\/09\/lifepo4-12v100ah-6.jpg\" alt=\"\" width=\"750\" height=\"655\" srcset=\"https:\/\/mylionbattery.com\/wp-content\/uploads\/2024\/09\/lifepo4-12v100ah-6.jpg 750w, https:\/\/mylionbattery.com\/wp-content\/uploads\/2024\/09\/lifepo4-12v100ah-6-300x262.jpg 300w, https:\/\/mylionbattery.com\/wp-content\/uploads\/2024\/09\/lifepo4-12v100ah-6-14x12.jpg 14w, https:\/\/mylionbattery.com\/wp-content\/uploads\/2024\/09\/lifepo4-12v100ah-6-600x524.jpg 600w\" sizes=\"(max-width: 750px) 100vw, 750px\" \/> <img loading=\"lazy\" decoding=\"async\" class=\"size-full wp-image-1021 aligncenter\" src=\"http:\/\/mylionbattery.com\/wp-content\/uploads\/2024\/09\/lifepo4-12v100ah-7.jpg\" alt=\"\" width=\"750\" height=\"684\" srcset=\"https:\/\/mylionbattery.com\/wp-content\/uploads\/2024\/09\/lifepo4-12v100ah-7.jpg 750w, https:\/\/mylionbattery.com\/wp-content\/uploads\/2024\/09\/lifepo4-12v100ah-7-300x274.jpg 300w, https:\/\/mylionbattery.com\/wp-content\/uploads\/2024\/09\/lifepo4-12v100ah-7-13x12.jpg 13w, https:\/\/mylionbattery.com\/wp-content\/uploads\/2024\/09\/lifepo4-12v100ah-7-600x547.jpg 600w\" sizes=\"(max-width: 750px) 100vw, 750px\" \/> <img loading=\"lazy\" decoding=\"async\" class=\"size-full wp-image-1022 aligncenter\" src=\"http:\/\/mylionbattery.com\/wp-content\/uploads\/2024\/09\/lifepo4-12v100ah-8.jpg\" alt=\"\" width=\"750\" height=\"867\" srcset=\"https:\/\/mylionbattery.com\/wp-content\/uploads\/2024\/09\/lifepo4-12v100ah-8.jpg 750w, https:\/\/mylionbattery.com\/wp-content\/uploads\/2024\/09\/lifepo4-12v100ah-8-260x300.jpg 260w, https:\/\/mylionbattery.com\/wp-content\/uploads\/2024\/09\/lifepo4-12v100ah-8-10x12.jpg 10w, https:\/\/mylionbattery.com\/wp-content\/uploads\/2024\/09\/lifepo4-12v100ah-8-600x694.jpg 600w\" sizes=\"(max-width: 750px) 100vw, 750px\" \/><\/p>\n<p>&nbsp;<\/p>","protected":false},"excerpt":{"rendered":"<ul class=\"ul1\">\n<li class=\"li1\">Typ: LFP1250 Bleiakku-Ersatz<\/li>\n<li class=\"li1\">Produktname: 12V 50ah LiFe PO4 Lithium-Ionen-Akku Backup-Speicher Solarbatterie<\/li>\n<li class=\"li1\">Abmessungen des schwarzen Geh\u00e4uses: 229 x 138 x 208 mm<\/li>\n<li class=\"li1\">Gewicht: ca. 5kg<\/li>\n<li>Batteriespannung: 12 V Lithium-Ionen-Batterie<\/li>\n<li class=\"li1\">Batteriekapazit\u00e4t: 50 Ah Lebensdauer Po4 Batterie<\/li>\n<li class=\"li1\">Lebensdauer: \u00fcber 2000 Zyklen 70%DOD<\/li>\n<li class=\"li1\">Anwendung: Solarstromspeicher<span class=\"s2\">,<\/span>\u00a0Elektrofahrzeug<span class=\"s2\">,<\/span>\u00a0ups<span class=\"s2\">,<\/span>Kraftwerk<\/li>\n<li class=\"li1\">Merkmal: Hohe Leistung und Kapazit\u00e4t<span class=\"s2\">,<\/span>\u00a0sicher<span class=\"s2\">,<\/span>\u00a0lange Lebensdauer<span class=\"s2\">,<\/span>\u00a0Gr\u00fcn<span class=\"s2\">,<\/span>\u00a0umweltfreundlich<span class=\"s2\">,<\/span>\u00a0gute Leistung bei hohen Temperaturen<\/li>\n<\/ul>","protected":false},"featured_media":1037,"template":"","meta":[],"product_brand":[],"product_cat":[46,29],"product_tag":[111],"class_list":{"0":"post-1035","1":"product","2":"type-product","3":"status-publish","4":"has-post-thumbnail","6":"product_cat-12v-50ah","7":"product_cat-12v-lifep04-battery","8":"product_tag-for-home-telecom-industry-energy-that-lasts","10":"first","11":"instock","12":"shipping-taxable","13":"product-type-simple"},"yoast_head":"<!-- This site is optimized with the Yoast SEO plugin v26.1.1 - https:\/\/yoast.com\/wordpress\/plugins\/seo\/ -->\n<title>Mylion 12V50Ah LiFePO4 Lithium Battery for Electric Golf Trolley\/Cart Parts - mylionbattery<\/title>\n<meta name=\"description\" content=\"Discover Mylion Battery&#039;s innovative battery solutions, including mini UPS systems and lithium-ion batteries. Offering high-quality, customizable products designed with advanced technology to deliver exceptional performance and reliability for global markets.\" \/>\n<meta name=\"robots\" content=\"index, follow, max-snippet:-1, max-image-preview:large, max-video-preview:-1\" \/>\n<link rel=\"canonical\" href=\"https:\/\/mylionbattery.com\/de\/produkt\/mylion-12v50ah-lifepo4-lithium-battery-for-electric-golf-trolley-cart-parts\/\" \/>\n<meta property=\"og:locale\" content=\"de_DE\" \/>\n<meta property=\"og:type\" content=\"article\" \/>\n<meta property=\"og:title\" content=\"Mylion 12V50Ah LiFePO4 Lithium Battery for Electric Golf Trolley\/Cart Parts - mylionbattery\" \/>\n<meta property=\"og:description\" content=\"Discover Mylion Battery&#039;s innovative battery solutions, including mini UPS systems and lithium-ion batteries. Offering high-quality, customizable products designed with advanced technology to deliver exceptional performance and reliability for global markets.\" \/>\n<meta property=\"og:url\" content=\"https:\/\/mylionbattery.com\/de\/produkt\/mylion-12v50ah-lifepo4-lithium-battery-for-electric-golf-trolley-cart-parts\/\" \/>\n<meta property=\"og:site_name\" content=\"mylionbattery\" \/>\n<meta property=\"article:modified_time\" content=\"2025-07-22T06:37:20+00:00\" \/>\n<meta property=\"og:image\" content=\"https:\/\/mylionbattery.com\/wp-content\/uploads\/2024\/09\/LFP12V50AH.jpg\" \/>\n\t<meta property=\"og:image:width\" content=\"725\" \/>\n\t<meta property=\"og:image:height\" content=\"669\" \/>\n\t<meta property=\"og:image:type\" content=\"image\/jpeg\" \/>\n<meta name=\"twitter:card\" content=\"summary_large_image\" \/>\n<meta name=\"twitter:label1\" content=\"Gesch\u00e4tzte Lesezeit\" \/>\n\t<meta name=\"twitter:data1\" content=\"3\u00a0Minuten\" \/>\n<script type=\"application\/ld+json\" class=\"yoast-schema-graph\">{\"@context\":\"https:\/\/schema.org\",\"@graph\":[{\"@type\":\"WebPage\",\"@id\":\"https:\/\/mylionbattery.com\/product\/mylion-12v50ah-lifepo4-lithium-battery-for-electric-golf-trolley-cart-parts\/\",\"url\":\"https:\/\/mylionbattery.com\/product\/mylion-12v50ah-lifepo4-lithium-battery-for-electric-golf-trolley-cart-parts\/\",\"name\":\"Mylion 12V50Ah LiFePO4 Lithium Battery for Electric Golf Trolley\/Cart Parts - mylionbattery\",\"isPartOf\":{\"@id\":\"https:\/\/mylionbattery.com\/#website\"},\"primaryImageOfPage\":{\"@id\":\"https:\/\/mylionbattery.com\/product\/mylion-12v50ah-lifepo4-lithium-battery-for-electric-golf-trolley-cart-parts\/#primaryimage\"},\"image\":{\"@id\":\"https:\/\/mylionbattery.com\/product\/mylion-12v50ah-lifepo4-lithium-battery-for-electric-golf-trolley-cart-parts\/#primaryimage\"},\"thumbnailUrl\":\"https:\/\/mylionbattery.com\/wp-content\/uploads\/2024\/09\/LFP12V50AH.jpg\",\"datePublished\":\"2024-09-20T03:44:39+00:00\",\"dateModified\":\"2025-07-22T06:37:20+00:00\",\"description\":\"Discover Mylion Battery's innovative battery solutions, including mini UPS systems and lithium-ion batteries. Offering high-quality, customizable products designed with advanced technology to deliver exceptional performance and reliability for global markets.\",\"breadcrumb\":{\"@id\":\"https:\/\/mylionbattery.com\/product\/mylion-12v50ah-lifepo4-lithium-battery-for-electric-golf-trolley-cart-parts\/#breadcrumb\"},\"inLanguage\":\"de\",\"potentialAction\":[{\"@type\":\"ReadAction\",\"target\":[\"https:\/\/mylionbattery.com\/product\/mylion-12v50ah-lifepo4-lithium-battery-for-electric-golf-trolley-cart-parts\/\"]}]},{\"@type\":\"ImageObject\",\"inLanguage\":\"de\",\"@id\":\"https:\/\/mylionbattery.com\/product\/mylion-12v50ah-lifepo4-lithium-battery-for-electric-golf-trolley-cart-parts\/#primaryimage\",\"url\":\"https:\/\/mylionbattery.com\/wp-content\/uploads\/2024\/09\/LFP12V50AH.jpg\",\"contentUrl\":\"https:\/\/mylionbattery.com\/wp-content\/uploads\/2024\/09\/LFP12V50AH.jpg\",\"width\":725,\"height\":669},{\"@type\":\"BreadcrumbList\",\"@id\":\"https:\/\/mylionbattery.com\/product\/mylion-12v50ah-lifepo4-lithium-battery-for-electric-golf-trolley-cart-parts\/#breadcrumb\",\"itemListElement\":[{\"@type\":\"ListItem\",\"position\":1,\"name\":\"\u9996\u9875\",\"item\":\"https:\/\/mylionbattery.com\/\"},{\"@type\":\"ListItem\",\"position\":2,\"name\":\"Products\",\"item\":\"https:\/\/mylionbattery.com\/products\/\"},{\"@type\":\"ListItem\",\"position\":3,\"name\":\"Mylion 12V50Ah LiFePO4 Lithium Battery for Electric Golf Trolley\/Cart Parts\"}]},{\"@type\":\"WebSite\",\"@id\":\"https:\/\/mylionbattery.com\/#website\",\"url\":\"https:\/\/mylionbattery.com\/\",\"name\":\"Mylionbattery\",\"description\":\"mylionbattery\",\"publisher\":{\"@id\":\"https:\/\/mylionbattery.com\/#organization\"},\"potentialAction\":[{\"@type\":\"SearchAction\",\"target\":{\"@type\":\"EntryPoint\",\"urlTemplate\":\"https:\/\/mylionbattery.com\/?s={search_term_string}\"},\"query-input\":{\"@type\":\"PropertyValueSpecification\",\"valueRequired\":true,\"valueName\":\"search_term_string\"}}],\"inLanguage\":\"de\"},{\"@type\":\"Organization\",\"@id\":\"https:\/\/mylionbattery.com\/#organization\",\"name\":\"Mylionbattery\",\"url\":\"https:\/\/mylionbattery.com\/\",\"logo\":{\"@type\":\"ImageObject\",\"inLanguage\":\"de\",\"@id\":\"https:\/\/mylionbattery.com\/#\/schema\/logo\/image\/\",\"url\":\"http:\/\/mylionbattery.com\/wp-content\/uploads\/2024\/09\/\u767d\u5e95mylion-logo\u6b63\u65b9\u5f62.png\",\"contentUrl\":\"http:\/\/mylionbattery.com\/wp-content\/uploads\/2024\/09\/\u767d\u5e95mylion-logo\u6b63\u65b9\u5f62.png\",\"width\":600,\"height\":600,\"caption\":\"Mylionbattery\"},\"image\":{\"@id\":\"https:\/\/mylionbattery.com\/#\/schema\/logo\/image\/\"}}]}<\/script>\n<!-- \/ Yoast SEO plugin. -->","yoast_head_json":{"title":"Mylion 12V50Ah LiFePO4 Lithium Battery for Electric Golf Trolley\/Cart Parts - mylionbattery","description":"Discover Mylion Battery's innovative battery solutions, including mini UPS systems and lithium-ion batteries. Offering high-quality, customizable products designed with advanced technology to deliver exceptional performance and reliability for global markets.","robots":{"index":"index","follow":"follow","max-snippet":"max-snippet:-1","max-image-preview":"max-image-preview:large","max-video-preview":"max-video-preview:-1"},"canonical":"https:\/\/mylionbattery.com\/de\/produkt\/mylion-12v50ah-lifepo4-lithium-battery-for-electric-golf-trolley-cart-parts\/","og_locale":"de_DE","og_type":"article","og_title":"Mylion 12V50Ah LiFePO4 Lithium Battery for Electric Golf Trolley\/Cart Parts - mylionbattery","og_description":"Discover Mylion Battery's innovative battery solutions, including mini UPS systems and lithium-ion batteries. Offering high-quality, customizable products designed with advanced technology to deliver exceptional performance and reliability for global markets.","og_url":"https:\/\/mylionbattery.com\/de\/produkt\/mylion-12v50ah-lifepo4-lithium-battery-for-electric-golf-trolley-cart-parts\/","og_site_name":"mylionbattery","article_modified_time":"2025-07-22T06:37:20+00:00","og_image":[{"width":725,"height":669,"url":"https:\/\/mylionbattery.com\/wp-content\/uploads\/2024\/09\/LFP12V50AH.jpg","type":"image\/jpeg"}],"twitter_card":"summary_large_image","twitter_misc":{"Gesch\u00e4tzte Lesezeit":"3\u00a0Minuten"},"schema":{"@context":"https:\/\/schema.org","@graph":[{"@type":"WebPage","@id":"https:\/\/mylionbattery.com\/product\/mylion-12v50ah-lifepo4-lithium-battery-for-electric-golf-trolley-cart-parts\/","url":"https:\/\/mylionbattery.com\/product\/mylion-12v50ah-lifepo4-lithium-battery-for-electric-golf-trolley-cart-parts\/","name":"Mylion 12V50Ah LiFePO4 Lithium Battery for Electric Golf Trolley\/Cart Parts - mylionbattery","isPartOf":{"@id":"https:\/\/mylionbattery.com\/#website"},"primaryImageOfPage":{"@id":"https:\/\/mylionbattery.com\/product\/mylion-12v50ah-lifepo4-lithium-battery-for-electric-golf-trolley-cart-parts\/#primaryimage"},"image":{"@id":"https:\/\/mylionbattery.com\/product\/mylion-12v50ah-lifepo4-lithium-battery-for-electric-golf-trolley-cart-parts\/#primaryimage"},"thumbnailUrl":"https:\/\/mylionbattery.com\/wp-content\/uploads\/2024\/09\/LFP12V50AH.jpg","datePublished":"2024-09-20T03:44:39+00:00","dateModified":"2025-07-22T06:37:20+00:00","description":"Discover Mylion Battery's innovative battery solutions, including mini UPS systems and lithium-ion batteries. Offering high-quality, customizable products designed with advanced technology to deliver exceptional performance and reliability for global markets.","breadcrumb":{"@id":"https:\/\/mylionbattery.com\/product\/mylion-12v50ah-lifepo4-lithium-battery-for-electric-golf-trolley-cart-parts\/#breadcrumb"},"inLanguage":"de","potentialAction":[{"@type":"ReadAction","target":["https:\/\/mylionbattery.com\/product\/mylion-12v50ah-lifepo4-lithium-battery-for-electric-golf-trolley-cart-parts\/"]}]},{"@type":"ImageObject","inLanguage":"de","@id":"https:\/\/mylionbattery.com\/product\/mylion-12v50ah-lifepo4-lithium-battery-for-electric-golf-trolley-cart-parts\/#primaryimage","url":"https:\/\/mylionbattery.com\/wp-content\/uploads\/2024\/09\/LFP12V50AH.jpg","contentUrl":"https:\/\/mylionbattery.com\/wp-content\/uploads\/2024\/09\/LFP12V50AH.jpg","width":725,"height":669},{"@type":"BreadcrumbList","@id":"https:\/\/mylionbattery.com\/product\/mylion-12v50ah-lifepo4-lithium-battery-for-electric-golf-trolley-cart-parts\/#breadcrumb","itemListElement":[{"@type":"ListItem","position":1,"name":"\u9996\u9875","item":"https:\/\/mylionbattery.com\/"},{"@type":"ListItem","position":2,"name":"Products","item":"https:\/\/mylionbattery.com\/products\/"},{"@type":"ListItem","position":3,"name":"Mylion 12V50Ah LiFePO4 Lithium Battery for Electric Golf Trolley\/Cart Parts"}]},{"@type":"WebSite","@id":"https:\/\/mylionbattery.com\/#website","url":"https:\/\/mylionbattery.com\/","name":"Mylionbattery","description":"mylionbattery","publisher":{"@id":"https:\/\/mylionbattery.com\/#organization"},"potentialAction":[{"@type":"SearchAction","target":{"@type":"EntryPoint","urlTemplate":"https:\/\/mylionbattery.com\/?s={search_term_string}"},"query-input":{"@type":"PropertyValueSpecification","valueRequired":true,"valueName":"search_term_string"}}],"inLanguage":"de"},{"@type":"Organization","@id":"https:\/\/mylionbattery.com\/#organization","name":"Mylionbattery","url":"https:\/\/mylionbattery.com\/","logo":{"@type":"ImageObject","inLanguage":"de","@id":"https:\/\/mylionbattery.com\/#\/schema\/logo\/image\/","url":"http:\/\/mylionbattery.com\/wp-content\/uploads\/2024\/09\/\u767d\u5e95mylion-logo\u6b63\u65b9\u5f62.png","contentUrl":"http:\/\/mylionbattery.com\/wp-content\/uploads\/2024\/09\/\u767d\u5e95mylion-logo\u6b63\u65b9\u5f62.png","width":600,"height":600,"caption":"Mylionbattery"},"image":{"@id":"https:\/\/mylionbattery.com\/#\/schema\/logo\/image\/"}}]}},"_links":{"self":[{"href":"https:\/\/mylionbattery.com\/de\/wp-json\/wp\/v2\/product\/1035","targetHints":{"allow":["GET"]}}],"collection":[{"href":"https:\/\/mylionbattery.com\/de\/wp-json\/wp\/v2\/product"}],"about":[{"href":"https:\/\/mylionbattery.com\/de\/wp-json\/wp\/v2\/types\/product"}],"version-history":[{"count":1,"href":"https:\/\/mylionbattery.com\/de\/wp-json\/wp\/v2\/product\/1035\/revisions"}],"predecessor-version":[{"id":1036,"href":"https:\/\/mylionbattery.com\/de\/wp-json\/wp\/v2\/product\/1035\/revisions\/1036"}],"wp:featuredmedia":[{"embeddable":true,"href":"https:\/\/mylionbattery.com\/de\/wp-json\/wp\/v2\/media\/1037"}],"wp:attachment":[{"href":"https:\/\/mylionbattery.com\/de\/wp-json\/wp\/v2\/media?parent=1035"}],"wp:term":[{"taxonomy":"product_brand","embeddable":true,"href":"https:\/\/mylionbattery.com\/de\/wp-json\/wp\/v2\/product_brand?post=1035"},{"taxonomy":"product_cat","embeddable":true,"href":"https:\/\/mylionbattery.com\/de\/wp-json\/wp\/v2\/product_cat?post=1035"},{"taxonomy":"product_tag","embeddable":true,"href":"https:\/\/mylionbattery.com\/de\/wp-json\/wp\/v2\/product_tag?post=1035"}],"curies":[{"name":"wp","href":"https:\/\/api.w.org\/{rel}","templated":true}]}}