{"id":1591,"date":"2025-06-05T03:20:54","date_gmt":"2025-06-05T03:20:54","guid":{"rendered":"https:\/\/lightyellow-sardine-891901.hostingersite.com\/?post_type=product&#038;p=1591"},"modified":"2025-06-05T05:30:29","modified_gmt":"2025-06-05T05:30:29","slug":"mylion-11-1v-2200mah-lithium-ion-battery-pack-24-42wh-forsolar-led","status":"publish","type":"product","link":"https:\/\/mylionbattery.com\/de\/produkt\/mylion-11-1v-2200mah-lithium-ion-battery-pack-24-42wh-forsolar-led\/","title":{"rendered":"Mylion 11,1 V 2200 mAh Lithium-Ionen-Akku 24,42 Wh f\u00fcr Solar-LED"},"content":{"rendered":"<table style=\"border-collapse: collapse; width: 616.52pt;\" border=\"0\" width=\"1644\" cellspacing=\"0\" cellpadding=\"0\">\n<tbody>\n<tr style=\"height: 17.25pt;\">\n<td class=\"et3\" style=\"height: 17.25pt; width: 208.35pt;\" width=\"555\" height=\"46\">Produktname<\/td>\n<td class=\"et4\" style=\"width: 408.20pt;\" width=\"1088\">Lithium-Ionen-Akkupack<\/td>\n<\/tr>\n<tr style=\"height: 17.60pt;\">\n<td class=\"et3\" style=\"height: 17.60pt;\" height=\"46\">Stilname<\/td>\n<td class=\"et5\">11,1 V, 2200 mAh<\/td>\n<\/tr>\n<tr style=\"height: 17.25pt;\">\n<td class=\"et3\" style=\"height: 17.25pt;\" height=\"46\">Normale Kapazit\u00e4t<\/td>\n<td class=\"et6\">2200 mAh<\/td>\n<\/tr>\n<tr style=\"height: 17.25pt;\">\n<td class=\"et3\" style=\"height: 17.25pt;\" height=\"46\">Nennspannung<\/td>\n<td class=\"et6\">11,1 V<\/td>\n<\/tr>\n<tr style=\"height: 17.25pt;\">\n<td class=\"et3\" style=\"height: 17.25pt;\" height=\"46\">Maximale Ladespannung<\/td>\n<td class=\"et6\">12,6 V<\/td>\n<\/tr>\n<tr style=\"height: 17.25pt;\">\n<td class=\"et3\" style=\"height: 17.25pt;\" height=\"46\">Entladeschlussspannung<\/td>\n<td class=\"et6\">9,0 V<\/td>\n<\/tr>\n<tr style=\"height: 17.25pt;\">\n<td class=\"et3\" style=\"height: 17.25pt;\" height=\"46\">Max. Dauer-Entladestrom<\/td>\n<td class=\"et6\">1-2A<\/td>\n<\/tr>\n<tr style=\"height: 17.25pt;\">\n<td class=\"et3\" style=\"height: 17.25pt;\" height=\"46\">Ladestrom<\/td>\n<td class=\"et6\">1-2A<\/td>\n<\/tr>\n<tr style=\"height: 17.25pt;\">\n<td class=\"et3\" style=\"height: 17.25pt;\" height=\"46\">Ausgangsleistung<\/td>\n<td class=\"et6\">22,2 W<\/td>\n<\/tr>\n<tr style=\"height: 17.25pt;\">\n<td class=\"et7\" style=\"height: 34.50pt; border-bottom: .5pt solid #000000;\" rowspan=\"2\" height=\"92\">Arbeitszeit<\/td>\n<td class=\"et8\">Ausgang 11,1 V 0,5 A (5,55 W): ca. 4,4 Stunden<\/td>\n<\/tr>\n<tr style=\"height: 17.25pt;\">\n<td class=\"et8\">Ausgang 11,1 V 1,0 A (11,1 W): ca. 2,2 Stunden<\/td>\n<\/tr>\n<tr style=\"height: 17.25pt;\">\n<td class=\"et3\" style=\"height: 17.25pt;\" height=\"46\">Ladeanschluss (IN)<\/td>\n<td class=\"et10\" style=\"border-bottom: .5pt solid #000000;\" rowspan=\"2\">Kabel oder ausgew\u00e4hlter Stecker<\/td>\n<\/tr>\n<tr style=\"height: 17.25pt;\">\n<td class=\"et3\" style=\"height: 17.25pt;\" height=\"46\">Auslass\u00f6ffnung (OUT)<\/td>\n<\/tr>\n<tr style=\"height: 17.25pt;\">\n<td class=\"et3\" style=\"height: 17.25pt;\" height=\"46\">PVC-Farbe<\/td>\n<td class=\"et12\">Blau<\/td>\n<\/tr>\n<tr style=\"height: 17.25pt;\">\n<td class=\"et3\" style=\"height: 17.25pt;\" height=\"46\">Batterieabmessung (mm)<\/td>\n<td class=\"et6\">38x38x70<\/td>\n<\/tr>\n<tr style=\"height: 17.25pt;\">\n<td class=\"et3\" style=\"height: 17.25pt;\" height=\"46\">Gewicht<\/td>\n<td class=\"et6\">Ca. 150 g<\/td>\n<\/tr>\n<tr style=\"height: 17.25pt;\">\n<td class=\"et13\" style=\"height: 17.25pt;\" height=\"46\">Batteriezellenmarke<\/td>\n<td class=\"et8\">Zelle einer chinesischen Marke (oder Zelle von Samsung, LG, Sony, Sanyo, Panasonic)<\/td>\n<\/tr>\n<tr style=\"height: 17.25pt;\">\n<td class=\"et13\" style=\"height: 17.25pt;\" height=\"46\">Batteriezellenzertifizierung<\/td>\n<td class=\"et8\">CB, CE, UL, UN38.3, BIS, KC, MSDS, ROHS, CQC, SGS, EMV<\/td>\n<\/tr>\n<tr style=\"height: 17.25pt;\">\n<td class=\"et13\" style=\"height: 17.25pt;\" height=\"46\">Batterieschutz<\/td>\n<td class=\"et8\">\u00dcberladung\/-entladung, \u00dcberstrom, Kurzschluss<\/td>\n<\/tr>\n<tr style=\"height: 18.00pt;\">\n<td class=\"et13\" style=\"height: 18.00pt;\" height=\"48\">Lebensdauer<\/td>\n<td class=\"et8\">Standard-Lade- und Entladekapazit\u00e4t \u226580% C5mAh, Zyklenlebensdauer \u2265600<\/td>\n<\/tr>\n<tr style=\"height: 51.75pt;\">\n<td class=\"et13\" style=\"height: 51.75pt;\" height=\"138\">Anwendung<\/td>\n<td class=\"et14\" style=\"width: 408.20pt;\" width=\"1088\">Gartenspritze, medizinisches Instrument, intelligenter Staubsauger, Au\u00dfeninstrument, T\u00fcrsteuerung, Solar-LED, Ersatz f\u00fcr 12-V-Blei-S\u00e4ure-Batterien usw.<\/td>\n<\/tr>\n<tr style=\"height: 17.25pt;\">\n<td class=\"et13\" style=\"height: 17.25pt;\" height=\"46\">Paket<\/td>\n<td class=\"et8\">50 St\u00fcck im Karton (15 x 29 x 37 cm), ca. 8,5 kg\/Karton<\/td>\n<\/tr>\n<tr style=\"height: 17.25pt;\">\n<td class=\"et13\" style=\"height: 17.25pt;\" height=\"46\">Garantie<\/td>\n<td class=\"et8\">12 Monate<\/td>\n<\/tr>\n<\/tbody>\n<\/table>\n<p><img data-dominant-color=\"ccdeed\" data-has-transparency=\"false\" style=\"--dominant-color: #ccdeed;\" fetchpriority=\"high\" decoding=\"async\" class=\"size-full wp-image-1595 aligncenter not-transparent\" src=\"http:\/\/mylionbattery.com\/wp-content\/uploads\/2025\/06\/11.1v-2200mah-battery-2.webp\" alt=\"\" width=\"750\" height=\"600\" srcset=\"https:\/\/mylionbattery.com\/wp-content\/uploads\/2025\/06\/11.1v-2200mah-battery-2.webp 750w, https:\/\/mylionbattery.com\/wp-content\/uploads\/2025\/06\/11.1v-2200mah-battery-2-300x240.webp 300w, https:\/\/mylionbattery.com\/wp-content\/uploads\/2025\/06\/11.1v-2200mah-battery-2-15x12.webp 15w, https:\/\/mylionbattery.com\/wp-content\/uploads\/2025\/06\/11.1v-2200mah-battery-2-600x480.webp 600w\" sizes=\"(max-width: 750px) 100vw, 750px\" \/><img data-dominant-color=\"bdd2e9\" data-has-transparency=\"false\" style=\"--dominant-color: #bdd2e9;\" decoding=\"async\" class=\"size-full wp-image-1596 aligncenter not-transparent\" src=\"http:\/\/mylionbattery.com\/wp-content\/uploads\/2025\/06\/11.1v-2200mah-battery-5.webp\" alt=\"\" width=\"750\" height=\"629\" srcset=\"https:\/\/mylionbattery.com\/wp-content\/uploads\/2025\/06\/11.1v-2200mah-battery-5.webp 750w, https:\/\/mylionbattery.com\/wp-content\/uploads\/2025\/06\/11.1v-2200mah-battery-5-300x252.webp 300w, https:\/\/mylionbattery.com\/wp-content\/uploads\/2025\/06\/11.1v-2200mah-battery-5-14x12.webp 14w, https:\/\/mylionbattery.com\/wp-content\/uploads\/2025\/06\/11.1v-2200mah-battery-5-600x503.webp 600w\" sizes=\"(max-width: 750px) 100vw, 750px\" \/><img data-dominant-color=\"e3e7ea\" data-has-transparency=\"false\" style=\"--dominant-color: #e3e7ea;\" decoding=\"async\" class=\"size-full wp-image-1597 aligncenter not-transparent\" src=\"http:\/\/mylionbattery.com\/wp-content\/uploads\/2025\/06\/11.1v-2200mah-battery-6.webp\" alt=\"\" width=\"750\" height=\"600\" srcset=\"https:\/\/mylionbattery.com\/wp-content\/uploads\/2025\/06\/11.1v-2200mah-battery-6.webp 750w, https:\/\/mylionbattery.com\/wp-content\/uploads\/2025\/06\/11.1v-2200mah-battery-6-300x240.webp 300w, https:\/\/mylionbattery.com\/wp-content\/uploads\/2025\/06\/11.1v-2200mah-battery-6-15x12.webp 15w, https:\/\/mylionbattery.com\/wp-content\/uploads\/2025\/06\/11.1v-2200mah-battery-6-600x480.webp 600w\" sizes=\"(max-width: 750px) 100vw, 750px\" \/><\/p>\n<p>&nbsp;<\/p>\n<p>&nbsp;<\/p>","protected":false},"excerpt":{"rendered":"<ul>\n<li data-start=\"255\" data-end=\"298\">\n<p data-start=\"257\" data-end=\"298\"><strong data-start=\"257\" data-end=\"280\">Spannung \/ Kapazit\u00e4t:<\/strong> 11,1 V \/ 2200 mAh<\/p>\n<\/li>\n<li data-start=\"299\" data-end=\"322\">\n<p data-start=\"301\" data-end=\"322\"><strong data-start=\"301\" data-end=\"312\">Energie:<\/strong> 24,42 Wh<\/p>\n<\/li>\n<li data-start=\"323\" data-end=\"356\">\n<p data-start=\"325\" data-end=\"356\"><strong data-start=\"325\" data-end=\"348\">Maximale Ladespannung:<\/strong> 12,6 V<\/p>\n<\/li>\n<li data-start=\"357\" data-end=\"386\">\n<p data-start=\"359\" data-end=\"386\"><strong data-start=\"359\" data-end=\"379\">Abschaltspannung:<\/strong> 9,0 V<\/p>\n<\/li>\n<li data-start=\"387\" data-end=\"427\">\n<p data-start=\"389\" data-end=\"427\"><strong data-start=\"389\" data-end=\"420\">Lade- und Entladestrom:<\/strong> 1\u20132A<\/p>\n<\/li>\n<\/ul>","protected":false},"featured_media":1599,"template":"","meta":[],"product_brand":[],"product_cat":[53],"product_tag":[60],"class_list":{"0":"post-1591","1":"product","2":"type-product","3":"status-publish","4":"has-post-thumbnail","6":"product_cat-lithium-battery-pack","7":"product_tag-11-1v-2200mah","9":"first","10":"instock","11":"shipping-taxable","12":"product-type-simple"},"yoast_head":"<!-- This site is optimized with the Yoast SEO plugin v26.1.1 - https:\/\/yoast.com\/wordpress\/plugins\/seo\/ -->\n<title>Mylion 11.1V 2200mAh Lithium Ion Battery Pack 24.42Wh ForSolar LED - mylionbattery<\/title>\n<meta name=\"description\" content=\"Discover Mylion Battery&#039;s innovative battery solutions, including mini UPS systems and lithium-ion batteries. Offering high-quality, customizable products designed with advanced technology to deliver exceptional performance and reliability for global markets.\" \/>\n<meta name=\"robots\" content=\"index, follow, max-snippet:-1, max-image-preview:large, max-video-preview:-1\" \/>\n<link rel=\"canonical\" href=\"https:\/\/mylionbattery.com\/de\/produkt\/mylion-11-1v-2200mah-lithium-ion-battery-pack-24-42wh-forsolar-led\/\" \/>\n<meta property=\"og:locale\" content=\"de_DE\" \/>\n<meta property=\"og:type\" content=\"article\" \/>\n<meta property=\"og:title\" content=\"Mylion 11.1V 2200mAh Lithium Ion Battery Pack 24.42Wh ForSolar LED - mylionbattery\" \/>\n<meta property=\"og:description\" content=\"Discover Mylion Battery&#039;s innovative battery solutions, including mini UPS systems and lithium-ion batteries. Offering high-quality, customizable products designed with advanced technology to deliver exceptional performance and reliability for global markets.\" \/>\n<meta property=\"og:url\" content=\"https:\/\/mylionbattery.com\/de\/produkt\/mylion-11-1v-2200mah-lithium-ion-battery-pack-24-42wh-forsolar-led\/\" \/>\n<meta property=\"og:site_name\" content=\"mylionbattery\" \/>\n<meta property=\"article:modified_time\" content=\"2025-06-05T05:30:29+00:00\" \/>\n<meta property=\"og:image\" content=\"https:\/\/mylionbattery.com\/wp-content\/uploads\/2025\/06\/11.1v-2200mah-6.webp\" \/>\n\t<meta property=\"og:image:width\" content=\"750\" \/>\n\t<meta property=\"og:image:height\" content=\"750\" \/>\n\t<meta property=\"og:image:type\" content=\"image\/jpeg\" \/>\n<meta name=\"twitter:card\" content=\"summary_large_image\" \/>\n<meta name=\"twitter:label1\" content=\"Gesch\u00e4tzte Lesezeit\" \/>\n\t<meta name=\"twitter:data1\" content=\"2\u00a0Minuten\" \/>\n<script type=\"application\/ld+json\" class=\"yoast-schema-graph\">{\"@context\":\"https:\/\/schema.org\",\"@graph\":[{\"@type\":\"WebPage\",\"@id\":\"https:\/\/mylionbattery.com\/product\/mylion-11-1v-2200mah-lithium-ion-battery-pack-24-42wh-forsolar-led\/\",\"url\":\"https:\/\/mylionbattery.com\/product\/mylion-11-1v-2200mah-lithium-ion-battery-pack-24-42wh-forsolar-led\/\",\"name\":\"Mylion 11.1V 2200mAh Lithium Ion Battery Pack 24.42Wh ForSolar LED - mylionbattery\",\"isPartOf\":{\"@id\":\"https:\/\/mylionbattery.com\/#website\"},\"primaryImageOfPage\":{\"@id\":\"https:\/\/mylionbattery.com\/product\/mylion-11-1v-2200mah-lithium-ion-battery-pack-24-42wh-forsolar-led\/#primaryimage\"},\"image\":{\"@id\":\"https:\/\/mylionbattery.com\/product\/mylion-11-1v-2200mah-lithium-ion-battery-pack-24-42wh-forsolar-led\/#primaryimage\"},\"thumbnailUrl\":\"https:\/\/mylionbattery.com\/wp-content\/uploads\/2025\/06\/11.1v-2200mah-6.webp\",\"datePublished\":\"2025-06-05T03:20:54+00:00\",\"dateModified\":\"2025-06-05T05:30:29+00:00\",\"description\":\"Discover Mylion Battery's innovative battery solutions, including mini UPS systems and lithium-ion batteries. Offering high-quality, customizable products designed with advanced technology to deliver exceptional performance and reliability for global markets.\",\"breadcrumb\":{\"@id\":\"https:\/\/mylionbattery.com\/product\/mylion-11-1v-2200mah-lithium-ion-battery-pack-24-42wh-forsolar-led\/#breadcrumb\"},\"inLanguage\":\"de\",\"potentialAction\":[{\"@type\":\"ReadAction\",\"target\":[\"https:\/\/mylionbattery.com\/product\/mylion-11-1v-2200mah-lithium-ion-battery-pack-24-42wh-forsolar-led\/\"]}]},{\"@type\":\"ImageObject\",\"inLanguage\":\"de\",\"@id\":\"https:\/\/mylionbattery.com\/product\/mylion-11-1v-2200mah-lithium-ion-battery-pack-24-42wh-forsolar-led\/#primaryimage\",\"url\":\"https:\/\/mylionbattery.com\/wp-content\/uploads\/2025\/06\/11.1v-2200mah-6.webp\",\"contentUrl\":\"https:\/\/mylionbattery.com\/wp-content\/uploads\/2025\/06\/11.1v-2200mah-6.webp\",\"width\":750,\"height\":750,\"caption\":\"11.1v-2200mah-6\"},{\"@type\":\"BreadcrumbList\",\"@id\":\"https:\/\/mylionbattery.com\/product\/mylion-11-1v-2200mah-lithium-ion-battery-pack-24-42wh-forsolar-led\/#breadcrumb\",\"itemListElement\":[{\"@type\":\"ListItem\",\"position\":1,\"name\":\"\u9996\u9875\",\"item\":\"https:\/\/mylionbattery.com\/\"},{\"@type\":\"ListItem\",\"position\":2,\"name\":\"Products\",\"item\":\"https:\/\/mylionbattery.com\/products\/\"},{\"@type\":\"ListItem\",\"position\":3,\"name\":\"Mylion 11.1V 2200mAh Lithium Ion Battery Pack 24.42Wh ForSolar LED\"}]},{\"@type\":\"WebSite\",\"@id\":\"https:\/\/mylionbattery.com\/#website\",\"url\":\"https:\/\/mylionbattery.com\/\",\"name\":\"Mylionbattery\",\"description\":\"mylionbattery\",\"publisher\":{\"@id\":\"https:\/\/mylionbattery.com\/#organization\"},\"potentialAction\":[{\"@type\":\"SearchAction\",\"target\":{\"@type\":\"EntryPoint\",\"urlTemplate\":\"https:\/\/mylionbattery.com\/?s={search_term_string}\"},\"query-input\":{\"@type\":\"PropertyValueSpecification\",\"valueRequired\":true,\"valueName\":\"search_term_string\"}}],\"inLanguage\":\"de\"},{\"@type\":\"Organization\",\"@id\":\"https:\/\/mylionbattery.com\/#organization\",\"name\":\"Mylionbattery\",\"url\":\"https:\/\/mylionbattery.com\/\",\"logo\":{\"@type\":\"ImageObject\",\"inLanguage\":\"de\",\"@id\":\"https:\/\/mylionbattery.com\/#\/schema\/logo\/image\/\",\"url\":\"http:\/\/mylionbattery.com\/wp-content\/uploads\/2024\/09\/\u767d\u5e95mylion-logo\u6b63\u65b9\u5f62.png\",\"contentUrl\":\"http:\/\/mylionbattery.com\/wp-content\/uploads\/2024\/09\/\u767d\u5e95mylion-logo\u6b63\u65b9\u5f62.png\",\"width\":600,\"height\":600,\"caption\":\"Mylionbattery\"},\"image\":{\"@id\":\"https:\/\/mylionbattery.com\/#\/schema\/logo\/image\/\"}}]}<\/script>\n<!-- \/ Yoast SEO plugin. -->","yoast_head_json":{"title":"Mylion 11.1V 2200mAh Lithium Ion Battery Pack 24.42Wh ForSolar LED - mylionbattery","description":"Discover Mylion Battery's innovative battery solutions, including mini UPS systems and lithium-ion batteries. Offering high-quality, customizable products designed with advanced technology to deliver exceptional performance and reliability for global markets.","robots":{"index":"index","follow":"follow","max-snippet":"max-snippet:-1","max-image-preview":"max-image-preview:large","max-video-preview":"max-video-preview:-1"},"canonical":"https:\/\/mylionbattery.com\/de\/produkt\/mylion-11-1v-2200mah-lithium-ion-battery-pack-24-42wh-forsolar-led\/","og_locale":"de_DE","og_type":"article","og_title":"Mylion 11.1V 2200mAh Lithium Ion Battery Pack 24.42Wh ForSolar LED - mylionbattery","og_description":"Discover Mylion Battery's innovative battery solutions, including mini UPS systems and lithium-ion batteries. Offering high-quality, customizable products designed with advanced technology to deliver exceptional performance and reliability for global markets.","og_url":"https:\/\/mylionbattery.com\/de\/produkt\/mylion-11-1v-2200mah-lithium-ion-battery-pack-24-42wh-forsolar-led\/","og_site_name":"mylionbattery","article_modified_time":"2025-06-05T05:30:29+00:00","og_image":[{"width":750,"height":750,"url":"https:\/\/mylionbattery.com\/wp-content\/uploads\/2025\/06\/11.1v-2200mah-6.webp","type":"image\/jpeg"}],"twitter_card":"summary_large_image","twitter_misc":{"Gesch\u00e4tzte Lesezeit":"2\u00a0Minuten"},"schema":{"@context":"https:\/\/schema.org","@graph":[{"@type":"WebPage","@id":"https:\/\/mylionbattery.com\/product\/mylion-11-1v-2200mah-lithium-ion-battery-pack-24-42wh-forsolar-led\/","url":"https:\/\/mylionbattery.com\/product\/mylion-11-1v-2200mah-lithium-ion-battery-pack-24-42wh-forsolar-led\/","name":"Mylion 11.1V 2200mAh Lithium Ion Battery Pack 24.42Wh ForSolar LED - mylionbattery","isPartOf":{"@id":"https:\/\/mylionbattery.com\/#website"},"primaryImageOfPage":{"@id":"https:\/\/mylionbattery.com\/product\/mylion-11-1v-2200mah-lithium-ion-battery-pack-24-42wh-forsolar-led\/#primaryimage"},"image":{"@id":"https:\/\/mylionbattery.com\/product\/mylion-11-1v-2200mah-lithium-ion-battery-pack-24-42wh-forsolar-led\/#primaryimage"},"thumbnailUrl":"https:\/\/mylionbattery.com\/wp-content\/uploads\/2025\/06\/11.1v-2200mah-6.webp","datePublished":"2025-06-05T03:20:54+00:00","dateModified":"2025-06-05T05:30:29+00:00","description":"Discover Mylion Battery's innovative battery solutions, including mini UPS systems and lithium-ion batteries. Offering high-quality, customizable products designed with advanced technology to deliver exceptional performance and reliability for global markets.","breadcrumb":{"@id":"https:\/\/mylionbattery.com\/product\/mylion-11-1v-2200mah-lithium-ion-battery-pack-24-42wh-forsolar-led\/#breadcrumb"},"inLanguage":"de","potentialAction":[{"@type":"ReadAction","target":["https:\/\/mylionbattery.com\/product\/mylion-11-1v-2200mah-lithium-ion-battery-pack-24-42wh-forsolar-led\/"]}]},{"@type":"ImageObject","inLanguage":"de","@id":"https:\/\/mylionbattery.com\/product\/mylion-11-1v-2200mah-lithium-ion-battery-pack-24-42wh-forsolar-led\/#primaryimage","url":"https:\/\/mylionbattery.com\/wp-content\/uploads\/2025\/06\/11.1v-2200mah-6.webp","contentUrl":"https:\/\/mylionbattery.com\/wp-content\/uploads\/2025\/06\/11.1v-2200mah-6.webp","width":750,"height":750,"caption":"11.1v-2200mah-6"},{"@type":"BreadcrumbList","@id":"https:\/\/mylionbattery.com\/product\/mylion-11-1v-2200mah-lithium-ion-battery-pack-24-42wh-forsolar-led\/#breadcrumb","itemListElement":[{"@type":"ListItem","position":1,"name":"\u9996\u9875","item":"https:\/\/mylionbattery.com\/"},{"@type":"ListItem","position":2,"name":"Products","item":"https:\/\/mylionbattery.com\/products\/"},{"@type":"ListItem","position":3,"name":"Mylion 11.1V 2200mAh Lithium Ion Battery Pack 24.42Wh ForSolar LED"}]},{"@type":"WebSite","@id":"https:\/\/mylionbattery.com\/#website","url":"https:\/\/mylionbattery.com\/","name":"Mylionbattery","description":"mylionbattery","publisher":{"@id":"https:\/\/mylionbattery.com\/#organization"},"potentialAction":[{"@type":"SearchAction","target":{"@type":"EntryPoint","urlTemplate":"https:\/\/mylionbattery.com\/?s={search_term_string}"},"query-input":{"@type":"PropertyValueSpecification","valueRequired":true,"valueName":"search_term_string"}}],"inLanguage":"de"},{"@type":"Organization","@id":"https:\/\/mylionbattery.com\/#organization","name":"Mylionbattery","url":"https:\/\/mylionbattery.com\/","logo":{"@type":"ImageObject","inLanguage":"de","@id":"https:\/\/mylionbattery.com\/#\/schema\/logo\/image\/","url":"http:\/\/mylionbattery.com\/wp-content\/uploads\/2024\/09\/\u767d\u5e95mylion-logo\u6b63\u65b9\u5f62.png","contentUrl":"http:\/\/mylionbattery.com\/wp-content\/uploads\/2024\/09\/\u767d\u5e95mylion-logo\u6b63\u65b9\u5f62.png","width":600,"height":600,"caption":"Mylionbattery"},"image":{"@id":"https:\/\/mylionbattery.com\/#\/schema\/logo\/image\/"}}]}},"_links":{"self":[{"href":"https:\/\/mylionbattery.com\/de\/wp-json\/wp\/v2\/product\/1591","targetHints":{"allow":["GET"]}}],"collection":[{"href":"https:\/\/mylionbattery.com\/de\/wp-json\/wp\/v2\/product"}],"about":[{"href":"https:\/\/mylionbattery.com\/de\/wp-json\/wp\/v2\/types\/product"}],"version-history":[{"count":3,"href":"https:\/\/mylionbattery.com\/de\/wp-json\/wp\/v2\/product\/1591\/revisions"}],"predecessor-version":[{"id":1639,"href":"https:\/\/mylionbattery.com\/de\/wp-json\/wp\/v2\/product\/1591\/revisions\/1639"}],"wp:featuredmedia":[{"embeddable":true,"href":"https:\/\/mylionbattery.com\/de\/wp-json\/wp\/v2\/media\/1599"}],"wp:attachment":[{"href":"https:\/\/mylionbattery.com\/de\/wp-json\/wp\/v2\/media?parent=1591"}],"wp:term":[{"taxonomy":"product_brand","embeddable":true,"href":"https:\/\/mylionbattery.com\/de\/wp-json\/wp\/v2\/product_brand?post=1591"},{"taxonomy":"product_cat","embeddable":true,"href":"https:\/\/mylionbattery.com\/de\/wp-json\/wp\/v2\/product_cat?post=1591"},{"taxonomy":"product_tag","embeddable":true,"href":"https:\/\/mylionbattery.com\/de\/wp-json\/wp\/v2\/product_tag?post=1591"}],"curies":[{"name":"wp","href":"https:\/\/api.w.org\/{rel}","templated":true}]}}