{"id":1602,"date":"2025-06-05T03:55:18","date_gmt":"2025-06-05T03:55:18","guid":{"rendered":"https:\/\/lightyellow-sardine-891901.hostingersite.com\/?post_type=product&#038;p=1602"},"modified":"2025-06-05T05:28:31","modified_gmt":"2025-06-05T05:28:31","slug":"mylion-reliable-lithium-ion-battery-pack-11-1v-2600mah-28-86wh","status":"publish","type":"product","link":"https:\/\/mylionbattery.com\/de\/produkt\/mylion-reliable-lithium-ion-battery-pack-11-1v-2600mah-28-86wh\/","title":{"rendered":"Mylion Zuverl\u00e4ssiger Lithium-Ionen-Akkupack 11,1 V 2600 mAh 28,86 Wh"},"content":{"rendered":"<table style=\"border-collapse: collapse; width: 613.52pt;\" border=\"0\" width=\"1636\" cellspacing=\"0\" cellpadding=\"0\">\n<tbody>\n<tr style=\"height: 17.25pt;\">\n<td class=\"et3\" style=\"height: 17.25pt; width: 211.90pt;\" width=\"565\" height=\"46\">Produktname<\/td>\n<td class=\"et4\" style=\"width: 401.85pt;\" width=\"1071\">Lithium-Ionen-Akkupack<\/td>\n<\/tr>\n<tr style=\"height: 17.60pt;\">\n<td class=\"et3\" style=\"height: 17.60pt;\" height=\"46\">Stilname<\/td>\n<td class=\"et5\">11,1 V, 2600 mAh<\/td>\n<\/tr>\n<tr style=\"height: 17.25pt;\">\n<td class=\"et3\" style=\"height: 17.25pt;\" height=\"46\">Normale Kapazit\u00e4t<\/td>\n<td class=\"et6\">2600 mAh<\/td>\n<\/tr>\n<tr style=\"height: 17.25pt;\">\n<td class=\"et3\" style=\"height: 17.25pt;\" height=\"46\">Nennspannung<\/td>\n<td class=\"et6\">11,1 V<\/td>\n<\/tr>\n<tr style=\"height: 17.25pt;\">\n<td class=\"et3\" style=\"height: 17.25pt;\" height=\"46\">Maximale Ladespannung<\/td>\n<td class=\"et6\">12,6 V<\/td>\n<\/tr>\n<tr style=\"height: 17.25pt;\">\n<td class=\"et3\" style=\"height: 17.25pt;\" height=\"46\">Entladeschlussspannung<\/td>\n<td class=\"et6\">9,0 V<\/td>\n<\/tr>\n<tr style=\"height: 17.25pt;\">\n<td class=\"et3\" style=\"height: 17.25pt;\" height=\"46\">Max. Dauer-Entladestrom<\/td>\n<td class=\"et6\">1-2A<\/td>\n<\/tr>\n<tr style=\"height: 17.25pt;\">\n<td class=\"et3\" style=\"height: 17.25pt;\" height=\"46\">Ladestrom<\/td>\n<td class=\"et6\">1-2A<\/td>\n<\/tr>\n<tr style=\"height: 17.25pt;\">\n<td class=\"et3\" style=\"height: 17.25pt;\" height=\"46\">Ausgangsleistung<\/td>\n<td class=\"et6\">28,86 W<\/td>\n<\/tr>\n<tr style=\"height: 17.25pt;\">\n<td class=\"et7\" style=\"height: 34.50pt; border-bottom: .5pt solid #000000;\" rowspan=\"2\" height=\"92\">Arbeitszeit<\/td>\n<td class=\"et8\">Ausgang 11,1 V 0,5 A (5,55 W): ca. 5 Stunden<\/td>\n<\/tr>\n<tr style=\"height: 17.25pt;\">\n<td class=\"et8\">Ausgang 11,1 V 1,0 A (11,1 W): ca. 2,6 Stunden<\/td>\n<\/tr>\n<tr style=\"height: 17.25pt;\">\n<td class=\"et3\" style=\"height: 17.25pt;\" height=\"46\">Ladeanschluss (IN)<\/td>\n<td class=\"et10\" style=\"border-bottom: .5pt solid #000000;\" rowspan=\"2\">Kabel oder ausgew\u00e4hlter Stecker<\/td>\n<\/tr>\n<tr style=\"height: 17.25pt;\">\n<td class=\"et3\" style=\"height: 17.25pt;\" height=\"46\">Auslass\u00f6ffnung (OUT)<\/td>\n<\/tr>\n<tr style=\"height: 17.25pt;\">\n<td class=\"et3\" style=\"height: 17.25pt;\" height=\"46\">PVC-Farbe<\/td>\n<td class=\"et12\">Blau<\/td>\n<\/tr>\n<tr style=\"height: 17.25pt;\">\n<td class=\"et3\" style=\"height: 17.25pt;\" height=\"46\">Batterieabmessung (mm)<\/td>\n<td class=\"et6\">38x38x70<\/td>\n<\/tr>\n<tr style=\"height: 17.25pt;\">\n<td class=\"et3\" style=\"height: 17.25pt;\" height=\"46\">Gewicht<\/td>\n<td class=\"et6\">Ca. 150 g<\/td>\n<\/tr>\n<tr style=\"height: 17.25pt;\">\n<td class=\"et13\" style=\"height: 17.25pt;\" height=\"46\">Batteriezellenmarke<\/td>\n<td class=\"et8\">Zelle einer chinesischen Marke (oder Zelle von Samsung, LG, Sony, Sanyo, Panasonic)<\/td>\n<\/tr>\n<tr style=\"height: 17.25pt;\">\n<td class=\"et13\" style=\"height: 17.25pt;\" height=\"46\">Batteriezellenzertifizierung<\/td>\n<td class=\"et8\">CB, CE, UL, UN38.3, BIS, KC, MSDS, ROHS, CQC, SGS, EMV<\/td>\n<\/tr>\n<tr style=\"height: 17.25pt;\">\n<td class=\"et13\" style=\"height: 17.25pt;\" height=\"46\">Batterieschutz<\/td>\n<td class=\"et8\">\u00dcberladung\/-entladung, \u00dcberstrom, Kurzschluss<\/td>\n<\/tr>\n<tr style=\"height: 22.00pt;\">\n<td class=\"et13\" style=\"height: 22.00pt;\" height=\"58\">Lebensdauer<\/td>\n<td class=\"et8\">Standard-Lade- und Entladekapazit\u00e4t \u226580% C5mAh, Zyklenlebensdauer \u2265600<\/td>\n<\/tr>\n<tr style=\"height: 51.75pt;\">\n<td class=\"et13\" style=\"height: 51.75pt;\" height=\"138\">Anwendung<\/td>\n<td class=\"et14\" style=\"width: 401.85pt;\" width=\"1071\">Gartenspritze, medizinisches Instrument, intelligenter Staubsauger, Au\u00dfeninstrument, T\u00fcrsteuerung, Solar-LED, Ersatz f\u00fcr 12-V-Blei-S\u00e4ure-Batterien usw.<\/td>\n<\/tr>\n<tr style=\"height: 17.25pt;\">\n<td class=\"et13\" style=\"height: 17.25pt;\" height=\"46\">Paket<\/td>\n<td class=\"et8\">50 St\u00fcck im Karton (15 x 29 x 37 cm), ca. 8,5 kg\/Karton<\/td>\n<\/tr>\n<tr style=\"height: 17.25pt;\">\n<td class=\"et13\" style=\"height: 17.25pt;\" height=\"46\">Garantie<\/td>\n<td class=\"et8\">12 Monate<\/td>\n<\/tr>\n<\/tbody>\n<\/table>\n<p><img data-dominant-color=\"98a0af\" data-has-transparency=\"false\" style=\"--dominant-color: #98a0af;\" fetchpriority=\"high\" decoding=\"async\" class=\"size-full wp-image-1605 aligncenter not-transparent\" src=\"http:\/\/mylionbattery.com\/wp-content\/uploads\/2025\/06\/11.1v-battery_04.webp\" alt=\"\" width=\"750\" height=\"1236\" srcset=\"https:\/\/mylionbattery.com\/wp-content\/uploads\/2025\/06\/11.1v-battery_04.webp 750w, https:\/\/mylionbattery.com\/wp-content\/uploads\/2025\/06\/11.1v-battery_04-182x300.webp 182w, https:\/\/mylionbattery.com\/wp-content\/uploads\/2025\/06\/11.1v-battery_04-621x1024.webp 621w, https:\/\/mylionbattery.com\/wp-content\/uploads\/2025\/06\/11.1v-battery_04-7x12.webp 7w, https:\/\/mylionbattery.com\/wp-content\/uploads\/2025\/06\/11.1v-battery_04-600x989.webp 600w\" sizes=\"(max-width: 750px) 100vw, 750px\" \/><img data-dominant-color=\"354a6d\" data-has-transparency=\"false\" style=\"--dominant-color: #354a6d;\" decoding=\"async\" class=\"size-full wp-image-1603 aligncenter not-transparent\" src=\"http:\/\/mylionbattery.com\/wp-content\/uploads\/2025\/06\/11.1v-battery_01.webp\" alt=\"\" width=\"750\" height=\"329\" srcset=\"https:\/\/mylionbattery.com\/wp-content\/uploads\/2025\/06\/11.1v-battery_01.webp 750w, https:\/\/mylionbattery.com\/wp-content\/uploads\/2025\/06\/11.1v-battery_01-300x132.webp 300w, https:\/\/mylionbattery.com\/wp-content\/uploads\/2025\/06\/11.1v-battery_01-18x8.webp 18w, https:\/\/mylionbattery.com\/wp-content\/uploads\/2025\/06\/11.1v-battery_01-600x263.webp 600w\" sizes=\"(max-width: 750px) 100vw, 750px\" \/><img data-dominant-color=\"273650\" data-has-transparency=\"false\" style=\"--dominant-color: #273650;\" decoding=\"async\" class=\"size-full wp-image-1604 aligncenter not-transparent\" src=\"http:\/\/mylionbattery.com\/wp-content\/uploads\/2025\/06\/11.1v-battery_02.webp\" alt=\"\" width=\"750\" height=\"933\" srcset=\"https:\/\/mylionbattery.com\/wp-content\/uploads\/2025\/06\/11.1v-battery_02.webp 750w, https:\/\/mylionbattery.com\/wp-content\/uploads\/2025\/06\/11.1v-battery_02-241x300.webp 241w, https:\/\/mylionbattery.com\/wp-content\/uploads\/2025\/06\/11.1v-battery_02-10x12.webp 10w, https:\/\/mylionbattery.com\/wp-content\/uploads\/2025\/06\/11.1v-battery_02-600x746.webp 600w\" sizes=\"(max-width: 750px) 100vw, 750px\" \/>\u00a0\u00a0\u00a0\u00a0 <img data-dominant-color=\"888e9e\" data-has-transparency=\"false\" style=\"--dominant-color: #888e9e;\" loading=\"lazy\" decoding=\"async\" class=\"size-full wp-image-1609 aligncenter not-transparent\" src=\"http:\/\/mylionbattery.com\/wp-content\/uploads\/2025\/06\/11.1v-battery_09.webp\" alt=\"\" width=\"750\" height=\"1816\" srcset=\"https:\/\/mylionbattery.com\/wp-content\/uploads\/2025\/06\/11.1v-battery_09.webp 750w, https:\/\/mylionbattery.com\/wp-content\/uploads\/2025\/06\/11.1v-battery_09-124x300.webp 124w, https:\/\/mylionbattery.com\/wp-content\/uploads\/2025\/06\/11.1v-battery_09-423x1024.webp 423w, https:\/\/mylionbattery.com\/wp-content\/uploads\/2025\/06\/11.1v-battery_09-634x1536.webp 634w, https:\/\/mylionbattery.com\/wp-content\/uploads\/2025\/06\/11.1v-battery_09-5x12.webp 5w, https:\/\/mylionbattery.com\/wp-content\/uploads\/2025\/06\/11.1v-battery_09-600x1453.webp 600w\" sizes=\"(max-width: 750px) 100vw, 750px\" \/> <img data-dominant-color=\"82889a\" data-has-transparency=\"false\" style=\"--dominant-color: #82889a;\" loading=\"lazy\" decoding=\"async\" class=\"size-full wp-image-1608 aligncenter not-transparent\" src=\"http:\/\/mylionbattery.com\/wp-content\/uploads\/2025\/06\/11.1v-battery_08.webp\" alt=\"\" width=\"750\" height=\"1868\" srcset=\"https:\/\/mylionbattery.com\/wp-content\/uploads\/2025\/06\/11.1v-battery_08.webp 750w, https:\/\/mylionbattery.com\/wp-content\/uploads\/2025\/06\/11.1v-battery_08-120x300.webp 120w, https:\/\/mylionbattery.com\/wp-content\/uploads\/2025\/06\/11.1v-battery_08-411x1024.webp 411w, https:\/\/mylionbattery.com\/wp-content\/uploads\/2025\/06\/11.1v-battery_08-617x1536.webp 617w, https:\/\/mylionbattery.com\/wp-content\/uploads\/2025\/06\/11.1v-battery_08-5x12.webp 5w, https:\/\/mylionbattery.com\/wp-content\/uploads\/2025\/06\/11.1v-battery_08-600x1494.webp 600w\" sizes=\"(max-width: 750px) 100vw, 750px\" \/> <img data-dominant-color=\"7b8597\" data-has-transparency=\"false\" style=\"--dominant-color: #7b8597;\" loading=\"lazy\" decoding=\"async\" class=\"size-full wp-image-1607 aligncenter not-transparent\" src=\"http:\/\/mylionbattery.com\/wp-content\/uploads\/2025\/06\/11.1v-battery_07-scaled.webp\" alt=\"\" width=\"693\" height=\"2560\" srcset=\"https:\/\/mylionbattery.com\/wp-content\/uploads\/2025\/06\/11.1v-battery_07-scaled.webp 693w, https:\/\/mylionbattery.com\/wp-content\/uploads\/2025\/06\/11.1v-battery_07-81x300.webp 81w, https:\/\/mylionbattery.com\/wp-content\/uploads\/2025\/06\/11.1v-battery_07-277x1024.webp 277w, https:\/\/mylionbattery.com\/wp-content\/uploads\/2025\/06\/11.1v-battery_07-416x1536.webp 416w, https:\/\/mylionbattery.com\/wp-content\/uploads\/2025\/06\/11.1v-battery_07-3x12.webp 3w, https:\/\/mylionbattery.com\/wp-content\/uploads\/2025\/06\/11.1v-battery_07-600x2215.webp 600w\" sizes=\"(max-width: 693px) 100vw, 693px\" \/> <img data-dominant-color=\"999ca6\" data-has-transparency=\"false\" style=\"--dominant-color: #999ca6;\" loading=\"lazy\" decoding=\"async\" class=\"size-full wp-image-1606 aligncenter not-transparent\" src=\"http:\/\/mylionbattery.com\/wp-content\/uploads\/2025\/06\/11.1v-battery_06.webp\" alt=\"\" width=\"750\" height=\"1425\" srcset=\"https:\/\/mylionbattery.com\/wp-content\/uploads\/2025\/06\/11.1v-battery_06.webp 750w, https:\/\/mylionbattery.com\/wp-content\/uploads\/2025\/06\/11.1v-battery_06-158x300.webp 158w, https:\/\/mylionbattery.com\/wp-content\/uploads\/2025\/06\/11.1v-battery_06-539x1024.webp 539w, https:\/\/mylionbattery.com\/wp-content\/uploads\/2025\/06\/11.1v-battery_06-6x12.webp 6w, https:\/\/mylionbattery.com\/wp-content\/uploads\/2025\/06\/11.1v-battery_06-600x1140.webp 600w\" sizes=\"(max-width: 750px) 100vw, 750px\" \/><\/p>","protected":false},"excerpt":{"rendered":"<ul>\n<li data-start=\"252\" data-end=\"295\">\n<p data-start=\"254\" data-end=\"295\"><strong data-start=\"254\" data-end=\"277\">Spannung \/ Kapazit\u00e4t:<\/strong> 11,1 V \/ 2600 mAh<\/p>\n<\/li>\n<li data-start=\"296\" data-end=\"319\">\n<p data-start=\"298\" data-end=\"319\"><strong data-start=\"298\" data-end=\"309\">Energie:<\/strong> 28,86 Wh<\/p>\n<\/li>\n<li data-start=\"320\" data-end=\"353\">\n<p data-start=\"322\" data-end=\"353\"><strong data-start=\"322\" data-end=\"345\">Maximale Ladespannung:<\/strong> 12,6 V<\/p>\n<\/li>\n<li data-start=\"354\" data-end=\"383\">\n<p data-start=\"356\" data-end=\"383\"><strong data-start=\"356\" data-end=\"376\">Abschaltspannung:<\/strong> 9,0 V<\/p>\n<\/li>\n<li data-start=\"384\" data-end=\"428\">\n<p data-start=\"386\" data-end=\"428\"><strong data-start=\"386\" data-end=\"421\">Maximaler Lade-\/Entladestrom:<\/strong> 1\u20132A<\/p>\n<\/li>\n<\/ul>","protected":false},"featured_media":1617,"template":"","meta":[],"product_brand":[],"product_cat":[53],"product_tag":[61],"class_list":{"0":"post-1602","1":"product","2":"type-product","3":"status-publish","4":"has-post-thumbnail","6":"product_cat-lithium-battery-pack","7":"product_tag-11-1v-2600mah","9":"first","10":"instock","11":"shipping-taxable","12":"product-type-simple"},"yoast_head":"<!-- This site is optimized with the Yoast SEO plugin v26.1.1 - https:\/\/yoast.com\/wordpress\/plugins\/seo\/ -->\n<title>Mylion Reliable Lithium Ion Battery Pack 11.1V 2600mAh 28.86Wh - mylionbattery<\/title>\n<meta name=\"description\" content=\"Discover Mylion Battery&#039;s innovative battery solutions, including mini UPS systems and lithium-ion batteries. Offering high-quality, customizable products designed with advanced technology to deliver exceptional performance and reliability for global markets.\" \/>\n<meta name=\"robots\" content=\"index, follow, max-snippet:-1, max-image-preview:large, max-video-preview:-1\" \/>\n<link rel=\"canonical\" href=\"https:\/\/mylionbattery.com\/de\/produkt\/mylion-reliable-lithium-ion-battery-pack-11-1v-2600mah-28-86wh\/\" \/>\n<meta property=\"og:locale\" content=\"de_DE\" \/>\n<meta property=\"og:type\" content=\"article\" \/>\n<meta property=\"og:title\" content=\"Mylion Reliable Lithium Ion Battery Pack 11.1V 2600mAh 28.86Wh - mylionbattery\" \/>\n<meta property=\"og:description\" content=\"Discover Mylion Battery&#039;s innovative battery solutions, including mini UPS systems and lithium-ion batteries. Offering high-quality, customizable products designed with advanced technology to deliver exceptional performance and reliability for global markets.\" \/>\n<meta property=\"og:url\" content=\"https:\/\/mylionbattery.com\/de\/produkt\/mylion-reliable-lithium-ion-battery-pack-11-1v-2600mah-28-86wh\/\" \/>\n<meta property=\"og:site_name\" content=\"mylionbattery\" \/>\n<meta property=\"article:modified_time\" content=\"2025-06-05T05:28:31+00:00\" \/>\n<meta property=\"og:image\" content=\"https:\/\/mylionbattery.com\/wp-content\/uploads\/2025\/06\/11.1V-2600mah-03-6K.webp\" \/>\n\t<meta property=\"og:image:width\" content=\"1000\" \/>\n\t<meta property=\"og:image:height\" content=\"1000\" \/>\n\t<meta property=\"og:image:type\" content=\"image\/jpeg\" \/>\n<meta name=\"twitter:card\" content=\"summary_large_image\" \/>\n<meta name=\"twitter:label1\" content=\"Gesch\u00e4tzte Lesezeit\" \/>\n\t<meta name=\"twitter:data1\" content=\"3\u00a0Minuten\" \/>\n<script type=\"application\/ld+json\" class=\"yoast-schema-graph\">{\"@context\":\"https:\/\/schema.org\",\"@graph\":[{\"@type\":\"WebPage\",\"@id\":\"https:\/\/mylionbattery.com\/product\/mylion-reliable-lithium-ion-battery-pack-11-1v-2600mah-28-86wh\/\",\"url\":\"https:\/\/mylionbattery.com\/product\/mylion-reliable-lithium-ion-battery-pack-11-1v-2600mah-28-86wh\/\",\"name\":\"Mylion Reliable Lithium Ion Battery Pack 11.1V 2600mAh 28.86Wh - mylionbattery\",\"isPartOf\":{\"@id\":\"https:\/\/mylionbattery.com\/#website\"},\"primaryImageOfPage\":{\"@id\":\"https:\/\/mylionbattery.com\/product\/mylion-reliable-lithium-ion-battery-pack-11-1v-2600mah-28-86wh\/#primaryimage\"},\"image\":{\"@id\":\"https:\/\/mylionbattery.com\/product\/mylion-reliable-lithium-ion-battery-pack-11-1v-2600mah-28-86wh\/#primaryimage\"},\"thumbnailUrl\":\"https:\/\/mylionbattery.com\/wp-content\/uploads\/2025\/06\/11.1V-2600mah-03-6K.webp\",\"datePublished\":\"2025-06-05T03:55:18+00:00\",\"dateModified\":\"2025-06-05T05:28:31+00:00\",\"description\":\"Discover Mylion Battery's innovative battery solutions, including mini UPS systems and lithium-ion batteries. Offering high-quality, customizable products designed with advanced technology to deliver exceptional performance and reliability for global markets.\",\"breadcrumb\":{\"@id\":\"https:\/\/mylionbattery.com\/product\/mylion-reliable-lithium-ion-battery-pack-11-1v-2600mah-28-86wh\/#breadcrumb\"},\"inLanguage\":\"de\",\"potentialAction\":[{\"@type\":\"ReadAction\",\"target\":[\"https:\/\/mylionbattery.com\/product\/mylion-reliable-lithium-ion-battery-pack-11-1v-2600mah-28-86wh\/\"]}]},{\"@type\":\"ImageObject\",\"inLanguage\":\"de\",\"@id\":\"https:\/\/mylionbattery.com\/product\/mylion-reliable-lithium-ion-battery-pack-11-1v-2600mah-28-86wh\/#primaryimage\",\"url\":\"https:\/\/mylionbattery.com\/wp-content\/uploads\/2025\/06\/11.1V-2600mah-03-6K.webp\",\"contentUrl\":\"https:\/\/mylionbattery.com\/wp-content\/uploads\/2025\/06\/11.1V-2600mah-03-6K.webp\",\"width\":1000,\"height\":1000,\"caption\":\"11.1V 2600mah 03-6K\"},{\"@type\":\"BreadcrumbList\",\"@id\":\"https:\/\/mylionbattery.com\/product\/mylion-reliable-lithium-ion-battery-pack-11-1v-2600mah-28-86wh\/#breadcrumb\",\"itemListElement\":[{\"@type\":\"ListItem\",\"position\":1,\"name\":\"\u9996\u9875\",\"item\":\"https:\/\/mylionbattery.com\/\"},{\"@type\":\"ListItem\",\"position\":2,\"name\":\"Products\",\"item\":\"https:\/\/mylionbattery.com\/products\/\"},{\"@type\":\"ListItem\",\"position\":3,\"name\":\"Mylion Reliable Lithium Ion Battery Pack 11.1V 2600mAh 28.86Wh\"}]},{\"@type\":\"WebSite\",\"@id\":\"https:\/\/mylionbattery.com\/#website\",\"url\":\"https:\/\/mylionbattery.com\/\",\"name\":\"Mylionbattery\",\"description\":\"mylionbattery\",\"publisher\":{\"@id\":\"https:\/\/mylionbattery.com\/#organization\"},\"potentialAction\":[{\"@type\":\"SearchAction\",\"target\":{\"@type\":\"EntryPoint\",\"urlTemplate\":\"https:\/\/mylionbattery.com\/?s={search_term_string}\"},\"query-input\":{\"@type\":\"PropertyValueSpecification\",\"valueRequired\":true,\"valueName\":\"search_term_string\"}}],\"inLanguage\":\"de\"},{\"@type\":\"Organization\",\"@id\":\"https:\/\/mylionbattery.com\/#organization\",\"name\":\"Mylionbattery\",\"url\":\"https:\/\/mylionbattery.com\/\",\"logo\":{\"@type\":\"ImageObject\",\"inLanguage\":\"de\",\"@id\":\"https:\/\/mylionbattery.com\/#\/schema\/logo\/image\/\",\"url\":\"http:\/\/mylionbattery.com\/wp-content\/uploads\/2024\/09\/\u767d\u5e95mylion-logo\u6b63\u65b9\u5f62.png\",\"contentUrl\":\"http:\/\/mylionbattery.com\/wp-content\/uploads\/2024\/09\/\u767d\u5e95mylion-logo\u6b63\u65b9\u5f62.png\",\"width\":600,\"height\":600,\"caption\":\"Mylionbattery\"},\"image\":{\"@id\":\"https:\/\/mylionbattery.com\/#\/schema\/logo\/image\/\"}}]}<\/script>\n<!-- \/ Yoast SEO plugin. -->","yoast_head_json":{"title":"Mylion Reliable Lithium Ion Battery Pack 11.1V 2600mAh 28.86Wh - mylionbattery","description":"Discover Mylion Battery's innovative battery solutions, including mini UPS systems and lithium-ion batteries. Offering high-quality, customizable products designed with advanced technology to deliver exceptional performance and reliability for global markets.","robots":{"index":"index","follow":"follow","max-snippet":"max-snippet:-1","max-image-preview":"max-image-preview:large","max-video-preview":"max-video-preview:-1"},"canonical":"https:\/\/mylionbattery.com\/de\/produkt\/mylion-reliable-lithium-ion-battery-pack-11-1v-2600mah-28-86wh\/","og_locale":"de_DE","og_type":"article","og_title":"Mylion Reliable Lithium Ion Battery Pack 11.1V 2600mAh 28.86Wh - mylionbattery","og_description":"Discover Mylion Battery's innovative battery solutions, including mini UPS systems and lithium-ion batteries. Offering high-quality, customizable products designed with advanced technology to deliver exceptional performance and reliability for global markets.","og_url":"https:\/\/mylionbattery.com\/de\/produkt\/mylion-reliable-lithium-ion-battery-pack-11-1v-2600mah-28-86wh\/","og_site_name":"mylionbattery","article_modified_time":"2025-06-05T05:28:31+00:00","og_image":[{"width":1000,"height":1000,"url":"https:\/\/mylionbattery.com\/wp-content\/uploads\/2025\/06\/11.1V-2600mah-03-6K.webp","type":"image\/jpeg"}],"twitter_card":"summary_large_image","twitter_misc":{"Gesch\u00e4tzte Lesezeit":"3\u00a0Minuten"},"schema":{"@context":"https:\/\/schema.org","@graph":[{"@type":"WebPage","@id":"https:\/\/mylionbattery.com\/product\/mylion-reliable-lithium-ion-battery-pack-11-1v-2600mah-28-86wh\/","url":"https:\/\/mylionbattery.com\/product\/mylion-reliable-lithium-ion-battery-pack-11-1v-2600mah-28-86wh\/","name":"Mylion Reliable Lithium Ion Battery Pack 11.1V 2600mAh 28.86Wh - mylionbattery","isPartOf":{"@id":"https:\/\/mylionbattery.com\/#website"},"primaryImageOfPage":{"@id":"https:\/\/mylionbattery.com\/product\/mylion-reliable-lithium-ion-battery-pack-11-1v-2600mah-28-86wh\/#primaryimage"},"image":{"@id":"https:\/\/mylionbattery.com\/product\/mylion-reliable-lithium-ion-battery-pack-11-1v-2600mah-28-86wh\/#primaryimage"},"thumbnailUrl":"https:\/\/mylionbattery.com\/wp-content\/uploads\/2025\/06\/11.1V-2600mah-03-6K.webp","datePublished":"2025-06-05T03:55:18+00:00","dateModified":"2025-06-05T05:28:31+00:00","description":"Discover Mylion Battery's innovative battery solutions, including mini UPS systems and lithium-ion batteries. Offering high-quality, customizable products designed with advanced technology to deliver exceptional performance and reliability for global markets.","breadcrumb":{"@id":"https:\/\/mylionbattery.com\/product\/mylion-reliable-lithium-ion-battery-pack-11-1v-2600mah-28-86wh\/#breadcrumb"},"inLanguage":"de","potentialAction":[{"@type":"ReadAction","target":["https:\/\/mylionbattery.com\/product\/mylion-reliable-lithium-ion-battery-pack-11-1v-2600mah-28-86wh\/"]}]},{"@type":"ImageObject","inLanguage":"de","@id":"https:\/\/mylionbattery.com\/product\/mylion-reliable-lithium-ion-battery-pack-11-1v-2600mah-28-86wh\/#primaryimage","url":"https:\/\/mylionbattery.com\/wp-content\/uploads\/2025\/06\/11.1V-2600mah-03-6K.webp","contentUrl":"https:\/\/mylionbattery.com\/wp-content\/uploads\/2025\/06\/11.1V-2600mah-03-6K.webp","width":1000,"height":1000,"caption":"11.1V 2600mah 03-6K"},{"@type":"BreadcrumbList","@id":"https:\/\/mylionbattery.com\/product\/mylion-reliable-lithium-ion-battery-pack-11-1v-2600mah-28-86wh\/#breadcrumb","itemListElement":[{"@type":"ListItem","position":1,"name":"\u9996\u9875","item":"https:\/\/mylionbattery.com\/"},{"@type":"ListItem","position":2,"name":"Products","item":"https:\/\/mylionbattery.com\/products\/"},{"@type":"ListItem","position":3,"name":"Mylion Reliable Lithium Ion Battery Pack 11.1V 2600mAh 28.86Wh"}]},{"@type":"WebSite","@id":"https:\/\/mylionbattery.com\/#website","url":"https:\/\/mylionbattery.com\/","name":"Mylionbattery","description":"mylionbattery","publisher":{"@id":"https:\/\/mylionbattery.com\/#organization"},"potentialAction":[{"@type":"SearchAction","target":{"@type":"EntryPoint","urlTemplate":"https:\/\/mylionbattery.com\/?s={search_term_string}"},"query-input":{"@type":"PropertyValueSpecification","valueRequired":true,"valueName":"search_term_string"}}],"inLanguage":"de"},{"@type":"Organization","@id":"https:\/\/mylionbattery.com\/#organization","name":"Mylionbattery","url":"https:\/\/mylionbattery.com\/","logo":{"@type":"ImageObject","inLanguage":"de","@id":"https:\/\/mylionbattery.com\/#\/schema\/logo\/image\/","url":"http:\/\/mylionbattery.com\/wp-content\/uploads\/2024\/09\/\u767d\u5e95mylion-logo\u6b63\u65b9\u5f62.png","contentUrl":"http:\/\/mylionbattery.com\/wp-content\/uploads\/2024\/09\/\u767d\u5e95mylion-logo\u6b63\u65b9\u5f62.png","width":600,"height":600,"caption":"Mylionbattery"},"image":{"@id":"https:\/\/mylionbattery.com\/#\/schema\/logo\/image\/"}}]}},"_links":{"self":[{"href":"https:\/\/mylionbattery.com\/de\/wp-json\/wp\/v2\/product\/1602","targetHints":{"allow":["GET"]}}],"collection":[{"href":"https:\/\/mylionbattery.com\/de\/wp-json\/wp\/v2\/product"}],"about":[{"href":"https:\/\/mylionbattery.com\/de\/wp-json\/wp\/v2\/types\/product"}],"version-history":[{"count":3,"href":"https:\/\/mylionbattery.com\/de\/wp-json\/wp\/v2\/product\/1602\/revisions"}],"predecessor-version":[{"id":1637,"href":"https:\/\/mylionbattery.com\/de\/wp-json\/wp\/v2\/product\/1602\/revisions\/1637"}],"wp:featuredmedia":[{"embeddable":true,"href":"https:\/\/mylionbattery.com\/de\/wp-json\/wp\/v2\/media\/1617"}],"wp:attachment":[{"href":"https:\/\/mylionbattery.com\/de\/wp-json\/wp\/v2\/media?parent=1602"}],"wp:term":[{"taxonomy":"product_brand","embeddable":true,"href":"https:\/\/mylionbattery.com\/de\/wp-json\/wp\/v2\/product_brand?post=1602"},{"taxonomy":"product_cat","embeddable":true,"href":"https:\/\/mylionbattery.com\/de\/wp-json\/wp\/v2\/product_cat?post=1602"},{"taxonomy":"product_tag","embeddable":true,"href":"https:\/\/mylionbattery.com\/de\/wp-json\/wp\/v2\/product_tag?post=1602"}],"curies":[{"name":"wp","href":"https:\/\/api.w.org\/{rel}","templated":true}]}}