{"id":1683,"date":"2025-06-05T06:40:45","date_gmt":"2025-06-05T06:40:45","guid":{"rendered":"https:\/\/lightyellow-sardine-891901.hostingersite.com\/?post_type=product&#038;p=1683"},"modified":"2025-06-05T06:40:45","modified_gmt":"2025-06-05T06:40:45","slug":"mylion-14-8v-2000mah-smart-device-lithium-battery-pack-%e3%80%81-reliable-power-for-intelligent-equipment-and-iot-applications","status":"publish","type":"product","link":"https:\/\/mylionbattery.com\/de\/produkt\/mylion-14-8v-2000mah-smart-device-lithium-battery-pack-%e3%80%81-reliable-power-for-intelligent-equipment-and-iot-applications\/","title":{"rendered":"Mylion 14,8 V 2000 mAh Lithium-Akkupack f\u00fcr Smart-Ger\u00e4te, zuverl\u00e4ssige Stromversorgung f\u00fcr intelligente Ger\u00e4te und IoT-Anwendungen"},"content":{"rendered":"<table style=\"border-collapse: collapse; width: 615.77pt;\" border=\"0\" width=\"1642\" cellspacing=\"0\" cellpadding=\"0\">\n<tbody>\n<tr style=\"height: 17.25pt;\">\n<td class=\"et3\" style=\"height: 17.25pt; width: 209.05pt;\" width=\"557\" height=\"46\">Produktname<\/td>\n<td class=\"et4\" style=\"width: 406.80pt;\" width=\"1084\">Lithium-Ionen-Akkupack<\/td>\n<\/tr>\n<tr style=\"height: 17.25pt;\">\n<td class=\"et3\" style=\"height: 17.25pt;\" height=\"46\">Stilname<\/td>\n<td class=\"et3\">14,8 V 2000 mAh<\/td>\n<\/tr>\n<tr style=\"height: 17.25pt;\">\n<td class=\"et3\" style=\"height: 17.25pt;\" height=\"46\">Normale Kapazit\u00e4t<\/td>\n<td class=\"et5\">2000 mAh<\/td>\n<\/tr>\n<tr style=\"height: 17.25pt;\">\n<td class=\"et3\" style=\"height: 17.25pt;\" height=\"46\">Nennspannung<\/td>\n<td class=\"et5\">14,8 V<\/td>\n<\/tr>\n<tr style=\"height: 17.25pt;\">\n<td class=\"et3\" style=\"height: 17.25pt;\" height=\"46\">Maximale Ladespannung<\/td>\n<td class=\"et5\">16,8 V<\/td>\n<\/tr>\n<tr style=\"height: 17.25pt;\">\n<td class=\"et3\" style=\"height: 17.25pt;\" height=\"46\">Entladeschlussspannung<\/td>\n<td class=\"et5\">12V<\/td>\n<\/tr>\n<tr style=\"height: 17.25pt;\">\n<td class=\"et3\" style=\"height: 17.25pt;\" height=\"46\">Max. Dauer-Entladestrom<\/td>\n<td class=\"et5\">1-2A<\/td>\n<\/tr>\n<tr style=\"height: 17.25pt;\">\n<td class=\"et3\" style=\"height: 17.25pt;\" height=\"46\">Ladestrom<\/td>\n<td class=\"et5\">1-2A<\/td>\n<\/tr>\n<tr style=\"height: 17.25pt;\">\n<td class=\"et3\" style=\"height: 17.25pt;\" height=\"46\">Ausgangsleistung<\/td>\n<td class=\"et5\">29,6 W<\/td>\n<\/tr>\n<tr style=\"height: 17.25pt;\">\n<td class=\"et6\" style=\"height: 34.50pt; border-bottom: .5pt solid #000000;\" rowspan=\"2\" height=\"92\">Arbeitszeit<\/td>\n<td class=\"et7\">Ausgang 14,8 V 0,5 A (7,4 W): ca. 4 Stunden<\/td>\n<\/tr>\n<tr style=\"height: 17.25pt;\">\n<td class=\"et7\">Ausgang 14,8 V 1,0 A (14,8 W): ca. 2 Stunden<\/td>\n<\/tr>\n<tr style=\"height: 17.25pt;\">\n<td class=\"et3\" style=\"height: 17.25pt;\" height=\"46\">Ladeanschluss (IN)<\/td>\n<td class=\"et9\" style=\"border-bottom: .5pt solid #000000;\" rowspan=\"2\">JST oder ausgew\u00e4hlter Stecker<\/td>\n<\/tr>\n<tr style=\"height: 17.25pt;\">\n<td class=\"et3\" style=\"height: 17.25pt;\" height=\"46\">Auslass\u00f6ffnung (OUT)<\/td>\n<\/tr>\n<tr style=\"height: 17.25pt;\">\n<td class=\"et3\" style=\"height: 17.25pt;\" height=\"46\">PVC-Farbe<\/td>\n<td class=\"et11\">Blau<\/td>\n<\/tr>\n<tr style=\"height: 17.25pt;\">\n<td class=\"et3\" style=\"height: 17.25pt;\" height=\"46\">Batterieabmessung (mm)<\/td>\n<td class=\"et5\">130x36x22<\/td>\n<\/tr>\n<tr style=\"height: 17.25pt;\">\n<td class=\"et3\" style=\"height: 17.25pt;\" height=\"46\">Gewicht<\/td>\n<td class=\"et5\">Ca. 180 g<\/td>\n<\/tr>\n<tr style=\"height: 17.25pt;\">\n<td class=\"et12\" style=\"height: 17.25pt;\" height=\"46\">Batteriezellenmarke<\/td>\n<td class=\"et7\">Zelle einer chinesischen Marke (oder Zelle von Samsung, LG, Sony, Sanyo, Panasonic)<\/td>\n<\/tr>\n<tr style=\"height: 17.25pt;\">\n<td class=\"et12\" style=\"height: 17.25pt;\" height=\"46\">Batteriezellenzertifizierung<\/td>\n<td class=\"et7\">CB, CE, UL, UN38.3, BIS, KC, MSDS, ROHS, CQC, SGS, EMV<\/td>\n<\/tr>\n<tr style=\"height: 17.25pt;\">\n<td class=\"et12\" style=\"height: 17.25pt;\" height=\"46\">Batterieschutz<\/td>\n<td class=\"et7\">\u00dcberladung\/-entladung, \u00dcberstrom, Kurzschluss<\/td>\n<\/tr>\n<tr style=\"height: 17.25pt;\">\n<td class=\"et12\" style=\"height: 17.25pt;\" height=\"46\">Lebensdauer<\/td>\n<td class=\"et7\">Standard-Lade- und Entladekapazit\u00e4t \u226580% C5mAh, Zyklenlebensdauer \u2265600<\/td>\n<\/tr>\n<tr style=\"height: 61.00pt;\">\n<td class=\"et12\" style=\"height: 61.00pt;\" height=\"162\">Anwendung<\/td>\n<td class=\"et13\" style=\"width: 406.80pt;\" width=\"1084\">Gartenspritze, medizinisches Instrument, intelligenter Staubsauger, Au\u00dfeninstrument, T\u00fcrsteuerung, Solar-LED, Ersatz f\u00fcr 12-V-Blei-S\u00e4ure-Batterien usw.<\/td>\n<\/tr>\n<tr style=\"height: 17.25pt;\">\n<td class=\"et12\" style=\"height: 17.25pt;\" height=\"46\">Paket<\/td>\n<td class=\"et7\">40 St\u00fcck im Karton (15 x 29 x 37 cm), ca. 8,2 kg\/Karton<\/td>\n<\/tr>\n<tr style=\"height: 17.25pt;\">\n<td class=\"et12\" style=\"height: 17.25pt;\" height=\"46\">Garantie<\/td>\n<td class=\"et7\">12 Monate<\/td>\n<\/tr>\n<\/tbody>\n<\/table>\n<p>&nbsp;<\/p>","protected":false},"excerpt":{"rendered":"<ul>\n<li data-start=\"268\" data-end=\"311\">\n<p data-start=\"270\" data-end=\"311\"><strong data-start=\"270\" data-end=\"293\">Spannung \/ Kapazit\u00e4t:<\/strong> 14,8 V \/ 2000 mAh<\/p>\n<\/li>\n<li data-start=\"312\" data-end=\"334\">\n<p data-start=\"314\" data-end=\"334\"><strong data-start=\"314\" data-end=\"325\">Energie:<\/strong> 29,6 Wh<\/p>\n<\/li>\n<li data-start=\"335\" data-end=\"368\">\n<p data-start=\"337\" data-end=\"368\"><strong data-start=\"337\" data-end=\"360\">Maximale Ladespannung:<\/strong> 16,8 V<\/p>\n<\/li>\n<li data-start=\"369\" data-end=\"407\">\n<p data-start=\"371\" data-end=\"407\"><strong data-start=\"371\" data-end=\"401\">Entladeschlussspannung:<\/strong> 12V<\/p>\n<\/li>\n<li data-start=\"408\" data-end=\"463\">\n<p data-start=\"410\" data-end=\"463\"><strong data-start=\"410\" data-end=\"456\">Max. Dauer-Entlade-\/Ladestrom:<\/strong> 1\u20132A<\/p>\n<\/li>\n<\/ul>","protected":false},"featured_media":1688,"template":"","meta":[],"product_brand":[],"product_cat":[53],"product_tag":[65],"class_list":{"0":"post-1683","1":"product","2":"type-product","3":"status-publish","4":"has-post-thumbnail","6":"product_cat-lithium-battery-pack","7":"product_tag-14-8v-2000mah","9":"first","10":"instock","11":"shipping-taxable","12":"product-type-simple"},"yoast_head":"<!-- This site is optimized with the Yoast SEO plugin v26.1.1 - https:\/\/yoast.com\/wordpress\/plugins\/seo\/ -->\n<title>Mylion 14.8V 2000mAh Smart Device Lithium Battery Pack \u3001 Reliable Power for Intelligent Equipment and IoT Applications - mylionbattery<\/title>\n<meta name=\"description\" content=\"Discover Mylion Battery&#039;s innovative battery solutions, including mini UPS systems and lithium-ion batteries. Offering high-quality, customizable products designed with advanced technology to deliver exceptional performance and reliability for global markets.\" \/>\n<meta name=\"robots\" content=\"index, follow, max-snippet:-1, max-image-preview:large, max-video-preview:-1\" \/>\n<link rel=\"canonical\" href=\"https:\/\/mylionbattery.com\/de\/produkt\/mylion-14-8v-2000mah-smart-device-lithium-battery-pack-\u3001-reliable-power-for-intelligent-equipment-and-iot-applications\/\" \/>\n<meta property=\"og:locale\" content=\"de_DE\" \/>\n<meta property=\"og:type\" content=\"article\" \/>\n<meta property=\"og:title\" content=\"Mylion 14.8V 2000mAh Smart Device Lithium Battery Pack \u3001 Reliable Power for Intelligent Equipment and IoT Applications - mylionbattery\" \/>\n<meta property=\"og:description\" content=\"Discover Mylion Battery&#039;s innovative battery solutions, including mini UPS systems and lithium-ion batteries. Offering high-quality, customizable products designed with advanced technology to deliver exceptional performance and reliability for global markets.\" \/>\n<meta property=\"og:url\" content=\"https:\/\/mylionbattery.com\/de\/produkt\/mylion-14-8v-2000mah-smart-device-lithium-battery-pack-\u3001-reliable-power-for-intelligent-equipment-and-iot-applications\/\" \/>\n<meta property=\"og:site_name\" content=\"mylionbattery\" \/>\n<meta property=\"og:image\" content=\"https:\/\/mylionbattery.com\/wp-content\/uploads\/2025\/06\/14.8v-2000mah-5.webp\" \/>\n\t<meta property=\"og:image:width\" content=\"750\" \/>\n\t<meta property=\"og:image:height\" content=\"750\" \/>\n\t<meta property=\"og:image:type\" content=\"image\/jpeg\" \/>\n<meta name=\"twitter:card\" content=\"summary_large_image\" \/>\n<meta name=\"twitter:label1\" content=\"Gesch\u00e4tzte Lesezeit\" \/>\n\t<meta name=\"twitter:data1\" content=\"1\u00a0Minute\" \/>\n<script type=\"application\/ld+json\" class=\"yoast-schema-graph\">{\"@context\":\"https:\/\/schema.org\",\"@graph\":[{\"@type\":\"WebPage\",\"@id\":\"https:\/\/mylionbattery.com\/product\/mylion-14-8v-2000mah-smart-device-lithium-battery-pack-%e3%80%81-reliable-power-for-intelligent-equipment-and-iot-applications\/\",\"url\":\"https:\/\/mylionbattery.com\/product\/mylion-14-8v-2000mah-smart-device-lithium-battery-pack-%e3%80%81-reliable-power-for-intelligent-equipment-and-iot-applications\/\",\"name\":\"Mylion 14.8V 2000mAh Smart Device Lithium Battery Pack \u3001 Reliable Power for Intelligent Equipment and IoT Applications - mylionbattery\",\"isPartOf\":{\"@id\":\"https:\/\/mylionbattery.com\/#website\"},\"primaryImageOfPage\":{\"@id\":\"https:\/\/mylionbattery.com\/product\/mylion-14-8v-2000mah-smart-device-lithium-battery-pack-%e3%80%81-reliable-power-for-intelligent-equipment-and-iot-applications\/#primaryimage\"},\"image\":{\"@id\":\"https:\/\/mylionbattery.com\/product\/mylion-14-8v-2000mah-smart-device-lithium-battery-pack-%e3%80%81-reliable-power-for-intelligent-equipment-and-iot-applications\/#primaryimage\"},\"thumbnailUrl\":\"https:\/\/mylionbattery.com\/wp-content\/uploads\/2025\/06\/14.8v-2000mah-5.webp\",\"datePublished\":\"2025-06-05T06:40:45+00:00\",\"description\":\"Discover Mylion Battery's innovative battery solutions, including mini UPS systems and lithium-ion batteries. Offering high-quality, customizable products designed with advanced technology to deliver exceptional performance and reliability for global markets.\",\"breadcrumb\":{\"@id\":\"https:\/\/mylionbattery.com\/product\/mylion-14-8v-2000mah-smart-device-lithium-battery-pack-%e3%80%81-reliable-power-for-intelligent-equipment-and-iot-applications\/#breadcrumb\"},\"inLanguage\":\"de\",\"potentialAction\":[{\"@type\":\"ReadAction\",\"target\":[\"https:\/\/mylionbattery.com\/product\/mylion-14-8v-2000mah-smart-device-lithium-battery-pack-%e3%80%81-reliable-power-for-intelligent-equipment-and-iot-applications\/\"]}]},{\"@type\":\"ImageObject\",\"inLanguage\":\"de\",\"@id\":\"https:\/\/mylionbattery.com\/product\/mylion-14-8v-2000mah-smart-device-lithium-battery-pack-%e3%80%81-reliable-power-for-intelligent-equipment-and-iot-applications\/#primaryimage\",\"url\":\"https:\/\/mylionbattery.com\/wp-content\/uploads\/2025\/06\/14.8v-2000mah-5.webp\",\"contentUrl\":\"https:\/\/mylionbattery.com\/wp-content\/uploads\/2025\/06\/14.8v-2000mah-5.webp\",\"width\":750,\"height\":750,\"caption\":\"14.8v-2000mah-5\"},{\"@type\":\"BreadcrumbList\",\"@id\":\"https:\/\/mylionbattery.com\/product\/mylion-14-8v-2000mah-smart-device-lithium-battery-pack-%e3%80%81-reliable-power-for-intelligent-equipment-and-iot-applications\/#breadcrumb\",\"itemListElement\":[{\"@type\":\"ListItem\",\"position\":1,\"name\":\"\u9996\u9875\",\"item\":\"https:\/\/mylionbattery.com\/\"},{\"@type\":\"ListItem\",\"position\":2,\"name\":\"Products\",\"item\":\"https:\/\/mylionbattery.com\/products\/\"},{\"@type\":\"ListItem\",\"position\":3,\"name\":\"Mylion 14.8V 2000mAh Smart Device Lithium Battery Pack \u3001 Reliable Power for Intelligent Equipment and IoT Applications\"}]},{\"@type\":\"WebSite\",\"@id\":\"https:\/\/mylionbattery.com\/#website\",\"url\":\"https:\/\/mylionbattery.com\/\",\"name\":\"Mylionbattery\",\"description\":\"mylionbattery\",\"publisher\":{\"@id\":\"https:\/\/mylionbattery.com\/#organization\"},\"potentialAction\":[{\"@type\":\"SearchAction\",\"target\":{\"@type\":\"EntryPoint\",\"urlTemplate\":\"https:\/\/mylionbattery.com\/?s={search_term_string}\"},\"query-input\":{\"@type\":\"PropertyValueSpecification\",\"valueRequired\":true,\"valueName\":\"search_term_string\"}}],\"inLanguage\":\"de\"},{\"@type\":\"Organization\",\"@id\":\"https:\/\/mylionbattery.com\/#organization\",\"name\":\"Mylionbattery\",\"url\":\"https:\/\/mylionbattery.com\/\",\"logo\":{\"@type\":\"ImageObject\",\"inLanguage\":\"de\",\"@id\":\"https:\/\/mylionbattery.com\/#\/schema\/logo\/image\/\",\"url\":\"http:\/\/mylionbattery.com\/wp-content\/uploads\/2024\/09\/\u767d\u5e95mylion-logo\u6b63\u65b9\u5f62.png\",\"contentUrl\":\"http:\/\/mylionbattery.com\/wp-content\/uploads\/2024\/09\/\u767d\u5e95mylion-logo\u6b63\u65b9\u5f62.png\",\"width\":600,\"height\":600,\"caption\":\"Mylionbattery\"},\"image\":{\"@id\":\"https:\/\/mylionbattery.com\/#\/schema\/logo\/image\/\"}}]}<\/script>\n<!-- \/ Yoast SEO plugin. -->","yoast_head_json":{"title":"Mylion 14.8V 2000mAh Smart Device Lithium Battery Pack \u3001 Reliable Power for Intelligent Equipment and IoT Applications - mylionbattery","description":"Discover Mylion Battery's innovative battery solutions, including mini UPS systems and lithium-ion batteries. Offering high-quality, customizable products designed with advanced technology to deliver exceptional performance and reliability for global markets.","robots":{"index":"index","follow":"follow","max-snippet":"max-snippet:-1","max-image-preview":"max-image-preview:large","max-video-preview":"max-video-preview:-1"},"canonical":"https:\/\/mylionbattery.com\/de\/produkt\/mylion-14-8v-2000mah-smart-device-lithium-battery-pack-\u3001-reliable-power-for-intelligent-equipment-and-iot-applications\/","og_locale":"de_DE","og_type":"article","og_title":"Mylion 14.8V 2000mAh Smart Device Lithium Battery Pack \u3001 Reliable Power for Intelligent Equipment and IoT Applications - mylionbattery","og_description":"Discover Mylion Battery's innovative battery solutions, including mini UPS systems and lithium-ion batteries. Offering high-quality, customizable products designed with advanced technology to deliver exceptional performance and reliability for global markets.","og_url":"https:\/\/mylionbattery.com\/de\/produkt\/mylion-14-8v-2000mah-smart-device-lithium-battery-pack-\u3001-reliable-power-for-intelligent-equipment-and-iot-applications\/","og_site_name":"mylionbattery","og_image":[{"width":750,"height":750,"url":"https:\/\/mylionbattery.com\/wp-content\/uploads\/2025\/06\/14.8v-2000mah-5.webp","type":"image\/jpeg"}],"twitter_card":"summary_large_image","twitter_misc":{"Gesch\u00e4tzte Lesezeit":"1\u00a0Minute"},"schema":{"@context":"https:\/\/schema.org","@graph":[{"@type":"WebPage","@id":"https:\/\/mylionbattery.com\/product\/mylion-14-8v-2000mah-smart-device-lithium-battery-pack-%e3%80%81-reliable-power-for-intelligent-equipment-and-iot-applications\/","url":"https:\/\/mylionbattery.com\/product\/mylion-14-8v-2000mah-smart-device-lithium-battery-pack-%e3%80%81-reliable-power-for-intelligent-equipment-and-iot-applications\/","name":"Mylion 14.8V 2000mAh Smart Device Lithium Battery Pack \u3001 Reliable Power for Intelligent Equipment and IoT Applications - mylionbattery","isPartOf":{"@id":"https:\/\/mylionbattery.com\/#website"},"primaryImageOfPage":{"@id":"https:\/\/mylionbattery.com\/product\/mylion-14-8v-2000mah-smart-device-lithium-battery-pack-%e3%80%81-reliable-power-for-intelligent-equipment-and-iot-applications\/#primaryimage"},"image":{"@id":"https:\/\/mylionbattery.com\/product\/mylion-14-8v-2000mah-smart-device-lithium-battery-pack-%e3%80%81-reliable-power-for-intelligent-equipment-and-iot-applications\/#primaryimage"},"thumbnailUrl":"https:\/\/mylionbattery.com\/wp-content\/uploads\/2025\/06\/14.8v-2000mah-5.webp","datePublished":"2025-06-05T06:40:45+00:00","description":"Discover Mylion Battery's innovative battery solutions, including mini UPS systems and lithium-ion batteries. Offering high-quality, customizable products designed with advanced technology to deliver exceptional performance and reliability for global markets.","breadcrumb":{"@id":"https:\/\/mylionbattery.com\/product\/mylion-14-8v-2000mah-smart-device-lithium-battery-pack-%e3%80%81-reliable-power-for-intelligent-equipment-and-iot-applications\/#breadcrumb"},"inLanguage":"de","potentialAction":[{"@type":"ReadAction","target":["https:\/\/mylionbattery.com\/product\/mylion-14-8v-2000mah-smart-device-lithium-battery-pack-%e3%80%81-reliable-power-for-intelligent-equipment-and-iot-applications\/"]}]},{"@type":"ImageObject","inLanguage":"de","@id":"https:\/\/mylionbattery.com\/product\/mylion-14-8v-2000mah-smart-device-lithium-battery-pack-%e3%80%81-reliable-power-for-intelligent-equipment-and-iot-applications\/#primaryimage","url":"https:\/\/mylionbattery.com\/wp-content\/uploads\/2025\/06\/14.8v-2000mah-5.webp","contentUrl":"https:\/\/mylionbattery.com\/wp-content\/uploads\/2025\/06\/14.8v-2000mah-5.webp","width":750,"height":750,"caption":"14.8v-2000mah-5"},{"@type":"BreadcrumbList","@id":"https:\/\/mylionbattery.com\/product\/mylion-14-8v-2000mah-smart-device-lithium-battery-pack-%e3%80%81-reliable-power-for-intelligent-equipment-and-iot-applications\/#breadcrumb","itemListElement":[{"@type":"ListItem","position":1,"name":"\u9996\u9875","item":"https:\/\/mylionbattery.com\/"},{"@type":"ListItem","position":2,"name":"Products","item":"https:\/\/mylionbattery.com\/products\/"},{"@type":"ListItem","position":3,"name":"Mylion 14.8V 2000mAh Smart Device Lithium Battery Pack \u3001 Reliable Power for Intelligent Equipment and IoT Applications"}]},{"@type":"WebSite","@id":"https:\/\/mylionbattery.com\/#website","url":"https:\/\/mylionbattery.com\/","name":"Mylionbattery","description":"mylionbattery","publisher":{"@id":"https:\/\/mylionbattery.com\/#organization"},"potentialAction":[{"@type":"SearchAction","target":{"@type":"EntryPoint","urlTemplate":"https:\/\/mylionbattery.com\/?s={search_term_string}"},"query-input":{"@type":"PropertyValueSpecification","valueRequired":true,"valueName":"search_term_string"}}],"inLanguage":"de"},{"@type":"Organization","@id":"https:\/\/mylionbattery.com\/#organization","name":"Mylionbattery","url":"https:\/\/mylionbattery.com\/","logo":{"@type":"ImageObject","inLanguage":"de","@id":"https:\/\/mylionbattery.com\/#\/schema\/logo\/image\/","url":"http:\/\/mylionbattery.com\/wp-content\/uploads\/2024\/09\/\u767d\u5e95mylion-logo\u6b63\u65b9\u5f62.png","contentUrl":"http:\/\/mylionbattery.com\/wp-content\/uploads\/2024\/09\/\u767d\u5e95mylion-logo\u6b63\u65b9\u5f62.png","width":600,"height":600,"caption":"Mylionbattery"},"image":{"@id":"https:\/\/mylionbattery.com\/#\/schema\/logo\/image\/"}}]}},"_links":{"self":[{"href":"https:\/\/mylionbattery.com\/de\/wp-json\/wp\/v2\/product\/1683","targetHints":{"allow":["GET"]}}],"collection":[{"href":"https:\/\/mylionbattery.com\/de\/wp-json\/wp\/v2\/product"}],"about":[{"href":"https:\/\/mylionbattery.com\/de\/wp-json\/wp\/v2\/types\/product"}],"version-history":[{"count":1,"href":"https:\/\/mylionbattery.com\/de\/wp-json\/wp\/v2\/product\/1683\/revisions"}],"predecessor-version":[{"id":1689,"href":"https:\/\/mylionbattery.com\/de\/wp-json\/wp\/v2\/product\/1683\/revisions\/1689"}],"wp:featuredmedia":[{"embeddable":true,"href":"https:\/\/mylionbattery.com\/de\/wp-json\/wp\/v2\/media\/1688"}],"wp:attachment":[{"href":"https:\/\/mylionbattery.com\/de\/wp-json\/wp\/v2\/media?parent=1683"}],"wp:term":[{"taxonomy":"product_brand","embeddable":true,"href":"https:\/\/mylionbattery.com\/de\/wp-json\/wp\/v2\/product_brand?post=1683"},{"taxonomy":"product_cat","embeddable":true,"href":"https:\/\/mylionbattery.com\/de\/wp-json\/wp\/v2\/product_cat?post=1683"},{"taxonomy":"product_tag","embeddable":true,"href":"https:\/\/mylionbattery.com\/de\/wp-json\/wp\/v2\/product_tag?post=1683"}],"curies":[{"name":"wp","href":"https:\/\/api.w.org\/{rel}","templated":true}]}}