{"id":2151,"date":"2025-06-17T06:36:39","date_gmt":"2025-06-17T06:36:39","guid":{"rendered":"https:\/\/lightyellow-sardine-891901.hostingersite.com\/?post_type=product&#038;p=2151"},"modified":"2025-07-18T02:09:22","modified_gmt":"2025-07-18T02:09:22","slug":"ultra-thin-3-7v-1500mah-lipo-battery-403865-for-slim-consumer-devices","status":"publish","type":"product","link":"https:\/\/mylionbattery.com\/de\/produkt\/ultra-thin-3-7v-1500mah-lipo-battery-403865-for-slim-consumer-devices\/","title":{"rendered":"Ultrad\u00fcnner 3,7 V 1500 mAh LiPo-Akku 403865 f\u00fcr schlanke Verbraucherger\u00e4te"},"content":{"rendered":"<table style=\"height: 863px;\" width=\"1560\">\n<tbody>\n<tr>\n<td width=\"602\">Produktname<\/td>\n<td width=\"1508\">Lithium-Polymer-Akku 3,7 V 1500 mAh 403865<\/td>\n<\/tr>\n<tr>\n<td>Stilname<\/td>\n<td>3,7 V, 1500 mAh<\/td>\n<\/tr>\n<tr>\n<td>Normale Kapazit\u00e4t<\/td>\n<td>1500 mAh<\/td>\n<\/tr>\n<tr>\n<td>Nennspannung<\/td>\n<td>3,6 V<\/td>\n<\/tr>\n<tr>\n<td>Maximale Ladespannung<\/td>\n<td>4,2 V<\/td>\n<\/tr>\n<tr>\n<td>Entladeschlussspannung<\/td>\n<td>3,0 V<\/td>\n<\/tr>\n<tr>\n<td>Max. Dauer-Entladestrom<\/td>\n<td>1200 mAh<\/td>\n<\/tr>\n<tr>\n<td>Ladestrom<\/td>\n<td>1200 mAh<\/td>\n<\/tr>\n<tr>\n<td>Ausgangsleistung<\/td>\n<td>5,55 Wh<\/td>\n<\/tr>\n<tr>\n<td>Ladeanschluss (IN)<\/td>\n<td rowspan=\"2\">2-poliger JST oder Molex oder ausgew\u00e4hlt<\/td>\n<\/tr>\n<tr>\n<td>Auslass\u00f6ffnung (OUT)<\/td>\n<\/tr>\n<tr>\n<td>PVC-Farbe<\/td>\n<td>Silber<\/td>\n<\/tr>\n<tr>\n<td>Batterieabmessungen<\/td>\n<td>L65,7 x B37,7 x H3,8 mm<\/td>\n<\/tr>\n<tr>\n<td>Gewicht<\/td>\n<td>ca. 19,1 g<\/td>\n<\/tr>\n<tr>\n<td>Batteriezellenmarke<\/td>\n<td>Chinesische Markenzelle<\/td>\n<\/tr>\n<tr>\n<td>Batterieschutz<\/td>\n<td>\u00dcberladung\/-entladung, \u00dcberstrom, Kurzschluss<\/td>\n<\/tr>\n<tr>\n<td>Lebensdauer<\/td>\n<td>Standard-Lade- und Entladekapazit\u00e4t \u226580% C5mAh, Zyklenlebensdauer \u2265600<\/td>\n<\/tr>\n<tr>\n<td>Anwendung<\/td>\n<td>Bluetooth und Unterhaltungselektronik<\/td>\n<\/tr>\n<tr>\n<td>Paket<\/td>\n<td>400 St\u00fcck im Karton (35 x 21 x 30 cm), ca. 9 kg\/Karton<\/td>\n<\/tr>\n<tr>\n<td>Garantie<\/td>\n<td>12 Monate<\/td>\n<\/tr>\n<\/tbody>\n<\/table>\n<p><img data-dominant-color=\"b0bdcd\" data-has-transparency=\"false\" style=\"--dominant-color: #b0bdcd;\" fetchpriority=\"high\" decoding=\"async\" class=\"alignnone size-full wp-image-2159 not-transparent\" src=\"http:\/\/mylionbattery.com\/wp-content\/uploads\/2025\/06\/3.7V-1500mAh-403865._01.webp\" alt=\"\" width=\"1500\" height=\"1528\" srcset=\"https:\/\/mylionbattery.com\/wp-content\/uploads\/2025\/06\/3.7V-1500mAh-403865._01.webp 1500w, https:\/\/mylionbattery.com\/wp-content\/uploads\/2025\/06\/3.7V-1500mAh-403865._01-295x300.webp 295w, https:\/\/mylionbattery.com\/wp-content\/uploads\/2025\/06\/3.7V-1500mAh-403865._01-1005x1024.webp 1005w, https:\/\/mylionbattery.com\/wp-content\/uploads\/2025\/06\/3.7V-1500mAh-403865._01-768x782.webp 768w, https:\/\/mylionbattery.com\/wp-content\/uploads\/2025\/06\/3.7V-1500mAh-403865._01-12x12.webp 12w, https:\/\/mylionbattery.com\/wp-content\/uploads\/2025\/06\/3.7V-1500mAh-403865._01-600x611.webp 600w\" sizes=\"(max-width: 1500px) 100vw, 1500px\" \/> <img data-dominant-color=\"e7edf0\" data-has-transparency=\"false\" style=\"--dominant-color: #e7edf0;\" decoding=\"async\" class=\"alignnone size-full wp-image-2160 not-transparent\" src=\"http:\/\/mylionbattery.com\/wp-content\/uploads\/2025\/06\/3.7V-1500mAh-403865._02-scaled.webp\" alt=\"\" width=\"1423\" height=\"2560\" srcset=\"https:\/\/mylionbattery.com\/wp-content\/uploads\/2025\/06\/3.7V-1500mAh-403865._02-scaled.webp 1423w, https:\/\/mylionbattery.com\/wp-content\/uploads\/2025\/06\/3.7V-1500mAh-403865._02-167x300.webp 167w, https:\/\/mylionbattery.com\/wp-content\/uploads\/2025\/06\/3.7V-1500mAh-403865._02-569x1024.webp 569w, https:\/\/mylionbattery.com\/wp-content\/uploads\/2025\/06\/3.7V-1500mAh-403865._02-768x1381.webp 768w, https:\/\/mylionbattery.com\/wp-content\/uploads\/2025\/06\/3.7V-1500mAh-403865._02-854x1536.webp 854w, https:\/\/mylionbattery.com\/wp-content\/uploads\/2025\/06\/3.7V-1500mAh-403865._02-1139x2048.webp 1139w, https:\/\/mylionbattery.com\/wp-content\/uploads\/2025\/06\/3.7V-1500mAh-403865._02-7x12.webp 7w, https:\/\/mylionbattery.com\/wp-content\/uploads\/2025\/06\/3.7V-1500mAh-403865._02-600x1079.webp 600w\" sizes=\"(max-width: 1423px) 100vw, 1423px\" \/> <img data-dominant-color=\"d7e4eb\" data-has-transparency=\"false\" style=\"--dominant-color: #d7e4eb;\" decoding=\"async\" class=\"alignnone size-full wp-image-2161 not-transparent\" src=\"http:\/\/mylionbattery.com\/wp-content\/uploads\/2025\/06\/3.7V-1500mAh-403865._03.webp\" alt=\"\" width=\"1500\" height=\"1899\" srcset=\"https:\/\/mylionbattery.com\/wp-content\/uploads\/2025\/06\/3.7V-1500mAh-403865._03.webp 1500w, https:\/\/mylionbattery.com\/wp-content\/uploads\/2025\/06\/3.7V-1500mAh-403865._03-237x300.webp 237w, https:\/\/mylionbattery.com\/wp-content\/uploads\/2025\/06\/3.7V-1500mAh-403865._03-809x1024.webp 809w, https:\/\/mylionbattery.com\/wp-content\/uploads\/2025\/06\/3.7V-1500mAh-403865._03-768x972.webp 768w, https:\/\/mylionbattery.com\/wp-content\/uploads\/2025\/06\/3.7V-1500mAh-403865._03-1213x1536.webp 1213w, https:\/\/mylionbattery.com\/wp-content\/uploads\/2025\/06\/3.7V-1500mAh-403865._03-9x12.webp 9w, https:\/\/mylionbattery.com\/wp-content\/uploads\/2025\/06\/3.7V-1500mAh-403865._03-600x760.webp 600w\" sizes=\"(max-width: 1500px) 100vw, 1500px\" \/> <img data-dominant-color=\"e6edf2\" data-has-transparency=\"false\" style=\"--dominant-color: #e6edf2;\" loading=\"lazy\" decoding=\"async\" class=\"alignnone size-full wp-image-2162 not-transparent\" src=\"http:\/\/mylionbattery.com\/wp-content\/uploads\/2025\/06\/3.7V-1500mAh-403865._04.webp\" alt=\"\" width=\"1500\" height=\"2021\" srcset=\"https:\/\/mylionbattery.com\/wp-content\/uploads\/2025\/06\/3.7V-1500mAh-403865._04.webp 1500w, https:\/\/mylionbattery.com\/wp-content\/uploads\/2025\/06\/3.7V-1500mAh-403865._04-223x300.webp 223w, https:\/\/mylionbattery.com\/wp-content\/uploads\/2025\/06\/3.7V-1500mAh-403865._04-760x1024.webp 760w, https:\/\/mylionbattery.com\/wp-content\/uploads\/2025\/06\/3.7V-1500mAh-403865._04-768x1035.webp 768w, https:\/\/mylionbattery.com\/wp-content\/uploads\/2025\/06\/3.7V-1500mAh-403865._04-1140x1536.webp 1140w, https:\/\/mylionbattery.com\/wp-content\/uploads\/2025\/06\/3.7V-1500mAh-403865._04-9x12.webp 9w, https:\/\/mylionbattery.com\/wp-content\/uploads\/2025\/06\/3.7V-1500mAh-403865._04-600x808.webp 600w\" sizes=\"(max-width: 1500px) 100vw, 1500px\" \/> <img data-dominant-color=\"c7dcea\" data-has-transparency=\"false\" style=\"--dominant-color: #c7dcea;\" loading=\"lazy\" decoding=\"async\" class=\"alignnone size-full wp-image-2163 not-transparent\" src=\"http:\/\/mylionbattery.com\/wp-content\/uploads\/2025\/06\/3.7V-1500mAh-403865._05.webp\" alt=\"\" width=\"1500\" height=\"1591\" srcset=\"https:\/\/mylionbattery.com\/wp-content\/uploads\/2025\/06\/3.7V-1500mAh-403865._05.webp 1500w, https:\/\/mylionbattery.com\/wp-content\/uploads\/2025\/06\/3.7V-1500mAh-403865._05-283x300.webp 283w, https:\/\/mylionbattery.com\/wp-content\/uploads\/2025\/06\/3.7V-1500mAh-403865._05-965x1024.webp 965w, https:\/\/mylionbattery.com\/wp-content\/uploads\/2025\/06\/3.7V-1500mAh-403865._05-768x815.webp 768w, https:\/\/mylionbattery.com\/wp-content\/uploads\/2025\/06\/3.7V-1500mAh-403865._05-1448x1536.webp 1448w, https:\/\/mylionbattery.com\/wp-content\/uploads\/2025\/06\/3.7V-1500mAh-403865._05-11x12.webp 11w, https:\/\/mylionbattery.com\/wp-content\/uploads\/2025\/06\/3.7V-1500mAh-403865._05-600x636.webp 600w\" sizes=\"(max-width: 1500px) 100vw, 1500px\" \/><\/p>","protected":false},"excerpt":{"rendered":"<ul>\n<li data-start=\"162\" data-end=\"222\">\n<p data-start=\"164\" data-end=\"222\">Produktname: Lithium-Polymer-Akku 3,7 V 1500 mAh 403865<\/p>\n<\/li>\n<li data-start=\"223\" data-end=\"251\">\n<p data-start=\"225\" data-end=\"251\">Nennkapazit\u00e4t: 1500 mAh<\/p>\n<\/li>\n<li data-start=\"252\" data-end=\"276\">\n<p data-start=\"254\" data-end=\"276\">Nennspannung: 3,6 V<\/p>\n<\/li>\n<li data-start=\"277\" data-end=\"308\">\n<p data-start=\"279\" data-end=\"308\">Maximale Ladespannung: 4,2 V<\/p>\n<\/li>\n<li data-start=\"309\" data-end=\"343\">\n<p data-start=\"311\" data-end=\"343\">Entladeschlussspannung: 3,0 V<\/p>\n<\/li>\n<li data-start=\"344\" data-end=\"388\">\n<p data-start=\"346\" data-end=\"388\">Maximaler kontinuierlicher Entladestrom: 1200 mAh<\/p>\n<\/li>\n<\/ul>","protected":false},"featured_media":2153,"template":"","meta":[],"product_brand":[],"product_cat":[52],"product_tag":[93],"class_list":{"0":"post-2151","1":"product","2":"type-product","3":"status-publish","4":"has-post-thumbnail","6":"product_cat-lipo-battery","7":"product_tag-3-7v-1500mah-403865","9":"first","10":"instock","11":"shipping-taxable","12":"product-type-simple"},"yoast_head":"<!-- This site is optimized with the Yoast SEO plugin v26.1.1 - https:\/\/yoast.com\/wordpress\/plugins\/seo\/ -->\n<title>Ultra-Thin 3.7V 1500mAh LiPo Battery 403865 for Slim Consumer Devices - mylionbattery<\/title>\n<meta name=\"description\" content=\"Discover Mylion Battery&#039;s innovative battery solutions, including mini UPS systems and lithium-ion batteries. Offering high-quality, customizable products designed with advanced technology to deliver exceptional performance and reliability for global markets.\" \/>\n<meta name=\"robots\" content=\"index, follow, max-snippet:-1, max-image-preview:large, max-video-preview:-1\" \/>\n<link rel=\"canonical\" href=\"https:\/\/mylionbattery.com\/de\/produkt\/ultra-thin-3-7v-1500mah-lipo-battery-403865-for-slim-consumer-devices\/\" \/>\n<meta property=\"og:locale\" content=\"de_DE\" \/>\n<meta property=\"og:type\" content=\"article\" \/>\n<meta property=\"og:title\" content=\"Ultra-Thin 3.7V 1500mAh LiPo Battery 403865 for Slim Consumer Devices - mylionbattery\" \/>\n<meta property=\"og:description\" content=\"Discover Mylion Battery&#039;s innovative battery solutions, including mini UPS systems and lithium-ion batteries. Offering high-quality, customizable products designed with advanced technology to deliver exceptional performance and reliability for global markets.\" \/>\n<meta property=\"og:url\" content=\"https:\/\/mylionbattery.com\/de\/produkt\/ultra-thin-3-7v-1500mah-lipo-battery-403865-for-slim-consumer-devices\/\" \/>\n<meta property=\"og:site_name\" content=\"mylionbattery\" \/>\n<meta property=\"article:modified_time\" content=\"2025-07-18T02:09:22+00:00\" \/>\n<meta property=\"og:image\" content=\"https:\/\/mylionbattery.com\/wp-content\/uploads\/2025\/06\/1-24.webp\" \/>\n\t<meta property=\"og:image:width\" content=\"1000\" \/>\n\t<meta property=\"og:image:height\" content=\"1000\" \/>\n\t<meta property=\"og:image:type\" content=\"image\/jpeg\" \/>\n<meta name=\"twitter:card\" content=\"summary_large_image\" \/>\n<meta name=\"twitter:label1\" content=\"Gesch\u00e4tzte Lesezeit\" \/>\n\t<meta name=\"twitter:data1\" content=\"2\u00a0Minuten\" \/>\n<script type=\"application\/ld+json\" class=\"yoast-schema-graph\">{\"@context\":\"https:\/\/schema.org\",\"@graph\":[{\"@type\":\"WebPage\",\"@id\":\"https:\/\/mylionbattery.com\/product\/ultra-thin-3-7v-1500mah-lipo-battery-403865-for-slim-consumer-devices\/\",\"url\":\"https:\/\/mylionbattery.com\/product\/ultra-thin-3-7v-1500mah-lipo-battery-403865-for-slim-consumer-devices\/\",\"name\":\"Ultra-Thin 3.7V 1500mAh LiPo Battery 403865 for Slim Consumer Devices - mylionbattery\",\"isPartOf\":{\"@id\":\"https:\/\/mylionbattery.com\/#website\"},\"primaryImageOfPage\":{\"@id\":\"https:\/\/mylionbattery.com\/product\/ultra-thin-3-7v-1500mah-lipo-battery-403865-for-slim-consumer-devices\/#primaryimage\"},\"image\":{\"@id\":\"https:\/\/mylionbattery.com\/product\/ultra-thin-3-7v-1500mah-lipo-battery-403865-for-slim-consumer-devices\/#primaryimage\"},\"thumbnailUrl\":\"https:\/\/mylionbattery.com\/wp-content\/uploads\/2025\/06\/1-24.webp\",\"datePublished\":\"2025-06-17T06:36:39+00:00\",\"dateModified\":\"2025-07-18T02:09:22+00:00\",\"description\":\"Discover Mylion Battery's innovative battery solutions, including mini UPS systems and lithium-ion batteries. Offering high-quality, customizable products designed with advanced technology to deliver exceptional performance and reliability for global markets.\",\"breadcrumb\":{\"@id\":\"https:\/\/mylionbattery.com\/product\/ultra-thin-3-7v-1500mah-lipo-battery-403865-for-slim-consumer-devices\/#breadcrumb\"},\"inLanguage\":\"de\",\"potentialAction\":[{\"@type\":\"ReadAction\",\"target\":[\"https:\/\/mylionbattery.com\/product\/ultra-thin-3-7v-1500mah-lipo-battery-403865-for-slim-consumer-devices\/\"]}]},{\"@type\":\"ImageObject\",\"inLanguage\":\"de\",\"@id\":\"https:\/\/mylionbattery.com\/product\/ultra-thin-3-7v-1500mah-lipo-battery-403865-for-slim-consumer-devices\/#primaryimage\",\"url\":\"https:\/\/mylionbattery.com\/wp-content\/uploads\/2025\/06\/1-24.webp\",\"contentUrl\":\"https:\/\/mylionbattery.com\/wp-content\/uploads\/2025\/06\/1-24.webp\",\"width\":1000,\"height\":1000,\"caption\":\"3.7V 1500mAh 403865\"},{\"@type\":\"BreadcrumbList\",\"@id\":\"https:\/\/mylionbattery.com\/product\/ultra-thin-3-7v-1500mah-lipo-battery-403865-for-slim-consumer-devices\/#breadcrumb\",\"itemListElement\":[{\"@type\":\"ListItem\",\"position\":1,\"name\":\"\u9996\u9875\",\"item\":\"https:\/\/mylionbattery.com\/\"},{\"@type\":\"ListItem\",\"position\":2,\"name\":\"Products\",\"item\":\"https:\/\/mylionbattery.com\/products\/\"},{\"@type\":\"ListItem\",\"position\":3,\"name\":\"Ultra-Thin 3.7V 1500mAh LiPo Battery 403865 for Slim Consumer Devices\"}]},{\"@type\":\"WebSite\",\"@id\":\"https:\/\/mylionbattery.com\/#website\",\"url\":\"https:\/\/mylionbattery.com\/\",\"name\":\"Mylionbattery\",\"description\":\"mylionbattery\",\"publisher\":{\"@id\":\"https:\/\/mylionbattery.com\/#organization\"},\"potentialAction\":[{\"@type\":\"SearchAction\",\"target\":{\"@type\":\"EntryPoint\",\"urlTemplate\":\"https:\/\/mylionbattery.com\/?s={search_term_string}\"},\"query-input\":{\"@type\":\"PropertyValueSpecification\",\"valueRequired\":true,\"valueName\":\"search_term_string\"}}],\"inLanguage\":\"de\"},{\"@type\":\"Organization\",\"@id\":\"https:\/\/mylionbattery.com\/#organization\",\"name\":\"Mylionbattery\",\"url\":\"https:\/\/mylionbattery.com\/\",\"logo\":{\"@type\":\"ImageObject\",\"inLanguage\":\"de\",\"@id\":\"https:\/\/mylionbattery.com\/#\/schema\/logo\/image\/\",\"url\":\"http:\/\/mylionbattery.com\/wp-content\/uploads\/2024\/09\/\u767d\u5e95mylion-logo\u6b63\u65b9\u5f62.png\",\"contentUrl\":\"http:\/\/mylionbattery.com\/wp-content\/uploads\/2024\/09\/\u767d\u5e95mylion-logo\u6b63\u65b9\u5f62.png\",\"width\":600,\"height\":600,\"caption\":\"Mylionbattery\"},\"image\":{\"@id\":\"https:\/\/mylionbattery.com\/#\/schema\/logo\/image\/\"}}]}<\/script>\n<!-- \/ Yoast SEO plugin. -->","yoast_head_json":{"title":"Ultra-Thin 3.7V 1500mAh LiPo Battery 403865 for Slim Consumer Devices - mylionbattery","description":"Discover Mylion Battery's innovative battery solutions, including mini UPS systems and lithium-ion batteries. Offering high-quality, customizable products designed with advanced technology to deliver exceptional performance and reliability for global markets.","robots":{"index":"index","follow":"follow","max-snippet":"max-snippet:-1","max-image-preview":"max-image-preview:large","max-video-preview":"max-video-preview:-1"},"canonical":"https:\/\/mylionbattery.com\/de\/produkt\/ultra-thin-3-7v-1500mah-lipo-battery-403865-for-slim-consumer-devices\/","og_locale":"de_DE","og_type":"article","og_title":"Ultra-Thin 3.7V 1500mAh LiPo Battery 403865 for Slim Consumer Devices - mylionbattery","og_description":"Discover Mylion Battery's innovative battery solutions, including mini UPS systems and lithium-ion batteries. Offering high-quality, customizable products designed with advanced technology to deliver exceptional performance and reliability for global markets.","og_url":"https:\/\/mylionbattery.com\/de\/produkt\/ultra-thin-3-7v-1500mah-lipo-battery-403865-for-slim-consumer-devices\/","og_site_name":"mylionbattery","article_modified_time":"2025-07-18T02:09:22+00:00","og_image":[{"width":1000,"height":1000,"url":"https:\/\/mylionbattery.com\/wp-content\/uploads\/2025\/06\/1-24.webp","type":"image\/jpeg"}],"twitter_card":"summary_large_image","twitter_misc":{"Gesch\u00e4tzte Lesezeit":"2\u00a0Minuten"},"schema":{"@context":"https:\/\/schema.org","@graph":[{"@type":"WebPage","@id":"https:\/\/mylionbattery.com\/product\/ultra-thin-3-7v-1500mah-lipo-battery-403865-for-slim-consumer-devices\/","url":"https:\/\/mylionbattery.com\/product\/ultra-thin-3-7v-1500mah-lipo-battery-403865-for-slim-consumer-devices\/","name":"Ultra-Thin 3.7V 1500mAh LiPo Battery 403865 for Slim Consumer Devices - mylionbattery","isPartOf":{"@id":"https:\/\/mylionbattery.com\/#website"},"primaryImageOfPage":{"@id":"https:\/\/mylionbattery.com\/product\/ultra-thin-3-7v-1500mah-lipo-battery-403865-for-slim-consumer-devices\/#primaryimage"},"image":{"@id":"https:\/\/mylionbattery.com\/product\/ultra-thin-3-7v-1500mah-lipo-battery-403865-for-slim-consumer-devices\/#primaryimage"},"thumbnailUrl":"https:\/\/mylionbattery.com\/wp-content\/uploads\/2025\/06\/1-24.webp","datePublished":"2025-06-17T06:36:39+00:00","dateModified":"2025-07-18T02:09:22+00:00","description":"Discover Mylion Battery's innovative battery solutions, including mini UPS systems and lithium-ion batteries. Offering high-quality, customizable products designed with advanced technology to deliver exceptional performance and reliability for global markets.","breadcrumb":{"@id":"https:\/\/mylionbattery.com\/product\/ultra-thin-3-7v-1500mah-lipo-battery-403865-for-slim-consumer-devices\/#breadcrumb"},"inLanguage":"de","potentialAction":[{"@type":"ReadAction","target":["https:\/\/mylionbattery.com\/product\/ultra-thin-3-7v-1500mah-lipo-battery-403865-for-slim-consumer-devices\/"]}]},{"@type":"ImageObject","inLanguage":"de","@id":"https:\/\/mylionbattery.com\/product\/ultra-thin-3-7v-1500mah-lipo-battery-403865-for-slim-consumer-devices\/#primaryimage","url":"https:\/\/mylionbattery.com\/wp-content\/uploads\/2025\/06\/1-24.webp","contentUrl":"https:\/\/mylionbattery.com\/wp-content\/uploads\/2025\/06\/1-24.webp","width":1000,"height":1000,"caption":"3.7V 1500mAh 403865"},{"@type":"BreadcrumbList","@id":"https:\/\/mylionbattery.com\/product\/ultra-thin-3-7v-1500mah-lipo-battery-403865-for-slim-consumer-devices\/#breadcrumb","itemListElement":[{"@type":"ListItem","position":1,"name":"\u9996\u9875","item":"https:\/\/mylionbattery.com\/"},{"@type":"ListItem","position":2,"name":"Products","item":"https:\/\/mylionbattery.com\/products\/"},{"@type":"ListItem","position":3,"name":"Ultra-Thin 3.7V 1500mAh LiPo Battery 403865 for Slim Consumer Devices"}]},{"@type":"WebSite","@id":"https:\/\/mylionbattery.com\/#website","url":"https:\/\/mylionbattery.com\/","name":"Mylionbattery","description":"mylionbattery","publisher":{"@id":"https:\/\/mylionbattery.com\/#organization"},"potentialAction":[{"@type":"SearchAction","target":{"@type":"EntryPoint","urlTemplate":"https:\/\/mylionbattery.com\/?s={search_term_string}"},"query-input":{"@type":"PropertyValueSpecification","valueRequired":true,"valueName":"search_term_string"}}],"inLanguage":"de"},{"@type":"Organization","@id":"https:\/\/mylionbattery.com\/#organization","name":"Mylionbattery","url":"https:\/\/mylionbattery.com\/","logo":{"@type":"ImageObject","inLanguage":"de","@id":"https:\/\/mylionbattery.com\/#\/schema\/logo\/image\/","url":"http:\/\/mylionbattery.com\/wp-content\/uploads\/2024\/09\/\u767d\u5e95mylion-logo\u6b63\u65b9\u5f62.png","contentUrl":"http:\/\/mylionbattery.com\/wp-content\/uploads\/2024\/09\/\u767d\u5e95mylion-logo\u6b63\u65b9\u5f62.png","width":600,"height":600,"caption":"Mylionbattery"},"image":{"@id":"https:\/\/mylionbattery.com\/#\/schema\/logo\/image\/"}}]}},"_links":{"self":[{"href":"https:\/\/mylionbattery.com\/de\/wp-json\/wp\/v2\/product\/2151","targetHints":{"allow":["GET"]}}],"collection":[{"href":"https:\/\/mylionbattery.com\/de\/wp-json\/wp\/v2\/product"}],"about":[{"href":"https:\/\/mylionbattery.com\/de\/wp-json\/wp\/v2\/types\/product"}],"version-history":[{"count":1,"href":"https:\/\/mylionbattery.com\/de\/wp-json\/wp\/v2\/product\/2151\/revisions"}],"predecessor-version":[{"id":2165,"href":"https:\/\/mylionbattery.com\/de\/wp-json\/wp\/v2\/product\/2151\/revisions\/2165"}],"wp:featuredmedia":[{"embeddable":true,"href":"https:\/\/mylionbattery.com\/de\/wp-json\/wp\/v2\/media\/2153"}],"wp:attachment":[{"href":"https:\/\/mylionbattery.com\/de\/wp-json\/wp\/v2\/media?parent=2151"}],"wp:term":[{"taxonomy":"product_brand","embeddable":true,"href":"https:\/\/mylionbattery.com\/de\/wp-json\/wp\/v2\/product_brand?post=2151"},{"taxonomy":"product_cat","embeddable":true,"href":"https:\/\/mylionbattery.com\/de\/wp-json\/wp\/v2\/product_cat?post=2151"},{"taxonomy":"product_tag","embeddable":true,"href":"https:\/\/mylionbattery.com\/de\/wp-json\/wp\/v2\/product_tag?post=2151"}],"curies":[{"name":"wp","href":"https:\/\/api.w.org\/{rel}","templated":true}]}}