{"id":458,"date":"2024-09-09T14:05:18","date_gmt":"2024-09-09T14:05:18","guid":{"rendered":"https:\/\/lightyellow-sardine-891901.hostingersite.com\/?page_id=458"},"modified":"2024-11-13T06:31:08","modified_gmt":"2024-11-13T06:31:08","slug":"blog","status":"publish","type":"page","link":"https:\/\/mylionbattery.com\/es\/blog\/","title":{"rendered":"Blog"},"content":{"rendered":"<div data-elementor-type=\"wp-page\" data-elementor-id=\"458\" class=\"elementor elementor-458\" data-elementor-post-type=\"page\">\n\t\t\t\t<div class=\"elementor-element elementor-element-5f2c3781 e-flex e-con-boxed e-con e-parent\" data-id=\"5f2c3781\" data-element_type=\"container\" data-settings=\"{&quot;background_background&quot;:&quot;classic&quot;,&quot;ekit_has_onepagescroll_dot&quot;:&quot;yes&quot;}\">\n\t\t\t\t\t<div class=\"e-con-inner\">\n\t\t\t\t\t<\/div>\n\t\t\t\t<\/div>\n\t\t\t\t<section class=\"elementor-section elementor-top-section elementor-element elementor-element-76b0b33d elementor-section-boxed elementor-section-height-default elementor-section-height-default\" data-id=\"76b0b33d\" data-element_type=\"section\" id=\"xs_blog_post_meta_info_btn\" data-settings=\"{&quot;background_background&quot;:&quot;classic&quot;,&quot;ekit_has_onepagescroll_dot&quot;:&quot;yes&quot;}\">\n\t\t\t\t\t\t<div class=\"elementor-container elementor-column-gap-default\">\n\t\t\t\t\t<div class=\"elementor-column elementor-col-100 elementor-top-column elementor-element elementor-element-4716f385\" data-id=\"4716f385\" data-element_type=\"column\">\n\t\t\t<div class=\"elementor-widget-wrap elementor-element-populated\">\n\t\t\t\t\t\t<div class=\"elementor-element elementor-element-266188c3 elementor-widget elementor-widget-elementskit-heading\" data-id=\"266188c3\" data-element_type=\"widget\" data-settings=\"{&quot;ekit_we_effect_on&quot;:&quot;none&quot;}\" data-widget_type=\"elementskit-heading.default\">\n\t\t\t\t<div class=\"elementor-widget-container\">\n\t\t\t\t\t<div class=\"ekit-wid-con\" ><div class=\"ekit-heading elementskit-section-title-wraper center   ekit_heading_tablet-   ekit_heading_mobile-\"><h2 class=\"ekit-heading--title elementskit-section-title\">Noticias de Mylion<\/h2><div class=\"ekit_heading_separetor_wraper ekit_heading_elementskit-border-divider\"><div class=\"elementskit-border-divider\"><\/div><\/div>\t\t\t\t<div class='ekit-heading__description'>\n\t\t\t\t\t<p>Mylion es un fabricante de Mini UPS, sistemas de energ\u00eda solar, bater\u00edas de iones de litio y bater\u00edas NiMH, investigaci\u00f3n y desarrollo, producci\u00f3n y ventas.<\/p>\n\t\t\t\t<\/div>\n\t\t\t<\/div><\/div>\t\t\t\t<\/div>\n\t\t\t\t<\/div>\n\t\t\t\t<div class=\"elementor-element elementor-element-3174b6f elementor-grid-3 elementor-grid-tablet-2 elementor-grid-mobile-1 elementor-posts--thumbnail-top elementor-posts--show-avatar elementor-card-shadow-yes elementor-posts__hover-gradient elementor-widget elementor-widget-posts\" data-id=\"3174b6f\" data-element_type=\"widget\" data-settings=\"{&quot;cards_columns&quot;:&quot;3&quot;,&quot;cards_columns_tablet&quot;:&quot;2&quot;,&quot;cards_columns_mobile&quot;:&quot;1&quot;,&quot;cards_row_gap&quot;:{&quot;unit&quot;:&quot;px&quot;,&quot;size&quot;:35,&quot;sizes&quot;:[]},&quot;cards_row_gap_tablet&quot;:{&quot;unit&quot;:&quot;px&quot;,&quot;size&quot;:&quot;&quot;,&quot;sizes&quot;:[]},&quot;cards_row_gap_mobile&quot;:{&quot;unit&quot;:&quot;px&quot;,&quot;size&quot;:&quot;&quot;,&quot;sizes&quot;:[]},&quot;ekit_we_effect_on&quot;:&quot;none&quot;}\" data-widget_type=\"posts.cards\">\n\t\t\t\t<div class=\"elementor-widget-container\">\n\t\t\t\t\t\t\t<div class=\"elementor-posts-container elementor-posts elementor-posts--skin-cards elementor-grid\">\n\t\t\t\t<article class=\"elementor-post elementor-grid-item post-475 post type-post status-publish format-standard has-post-thumbnail hentry category-blog\">\n\t\t\t<div class=\"elementor-post__card\">\n\t\t\t\t<a class=\"elementor-post__thumbnail__link\" href=\"https:\/\/mylionbattery.com\/es\/cutting-edge-technology-and-applications-of-12v-lithium-iron-battery-12v-lifepo4-battery\/\" tabindex=\"-1\" ><div class=\"elementor-post__thumbnail\"><img fetchpriority=\"high\" decoding=\"async\" width=\"800\" height=\"600\" src=\"https:\/\/mylionbattery.com\/wp-content\/uploads\/2024\/09\/12V-50ah-jpg-1024x768.webp\" class=\"attachment-large size-large wp-image-476\" alt=\"\" srcset=\"https:\/\/mylionbattery.com\/wp-content\/uploads\/2024\/09\/12V-50ah-jpg-1024x768.webp 1024w, https:\/\/mylionbattery.com\/wp-content\/uploads\/2024\/09\/12V-50ah-jpg-300x225.webp 300w, https:\/\/mylionbattery.com\/wp-content\/uploads\/2024\/09\/12V-50ah-jpg-768x576.webp 768w, https:\/\/mylionbattery.com\/wp-content\/uploads\/2024\/09\/12V-50ah-jpg-600x450.webp 600w, https:\/\/mylionbattery.com\/wp-content\/uploads\/2024\/09\/12V-50ah-jpg.webp 1166w\" sizes=\"(max-width: 800px) 100vw, 800px\" \/><\/div><\/a>\n\t\t\t\t<div class=\"elementor-post__badge\">Blog<\/div>\n\t\t\t\t<div class=\"elementor-post__avatar\">\n\t\t\t\t\t<\/div>\n\t\t\t\t<div class=\"elementor-post__text\">\n\t\t\t\t<h3 class=\"elementor-post__title\">\n\t\t\t<a href=\"https:\/\/mylionbattery.com\/es\/cutting-edge-technology-and-applications-of-12v-lithium-iron-battery-12v-lifepo4-battery\/\" >\n\t\t\t\tTecnolog\u00eda de vanguardia y aplicaciones de la bater\u00eda de litio-hierro de 12 V (bater\u00eda LiFePO4 de 12 V)\t\t\t<\/a>\n\t\t<\/h3>\n\t\t\t\t<div class=\"elementor-post__excerpt\">\n\t\t\t<p>Tecnolog\u00eda de vanguardia y aplicaciones de la bater\u00eda de litio y hierro de 12 V (bater\u00eda LiFePO4 de 12 V) En el r\u00e1pido desarrollo de la ciencia y la tecnolog\u00eda modernas, la tecnolog\u00eda de almacenamiento de energ\u00eda ha<\/p>\n\t\t<\/div>\n\t\t\n\t\t<a class=\"elementor-post__read-more\" href=\"https:\/\/mylionbattery.com\/es\/cutting-edge-technology-and-applications-of-12v-lithium-iron-battery-12v-lifepo4-battery\/\" aria-label=\"Read more about Cutting-edge technology and applications of 12V lithium iron battery (12V LiFePO4 Battery)\" tabindex=\"-1\" >\n\t\t\tLeer m\u00e1s &quot;\t\t<\/a>\n\n\t\t\t\t<\/div>\n\t\t\t\t<div class=\"elementor-post__meta-data\">\n\t\t\t\t\t<span class=\"elementor-post-date\">\n\t\t\t9 de septiembre de 2024\t\t<\/span>\n\t\t\t\t<\/div>\n\t\t\t\t\t<\/div>\n\t\t<\/article>\n\t\t\t\t<article class=\"elementor-post elementor-grid-item post-472 post type-post status-publish format-standard has-post-thumbnail hentry category-blog\">\n\t\t\t<div class=\"elementor-post__card\">\n\t\t\t\t<a class=\"elementor-post__thumbnail__link\" href=\"https:\/\/mylionbattery.com\/es\/3s-mini-dc-ups%ef%bc%9asmall-size-big-power-stay-connected-anywhere-with-mini-ups\/\" tabindex=\"-1\" ><div class=\"elementor-post__thumbnail\"><img decoding=\"async\" width=\"768\" height=\"1024\" src=\"https:\/\/mylionbattery.com\/wp-content\/uploads\/2024\/09\/\u5fae\u4fe1\u56fe\u7247_20230105174243-jpg-768x1024.webp\" class=\"attachment-large size-large wp-image-473\" alt=\"\" srcset=\"https:\/\/mylionbattery.com\/wp-content\/uploads\/2024\/09\/\u5fae\u4fe1\u56fe\u7247_20230105174243-jpg-768x1024.webp 768w, https:\/\/mylionbattery.com\/wp-content\/uploads\/2024\/09\/\u5fae\u4fe1\u56fe\u7247_20230105174243-jpg-225x300.webp 225w, https:\/\/mylionbattery.com\/wp-content\/uploads\/2024\/09\/\u5fae\u4fe1\u56fe\u7247_20230105174243-jpg-600x800.webp 600w, https:\/\/mylionbattery.com\/wp-content\/uploads\/2024\/09\/\u5fae\u4fe1\u56fe\u7247_20230105174243-jpg.webp 1080w\" sizes=\"(max-width: 768px) 100vw, 768px\" \/><\/div><\/a>\n\t\t\t\t<div class=\"elementor-post__badge\">Blog<\/div>\n\t\t\t\t<div class=\"elementor-post__avatar\">\n\t\t\t\t\t<\/div>\n\t\t\t\t<div class=\"elementor-post__text\">\n\t\t\t\t<h3 class=\"elementor-post__title\">\n\t\t\t<a href=\"https:\/\/mylionbattery.com\/es\/3s-mini-dc-ups%ef%bc%9asmall-size-big-power-stay-connected-anywhere-with-mini-ups\/\" >\n\t\t\t\tMini UPS DC 3S: tama\u00f1o peque\u00f1o, gran potencia. \u00a1Mant\u00e9ngase conectado en cualquier lugar con Mini UPS!\t\t\t<\/a>\n\t\t<\/h3>\n\t\t\t\t<div class=\"elementor-post__excerpt\">\n\t\t\t<p>Adopte la tendencia imparable de los mini SAI de CC Como todos sabemos, los mini SAI de CC (sistemas de alimentaci\u00f3n ininterrumpida) se est\u00e1n volviendo cada vez m\u00e1s populares. Se utilizan com\u00fanmente con<\/p>\n\t\t<\/div>\n\t\t\n\t\t<a class=\"elementor-post__read-more\" href=\"https:\/\/mylionbattery.com\/es\/3s-mini-dc-ups%ef%bc%9asmall-size-big-power-stay-connected-anywhere-with-mini-ups\/\" aria-label=\"Read more about 3S Mini DC UPS\uff1aSmall Size, Big Power\u2014Stay Connected Anywhere with Mini UPS!\" tabindex=\"-1\" >\n\t\t\tLeer m\u00e1s &quot;\t\t<\/a>\n\n\t\t\t\t<\/div>\n\t\t\t\t<div class=\"elementor-post__meta-data\">\n\t\t\t\t\t<span class=\"elementor-post-date\">\n\t\t\t9 de septiembre de 2024\t\t<\/span>\n\t\t\t\t<\/div>\n\t\t\t\t\t<\/div>\n\t\t<\/article>\n\t\t\t\t<article class=\"elementor-post elementor-grid-item post-468 post type-post status-publish format-standard has-post-thumbnail hentry category-blog\">\n\t\t\t<div class=\"elementor-post__card\">\n\t\t\t\t<a class=\"elementor-post__thumbnail__link\" href=\"https:\/\/mylionbattery.com\/es\/mylion-battery-solution-achieved-great-success-at-the-135thcanton-fair\/\" tabindex=\"-1\" ><div class=\"elementor-post__thumbnail\"><img decoding=\"async\" width=\"800\" height=\"600\" src=\"https:\/\/mylionbattery.com\/wp-content\/uploads\/2024\/09\/4-2048x1536-1-1024x768.webp\" class=\"attachment-large size-large wp-image-469\" alt=\"Our Service\" srcset=\"https:\/\/mylionbattery.com\/wp-content\/uploads\/2024\/09\/4-2048x1536-1-1024x768.webp 1024w, https:\/\/mylionbattery.com\/wp-content\/uploads\/2024\/09\/4-2048x1536-1-300x225.webp 300w, https:\/\/mylionbattery.com\/wp-content\/uploads\/2024\/09\/4-2048x1536-1-768x576.webp 768w, https:\/\/mylionbattery.com\/wp-content\/uploads\/2024\/09\/4-2048x1536-1-1536x1152.webp 1536w, https:\/\/mylionbattery.com\/wp-content\/uploads\/2024\/09\/4-2048x1536-1-600x450.webp 600w, https:\/\/mylionbattery.com\/wp-content\/uploads\/2024\/09\/4-2048x1536-1.webp 2048w\" sizes=\"(max-width: 800px) 100vw, 800px\" \/><\/div><\/a>\n\t\t\t\t<div class=\"elementor-post__badge\">Blog<\/div>\n\t\t\t\t<div class=\"elementor-post__avatar\">\n\t\t\t\t\t<\/div>\n\t\t\t\t<div class=\"elementor-post__text\">\n\t\t\t\t<h3 class=\"elementor-post__title\">\n\t\t\t<a href=\"https:\/\/mylionbattery.com\/es\/mylion-battery-solution-achieved-great-success-at-the-135thcanton-fair\/\" >\n\t\t\t\t\u00a1La soluci\u00f3n de bater\u00eda Mylion logr\u00f3 un gran \u00e9xito en la 135\u00aa Feria de Cant\u00f3n!\t\t\t<\/a>\n\t\t<\/h3>\n\t\t\t\t<div class=\"elementor-post__excerpt\">\n\t\t\t<p>En la reciente Feria de Cant\u00f3n, la soluci\u00f3n Mylion Battery fue todo un \u00e9xito. Durante la exposici\u00f3n, nuestra empresa particip\u00f3 activamente y logr\u00f3 resultados emocionantes.<\/p>\n\t\t<\/div>\n\t\t\n\t\t<a class=\"elementor-post__read-more\" href=\"https:\/\/mylionbattery.com\/es\/mylion-battery-solution-achieved-great-success-at-the-135thcanton-fair\/\" aria-label=\"Read more about Mylion Battery solution achieved great success at the 135thCanton Fair!\" tabindex=\"-1\" >\n\t\t\tLeer m\u00e1s &quot;\t\t<\/a>\n\n\t\t\t\t<\/div>\n\t\t\t\t<div class=\"elementor-post__meta-data\">\n\t\t\t\t\t<span class=\"elementor-post-date\">\n\t\t\t9 de septiembre de 2024\t\t<\/span>\n\t\t\t\t<\/div>\n\t\t\t\t\t<\/div>\n\t\t<\/article>\n\t\t\t\t<\/div>\n\t\t\n\t\t\t\t\t\t<\/div>\n\t\t\t\t<\/div>\n\t\t\t\t\t<\/div>\n\t\t<\/div>\n\t\t\t\t\t<\/div>\n\t\t<\/section>\n\t\t\t\t<\/div>","protected":false},"excerpt":{"rendered":"<p>Mylion News Mylion is a manufacturer of Mini UPS,solar energy system,lithium-ion battery and Nimh battery\u2019s research and development, production and sales.<\/p>","protected":false},"author":1,"featured_media":0,"parent":0,"menu_order":0,"comment_status":"closed","ping_status":"closed","template":"","meta":{"footnotes":""},"class_list":["post-458","page","type-page","status-publish","hentry"],"yoast_head":"<!-- This site is optimized with the Yoast SEO plugin v26.1.1 - https:\/\/yoast.com\/wordpress\/plugins\/seo\/ -->\n<title>Blog - mylionbattery<\/title>\n<meta name=\"description\" content=\"Discover Mylion Battery&#039;s innovative battery solutions, including mini UPS systems and lithium-ion batteries. Offering high-quality, customizable products designed with advanced technology to deliver exceptional performance and reliability for global markets.\" \/>\n<meta name=\"robots\" content=\"index, follow, max-snippet:-1, max-image-preview:large, max-video-preview:-1\" \/>\n<link rel=\"canonical\" href=\"https:\/\/mylionbattery.com\/es\/blog\/\" \/>\n<meta property=\"og:locale\" content=\"es_ES\" \/>\n<meta property=\"og:type\" content=\"article\" \/>\n<meta property=\"og:title\" content=\"Blog - mylionbattery\" \/>\n<meta property=\"og:description\" content=\"Discover Mylion Battery&#039;s innovative battery solutions, including mini UPS systems and lithium-ion batteries. Offering high-quality, customizable products designed with advanced technology to deliver exceptional performance and reliability for global markets.\" \/>\n<meta property=\"og:url\" content=\"https:\/\/mylionbattery.com\/es\/blog\/\" \/>\n<meta property=\"og:site_name\" content=\"mylionbattery\" \/>\n<meta property=\"article:modified_time\" content=\"2024-11-13T06:31:08+00:00\" \/>\n<meta property=\"og:image\" content=\"https:\/\/mylionbattery.com\/wp-content\/uploads\/2024\/09\/cropped-\u767d\u5e95mylion-logo\u6b63\u65b9\u5f62.png\" \/>\n\t<meta property=\"og:image:width\" content=\"512\" \/>\n\t<meta property=\"og:image:height\" content=\"512\" \/>\n\t<meta property=\"og:image:type\" content=\"image\/png\" \/>\n<meta name=\"twitter:card\" content=\"summary_large_image\" \/>\n<script type=\"application\/ld+json\" class=\"yoast-schema-graph\">{\"@context\":\"https:\/\/schema.org\",\"@graph\":[{\"@type\":\"WebPage\",\"@id\":\"https:\/\/mylionbattery.com\/de\/blog\/\",\"url\":\"https:\/\/mylionbattery.com\/de\/blog\/\",\"name\":\"Blog - mylionbattery\",\"isPartOf\":{\"@id\":\"https:\/\/mylionbattery.com\/#website\"},\"datePublished\":\"2024-09-09T14:05:18+00:00\",\"dateModified\":\"2024-11-13T06:31:08+00:00\",\"description\":\"Discover Mylion Battery's innovative battery solutions, including mini UPS systems and lithium-ion batteries. Offering high-quality, customizable products designed with advanced technology to deliver exceptional performance and reliability for global markets.\",\"breadcrumb\":{\"@id\":\"https:\/\/mylionbattery.com\/de\/blog\/#breadcrumb\"},\"inLanguage\":\"es\",\"potentialAction\":[{\"@type\":\"ReadAction\",\"target\":[\"https:\/\/mylionbattery.com\/de\/blog\/\"]}]},{\"@type\":\"BreadcrumbList\",\"@id\":\"https:\/\/mylionbattery.com\/de\/blog\/#breadcrumb\",\"itemListElement\":[{\"@type\":\"ListItem\",\"position\":1,\"name\":\"\u9996\u9875\",\"item\":\"https:\/\/mylionbattery.com\/\"},{\"@type\":\"ListItem\",\"position\":2,\"name\":\"Blog\"}]},{\"@type\":\"WebSite\",\"@id\":\"https:\/\/mylionbattery.com\/#website\",\"url\":\"https:\/\/mylionbattery.com\/\",\"name\":\"Mylionbattery\",\"description\":\"mylionbattery\",\"publisher\":{\"@id\":\"https:\/\/mylionbattery.com\/#organization\"},\"potentialAction\":[{\"@type\":\"SearchAction\",\"target\":{\"@type\":\"EntryPoint\",\"urlTemplate\":\"https:\/\/mylionbattery.com\/?s={search_term_string}\"},\"query-input\":{\"@type\":\"PropertyValueSpecification\",\"valueRequired\":true,\"valueName\":\"search_term_string\"}}],\"inLanguage\":\"es\"},{\"@type\":\"Organization\",\"@id\":\"https:\/\/mylionbattery.com\/#organization\",\"name\":\"Mylionbattery\",\"url\":\"https:\/\/mylionbattery.com\/\",\"logo\":{\"@type\":\"ImageObject\",\"inLanguage\":\"es\",\"@id\":\"https:\/\/mylionbattery.com\/#\/schema\/logo\/image\/\",\"url\":\"http:\/\/mylionbattery.com\/wp-content\/uploads\/2024\/09\/\u767d\u5e95mylion-logo\u6b63\u65b9\u5f62.png\",\"contentUrl\":\"http:\/\/mylionbattery.com\/wp-content\/uploads\/2024\/09\/\u767d\u5e95mylion-logo\u6b63\u65b9\u5f62.png\",\"width\":600,\"height\":600,\"caption\":\"Mylionbattery\"},\"image\":{\"@id\":\"https:\/\/mylionbattery.com\/#\/schema\/logo\/image\/\"}}]}<\/script>\n<!-- \/ Yoast SEO plugin. -->","yoast_head_json":{"title":"Blog - mylionbattery","description":"Discover Mylion Battery's innovative battery solutions, including mini UPS systems and lithium-ion batteries. Offering high-quality, customizable products designed with advanced technology to deliver exceptional performance and reliability for global markets.","robots":{"index":"index","follow":"follow","max-snippet":"max-snippet:-1","max-image-preview":"max-image-preview:large","max-video-preview":"max-video-preview:-1"},"canonical":"https:\/\/mylionbattery.com\/es\/blog\/","og_locale":"es_ES","og_type":"article","og_title":"Blog - mylionbattery","og_description":"Discover Mylion Battery's innovative battery solutions, including mini UPS systems and lithium-ion batteries. Offering high-quality, customizable products designed with advanced technology to deliver exceptional performance and reliability for global markets.","og_url":"https:\/\/mylionbattery.com\/es\/blog\/","og_site_name":"mylionbattery","article_modified_time":"2024-11-13T06:31:08+00:00","og_image":[{"width":512,"height":512,"url":"https:\/\/mylionbattery.com\/wp-content\/uploads\/2024\/09\/cropped-\u767d\u5e95mylion-logo\u6b63\u65b9\u5f62.png","type":"image\/png"}],"twitter_card":"summary_large_image","schema":{"@context":"https:\/\/schema.org","@graph":[{"@type":"WebPage","@id":"https:\/\/mylionbattery.com\/de\/blog\/","url":"https:\/\/mylionbattery.com\/de\/blog\/","name":"Blog - mylionbattery","isPartOf":{"@id":"https:\/\/mylionbattery.com\/#website"},"datePublished":"2024-09-09T14:05:18+00:00","dateModified":"2024-11-13T06:31:08+00:00","description":"Discover Mylion Battery's innovative battery solutions, including mini UPS systems and lithium-ion batteries. Offering high-quality, customizable products designed with advanced technology to deliver exceptional performance and reliability for global markets.","breadcrumb":{"@id":"https:\/\/mylionbattery.com\/de\/blog\/#breadcrumb"},"inLanguage":"es","potentialAction":[{"@type":"ReadAction","target":["https:\/\/mylionbattery.com\/de\/blog\/"]}]},{"@type":"BreadcrumbList","@id":"https:\/\/mylionbattery.com\/de\/blog\/#breadcrumb","itemListElement":[{"@type":"ListItem","position":1,"name":"\u9996\u9875","item":"https:\/\/mylionbattery.com\/"},{"@type":"ListItem","position":2,"name":"Blog"}]},{"@type":"WebSite","@id":"https:\/\/mylionbattery.com\/#website","url":"https:\/\/mylionbattery.com\/","name":"Mylionbattery","description":"mylionbattery","publisher":{"@id":"https:\/\/mylionbattery.com\/#organization"},"potentialAction":[{"@type":"SearchAction","target":{"@type":"EntryPoint","urlTemplate":"https:\/\/mylionbattery.com\/?s={search_term_string}"},"query-input":{"@type":"PropertyValueSpecification","valueRequired":true,"valueName":"search_term_string"}}],"inLanguage":"es"},{"@type":"Organization","@id":"https:\/\/mylionbattery.com\/#organization","name":"Mylionbattery","url":"https:\/\/mylionbattery.com\/","logo":{"@type":"ImageObject","inLanguage":"es","@id":"https:\/\/mylionbattery.com\/#\/schema\/logo\/image\/","url":"http:\/\/mylionbattery.com\/wp-content\/uploads\/2024\/09\/\u767d\u5e95mylion-logo\u6b63\u65b9\u5f62.png","contentUrl":"http:\/\/mylionbattery.com\/wp-content\/uploads\/2024\/09\/\u767d\u5e95mylion-logo\u6b63\u65b9\u5f62.png","width":600,"height":600,"caption":"Mylionbattery"},"image":{"@id":"https:\/\/mylionbattery.com\/#\/schema\/logo\/image\/"}}]}},"_links":{"self":[{"href":"https:\/\/mylionbattery.com\/es\/wp-json\/wp\/v2\/pages\/458","targetHints":{"allow":["GET"]}}],"collection":[{"href":"https:\/\/mylionbattery.com\/es\/wp-json\/wp\/v2\/pages"}],"about":[{"href":"https:\/\/mylionbattery.com\/es\/wp-json\/wp\/v2\/types\/page"}],"author":[{"embeddable":true,"href":"https:\/\/mylionbattery.com\/es\/wp-json\/wp\/v2\/users\/1"}],"replies":[{"embeddable":true,"href":"https:\/\/mylionbattery.com\/es\/wp-json\/wp\/v2\/comments?post=458"}],"version-history":[{"count":15,"href":"https:\/\/mylionbattery.com\/es\/wp-json\/wp\/v2\/pages\/458\/revisions"}],"predecessor-version":[{"id":1334,"href":"https:\/\/mylionbattery.com\/es\/wp-json\/wp\/v2\/pages\/458\/revisions\/1334"}],"wp:attachment":[{"href":"https:\/\/mylionbattery.com\/es\/wp-json\/wp\/v2\/media?parent=458"}],"curies":[{"name":"wp","href":"https:\/\/api.w.org\/{rel}","templated":true}]}}