{"id":694,"date":"2024-09-10T22:29:43","date_gmt":"2024-09-10T22:29:43","guid":{"rendered":"https:\/\/lightyellow-sardine-891901.hostingersite.com\/?page_id=694"},"modified":"2026-01-22T01:23:04","modified_gmt":"2026-01-22T01:23:04","slug":"about-us","status":"publish","type":"page","link":"https:\/\/mylionbattery.com\/es\/about-us\/","title":{"rendered":"Acerca de"},"content":{"rendered":"<div data-elementor-type=\"wp-page\" data-elementor-id=\"694\" class=\"elementor elementor-694\" data-elementor-post-type=\"page\">\n\t\t\t\t<div class=\"elementor-element elementor-element-5f2c3781 e-flex e-con-boxed e-con e-parent\" data-id=\"5f2c3781\" data-element_type=\"container\" data-settings=\"{&quot;background_background&quot;:&quot;classic&quot;,&quot;ekit_has_onepagescroll_dot&quot;:&quot;yes&quot;}\">\n\t\t\t\t\t<div class=\"e-con-inner\">\n\t\t\t\t<div class=\"elementor-element elementor-element-c991d4c elementor-widget elementor-widget-heading\" data-id=\"c991d4c\" data-element_type=\"widget\" data-settings=\"{&quot;ekit_we_effect_on&quot;:&quot;none&quot;}\" data-widget_type=\"heading.default\">\n\t\t\t\t<div class=\"elementor-widget-container\">\n\t\t\t\t\t<h1 class=\"elementor-heading-title elementor-size-default\">Acerca de Mylion<\/h1>\t\t\t\t<\/div>\n\t\t\t\t<\/div>\n\t\t\t\t\t<\/div>\n\t\t\t\t<\/div>\n\t\t\t\t<section class=\"elementor-section elementor-top-section elementor-element elementor-element-76b0b33d elementor-section-boxed elementor-section-height-default elementor-section-height-default\" data-id=\"76b0b33d\" data-element_type=\"section\" id=\"xs_blog_post_meta_info_btn\" data-settings=\"{&quot;background_background&quot;:&quot;classic&quot;,&quot;ekit_has_onepagescroll_dot&quot;:&quot;yes&quot;}\">\n\t\t\t\t\t\t<div class=\"elementor-container elementor-column-gap-default\">\n\t\t\t\t\t<div class=\"elementor-column elementor-col-100 elementor-top-column elementor-element elementor-element-4716f385\" data-id=\"4716f385\" data-element_type=\"column\">\n\t\t\t<div class=\"elementor-widget-wrap elementor-element-populated\">\n\t\t\t\t\t\t<div class=\"elementor-element elementor-element-860c502 elementor-widget elementor-widget-heading\" data-id=\"860c502\" data-element_type=\"widget\" data-settings=\"{&quot;ekit_we_effect_on&quot;:&quot;none&quot;}\" data-widget_type=\"heading.default\">\n\t\t\t\t<div class=\"elementor-widget-container\">\n\t\t\t\t\t<h2 class=\"elementor-heading-title elementor-size-default\">Sobre nosotros<\/h2>\t\t\t\t<\/div>\n\t\t\t\t<\/div>\n\t\t\t\t<div class=\"elementor-element elementor-element-8b095fe elementor-widget elementor-widget-heading\" data-id=\"8b095fe\" data-element_type=\"widget\" data-settings=\"{&quot;ekit_we_effect_on&quot;:&quot;none&quot;}\" data-widget_type=\"heading.default\">\n\t\t\t\t<div class=\"elementor-widget-container\">\n\t\t\t\t\t<h2 class=\"elementor-heading-title elementor-size-default\">Presentaci\u00f3n de la empresa MYLION: fabricante de bater\u00edas de litio personalizadas<\/h2>\t\t\t\t<\/div>\n\t\t\t\t<\/div>\n\t\t\t\t<div class=\"elementor-element elementor-element-c35d97f elementor-widget elementor-widget-text-editor\" data-id=\"c35d97f\" data-element_type=\"widget\" data-settings=\"{&quot;ekit_we_effect_on&quot;:&quot;none&quot;}\" data-widget_type=\"text-editor.default\">\n\t\t\t\t<div class=\"elementor-widget-container\">\n\t\t\t\t\t\t\t\t\t<p>Mylion es un fabricante profesional de bater\u00edas de litio especializado en soluciones personalizadas para clientes B2B globales. Nos especializamos en el dise\u00f1o, desarrollo y producci\u00f3n de bater\u00edas de litio de alto rendimiento para carritos de golf, carretillas elevadoras, sistemas de bater\u00edas de 12 V, mini SAI y una amplia gama de aplicaciones personalizadas con bater\u00edas 18650 y Li-Po.<\/p><p>Con sede en China e instalaciones de fabricaci\u00f3n especializadas, Mylion integra el ensamblaje, las pruebas, el envejecimiento y el control de calidad de los paquetes de bater\u00edas en un sistema de producci\u00f3n completo. Nuestro enfoque de ingenier\u00eda nos permite respaldar proyectos OEM y ODM, entregando paquetes de bater\u00edas optimizados para las necesidades reales de cada aplicaci\u00f3n, en lugar de dise\u00f1os est\u00e1ndar.<\/p><p>La cartera de productos de Mylion incluye bater\u00edas de litio para carritos de golf y veh\u00edculos el\u00e9ctricos ligeros, carretillas elevadoras y equipos de manipulaci\u00f3n de materiales, bater\u00edas de litio de 12 V para energ\u00eda de respaldo y uso industrial, sistemas mini UPS, as\u00ed como bater\u00edas 18650 y Li-Po personalizadas para electr\u00f3nica, dispositivos m\u00e9dicos, equipos para exteriores y aplicaciones de almacenamiento de energ\u00eda. Ofrecemos personalizaci\u00f3n en par\u00e1metros el\u00e9ctricos, composici\u00f3n qu\u00edmica de la bater\u00eda, dise\u00f1o de BMS, estructura mec\u00e1nica, protocolos de comunicaci\u00f3n y caracter\u00edsticas de protecci\u00f3n de seguridad.<\/p><p>Todos los paquetes de bater\u00edas Mylion cumplen con las principales normas y certificaciones internacionales, como UL, IEC62133, UN38.3, CE, FCC, RoHS, REACH y MSDS, lo que garantiza el cumplimiento normativo en Estados Unidos, Europa y otros mercados globales. Se aplica un estricto control de calidad desde la selecci\u00f3n de la materia prima hasta la inspecci\u00f3n final para garantizar la seguridad, la fiabilidad y una larga vida \u00fatil.<\/p><p>Mylion atiende a clientes de todo el mundo con una capacidad de producci\u00f3n estable, un soporte de ingenier\u00eda \u00e1gil y una fiabilidad de suministro a largo plazo. Contamos con experiencia trabajando con marcas internacionales, distribuidores y clientes industriales que requieren una calidad constante, una comunicaci\u00f3n clara y una entrega fiable.<\/p><p>A medida que las cadenas de suministro globales contin\u00faan evolucionando, Mylion sigue comprometido con estrategias de fabricaci\u00f3n flexibles y crecimiento sustentable, con el objetivo de convertirse en un socio confiable de paquetes de bater\u00edas a largo plazo para clientes OEM y B2B globales.<\/p>\t\t\t\t\t\t\t\t<\/div>\n\t\t\t\t<\/div>\n\t\t\t\t<div class=\"elementor-element elementor-element-1d8f1f5 elementor-widget elementor-widget-video\" data-id=\"1d8f1f5\" data-element_type=\"widget\" data-settings=\"{&quot;youtube_url&quot;:&quot;https:\\\/\\\/youtu.be\\\/P8v9ginqEX8&quot;,&quot;start&quot;:2,&quot;autoplay&quot;:&quot;yes&quot;,&quot;play_on_mobile&quot;:&quot;yes&quot;,&quot;mute&quot;:&quot;yes&quot;,&quot;lazy_load&quot;:&quot;yes&quot;,&quot;video_type&quot;:&quot;youtube&quot;,&quot;controls&quot;:&quot;yes&quot;,&quot;ekit_we_effect_on&quot;:&quot;none&quot;}\" data-widget_type=\"video.default\">\n\t\t\t\t<div class=\"elementor-widget-container\">\n\t\t\t\t\t\t\t<div class=\"elementor-wrapper elementor-open-inline\">\n\t\t\t<div class=\"elementor-video\"><\/div>\t\t<\/div>\n\t\t\t\t\t\t<\/div>\n\t\t\t\t<\/div>\n\t\t\t\t<div class=\"elementor-element elementor-element-5236d51 elementor-align-left elementor-invisible elementor-widget elementor-widget-elementskit-button\" data-id=\"5236d51\" data-element_type=\"widget\" data-settings=\"{&quot;_animation&quot;:&quot;slideInRight&quot;,&quot;ekit_we_effect_on&quot;:&quot;none&quot;}\" data-widget_type=\"elementskit-button.default\">\n\t\t\t\t<div class=\"elementor-widget-container\">\n\t\t\t\t\t<div class=\"ekit-wid-con\" >\t\t<div class=\"ekit-btn-wraper\">\n\t\t\t\t\t\t\t<a href=\"https:\/\/mylionbattery.com\/es\/our-service\/\" class=\"elementskit-btn  whitespace--normal\" id=\"\">\n\t\t\t\t\tNuestro servicio\t\t\t\t<\/a>\n\t\t\t\t\t<\/div>\n        <\/div>\t\t\t\t<\/div>\n\t\t\t\t<\/div>\n\t\t\t\t\t<\/div>\n\t\t<\/div>\n\t\t\t\t\t<\/div>\n\t\t<\/section>\n\t\t\t\t<\/div>","protected":false},"excerpt":{"rendered":"<p>About Mylion About Us MYLION Company Introduction \u2013 Customized Lithium Battery Pack Manufacturer Mylion is a professional lithium battery pack manufacturer specializing in customized battery solutions for global B2B customers. We focus on the design, development, and production of high-performance lithium battery packs for golf carts, forklifts, 12V battery systems, Mini UPS, and a wide [&hellip;]<\/p>","protected":false},"author":1,"featured_media":0,"parent":0,"menu_order":0,"comment_status":"closed","ping_status":"closed","template":"","meta":{"footnotes":""},"class_list":["post-694","page","type-page","status-publish","hentry"],"yoast_head":"<!-- This site is optimized with the Yoast SEO plugin v26.1.1 - https:\/\/yoast.com\/wordpress\/plugins\/seo\/ -->\n<title>About - mylionbattery<\/title>\n<meta name=\"description\" content=\"Discover Mylion Battery&#039;s innovative battery solutions, including mini UPS systems and lithium-ion batteries. Offering high-quality, customizable products designed with advanced technology to deliver exceptional performance and reliability for global markets.\" \/>\n<meta name=\"robots\" content=\"index, follow, max-snippet:-1, max-image-preview:large, max-video-preview:-1\" \/>\n<link rel=\"canonical\" href=\"https:\/\/mylionbattery.com\/es\/about-us\/\" \/>\n<meta property=\"og:locale\" content=\"es_ES\" \/>\n<meta property=\"og:type\" content=\"article\" \/>\n<meta property=\"og:title\" content=\"About - mylionbattery\" \/>\n<meta property=\"og:description\" content=\"Discover Mylion Battery&#039;s innovative battery solutions, including mini UPS systems and lithium-ion batteries. Offering high-quality, customizable products designed with advanced technology to deliver exceptional performance and reliability for global markets.\" \/>\n<meta property=\"og:url\" content=\"https:\/\/mylionbattery.com\/es\/about-us\/\" \/>\n<meta property=\"og:site_name\" content=\"mylionbattery\" \/>\n<meta property=\"article:modified_time\" content=\"2026-01-22T01:23:04+00:00\" \/>\n<meta property=\"og:image\" content=\"https:\/\/mylionbattery.com\/wp-content\/uploads\/2024\/09\/cropped-\u767d\u5e95mylion-logo\u6b63\u65b9\u5f62.png\" \/>\n\t<meta property=\"og:image:width\" content=\"512\" \/>\n\t<meta property=\"og:image:height\" content=\"512\" \/>\n\t<meta property=\"og:image:type\" content=\"image\/png\" \/>\n<meta name=\"twitter:card\" content=\"summary_large_image\" \/>\n<meta name=\"twitter:label1\" content=\"Tiempo de lectura\" \/>\n\t<meta name=\"twitter:data1\" content=\"2 minutos\" \/>\n<script type=\"application\/ld+json\" class=\"yoast-schema-graph\">{\"@context\":\"https:\/\/schema.org\",\"@graph\":[{\"@type\":\"WebPage\",\"@id\":\"https:\/\/mylionbattery.com\/fr\/about-us\/\",\"url\":\"https:\/\/mylionbattery.com\/fr\/about-us\/\",\"name\":\"About - mylionbattery\",\"isPartOf\":{\"@id\":\"https:\/\/mylionbattery.com\/#website\"},\"datePublished\":\"2024-09-10T22:29:43+00:00\",\"dateModified\":\"2026-01-22T01:23:04+00:00\",\"description\":\"Discover Mylion Battery's innovative battery solutions, including mini UPS systems and lithium-ion batteries. Offering high-quality, customizable products designed with advanced technology to deliver exceptional performance and reliability for global markets.\",\"breadcrumb\":{\"@id\":\"https:\/\/mylionbattery.com\/fr\/about-us\/#breadcrumb\"},\"inLanguage\":\"es\",\"potentialAction\":[{\"@type\":\"ReadAction\",\"target\":[\"https:\/\/mylionbattery.com\/fr\/about-us\/\"]}]},{\"@type\":\"BreadcrumbList\",\"@id\":\"https:\/\/mylionbattery.com\/fr\/about-us\/#breadcrumb\",\"itemListElement\":[{\"@type\":\"ListItem\",\"position\":1,\"name\":\"\u9996\u9875\",\"item\":\"https:\/\/mylionbattery.com\/\"},{\"@type\":\"ListItem\",\"position\":2,\"name\":\"About\"}]},{\"@type\":\"WebSite\",\"@id\":\"https:\/\/mylionbattery.com\/#website\",\"url\":\"https:\/\/mylionbattery.com\/\",\"name\":\"Mylionbattery\",\"description\":\"mylionbattery\",\"publisher\":{\"@id\":\"https:\/\/mylionbattery.com\/#organization\"},\"potentialAction\":[{\"@type\":\"SearchAction\",\"target\":{\"@type\":\"EntryPoint\",\"urlTemplate\":\"https:\/\/mylionbattery.com\/?s={search_term_string}\"},\"query-input\":{\"@type\":\"PropertyValueSpecification\",\"valueRequired\":true,\"valueName\":\"search_term_string\"}}],\"inLanguage\":\"es\"},{\"@type\":\"Organization\",\"@id\":\"https:\/\/mylionbattery.com\/#organization\",\"name\":\"Mylionbattery\",\"url\":\"https:\/\/mylionbattery.com\/\",\"logo\":{\"@type\":\"ImageObject\",\"inLanguage\":\"es\",\"@id\":\"https:\/\/mylionbattery.com\/#\/schema\/logo\/image\/\",\"url\":\"http:\/\/mylionbattery.com\/wp-content\/uploads\/2024\/09\/\u767d\u5e95mylion-logo\u6b63\u65b9\u5f62.png\",\"contentUrl\":\"http:\/\/mylionbattery.com\/wp-content\/uploads\/2024\/09\/\u767d\u5e95mylion-logo\u6b63\u65b9\u5f62.png\",\"width\":600,\"height\":600,\"caption\":\"Mylionbattery\"},\"image\":{\"@id\":\"https:\/\/mylionbattery.com\/#\/schema\/logo\/image\/\"}}]}<\/script>\n<!-- \/ Yoast SEO plugin. -->","yoast_head_json":{"title":"About - mylionbattery","description":"Discover Mylion Battery's innovative battery solutions, including mini UPS systems and lithium-ion batteries. Offering high-quality, customizable products designed with advanced technology to deliver exceptional performance and reliability for global markets.","robots":{"index":"index","follow":"follow","max-snippet":"max-snippet:-1","max-image-preview":"max-image-preview:large","max-video-preview":"max-video-preview:-1"},"canonical":"https:\/\/mylionbattery.com\/es\/about-us\/","og_locale":"es_ES","og_type":"article","og_title":"About - mylionbattery","og_description":"Discover Mylion Battery's innovative battery solutions, including mini UPS systems and lithium-ion batteries. Offering high-quality, customizable products designed with advanced technology to deliver exceptional performance and reliability for global markets.","og_url":"https:\/\/mylionbattery.com\/es\/about-us\/","og_site_name":"mylionbattery","article_modified_time":"2026-01-22T01:23:04+00:00","og_image":[{"width":512,"height":512,"url":"https:\/\/mylionbattery.com\/wp-content\/uploads\/2024\/09\/cropped-\u767d\u5e95mylion-logo\u6b63\u65b9\u5f62.png","type":"image\/png"}],"twitter_card":"summary_large_image","twitter_misc":{"Tiempo de lectura":"2 minutos"},"schema":{"@context":"https:\/\/schema.org","@graph":[{"@type":"WebPage","@id":"https:\/\/mylionbattery.com\/fr\/about-us\/","url":"https:\/\/mylionbattery.com\/fr\/about-us\/","name":"About - mylionbattery","isPartOf":{"@id":"https:\/\/mylionbattery.com\/#website"},"datePublished":"2024-09-10T22:29:43+00:00","dateModified":"2026-01-22T01:23:04+00:00","description":"Discover Mylion Battery's innovative battery solutions, including mini UPS systems and lithium-ion batteries. Offering high-quality, customizable products designed with advanced technology to deliver exceptional performance and reliability for global markets.","breadcrumb":{"@id":"https:\/\/mylionbattery.com\/fr\/about-us\/#breadcrumb"},"inLanguage":"es","potentialAction":[{"@type":"ReadAction","target":["https:\/\/mylionbattery.com\/fr\/about-us\/"]}]},{"@type":"BreadcrumbList","@id":"https:\/\/mylionbattery.com\/fr\/about-us\/#breadcrumb","itemListElement":[{"@type":"ListItem","position":1,"name":"\u9996\u9875","item":"https:\/\/mylionbattery.com\/"},{"@type":"ListItem","position":2,"name":"About"}]},{"@type":"WebSite","@id":"https:\/\/mylionbattery.com\/#website","url":"https:\/\/mylionbattery.com\/","name":"Mylionbattery","description":"mylionbattery","publisher":{"@id":"https:\/\/mylionbattery.com\/#organization"},"potentialAction":[{"@type":"SearchAction","target":{"@type":"EntryPoint","urlTemplate":"https:\/\/mylionbattery.com\/?s={search_term_string}"},"query-input":{"@type":"PropertyValueSpecification","valueRequired":true,"valueName":"search_term_string"}}],"inLanguage":"es"},{"@type":"Organization","@id":"https:\/\/mylionbattery.com\/#organization","name":"Mylionbattery","url":"https:\/\/mylionbattery.com\/","logo":{"@type":"ImageObject","inLanguage":"es","@id":"https:\/\/mylionbattery.com\/#\/schema\/logo\/image\/","url":"http:\/\/mylionbattery.com\/wp-content\/uploads\/2024\/09\/\u767d\u5e95mylion-logo\u6b63\u65b9\u5f62.png","contentUrl":"http:\/\/mylionbattery.com\/wp-content\/uploads\/2024\/09\/\u767d\u5e95mylion-logo\u6b63\u65b9\u5f62.png","width":600,"height":600,"caption":"Mylionbattery"},"image":{"@id":"https:\/\/mylionbattery.com\/#\/schema\/logo\/image\/"}}]}},"_links":{"self":[{"href":"https:\/\/mylionbattery.com\/es\/wp-json\/wp\/v2\/pages\/694","targetHints":{"allow":["GET"]}}],"collection":[{"href":"https:\/\/mylionbattery.com\/es\/wp-json\/wp\/v2\/pages"}],"about":[{"href":"https:\/\/mylionbattery.com\/es\/wp-json\/wp\/v2\/types\/page"}],"author":[{"embeddable":true,"href":"https:\/\/mylionbattery.com\/es\/wp-json\/wp\/v2\/users\/1"}],"replies":[{"embeddable":true,"href":"https:\/\/mylionbattery.com\/es\/wp-json\/wp\/v2\/comments?post=694"}],"version-history":[{"count":10,"href":"https:\/\/mylionbattery.com\/es\/wp-json\/wp\/v2\/pages\/694\/revisions"}],"predecessor-version":[{"id":2780,"href":"https:\/\/mylionbattery.com\/es\/wp-json\/wp\/v2\/pages\/694\/revisions\/2780"}],"wp:attachment":[{"href":"https:\/\/mylionbattery.com\/es\/wp-json\/wp\/v2\/media?parent=694"}],"curies":[{"name":"wp","href":"https:\/\/api.w.org\/{rel}","templated":true}]}}