{"id":1035,"date":"2024-09-20T03:44:39","date_gmt":"2024-09-20T03:44:39","guid":{"rendered":"https:\/\/lightyellow-sardine-891901.hostingersite.com\/?post_type=product&#038;p=1035"},"modified":"2025-07-22T06:37:20","modified_gmt":"2025-07-22T06:37:20","slug":"mylion-12v50ah-lifepo4-lithium-battery-for-electric-golf-trolley-cart-parts","status":"publish","type":"product","link":"https:\/\/mylionbattery.com\/es\/producto\/mylion-12v50ah-lifepo4-lithium-battery-for-electric-golf-trolley-cart-parts\/","title":{"rendered":"Bater\u00eda de litio LiFePO4 de 12 V y 50 Ah de Mylion para piezas de carritos de golf el\u00e9ctricos"},"content":{"rendered":"<p>Bater\u00eda de litio LiFePO4 de 12 V y 50 Ah de Mylion para carritos de golf el\u00e9ctricos<\/p>\n<table width=\"925\">\n<tbody>\n<tr>\n<td colspan=\"2\" width=\"925\">Toda la informaci\u00f3n a continuaci\u00f3n es correcta y REAL.<\/td>\n<\/tr>\n<tr>\n<td>Nombre del producto<\/td>\n<td>Bater\u00edas de almacenamiento Lifepo4 de bater\u00edas de fosfato de hierro y litio<\/td>\n<\/tr>\n<tr>\n<td>Nombre del estilo<\/td>\n<td>Bater\u00eda solar LiFe PO4 de 12 V y 50 Ah<\/td>\n<\/tr>\n<tr>\n<td>Capacidad normal<\/td>\n<td>50 Ah<\/td>\n<\/tr>\n<tr>\n<td>Voltaje nominal<\/td>\n<td>12 V<\/td>\n<\/tr>\n<tr>\n<td>Voltaje m\u00e1ximo de carga<\/td>\n<td>14,6 V<\/td>\n<\/tr>\n<tr>\n<td>Tensi\u00f3n de descarga de corte<\/td>\n<td>10 V<\/td>\n<\/tr>\n<tr>\n<td>Corriente m\u00e1xima de descarga continua<\/td>\n<td>20A<\/td>\n<\/tr>\n<tr>\n<td>Corriente de carga<\/td>\n<td>10 A m\u00e1x.<\/td>\n<\/tr>\n<tr>\n<td>Potencia de salida<\/td>\n<td>600 W<\/td>\n<\/tr>\n<tr>\n<td rowspan=\"2\">Tiempo de trabajo<\/td>\n<td>Salida 12 V 0,5 A (6 W): aprox. 100 horas<\/td>\n<\/tr>\n<tr>\n<td>Salida 12 V 1,0 A (12 W): aproximadamente 50 horas<\/td>\n<\/tr>\n<tr>\n<td>Puerto de carga (IN)<\/td>\n<td rowspan=\"2\">placa de metal (rojo+negro-)<\/td>\n<\/tr>\n<tr>\n<td>Puerto de descarga (OUT)<\/td>\n<\/tr>\n<tr>\n<td>Dimensiones de la caja de la bater\u00eda (mm)<\/td>\n<td>Largo 229 x Ancho 138 x Alto 208 mm<\/td>\n<\/tr>\n<tr>\n<td>Peso<\/td>\n<td>Aprox.5 kg<\/td>\n<\/tr>\n<tr>\n<td>Marca de celda de bater\u00eda<\/td>\n<td>Celular de marca china<\/td>\n<\/tr>\n<tr>\n<td>Protecci\u00f3n de la bater\u00eda<\/td>\n<td>Sobrecarga y descarga, sobrecorriente, cortocircuito.<\/td>\n<\/tr>\n<tr>\n<td>Ciclo de vida<\/td>\n<td>Capacidad est\u00e1ndar de carga y descarga \u226580% C5mAh, ciclo de vida \u22651500<\/td>\n<\/tr>\n<tr>\n<td>Solicitud<\/td>\n<td width=\"584\">Iluminaci\u00f3n, pulverizador de jard\u00edn, instrumento para exteriores, control de puertas, LED solar, reemplazo de bater\u00eda de plomo \u00e1cido de 12 V, etc.<\/td>\n<\/tr>\n<tr>\n<td>Paquete<\/td>\n<td>1 unidad en una caja (15 x 29 x 37 cm), aproximadamente 6,5 kg\/caja<\/td>\n<\/tr>\n<tr>\n<td>Garant\u00eda<\/td>\n<td>12 meses<\/td>\n<\/tr>\n<\/tbody>\n<\/table>\n<p><img fetchpriority=\"high\" decoding=\"async\" class=\"size-full wp-image-1016 aligncenter\" src=\"http:\/\/mylionbattery.com\/wp-content\/uploads\/2024\/09\/lifepo4-12v100ah-2.jpg\" alt=\"\" width=\"750\" height=\"948\" srcset=\"https:\/\/mylionbattery.com\/wp-content\/uploads\/2024\/09\/lifepo4-12v100ah-2.jpg 750w, https:\/\/mylionbattery.com\/wp-content\/uploads\/2024\/09\/lifepo4-12v100ah-2-237x300.jpg 237w, https:\/\/mylionbattery.com\/wp-content\/uploads\/2024\/09\/lifepo4-12v100ah-2-9x12.jpg 9w, https:\/\/mylionbattery.com\/wp-content\/uploads\/2024\/09\/lifepo4-12v100ah-2-600x758.jpg 600w\" sizes=\"(max-width: 750px) 100vw, 750px\" \/><\/p>\n<p><img decoding=\"async\" class=\"size-full wp-image-1017 aligncenter\" src=\"http:\/\/mylionbattery.com\/wp-content\/uploads\/2024\/09\/lifepo4-12v100ah-3.jpg\" alt=\"\" width=\"750\" height=\"948\" srcset=\"https:\/\/mylionbattery.com\/wp-content\/uploads\/2024\/09\/lifepo4-12v100ah-3.jpg 750w, https:\/\/mylionbattery.com\/wp-content\/uploads\/2024\/09\/lifepo4-12v100ah-3-237x300.jpg 237w, https:\/\/mylionbattery.com\/wp-content\/uploads\/2024\/09\/lifepo4-12v100ah-3-9x12.jpg 9w, https:\/\/mylionbattery.com\/wp-content\/uploads\/2024\/09\/lifepo4-12v100ah-3-600x758.jpg 600w\" sizes=\"(max-width: 750px) 100vw, 750px\" \/><\/p>\n<p><img decoding=\"async\" class=\"size-full wp-image-1018 aligncenter\" src=\"http:\/\/mylionbattery.com\/wp-content\/uploads\/2024\/09\/lifepo4-12v100ah-4.jpg\" alt=\"\" width=\"750\" height=\"1228\" srcset=\"https:\/\/mylionbattery.com\/wp-content\/uploads\/2024\/09\/lifepo4-12v100ah-4.jpg 750w, https:\/\/mylionbattery.com\/wp-content\/uploads\/2024\/09\/lifepo4-12v100ah-4-183x300.jpg 183w, https:\/\/mylionbattery.com\/wp-content\/uploads\/2024\/09\/lifepo4-12v100ah-4-625x1024.jpg 625w, https:\/\/mylionbattery.com\/wp-content\/uploads\/2024\/09\/lifepo4-12v100ah-4-7x12.jpg 7w, https:\/\/mylionbattery.com\/wp-content\/uploads\/2024\/09\/lifepo4-12v100ah-4-600x982.jpg 600w\" sizes=\"(max-width: 750px) 100vw, 750px\" \/><\/p>\n<p><img loading=\"lazy\" decoding=\"async\" class=\"size-full wp-image-1019 aligncenter\" src=\"http:\/\/mylionbattery.com\/wp-content\/uploads\/2024\/09\/lifepo4-12v100ah-5.jpg\" alt=\"\" width=\"750\" height=\"847\" srcset=\"https:\/\/mylionbattery.com\/wp-content\/uploads\/2024\/09\/lifepo4-12v100ah-5.jpg 750w, https:\/\/mylionbattery.com\/wp-content\/uploads\/2024\/09\/lifepo4-12v100ah-5-266x300.jpg 266w, https:\/\/mylionbattery.com\/wp-content\/uploads\/2024\/09\/lifepo4-12v100ah-5-11x12.jpg 11w, https:\/\/mylionbattery.com\/wp-content\/uploads\/2024\/09\/lifepo4-12v100ah-5-600x678.jpg 600w\" sizes=\"(max-width: 750px) 100vw, 750px\" \/><\/p>\n<p><img loading=\"lazy\" decoding=\"async\" class=\"size-full wp-image-1020 aligncenter\" src=\"http:\/\/mylionbattery.com\/wp-content\/uploads\/2024\/09\/lifepo4-12v100ah-6.jpg\" alt=\"\" width=\"750\" height=\"655\" srcset=\"https:\/\/mylionbattery.com\/wp-content\/uploads\/2024\/09\/lifepo4-12v100ah-6.jpg 750w, https:\/\/mylionbattery.com\/wp-content\/uploads\/2024\/09\/lifepo4-12v100ah-6-300x262.jpg 300w, https:\/\/mylionbattery.com\/wp-content\/uploads\/2024\/09\/lifepo4-12v100ah-6-14x12.jpg 14w, https:\/\/mylionbattery.com\/wp-content\/uploads\/2024\/09\/lifepo4-12v100ah-6-600x524.jpg 600w\" sizes=\"(max-width: 750px) 100vw, 750px\" \/> <img loading=\"lazy\" decoding=\"async\" class=\"size-full wp-image-1021 aligncenter\" src=\"http:\/\/mylionbattery.com\/wp-content\/uploads\/2024\/09\/lifepo4-12v100ah-7.jpg\" alt=\"\" width=\"750\" height=\"684\" srcset=\"https:\/\/mylionbattery.com\/wp-content\/uploads\/2024\/09\/lifepo4-12v100ah-7.jpg 750w, https:\/\/mylionbattery.com\/wp-content\/uploads\/2024\/09\/lifepo4-12v100ah-7-300x274.jpg 300w, https:\/\/mylionbattery.com\/wp-content\/uploads\/2024\/09\/lifepo4-12v100ah-7-13x12.jpg 13w, https:\/\/mylionbattery.com\/wp-content\/uploads\/2024\/09\/lifepo4-12v100ah-7-600x547.jpg 600w\" sizes=\"(max-width: 750px) 100vw, 750px\" \/> <img loading=\"lazy\" decoding=\"async\" class=\"size-full wp-image-1022 aligncenter\" src=\"http:\/\/mylionbattery.com\/wp-content\/uploads\/2024\/09\/lifepo4-12v100ah-8.jpg\" alt=\"\" width=\"750\" height=\"867\" srcset=\"https:\/\/mylionbattery.com\/wp-content\/uploads\/2024\/09\/lifepo4-12v100ah-8.jpg 750w, https:\/\/mylionbattery.com\/wp-content\/uploads\/2024\/09\/lifepo4-12v100ah-8-260x300.jpg 260w, https:\/\/mylionbattery.com\/wp-content\/uploads\/2024\/09\/lifepo4-12v100ah-8-10x12.jpg 10w, https:\/\/mylionbattery.com\/wp-content\/uploads\/2024\/09\/lifepo4-12v100ah-8-600x694.jpg 600w\" sizes=\"(max-width: 750px) 100vw, 750px\" \/><\/p>\n<p>&nbsp;<\/p>","protected":false},"excerpt":{"rendered":"<ul class=\"ul1\">\n<li class=\"li1\">Tipo: Reemplazo de bater\u00eda de plomo-\u00e1cido LFP1250<\/li>\n<li class=\"li1\">Nombre del producto: Bater\u00eda de respaldo de almacenamiento solar de bater\u00eda de iones de litio LiFe PO4 de 12 V 50 Ah<\/li>\n<li class=\"li1\">Dimensiones de la caja negra: 229 x 138 x 208 mm<\/li>\n<li class=\"li1\">Peso: alrededor de 5 kg.<\/li>\n<li>Voltaje de la bater\u00eda: bater\u00eda de iones de litio de 12 V<\/li>\n<li class=\"li1\">Capacidad de la bater\u00eda: bater\u00eda po4 de 50 Ah de duraci\u00f3n<\/li>\n<li class=\"li1\">Ciclo de vida: m\u00e1s de 2000 veces 70%DOD<\/li>\n<li class=\"li1\">Aplicaci\u00f3n: almacenamiento de energ\u00eda solar.<span class=\"s2\">,<\/span>\u00a0veh\u00edculo el\u00e9ctrico<span class=\"s2\">,<\/span>\u00a0Uni\u00f3n Postal Universal<span class=\"s2\">,<\/span>central el\u00e9ctrica<\/li>\n<li class=\"li1\">Caracter\u00edstica: alta potencia y capacidad.<span class=\"s2\">,<\/span>\u00a0seguro<span class=\"s2\">,<\/span>\u00a0ciclo de vida largo<span class=\"s2\">,<\/span>\u00a0verde<span class=\"s2\">,<\/span>\u00a0Respetuoso del medio ambiente<span class=\"s2\">,<\/span>\u00a0Buen rendimiento en altas temperaturas.<\/li>\n<\/ul>","protected":false},"featured_media":1037,"template":"","meta":[],"product_brand":[],"product_cat":[46,29],"product_tag":[111],"class_list":{"0":"post-1035","1":"product","2":"type-product","3":"status-publish","4":"has-post-thumbnail","6":"product_cat-12v-50ah","7":"product_cat-12v-lifep04-battery","8":"product_tag-for-home-telecom-industry-energy-that-lasts","10":"first","11":"instock","12":"shipping-taxable","13":"product-type-simple"},"yoast_head":"<!-- This site is optimized with the Yoast SEO plugin v26.1.1 - https:\/\/yoast.com\/wordpress\/plugins\/seo\/ -->\n<title>Mylion 12V50Ah LiFePO4 Lithium Battery for Electric Golf Trolley\/Cart Parts - mylionbattery<\/title>\n<meta name=\"description\" content=\"Discover Mylion Battery&#039;s innovative battery solutions, including mini UPS systems and lithium-ion batteries. Offering high-quality, customizable products designed with advanced technology to deliver exceptional performance and reliability for global markets.\" \/>\n<meta name=\"robots\" content=\"index, follow, max-snippet:-1, max-image-preview:large, max-video-preview:-1\" \/>\n<link rel=\"canonical\" href=\"https:\/\/mylionbattery.com\/es\/producto\/mylion-12v50ah-lifepo4-lithium-battery-for-electric-golf-trolley-cart-parts\/\" \/>\n<meta property=\"og:locale\" content=\"es_ES\" \/>\n<meta property=\"og:type\" content=\"article\" \/>\n<meta property=\"og:title\" content=\"Mylion 12V50Ah LiFePO4 Lithium Battery for Electric Golf Trolley\/Cart Parts - mylionbattery\" \/>\n<meta property=\"og:description\" content=\"Discover Mylion Battery&#039;s innovative battery solutions, including mini UPS systems and lithium-ion batteries. Offering high-quality, customizable products designed with advanced technology to deliver exceptional performance and reliability for global markets.\" \/>\n<meta property=\"og:url\" content=\"https:\/\/mylionbattery.com\/es\/producto\/mylion-12v50ah-lifepo4-lithium-battery-for-electric-golf-trolley-cart-parts\/\" \/>\n<meta property=\"og:site_name\" content=\"mylionbattery\" \/>\n<meta property=\"article:modified_time\" content=\"2025-07-22T06:37:20+00:00\" \/>\n<meta property=\"og:image\" content=\"https:\/\/mylionbattery.com\/wp-content\/uploads\/2024\/09\/LFP12V50AH.jpg\" \/>\n\t<meta property=\"og:image:width\" content=\"725\" \/>\n\t<meta property=\"og:image:height\" content=\"669\" \/>\n\t<meta property=\"og:image:type\" content=\"image\/jpeg\" \/>\n<meta name=\"twitter:card\" content=\"summary_large_image\" \/>\n<meta name=\"twitter:label1\" content=\"Tiempo de lectura\" \/>\n\t<meta name=\"twitter:data1\" content=\"3 minutos\" \/>\n<script type=\"application\/ld+json\" class=\"yoast-schema-graph\">{\"@context\":\"https:\/\/schema.org\",\"@graph\":[{\"@type\":\"WebPage\",\"@id\":\"https:\/\/mylionbattery.com\/product\/mylion-12v50ah-lifepo4-lithium-battery-for-electric-golf-trolley-cart-parts\/\",\"url\":\"https:\/\/mylionbattery.com\/product\/mylion-12v50ah-lifepo4-lithium-battery-for-electric-golf-trolley-cart-parts\/\",\"name\":\"Mylion 12V50Ah LiFePO4 Lithium Battery for Electric Golf Trolley\/Cart Parts - mylionbattery\",\"isPartOf\":{\"@id\":\"https:\/\/mylionbattery.com\/#website\"},\"primaryImageOfPage\":{\"@id\":\"https:\/\/mylionbattery.com\/product\/mylion-12v50ah-lifepo4-lithium-battery-for-electric-golf-trolley-cart-parts\/#primaryimage\"},\"image\":{\"@id\":\"https:\/\/mylionbattery.com\/product\/mylion-12v50ah-lifepo4-lithium-battery-for-electric-golf-trolley-cart-parts\/#primaryimage\"},\"thumbnailUrl\":\"https:\/\/mylionbattery.com\/wp-content\/uploads\/2024\/09\/LFP12V50AH.jpg\",\"datePublished\":\"2024-09-20T03:44:39+00:00\",\"dateModified\":\"2025-07-22T06:37:20+00:00\",\"description\":\"Discover Mylion Battery's innovative battery solutions, including mini UPS systems and lithium-ion batteries. Offering high-quality, customizable products designed with advanced technology to deliver exceptional performance and reliability for global markets.\",\"breadcrumb\":{\"@id\":\"https:\/\/mylionbattery.com\/product\/mylion-12v50ah-lifepo4-lithium-battery-for-electric-golf-trolley-cart-parts\/#breadcrumb\"},\"inLanguage\":\"es\",\"potentialAction\":[{\"@type\":\"ReadAction\",\"target\":[\"https:\/\/mylionbattery.com\/product\/mylion-12v50ah-lifepo4-lithium-battery-for-electric-golf-trolley-cart-parts\/\"]}]},{\"@type\":\"ImageObject\",\"inLanguage\":\"es\",\"@id\":\"https:\/\/mylionbattery.com\/product\/mylion-12v50ah-lifepo4-lithium-battery-for-electric-golf-trolley-cart-parts\/#primaryimage\",\"url\":\"https:\/\/mylionbattery.com\/wp-content\/uploads\/2024\/09\/LFP12V50AH.jpg\",\"contentUrl\":\"https:\/\/mylionbattery.com\/wp-content\/uploads\/2024\/09\/LFP12V50AH.jpg\",\"width\":725,\"height\":669},{\"@type\":\"BreadcrumbList\",\"@id\":\"https:\/\/mylionbattery.com\/product\/mylion-12v50ah-lifepo4-lithium-battery-for-electric-golf-trolley-cart-parts\/#breadcrumb\",\"itemListElement\":[{\"@type\":\"ListItem\",\"position\":1,\"name\":\"\u9996\u9875\",\"item\":\"https:\/\/mylionbattery.com\/\"},{\"@type\":\"ListItem\",\"position\":2,\"name\":\"Products\",\"item\":\"https:\/\/mylionbattery.com\/products\/\"},{\"@type\":\"ListItem\",\"position\":3,\"name\":\"Mylion 12V50Ah LiFePO4 Lithium Battery for Electric Golf Trolley\/Cart Parts\"}]},{\"@type\":\"WebSite\",\"@id\":\"https:\/\/mylionbattery.com\/#website\",\"url\":\"https:\/\/mylionbattery.com\/\",\"name\":\"Mylionbattery\",\"description\":\"mylionbattery\",\"publisher\":{\"@id\":\"https:\/\/mylionbattery.com\/#organization\"},\"potentialAction\":[{\"@type\":\"SearchAction\",\"target\":{\"@type\":\"EntryPoint\",\"urlTemplate\":\"https:\/\/mylionbattery.com\/?s={search_term_string}\"},\"query-input\":{\"@type\":\"PropertyValueSpecification\",\"valueRequired\":true,\"valueName\":\"search_term_string\"}}],\"inLanguage\":\"es\"},{\"@type\":\"Organization\",\"@id\":\"https:\/\/mylionbattery.com\/#organization\",\"name\":\"Mylionbattery\",\"url\":\"https:\/\/mylionbattery.com\/\",\"logo\":{\"@type\":\"ImageObject\",\"inLanguage\":\"es\",\"@id\":\"https:\/\/mylionbattery.com\/#\/schema\/logo\/image\/\",\"url\":\"http:\/\/mylionbattery.com\/wp-content\/uploads\/2024\/09\/\u767d\u5e95mylion-logo\u6b63\u65b9\u5f62.png\",\"contentUrl\":\"http:\/\/mylionbattery.com\/wp-content\/uploads\/2024\/09\/\u767d\u5e95mylion-logo\u6b63\u65b9\u5f62.png\",\"width\":600,\"height\":600,\"caption\":\"Mylionbattery\"},\"image\":{\"@id\":\"https:\/\/mylionbattery.com\/#\/schema\/logo\/image\/\"}}]}<\/script>\n<!-- \/ Yoast SEO plugin. -->","yoast_head_json":{"title":"Mylion 12V50Ah LiFePO4 Lithium Battery for Electric Golf Trolley\/Cart Parts - mylionbattery","description":"Discover Mylion Battery's innovative battery solutions, including mini UPS systems and lithium-ion batteries. Offering high-quality, customizable products designed with advanced technology to deliver exceptional performance and reliability for global markets.","robots":{"index":"index","follow":"follow","max-snippet":"max-snippet:-1","max-image-preview":"max-image-preview:large","max-video-preview":"max-video-preview:-1"},"canonical":"https:\/\/mylionbattery.com\/es\/producto\/mylion-12v50ah-lifepo4-lithium-battery-for-electric-golf-trolley-cart-parts\/","og_locale":"es_ES","og_type":"article","og_title":"Mylion 12V50Ah LiFePO4 Lithium Battery for Electric Golf Trolley\/Cart Parts - mylionbattery","og_description":"Discover Mylion Battery's innovative battery solutions, including mini UPS systems and lithium-ion batteries. Offering high-quality, customizable products designed with advanced technology to deliver exceptional performance and reliability for global markets.","og_url":"https:\/\/mylionbattery.com\/es\/producto\/mylion-12v50ah-lifepo4-lithium-battery-for-electric-golf-trolley-cart-parts\/","og_site_name":"mylionbattery","article_modified_time":"2025-07-22T06:37:20+00:00","og_image":[{"width":725,"height":669,"url":"https:\/\/mylionbattery.com\/wp-content\/uploads\/2024\/09\/LFP12V50AH.jpg","type":"image\/jpeg"}],"twitter_card":"summary_large_image","twitter_misc":{"Tiempo de lectura":"3 minutos"},"schema":{"@context":"https:\/\/schema.org","@graph":[{"@type":"WebPage","@id":"https:\/\/mylionbattery.com\/product\/mylion-12v50ah-lifepo4-lithium-battery-for-electric-golf-trolley-cart-parts\/","url":"https:\/\/mylionbattery.com\/product\/mylion-12v50ah-lifepo4-lithium-battery-for-electric-golf-trolley-cart-parts\/","name":"Mylion 12V50Ah LiFePO4 Lithium Battery for Electric Golf Trolley\/Cart Parts - mylionbattery","isPartOf":{"@id":"https:\/\/mylionbattery.com\/#website"},"primaryImageOfPage":{"@id":"https:\/\/mylionbattery.com\/product\/mylion-12v50ah-lifepo4-lithium-battery-for-electric-golf-trolley-cart-parts\/#primaryimage"},"image":{"@id":"https:\/\/mylionbattery.com\/product\/mylion-12v50ah-lifepo4-lithium-battery-for-electric-golf-trolley-cart-parts\/#primaryimage"},"thumbnailUrl":"https:\/\/mylionbattery.com\/wp-content\/uploads\/2024\/09\/LFP12V50AH.jpg","datePublished":"2024-09-20T03:44:39+00:00","dateModified":"2025-07-22T06:37:20+00:00","description":"Discover Mylion Battery's innovative battery solutions, including mini UPS systems and lithium-ion batteries. Offering high-quality, customizable products designed with advanced technology to deliver exceptional performance and reliability for global markets.","breadcrumb":{"@id":"https:\/\/mylionbattery.com\/product\/mylion-12v50ah-lifepo4-lithium-battery-for-electric-golf-trolley-cart-parts\/#breadcrumb"},"inLanguage":"es","potentialAction":[{"@type":"ReadAction","target":["https:\/\/mylionbattery.com\/product\/mylion-12v50ah-lifepo4-lithium-battery-for-electric-golf-trolley-cart-parts\/"]}]},{"@type":"ImageObject","inLanguage":"es","@id":"https:\/\/mylionbattery.com\/product\/mylion-12v50ah-lifepo4-lithium-battery-for-electric-golf-trolley-cart-parts\/#primaryimage","url":"https:\/\/mylionbattery.com\/wp-content\/uploads\/2024\/09\/LFP12V50AH.jpg","contentUrl":"https:\/\/mylionbattery.com\/wp-content\/uploads\/2024\/09\/LFP12V50AH.jpg","width":725,"height":669},{"@type":"BreadcrumbList","@id":"https:\/\/mylionbattery.com\/product\/mylion-12v50ah-lifepo4-lithium-battery-for-electric-golf-trolley-cart-parts\/#breadcrumb","itemListElement":[{"@type":"ListItem","position":1,"name":"\u9996\u9875","item":"https:\/\/mylionbattery.com\/"},{"@type":"ListItem","position":2,"name":"Products","item":"https:\/\/mylionbattery.com\/products\/"},{"@type":"ListItem","position":3,"name":"Mylion 12V50Ah LiFePO4 Lithium Battery for Electric Golf Trolley\/Cart Parts"}]},{"@type":"WebSite","@id":"https:\/\/mylionbattery.com\/#website","url":"https:\/\/mylionbattery.com\/","name":"Mylionbattery","description":"mylionbattery","publisher":{"@id":"https:\/\/mylionbattery.com\/#organization"},"potentialAction":[{"@type":"SearchAction","target":{"@type":"EntryPoint","urlTemplate":"https:\/\/mylionbattery.com\/?s={search_term_string}"},"query-input":{"@type":"PropertyValueSpecification","valueRequired":true,"valueName":"search_term_string"}}],"inLanguage":"es"},{"@type":"Organization","@id":"https:\/\/mylionbattery.com\/#organization","name":"Mylionbattery","url":"https:\/\/mylionbattery.com\/","logo":{"@type":"ImageObject","inLanguage":"es","@id":"https:\/\/mylionbattery.com\/#\/schema\/logo\/image\/","url":"http:\/\/mylionbattery.com\/wp-content\/uploads\/2024\/09\/\u767d\u5e95mylion-logo\u6b63\u65b9\u5f62.png","contentUrl":"http:\/\/mylionbattery.com\/wp-content\/uploads\/2024\/09\/\u767d\u5e95mylion-logo\u6b63\u65b9\u5f62.png","width":600,"height":600,"caption":"Mylionbattery"},"image":{"@id":"https:\/\/mylionbattery.com\/#\/schema\/logo\/image\/"}}]}},"_links":{"self":[{"href":"https:\/\/mylionbattery.com\/es\/wp-json\/wp\/v2\/product\/1035","targetHints":{"allow":["GET"]}}],"collection":[{"href":"https:\/\/mylionbattery.com\/es\/wp-json\/wp\/v2\/product"}],"about":[{"href":"https:\/\/mylionbattery.com\/es\/wp-json\/wp\/v2\/types\/product"}],"version-history":[{"count":1,"href":"https:\/\/mylionbattery.com\/es\/wp-json\/wp\/v2\/product\/1035\/revisions"}],"predecessor-version":[{"id":1036,"href":"https:\/\/mylionbattery.com\/es\/wp-json\/wp\/v2\/product\/1035\/revisions\/1036"}],"wp:featuredmedia":[{"embeddable":true,"href":"https:\/\/mylionbattery.com\/es\/wp-json\/wp\/v2\/media\/1037"}],"wp:attachment":[{"href":"https:\/\/mylionbattery.com\/es\/wp-json\/wp\/v2\/media?parent=1035"}],"wp:term":[{"taxonomy":"product_brand","embeddable":true,"href":"https:\/\/mylionbattery.com\/es\/wp-json\/wp\/v2\/product_brand?post=1035"},{"taxonomy":"product_cat","embeddable":true,"href":"https:\/\/mylionbattery.com\/es\/wp-json\/wp\/v2\/product_cat?post=1035"},{"taxonomy":"product_tag","embeddable":true,"href":"https:\/\/mylionbattery.com\/es\/wp-json\/wp\/v2\/product_tag?post=1035"}],"curies":[{"name":"wp","href":"https:\/\/api.w.org\/{rel}","templated":true}]}}