{"id":1177,"date":"2024-09-23T03:52:42","date_gmt":"2024-09-23T03:52:42","guid":{"rendered":"https:\/\/lightyellow-sardine-891901.hostingersite.com\/?post_type=product&#038;p=1177"},"modified":"2025-06-03T08:11:37","modified_gmt":"2025-06-03T08:11:37","slug":"mylion-12v-5a-mini-ups-battery-backup-unit-bbu-uninterruptible-power-supply-for-gateway-wifi-hub-smart-home","status":"publish","type":"product","link":"https:\/\/mylionbattery.com\/es\/producto\/mylion-12v-5a-mini-ups-battery-backup-unit-bbu-uninterruptible-power-supply-for-gateway-wifi-hub-smart-home\/","title":{"rendered":"Unidad de respaldo de bater\u00eda Mini UPS Mylion 12V 5A BBU Sistema de alimentaci\u00f3n ininterrumpida para concentrador WiFi de puerta de enlace Hogar inteligente"},"content":{"rendered":"<p>Unidad de respaldo de bater\u00eda Mini UPS Mylion 12V 5A BBU Sistema de alimentaci\u00f3n ininterrumpida para concentrador WiFi de puerta de enlace Hogar inteligente<\/p>\n<table style=\"height: 680px;\" border=\"0\" width=\"1000\" cellspacing=\"0\" cellpadding=\"0\">\n<tbody>\n<tr>\n<td class=\"et4\" width=\"185\" height=\"28\">Nombre del producto<\/td>\n<td class=\"et5\" width=\"547\">Bater\u00eda de respaldo mini UPS de 12 V y 5 A para enrutador, CPE, ONT, ONU y tel\u00e9fono VoIP<\/td>\n<\/tr>\n<tr>\n<td class=\"et4\" height=\"28\">Tipo de bater\u00eda<\/td>\n<td class=\"et6\">bater\u00eda de litio<\/td>\n<\/tr>\n<tr>\n<td class=\"et4\" height=\"28\">Voltaje de salida<\/td>\n<td class=\"et7\">12 V<\/td>\n<\/tr>\n<tr>\n<td class=\"et4\" height=\"28\">Corriente de salida<\/td>\n<td class=\"et8\">5A<\/td>\n<\/tr>\n<tr>\n<td class=\"et4\" height=\"28\">Capacidad de la bater\u00eda<\/td>\n<td class=\"et7\">44,4 Wh<\/td>\n<\/tr>\n<tr>\n<td class=\"et4\" height=\"28\">Voltaje de entrada<\/td>\n<td class=\"et7\">12 V CC<\/td>\n<\/tr>\n<tr>\n<td class=\"et4\" height=\"28\">Corriente de entrada<\/td>\n<td class=\"et8\">5,5 A m\u00e1x.<\/td>\n<\/tr>\n<tr>\n<td class=\"et9\" rowspan=\"2\" height=\"56\">Tiempo de trabajo<\/td>\n<td class=\"et8\">Tiempo de respaldo de aproximadamente 9 a 10 horas (si su dispositivo es de 12 V 0,5 A)<\/td>\n<\/tr>\n<tr>\n<td class=\"et8\">Tiempo de respaldo de aproximadamente 2 a 3 horas (si su dispositivo es de 12 V 2 A)<\/td>\n<\/tr>\n<tr>\n<td class=\"et4\" height=\"28\">Puerto de carga (IN)<\/td>\n<td class=\"et8\">Negro DC.5.5\u00d72.1<\/td>\n<\/tr>\n<tr>\n<td class=\"et4\" height=\"28\">Puerto de descarga (OUT)<\/td>\n<td class=\"et8\">DC amarillo 5,5 x 2,5<\/td>\n<\/tr>\n<tr>\n<td class=\"et4\" height=\"28\">Indicador LED<\/td>\n<td class=\"et8\">4 piezas LED que muestran el estado de la bater\u00eda<\/td>\n<\/tr>\n<tr>\n<td class=\"et4\" height=\"28\">Cambiar<\/td>\n<td class=\"et8\">Interruptor de ENCENDIDO\/APAGADO\/Coloque el interruptor en ENCENDIDO antes de cargarlo o descargarlo<\/td>\n<\/tr>\n<tr>\n<td class=\"et4\" height=\"28\">Material de la caja<\/td>\n<td class=\"et8\">Pl\u00e1stico ABS antiincendios<\/td>\n<\/tr>\n<tr>\n<td class=\"et4\" height=\"28\">Color de la caja<\/td>\n<td class=\"et11\">Blanco<\/td>\n<\/tr>\n<tr>\n<td class=\"et4\" height=\"28\">Material de la caja<\/td>\n<td class=\"et11\">ABS antiincendios<\/td>\n<\/tr>\n<tr>\n<td class=\"et4\" height=\"28\">Dimensiones de la caja<\/td>\n<td class=\"et8\">Largo 100 x Ancho 100 x Profundidad 60 mm<\/td>\n<\/tr>\n<tr>\n<td class=\"et4\" height=\"28\">Peso<\/td>\n<td class=\"et8\">490 gramos<\/td>\n<\/tr>\n<tr>\n<td class=\"et4\" height=\"66\">Caracter\u00edstica<\/td>\n<td class=\"et12\" width=\"547\">Corriente de descarga m\u00e1xima de 12 V 5 A, puede soportar 2 o 3 dispositivos al mismo tiempo. Ofrece un cable de conversi\u00f3n de voltaje diferente opcional para adaptarse a diferentes aplicaciones de voltaje. Disipaci\u00f3n de calor del ventilador. Carcasa antiincendios. Protecci\u00f3n de temperatura.<\/td>\n<\/tr>\n<tr>\n<td class=\"et4\" height=\"52\">Solicitud<\/td>\n<td class=\"et13\" width=\"547\">enrutador\/CPE\/ONT\/ONU\/HUB\/tel\u00e9fono VoIP\/c\u00e1mara IP\/sistema de seguridad\/acceso a puerta\/<\/td>\n<\/tr>\n<tr>\n<td class=\"et4\" height=\"30\">Paquete interior<\/td>\n<td class=\"et13\" width=\"547\">La caja de regalo contiene 1 mini SAI de 12 V.<\/td>\n<\/tr>\n<tr>\n<td class=\"et4\" height=\"30\">Paquete<\/td>\n<td class=\"et8\">20 piezas en una caja (35 x 21 x 30 cm), aproximadamente 7,5 kg\/caja<\/td>\n<\/tr>\n<tr>\n<td class=\"et4\" height=\"30\">Garant\u00eda<\/td>\n<td class=\"et15\">12 meses<\/td>\n<\/tr>\n<\/tbody>\n<\/table>\n<p><img data-dominant-color=\"b7c4db\" data-has-transparency=\"false\" style=\"--dominant-color: #b7c4db;\" fetchpriority=\"high\" decoding=\"async\" class=\"alignnone size-full wp-image-1187 not-transparent\" src=\"http:\/\/mylionbattery.com\/wp-content\/uploads\/2024\/09\/MU05_05-jpg.webp\" alt=\"\" width=\"1500\" height=\"1799\" srcset=\"https:\/\/mylionbattery.com\/wp-content\/uploads\/2024\/09\/MU05_05-jpg.webp 1500w, https:\/\/mylionbattery.com\/wp-content\/uploads\/2024\/09\/MU05_05-250x300.webp 250w, https:\/\/mylionbattery.com\/wp-content\/uploads\/2024\/09\/MU05_05-854x1024.webp 854w, https:\/\/mylionbattery.com\/wp-content\/uploads\/2024\/09\/MU05_05-768x921.webp 768w, https:\/\/mylionbattery.com\/wp-content\/uploads\/2024\/09\/MU05_05-1281x1536.webp 1281w, https:\/\/mylionbattery.com\/wp-content\/uploads\/2024\/09\/MU05_05-10x12.webp 10w, https:\/\/mylionbattery.com\/wp-content\/uploads\/2024\/09\/MU05_05-600x720.webp 600w\" sizes=\"(max-width: 1500px) 100vw, 1500px\" \/> <img data-dominant-color=\"b1c9dd\" data-has-transparency=\"false\" style=\"--dominant-color: #b1c9dd;\" decoding=\"async\" class=\"alignnone size-full wp-image-1186 not-transparent\" src=\"http:\/\/mylionbattery.com\/wp-content\/uploads\/2024\/09\/MU05_04-jpg.webp\" alt=\"\" width=\"1500\" height=\"1872\" srcset=\"https:\/\/mylionbattery.com\/wp-content\/uploads\/2024\/09\/MU05_04-jpg.webp 1500w, https:\/\/mylionbattery.com\/wp-content\/uploads\/2024\/09\/MU05_04-240x300.webp 240w, https:\/\/mylionbattery.com\/wp-content\/uploads\/2024\/09\/MU05_04-821x1024.webp 821w, https:\/\/mylionbattery.com\/wp-content\/uploads\/2024\/09\/MU05_04-768x958.webp 768w, https:\/\/mylionbattery.com\/wp-content\/uploads\/2024\/09\/MU05_04-1231x1536.webp 1231w, https:\/\/mylionbattery.com\/wp-content\/uploads\/2024\/09\/MU05_04-10x12.webp 10w, https:\/\/mylionbattery.com\/wp-content\/uploads\/2024\/09\/MU05_04-600x749.webp 600w\" sizes=\"(max-width: 1500px) 100vw, 1500px\" \/> <img data-dominant-color=\"d8e0e8\" data-has-transparency=\"false\" style=\"--dominant-color: #d8e0e8;\" decoding=\"async\" class=\"alignnone size-full wp-image-1185 not-transparent\" src=\"http:\/\/mylionbattery.com\/wp-content\/uploads\/2024\/09\/MU05_03-jpg.webp\" alt=\"\" width=\"1500\" height=\"1210\" srcset=\"https:\/\/mylionbattery.com\/wp-content\/uploads\/2024\/09\/MU05_03-jpg.webp 1500w, https:\/\/mylionbattery.com\/wp-content\/uploads\/2024\/09\/MU05_03-300x242.webp 300w, https:\/\/mylionbattery.com\/wp-content\/uploads\/2024\/09\/MU05_03-1024x826.webp 1024w, https:\/\/mylionbattery.com\/wp-content\/uploads\/2024\/09\/MU05_03-768x620.webp 768w, https:\/\/mylionbattery.com\/wp-content\/uploads\/2024\/09\/MU05_03-15x12.webp 15w, https:\/\/mylionbattery.com\/wp-content\/uploads\/2024\/09\/MU05_03-600x484.webp 600w\" sizes=\"(max-width: 1500px) 100vw, 1500px\" \/> <img data-dominant-color=\"d0ddec\" data-has-transparency=\"false\" style=\"--dominant-color: #d0ddec;\" loading=\"lazy\" decoding=\"async\" class=\"alignnone size-full wp-image-1184 not-transparent\" src=\"http:\/\/mylionbattery.com\/wp-content\/uploads\/2024\/09\/MU05_02-jpg.webp\" alt=\"\" width=\"1500\" height=\"2255\" srcset=\"https:\/\/mylionbattery.com\/wp-content\/uploads\/2024\/09\/MU05_02-jpg.webp 1500w, https:\/\/mylionbattery.com\/wp-content\/uploads\/2024\/09\/MU05_02-200x300.webp 200w, https:\/\/mylionbattery.com\/wp-content\/uploads\/2024\/09\/MU05_02-681x1024.webp 681w, https:\/\/mylionbattery.com\/wp-content\/uploads\/2024\/09\/MU05_02-768x1155.webp 768w, https:\/\/mylionbattery.com\/wp-content\/uploads\/2024\/09\/MU05_02-1022x1536.webp 1022w, https:\/\/mylionbattery.com\/wp-content\/uploads\/2024\/09\/MU05_02-1362x2048.webp 1362w, https:\/\/mylionbattery.com\/wp-content\/uploads\/2024\/09\/MU05_02-8x12.webp 8w, https:\/\/mylionbattery.com\/wp-content\/uploads\/2024\/09\/MU05_02-600x902.webp 600w\" sizes=\"(max-width: 1500px) 100vw, 1500px\" \/> <img data-dominant-color=\"bbccdf\" data-has-transparency=\"false\" style=\"--dominant-color: #bbccdf;\" loading=\"lazy\" decoding=\"async\" class=\"alignnone size-full wp-image-1183 not-transparent\" src=\"http:\/\/mylionbattery.com\/wp-content\/uploads\/2024\/09\/MU05_01-jpg.webp\" alt=\"\" width=\"1500\" height=\"2015\" srcset=\"https:\/\/mylionbattery.com\/wp-content\/uploads\/2024\/09\/MU05_01-jpg.webp 1500w, https:\/\/mylionbattery.com\/wp-content\/uploads\/2024\/09\/MU05_01-223x300.webp 223w, https:\/\/mylionbattery.com\/wp-content\/uploads\/2024\/09\/MU05_01-762x1024.webp 762w, https:\/\/mylionbattery.com\/wp-content\/uploads\/2024\/09\/MU05_01-768x1032.webp 768w, https:\/\/mylionbattery.com\/wp-content\/uploads\/2024\/09\/MU05_01-1143x1536.webp 1143w, https:\/\/mylionbattery.com\/wp-content\/uploads\/2024\/09\/MU05_01-9x12.webp 9w, https:\/\/mylionbattery.com\/wp-content\/uploads\/2024\/09\/MU05_01-600x806.webp 600w\" sizes=\"(max-width: 1500px) 100vw, 1500px\" \/><\/p>\n<p><img data-dominant-color=\"edf0f3\" data-has-transparency=\"false\" style=\"--dominant-color: #edf0f3;\" loading=\"lazy\" decoding=\"async\" class=\"alignnone size-full wp-image-1190 not-transparent\" src=\"http:\/\/mylionbattery.com\/wp-content\/uploads\/2024\/09\/MU05_08-scaled.webp\" alt=\"\" width=\"1049\" height=\"2560\" srcset=\"https:\/\/mylionbattery.com\/wp-content\/uploads\/2024\/09\/MU05_08-scaled.webp 1049w, https:\/\/mylionbattery.com\/wp-content\/uploads\/2024\/09\/MU05_08-123x300.webp 123w, https:\/\/mylionbattery.com\/wp-content\/uploads\/2024\/09\/MU05_08-420x1024.webp 420w, https:\/\/mylionbattery.com\/wp-content\/uploads\/2024\/09\/MU05_08-768x1874.webp 768w, https:\/\/mylionbattery.com\/wp-content\/uploads\/2024\/09\/MU05_08-629x1536.webp 629w, https:\/\/mylionbattery.com\/wp-content\/uploads\/2024\/09\/MU05_08-839x2048.webp 839w, https:\/\/mylionbattery.com\/wp-content\/uploads\/2024\/09\/MU05_08-5x12.webp 5w, https:\/\/mylionbattery.com\/wp-content\/uploads\/2024\/09\/MU05_08-600x1464.webp 600w\" sizes=\"(max-width: 1049px) 100vw, 1049px\" \/> <img data-dominant-color=\"dae2e6\" data-has-transparency=\"false\" style=\"--dominant-color: #dae2e6;\" loading=\"lazy\" decoding=\"async\" class=\"alignnone size-full wp-image-1188 not-transparent\" src=\"http:\/\/mylionbattery.com\/wp-content\/uploads\/2024\/09\/MU05_06-jpg.webp\" alt=\"\" width=\"1500\" height=\"2232\" srcset=\"https:\/\/mylionbattery.com\/wp-content\/uploads\/2024\/09\/MU05_06-jpg.webp 1500w, https:\/\/mylionbattery.com\/wp-content\/uploads\/2024\/09\/MU05_06-202x300.webp 202w, https:\/\/mylionbattery.com\/wp-content\/uploads\/2024\/09\/MU05_06-688x1024.webp 688w, https:\/\/mylionbattery.com\/wp-content\/uploads\/2024\/09\/MU05_06-768x1143.webp 768w, https:\/\/mylionbattery.com\/wp-content\/uploads\/2024\/09\/MU05_06-1032x1536.webp 1032w, https:\/\/mylionbattery.com\/wp-content\/uploads\/2024\/09\/MU05_06-1376x2048.webp 1376w, https:\/\/mylionbattery.com\/wp-content\/uploads\/2024\/09\/MU05_06-8x12.webp 8w, https:\/\/mylionbattery.com\/wp-content\/uploads\/2024\/09\/MU05_06-600x893.webp 600w\" sizes=\"(max-width: 1500px) 100vw, 1500px\" \/> <img data-dominant-color=\"edf1f5\" data-has-transparency=\"false\" style=\"--dominant-color: #edf1f5;\" loading=\"lazy\" decoding=\"async\" class=\"alignnone size-full wp-image-1189 not-transparent\" src=\"http:\/\/mylionbattery.com\/wp-content\/uploads\/2024\/09\/MU05_07-jpg.webp\" alt=\"\" width=\"1500\" height=\"2380\" srcset=\"https:\/\/mylionbattery.com\/wp-content\/uploads\/2024\/09\/MU05_07-jpg.webp 1500w, https:\/\/mylionbattery.com\/wp-content\/uploads\/2024\/09\/MU05_07-189x300.webp 189w, https:\/\/mylionbattery.com\/wp-content\/uploads\/2024\/09\/MU05_07-645x1024.webp 645w, https:\/\/mylionbattery.com\/wp-content\/uploads\/2024\/09\/MU05_07-768x1219.webp 768w, https:\/\/mylionbattery.com\/wp-content\/uploads\/2024\/09\/MU05_07-968x1536.webp 968w, https:\/\/mylionbattery.com\/wp-content\/uploads\/2024\/09\/MU05_07-1291x2048.webp 1291w, https:\/\/mylionbattery.com\/wp-content\/uploads\/2024\/09\/MU05_07-8x12.webp 8w, https:\/\/mylionbattery.com\/wp-content\/uploads\/2024\/09\/MU05_07-600x952.webp 600w\" sizes=\"(max-width: 1500px) 100vw, 1500px\" \/><\/p>\n<p>&nbsp;<\/p>","protected":false},"excerpt":{"rendered":"<p>El mini SAI Mylion adopta una carcasa de pl\u00e1stico ABS antiincendios. Tambi\u00e9n tiene protecci\u00f3n contra sobrecarga, sobredescarga, corriente y cortocircuito y est\u00e1 equipado con un ventilador silencioso para disipar el calor del mini SAI. Hay 4 luces LED en la parte superior para mostrar el nivel de bater\u00eda. Puede proporcionar m\u00e1s de 9 horas de energ\u00eda de respaldo para un enrutador de 12 V 0,5 A.<\/p>","protected":false},"featured_media":1179,"template":"","meta":[],"product_brand":[],"product_cat":[31],"product_tag":[],"class_list":{"0":"post-1177","1":"product","2":"type-product","3":"status-publish","4":"has-post-thumbnail","6":"product_cat-mu05-5a","8":"first","9":"instock","10":"shipping-taxable","11":"product-type-simple"},"yoast_head":"<!-- This site is optimized with the Yoast SEO plugin v26.1.1 - https:\/\/yoast.com\/wordpress\/plugins\/seo\/ -->\n<title>Mylion 12V 5A Mini UPS battery backup unit BBU Uninterruptible Power Supply for Gateway WiFi hub Smart home - mylionbattery<\/title>\n<meta name=\"description\" content=\"Discover Mylion Battery&#039;s innovative battery solutions, including mini UPS systems and lithium-ion batteries. Offering high-quality, customizable products designed with advanced technology to deliver exceptional performance and reliability for global markets.\" \/>\n<meta name=\"robots\" content=\"index, follow, max-snippet:-1, max-image-preview:large, max-video-preview:-1\" \/>\n<link rel=\"canonical\" href=\"https:\/\/mylionbattery.com\/es\/producto\/mylion-12v-5a-mini-ups-battery-backup-unit-bbu-uninterruptible-power-supply-for-gateway-wifi-hub-smart-home\/\" \/>\n<meta property=\"og:locale\" content=\"es_ES\" \/>\n<meta property=\"og:type\" content=\"article\" \/>\n<meta property=\"og:title\" content=\"Mylion 12V 5A Mini UPS battery backup unit BBU Uninterruptible Power Supply for Gateway WiFi hub Smart home - mylionbattery\" \/>\n<meta property=\"og:description\" content=\"Discover Mylion Battery&#039;s innovative battery solutions, including mini UPS systems and lithium-ion batteries. Offering high-quality, customizable products designed with advanced technology to deliver exceptional performance and reliability for global markets.\" \/>\n<meta property=\"og:url\" content=\"https:\/\/mylionbattery.com\/es\/producto\/mylion-12v-5a-mini-ups-battery-backup-unit-bbu-uninterruptible-power-supply-for-gateway-wifi-hub-smart-home\/\" \/>\n<meta property=\"og:site_name\" content=\"mylionbattery\" \/>\n<meta property=\"article:modified_time\" content=\"2025-06-03T08:11:37+00:00\" \/>\n<meta property=\"og:image\" content=\"https:\/\/mylionbattery.com\/wp-content\/uploads\/2024\/09\/Back-jpg.webp\" \/>\n\t<meta property=\"og:image:width\" content=\"1000\" \/>\n\t<meta property=\"og:image:height\" content=\"1000\" \/>\n\t<meta property=\"og:image:type\" content=\"image\/jpeg\" \/>\n<meta name=\"twitter:card\" content=\"summary_large_image\" \/>\n<meta name=\"twitter:label1\" content=\"Tiempo de lectura\" \/>\n\t<meta name=\"twitter:data1\" content=\"3 minutos\" \/>\n<script type=\"application\/ld+json\" class=\"yoast-schema-graph\">{\"@context\":\"https:\/\/schema.org\",\"@graph\":[{\"@type\":\"WebPage\",\"@id\":\"https:\/\/mylionbattery.com\/product\/mylion-12v-5a-mini-ups-battery-backup-unit-bbu-uninterruptible-power-supply-for-gateway-wifi-hub-smart-home\/\",\"url\":\"https:\/\/mylionbattery.com\/product\/mylion-12v-5a-mini-ups-battery-backup-unit-bbu-uninterruptible-power-supply-for-gateway-wifi-hub-smart-home\/\",\"name\":\"Mylion 12V 5A Mini UPS battery backup unit BBU Uninterruptible Power Supply for Gateway WiFi hub Smart home - mylionbattery\",\"isPartOf\":{\"@id\":\"https:\/\/mylionbattery.com\/#website\"},\"primaryImageOfPage\":{\"@id\":\"https:\/\/mylionbattery.com\/product\/mylion-12v-5a-mini-ups-battery-backup-unit-bbu-uninterruptible-power-supply-for-gateway-wifi-hub-smart-home\/#primaryimage\"},\"image\":{\"@id\":\"https:\/\/mylionbattery.com\/product\/mylion-12v-5a-mini-ups-battery-backup-unit-bbu-uninterruptible-power-supply-for-gateway-wifi-hub-smart-home\/#primaryimage\"},\"thumbnailUrl\":\"https:\/\/mylionbattery.com\/wp-content\/uploads\/2024\/09\/Back-jpg.webp\",\"datePublished\":\"2024-09-23T03:52:42+00:00\",\"dateModified\":\"2025-06-03T08:11:37+00:00\",\"description\":\"Discover Mylion Battery's innovative battery solutions, including mini UPS systems and lithium-ion batteries. Offering high-quality, customizable products designed with advanced technology to deliver exceptional performance and reliability for global markets.\",\"breadcrumb\":{\"@id\":\"https:\/\/mylionbattery.com\/product\/mylion-12v-5a-mini-ups-battery-backup-unit-bbu-uninterruptible-power-supply-for-gateway-wifi-hub-smart-home\/#breadcrumb\"},\"inLanguage\":\"es\",\"potentialAction\":[{\"@type\":\"ReadAction\",\"target\":[\"https:\/\/mylionbattery.com\/product\/mylion-12v-5a-mini-ups-battery-backup-unit-bbu-uninterruptible-power-supply-for-gateway-wifi-hub-smart-home\/\"]}]},{\"@type\":\"ImageObject\",\"inLanguage\":\"es\",\"@id\":\"https:\/\/mylionbattery.com\/product\/mylion-12v-5a-mini-ups-battery-backup-unit-bbu-uninterruptible-power-supply-for-gateway-wifi-hub-smart-home\/#primaryimage\",\"url\":\"https:\/\/mylionbattery.com\/wp-content\/uploads\/2024\/09\/Back-jpg.webp\",\"contentUrl\":\"https:\/\/mylionbattery.com\/wp-content\/uploads\/2024\/09\/Back-jpg.webp\",\"width\":1000,\"height\":1000,\"caption\":\"Back\"},{\"@type\":\"BreadcrumbList\",\"@id\":\"https:\/\/mylionbattery.com\/product\/mylion-12v-5a-mini-ups-battery-backup-unit-bbu-uninterruptible-power-supply-for-gateway-wifi-hub-smart-home\/#breadcrumb\",\"itemListElement\":[{\"@type\":\"ListItem\",\"position\":1,\"name\":\"\u9996\u9875\",\"item\":\"https:\/\/mylionbattery.com\/\"},{\"@type\":\"ListItem\",\"position\":2,\"name\":\"Products\",\"item\":\"https:\/\/mylionbattery.com\/products\/\"},{\"@type\":\"ListItem\",\"position\":3,\"name\":\"Mylion 12V 5A Mini UPS battery backup unit BBU Uninterruptible Power Supply for Gateway WiFi hub Smart home\"}]},{\"@type\":\"WebSite\",\"@id\":\"https:\/\/mylionbattery.com\/#website\",\"url\":\"https:\/\/mylionbattery.com\/\",\"name\":\"Mylionbattery\",\"description\":\"mylionbattery\",\"publisher\":{\"@id\":\"https:\/\/mylionbattery.com\/#organization\"},\"potentialAction\":[{\"@type\":\"SearchAction\",\"target\":{\"@type\":\"EntryPoint\",\"urlTemplate\":\"https:\/\/mylionbattery.com\/?s={search_term_string}\"},\"query-input\":{\"@type\":\"PropertyValueSpecification\",\"valueRequired\":true,\"valueName\":\"search_term_string\"}}],\"inLanguage\":\"es\"},{\"@type\":\"Organization\",\"@id\":\"https:\/\/mylionbattery.com\/#organization\",\"name\":\"Mylionbattery\",\"url\":\"https:\/\/mylionbattery.com\/\",\"logo\":{\"@type\":\"ImageObject\",\"inLanguage\":\"es\",\"@id\":\"https:\/\/mylionbattery.com\/#\/schema\/logo\/image\/\",\"url\":\"http:\/\/mylionbattery.com\/wp-content\/uploads\/2024\/09\/\u767d\u5e95mylion-logo\u6b63\u65b9\u5f62.png\",\"contentUrl\":\"http:\/\/mylionbattery.com\/wp-content\/uploads\/2024\/09\/\u767d\u5e95mylion-logo\u6b63\u65b9\u5f62.png\",\"width\":600,\"height\":600,\"caption\":\"Mylionbattery\"},\"image\":{\"@id\":\"https:\/\/mylionbattery.com\/#\/schema\/logo\/image\/\"}}]}<\/script>\n<!-- \/ Yoast SEO plugin. -->","yoast_head_json":{"title":"Mylion 12V 5A Mini UPS battery backup unit BBU Uninterruptible Power Supply for Gateway WiFi hub Smart home - mylionbattery","description":"Discover Mylion Battery's innovative battery solutions, including mini UPS systems and lithium-ion batteries. Offering high-quality, customizable products designed with advanced technology to deliver exceptional performance and reliability for global markets.","robots":{"index":"index","follow":"follow","max-snippet":"max-snippet:-1","max-image-preview":"max-image-preview:large","max-video-preview":"max-video-preview:-1"},"canonical":"https:\/\/mylionbattery.com\/es\/producto\/mylion-12v-5a-mini-ups-battery-backup-unit-bbu-uninterruptible-power-supply-for-gateway-wifi-hub-smart-home\/","og_locale":"es_ES","og_type":"article","og_title":"Mylion 12V 5A Mini UPS battery backup unit BBU Uninterruptible Power Supply for Gateway WiFi hub Smart home - mylionbattery","og_description":"Discover Mylion Battery's innovative battery solutions, including mini UPS systems and lithium-ion batteries. Offering high-quality, customizable products designed with advanced technology to deliver exceptional performance and reliability for global markets.","og_url":"https:\/\/mylionbattery.com\/es\/producto\/mylion-12v-5a-mini-ups-battery-backup-unit-bbu-uninterruptible-power-supply-for-gateway-wifi-hub-smart-home\/","og_site_name":"mylionbattery","article_modified_time":"2025-06-03T08:11:37+00:00","og_image":[{"width":1000,"height":1000,"url":"https:\/\/mylionbattery.com\/wp-content\/uploads\/2024\/09\/Back-jpg.webp","type":"image\/jpeg"}],"twitter_card":"summary_large_image","twitter_misc":{"Tiempo de lectura":"3 minutos"},"schema":{"@context":"https:\/\/schema.org","@graph":[{"@type":"WebPage","@id":"https:\/\/mylionbattery.com\/product\/mylion-12v-5a-mini-ups-battery-backup-unit-bbu-uninterruptible-power-supply-for-gateway-wifi-hub-smart-home\/","url":"https:\/\/mylionbattery.com\/product\/mylion-12v-5a-mini-ups-battery-backup-unit-bbu-uninterruptible-power-supply-for-gateway-wifi-hub-smart-home\/","name":"Mylion 12V 5A Mini UPS battery backup unit BBU Uninterruptible Power Supply for Gateway WiFi hub Smart home - mylionbattery","isPartOf":{"@id":"https:\/\/mylionbattery.com\/#website"},"primaryImageOfPage":{"@id":"https:\/\/mylionbattery.com\/product\/mylion-12v-5a-mini-ups-battery-backup-unit-bbu-uninterruptible-power-supply-for-gateway-wifi-hub-smart-home\/#primaryimage"},"image":{"@id":"https:\/\/mylionbattery.com\/product\/mylion-12v-5a-mini-ups-battery-backup-unit-bbu-uninterruptible-power-supply-for-gateway-wifi-hub-smart-home\/#primaryimage"},"thumbnailUrl":"https:\/\/mylionbattery.com\/wp-content\/uploads\/2024\/09\/Back-jpg.webp","datePublished":"2024-09-23T03:52:42+00:00","dateModified":"2025-06-03T08:11:37+00:00","description":"Discover Mylion Battery's innovative battery solutions, including mini UPS systems and lithium-ion batteries. Offering high-quality, customizable products designed with advanced technology to deliver exceptional performance and reliability for global markets.","breadcrumb":{"@id":"https:\/\/mylionbattery.com\/product\/mylion-12v-5a-mini-ups-battery-backup-unit-bbu-uninterruptible-power-supply-for-gateway-wifi-hub-smart-home\/#breadcrumb"},"inLanguage":"es","potentialAction":[{"@type":"ReadAction","target":["https:\/\/mylionbattery.com\/product\/mylion-12v-5a-mini-ups-battery-backup-unit-bbu-uninterruptible-power-supply-for-gateway-wifi-hub-smart-home\/"]}]},{"@type":"ImageObject","inLanguage":"es","@id":"https:\/\/mylionbattery.com\/product\/mylion-12v-5a-mini-ups-battery-backup-unit-bbu-uninterruptible-power-supply-for-gateway-wifi-hub-smart-home\/#primaryimage","url":"https:\/\/mylionbattery.com\/wp-content\/uploads\/2024\/09\/Back-jpg.webp","contentUrl":"https:\/\/mylionbattery.com\/wp-content\/uploads\/2024\/09\/Back-jpg.webp","width":1000,"height":1000,"caption":"Back"},{"@type":"BreadcrumbList","@id":"https:\/\/mylionbattery.com\/product\/mylion-12v-5a-mini-ups-battery-backup-unit-bbu-uninterruptible-power-supply-for-gateway-wifi-hub-smart-home\/#breadcrumb","itemListElement":[{"@type":"ListItem","position":1,"name":"\u9996\u9875","item":"https:\/\/mylionbattery.com\/"},{"@type":"ListItem","position":2,"name":"Products","item":"https:\/\/mylionbattery.com\/products\/"},{"@type":"ListItem","position":3,"name":"Mylion 12V 5A Mini UPS battery backup unit BBU Uninterruptible Power Supply for Gateway WiFi hub Smart home"}]},{"@type":"WebSite","@id":"https:\/\/mylionbattery.com\/#website","url":"https:\/\/mylionbattery.com\/","name":"Mylionbattery","description":"mylionbattery","publisher":{"@id":"https:\/\/mylionbattery.com\/#organization"},"potentialAction":[{"@type":"SearchAction","target":{"@type":"EntryPoint","urlTemplate":"https:\/\/mylionbattery.com\/?s={search_term_string}"},"query-input":{"@type":"PropertyValueSpecification","valueRequired":true,"valueName":"search_term_string"}}],"inLanguage":"es"},{"@type":"Organization","@id":"https:\/\/mylionbattery.com\/#organization","name":"Mylionbattery","url":"https:\/\/mylionbattery.com\/","logo":{"@type":"ImageObject","inLanguage":"es","@id":"https:\/\/mylionbattery.com\/#\/schema\/logo\/image\/","url":"http:\/\/mylionbattery.com\/wp-content\/uploads\/2024\/09\/\u767d\u5e95mylion-logo\u6b63\u65b9\u5f62.png","contentUrl":"http:\/\/mylionbattery.com\/wp-content\/uploads\/2024\/09\/\u767d\u5e95mylion-logo\u6b63\u65b9\u5f62.png","width":600,"height":600,"caption":"Mylionbattery"},"image":{"@id":"https:\/\/mylionbattery.com\/#\/schema\/logo\/image\/"}}]}},"_links":{"self":[{"href":"https:\/\/mylionbattery.com\/es\/wp-json\/wp\/v2\/product\/1177","targetHints":{"allow":["GET"]}}],"collection":[{"href":"https:\/\/mylionbattery.com\/es\/wp-json\/wp\/v2\/product"}],"about":[{"href":"https:\/\/mylionbattery.com\/es\/wp-json\/wp\/v2\/types\/product"}],"version-history":[{"count":1,"href":"https:\/\/mylionbattery.com\/es\/wp-json\/wp\/v2\/product\/1177\/revisions"}],"predecessor-version":[{"id":1191,"href":"https:\/\/mylionbattery.com\/es\/wp-json\/wp\/v2\/product\/1177\/revisions\/1191"}],"wp:featuredmedia":[{"embeddable":true,"href":"https:\/\/mylionbattery.com\/es\/wp-json\/wp\/v2\/media\/1179"}],"wp:attachment":[{"href":"https:\/\/mylionbattery.com\/es\/wp-json\/wp\/v2\/media?parent=1177"}],"wp:term":[{"taxonomy":"product_brand","embeddable":true,"href":"https:\/\/mylionbattery.com\/es\/wp-json\/wp\/v2\/product_brand?post=1177"},{"taxonomy":"product_cat","embeddable":true,"href":"https:\/\/mylionbattery.com\/es\/wp-json\/wp\/v2\/product_cat?post=1177"},{"taxonomy":"product_tag","embeddable":true,"href":"https:\/\/mylionbattery.com\/es\/wp-json\/wp\/v2\/product_tag?post=1177"}],"curies":[{"name":"wp","href":"https:\/\/api.w.org\/{rel}","templated":true}]}}