{"id":1194,"date":"2024-09-23T07:19:26","date_gmt":"2024-09-23T07:19:26","guid":{"rendered":"https:\/\/lightyellow-sardine-891901.hostingersite.com\/?post_type=product&#038;p=1194"},"modified":"2025-06-03T08:27:56","modified_gmt":"2025-06-03T08:27:56","slug":"mylion-mini-dc-ups-mu26w-12v-2a-5200mah-19-24wh-lithium-ion-battery-backup","status":"publish","type":"product","link":"https:\/\/mylionbattery.com\/es\/producto\/mylion-mini-dc-ups-mu26w-12v-2a-5200mah-19-24wh-lithium-ion-battery-backup\/","title":{"rendered":"Bater\u00eda de respaldo de iones de litio Mylion Mini DC UPS MU26W 12 V 2 A 5200 mAh 19,24 Wh"},"content":{"rendered":"<table style=\"height: 749px;\" border=\"0\" width=\"996\" cellspacing=\"0\" cellpadding=\"0\">\n<tbody>\n<tr>\n<td class=\"et4\" width=\"228\" height=\"28\">Nombre del estilo<\/td>\n<td class=\"et4\" width=\"553\">MU26W<\/td>\n<\/tr>\n<tr>\n<td class=\"et4\" height=\"28\">Nombre del producto<\/td>\n<td class=\"et6\">Mini UPS de CC para m\u00f3dem ADSL, enrutador WiFi, c\u00e1mara de seguridad\/CCTV<\/td>\n<\/tr>\n<tr>\n<td class=\"et4\" height=\"28\">Voltaje de salida<\/td>\n<td class=\"et7\">12 V<\/td>\n<\/tr>\n<tr>\n<td class=\"et4\" height=\"28\">Corriente de salida<\/td>\n<td class=\"et7\">2A m\u00e1x.<\/td>\n<\/tr>\n<tr>\n<td class=\"et4\" height=\"28\">Potencia de salida<\/td>\n<td class=\"et8\">19,24 Wh\/5200 mAh<\/td>\n<\/tr>\n<tr>\n<td class=\"et4\" height=\"28\">Voltaje de entrada<\/td>\n<td class=\"et7\">12 V CC<\/td>\n<\/tr>\n<tr>\n<td class=\"et4\" height=\"28\">Corriente de entrada<\/td>\n<td class=\"et7\">2,5 A CC<\/td>\n<\/tr>\n<tr>\n<td class=\"et9\" rowspan=\"2\" height=\"56\">Tiempo de trabajo<\/td>\n<td class=\"et7\">Salida 12 V 0,5 A (6 W): aprox. 3,5 horas<\/td>\n<\/tr>\n<tr>\n<td class=\"et7\">Salida 12 V 1,0 A (12 W): aprox. 2 horas<\/td>\n<\/tr>\n<tr>\n<td class=\"et4\" height=\"28\">Puerto de carga (IN) Negro<\/td>\n<td class=\"et7\">CC 5,5 \u00d7 2,1<\/td>\n<\/tr>\n<tr>\n<td class=\"et4\" height=\"28\">Puerto de descarga (OUT)Amarillo<\/td>\n<td class=\"et7\">DC5.5\u00d72.5<\/td>\n<\/tr>\n<tr>\n<td class=\"et4\" height=\"28\">Material de la caja<\/td>\n<td class=\"et7\">FR-ABS antiincendios<\/td>\n<\/tr>\n<tr>\n<td class=\"et4\" height=\"28\">Color de la caja<\/td>\n<td class=\"et6\">Blanco<\/td>\n<\/tr>\n<tr>\n<td class=\"et4\" height=\"28\">Dimensiones de la caja<\/td>\n<td class=\"et7\">112 x 70 x 60 mm<\/td>\n<\/tr>\n<tr>\n<td class=\"et4\" height=\"28\">Peso<\/td>\n<td class=\"et7\">235 gramos<\/td>\n<\/tr>\n<tr>\n<td class=\"et4\" height=\"28\">Cable de transferencia gratuito<\/td>\n<td class=\"et7\">AWG#20 50 cm de longitud, DC5.5\u00d72.1 negro y DC.5.5\u00d72.5 amarillo<\/td>\n<\/tr>\n<tr>\n<td class=\"et4\" height=\"28\">M\u00e9todo de cobro<\/td>\n<td class=\"et7\">Adaptador 12V2.5A (el precio no incluye el costo del adaptador)<\/td>\n<\/tr>\n<tr>\n<td class=\"et4\" height=\"28\">Marca de celda de bater\u00eda<\/td>\n<td class=\"et7\">Celular de marca china o celular japon\u00e9s de Corea<\/td>\n<\/tr>\n<tr>\n<td class=\"et4\" height=\"28\">Certificaci\u00f3n UPS<\/td>\n<td class=\"et7\">CE, FCC, EMC, Informe<\/td>\n<\/tr>\n<tr>\n<td class=\"et4\" height=\"28\">Protecci\u00f3n de la bater\u00eda<\/td>\n<td class=\"et11\" width=\"553\">Protecci\u00f3n de temperatura, sobrecarga y descarga, sobrecorriente, cortocircuito.<\/td>\n<\/tr>\n<tr>\n<td class=\"et4\" height=\"28\">Ciclo de vida<\/td>\n<td class=\"et7\">Capacidad est\u00e1ndar de carga y descarga \u226580%, ciclo de vida \u2265600 veces<\/td>\n<\/tr>\n<tr>\n<td class=\"et4\" height=\"57\">Solicitud<\/td>\n<td class=\"et11\" width=\"553\">WIFI, enrutador\/tp link\/c\u00e1mara ip\/sistema de seguridad\/acceso a la puerta\/m\u00e1quina expendedora\/luz LED\/tira de LED<\/td>\n<\/tr>\n<tr>\n<td class=\"et4\" height=\"28\">Paquete<\/td>\n<td class=\"et7\">20 piezas en una caja (35 x 21 x 30 cm), aproximadamente 7 kg\/caja<\/td>\n<\/tr>\n<tr>\n<td class=\"et4\" height=\"28\">Garant\u00eda<\/td>\n<td class=\"et7\">12 meses<\/td>\n<\/tr>\n<\/tbody>\n<\/table>\n<p><img data-dominant-color=\"a2acca\" data-has-transparency=\"false\" style=\"--dominant-color: #a2acca;\" fetchpriority=\"high\" decoding=\"async\" class=\"alignnone size-full wp-image-1195 not-transparent\" src=\"http:\/\/mylionbattery.com\/wp-content\/uploads\/2024\/09\/mini-ups-battery-_01-jpg.webp\" alt=\"\" width=\"1500\" height=\"709\" srcset=\"https:\/\/mylionbattery.com\/wp-content\/uploads\/2024\/09\/mini-ups-battery-_01-jpg.webp 1500w, https:\/\/mylionbattery.com\/wp-content\/uploads\/2024\/09\/mini-ups-battery-_01-300x142.webp 300w, https:\/\/mylionbattery.com\/wp-content\/uploads\/2024\/09\/mini-ups-battery-_01-1024x484.webp 1024w, https:\/\/mylionbattery.com\/wp-content\/uploads\/2024\/09\/mini-ups-battery-_01-768x363.webp 768w, https:\/\/mylionbattery.com\/wp-content\/uploads\/2024\/09\/mini-ups-battery-_01-18x9.webp 18w, https:\/\/mylionbattery.com\/wp-content\/uploads\/2024\/09\/mini-ups-battery-_01-600x284.webp 600w\" sizes=\"(max-width: 1500px) 100vw, 1500px\" \/> <img data-dominant-color=\"eaedec\" data-has-transparency=\"false\" style=\"--dominant-color: #eaedec;\" decoding=\"async\" class=\"alignnone size-full wp-image-1196 not-transparent\" src=\"http:\/\/mylionbattery.com\/wp-content\/uploads\/2024\/09\/mini-ups-battery-_02-jpg.webp\" alt=\"\" width=\"1500\" height=\"965\" srcset=\"https:\/\/mylionbattery.com\/wp-content\/uploads\/2024\/09\/mini-ups-battery-_02-jpg.webp 1500w, https:\/\/mylionbattery.com\/wp-content\/uploads\/2024\/09\/mini-ups-battery-_02-300x193.webp 300w, https:\/\/mylionbattery.com\/wp-content\/uploads\/2024\/09\/mini-ups-battery-_02-1024x659.webp 1024w, https:\/\/mylionbattery.com\/wp-content\/uploads\/2024\/09\/mini-ups-battery-_02-768x494.webp 768w, https:\/\/mylionbattery.com\/wp-content\/uploads\/2024\/09\/mini-ups-battery-_02-18x12.webp 18w, https:\/\/mylionbattery.com\/wp-content\/uploads\/2024\/09\/mini-ups-battery-_02-600x386.webp 600w\" sizes=\"(max-width: 1500px) 100vw, 1500px\" \/> <img data-dominant-color=\"bdcce2\" data-has-transparency=\"false\" style=\"--dominant-color: #bdcce2;\" decoding=\"async\" class=\"alignnone size-full wp-image-1197 not-transparent\" src=\"http:\/\/mylionbattery.com\/wp-content\/uploads\/2024\/09\/mini-ups-battery-_03-jpg.webp\" alt=\"\" width=\"1500\" height=\"1837\" srcset=\"https:\/\/mylionbattery.com\/wp-content\/uploads\/2024\/09\/mini-ups-battery-_03-jpg.webp 1500w, https:\/\/mylionbattery.com\/wp-content\/uploads\/2024\/09\/mini-ups-battery-_03-245x300.webp 245w, https:\/\/mylionbattery.com\/wp-content\/uploads\/2024\/09\/mini-ups-battery-_03-836x1024.webp 836w, https:\/\/mylionbattery.com\/wp-content\/uploads\/2024\/09\/mini-ups-battery-_03-768x941.webp 768w, https:\/\/mylionbattery.com\/wp-content\/uploads\/2024\/09\/mini-ups-battery-_03-1254x1536.webp 1254w, https:\/\/mylionbattery.com\/wp-content\/uploads\/2024\/09\/mini-ups-battery-_03-10x12.webp 10w, https:\/\/mylionbattery.com\/wp-content\/uploads\/2024\/09\/mini-ups-battery-_03-600x735.webp 600w\" sizes=\"(max-width: 1500px) 100vw, 1500px\" \/> <img data-dominant-color=\"89b7eb\" data-has-transparency=\"false\" style=\"--dominant-color: #89b7eb;\" loading=\"lazy\" decoding=\"async\" class=\"alignnone size-full wp-image-1198 not-transparent\" src=\"http:\/\/mylionbattery.com\/wp-content\/uploads\/2024\/09\/mini-ups-battery-_04-jpg.webp\" alt=\"\" width=\"1500\" height=\"1558\" srcset=\"https:\/\/mylionbattery.com\/wp-content\/uploads\/2024\/09\/mini-ups-battery-_04-jpg.webp 1500w, https:\/\/mylionbattery.com\/wp-content\/uploads\/2024\/09\/mini-ups-battery-_04-289x300.webp 289w, https:\/\/mylionbattery.com\/wp-content\/uploads\/2024\/09\/mini-ups-battery-_04-986x1024.webp 986w, https:\/\/mylionbattery.com\/wp-content\/uploads\/2024\/09\/mini-ups-battery-_04-768x798.webp 768w, https:\/\/mylionbattery.com\/wp-content\/uploads\/2024\/09\/mini-ups-battery-_04-1479x1536.webp 1479w, https:\/\/mylionbattery.com\/wp-content\/uploads\/2024\/09\/mini-ups-battery-_04-12x12.webp 12w, https:\/\/mylionbattery.com\/wp-content\/uploads\/2024\/09\/mini-ups-battery-_04-600x623.webp 600w\" sizes=\"(max-width: 1500px) 100vw, 1500px\" \/> <img data-dominant-color=\"c1d2e0\" data-has-transparency=\"false\" style=\"--dominant-color: #c1d2e0;\" loading=\"lazy\" decoding=\"async\" class=\"alignnone size-full wp-image-1199 not-transparent\" src=\"http:\/\/mylionbattery.com\/wp-content\/uploads\/2024\/09\/mini-ups-battery-_05-jpg.webp\" alt=\"\" width=\"1500\" height=\"1556\" srcset=\"https:\/\/mylionbattery.com\/wp-content\/uploads\/2024\/09\/mini-ups-battery-_05-jpg.webp 1500w, https:\/\/mylionbattery.com\/wp-content\/uploads\/2024\/09\/mini-ups-battery-_05-289x300.webp 289w, https:\/\/mylionbattery.com\/wp-content\/uploads\/2024\/09\/mini-ups-battery-_05-987x1024.webp 987w, https:\/\/mylionbattery.com\/wp-content\/uploads\/2024\/09\/mini-ups-battery-_05-768x797.webp 768w, https:\/\/mylionbattery.com\/wp-content\/uploads\/2024\/09\/mini-ups-battery-_05-1481x1536.webp 1481w, https:\/\/mylionbattery.com\/wp-content\/uploads\/2024\/09\/mini-ups-battery-_05-12x12.webp 12w, https:\/\/mylionbattery.com\/wp-content\/uploads\/2024\/09\/mini-ups-battery-_05-600x622.webp 600w\" sizes=\"(max-width: 1500px) 100vw, 1500px\" \/> <img data-dominant-color=\"acc3d9\" data-has-transparency=\"false\" style=\"--dominant-color: #acc3d9;\" loading=\"lazy\" decoding=\"async\" class=\"alignnone size-full wp-image-1200 not-transparent\" src=\"http:\/\/mylionbattery.com\/wp-content\/uploads\/2024\/09\/mini-ups-battery-_06-jpg.webp\" alt=\"\" width=\"1500\" height=\"1383\" srcset=\"https:\/\/mylionbattery.com\/wp-content\/uploads\/2024\/09\/mini-ups-battery-_06-jpg.webp 1500w, https:\/\/mylionbattery.com\/wp-content\/uploads\/2024\/09\/mini-ups-battery-_06-300x277.webp 300w, https:\/\/mylionbattery.com\/wp-content\/uploads\/2024\/09\/mini-ups-battery-_06-1024x944.webp 1024w, https:\/\/mylionbattery.com\/wp-content\/uploads\/2024\/09\/mini-ups-battery-_06-768x708.webp 768w, https:\/\/mylionbattery.com\/wp-content\/uploads\/2024\/09\/mini-ups-battery-_06-13x12.webp 13w, https:\/\/mylionbattery.com\/wp-content\/uploads\/2024\/09\/mini-ups-battery-_06-600x553.webp 600w\" sizes=\"(max-width: 1500px) 100vw, 1500px\" \/> <img data-dominant-color=\"dae0e4\" data-has-transparency=\"false\" style=\"--dominant-color: #dae0e4;\" loading=\"lazy\" decoding=\"async\" class=\"alignnone size-full wp-image-1201 not-transparent\" src=\"http:\/\/mylionbattery.com\/wp-content\/uploads\/2024\/09\/mini-ups-battery-_07-jpg.webp\" alt=\"\" width=\"1500\" height=\"1916\" srcset=\"https:\/\/mylionbattery.com\/wp-content\/uploads\/2024\/09\/mini-ups-battery-_07-jpg.webp 1500w, https:\/\/mylionbattery.com\/wp-content\/uploads\/2024\/09\/mini-ups-battery-_07-235x300.webp 235w, https:\/\/mylionbattery.com\/wp-content\/uploads\/2024\/09\/mini-ups-battery-_07-802x1024.webp 802w, https:\/\/mylionbattery.com\/wp-content\/uploads\/2024\/09\/mini-ups-battery-_07-768x981.webp 768w, https:\/\/mylionbattery.com\/wp-content\/uploads\/2024\/09\/mini-ups-battery-_07-1203x1536.webp 1203w, https:\/\/mylionbattery.com\/wp-content\/uploads\/2024\/09\/mini-ups-battery-_07-9x12.webp 9w, https:\/\/mylionbattery.com\/wp-content\/uploads\/2024\/09\/mini-ups-battery-_07-600x766.webp 600w\" sizes=\"(max-width: 1500px) 100vw, 1500px\" \/> <img data-dominant-color=\"ebeff2\" data-has-transparency=\"false\" style=\"--dominant-color: #ebeff2;\" loading=\"lazy\" decoding=\"async\" class=\"alignnone size-full wp-image-1468 not-transparent\" src=\"http:\/\/mylionbattery.com\/wp-content\/uploads\/2024\/09\/lQDPJx4l0eYS1efNCcLNBdywM0CLecIlA9QIGcVcvMieAA_1500_2498.webp\" alt=\"MU68 \u8be6\u60c5\u9875\" width=\"1500\" height=\"2498\" srcset=\"https:\/\/mylionbattery.com\/wp-content\/uploads\/2024\/09\/lQDPJx4l0eYS1efNCcLNBdywM0CLecIlA9QIGcVcvMieAA_1500_2498.webp 1500w, https:\/\/mylionbattery.com\/wp-content\/uploads\/2024\/09\/lQDPJx4l0eYS1efNCcLNBdywM0CLecIlA9QIGcVcvMieAA_1500_2498-180x300.webp 180w, https:\/\/mylionbattery.com\/wp-content\/uploads\/2024\/09\/lQDPJx4l0eYS1efNCcLNBdywM0CLecIlA9QIGcVcvMieAA_1500_2498-615x1024.webp 615w, https:\/\/mylionbattery.com\/wp-content\/uploads\/2024\/09\/lQDPJx4l0eYS1efNCcLNBdywM0CLecIlA9QIGcVcvMieAA_1500_2498-768x1279.webp 768w, https:\/\/mylionbattery.com\/wp-content\/uploads\/2024\/09\/lQDPJx4l0eYS1efNCcLNBdywM0CLecIlA9QIGcVcvMieAA_1500_2498-922x1536.webp 922w, https:\/\/mylionbattery.com\/wp-content\/uploads\/2024\/09\/lQDPJx4l0eYS1efNCcLNBdywM0CLecIlA9QIGcVcvMieAA_1500_2498-1230x2048.webp 1230w, https:\/\/mylionbattery.com\/wp-content\/uploads\/2024\/09\/lQDPJx4l0eYS1efNCcLNBdywM0CLecIlA9QIGcVcvMieAA_1500_2498-7x12.webp 7w, https:\/\/mylionbattery.com\/wp-content\/uploads\/2024\/09\/lQDPJx4l0eYS1efNCcLNBdywM0CLecIlA9QIGcVcvMieAA_1500_2498-600x999.webp 600w\" sizes=\"(max-width: 1500px) 100vw, 1500px\" \/>\u00a0<img data-dominant-color=\"e7eaed\" data-has-transparency=\"false\" style=\"--dominant-color: #e7eaed;\" loading=\"lazy\" decoding=\"async\" class=\"alignnone size-full wp-image-1203 not-transparent\" src=\"http:\/\/mylionbattery.com\/wp-content\/uploads\/2024\/09\/mini-ups-battery-_09-scaled.webp\" alt=\"\" width=\"1307\" height=\"2560\" srcset=\"https:\/\/mylionbattery.com\/wp-content\/uploads\/2024\/09\/mini-ups-battery-_09-scaled.webp 1307w, https:\/\/mylionbattery.com\/wp-content\/uploads\/2024\/09\/mini-ups-battery-_09-153x300.webp 153w, https:\/\/mylionbattery.com\/wp-content\/uploads\/2024\/09\/mini-ups-battery-_09-523x1024.webp 523w, https:\/\/mylionbattery.com\/wp-content\/uploads\/2024\/09\/mini-ups-battery-_09-768x1505.webp 768w, https:\/\/mylionbattery.com\/wp-content\/uploads\/2024\/09\/mini-ups-battery-_09-784x1536.webp 784w, https:\/\/mylionbattery.com\/wp-content\/uploads\/2024\/09\/mini-ups-battery-_09-1045x2048.webp 1045w, https:\/\/mylionbattery.com\/wp-content\/uploads\/2024\/09\/mini-ups-battery-_09-6x12.webp 6w, https:\/\/mylionbattery.com\/wp-content\/uploads\/2024\/09\/mini-ups-battery-_09-600x1176.webp 600w\" sizes=\"(max-width: 1307px) 100vw, 1307px\" \/><\/p>\n<p>&nbsp;<\/p>","protected":false},"excerpt":{"rendered":"<ul>\n<li>Tipo: Bater\u00eda de respaldo mini UPS MU26W 12V 2A 19,24Wh<\/li>\n<li>Nombre del producto: Mylion Mini DC UPS 12v Bater\u00eda de litio Fuente de alimentaci\u00f3n de respaldo<\/li>\n<li>Aplicaci\u00f3n: enrutador, ONT, CPE, OLT, ONU, ODN, telecomunicaciones, wifi, internet, etc.<\/li>\n<li>Caracter\u00edsticas: carcasa antiincendios, protecci\u00f3n de temperatura, dise\u00f1o atractivo, peque\u00f1o, seguro, inteligente.<\/li>\n<li>Tipo de bater\u00eda: bater\u00eda de iones de litio<\/li>\n<li>Tiempo de respaldo: m\u00e1s de 4 horas para enrutador 12v0.5a<\/li>\n<li>Funci\u00f3n: ofrece energ\u00eda a los dispositivos electr\u00f3nicos autom\u00e1ticamente cuando se produce un corte de energ\u00eda de CA.<\/li>\n<li>Certificaci\u00f3n: prueba CE, FCC, UL<\/li>\n<\/ul>","protected":false},"featured_media":1205,"template":"","meta":[],"product_brand":[],"product_cat":[34],"product_tag":[],"class_list":{"0":"post-1194","1":"product","2":"type-product","3":"status-publish","4":"has-post-thumbnail","6":"product_cat-mu26-2a","8":"first","9":"instock","10":"shipping-taxable","11":"product-type-simple"},"yoast_head":"<!-- This site is optimized with the Yoast SEO plugin v26.1.1 - https:\/\/yoast.com\/wordpress\/plugins\/seo\/ -->\n<title>Mylion Mini DC UPS MU26W 12V 2A 5200mah 19.24wh lithium ion battery backup - mylionbattery<\/title>\n<meta name=\"description\" content=\"Discover Mylion Battery&#039;s innovative battery solutions, including mini UPS systems and lithium-ion batteries. Offering high-quality, customizable products designed with advanced technology to deliver exceptional performance and reliability for global markets.\" \/>\n<meta name=\"robots\" content=\"index, follow, max-snippet:-1, max-image-preview:large, max-video-preview:-1\" \/>\n<link rel=\"canonical\" href=\"https:\/\/mylionbattery.com\/es\/producto\/mylion-mini-dc-ups-mu26w-12v-2a-5200mah-19-24wh-lithium-ion-battery-backup\/\" \/>\n<meta property=\"og:locale\" content=\"es_ES\" \/>\n<meta property=\"og:type\" content=\"article\" \/>\n<meta property=\"og:title\" content=\"Mylion Mini DC UPS MU26W 12V 2A 5200mah 19.24wh lithium ion battery backup - mylionbattery\" \/>\n<meta property=\"og:description\" content=\"Discover Mylion Battery&#039;s innovative battery solutions, including mini UPS systems and lithium-ion batteries. Offering high-quality, customizable products designed with advanced technology to deliver exceptional performance and reliability for global markets.\" \/>\n<meta property=\"og:url\" content=\"https:\/\/mylionbattery.com\/es\/producto\/mylion-mini-dc-ups-mu26w-12v-2a-5200mah-19-24wh-lithium-ion-battery-backup\/\" \/>\n<meta property=\"og:site_name\" content=\"mylionbattery\" \/>\n<meta property=\"article:modified_time\" content=\"2025-06-03T08:27:56+00:00\" \/>\n<meta property=\"og:image\" content=\"https:\/\/mylionbattery.com\/wp-content\/uploads\/2024\/09\/W-mini-ups2-jpg.webp\" \/>\n\t<meta property=\"og:image:width\" content=\"750\" \/>\n\t<meta property=\"og:image:height\" content=\"750\" \/>\n\t<meta property=\"og:image:type\" content=\"image\/jpeg\" \/>\n<meta name=\"twitter:card\" content=\"summary_large_image\" \/>\n<meta name=\"twitter:label1\" content=\"Tiempo de lectura\" \/>\n\t<meta name=\"twitter:data1\" content=\"3 minutos\" \/>\n<script type=\"application\/ld+json\" class=\"yoast-schema-graph\">{\"@context\":\"https:\/\/schema.org\",\"@graph\":[{\"@type\":\"WebPage\",\"@id\":\"https:\/\/mylionbattery.com\/product\/mylion-mini-dc-ups-mu26w-12v-2a-5200mah-19-24wh-lithium-ion-battery-backup\/\",\"url\":\"https:\/\/mylionbattery.com\/product\/mylion-mini-dc-ups-mu26w-12v-2a-5200mah-19-24wh-lithium-ion-battery-backup\/\",\"name\":\"Mylion Mini DC UPS MU26W 12V 2A 5200mah 19.24wh lithium ion battery backup - mylionbattery\",\"isPartOf\":{\"@id\":\"https:\/\/mylionbattery.com\/#website\"},\"primaryImageOfPage\":{\"@id\":\"https:\/\/mylionbattery.com\/product\/mylion-mini-dc-ups-mu26w-12v-2a-5200mah-19-24wh-lithium-ion-battery-backup\/#primaryimage\"},\"image\":{\"@id\":\"https:\/\/mylionbattery.com\/product\/mylion-mini-dc-ups-mu26w-12v-2a-5200mah-19-24wh-lithium-ion-battery-backup\/#primaryimage\"},\"thumbnailUrl\":\"https:\/\/mylionbattery.com\/wp-content\/uploads\/2024\/09\/W-mini-ups2-jpg.webp\",\"datePublished\":\"2024-09-23T07:19:26+00:00\",\"dateModified\":\"2025-06-03T08:27:56+00:00\",\"description\":\"Discover Mylion Battery's innovative battery solutions, including mini UPS systems and lithium-ion batteries. Offering high-quality, customizable products designed with advanced technology to deliver exceptional performance and reliability for global markets.\",\"breadcrumb\":{\"@id\":\"https:\/\/mylionbattery.com\/product\/mylion-mini-dc-ups-mu26w-12v-2a-5200mah-19-24wh-lithium-ion-battery-backup\/#breadcrumb\"},\"inLanguage\":\"es\",\"potentialAction\":[{\"@type\":\"ReadAction\",\"target\":[\"https:\/\/mylionbattery.com\/product\/mylion-mini-dc-ups-mu26w-12v-2a-5200mah-19-24wh-lithium-ion-battery-backup\/\"]}]},{\"@type\":\"ImageObject\",\"inLanguage\":\"es\",\"@id\":\"https:\/\/mylionbattery.com\/product\/mylion-mini-dc-ups-mu26w-12v-2a-5200mah-19-24wh-lithium-ion-battery-backup\/#primaryimage\",\"url\":\"https:\/\/mylionbattery.com\/wp-content\/uploads\/2024\/09\/W-mini-ups2-jpg.webp\",\"contentUrl\":\"https:\/\/mylionbattery.com\/wp-content\/uploads\/2024\/09\/W-mini-ups2-jpg.webp\",\"width\":750,\"height\":750,\"caption\":\"W-mini-ups2\"},{\"@type\":\"BreadcrumbList\",\"@id\":\"https:\/\/mylionbattery.com\/product\/mylion-mini-dc-ups-mu26w-12v-2a-5200mah-19-24wh-lithium-ion-battery-backup\/#breadcrumb\",\"itemListElement\":[{\"@type\":\"ListItem\",\"position\":1,\"name\":\"\u9996\u9875\",\"item\":\"https:\/\/mylionbattery.com\/\"},{\"@type\":\"ListItem\",\"position\":2,\"name\":\"Products\",\"item\":\"https:\/\/mylionbattery.com\/products\/\"},{\"@type\":\"ListItem\",\"position\":3,\"name\":\"Mylion Mini DC UPS MU26W 12V 2A 5200mah 19.24wh lithium ion battery backup\"}]},{\"@type\":\"WebSite\",\"@id\":\"https:\/\/mylionbattery.com\/#website\",\"url\":\"https:\/\/mylionbattery.com\/\",\"name\":\"Mylionbattery\",\"description\":\"mylionbattery\",\"publisher\":{\"@id\":\"https:\/\/mylionbattery.com\/#organization\"},\"potentialAction\":[{\"@type\":\"SearchAction\",\"target\":{\"@type\":\"EntryPoint\",\"urlTemplate\":\"https:\/\/mylionbattery.com\/?s={search_term_string}\"},\"query-input\":{\"@type\":\"PropertyValueSpecification\",\"valueRequired\":true,\"valueName\":\"search_term_string\"}}],\"inLanguage\":\"es\"},{\"@type\":\"Organization\",\"@id\":\"https:\/\/mylionbattery.com\/#organization\",\"name\":\"Mylionbattery\",\"url\":\"https:\/\/mylionbattery.com\/\",\"logo\":{\"@type\":\"ImageObject\",\"inLanguage\":\"es\",\"@id\":\"https:\/\/mylionbattery.com\/#\/schema\/logo\/image\/\",\"url\":\"http:\/\/mylionbattery.com\/wp-content\/uploads\/2024\/09\/\u767d\u5e95mylion-logo\u6b63\u65b9\u5f62.png\",\"contentUrl\":\"http:\/\/mylionbattery.com\/wp-content\/uploads\/2024\/09\/\u767d\u5e95mylion-logo\u6b63\u65b9\u5f62.png\",\"width\":600,\"height\":600,\"caption\":\"Mylionbattery\"},\"image\":{\"@id\":\"https:\/\/mylionbattery.com\/#\/schema\/logo\/image\/\"}}]}<\/script>\n<!-- \/ Yoast SEO plugin. -->","yoast_head_json":{"title":"Mylion Mini DC UPS MU26W 12V 2A 5200mah 19.24wh lithium ion battery backup - mylionbattery","description":"Discover Mylion Battery's innovative battery solutions, including mini UPS systems and lithium-ion batteries. Offering high-quality, customizable products designed with advanced technology to deliver exceptional performance and reliability for global markets.","robots":{"index":"index","follow":"follow","max-snippet":"max-snippet:-1","max-image-preview":"max-image-preview:large","max-video-preview":"max-video-preview:-1"},"canonical":"https:\/\/mylionbattery.com\/es\/producto\/mylion-mini-dc-ups-mu26w-12v-2a-5200mah-19-24wh-lithium-ion-battery-backup\/","og_locale":"es_ES","og_type":"article","og_title":"Mylion Mini DC UPS MU26W 12V 2A 5200mah 19.24wh lithium ion battery backup - mylionbattery","og_description":"Discover Mylion Battery's innovative battery solutions, including mini UPS systems and lithium-ion batteries. Offering high-quality, customizable products designed with advanced technology to deliver exceptional performance and reliability for global markets.","og_url":"https:\/\/mylionbattery.com\/es\/producto\/mylion-mini-dc-ups-mu26w-12v-2a-5200mah-19-24wh-lithium-ion-battery-backup\/","og_site_name":"mylionbattery","article_modified_time":"2025-06-03T08:27:56+00:00","og_image":[{"width":750,"height":750,"url":"https:\/\/mylionbattery.com\/wp-content\/uploads\/2024\/09\/W-mini-ups2-jpg.webp","type":"image\/jpeg"}],"twitter_card":"summary_large_image","twitter_misc":{"Tiempo de lectura":"3 minutos"},"schema":{"@context":"https:\/\/schema.org","@graph":[{"@type":"WebPage","@id":"https:\/\/mylionbattery.com\/product\/mylion-mini-dc-ups-mu26w-12v-2a-5200mah-19-24wh-lithium-ion-battery-backup\/","url":"https:\/\/mylionbattery.com\/product\/mylion-mini-dc-ups-mu26w-12v-2a-5200mah-19-24wh-lithium-ion-battery-backup\/","name":"Mylion Mini DC UPS MU26W 12V 2A 5200mah 19.24wh lithium ion battery backup - mylionbattery","isPartOf":{"@id":"https:\/\/mylionbattery.com\/#website"},"primaryImageOfPage":{"@id":"https:\/\/mylionbattery.com\/product\/mylion-mini-dc-ups-mu26w-12v-2a-5200mah-19-24wh-lithium-ion-battery-backup\/#primaryimage"},"image":{"@id":"https:\/\/mylionbattery.com\/product\/mylion-mini-dc-ups-mu26w-12v-2a-5200mah-19-24wh-lithium-ion-battery-backup\/#primaryimage"},"thumbnailUrl":"https:\/\/mylionbattery.com\/wp-content\/uploads\/2024\/09\/W-mini-ups2-jpg.webp","datePublished":"2024-09-23T07:19:26+00:00","dateModified":"2025-06-03T08:27:56+00:00","description":"Discover Mylion Battery's innovative battery solutions, including mini UPS systems and lithium-ion batteries. Offering high-quality, customizable products designed with advanced technology to deliver exceptional performance and reliability for global markets.","breadcrumb":{"@id":"https:\/\/mylionbattery.com\/product\/mylion-mini-dc-ups-mu26w-12v-2a-5200mah-19-24wh-lithium-ion-battery-backup\/#breadcrumb"},"inLanguage":"es","potentialAction":[{"@type":"ReadAction","target":["https:\/\/mylionbattery.com\/product\/mylion-mini-dc-ups-mu26w-12v-2a-5200mah-19-24wh-lithium-ion-battery-backup\/"]}]},{"@type":"ImageObject","inLanguage":"es","@id":"https:\/\/mylionbattery.com\/product\/mylion-mini-dc-ups-mu26w-12v-2a-5200mah-19-24wh-lithium-ion-battery-backup\/#primaryimage","url":"https:\/\/mylionbattery.com\/wp-content\/uploads\/2024\/09\/W-mini-ups2-jpg.webp","contentUrl":"https:\/\/mylionbattery.com\/wp-content\/uploads\/2024\/09\/W-mini-ups2-jpg.webp","width":750,"height":750,"caption":"W-mini-ups2"},{"@type":"BreadcrumbList","@id":"https:\/\/mylionbattery.com\/product\/mylion-mini-dc-ups-mu26w-12v-2a-5200mah-19-24wh-lithium-ion-battery-backup\/#breadcrumb","itemListElement":[{"@type":"ListItem","position":1,"name":"\u9996\u9875","item":"https:\/\/mylionbattery.com\/"},{"@type":"ListItem","position":2,"name":"Products","item":"https:\/\/mylionbattery.com\/products\/"},{"@type":"ListItem","position":3,"name":"Mylion Mini DC UPS MU26W 12V 2A 5200mah 19.24wh lithium ion battery backup"}]},{"@type":"WebSite","@id":"https:\/\/mylionbattery.com\/#website","url":"https:\/\/mylionbattery.com\/","name":"Mylionbattery","description":"mylionbattery","publisher":{"@id":"https:\/\/mylionbattery.com\/#organization"},"potentialAction":[{"@type":"SearchAction","target":{"@type":"EntryPoint","urlTemplate":"https:\/\/mylionbattery.com\/?s={search_term_string}"},"query-input":{"@type":"PropertyValueSpecification","valueRequired":true,"valueName":"search_term_string"}}],"inLanguage":"es"},{"@type":"Organization","@id":"https:\/\/mylionbattery.com\/#organization","name":"Mylionbattery","url":"https:\/\/mylionbattery.com\/","logo":{"@type":"ImageObject","inLanguage":"es","@id":"https:\/\/mylionbattery.com\/#\/schema\/logo\/image\/","url":"http:\/\/mylionbattery.com\/wp-content\/uploads\/2024\/09\/\u767d\u5e95mylion-logo\u6b63\u65b9\u5f62.png","contentUrl":"http:\/\/mylionbattery.com\/wp-content\/uploads\/2024\/09\/\u767d\u5e95mylion-logo\u6b63\u65b9\u5f62.png","width":600,"height":600,"caption":"Mylionbattery"},"image":{"@id":"https:\/\/mylionbattery.com\/#\/schema\/logo\/image\/"}}]}},"_links":{"self":[{"href":"https:\/\/mylionbattery.com\/es\/wp-json\/wp\/v2\/product\/1194","targetHints":{"allow":["GET"]}}],"collection":[{"href":"https:\/\/mylionbattery.com\/es\/wp-json\/wp\/v2\/product"}],"about":[{"href":"https:\/\/mylionbattery.com\/es\/wp-json\/wp\/v2\/types\/product"}],"version-history":[{"count":4,"href":"https:\/\/mylionbattery.com\/es\/wp-json\/wp\/v2\/product\/1194\/revisions"}],"predecessor-version":[{"id":1471,"href":"https:\/\/mylionbattery.com\/es\/wp-json\/wp\/v2\/product\/1194\/revisions\/1471"}],"wp:featuredmedia":[{"embeddable":true,"href":"https:\/\/mylionbattery.com\/es\/wp-json\/wp\/v2\/media\/1205"}],"wp:attachment":[{"href":"https:\/\/mylionbattery.com\/es\/wp-json\/wp\/v2\/media?parent=1194"}],"wp:term":[{"taxonomy":"product_brand","embeddable":true,"href":"https:\/\/mylionbattery.com\/es\/wp-json\/wp\/v2\/product_brand?post=1194"},{"taxonomy":"product_cat","embeddable":true,"href":"https:\/\/mylionbattery.com\/es\/wp-json\/wp\/v2\/product_cat?post=1194"},{"taxonomy":"product_tag","embeddable":true,"href":"https:\/\/mylionbattery.com\/es\/wp-json\/wp\/v2\/product_tag?post=1194"}],"curies":[{"name":"wp","href":"https:\/\/api.w.org\/{rel}","templated":true}]}}