{"id":1492,"date":"2025-06-04T07:19:28","date_gmt":"2025-06-04T07:19:28","guid":{"rendered":"https:\/\/lightyellow-sardine-891901.hostingersite.com\/?post_type=product&#038;p=1492"},"modified":"2025-06-05T01:54:21","modified_gmt":"2025-06-05T01:54:21","slug":"mylion-3-7v-2600mah-lithium-ion-battery-pack-for-portable-electronics","status":"publish","type":"product","link":"https:\/\/mylionbattery.com\/es\/producto\/mylion-3-7v-2600mah-lithium-ion-battery-pack-for-portable-electronics\/","title":{"rendered":"Bater\u00eda de iones de litio Mylion de 3,7 V y 2600 mAh para dispositivos electr\u00f3nicos port\u00e1tiles"},"content":{"rendered":"<table style=\"border-collapse: collapse; width: 617.65pt;\" border=\"0\" width=\"1647\" cellspacing=\"0\" cellpadding=\"0\">\n<tbody>\n<tr style=\"height: 17.25pt;\">\n<td class=\"et3\" style=\"height: 17.25pt; width: 216.10pt;\" width=\"576\" height=\"46\">Nombre del producto<\/td>\n<td class=\"et4\" style=\"width: 401.85pt;\" width=\"1071\">Paquete de bater\u00edas de iones de litio<\/td>\n<\/tr>\n<tr style=\"height: 17.25pt;\">\n<td class=\"et3\" style=\"height: 17.25pt;\" height=\"46\">Nombre del estilo<\/td>\n<td class=\"et3\">3,7 V 2600 mAh<\/td>\n<\/tr>\n<tr style=\"height: 17.25pt;\">\n<td class=\"et3\" style=\"height: 17.25pt;\" height=\"46\">Capacidad normal<\/td>\n<td class=\"et3\">2600 mAh<\/td>\n<\/tr>\n<tr style=\"height: 17.25pt;\">\n<td class=\"et3\" style=\"height: 17.25pt;\" height=\"46\">Voltaje nominal<\/td>\n<td class=\"et3\">3,6 V<\/td>\n<\/tr>\n<tr style=\"height: 17.25pt;\">\n<td class=\"et3\" style=\"height: 17.25pt;\" height=\"46\">Voltaje m\u00e1ximo de carga<\/td>\n<td class=\"et3\">4,2 V<\/td>\n<\/tr>\n<tr style=\"height: 17.25pt;\">\n<td class=\"et3\" style=\"height: 17.25pt;\" height=\"46\">Tensi\u00f3n de descarga de corte<\/td>\n<td class=\"et3\">3,0 V<\/td>\n<\/tr>\n<tr style=\"height: 17.25pt;\">\n<td class=\"et3\" style=\"height: 17.25pt;\" height=\"46\">Corriente m\u00e1xima de descarga continua<\/td>\n<td class=\"et3\">1-2A<\/td>\n<\/tr>\n<tr style=\"height: 17.25pt;\">\n<td class=\"et3\" style=\"height: 17.25pt;\" height=\"46\">Corriente de carga<\/td>\n<td class=\"et3\">1-2A<\/td>\n<\/tr>\n<tr style=\"height: 17.25pt;\">\n<td class=\"et3\" style=\"height: 17.25pt;\" height=\"46\">Potencia de salida<\/td>\n<td class=\"et4\">9,62 Wh<\/td>\n<\/tr>\n<tr style=\"height: 17.25pt;\">\n<td class=\"et5\" style=\"height: 34.50pt; border-bottom: .5pt solid #000000;\" rowspan=\"2\" height=\"92\">Tiempo de trabajo<\/td>\n<td class=\"et6\">Salida 3,7 V 0,5 A (1,85 W): aprox. 5,2 horas<\/td>\n<\/tr>\n<tr style=\"height: 17.25pt;\">\n<td class=\"et6\">Salida 3,7 V 1,0 A (3,7 W): aprox. 2,6 horas<\/td>\n<\/tr>\n<tr style=\"height: 17.25pt;\">\n<td class=\"et3\" style=\"height: 17.25pt;\" height=\"46\">Puerto de carga (IN)<\/td>\n<td class=\"et8\" style=\"border-bottom: .5pt solid #000000;\" rowspan=\"2\">JST de 3 pines o Molex o seleccionado<\/td>\n<\/tr>\n<tr style=\"height: 17.25pt;\">\n<td class=\"et3\" style=\"height: 17.25pt;\" height=\"46\">Puerto de descarga (OUT)<\/td>\n<\/tr>\n<tr style=\"height: 17.25pt;\">\n<td class=\"et3\" style=\"height: 17.25pt;\" height=\"46\">Color de PVC<\/td>\n<td class=\"et10\">Azul<\/td>\n<\/tr>\n<tr style=\"height: 17.25pt;\">\n<td class=\"et3\" style=\"height: 17.25pt;\" height=\"46\">Dimensiones de la bater\u00eda<\/td>\n<td class=\"et4\">Di\u00e1metro 20 x alto 68 mm<\/td>\n<\/tr>\n<tr style=\"height: 17.25pt;\">\n<td class=\"et3\" style=\"height: 17.25pt;\" height=\"46\">Peso<\/td>\n<td class=\"et4\">aprox.48 g<\/td>\n<\/tr>\n<tr style=\"height: 17.25pt;\">\n<td class=\"et11\" style=\"height: 17.25pt;\" height=\"46\">Marca de celda de bater\u00eda<\/td>\n<td class=\"et6\">Celular de marca china (o celular Samsung LG Sony Sanyo Panasonic)<\/td>\n<\/tr>\n<tr style=\"height: 17.25pt;\">\n<td class=\"et11\" style=\"height: 17.25pt;\" height=\"46\">Certificaci\u00f3n de celdas de bater\u00eda<\/td>\n<td class=\"et6\">CB, CE, UL, UN38.3, BIS, KC, MSDS, ROHS, CQC, SGS, EMC<\/td>\n<\/tr>\n<tr style=\"height: 17.25pt;\">\n<td class=\"et11\" style=\"height: 17.25pt;\" height=\"46\">Protecci\u00f3n de la bater\u00eda<\/td>\n<td class=\"et6\">Sobrecarga y descarga, sobrecorriente, cortocircuito.<\/td>\n<\/tr>\n<tr style=\"height: 17.25pt;\">\n<td class=\"et11\" style=\"height: 17.25pt;\" height=\"46\">Ciclo de vida<\/td>\n<td class=\"et6\">Capacidad est\u00e1ndar de carga y descarga \u226580% C5mAh, ciclo de vida \u2265600<\/td>\n<\/tr>\n<tr style=\"height: 17.25pt;\">\n<td class=\"et11\" style=\"height: 17.25pt;\" height=\"46\">Solicitud<\/td>\n<td class=\"et6\">Luz LED\/tira de LED\/linterna\/productos el\u00e9ctricos port\u00e1tiles, etc.<\/td>\n<\/tr>\n<tr style=\"height: 17.25pt;\">\n<td class=\"et11\" style=\"height: 17.25pt;\" height=\"46\">Paquete<\/td>\n<td class=\"et6\">160 piezas en una caja (15 x 29 x 37 cm), aproximadamente 8,6 kg\/caja<\/td>\n<\/tr>\n<tr style=\"height: 17.25pt;\">\n<td class=\"et11\" style=\"height: 17.25pt;\" height=\"46\">Garant\u00eda<\/td>\n<td class=\"et6\">12 meses<\/td>\n<\/tr>\n<\/tbody>\n<\/table>\n<p><img data-dominant-color=\"2e374c\" data-has-transparency=\"false\" style=\"--dominant-color: #2e374c;\" fetchpriority=\"high\" decoding=\"async\" class=\"size-full wp-image-1501 aligncenter not-transparent\" src=\"http:\/\/mylionbattery.com\/wp-content\/uploads\/2025\/06\/battery-3.7V-2600mah-2-1.webp\" alt=\"battery 3.7V 2600mah (2)\" width=\"750\" height=\"933\" srcset=\"https:\/\/mylionbattery.com\/wp-content\/uploads\/2025\/06\/battery-3.7V-2600mah-2-1.webp 750w, https:\/\/mylionbattery.com\/wp-content\/uploads\/2025\/06\/battery-3.7V-2600mah-2-1-241x300.webp 241w, https:\/\/mylionbattery.com\/wp-content\/uploads\/2025\/06\/battery-3.7V-2600mah-2-1-10x12.webp 10w, https:\/\/mylionbattery.com\/wp-content\/uploads\/2025\/06\/battery-3.7V-2600mah-2-1-600x746.webp 600w\" sizes=\"(max-width: 750px) 100vw, 750px\" \/> <img data-dominant-color=\"768199\" data-has-transparency=\"false\" style=\"--dominant-color: #768199;\" decoding=\"async\" class=\"size-full wp-image-1502 aligncenter not-transparent\" src=\"http:\/\/mylionbattery.com\/wp-content\/uploads\/2025\/06\/battery-3.7V-2600mah-3-1.webp\" alt=\"battery 3.7V 2600mah (3)\" width=\"750\" height=\"1233\" srcset=\"https:\/\/mylionbattery.com\/wp-content\/uploads\/2025\/06\/battery-3.7V-2600mah-3-1.webp 750w, https:\/\/mylionbattery.com\/wp-content\/uploads\/2025\/06\/battery-3.7V-2600mah-3-1-182x300.webp 182w, https:\/\/mylionbattery.com\/wp-content\/uploads\/2025\/06\/battery-3.7V-2600mah-3-1-623x1024.webp 623w, https:\/\/mylionbattery.com\/wp-content\/uploads\/2025\/06\/battery-3.7V-2600mah-3-1-7x12.webp 7w, https:\/\/mylionbattery.com\/wp-content\/uploads\/2025\/06\/battery-3.7V-2600mah-3-1-600x986.webp 600w\" sizes=\"(max-width: 750px) 100vw, 750px\" \/> <img data-dominant-color=\"9a9ca6\" data-has-transparency=\"false\" style=\"--dominant-color: #9a9ca6;\" decoding=\"async\" class=\"size-full wp-image-1503 aligncenter not-transparent\" src=\"http:\/\/mylionbattery.com\/wp-content\/uploads\/2025\/06\/battery-3.7V-2600mah-4-1.webp\" alt=\"battery 3.7V 2600mah (4)\" width=\"750\" height=\"1424\" srcset=\"https:\/\/mylionbattery.com\/wp-content\/uploads\/2025\/06\/battery-3.7V-2600mah-4-1.webp 750w, https:\/\/mylionbattery.com\/wp-content\/uploads\/2025\/06\/battery-3.7V-2600mah-4-1-158x300.webp 158w, https:\/\/mylionbattery.com\/wp-content\/uploads\/2025\/06\/battery-3.7V-2600mah-4-1-539x1024.webp 539w, https:\/\/mylionbattery.com\/wp-content\/uploads\/2025\/06\/battery-3.7V-2600mah-4-1-6x12.webp 6w, https:\/\/mylionbattery.com\/wp-content\/uploads\/2025\/06\/battery-3.7V-2600mah-4-1-600x1139.webp 600w\" sizes=\"(max-width: 750px) 100vw, 750px\" \/> <img data-dominant-color=\"798296\" data-has-transparency=\"false\" style=\"--dominant-color: #798296;\" loading=\"lazy\" decoding=\"async\" class=\"size-full wp-image-1504 aligncenter not-transparent\" src=\"http:\/\/mylionbattery.com\/wp-content\/uploads\/2025\/06\/battery-3.7V-2600mah-5-1.webp\" alt=\"battery 3.7V 2600mah (5)\" width=\"750\" height=\"2378\" srcset=\"https:\/\/mylionbattery.com\/wp-content\/uploads\/2025\/06\/battery-3.7V-2600mah-5-1.webp 750w, https:\/\/mylionbattery.com\/wp-content\/uploads\/2025\/06\/battery-3.7V-2600mah-5-1-95x300.webp 95w, https:\/\/mylionbattery.com\/wp-content\/uploads\/2025\/06\/battery-3.7V-2600mah-5-1-323x1024.webp 323w, https:\/\/mylionbattery.com\/wp-content\/uploads\/2025\/06\/battery-3.7V-2600mah-5-1-484x1536.webp 484w, https:\/\/mylionbattery.com\/wp-content\/uploads\/2025\/06\/battery-3.7V-2600mah-5-1-646x2048.webp 646w, https:\/\/mylionbattery.com\/wp-content\/uploads\/2025\/06\/battery-3.7V-2600mah-5-1-4x12.webp 4w, https:\/\/mylionbattery.com\/wp-content\/uploads\/2025\/06\/battery-3.7V-2600mah-5-1-600x1902.webp 600w\" sizes=\"(max-width: 750px) 100vw, 750px\" \/> <img data-dominant-color=\"848a9d\" data-has-transparency=\"false\" style=\"--dominant-color: #848a9d;\" loading=\"lazy\" decoding=\"async\" class=\"size-full wp-image-1505 aligncenter not-transparent\" src=\"http:\/\/mylionbattery.com\/wp-content\/uploads\/2025\/06\/battery-3.7V-2600mah-6-1.webp\" alt=\"battery 3.7V 2600mah (6)\" width=\"750\" height=\"2262\" srcset=\"https:\/\/mylionbattery.com\/wp-content\/uploads\/2025\/06\/battery-3.7V-2600mah-6-1.webp 750w, https:\/\/mylionbattery.com\/wp-content\/uploads\/2025\/06\/battery-3.7V-2600mah-6-1-99x300.webp 99w, https:\/\/mylionbattery.com\/wp-content\/uploads\/2025\/06\/battery-3.7V-2600mah-6-1-340x1024.webp 340w, https:\/\/mylionbattery.com\/wp-content\/uploads\/2025\/06\/battery-3.7V-2600mah-6-1-509x1536.webp 509w, https:\/\/mylionbattery.com\/wp-content\/uploads\/2025\/06\/battery-3.7V-2600mah-6-1-679x2048.webp 679w, https:\/\/mylionbattery.com\/wp-content\/uploads\/2025\/06\/battery-3.7V-2600mah-6-1-4x12.webp 4w, https:\/\/mylionbattery.com\/wp-content\/uploads\/2025\/06\/battery-3.7V-2600mah-6-1-600x1810.webp 600w\" sizes=\"(max-width: 750px) 100vw, 750px\" \/> <img data-dominant-color=\"888e9d\" data-has-transparency=\"false\" style=\"--dominant-color: #888e9d;\" loading=\"lazy\" decoding=\"async\" class=\"size-full wp-image-1506 aligncenter not-transparent\" src=\"http:\/\/mylionbattery.com\/wp-content\/uploads\/2025\/06\/battery-3.7V-2600mah-7-1.webp\" alt=\"battery 3.7V 2600mah (7)\" width=\"750\" height=\"1823\" srcset=\"https:\/\/mylionbattery.com\/wp-content\/uploads\/2025\/06\/battery-3.7V-2600mah-7-1.webp 750w, https:\/\/mylionbattery.com\/wp-content\/uploads\/2025\/06\/battery-3.7V-2600mah-7-1-123x300.webp 123w, https:\/\/mylionbattery.com\/wp-content\/uploads\/2025\/06\/battery-3.7V-2600mah-7-1-421x1024.webp 421w, https:\/\/mylionbattery.com\/wp-content\/uploads\/2025\/06\/battery-3.7V-2600mah-7-1-632x1536.webp 632w, https:\/\/mylionbattery.com\/wp-content\/uploads\/2025\/06\/battery-3.7V-2600mah-7-1-5x12.webp 5w, https:\/\/mylionbattery.com\/wp-content\/uploads\/2025\/06\/battery-3.7V-2600mah-7-1-600x1458.webp 600w\" sizes=\"(max-width: 750px) 100vw, 750px\" \/> <img data-dominant-color=\"5e6b83\" data-has-transparency=\"false\" style=\"--dominant-color: #5e6b83;\" loading=\"lazy\" decoding=\"async\" class=\"size-full wp-image-1507 aligncenter not-transparent\" src=\"http:\/\/mylionbattery.com\/wp-content\/uploads\/2025\/06\/battery-3.7V-2600mah-8-1.webp\" alt=\"battery 3.7V 2600mah (8)\" width=\"750\" height=\"892\" srcset=\"https:\/\/mylionbattery.com\/wp-content\/uploads\/2025\/06\/battery-3.7V-2600mah-8-1.webp 750w, https:\/\/mylionbattery.com\/wp-content\/uploads\/2025\/06\/battery-3.7V-2600mah-8-1-252x300.webp 252w, https:\/\/mylionbattery.com\/wp-content\/uploads\/2025\/06\/battery-3.7V-2600mah-8-1-10x12.webp 10w, https:\/\/mylionbattery.com\/wp-content\/uploads\/2025\/06\/battery-3.7V-2600mah-8-1-600x714.webp 600w\" sizes=\"(max-width: 750px) 100vw, 750px\" \/><\/p>","protected":false},"excerpt":{"rendered":"<ul>\n<li data-start=\"118\" data-end=\"160\">\n<p data-start=\"120\" data-end=\"160\"><strong data-start=\"120\" data-end=\"143\">Voltaje \/ Capacidad:<\/strong> 3,7 V \/ 2600 mAh<\/p>\n<\/li>\n<li data-start=\"161\" data-end=\"183\">\n<p data-start=\"163\" data-end=\"183\"><strong data-start=\"163\" data-end=\"174\">Energ\u00eda:<\/strong> 9,62 Wh<\/p>\n<\/li>\n<li data-start=\"184\" data-end=\"216\">\n<p data-start=\"186\" data-end=\"216\"><strong data-start=\"186\" data-end=\"209\">Voltaje m\u00e1ximo de carga:<\/strong> 4,2 V<\/p>\n<\/li>\n<li data-start=\"217\" data-end=\"246\">\n<p data-start=\"219\" data-end=\"246\"><strong data-start=\"219\" data-end=\"239\">Voltaje de corte:<\/strong> 3,0 V<\/p>\n<\/li>\n<li data-start=\"247\" data-end=\"289\">\n<p data-start=\"249\" data-end=\"289\"><strong data-start=\"249\" data-end=\"282\">Corriente m\u00e1xima de descarga\/carga:<\/strong> 1\u20132A<\/p>\n<\/li>\n<\/ul>","protected":false},"featured_media":1498,"template":"","meta":[],"product_brand":[],"product_cat":[53],"product_tag":[55],"class_list":{"0":"post-1492","1":"product","2":"type-product","3":"status-publish","4":"has-post-thumbnail","6":"product_cat-lithium-battery-pack","7":"product_tag-3-7v2600mah","9":"first","10":"instock","11":"shipping-taxable","12":"product-type-simple"},"yoast_head":"<!-- This site is optimized with the Yoast SEO plugin v26.1.1 - https:\/\/yoast.com\/wordpress\/plugins\/seo\/ -->\n<title>Mylion 3.7V 2600mAh Lithium Ion Battery Pack for Portable Electronics - mylionbattery<\/title>\n<meta name=\"description\" content=\"Discover Mylion Battery&#039;s innovative battery solutions, including mini UPS systems and lithium-ion batteries. Offering high-quality, customizable products designed with advanced technology to deliver exceptional performance and reliability for global markets.\" \/>\n<meta name=\"robots\" content=\"index, follow, max-snippet:-1, max-image-preview:large, max-video-preview:-1\" \/>\n<link rel=\"canonical\" href=\"https:\/\/mylionbattery.com\/es\/producto\/mylion-3-7v-2600mah-lithium-ion-battery-pack-for-portable-electronics\/\" \/>\n<meta property=\"og:locale\" content=\"es_ES\" \/>\n<meta property=\"og:type\" content=\"article\" \/>\n<meta property=\"og:title\" content=\"Mylion 3.7V 2600mAh Lithium Ion Battery Pack for Portable Electronics - mylionbattery\" \/>\n<meta property=\"og:description\" content=\"Discover Mylion Battery&#039;s innovative battery solutions, including mini UPS systems and lithium-ion batteries. Offering high-quality, customizable products designed with advanced technology to deliver exceptional performance and reliability for global markets.\" \/>\n<meta property=\"og:url\" content=\"https:\/\/mylionbattery.com\/es\/producto\/mylion-3-7v-2600mah-lithium-ion-battery-pack-for-portable-electronics\/\" \/>\n<meta property=\"og:site_name\" content=\"mylionbattery\" \/>\n<meta property=\"article:modified_time\" content=\"2025-06-05T01:54:21+00:00\" \/>\n<meta property=\"og:image\" content=\"https:\/\/mylionbattery.com\/wp-content\/uploads\/2025\/06\/3.7V-2600mah-1-1.webp\" \/>\n\t<meta property=\"og:image:width\" content=\"750\" \/>\n\t<meta property=\"og:image:height\" content=\"750\" \/>\n\t<meta property=\"og:image:type\" content=\"image\/jpeg\" \/>\n<meta name=\"twitter:card\" content=\"summary_large_image\" \/>\n<meta name=\"twitter:label1\" content=\"Tiempo de lectura\" \/>\n\t<meta name=\"twitter:data1\" content=\"3 minutos\" \/>\n<script type=\"application\/ld+json\" class=\"yoast-schema-graph\">{\"@context\":\"https:\/\/schema.org\",\"@graph\":[{\"@type\":\"WebPage\",\"@id\":\"https:\/\/mylionbattery.com\/product\/mylion-3-7v-2600mah-lithium-ion-battery-pack-for-portable-electronics\/\",\"url\":\"https:\/\/mylionbattery.com\/product\/mylion-3-7v-2600mah-lithium-ion-battery-pack-for-portable-electronics\/\",\"name\":\"Mylion 3.7V 2600mAh Lithium Ion Battery Pack for Portable Electronics - mylionbattery\",\"isPartOf\":{\"@id\":\"https:\/\/mylionbattery.com\/#website\"},\"primaryImageOfPage\":{\"@id\":\"https:\/\/mylionbattery.com\/product\/mylion-3-7v-2600mah-lithium-ion-battery-pack-for-portable-electronics\/#primaryimage\"},\"image\":{\"@id\":\"https:\/\/mylionbattery.com\/product\/mylion-3-7v-2600mah-lithium-ion-battery-pack-for-portable-electronics\/#primaryimage\"},\"thumbnailUrl\":\"https:\/\/mylionbattery.com\/wp-content\/uploads\/2025\/06\/3.7V-2600mah-1-1.webp\",\"datePublished\":\"2025-06-04T07:19:28+00:00\",\"dateModified\":\"2025-06-05T01:54:21+00:00\",\"description\":\"Discover Mylion Battery's innovative battery solutions, including mini UPS systems and lithium-ion batteries. Offering high-quality, customizable products designed with advanced technology to deliver exceptional performance and reliability for global markets.\",\"breadcrumb\":{\"@id\":\"https:\/\/mylionbattery.com\/product\/mylion-3-7v-2600mah-lithium-ion-battery-pack-for-portable-electronics\/#breadcrumb\"},\"inLanguage\":\"es\",\"potentialAction\":[{\"@type\":\"ReadAction\",\"target\":[\"https:\/\/mylionbattery.com\/product\/mylion-3-7v-2600mah-lithium-ion-battery-pack-for-portable-electronics\/\"]}]},{\"@type\":\"ImageObject\",\"inLanguage\":\"es\",\"@id\":\"https:\/\/mylionbattery.com\/product\/mylion-3-7v-2600mah-lithium-ion-battery-pack-for-portable-electronics\/#primaryimage\",\"url\":\"https:\/\/mylionbattery.com\/wp-content\/uploads\/2025\/06\/3.7V-2600mah-1-1.webp\",\"contentUrl\":\"https:\/\/mylionbattery.com\/wp-content\/uploads\/2025\/06\/3.7V-2600mah-1-1.webp\",\"width\":750,\"height\":750,\"caption\":\"3.7V-2600mah-1\"},{\"@type\":\"BreadcrumbList\",\"@id\":\"https:\/\/mylionbattery.com\/product\/mylion-3-7v-2600mah-lithium-ion-battery-pack-for-portable-electronics\/#breadcrumb\",\"itemListElement\":[{\"@type\":\"ListItem\",\"position\":1,\"name\":\"\u9996\u9875\",\"item\":\"https:\/\/mylionbattery.com\/\"},{\"@type\":\"ListItem\",\"position\":2,\"name\":\"Products\",\"item\":\"https:\/\/mylionbattery.com\/products\/\"},{\"@type\":\"ListItem\",\"position\":3,\"name\":\"Mylion 3.7V 2600mAh Lithium Ion Battery Pack for Portable Electronics\"}]},{\"@type\":\"WebSite\",\"@id\":\"https:\/\/mylionbattery.com\/#website\",\"url\":\"https:\/\/mylionbattery.com\/\",\"name\":\"Mylionbattery\",\"description\":\"mylionbattery\",\"publisher\":{\"@id\":\"https:\/\/mylionbattery.com\/#organization\"},\"potentialAction\":[{\"@type\":\"SearchAction\",\"target\":{\"@type\":\"EntryPoint\",\"urlTemplate\":\"https:\/\/mylionbattery.com\/?s={search_term_string}\"},\"query-input\":{\"@type\":\"PropertyValueSpecification\",\"valueRequired\":true,\"valueName\":\"search_term_string\"}}],\"inLanguage\":\"es\"},{\"@type\":\"Organization\",\"@id\":\"https:\/\/mylionbattery.com\/#organization\",\"name\":\"Mylionbattery\",\"url\":\"https:\/\/mylionbattery.com\/\",\"logo\":{\"@type\":\"ImageObject\",\"inLanguage\":\"es\",\"@id\":\"https:\/\/mylionbattery.com\/#\/schema\/logo\/image\/\",\"url\":\"http:\/\/mylionbattery.com\/wp-content\/uploads\/2024\/09\/\u767d\u5e95mylion-logo\u6b63\u65b9\u5f62.png\",\"contentUrl\":\"http:\/\/mylionbattery.com\/wp-content\/uploads\/2024\/09\/\u767d\u5e95mylion-logo\u6b63\u65b9\u5f62.png\",\"width\":600,\"height\":600,\"caption\":\"Mylionbattery\"},\"image\":{\"@id\":\"https:\/\/mylionbattery.com\/#\/schema\/logo\/image\/\"}}]}<\/script>\n<!-- \/ Yoast SEO plugin. -->","yoast_head_json":{"title":"Mylion 3.7V 2600mAh Lithium Ion Battery Pack for Portable Electronics - mylionbattery","description":"Discover Mylion Battery's innovative battery solutions, including mini UPS systems and lithium-ion batteries. Offering high-quality, customizable products designed with advanced technology to deliver exceptional performance and reliability for global markets.","robots":{"index":"index","follow":"follow","max-snippet":"max-snippet:-1","max-image-preview":"max-image-preview:large","max-video-preview":"max-video-preview:-1"},"canonical":"https:\/\/mylionbattery.com\/es\/producto\/mylion-3-7v-2600mah-lithium-ion-battery-pack-for-portable-electronics\/","og_locale":"es_ES","og_type":"article","og_title":"Mylion 3.7V 2600mAh Lithium Ion Battery Pack for Portable Electronics - mylionbattery","og_description":"Discover Mylion Battery's innovative battery solutions, including mini UPS systems and lithium-ion batteries. Offering high-quality, customizable products designed with advanced technology to deliver exceptional performance and reliability for global markets.","og_url":"https:\/\/mylionbattery.com\/es\/producto\/mylion-3-7v-2600mah-lithium-ion-battery-pack-for-portable-electronics\/","og_site_name":"mylionbattery","article_modified_time":"2025-06-05T01:54:21+00:00","og_image":[{"width":750,"height":750,"url":"https:\/\/mylionbattery.com\/wp-content\/uploads\/2025\/06\/3.7V-2600mah-1-1.webp","type":"image\/jpeg"}],"twitter_card":"summary_large_image","twitter_misc":{"Tiempo de lectura":"3 minutos"},"schema":{"@context":"https:\/\/schema.org","@graph":[{"@type":"WebPage","@id":"https:\/\/mylionbattery.com\/product\/mylion-3-7v-2600mah-lithium-ion-battery-pack-for-portable-electronics\/","url":"https:\/\/mylionbattery.com\/product\/mylion-3-7v-2600mah-lithium-ion-battery-pack-for-portable-electronics\/","name":"Mylion 3.7V 2600mAh Lithium Ion Battery Pack for Portable Electronics - mylionbattery","isPartOf":{"@id":"https:\/\/mylionbattery.com\/#website"},"primaryImageOfPage":{"@id":"https:\/\/mylionbattery.com\/product\/mylion-3-7v-2600mah-lithium-ion-battery-pack-for-portable-electronics\/#primaryimage"},"image":{"@id":"https:\/\/mylionbattery.com\/product\/mylion-3-7v-2600mah-lithium-ion-battery-pack-for-portable-electronics\/#primaryimage"},"thumbnailUrl":"https:\/\/mylionbattery.com\/wp-content\/uploads\/2025\/06\/3.7V-2600mah-1-1.webp","datePublished":"2025-06-04T07:19:28+00:00","dateModified":"2025-06-05T01:54:21+00:00","description":"Discover Mylion Battery's innovative battery solutions, including mini UPS systems and lithium-ion batteries. Offering high-quality, customizable products designed with advanced technology to deliver exceptional performance and reliability for global markets.","breadcrumb":{"@id":"https:\/\/mylionbattery.com\/product\/mylion-3-7v-2600mah-lithium-ion-battery-pack-for-portable-electronics\/#breadcrumb"},"inLanguage":"es","potentialAction":[{"@type":"ReadAction","target":["https:\/\/mylionbattery.com\/product\/mylion-3-7v-2600mah-lithium-ion-battery-pack-for-portable-electronics\/"]}]},{"@type":"ImageObject","inLanguage":"es","@id":"https:\/\/mylionbattery.com\/product\/mylion-3-7v-2600mah-lithium-ion-battery-pack-for-portable-electronics\/#primaryimage","url":"https:\/\/mylionbattery.com\/wp-content\/uploads\/2025\/06\/3.7V-2600mah-1-1.webp","contentUrl":"https:\/\/mylionbattery.com\/wp-content\/uploads\/2025\/06\/3.7V-2600mah-1-1.webp","width":750,"height":750,"caption":"3.7V-2600mah-1"},{"@type":"BreadcrumbList","@id":"https:\/\/mylionbattery.com\/product\/mylion-3-7v-2600mah-lithium-ion-battery-pack-for-portable-electronics\/#breadcrumb","itemListElement":[{"@type":"ListItem","position":1,"name":"\u9996\u9875","item":"https:\/\/mylionbattery.com\/"},{"@type":"ListItem","position":2,"name":"Products","item":"https:\/\/mylionbattery.com\/products\/"},{"@type":"ListItem","position":3,"name":"Mylion 3.7V 2600mAh Lithium Ion Battery Pack for Portable Electronics"}]},{"@type":"WebSite","@id":"https:\/\/mylionbattery.com\/#website","url":"https:\/\/mylionbattery.com\/","name":"Mylionbattery","description":"mylionbattery","publisher":{"@id":"https:\/\/mylionbattery.com\/#organization"},"potentialAction":[{"@type":"SearchAction","target":{"@type":"EntryPoint","urlTemplate":"https:\/\/mylionbattery.com\/?s={search_term_string}"},"query-input":{"@type":"PropertyValueSpecification","valueRequired":true,"valueName":"search_term_string"}}],"inLanguage":"es"},{"@type":"Organization","@id":"https:\/\/mylionbattery.com\/#organization","name":"Mylionbattery","url":"https:\/\/mylionbattery.com\/","logo":{"@type":"ImageObject","inLanguage":"es","@id":"https:\/\/mylionbattery.com\/#\/schema\/logo\/image\/","url":"http:\/\/mylionbattery.com\/wp-content\/uploads\/2024\/09\/\u767d\u5e95mylion-logo\u6b63\u65b9\u5f62.png","contentUrl":"http:\/\/mylionbattery.com\/wp-content\/uploads\/2024\/09\/\u767d\u5e95mylion-logo\u6b63\u65b9\u5f62.png","width":600,"height":600,"caption":"Mylionbattery"},"image":{"@id":"https:\/\/mylionbattery.com\/#\/schema\/logo\/image\/"}}]}},"_links":{"self":[{"href":"https:\/\/mylionbattery.com\/es\/wp-json\/wp\/v2\/product\/1492","targetHints":{"allow":["GET"]}}],"collection":[{"href":"https:\/\/mylionbattery.com\/es\/wp-json\/wp\/v2\/product"}],"about":[{"href":"https:\/\/mylionbattery.com\/es\/wp-json\/wp\/v2\/types\/product"}],"version-history":[{"count":4,"href":"https:\/\/mylionbattery.com\/es\/wp-json\/wp\/v2\/product\/1492\/revisions"}],"predecessor-version":[{"id":1564,"href":"https:\/\/mylionbattery.com\/es\/wp-json\/wp\/v2\/product\/1492\/revisions\/1564"}],"wp:featuredmedia":[{"embeddable":true,"href":"https:\/\/mylionbattery.com\/es\/wp-json\/wp\/v2\/media\/1498"}],"wp:attachment":[{"href":"https:\/\/mylionbattery.com\/es\/wp-json\/wp\/v2\/media?parent=1492"}],"wp:term":[{"taxonomy":"product_brand","embeddable":true,"href":"https:\/\/mylionbattery.com\/es\/wp-json\/wp\/v2\/product_brand?post=1492"},{"taxonomy":"product_cat","embeddable":true,"href":"https:\/\/mylionbattery.com\/es\/wp-json\/wp\/v2\/product_cat?post=1492"},{"taxonomy":"product_tag","embeddable":true,"href":"https:\/\/mylionbattery.com\/es\/wp-json\/wp\/v2\/product_tag?post=1492"}],"curies":[{"name":"wp","href":"https:\/\/api.w.org\/{rel}","templated":true}]}}