{"id":1690,"date":"2025-06-05T06:55:40","date_gmt":"2025-06-05T06:55:40","guid":{"rendered":"https:\/\/lightyellow-sardine-891901.hostingersite.com\/?post_type=product&#038;p=1690"},"modified":"2025-07-22T06:03:07","modified_gmt":"2025-07-22T06:03:07","slug":"mylion-14-8v-2600mah-smart-lithium-battery-pack-for-iot-devices","status":"publish","type":"product","link":"https:\/\/mylionbattery.com\/es\/producto\/mylion-14-8v-2600mah-smart-lithium-battery-pack-for-iot-devices\/","title":{"rendered":"Bater\u00eda de litio inteligente Mylion de 14,8 V y 2600 mAh para dispositivos IoT"},"content":{"rendered":"<table style=\"border-collapse: collapse; width: 1242px; height: 688px;\" border=\"0\" width=\"1648\" cellspacing=\"0\" cellpadding=\"0\">\n<tbody>\n<tr style=\"height: 17.25pt;\">\n<td class=\"et3\" style=\"height: 17.25pt; width: 218.25pt; text-align: left;\" width=\"582\" height=\"46\">Nombre del producto<\/td>\n<td class=\"et4\" style=\"width: 399.75pt; text-align: left;\" width=\"1066\">Paquete de bater\u00edas de iones de litio<\/td>\n<\/tr>\n<tr style=\"height: 17.25pt;\">\n<td class=\"et3\" style=\"height: 17.25pt;\" height=\"46\">Nombre del estilo<\/td>\n<td class=\"et3\">14,8 V 2600 mAh<\/td>\n<\/tr>\n<tr style=\"height: 17.25pt;\">\n<td class=\"et3\" style=\"height: 17.25pt;\" height=\"46\">Capacidad normal<\/td>\n<td class=\"et5\">2600 mAh<\/td>\n<\/tr>\n<tr style=\"height: 17.25pt;\">\n<td class=\"et3\" style=\"height: 17.25pt;\" height=\"46\">Voltaje nominal<\/td>\n<td class=\"et5\">14,8 V<\/td>\n<\/tr>\n<tr style=\"height: 17.25pt;\">\n<td class=\"et3\" style=\"height: 17.25pt;\" height=\"46\">Voltaje m\u00e1ximo de carga<\/td>\n<td class=\"et5\">16,8 V<\/td>\n<\/tr>\n<tr style=\"height: 17.25pt;\">\n<td class=\"et3\" style=\"height: 17.25pt;\" height=\"46\">Tensi\u00f3n de descarga de corte<\/td>\n<td class=\"et5\">12 V<\/td>\n<\/tr>\n<tr style=\"height: 17.25pt;\">\n<td class=\"et3\" style=\"height: 17.25pt;\" height=\"46\">Corriente m\u00e1xima de descarga continua<\/td>\n<td class=\"et5\">1-2A<\/td>\n<\/tr>\n<tr style=\"height: 17.25pt;\">\n<td class=\"et3\" style=\"height: 17.25pt;\" height=\"46\">Corriente de carga<\/td>\n<td class=\"et5\">1-2A<\/td>\n<\/tr>\n<tr style=\"height: 17.25pt;\">\n<td class=\"et3\" style=\"height: 17.25pt;\" height=\"46\">Potencia de salida<\/td>\n<td class=\"et5\">38,48O<\/td>\n<\/tr>\n<tr style=\"height: 17.25pt;\">\n<td class=\"et6\" style=\"height: 34.50pt; border-bottom: .5pt solid #000000;\" rowspan=\"2\" height=\"92\">Tiempo de trabajo<\/td>\n<td class=\"et7\">Salida 14,8 V 0,5 A (7,4 W): aprox. 5,2 horas<\/td>\n<\/tr>\n<tr style=\"height: 17.25pt;\">\n<td class=\"et7\">Salida 14,8 V 1,0 A (14,8 W): aprox. 2,6 horas<\/td>\n<\/tr>\n<tr style=\"height: 17.25pt;\">\n<td class=\"et3\" style=\"height: 17.25pt;\" height=\"46\">Puerto de carga (IN)<\/td>\n<td class=\"et9\" style=\"border-bottom: .5pt solid #000000;\" rowspan=\"2\">DC.2.5\u00d75.5 o enchufe seleccionado<\/td>\n<\/tr>\n<tr style=\"height: 17.25pt;\">\n<td class=\"et3\" style=\"height: 17.25pt;\" height=\"46\">Puerto de descarga (OUT)<\/td>\n<\/tr>\n<tr style=\"height: 17.25pt;\">\n<td class=\"et3\" style=\"height: 17.25pt;\" height=\"46\">Color de PVC<\/td>\n<td class=\"et11\">Azul<\/td>\n<\/tr>\n<tr style=\"height: 17.25pt;\">\n<td class=\"et3\" style=\"height: 17.25pt;\" height=\"46\">Dimensiones de la bater\u00eda (mm)<\/td>\n<td class=\"et5\">36x36x67<\/td>\n<\/tr>\n<tr style=\"height: 17.25pt;\">\n<td class=\"et3\" style=\"height: 17.25pt;\" height=\"46\">Peso<\/td>\n<td class=\"et5\">Aprox.180g<\/td>\n<\/tr>\n<tr style=\"height: 17.25pt;\">\n<td class=\"et12\" style=\"height: 17.25pt;\" height=\"46\">Marca de celda de bater\u00eda<\/td>\n<td class=\"et7\">Celular de marca china (o celular Samsung LG Sony Sanyo Panasonic)<\/td>\n<\/tr>\n<tr style=\"height: 17.25pt;\">\n<td class=\"et12\" style=\"height: 17.25pt;\" height=\"46\">Certificaci\u00f3n de celdas de bater\u00eda<\/td>\n<td class=\"et7\">CB, CE, UL, UN38.3, BIS, KC, MSDS, ROHS, CQC, SGS, EMC<\/td>\n<\/tr>\n<tr style=\"height: 17.25pt;\">\n<td class=\"et12\" style=\"height: 17.25pt;\" height=\"46\">Protecci\u00f3n de la bater\u00eda<\/td>\n<td class=\"et7\">Sobrecarga y descarga, sobrecorriente, cortocircuito.<\/td>\n<\/tr>\n<tr style=\"height: 17.25pt;\">\n<td class=\"et12\" style=\"height: 17.25pt;\" height=\"46\">Ciclo de vida<\/td>\n<td class=\"et7\">Capacidad est\u00e1ndar de carga y descarga \u226580% C5mAh, ciclo de vida \u2265600<\/td>\n<\/tr>\n<tr style=\"height: 56.00pt;\">\n<td class=\"et12\" style=\"height: 56.00pt;\" height=\"149\">Solicitud<\/td>\n<td class=\"et13\" style=\"width: 399.75pt;\" width=\"1066\">Pulverizador de jard\u00edn, instrumento m\u00e9dico, aspiradora inteligente, instrumento para exteriores, control de puertas, LED solar, reemplazo de bater\u00eda de plomo \u00e1cido de 12 V, etc.<\/td>\n<\/tr>\n<tr style=\"height: 17.25pt;\">\n<td class=\"et12\" style=\"height: 17.25pt;\" height=\"46\">Paquete<\/td>\n<td class=\"et7\">40 piezas en una caja (15 x 29 x 37 cm), aproximadamente 8,2 kg\/caja<\/td>\n<\/tr>\n<tr style=\"height: 17.25pt;\">\n<td class=\"et12\" style=\"height: 17.25pt; text-align: left;\" height=\"46\">Garant\u00eda<\/td>\n<td class=\"et7\" style=\"text-align: left;\">12 meses<\/td>\n<\/tr>\n<\/tbody>\n<\/table>\n<p><img data-dominant-color=\"39465b\" data-has-transparency=\"false\" style=\"--dominant-color: #39465b;\" fetchpriority=\"high\" decoding=\"async\" class=\"wp-image-1691 aligncenter not-transparent\" src=\"http:\/\/mylionbattery.com\/wp-content\/uploads\/2025\/06\/battery-14.8V-2600mah-1.webp\" alt=\"\" width=\"752\" height=\"330\" srcset=\"https:\/\/mylionbattery.com\/wp-content\/uploads\/2025\/06\/battery-14.8V-2600mah-1.webp 750w, https:\/\/mylionbattery.com\/wp-content\/uploads\/2025\/06\/battery-14.8V-2600mah-1-300x132.webp 300w, https:\/\/mylionbattery.com\/wp-content\/uploads\/2025\/06\/battery-14.8V-2600mah-1-18x8.webp 18w, https:\/\/mylionbattery.com\/wp-content\/uploads\/2025\/06\/battery-14.8V-2600mah-1-600x263.webp 600w\" sizes=\"(max-width: 752px) 100vw, 752px\" \/> <img data-dominant-color=\"6e7b95\" data-has-transparency=\"false\" style=\"--dominant-color: #6e7b95;\" decoding=\"async\" class=\"size-full wp-image-1692 aligncenter not-transparent\" src=\"http:\/\/mylionbattery.com\/wp-content\/uploads\/2025\/06\/battery-14.8V-2600mah-3.webp\" alt=\"\" width=\"750\" height=\"1233\" srcset=\"https:\/\/mylionbattery.com\/wp-content\/uploads\/2025\/06\/battery-14.8V-2600mah-3.webp 750w, https:\/\/mylionbattery.com\/wp-content\/uploads\/2025\/06\/battery-14.8V-2600mah-3-182x300.webp 182w, https:\/\/mylionbattery.com\/wp-content\/uploads\/2025\/06\/battery-14.8V-2600mah-3-623x1024.webp 623w, https:\/\/mylionbattery.com\/wp-content\/uploads\/2025\/06\/battery-14.8V-2600mah-3-7x12.webp 7w, https:\/\/mylionbattery.com\/wp-content\/uploads\/2025\/06\/battery-14.8V-2600mah-3-600x986.webp 600w\" sizes=\"(max-width: 750px) 100vw, 750px\" \/> <img data-dominant-color=\"999ca6\" data-has-transparency=\"false\" style=\"--dominant-color: #999ca6;\" decoding=\"async\" class=\"size-full wp-image-1693 aligncenter not-transparent\" src=\"http:\/\/mylionbattery.com\/wp-content\/uploads\/2025\/06\/battery-14.8V-2600mah-6.webp\" alt=\"\" width=\"750\" height=\"1421\" srcset=\"https:\/\/mylionbattery.com\/wp-content\/uploads\/2025\/06\/battery-14.8V-2600mah-6.webp 750w, https:\/\/mylionbattery.com\/wp-content\/uploads\/2025\/06\/battery-14.8V-2600mah-6-158x300.webp 158w, https:\/\/mylionbattery.com\/wp-content\/uploads\/2025\/06\/battery-14.8V-2600mah-6-540x1024.webp 540w, https:\/\/mylionbattery.com\/wp-content\/uploads\/2025\/06\/battery-14.8V-2600mah-6-6x12.webp 6w, https:\/\/mylionbattery.com\/wp-content\/uploads\/2025\/06\/battery-14.8V-2600mah-6-600x1137.webp 600w\" sizes=\"(max-width: 750px) 100vw, 750px\" \/> <img data-dominant-color=\"7c8598\" data-has-transparency=\"false\" style=\"--dominant-color: #7c8598;\" loading=\"lazy\" decoding=\"async\" class=\"size-full wp-image-1694 aligncenter not-transparent\" src=\"http:\/\/mylionbattery.com\/wp-content\/uploads\/2025\/06\/battery-14.8V-2600mah-7-scaled.webp\" alt=\"\" width=\"692\" height=\"2560\" srcset=\"https:\/\/mylionbattery.com\/wp-content\/uploads\/2025\/06\/battery-14.8V-2600mah-7-scaled.webp 692w, https:\/\/mylionbattery.com\/wp-content\/uploads\/2025\/06\/battery-14.8V-2600mah-7-81x300.webp 81w, https:\/\/mylionbattery.com\/wp-content\/uploads\/2025\/06\/battery-14.8V-2600mah-7-277x1024.webp 277w, https:\/\/mylionbattery.com\/wp-content\/uploads\/2025\/06\/battery-14.8V-2600mah-7-415x1536.webp 415w, https:\/\/mylionbattery.com\/wp-content\/uploads\/2025\/06\/battery-14.8V-2600mah-7-554x2048.webp 554w, https:\/\/mylionbattery.com\/wp-content\/uploads\/2025\/06\/battery-14.8V-2600mah-7-3x12.webp 3w\" sizes=\"(max-width: 692px) 100vw, 692px\" \/> <img data-dominant-color=\"828899\" data-has-transparency=\"false\" style=\"--dominant-color: #828899;\" loading=\"lazy\" decoding=\"async\" class=\"size-full wp-image-1695 aligncenter not-transparent\" src=\"http:\/\/mylionbattery.com\/wp-content\/uploads\/2025\/06\/battery-14.8V-2600mah-8.webp\" alt=\"\" width=\"750\" height=\"1868\" srcset=\"https:\/\/mylionbattery.com\/wp-content\/uploads\/2025\/06\/battery-14.8V-2600mah-8.webp 750w, https:\/\/mylionbattery.com\/wp-content\/uploads\/2025\/06\/battery-14.8V-2600mah-8-120x300.webp 120w, https:\/\/mylionbattery.com\/wp-content\/uploads\/2025\/06\/battery-14.8V-2600mah-8-411x1024.webp 411w, https:\/\/mylionbattery.com\/wp-content\/uploads\/2025\/06\/battery-14.8V-2600mah-8-617x1536.webp 617w, https:\/\/mylionbattery.com\/wp-content\/uploads\/2025\/06\/battery-14.8V-2600mah-8-5x12.webp 5w, https:\/\/mylionbattery.com\/wp-content\/uploads\/2025\/06\/battery-14.8V-2600mah-8-600x1494.webp 600w\" sizes=\"(max-width: 750px) 100vw, 750px\" \/> <img data-dominant-color=\"888e9e\" data-has-transparency=\"false\" style=\"--dominant-color: #888e9e;\" loading=\"lazy\" decoding=\"async\" class=\"size-full wp-image-1696 aligncenter not-transparent\" src=\"http:\/\/mylionbattery.com\/wp-content\/uploads\/2025\/06\/battery-14.8V-2600mah-9.webp\" alt=\"\" width=\"750\" height=\"1816\" srcset=\"https:\/\/mylionbattery.com\/wp-content\/uploads\/2025\/06\/battery-14.8V-2600mah-9.webp 750w, https:\/\/mylionbattery.com\/wp-content\/uploads\/2025\/06\/battery-14.8V-2600mah-9-124x300.webp 124w, https:\/\/mylionbattery.com\/wp-content\/uploads\/2025\/06\/battery-14.8V-2600mah-9-423x1024.webp 423w, https:\/\/mylionbattery.com\/wp-content\/uploads\/2025\/06\/battery-14.8V-2600mah-9-634x1536.webp 634w, https:\/\/mylionbattery.com\/wp-content\/uploads\/2025\/06\/battery-14.8V-2600mah-9-5x12.webp 5w, https:\/\/mylionbattery.com\/wp-content\/uploads\/2025\/06\/battery-14.8V-2600mah-9-600x1453.webp 600w\" sizes=\"(max-width: 750px) 100vw, 750px\" \/> <img data-dominant-color=\"5d6a83\" data-has-transparency=\"false\" style=\"--dominant-color: #5d6a83;\" loading=\"lazy\" decoding=\"async\" class=\"size-full wp-image-1697 aligncenter not-transparent\" src=\"http:\/\/mylionbattery.com\/wp-content\/uploads\/2025\/06\/battery-14.8V-2600mah-10.webp\" alt=\"\" width=\"750\" height=\"898\" srcset=\"https:\/\/mylionbattery.com\/wp-content\/uploads\/2025\/06\/battery-14.8V-2600mah-10.webp 750w, https:\/\/mylionbattery.com\/wp-content\/uploads\/2025\/06\/battery-14.8V-2600mah-10-251x300.webp 251w, https:\/\/mylionbattery.com\/wp-content\/uploads\/2025\/06\/battery-14.8V-2600mah-10-10x12.webp 10w, https:\/\/mylionbattery.com\/wp-content\/uploads\/2025\/06\/battery-14.8V-2600mah-10-600x718.webp 600w\" sizes=\"(max-width: 750px) 100vw, 750px\" \/><\/p>","protected":false},"excerpt":{"rendered":"<ul>\n<li data-start=\"155\" data-end=\"213\">\n<p data-start=\"157\" data-end=\"213\"><strong data-start=\"157\" data-end=\"186\">Voltaje nominal y capacidad:<\/strong> 14,8 V, 2600 mAh (38,48 Wh)<\/p>\n<\/li>\n<li data-start=\"214\" data-end=\"274\">\n<p data-start=\"216\" data-end=\"274\"><strong data-start=\"216\" data-end=\"242\">Compacto y ligero:<\/strong> Tama\u00f1o 36\u00d736\u00d767 mm, aprox. 180 g<\/p>\n<\/li>\n<li data-start=\"275\" data-end=\"362\">\n<p data-start=\"277\" data-end=\"302\"><strong data-start=\"277\" data-end=\"300\">Rendimiento de salida:<\/strong><\/p>\n<ul data-start=\"305\" data-end=\"362\">\n<li data-start=\"305\" data-end=\"332\">\n<p data-start=\"307\" data-end=\"332\">Salida de 0,5 A \u2248 5,2 horas<\/p>\n<\/li>\n<li data-start=\"335\" data-end=\"362\">\n<p data-start=\"337\" data-end=\"362\">Salida de 1,0 A \u2248 2,6 horas<\/p>\n<\/li>\n<\/ul>\n<\/li>\n<\/ul>","protected":false},"featured_media":1698,"template":"","meta":[],"product_brand":[],"product_cat":[53],"product_tag":[66,110],"class_list":{"0":"post-1690","1":"product","2":"type-product","3":"status-publish","4":"has-post-thumbnail","6":"product_cat-lithium-battery-pack","7":"product_tag-14-8v2600mah","8":"product_tag-custom-lipolithium-battery-packs","10":"first","11":"instock","12":"shipping-taxable","13":"product-type-simple"},"yoast_head":"<!-- This site is optimized with the Yoast SEO plugin v26.1.1 - https:\/\/yoast.com\/wordpress\/plugins\/seo\/ -->\n<title>Mylion 14.8V 2600mAh Smart Lithium Battery Pack for IoT Devices - mylionbattery<\/title>\n<meta name=\"description\" content=\"Discover Mylion Battery&#039;s innovative battery solutions, including mini UPS systems and lithium-ion batteries. Offering high-quality, customizable products designed with advanced technology to deliver exceptional performance and reliability for global markets.\" \/>\n<meta name=\"robots\" content=\"index, follow, max-snippet:-1, max-image-preview:large, max-video-preview:-1\" \/>\n<link rel=\"canonical\" href=\"https:\/\/mylionbattery.com\/es\/producto\/mylion-14-8v-2600mah-smart-lithium-battery-pack-for-iot-devices\/\" \/>\n<meta property=\"og:locale\" content=\"es_ES\" \/>\n<meta property=\"og:type\" content=\"article\" \/>\n<meta property=\"og:title\" content=\"Mylion 14.8V 2600mAh Smart Lithium Battery Pack for IoT Devices - mylionbattery\" \/>\n<meta property=\"og:description\" content=\"Discover Mylion Battery&#039;s innovative battery solutions, including mini UPS systems and lithium-ion batteries. Offering high-quality, customizable products designed with advanced technology to deliver exceptional performance and reliability for global markets.\" \/>\n<meta property=\"og:url\" content=\"https:\/\/mylionbattery.com\/es\/producto\/mylion-14-8v-2600mah-smart-lithium-battery-pack-for-iot-devices\/\" \/>\n<meta property=\"og:site_name\" content=\"mylionbattery\" \/>\n<meta property=\"article:modified_time\" content=\"2025-07-22T06:03:07+00:00\" \/>\n<meta property=\"og:image\" content=\"https:\/\/mylionbattery.com\/wp-content\/uploads\/2025\/06\/14.8v-2600mah-1.webp\" \/>\n\t<meta property=\"og:image:width\" content=\"750\" \/>\n\t<meta property=\"og:image:height\" content=\"750\" \/>\n\t<meta property=\"og:image:type\" content=\"image\/jpeg\" \/>\n<meta name=\"twitter:card\" content=\"summary_large_image\" \/>\n<meta name=\"twitter:label1\" content=\"Tiempo de lectura\" \/>\n\t<meta name=\"twitter:data1\" content=\"3 minutos\" \/>\n<script type=\"application\/ld+json\" class=\"yoast-schema-graph\">{\"@context\":\"https:\/\/schema.org\",\"@graph\":[{\"@type\":\"WebPage\",\"@id\":\"https:\/\/mylionbattery.com\/product\/mylion-14-8v-2600mah-smart-lithium-battery-pack-for-iot-devices\/\",\"url\":\"https:\/\/mylionbattery.com\/product\/mylion-14-8v-2600mah-smart-lithium-battery-pack-for-iot-devices\/\",\"name\":\"Mylion 14.8V 2600mAh Smart Lithium Battery Pack for IoT Devices - mylionbattery\",\"isPartOf\":{\"@id\":\"https:\/\/mylionbattery.com\/#website\"},\"primaryImageOfPage\":{\"@id\":\"https:\/\/mylionbattery.com\/product\/mylion-14-8v-2600mah-smart-lithium-battery-pack-for-iot-devices\/#primaryimage\"},\"image\":{\"@id\":\"https:\/\/mylionbattery.com\/product\/mylion-14-8v-2600mah-smart-lithium-battery-pack-for-iot-devices\/#primaryimage\"},\"thumbnailUrl\":\"https:\/\/mylionbattery.com\/wp-content\/uploads\/2025\/06\/14.8v-2600mah-1.webp\",\"datePublished\":\"2025-06-05T06:55:40+00:00\",\"dateModified\":\"2025-07-22T06:03:07+00:00\",\"description\":\"Discover Mylion Battery's innovative battery solutions, including mini UPS systems and lithium-ion batteries. Offering high-quality, customizable products designed with advanced technology to deliver exceptional performance and reliability for global markets.\",\"breadcrumb\":{\"@id\":\"https:\/\/mylionbattery.com\/product\/mylion-14-8v-2600mah-smart-lithium-battery-pack-for-iot-devices\/#breadcrumb\"},\"inLanguage\":\"es\",\"potentialAction\":[{\"@type\":\"ReadAction\",\"target\":[\"https:\/\/mylionbattery.com\/product\/mylion-14-8v-2600mah-smart-lithium-battery-pack-for-iot-devices\/\"]}]},{\"@type\":\"ImageObject\",\"inLanguage\":\"es\",\"@id\":\"https:\/\/mylionbattery.com\/product\/mylion-14-8v-2600mah-smart-lithium-battery-pack-for-iot-devices\/#primaryimage\",\"url\":\"https:\/\/mylionbattery.com\/wp-content\/uploads\/2025\/06\/14.8v-2600mah-1.webp\",\"contentUrl\":\"https:\/\/mylionbattery.com\/wp-content\/uploads\/2025\/06\/14.8v-2600mah-1.webp\",\"width\":750,\"height\":750},{\"@type\":\"BreadcrumbList\",\"@id\":\"https:\/\/mylionbattery.com\/product\/mylion-14-8v-2600mah-smart-lithium-battery-pack-for-iot-devices\/#breadcrumb\",\"itemListElement\":[{\"@type\":\"ListItem\",\"position\":1,\"name\":\"\u9996\u9875\",\"item\":\"https:\/\/mylionbattery.com\/\"},{\"@type\":\"ListItem\",\"position\":2,\"name\":\"Products\",\"item\":\"https:\/\/mylionbattery.com\/products\/\"},{\"@type\":\"ListItem\",\"position\":3,\"name\":\"Mylion 14.8V 2600mAh Smart Lithium Battery Pack for IoT Devices\"}]},{\"@type\":\"WebSite\",\"@id\":\"https:\/\/mylionbattery.com\/#website\",\"url\":\"https:\/\/mylionbattery.com\/\",\"name\":\"Mylionbattery\",\"description\":\"mylionbattery\",\"publisher\":{\"@id\":\"https:\/\/mylionbattery.com\/#organization\"},\"potentialAction\":[{\"@type\":\"SearchAction\",\"target\":{\"@type\":\"EntryPoint\",\"urlTemplate\":\"https:\/\/mylionbattery.com\/?s={search_term_string}\"},\"query-input\":{\"@type\":\"PropertyValueSpecification\",\"valueRequired\":true,\"valueName\":\"search_term_string\"}}],\"inLanguage\":\"es\"},{\"@type\":\"Organization\",\"@id\":\"https:\/\/mylionbattery.com\/#organization\",\"name\":\"Mylionbattery\",\"url\":\"https:\/\/mylionbattery.com\/\",\"logo\":{\"@type\":\"ImageObject\",\"inLanguage\":\"es\",\"@id\":\"https:\/\/mylionbattery.com\/#\/schema\/logo\/image\/\",\"url\":\"http:\/\/mylionbattery.com\/wp-content\/uploads\/2024\/09\/\u767d\u5e95mylion-logo\u6b63\u65b9\u5f62.png\",\"contentUrl\":\"http:\/\/mylionbattery.com\/wp-content\/uploads\/2024\/09\/\u767d\u5e95mylion-logo\u6b63\u65b9\u5f62.png\",\"width\":600,\"height\":600,\"caption\":\"Mylionbattery\"},\"image\":{\"@id\":\"https:\/\/mylionbattery.com\/#\/schema\/logo\/image\/\"}}]}<\/script>\n<!-- \/ Yoast SEO plugin. -->","yoast_head_json":{"title":"Mylion 14.8V 2600mAh Smart Lithium Battery Pack for IoT Devices - mylionbattery","description":"Discover Mylion Battery's innovative battery solutions, including mini UPS systems and lithium-ion batteries. Offering high-quality, customizable products designed with advanced technology to deliver exceptional performance and reliability for global markets.","robots":{"index":"index","follow":"follow","max-snippet":"max-snippet:-1","max-image-preview":"max-image-preview:large","max-video-preview":"max-video-preview:-1"},"canonical":"https:\/\/mylionbattery.com\/es\/producto\/mylion-14-8v-2600mah-smart-lithium-battery-pack-for-iot-devices\/","og_locale":"es_ES","og_type":"article","og_title":"Mylion 14.8V 2600mAh Smart Lithium Battery Pack for IoT Devices - mylionbattery","og_description":"Discover Mylion Battery's innovative battery solutions, including mini UPS systems and lithium-ion batteries. Offering high-quality, customizable products designed with advanced technology to deliver exceptional performance and reliability for global markets.","og_url":"https:\/\/mylionbattery.com\/es\/producto\/mylion-14-8v-2600mah-smart-lithium-battery-pack-for-iot-devices\/","og_site_name":"mylionbattery","article_modified_time":"2025-07-22T06:03:07+00:00","og_image":[{"width":750,"height":750,"url":"https:\/\/mylionbattery.com\/wp-content\/uploads\/2025\/06\/14.8v-2600mah-1.webp","type":"image\/jpeg"}],"twitter_card":"summary_large_image","twitter_misc":{"Tiempo de lectura":"3 minutos"},"schema":{"@context":"https:\/\/schema.org","@graph":[{"@type":"WebPage","@id":"https:\/\/mylionbattery.com\/product\/mylion-14-8v-2600mah-smart-lithium-battery-pack-for-iot-devices\/","url":"https:\/\/mylionbattery.com\/product\/mylion-14-8v-2600mah-smart-lithium-battery-pack-for-iot-devices\/","name":"Mylion 14.8V 2600mAh Smart Lithium Battery Pack for IoT Devices - mylionbattery","isPartOf":{"@id":"https:\/\/mylionbattery.com\/#website"},"primaryImageOfPage":{"@id":"https:\/\/mylionbattery.com\/product\/mylion-14-8v-2600mah-smart-lithium-battery-pack-for-iot-devices\/#primaryimage"},"image":{"@id":"https:\/\/mylionbattery.com\/product\/mylion-14-8v-2600mah-smart-lithium-battery-pack-for-iot-devices\/#primaryimage"},"thumbnailUrl":"https:\/\/mylionbattery.com\/wp-content\/uploads\/2025\/06\/14.8v-2600mah-1.webp","datePublished":"2025-06-05T06:55:40+00:00","dateModified":"2025-07-22T06:03:07+00:00","description":"Discover Mylion Battery's innovative battery solutions, including mini UPS systems and lithium-ion batteries. Offering high-quality, customizable products designed with advanced technology to deliver exceptional performance and reliability for global markets.","breadcrumb":{"@id":"https:\/\/mylionbattery.com\/product\/mylion-14-8v-2600mah-smart-lithium-battery-pack-for-iot-devices\/#breadcrumb"},"inLanguage":"es","potentialAction":[{"@type":"ReadAction","target":["https:\/\/mylionbattery.com\/product\/mylion-14-8v-2600mah-smart-lithium-battery-pack-for-iot-devices\/"]}]},{"@type":"ImageObject","inLanguage":"es","@id":"https:\/\/mylionbattery.com\/product\/mylion-14-8v-2600mah-smart-lithium-battery-pack-for-iot-devices\/#primaryimage","url":"https:\/\/mylionbattery.com\/wp-content\/uploads\/2025\/06\/14.8v-2600mah-1.webp","contentUrl":"https:\/\/mylionbattery.com\/wp-content\/uploads\/2025\/06\/14.8v-2600mah-1.webp","width":750,"height":750},{"@type":"BreadcrumbList","@id":"https:\/\/mylionbattery.com\/product\/mylion-14-8v-2600mah-smart-lithium-battery-pack-for-iot-devices\/#breadcrumb","itemListElement":[{"@type":"ListItem","position":1,"name":"\u9996\u9875","item":"https:\/\/mylionbattery.com\/"},{"@type":"ListItem","position":2,"name":"Products","item":"https:\/\/mylionbattery.com\/products\/"},{"@type":"ListItem","position":3,"name":"Mylion 14.8V 2600mAh Smart Lithium Battery Pack for IoT Devices"}]},{"@type":"WebSite","@id":"https:\/\/mylionbattery.com\/#website","url":"https:\/\/mylionbattery.com\/","name":"Mylionbattery","description":"mylionbattery","publisher":{"@id":"https:\/\/mylionbattery.com\/#organization"},"potentialAction":[{"@type":"SearchAction","target":{"@type":"EntryPoint","urlTemplate":"https:\/\/mylionbattery.com\/?s={search_term_string}"},"query-input":{"@type":"PropertyValueSpecification","valueRequired":true,"valueName":"search_term_string"}}],"inLanguage":"es"},{"@type":"Organization","@id":"https:\/\/mylionbattery.com\/#organization","name":"Mylionbattery","url":"https:\/\/mylionbattery.com\/","logo":{"@type":"ImageObject","inLanguage":"es","@id":"https:\/\/mylionbattery.com\/#\/schema\/logo\/image\/","url":"http:\/\/mylionbattery.com\/wp-content\/uploads\/2024\/09\/\u767d\u5e95mylion-logo\u6b63\u65b9\u5f62.png","contentUrl":"http:\/\/mylionbattery.com\/wp-content\/uploads\/2024\/09\/\u767d\u5e95mylion-logo\u6b63\u65b9\u5f62.png","width":600,"height":600,"caption":"Mylionbattery"},"image":{"@id":"https:\/\/mylionbattery.com\/#\/schema\/logo\/image\/"}}]}},"_links":{"self":[{"href":"https:\/\/mylionbattery.com\/es\/wp-json\/wp\/v2\/product\/1690","targetHints":{"allow":["GET"]}}],"collection":[{"href":"https:\/\/mylionbattery.com\/es\/wp-json\/wp\/v2\/product"}],"about":[{"href":"https:\/\/mylionbattery.com\/es\/wp-json\/wp\/v2\/types\/product"}],"version-history":[{"count":3,"href":"https:\/\/mylionbattery.com\/es\/wp-json\/wp\/v2\/product\/1690\/revisions"}],"predecessor-version":[{"id":1705,"href":"https:\/\/mylionbattery.com\/es\/wp-json\/wp\/v2\/product\/1690\/revisions\/1705"}],"wp:featuredmedia":[{"embeddable":true,"href":"https:\/\/mylionbattery.com\/es\/wp-json\/wp\/v2\/media\/1698"}],"wp:attachment":[{"href":"https:\/\/mylionbattery.com\/es\/wp-json\/wp\/v2\/media?parent=1690"}],"wp:term":[{"taxonomy":"product_brand","embeddable":true,"href":"https:\/\/mylionbattery.com\/es\/wp-json\/wp\/v2\/product_brand?post=1690"},{"taxonomy":"product_cat","embeddable":true,"href":"https:\/\/mylionbattery.com\/es\/wp-json\/wp\/v2\/product_cat?post=1690"},{"taxonomy":"product_tag","embeddable":true,"href":"https:\/\/mylionbattery.com\/es\/wp-json\/wp\/v2\/product_tag?post=1690"}],"curies":[{"name":"wp","href":"https:\/\/api.w.org\/{rel}","templated":true}]}}