{"id":1943,"date":"2025-06-11T07:17:24","date_gmt":"2025-06-11T07:17:24","guid":{"rendered":"https:\/\/lightyellow-sardine-891901.hostingersite.com\/?post_type=product&#038;p=1943"},"modified":"2025-06-16T05:43:21","modified_gmt":"2025-06-16T05:43:21","slug":"mylion-3-7v-500mah-lithium-polymer-battery-compact-design-long-cycle-life","status":"publish","type":"product","link":"https:\/\/mylionbattery.com\/es\/producto\/mylion-3-7v-500mah-lithium-polymer-battery-compact-design-long-cycle-life\/","title":{"rendered":"Bater\u00eda de pol\u00edmero de litio Mylion de 3,7 V y 500 mAh, dise\u00f1o compacto y larga vida \u00fatil."},"content":{"rendered":"<table width=\"2341\">\n<tbody>\n<tr>\n<td width=\"927\">Nombre del producto<\/td>\n<td width=\"1414\">Bater\u00eda de pol\u00edmero de litio 3,7 V 500 mAh 801350<\/td>\n<\/tr>\n<tr>\n<td>Nombre del estilo<\/td>\n<td>3,7 V 500 mAh<\/td>\n<\/tr>\n<tr>\n<td>Capacidad normal<\/td>\n<td>500 mAh<\/td>\n<\/tr>\n<tr>\n<td>Voltaje nominal<\/td>\n<td>3,6 V<\/td>\n<\/tr>\n<tr>\n<td>Voltaje m\u00e1ximo de carga<\/td>\n<td>4,2 V<\/td>\n<\/tr>\n<tr>\n<td>Tensi\u00f3n de descarga de corte<\/td>\n<td>3,0 V<\/td>\n<\/tr>\n<tr>\n<td>Corriente m\u00e1xima de descarga continua<\/td>\n<td>500 mAh<\/td>\n<\/tr>\n<tr>\n<td>Corriente de carga<\/td>\n<td>500 mAh<\/td>\n<\/tr>\n<tr>\n<td>Potencia de salida<\/td>\n<td>1,85 Wh<\/td>\n<\/tr>\n<tr>\n<td>Puerto de carga (IN)<\/td>\n<td rowspan=\"2\">JST de 2 pines o Molex o seleccionado<\/td>\n<\/tr>\n<tr>\n<td>Puerto de descarga (OUT)<\/td>\n<\/tr>\n<tr>\n<td>Color de PVC<\/td>\n<td>Plata<\/td>\n<\/tr>\n<tr>\n<td>Dimensiones de la bater\u00eda<\/td>\n<td>Largo 51,4 x Ancho 14,5 x Alto 7,7 mm<\/td>\n<\/tr>\n<tr>\n<td>Peso<\/td>\n<td>aprox.10,3 g<\/td>\n<\/tr>\n<tr>\n<td>Marca de celda de bater\u00eda<\/td>\n<td>Celular de marca china<\/td>\n<\/tr>\n<tr>\n<td>Protecci\u00f3n de la bater\u00eda<\/td>\n<td>Sobrecarga y descarga, sobrecorriente, cortocircuito.<\/td>\n<\/tr>\n<tr>\n<td>Ciclo de vida<\/td>\n<td>Capacidad est\u00e1ndar de carga y descarga \u226580% C5mAh, ciclo de vida \u2265600<\/td>\n<\/tr>\n<tr>\n<td>Solicitud<\/td>\n<td>Bluetooth y electr\u00f3nica de consumo<\/td>\n<\/tr>\n<tr>\n<td>Paquete<\/td>\n<td>400 piezas en una caja (35 x 21 x 30 cm), aproximadamente 9 kg\/caja<\/td>\n<\/tr>\n<tr>\n<td>Garant\u00eda<\/td>\n<td>12 meses<\/td>\n<\/tr>\n<\/tbody>\n<\/table>\n<p><img data-dominant-color=\"bdc6d9\" data-has-transparency=\"false\" style=\"--dominant-color: #bdc6d9;\" fetchpriority=\"high\" decoding=\"async\" class=\"alignnone size-full wp-image-1950 not-transparent\" src=\"http:\/\/mylionbattery.com\/wp-content\/uploads\/2025\/06\/3.7V-500mAh-801350_01.webp\" alt=\"\" width=\"1500\" height=\"1909\" srcset=\"https:\/\/mylionbattery.com\/wp-content\/uploads\/2025\/06\/3.7V-500mAh-801350_01.webp 1500w, https:\/\/mylionbattery.com\/wp-content\/uploads\/2025\/06\/3.7V-500mAh-801350_01-236x300.webp 236w, https:\/\/mylionbattery.com\/wp-content\/uploads\/2025\/06\/3.7V-500mAh-801350_01-805x1024.webp 805w, https:\/\/mylionbattery.com\/wp-content\/uploads\/2025\/06\/3.7V-500mAh-801350_01-768x977.webp 768w, https:\/\/mylionbattery.com\/wp-content\/uploads\/2025\/06\/3.7V-500mAh-801350_01-1207x1536.webp 1207w, https:\/\/mylionbattery.com\/wp-content\/uploads\/2025\/06\/3.7V-500mAh-801350_01-9x12.webp 9w, https:\/\/mylionbattery.com\/wp-content\/uploads\/2025\/06\/3.7V-500mAh-801350_01-600x764.webp 600w\" sizes=\"(max-width: 1500px) 100vw, 1500px\" \/> <img data-dominant-color=\"e7ebee\" data-has-transparency=\"false\" style=\"--dominant-color: #e7ebee;\" decoding=\"async\" class=\"alignnone size-full wp-image-1951 not-transparent\" src=\"http:\/\/mylionbattery.com\/wp-content\/uploads\/2025\/06\/3.7V-500mAh-801350_02.webp\" alt=\"\" width=\"1500\" height=\"2147\" srcset=\"https:\/\/mylionbattery.com\/wp-content\/uploads\/2025\/06\/3.7V-500mAh-801350_02.webp 1500w, https:\/\/mylionbattery.com\/wp-content\/uploads\/2025\/06\/3.7V-500mAh-801350_02-210x300.webp 210w, https:\/\/mylionbattery.com\/wp-content\/uploads\/2025\/06\/3.7V-500mAh-801350_02-715x1024.webp 715w, https:\/\/mylionbattery.com\/wp-content\/uploads\/2025\/06\/3.7V-500mAh-801350_02-768x1099.webp 768w, https:\/\/mylionbattery.com\/wp-content\/uploads\/2025\/06\/3.7V-500mAh-801350_02-1073x1536.webp 1073w, https:\/\/mylionbattery.com\/wp-content\/uploads\/2025\/06\/3.7V-500mAh-801350_02-1431x2048.webp 1431w, https:\/\/mylionbattery.com\/wp-content\/uploads\/2025\/06\/3.7V-500mAh-801350_02-8x12.webp 8w, https:\/\/mylionbattery.com\/wp-content\/uploads\/2025\/06\/3.7V-500mAh-801350_02-600x859.webp 600w\" sizes=\"(max-width: 1500px) 100vw, 1500px\" \/> <img data-dominant-color=\"e9eef2\" data-has-transparency=\"false\" style=\"--dominant-color: #e9eef2;\" decoding=\"async\" class=\"alignnone size-full wp-image-1952 not-transparent\" src=\"http:\/\/mylionbattery.com\/wp-content\/uploads\/2025\/06\/3.7V-500mAh-801350_03.webp\" alt=\"\" width=\"1500\" height=\"1667\" srcset=\"https:\/\/mylionbattery.com\/wp-content\/uploads\/2025\/06\/3.7V-500mAh-801350_03.webp 1500w, https:\/\/mylionbattery.com\/wp-content\/uploads\/2025\/06\/3.7V-500mAh-801350_03-270x300.webp 270w, https:\/\/mylionbattery.com\/wp-content\/uploads\/2025\/06\/3.7V-500mAh-801350_03-921x1024.webp 921w, https:\/\/mylionbattery.com\/wp-content\/uploads\/2025\/06\/3.7V-500mAh-801350_03-768x854.webp 768w, https:\/\/mylionbattery.com\/wp-content\/uploads\/2025\/06\/3.7V-500mAh-801350_03-1382x1536.webp 1382w, https:\/\/mylionbattery.com\/wp-content\/uploads\/2025\/06\/3.7V-500mAh-801350_03-11x12.webp 11w, https:\/\/mylionbattery.com\/wp-content\/uploads\/2025\/06\/3.7V-500mAh-801350_03-600x667.webp 600w\" sizes=\"(max-width: 1500px) 100vw, 1500px\" \/> <img data-dominant-color=\"dfe5ec\" data-has-transparency=\"false\" style=\"--dominant-color: #dfe5ec;\" loading=\"lazy\" decoding=\"async\" class=\"alignnone size-full wp-image-1953 not-transparent\" src=\"http:\/\/mylionbattery.com\/wp-content\/uploads\/2025\/06\/3.7V-500mAh-801350_04.webp\" alt=\"\" width=\"1500\" height=\"1393\" srcset=\"https:\/\/mylionbattery.com\/wp-content\/uploads\/2025\/06\/3.7V-500mAh-801350_04.webp 1500w, https:\/\/mylionbattery.com\/wp-content\/uploads\/2025\/06\/3.7V-500mAh-801350_04-300x279.webp 300w, https:\/\/mylionbattery.com\/wp-content\/uploads\/2025\/06\/3.7V-500mAh-801350_04-1024x951.webp 1024w, https:\/\/mylionbattery.com\/wp-content\/uploads\/2025\/06\/3.7V-500mAh-801350_04-768x713.webp 768w, https:\/\/mylionbattery.com\/wp-content\/uploads\/2025\/06\/3.7V-500mAh-801350_04-13x12.webp 13w, https:\/\/mylionbattery.com\/wp-content\/uploads\/2025\/06\/3.7V-500mAh-801350_04-600x557.webp 600w\" sizes=\"(max-width: 1500px) 100vw, 1500px\" \/> <img data-dominant-color=\"dae5e9\" data-has-transparency=\"false\" style=\"--dominant-color: #dae5e9;\" loading=\"lazy\" decoding=\"async\" class=\"alignnone size-full wp-image-1954 not-transparent\" src=\"http:\/\/mylionbattery.com\/wp-content\/uploads\/2025\/06\/3.7V-500mAh-801350_05.webp\" alt=\"\" width=\"1500\" height=\"1184\" srcset=\"https:\/\/mylionbattery.com\/wp-content\/uploads\/2025\/06\/3.7V-500mAh-801350_05.webp 1500w, https:\/\/mylionbattery.com\/wp-content\/uploads\/2025\/06\/3.7V-500mAh-801350_05-300x237.webp 300w, https:\/\/mylionbattery.com\/wp-content\/uploads\/2025\/06\/3.7V-500mAh-801350_05-1024x808.webp 1024w, https:\/\/mylionbattery.com\/wp-content\/uploads\/2025\/06\/3.7V-500mAh-801350_05-768x606.webp 768w, https:\/\/mylionbattery.com\/wp-content\/uploads\/2025\/06\/3.7V-500mAh-801350_05-15x12.webp 15w, https:\/\/mylionbattery.com\/wp-content\/uploads\/2025\/06\/3.7V-500mAh-801350_05-600x474.webp 600w\" sizes=\"(max-width: 1500px) 100vw, 1500px\" \/> <img data-dominant-color=\"8b9097\" data-has-transparency=\"false\" style=\"--dominant-color: #8b9097;\" loading=\"lazy\" decoding=\"async\" class=\"alignnone size-full wp-image-1955 not-transparent\" src=\"http:\/\/mylionbattery.com\/wp-content\/uploads\/2025\/06\/3.7V-500mAh-801350_06.webp\" alt=\"\" width=\"1500\" height=\"1791\" srcset=\"https:\/\/mylionbattery.com\/wp-content\/uploads\/2025\/06\/3.7V-500mAh-801350_06.webp 1500w, https:\/\/mylionbattery.com\/wp-content\/uploads\/2025\/06\/3.7V-500mAh-801350_06-251x300.webp 251w, https:\/\/mylionbattery.com\/wp-content\/uploads\/2025\/06\/3.7V-500mAh-801350_06-858x1024.webp 858w, https:\/\/mylionbattery.com\/wp-content\/uploads\/2025\/06\/3.7V-500mAh-801350_06-768x917.webp 768w, https:\/\/mylionbattery.com\/wp-content\/uploads\/2025\/06\/3.7V-500mAh-801350_06-1286x1536.webp 1286w, https:\/\/mylionbattery.com\/wp-content\/uploads\/2025\/06\/3.7V-500mAh-801350_06-10x12.webp 10w, https:\/\/mylionbattery.com\/wp-content\/uploads\/2025\/06\/3.7V-500mAh-801350_06-600x716.webp 600w\" sizes=\"(max-width: 1500px) 100vw, 1500px\" \/> <img data-dominant-color=\"a7b1bc\" data-has-transparency=\"false\" style=\"--dominant-color: #a7b1bc;\" loading=\"lazy\" decoding=\"async\" class=\"alignnone size-full wp-image-1956 not-transparent\" src=\"http:\/\/mylionbattery.com\/wp-content\/uploads\/2025\/06\/3.7V-500mAh-801350_07.webp\" alt=\"\" width=\"1500\" height=\"1541\" srcset=\"https:\/\/mylionbattery.com\/wp-content\/uploads\/2025\/06\/3.7V-500mAh-801350_07.webp 1500w, https:\/\/mylionbattery.com\/wp-content\/uploads\/2025\/06\/3.7V-500mAh-801350_07-292x300.webp 292w, https:\/\/mylionbattery.com\/wp-content\/uploads\/2025\/06\/3.7V-500mAh-801350_07-997x1024.webp 997w, https:\/\/mylionbattery.com\/wp-content\/uploads\/2025\/06\/3.7V-500mAh-801350_07-768x789.webp 768w, https:\/\/mylionbattery.com\/wp-content\/uploads\/2025\/06\/3.7V-500mAh-801350_07-1495x1536.webp 1495w, https:\/\/mylionbattery.com\/wp-content\/uploads\/2025\/06\/3.7V-500mAh-801350_07-12x12.webp 12w, https:\/\/mylionbattery.com\/wp-content\/uploads\/2025\/06\/3.7V-500mAh-801350_07-600x616.webp 600w\" sizes=\"(max-width: 1500px) 100vw, 1500px\" \/><\/p>","protected":false},"excerpt":{"rendered":"<p><strong data-start=\"104\" data-end=\"119\">Nombre del estilo:<\/strong> 3,7 V 500 mAh<br data-start=\"131\" data-end=\"134\" \/><strong data-start=\"134\" data-end=\"155\">Capacidad nominal:<\/strong> 500 mAh<br data-start=\"162\" data-end=\"165\" \/><strong data-start=\"165\" data-end=\"185\">Voltaje nominal:<\/strong> 3,6 V<br data-start=\"190\" data-end=\"193\" \/><strong data-start=\"193\" data-end=\"220\">Voltaje m\u00e1ximo de carga:<\/strong> 4,2 V<br data-start=\"225\" data-end=\"228\" data-is-only-node=\"\" \/><strong data-start=\"228\" data-end=\"258\">Voltaje de descarga de corte:<\/strong> 3,0 V<br data-start=\"263\" data-end=\"266\" \/><strong data-start=\"266\" data-end=\"303\">Corriente m\u00e1xima de descarga continua:<\/strong> 500 mA<\/p>","protected":false},"featured_media":1946,"template":"","meta":[],"product_brand":[],"product_cat":[52],"product_tag":[82],"class_list":{"0":"post-1943","1":"product","2":"type-product","3":"status-publish","4":"has-post-thumbnail","6":"product_cat-lipo-battery","7":"product_tag-3-7v-500mah-801350","9":"first","10":"instock","11":"shipping-taxable","12":"product-type-simple"},"yoast_head":"<!-- This site is optimized with the Yoast SEO plugin v26.1.1 - https:\/\/yoast.com\/wordpress\/plugins\/seo\/ -->\n<title>Mylion 3.7V 500mAh Lithium Polymer Battery Compact Design Long Cycle Life - mylionbattery<\/title>\n<meta name=\"description\" content=\"Discover Mylion Battery&#039;s innovative battery solutions, including mini UPS systems and lithium-ion batteries. Offering high-quality, customizable products designed with advanced technology to deliver exceptional performance and reliability for global markets.\" \/>\n<meta name=\"robots\" content=\"index, follow, max-snippet:-1, max-image-preview:large, max-video-preview:-1\" \/>\n<link rel=\"canonical\" href=\"https:\/\/mylionbattery.com\/es\/producto\/mylion-3-7v-500mah-lithium-polymer-battery-compact-design-long-cycle-life\/\" \/>\n<meta property=\"og:locale\" content=\"es_ES\" \/>\n<meta property=\"og:type\" content=\"article\" \/>\n<meta property=\"og:title\" content=\"Mylion 3.7V 500mAh Lithium Polymer Battery Compact Design Long Cycle Life - mylionbattery\" \/>\n<meta property=\"og:description\" content=\"Discover Mylion Battery&#039;s innovative battery solutions, including mini UPS systems and lithium-ion batteries. Offering high-quality, customizable products designed with advanced technology to deliver exceptional performance and reliability for global markets.\" \/>\n<meta property=\"og:url\" content=\"https:\/\/mylionbattery.com\/es\/producto\/mylion-3-7v-500mah-lithium-polymer-battery-compact-design-long-cycle-life\/\" \/>\n<meta property=\"og:site_name\" content=\"mylionbattery\" \/>\n<meta property=\"article:modified_time\" content=\"2025-06-16T05:43:21+00:00\" \/>\n<meta property=\"og:image\" content=\"https:\/\/mylionbattery.com\/wp-content\/uploads\/2025\/06\/3-13.webp\" \/>\n\t<meta property=\"og:image:width\" content=\"1000\" \/>\n\t<meta property=\"og:image:height\" content=\"1000\" \/>\n\t<meta property=\"og:image:type\" content=\"image\/jpeg\" \/>\n<meta name=\"twitter:card\" content=\"summary_large_image\" \/>\n<meta name=\"twitter:label1\" content=\"Tiempo de lectura\" \/>\n\t<meta name=\"twitter:data1\" content=\"3 minutos\" \/>\n<script type=\"application\/ld+json\" class=\"yoast-schema-graph\">{\"@context\":\"https:\/\/schema.org\",\"@graph\":[{\"@type\":\"WebPage\",\"@id\":\"https:\/\/mylionbattery.com\/es\/producto\/mylion-3-7v-500mah-lithium-polymer-battery-compact-design-long-cycle-life\/\",\"url\":\"https:\/\/mylionbattery.com\/es\/producto\/mylion-3-7v-500mah-lithium-polymer-battery-compact-design-long-cycle-life\/\",\"name\":\"Mylion 3.7V 500mAh Lithium Polymer Battery Compact Design Long Cycle Life - mylionbattery\",\"isPartOf\":{\"@id\":\"https:\/\/mylionbattery.com\/#website\"},\"primaryImageOfPage\":{\"@id\":\"https:\/\/mylionbattery.com\/es\/producto\/mylion-3-7v-500mah-lithium-polymer-battery-compact-design-long-cycle-life\/#primaryimage\"},\"image\":{\"@id\":\"https:\/\/mylionbattery.com\/es\/producto\/mylion-3-7v-500mah-lithium-polymer-battery-compact-design-long-cycle-life\/#primaryimage\"},\"thumbnailUrl\":\"https:\/\/mylionbattery.com\/wp-content\/uploads\/2025\/06\/3-13.webp\",\"datePublished\":\"2025-06-11T07:17:24+00:00\",\"dateModified\":\"2025-06-16T05:43:21+00:00\",\"description\":\"Discover Mylion Battery's innovative battery solutions, including mini UPS systems and lithium-ion batteries. Offering high-quality, customizable products designed with advanced technology to deliver exceptional performance and reliability for global markets.\",\"breadcrumb\":{\"@id\":\"https:\/\/mylionbattery.com\/es\/producto\/mylion-3-7v-500mah-lithium-polymer-battery-compact-design-long-cycle-life\/#breadcrumb\"},\"inLanguage\":\"es\",\"potentialAction\":[{\"@type\":\"ReadAction\",\"target\":[\"https:\/\/mylionbattery.com\/es\/producto\/mylion-3-7v-500mah-lithium-polymer-battery-compact-design-long-cycle-life\/\"]}]},{\"@type\":\"ImageObject\",\"inLanguage\":\"es\",\"@id\":\"https:\/\/mylionbattery.com\/es\/producto\/mylion-3-7v-500mah-lithium-polymer-battery-compact-design-long-cycle-life\/#primaryimage\",\"url\":\"https:\/\/mylionbattery.com\/wp-content\/uploads\/2025\/06\/3-13.webp\",\"contentUrl\":\"https:\/\/mylionbattery.com\/wp-content\/uploads\/2025\/06\/3-13.webp\",\"width\":1000,\"height\":1000,\"caption\":\"3.7V 500mAh 8013503\"},{\"@type\":\"BreadcrumbList\",\"@id\":\"https:\/\/mylionbattery.com\/es\/producto\/mylion-3-7v-500mah-lithium-polymer-battery-compact-design-long-cycle-life\/#breadcrumb\",\"itemListElement\":[{\"@type\":\"ListItem\",\"position\":1,\"name\":\"\u9996\u9875\",\"item\":\"https:\/\/mylionbattery.com\/\"},{\"@type\":\"ListItem\",\"position\":2,\"name\":\"Products\",\"item\":\"https:\/\/mylionbattery.com\/products\/\"},{\"@type\":\"ListItem\",\"position\":3,\"name\":\"Mylion 3.7V 500mAh Lithium Polymer Battery Compact Design Long Cycle Life\"}]},{\"@type\":\"WebSite\",\"@id\":\"https:\/\/mylionbattery.com\/#website\",\"url\":\"https:\/\/mylionbattery.com\/\",\"name\":\"Mylionbattery\",\"description\":\"mylionbattery\",\"publisher\":{\"@id\":\"https:\/\/mylionbattery.com\/#organization\"},\"potentialAction\":[{\"@type\":\"SearchAction\",\"target\":{\"@type\":\"EntryPoint\",\"urlTemplate\":\"https:\/\/mylionbattery.com\/?s={search_term_string}\"},\"query-input\":{\"@type\":\"PropertyValueSpecification\",\"valueRequired\":true,\"valueName\":\"search_term_string\"}}],\"inLanguage\":\"es\"},{\"@type\":\"Organization\",\"@id\":\"https:\/\/mylionbattery.com\/#organization\",\"name\":\"Mylionbattery\",\"url\":\"https:\/\/mylionbattery.com\/\",\"logo\":{\"@type\":\"ImageObject\",\"inLanguage\":\"es\",\"@id\":\"https:\/\/mylionbattery.com\/#\/schema\/logo\/image\/\",\"url\":\"http:\/\/mylionbattery.com\/wp-content\/uploads\/2024\/09\/\u767d\u5e95mylion-logo\u6b63\u65b9\u5f62.png\",\"contentUrl\":\"http:\/\/mylionbattery.com\/wp-content\/uploads\/2024\/09\/\u767d\u5e95mylion-logo\u6b63\u65b9\u5f62.png\",\"width\":600,\"height\":600,\"caption\":\"Mylionbattery\"},\"image\":{\"@id\":\"https:\/\/mylionbattery.com\/#\/schema\/logo\/image\/\"}}]}<\/script>\n<!-- \/ Yoast SEO plugin. -->","yoast_head_json":{"title":"Mylion 3.7V 500mAh Lithium Polymer Battery Compact Design Long Cycle Life - mylionbattery","description":"Discover Mylion Battery's innovative battery solutions, including mini UPS systems and lithium-ion batteries. Offering high-quality, customizable products designed with advanced technology to deliver exceptional performance and reliability for global markets.","robots":{"index":"index","follow":"follow","max-snippet":"max-snippet:-1","max-image-preview":"max-image-preview:large","max-video-preview":"max-video-preview:-1"},"canonical":"https:\/\/mylionbattery.com\/es\/producto\/mylion-3-7v-500mah-lithium-polymer-battery-compact-design-long-cycle-life\/","og_locale":"es_ES","og_type":"article","og_title":"Mylion 3.7V 500mAh Lithium Polymer Battery Compact Design Long Cycle Life - mylionbattery","og_description":"Discover Mylion Battery's innovative battery solutions, including mini UPS systems and lithium-ion batteries. Offering high-quality, customizable products designed with advanced technology to deliver exceptional performance and reliability for global markets.","og_url":"https:\/\/mylionbattery.com\/es\/producto\/mylion-3-7v-500mah-lithium-polymer-battery-compact-design-long-cycle-life\/","og_site_name":"mylionbattery","article_modified_time":"2025-06-16T05:43:21+00:00","og_image":[{"width":1000,"height":1000,"url":"https:\/\/mylionbattery.com\/wp-content\/uploads\/2025\/06\/3-13.webp","type":"image\/jpeg"}],"twitter_card":"summary_large_image","twitter_misc":{"Tiempo de lectura":"3 minutos"},"schema":{"@context":"https:\/\/schema.org","@graph":[{"@type":"WebPage","@id":"https:\/\/mylionbattery.com\/es\/producto\/mylion-3-7v-500mah-lithium-polymer-battery-compact-design-long-cycle-life\/","url":"https:\/\/mylionbattery.com\/es\/producto\/mylion-3-7v-500mah-lithium-polymer-battery-compact-design-long-cycle-life\/","name":"Mylion 3.7V 500mAh Lithium Polymer Battery Compact Design Long Cycle Life - mylionbattery","isPartOf":{"@id":"https:\/\/mylionbattery.com\/#website"},"primaryImageOfPage":{"@id":"https:\/\/mylionbattery.com\/es\/producto\/mylion-3-7v-500mah-lithium-polymer-battery-compact-design-long-cycle-life\/#primaryimage"},"image":{"@id":"https:\/\/mylionbattery.com\/es\/producto\/mylion-3-7v-500mah-lithium-polymer-battery-compact-design-long-cycle-life\/#primaryimage"},"thumbnailUrl":"https:\/\/mylionbattery.com\/wp-content\/uploads\/2025\/06\/3-13.webp","datePublished":"2025-06-11T07:17:24+00:00","dateModified":"2025-06-16T05:43:21+00:00","description":"Discover Mylion Battery's innovative battery solutions, including mini UPS systems and lithium-ion batteries. Offering high-quality, customizable products designed with advanced technology to deliver exceptional performance and reliability for global markets.","breadcrumb":{"@id":"https:\/\/mylionbattery.com\/es\/producto\/mylion-3-7v-500mah-lithium-polymer-battery-compact-design-long-cycle-life\/#breadcrumb"},"inLanguage":"es","potentialAction":[{"@type":"ReadAction","target":["https:\/\/mylionbattery.com\/es\/producto\/mylion-3-7v-500mah-lithium-polymer-battery-compact-design-long-cycle-life\/"]}]},{"@type":"ImageObject","inLanguage":"es","@id":"https:\/\/mylionbattery.com\/es\/producto\/mylion-3-7v-500mah-lithium-polymer-battery-compact-design-long-cycle-life\/#primaryimage","url":"https:\/\/mylionbattery.com\/wp-content\/uploads\/2025\/06\/3-13.webp","contentUrl":"https:\/\/mylionbattery.com\/wp-content\/uploads\/2025\/06\/3-13.webp","width":1000,"height":1000,"caption":"3.7V 500mAh 8013503"},{"@type":"BreadcrumbList","@id":"https:\/\/mylionbattery.com\/es\/producto\/mylion-3-7v-500mah-lithium-polymer-battery-compact-design-long-cycle-life\/#breadcrumb","itemListElement":[{"@type":"ListItem","position":1,"name":"\u9996\u9875","item":"https:\/\/mylionbattery.com\/"},{"@type":"ListItem","position":2,"name":"Products","item":"https:\/\/mylionbattery.com\/products\/"},{"@type":"ListItem","position":3,"name":"Mylion 3.7V 500mAh Lithium Polymer Battery Compact Design Long Cycle Life"}]},{"@type":"WebSite","@id":"https:\/\/mylionbattery.com\/#website","url":"https:\/\/mylionbattery.com\/","name":"Mylionbattery","description":"mylionbattery","publisher":{"@id":"https:\/\/mylionbattery.com\/#organization"},"potentialAction":[{"@type":"SearchAction","target":{"@type":"EntryPoint","urlTemplate":"https:\/\/mylionbattery.com\/?s={search_term_string}"},"query-input":{"@type":"PropertyValueSpecification","valueRequired":true,"valueName":"search_term_string"}}],"inLanguage":"es"},{"@type":"Organization","@id":"https:\/\/mylionbattery.com\/#organization","name":"Mylionbattery","url":"https:\/\/mylionbattery.com\/","logo":{"@type":"ImageObject","inLanguage":"es","@id":"https:\/\/mylionbattery.com\/#\/schema\/logo\/image\/","url":"http:\/\/mylionbattery.com\/wp-content\/uploads\/2024\/09\/\u767d\u5e95mylion-logo\u6b63\u65b9\u5f62.png","contentUrl":"http:\/\/mylionbattery.com\/wp-content\/uploads\/2024\/09\/\u767d\u5e95mylion-logo\u6b63\u65b9\u5f62.png","width":600,"height":600,"caption":"Mylionbattery"},"image":{"@id":"https:\/\/mylionbattery.com\/#\/schema\/logo\/image\/"}}]}},"_links":{"self":[{"href":"https:\/\/mylionbattery.com\/es\/wp-json\/wp\/v2\/product\/1943","targetHints":{"allow":["GET"]}}],"collection":[{"href":"https:\/\/mylionbattery.com\/es\/wp-json\/wp\/v2\/product"}],"about":[{"href":"https:\/\/mylionbattery.com\/es\/wp-json\/wp\/v2\/types\/product"}],"version-history":[{"count":2,"href":"https:\/\/mylionbattery.com\/es\/wp-json\/wp\/v2\/product\/1943\/revisions"}],"predecessor-version":[{"id":2105,"href":"https:\/\/mylionbattery.com\/es\/wp-json\/wp\/v2\/product\/1943\/revisions\/2105"}],"wp:featuredmedia":[{"embeddable":true,"href":"https:\/\/mylionbattery.com\/es\/wp-json\/wp\/v2\/media\/1946"}],"wp:attachment":[{"href":"https:\/\/mylionbattery.com\/es\/wp-json\/wp\/v2\/media?parent=1943"}],"wp:term":[{"taxonomy":"product_brand","embeddable":true,"href":"https:\/\/mylionbattery.com\/es\/wp-json\/wp\/v2\/product_brand?post=1943"},{"taxonomy":"product_cat","embeddable":true,"href":"https:\/\/mylionbattery.com\/es\/wp-json\/wp\/v2\/product_cat?post=1943"},{"taxonomy":"product_tag","embeddable":true,"href":"https:\/\/mylionbattery.com\/es\/wp-json\/wp\/v2\/product_tag?post=1943"}],"curies":[{"name":"wp","href":"https:\/\/api.w.org\/{rel}","templated":true}]}}