{"id":2037,"date":"2025-06-13T08:22:43","date_gmt":"2025-06-13T08:22:43","guid":{"rendered":"https:\/\/lightyellow-sardine-891901.hostingersite.com\/?post_type=product&#038;p=2037"},"modified":"2025-06-16T06:35:34","modified_gmt":"2025-06-16T06:35:34","slug":"3-7v-900mah-li-polymer-battery-for-bluetooth-devices-and-consumer-electronics","status":"publish","type":"product","link":"https:\/\/mylionbattery.com\/es\/producto\/3-7v-900mah-li-polymer-battery-for-bluetooth-devices-and-consumer-electronics\/","title":{"rendered":"Bater\u00eda de pol\u00edmero de litio de 3,7 V y 900 mAh para dispositivos Bluetooth y productos electr\u00f3nicos de consumo"},"content":{"rendered":"<table width=\"1596\">\n<tbody>\n<tr>\n<td width=\"473\">Nombre del producto<\/td>\n<td width=\"1123\">Bater\u00eda de pol\u00edmero de litio 3,7 V 900 mAh<\/td>\n<\/tr>\n<tr>\n<td>Nombre del estilo<\/td>\n<td>3,7 V 900 mAh<\/td>\n<\/tr>\n<tr>\n<td>Capacidad normal<\/td>\n<td>900 mAh<\/td>\n<\/tr>\n<tr>\n<td>Voltaje nominal<\/td>\n<td>3,6 V<\/td>\n<\/tr>\n<tr>\n<td>Voltaje m\u00e1ximo de carga<\/td>\n<td>4,2 V<\/td>\n<\/tr>\n<tr>\n<td>Tensi\u00f3n de descarga de corte<\/td>\n<td>3,0 V<\/td>\n<\/tr>\n<tr>\n<td>Corriente m\u00e1xima de descarga continua<\/td>\n<td>900 mAh<\/td>\n<\/tr>\n<tr>\n<td>Corriente de carga<\/td>\n<td>900 mAh<\/td>\n<\/tr>\n<tr>\n<td>Potencia de salida<\/td>\n<td>3,33 Wh<\/td>\n<\/tr>\n<tr>\n<td>Puerto de carga (IN)<\/td>\n<td rowspan=\"2\">JST de 2 pines o Molex o seleccionado<\/td>\n<\/tr>\n<tr>\n<td>Puerto de descarga (OUT)<\/td>\n<\/tr>\n<tr>\n<td>Color de PVC<\/td>\n<td>Plata<\/td>\n<\/tr>\n<tr>\n<td>Dimensiones de la bater\u00eda<\/td>\n<td>Largo 38 x Ancho 24,3 x Alto 9,8 mm<\/td>\n<\/tr>\n<tr>\n<td>Peso<\/td>\n<td>aprox.15,9 g<\/td>\n<\/tr>\n<tr>\n<td>Marca de celda de bater\u00eda<\/td>\n<td>Celular de marca china<\/td>\n<\/tr>\n<tr>\n<td>Protecci\u00f3n de la bater\u00eda<\/td>\n<td>Sobrecarga y descarga, sobrecorriente, cortocircuito.<\/td>\n<\/tr>\n<tr>\n<td>Ciclo de vida<\/td>\n<td>Capacidad est\u00e1ndar de carga y descarga \u226580% C5mAh, ciclo de vida \u2265600<\/td>\n<\/tr>\n<tr>\n<td>Solicitud<\/td>\n<td>Bluetooth y electr\u00f3nica de consumo<\/td>\n<\/tr>\n<tr>\n<td>Paquete<\/td>\n<td>400 piezas en una caja (35 x 21 x 30 cm), aproximadamente 9 kg\/caja<\/td>\n<\/tr>\n<tr>\n<td>Garant\u00eda<\/td>\n<td>12 meses<\/td>\n<\/tr>\n<\/tbody>\n<\/table>\n<p><img data-dominant-color=\"abb6cc\" data-has-transparency=\"false\" style=\"--dominant-color: #abb6cc;\" fetchpriority=\"high\" decoding=\"async\" class=\"alignnone size-full wp-image-2044 not-transparent\" src=\"http:\/\/mylionbattery.com\/wp-content\/uploads\/2025\/06\/3.7V-900mAh_01.webp\" alt=\"\" width=\"1500\" height=\"1528\" srcset=\"https:\/\/mylionbattery.com\/wp-content\/uploads\/2025\/06\/3.7V-900mAh_01.webp 1500w, https:\/\/mylionbattery.com\/wp-content\/uploads\/2025\/06\/3.7V-900mAh_01-295x300.webp 295w, https:\/\/mylionbattery.com\/wp-content\/uploads\/2025\/06\/3.7V-900mAh_01-1005x1024.webp 1005w, https:\/\/mylionbattery.com\/wp-content\/uploads\/2025\/06\/3.7V-900mAh_01-768x782.webp 768w, https:\/\/mylionbattery.com\/wp-content\/uploads\/2025\/06\/3.7V-900mAh_01-12x12.webp 12w, https:\/\/mylionbattery.com\/wp-content\/uploads\/2025\/06\/3.7V-900mAh_01-600x611.webp 600w\" sizes=\"(max-width: 1500px) 100vw, 1500px\" \/> <img data-dominant-color=\"e9ebec\" data-has-transparency=\"false\" style=\"--dominant-color: #e9ebec;\" decoding=\"async\" class=\"alignnone  wp-image-2045 not-transparent\" src=\"http:\/\/mylionbattery.com\/wp-content\/uploads\/2025\/06\/3.7V-900mAh_02-scaled.webp\" alt=\"\" width=\"1497\" height=\"2791\" srcset=\"https:\/\/mylionbattery.com\/wp-content\/uploads\/2025\/06\/3.7V-900mAh_02-scaled.webp 1373w, https:\/\/mylionbattery.com\/wp-content\/uploads\/2025\/06\/3.7V-900mAh_02-161x300.webp 161w, https:\/\/mylionbattery.com\/wp-content\/uploads\/2025\/06\/3.7V-900mAh_02-549x1024.webp 549w, https:\/\/mylionbattery.com\/wp-content\/uploads\/2025\/06\/3.7V-900mAh_02-768x1432.webp 768w, https:\/\/mylionbattery.com\/wp-content\/uploads\/2025\/06\/3.7V-900mAh_02-824x1536.webp 824w, https:\/\/mylionbattery.com\/wp-content\/uploads\/2025\/06\/3.7V-900mAh_02-1098x2048.webp 1098w, https:\/\/mylionbattery.com\/wp-content\/uploads\/2025\/06\/3.7V-900mAh_02-6x12.webp 6w, https:\/\/mylionbattery.com\/wp-content\/uploads\/2025\/06\/3.7V-900mAh_02-600x1119.webp 600w\" sizes=\"(max-width: 1497px) 100vw, 1497px\" \/> <img data-dominant-color=\"e1e7ec\" data-has-transparency=\"false\" style=\"--dominant-color: #e1e7ec;\" decoding=\"async\" class=\"alignnone size-full wp-image-2046 not-transparent\" src=\"http:\/\/mylionbattery.com\/wp-content\/uploads\/2025\/06\/3.7V-900mAh_03.webp\" alt=\"\" width=\"1500\" height=\"1626\" srcset=\"https:\/\/mylionbattery.com\/wp-content\/uploads\/2025\/06\/3.7V-900mAh_03.webp 1500w, https:\/\/mylionbattery.com\/wp-content\/uploads\/2025\/06\/3.7V-900mAh_03-277x300.webp 277w, https:\/\/mylionbattery.com\/wp-content\/uploads\/2025\/06\/3.7V-900mAh_03-945x1024.webp 945w, https:\/\/mylionbattery.com\/wp-content\/uploads\/2025\/06\/3.7V-900mAh_03-768x833.webp 768w, https:\/\/mylionbattery.com\/wp-content\/uploads\/2025\/06\/3.7V-900mAh_03-1417x1536.webp 1417w, https:\/\/mylionbattery.com\/wp-content\/uploads\/2025\/06\/3.7V-900mAh_03-11x12.webp 11w, https:\/\/mylionbattery.com\/wp-content\/uploads\/2025\/06\/3.7V-900mAh_03-600x650.webp 600w\" sizes=\"(max-width: 1500px) 100vw, 1500px\" \/> <img data-dominant-color=\"d4e0e7\" data-has-transparency=\"false\" style=\"--dominant-color: #d4e0e7;\" loading=\"lazy\" decoding=\"async\" class=\"alignnone  wp-image-2047 not-transparent\" src=\"http:\/\/mylionbattery.com\/wp-content\/uploads\/2025\/06\/3.7V-900mAh_04-scaled.webp\" alt=\"\" width=\"1492\" height=\"2882\" srcset=\"https:\/\/mylionbattery.com\/wp-content\/uploads\/2025\/06\/3.7V-900mAh_04-scaled.webp 1325w, https:\/\/mylionbattery.com\/wp-content\/uploads\/2025\/06\/3.7V-900mAh_04-155x300.webp 155w, https:\/\/mylionbattery.com\/wp-content\/uploads\/2025\/06\/3.7V-900mAh_04-530x1024.webp 530w, https:\/\/mylionbattery.com\/wp-content\/uploads\/2025\/06\/3.7V-900mAh_04-768x1484.webp 768w, https:\/\/mylionbattery.com\/wp-content\/uploads\/2025\/06\/3.7V-900mAh_04-795x1536.webp 795w, https:\/\/mylionbattery.com\/wp-content\/uploads\/2025\/06\/3.7V-900mAh_04-1060x2048.webp 1060w, https:\/\/mylionbattery.com\/wp-content\/uploads\/2025\/06\/3.7V-900mAh_04-6x12.webp 6w, https:\/\/mylionbattery.com\/wp-content\/uploads\/2025\/06\/3.7V-900mAh_04-600x1160.webp 600w\" sizes=\"(max-width: 1492px) 100vw, 1492px\" \/> <img data-dominant-color=\"cddeea\" data-has-transparency=\"false\" style=\"--dominant-color: #cddeea;\" loading=\"lazy\" decoding=\"async\" class=\"alignnone size-full wp-image-2048 not-transparent\" src=\"http:\/\/mylionbattery.com\/wp-content\/uploads\/2025\/06\/3.7V-900mAh_05.webp\" alt=\"\" width=\"1500\" height=\"1591\" srcset=\"https:\/\/mylionbattery.com\/wp-content\/uploads\/2025\/06\/3.7V-900mAh_05.webp 1500w, https:\/\/mylionbattery.com\/wp-content\/uploads\/2025\/06\/3.7V-900mAh_05-283x300.webp 283w, https:\/\/mylionbattery.com\/wp-content\/uploads\/2025\/06\/3.7V-900mAh_05-965x1024.webp 965w, https:\/\/mylionbattery.com\/wp-content\/uploads\/2025\/06\/3.7V-900mAh_05-768x815.webp 768w, https:\/\/mylionbattery.com\/wp-content\/uploads\/2025\/06\/3.7V-900mAh_05-1448x1536.webp 1448w, https:\/\/mylionbattery.com\/wp-content\/uploads\/2025\/06\/3.7V-900mAh_05-11x12.webp 11w, https:\/\/mylionbattery.com\/wp-content\/uploads\/2025\/06\/3.7V-900mAh_05-600x636.webp 600w\" sizes=\"(max-width: 1500px) 100vw, 1500px\" \/> <img data-dominant-color=\"a2acb7\" data-has-transparency=\"false\" style=\"--dominant-color: #a2acb7;\" loading=\"lazy\" decoding=\"async\" class=\"alignnone size-full wp-image-2049 not-transparent\" src=\"http:\/\/mylionbattery.com\/wp-content\/uploads\/2025\/06\/3.7V-900mAh_06.webp\" alt=\"\" width=\"1500\" height=\"1541\" srcset=\"https:\/\/mylionbattery.com\/wp-content\/uploads\/2025\/06\/3.7V-900mAh_06.webp 1500w, https:\/\/mylionbattery.com\/wp-content\/uploads\/2025\/06\/3.7V-900mAh_06-292x300.webp 292w, https:\/\/mylionbattery.com\/wp-content\/uploads\/2025\/06\/3.7V-900mAh_06-997x1024.webp 997w, https:\/\/mylionbattery.com\/wp-content\/uploads\/2025\/06\/3.7V-900mAh_06-768x789.webp 768w, https:\/\/mylionbattery.com\/wp-content\/uploads\/2025\/06\/3.7V-900mAh_06-1495x1536.webp 1495w, https:\/\/mylionbattery.com\/wp-content\/uploads\/2025\/06\/3.7V-900mAh_06-12x12.webp 12w, https:\/\/mylionbattery.com\/wp-content\/uploads\/2025\/06\/3.7V-900mAh_06-600x616.webp 600w\" sizes=\"(max-width: 1500px) 100vw, 1500px\" \/><\/p>","protected":false},"excerpt":{"rendered":"<p>Modelo: 3,7 V 900 mAh<br data-start=\"181\" data-end=\"184\" \/>Tipo de bater\u00eda: pol\u00edmero de litio (Li-Po)<br data-start=\"221\" data-end=\"224\" \/>Capacidad nominal: 900 mAh<br data-start=\"248\" data-end=\"251\" \/>Voltaje nominal: 3,6 V<br data-start=\"272\" data-end=\"275\" \/>Voltaje m\u00e1ximo de carga: 4,2 V<br data-start=\"299\" data-end=\"302\" \/>Voltaje de descarga de corte: 3,0 V<br data-start=\"333\" data-end=\"336\" \/>Corriente m\u00e1xima de descarga continua: 900 mAh<br data-start=\"376\" data-end=\"379\" \/>Corriente de carga: 900 mAh<\/p>","protected":false},"featured_media":2038,"template":"","meta":[],"product_brand":[],"product_cat":[52],"product_tag":[88],"class_list":{"0":"post-2037","1":"product","2":"type-product","3":"status-publish","4":"has-post-thumbnail","6":"product_cat-lipo-battery","7":"product_tag-3-7v-900mah","9":"first","10":"instock","11":"shipping-taxable","12":"product-type-simple"},"yoast_head":"<!-- This site is optimized with the Yoast SEO plugin v26.1.1 - https:\/\/yoast.com\/wordpress\/plugins\/seo\/ -->\n<title>3.7V 900mAh Li-Polymer Battery for Bluetooth Devices and Consumer Electronics - mylionbattery<\/title>\n<meta name=\"description\" content=\"Discover Mylion Battery&#039;s innovative battery solutions, including mini UPS systems and lithium-ion batteries. Offering high-quality, customizable products designed with advanced technology to deliver exceptional performance and reliability for global markets.\" \/>\n<meta name=\"robots\" content=\"index, follow, max-snippet:-1, max-image-preview:large, max-video-preview:-1\" \/>\n<link rel=\"canonical\" href=\"https:\/\/mylionbattery.com\/es\/producto\/3-7v-900mah-li-polymer-battery-for-bluetooth-devices-and-consumer-electronics\/\" \/>\n<meta property=\"og:locale\" content=\"es_ES\" \/>\n<meta property=\"og:type\" content=\"article\" \/>\n<meta property=\"og:title\" content=\"3.7V 900mAh Li-Polymer Battery for Bluetooth Devices and Consumer Electronics - mylionbattery\" \/>\n<meta property=\"og:description\" content=\"Discover Mylion Battery&#039;s innovative battery solutions, including mini UPS systems and lithium-ion batteries. Offering high-quality, customizable products designed with advanced technology to deliver exceptional performance and reliability for global markets.\" \/>\n<meta property=\"og:url\" content=\"https:\/\/mylionbattery.com\/es\/producto\/3-7v-900mah-li-polymer-battery-for-bluetooth-devices-and-consumer-electronics\/\" \/>\n<meta property=\"og:site_name\" content=\"mylionbattery\" \/>\n<meta property=\"article:modified_time\" content=\"2025-06-16T06:35:34+00:00\" \/>\n<meta property=\"og:image\" content=\"https:\/\/mylionbattery.com\/wp-content\/uploads\/2025\/06\/1-19.webp\" \/>\n\t<meta property=\"og:image:width\" content=\"1000\" \/>\n\t<meta property=\"og:image:height\" content=\"1000\" \/>\n\t<meta property=\"og:image:type\" content=\"image\/jpeg\" \/>\n<meta name=\"twitter:card\" content=\"summary_large_image\" \/>\n<meta name=\"twitter:label1\" content=\"Tiempo de lectura\" \/>\n\t<meta name=\"twitter:data1\" content=\"2 minutos\" \/>\n<script type=\"application\/ld+json\" class=\"yoast-schema-graph\">{\"@context\":\"https:\/\/schema.org\",\"@graph\":[{\"@type\":\"WebPage\",\"@id\":\"https:\/\/mylionbattery.com\/product\/3-7v-900mah-li-polymer-battery-for-bluetooth-devices-and-consumer-electronics\/\",\"url\":\"https:\/\/mylionbattery.com\/product\/3-7v-900mah-li-polymer-battery-for-bluetooth-devices-and-consumer-electronics\/\",\"name\":\"3.7V 900mAh Li-Polymer Battery for Bluetooth Devices and Consumer Electronics - mylionbattery\",\"isPartOf\":{\"@id\":\"https:\/\/mylionbattery.com\/#website\"},\"primaryImageOfPage\":{\"@id\":\"https:\/\/mylionbattery.com\/product\/3-7v-900mah-li-polymer-battery-for-bluetooth-devices-and-consumer-electronics\/#primaryimage\"},\"image\":{\"@id\":\"https:\/\/mylionbattery.com\/product\/3-7v-900mah-li-polymer-battery-for-bluetooth-devices-and-consumer-electronics\/#primaryimage\"},\"thumbnailUrl\":\"https:\/\/mylionbattery.com\/wp-content\/uploads\/2025\/06\/1-19.webp\",\"datePublished\":\"2025-06-13T08:22:43+00:00\",\"dateModified\":\"2025-06-16T06:35:34+00:00\",\"description\":\"Discover Mylion Battery's innovative battery solutions, including mini UPS systems and lithium-ion batteries. Offering high-quality, customizable products designed with advanced technology to deliver exceptional performance and reliability for global markets.\",\"breadcrumb\":{\"@id\":\"https:\/\/mylionbattery.com\/product\/3-7v-900mah-li-polymer-battery-for-bluetooth-devices-and-consumer-electronics\/#breadcrumb\"},\"inLanguage\":\"es\",\"potentialAction\":[{\"@type\":\"ReadAction\",\"target\":[\"https:\/\/mylionbattery.com\/product\/3-7v-900mah-li-polymer-battery-for-bluetooth-devices-and-consumer-electronics\/\"]}]},{\"@type\":\"ImageObject\",\"inLanguage\":\"es\",\"@id\":\"https:\/\/mylionbattery.com\/product\/3-7v-900mah-li-polymer-battery-for-bluetooth-devices-and-consumer-electronics\/#primaryimage\",\"url\":\"https:\/\/mylionbattery.com\/wp-content\/uploads\/2025\/06\/1-19.webp\",\"contentUrl\":\"https:\/\/mylionbattery.com\/wp-content\/uploads\/2025\/06\/1-19.webp\",\"width\":1000,\"height\":1000,\"caption\":\"3.7V 900mAh\"},{\"@type\":\"BreadcrumbList\",\"@id\":\"https:\/\/mylionbattery.com\/product\/3-7v-900mah-li-polymer-battery-for-bluetooth-devices-and-consumer-electronics\/#breadcrumb\",\"itemListElement\":[{\"@type\":\"ListItem\",\"position\":1,\"name\":\"\u9996\u9875\",\"item\":\"https:\/\/mylionbattery.com\/\"},{\"@type\":\"ListItem\",\"position\":2,\"name\":\"Products\",\"item\":\"https:\/\/mylionbattery.com\/products\/\"},{\"@type\":\"ListItem\",\"position\":3,\"name\":\"3.7V 900mAh Li-Polymer Battery for Bluetooth Devices and Consumer Electronics\"}]},{\"@type\":\"WebSite\",\"@id\":\"https:\/\/mylionbattery.com\/#website\",\"url\":\"https:\/\/mylionbattery.com\/\",\"name\":\"Mylionbattery\",\"description\":\"mylionbattery\",\"publisher\":{\"@id\":\"https:\/\/mylionbattery.com\/#organization\"},\"potentialAction\":[{\"@type\":\"SearchAction\",\"target\":{\"@type\":\"EntryPoint\",\"urlTemplate\":\"https:\/\/mylionbattery.com\/?s={search_term_string}\"},\"query-input\":{\"@type\":\"PropertyValueSpecification\",\"valueRequired\":true,\"valueName\":\"search_term_string\"}}],\"inLanguage\":\"es\"},{\"@type\":\"Organization\",\"@id\":\"https:\/\/mylionbattery.com\/#organization\",\"name\":\"Mylionbattery\",\"url\":\"https:\/\/mylionbattery.com\/\",\"logo\":{\"@type\":\"ImageObject\",\"inLanguage\":\"es\",\"@id\":\"https:\/\/mylionbattery.com\/#\/schema\/logo\/image\/\",\"url\":\"http:\/\/mylionbattery.com\/wp-content\/uploads\/2024\/09\/\u767d\u5e95mylion-logo\u6b63\u65b9\u5f62.png\",\"contentUrl\":\"http:\/\/mylionbattery.com\/wp-content\/uploads\/2024\/09\/\u767d\u5e95mylion-logo\u6b63\u65b9\u5f62.png\",\"width\":600,\"height\":600,\"caption\":\"Mylionbattery\"},\"image\":{\"@id\":\"https:\/\/mylionbattery.com\/#\/schema\/logo\/image\/\"}}]}<\/script>\n<!-- \/ Yoast SEO plugin. -->","yoast_head_json":{"title":"3.7V 900mAh Li-Polymer Battery for Bluetooth Devices and Consumer Electronics - mylionbattery","description":"Discover Mylion Battery's innovative battery solutions, including mini UPS systems and lithium-ion batteries. Offering high-quality, customizable products designed with advanced technology to deliver exceptional performance and reliability for global markets.","robots":{"index":"index","follow":"follow","max-snippet":"max-snippet:-1","max-image-preview":"max-image-preview:large","max-video-preview":"max-video-preview:-1"},"canonical":"https:\/\/mylionbattery.com\/es\/producto\/3-7v-900mah-li-polymer-battery-for-bluetooth-devices-and-consumer-electronics\/","og_locale":"es_ES","og_type":"article","og_title":"3.7V 900mAh Li-Polymer Battery for Bluetooth Devices and Consumer Electronics - mylionbattery","og_description":"Discover Mylion Battery's innovative battery solutions, including mini UPS systems and lithium-ion batteries. Offering high-quality, customizable products designed with advanced technology to deliver exceptional performance and reliability for global markets.","og_url":"https:\/\/mylionbattery.com\/es\/producto\/3-7v-900mah-li-polymer-battery-for-bluetooth-devices-and-consumer-electronics\/","og_site_name":"mylionbattery","article_modified_time":"2025-06-16T06:35:34+00:00","og_image":[{"width":1000,"height":1000,"url":"https:\/\/mylionbattery.com\/wp-content\/uploads\/2025\/06\/1-19.webp","type":"image\/jpeg"}],"twitter_card":"summary_large_image","twitter_misc":{"Tiempo de lectura":"2 minutos"},"schema":{"@context":"https:\/\/schema.org","@graph":[{"@type":"WebPage","@id":"https:\/\/mylionbattery.com\/product\/3-7v-900mah-li-polymer-battery-for-bluetooth-devices-and-consumer-electronics\/","url":"https:\/\/mylionbattery.com\/product\/3-7v-900mah-li-polymer-battery-for-bluetooth-devices-and-consumer-electronics\/","name":"3.7V 900mAh Li-Polymer Battery for Bluetooth Devices and Consumer Electronics - mylionbattery","isPartOf":{"@id":"https:\/\/mylionbattery.com\/#website"},"primaryImageOfPage":{"@id":"https:\/\/mylionbattery.com\/product\/3-7v-900mah-li-polymer-battery-for-bluetooth-devices-and-consumer-electronics\/#primaryimage"},"image":{"@id":"https:\/\/mylionbattery.com\/product\/3-7v-900mah-li-polymer-battery-for-bluetooth-devices-and-consumer-electronics\/#primaryimage"},"thumbnailUrl":"https:\/\/mylionbattery.com\/wp-content\/uploads\/2025\/06\/1-19.webp","datePublished":"2025-06-13T08:22:43+00:00","dateModified":"2025-06-16T06:35:34+00:00","description":"Discover Mylion Battery's innovative battery solutions, including mini UPS systems and lithium-ion batteries. Offering high-quality, customizable products designed with advanced technology to deliver exceptional performance and reliability for global markets.","breadcrumb":{"@id":"https:\/\/mylionbattery.com\/product\/3-7v-900mah-li-polymer-battery-for-bluetooth-devices-and-consumer-electronics\/#breadcrumb"},"inLanguage":"es","potentialAction":[{"@type":"ReadAction","target":["https:\/\/mylionbattery.com\/product\/3-7v-900mah-li-polymer-battery-for-bluetooth-devices-and-consumer-electronics\/"]}]},{"@type":"ImageObject","inLanguage":"es","@id":"https:\/\/mylionbattery.com\/product\/3-7v-900mah-li-polymer-battery-for-bluetooth-devices-and-consumer-electronics\/#primaryimage","url":"https:\/\/mylionbattery.com\/wp-content\/uploads\/2025\/06\/1-19.webp","contentUrl":"https:\/\/mylionbattery.com\/wp-content\/uploads\/2025\/06\/1-19.webp","width":1000,"height":1000,"caption":"3.7V 900mAh"},{"@type":"BreadcrumbList","@id":"https:\/\/mylionbattery.com\/product\/3-7v-900mah-li-polymer-battery-for-bluetooth-devices-and-consumer-electronics\/#breadcrumb","itemListElement":[{"@type":"ListItem","position":1,"name":"\u9996\u9875","item":"https:\/\/mylionbattery.com\/"},{"@type":"ListItem","position":2,"name":"Products","item":"https:\/\/mylionbattery.com\/products\/"},{"@type":"ListItem","position":3,"name":"3.7V 900mAh Li-Polymer Battery for Bluetooth Devices and Consumer Electronics"}]},{"@type":"WebSite","@id":"https:\/\/mylionbattery.com\/#website","url":"https:\/\/mylionbattery.com\/","name":"Mylionbattery","description":"mylionbattery","publisher":{"@id":"https:\/\/mylionbattery.com\/#organization"},"potentialAction":[{"@type":"SearchAction","target":{"@type":"EntryPoint","urlTemplate":"https:\/\/mylionbattery.com\/?s={search_term_string}"},"query-input":{"@type":"PropertyValueSpecification","valueRequired":true,"valueName":"search_term_string"}}],"inLanguage":"es"},{"@type":"Organization","@id":"https:\/\/mylionbattery.com\/#organization","name":"Mylionbattery","url":"https:\/\/mylionbattery.com\/","logo":{"@type":"ImageObject","inLanguage":"es","@id":"https:\/\/mylionbattery.com\/#\/schema\/logo\/image\/","url":"http:\/\/mylionbattery.com\/wp-content\/uploads\/2024\/09\/\u767d\u5e95mylion-logo\u6b63\u65b9\u5f62.png","contentUrl":"http:\/\/mylionbattery.com\/wp-content\/uploads\/2024\/09\/\u767d\u5e95mylion-logo\u6b63\u65b9\u5f62.png","width":600,"height":600,"caption":"Mylionbattery"},"image":{"@id":"https:\/\/mylionbattery.com\/#\/schema\/logo\/image\/"}}]}},"_links":{"self":[{"href":"https:\/\/mylionbattery.com\/es\/wp-json\/wp\/v2\/product\/2037","targetHints":{"allow":["GET"]}}],"collection":[{"href":"https:\/\/mylionbattery.com\/es\/wp-json\/wp\/v2\/product"}],"about":[{"href":"https:\/\/mylionbattery.com\/es\/wp-json\/wp\/v2\/types\/product"}],"version-history":[{"count":3,"href":"https:\/\/mylionbattery.com\/es\/wp-json\/wp\/v2\/product\/2037\/revisions"}],"predecessor-version":[{"id":2115,"href":"https:\/\/mylionbattery.com\/es\/wp-json\/wp\/v2\/product\/2037\/revisions\/2115"}],"wp:featuredmedia":[{"embeddable":true,"href":"https:\/\/mylionbattery.com\/es\/wp-json\/wp\/v2\/media\/2038"}],"wp:attachment":[{"href":"https:\/\/mylionbattery.com\/es\/wp-json\/wp\/v2\/media?parent=2037"}],"wp:term":[{"taxonomy":"product_brand","embeddable":true,"href":"https:\/\/mylionbattery.com\/es\/wp-json\/wp\/v2\/product_brand?post=2037"},{"taxonomy":"product_cat","embeddable":true,"href":"https:\/\/mylionbattery.com\/es\/wp-json\/wp\/v2\/product_cat?post=2037"},{"taxonomy":"product_tag","embeddable":true,"href":"https:\/\/mylionbattery.com\/es\/wp-json\/wp\/v2\/product_tag?post=2037"}],"curies":[{"name":"wp","href":"https:\/\/api.w.org\/{rel}","templated":true}]}}