{"id":2181,"date":"2025-06-17T07:24:30","date_gmt":"2025-06-17T07:24:30","guid":{"rendered":"https:\/\/lightyellow-sardine-891901.hostingersite.com\/?post_type=product&#038;p=2181"},"modified":"2025-07-22T05:58:35","modified_gmt":"2025-07-22T05:58:35","slug":"high-energy-3-7v-1800mah-lipo-battery-505060-for-smart-and-portable-electronics","status":"publish","type":"product","link":"https:\/\/mylionbattery.com\/es\/producto\/high-energy-3-7v-1800mah-lipo-battery-505060-for-smart-and-portable-electronics\/","title":{"rendered":"Bater\u00eda LiPo de alta energ\u00eda de 3,7 V y 1800 mAh 505060 para dispositivos electr\u00f3nicos inteligentes y port\u00e1tiles"},"content":{"rendered":"<table style=\"height: 523px;\" width=\"1556\">\n<tbody>\n<tr>\n<td width=\"523\">Nombre del producto<\/td>\n<td width=\"1152\">Bater\u00eda de pol\u00edmero de litio 3,7 V 1800 mAh 505060<\/td>\n<\/tr>\n<tr>\n<td>Nombre del estilo<\/td>\n<td>3,7 V 1800 mAh<\/td>\n<\/tr>\n<tr>\n<td>Capacidad normal<\/td>\n<td>1800 mAh<\/td>\n<\/tr>\n<tr>\n<td>Voltaje nominal<\/td>\n<td>3,6 V<\/td>\n<\/tr>\n<tr>\n<td>Voltaje m\u00e1ximo de carga<\/td>\n<td>4,2 V<\/td>\n<\/tr>\n<tr>\n<td>Tensi\u00f3n de descarga de corte<\/td>\n<td>3,0 V<\/td>\n<\/tr>\n<tr>\n<td>Corriente m\u00e1xima de descarga continua<\/td>\n<td>1800 mAh<\/td>\n<\/tr>\n<tr>\n<td>Corriente de carga<\/td>\n<td>1800 mAh<\/td>\n<\/tr>\n<tr>\n<td>Potencia de salida<\/td>\n<td>6,66 Wh<\/td>\n<\/tr>\n<tr>\n<td>Puerto de carga (IN)<\/td>\n<td rowspan=\"2\">JST de 2 pines o Molex o seleccionado<\/td>\n<\/tr>\n<tr>\n<td>Puerto de descarga (OUT)<\/td>\n<\/tr>\n<tr>\n<td>Color de PVC<\/td>\n<td>Plata<\/td>\n<\/tr>\n<tr>\n<td>Dimensiones de la bater\u00eda<\/td>\n<td>Largo 60,5 x Ancho 49,5 x Alto 4,6 mm<\/td>\n<\/tr>\n<tr>\n<td>Peso<\/td>\n<td>aprox.31,1 g<\/td>\n<\/tr>\n<tr>\n<td>Marca de celda de bater\u00eda<\/td>\n<td>Celular de marca china<\/td>\n<\/tr>\n<tr>\n<td>Protecci\u00f3n de la bater\u00eda<\/td>\n<td>Sobrecarga y descarga, sobrecorriente, cortocircuito.<\/td>\n<\/tr>\n<tr>\n<td>Ciclo de vida<\/td>\n<td>Capacidad est\u00e1ndar de carga y descarga \u226580% C5mAh, ciclo de vida \u2265600<\/td>\n<\/tr>\n<tr>\n<td>Solicitud<\/td>\n<td>Bluetooth y electr\u00f3nica de consumo<\/td>\n<\/tr>\n<tr>\n<td>Paquete<\/td>\n<td>400 piezas en una caja (35 x 21 x 30 cm), aproximadamente 9 kg\/caja<\/td>\n<\/tr>\n<tr>\n<td>Garant\u00eda<\/td>\n<td>12 meses<\/td>\n<\/tr>\n<\/tbody>\n<\/table>\n<p><img data-dominant-color=\"b0bdcd\" data-has-transparency=\"false\" style=\"--dominant-color: #b0bdcd;\" fetchpriority=\"high\" decoding=\"async\" class=\"alignnone size-full wp-image-2188 not-transparent\" src=\"http:\/\/mylionbattery.com\/wp-content\/uploads\/2025\/06\/3.7V-1800mAh-505060._01.webp\" alt=\"\" width=\"1500\" height=\"1528\" srcset=\"https:\/\/mylionbattery.com\/wp-content\/uploads\/2025\/06\/3.7V-1800mAh-505060._01.webp 1500w, https:\/\/mylionbattery.com\/wp-content\/uploads\/2025\/06\/3.7V-1800mAh-505060._01-295x300.webp 295w, https:\/\/mylionbattery.com\/wp-content\/uploads\/2025\/06\/3.7V-1800mAh-505060._01-1005x1024.webp 1005w, https:\/\/mylionbattery.com\/wp-content\/uploads\/2025\/06\/3.7V-1800mAh-505060._01-768x782.webp 768w, https:\/\/mylionbattery.com\/wp-content\/uploads\/2025\/06\/3.7V-1800mAh-505060._01-12x12.webp 12w, https:\/\/mylionbattery.com\/wp-content\/uploads\/2025\/06\/3.7V-1800mAh-505060._01-600x611.webp 600w\" sizes=\"(max-width: 1500px) 100vw, 1500px\" \/> <img data-dominant-color=\"e3e9eb\" data-has-transparency=\"false\" style=\"--dominant-color: #e3e9eb;\" decoding=\"async\" class=\"alignnone size-full wp-image-2189 not-transparent\" src=\"http:\/\/mylionbattery.com\/wp-content\/uploads\/2025\/06\/3.7V-1800mAh-505060._02-scaled.webp\" alt=\"\" width=\"1424\" height=\"2560\" srcset=\"https:\/\/mylionbattery.com\/wp-content\/uploads\/2025\/06\/3.7V-1800mAh-505060._02-scaled.webp 1424w, https:\/\/mylionbattery.com\/wp-content\/uploads\/2025\/06\/3.7V-1800mAh-505060._02-167x300.webp 167w, https:\/\/mylionbattery.com\/wp-content\/uploads\/2025\/06\/3.7V-1800mAh-505060._02-570x1024.webp 570w, https:\/\/mylionbattery.com\/wp-content\/uploads\/2025\/06\/3.7V-1800mAh-505060._02-768x1381.webp 768w, https:\/\/mylionbattery.com\/wp-content\/uploads\/2025\/06\/3.7V-1800mAh-505060._02-854x1536.webp 854w, https:\/\/mylionbattery.com\/wp-content\/uploads\/2025\/06\/3.7V-1800mAh-505060._02-1139x2048.webp 1139w, https:\/\/mylionbattery.com\/wp-content\/uploads\/2025\/06\/3.7V-1800mAh-505060._02-7x12.webp 7w, https:\/\/mylionbattery.com\/wp-content\/uploads\/2025\/06\/3.7V-1800mAh-505060._02-600x1079.webp 600w\" sizes=\"(max-width: 1424px) 100vw, 1424px\" \/> <img data-dominant-color=\"d2dfe7\" data-has-transparency=\"false\" style=\"--dominant-color: #d2dfe7;\" decoding=\"async\" class=\"alignnone size-full wp-image-2190 not-transparent\" src=\"http:\/\/mylionbattery.com\/wp-content\/uploads\/2025\/06\/3.7V-1800mAh-505060._03.webp\" alt=\"\" width=\"1500\" height=\"1898\" srcset=\"https:\/\/mylionbattery.com\/wp-content\/uploads\/2025\/06\/3.7V-1800mAh-505060._03.webp 1500w, https:\/\/mylionbattery.com\/wp-content\/uploads\/2025\/06\/3.7V-1800mAh-505060._03-237x300.webp 237w, https:\/\/mylionbattery.com\/wp-content\/uploads\/2025\/06\/3.7V-1800mAh-505060._03-809x1024.webp 809w, https:\/\/mylionbattery.com\/wp-content\/uploads\/2025\/06\/3.7V-1800mAh-505060._03-768x972.webp 768w, https:\/\/mylionbattery.com\/wp-content\/uploads\/2025\/06\/3.7V-1800mAh-505060._03-1214x1536.webp 1214w, https:\/\/mylionbattery.com\/wp-content\/uploads\/2025\/06\/3.7V-1800mAh-505060._03-9x12.webp 9w, https:\/\/mylionbattery.com\/wp-content\/uploads\/2025\/06\/3.7V-1800mAh-505060._03-600x759.webp 600w\" sizes=\"(max-width: 1500px) 100vw, 1500px\" \/> <img data-dominant-color=\"e5ecf1\" data-has-transparency=\"false\" style=\"--dominant-color: #e5ecf1;\" loading=\"lazy\" decoding=\"async\" class=\"alignnone size-full wp-image-2191 not-transparent\" src=\"http:\/\/mylionbattery.com\/wp-content\/uploads\/2025\/06\/3.7V-1800mAh-505060._04.webp\" alt=\"\" width=\"1500\" height=\"2022\" srcset=\"https:\/\/mylionbattery.com\/wp-content\/uploads\/2025\/06\/3.7V-1800mAh-505060._04.webp 1500w, https:\/\/mylionbattery.com\/wp-content\/uploads\/2025\/06\/3.7V-1800mAh-505060._04-223x300.webp 223w, https:\/\/mylionbattery.com\/wp-content\/uploads\/2025\/06\/3.7V-1800mAh-505060._04-760x1024.webp 760w, https:\/\/mylionbattery.com\/wp-content\/uploads\/2025\/06\/3.7V-1800mAh-505060._04-768x1035.webp 768w, https:\/\/mylionbattery.com\/wp-content\/uploads\/2025\/06\/3.7V-1800mAh-505060._04-1139x1536.webp 1139w, https:\/\/mylionbattery.com\/wp-content\/uploads\/2025\/06\/3.7V-1800mAh-505060._04-9x12.webp 9w, https:\/\/mylionbattery.com\/wp-content\/uploads\/2025\/06\/3.7V-1800mAh-505060._04-600x809.webp 600w\" sizes=\"(max-width: 1500px) 100vw, 1500px\" \/> <img data-dominant-color=\"c7dcea\" data-has-transparency=\"false\" style=\"--dominant-color: #c7dcea;\" loading=\"lazy\" decoding=\"async\" class=\"alignnone size-full wp-image-2192 not-transparent\" src=\"http:\/\/mylionbattery.com\/wp-content\/uploads\/2025\/06\/3.7V-1800mAh-505060._05.webp\" alt=\"\" width=\"1500\" height=\"1592\" srcset=\"https:\/\/mylionbattery.com\/wp-content\/uploads\/2025\/06\/3.7V-1800mAh-505060._05.webp 1500w, https:\/\/mylionbattery.com\/wp-content\/uploads\/2025\/06\/3.7V-1800mAh-505060._05-283x300.webp 283w, https:\/\/mylionbattery.com\/wp-content\/uploads\/2025\/06\/3.7V-1800mAh-505060._05-965x1024.webp 965w, https:\/\/mylionbattery.com\/wp-content\/uploads\/2025\/06\/3.7V-1800mAh-505060._05-768x815.webp 768w, https:\/\/mylionbattery.com\/wp-content\/uploads\/2025\/06\/3.7V-1800mAh-505060._05-1447x1536.webp 1447w, https:\/\/mylionbattery.com\/wp-content\/uploads\/2025\/06\/3.7V-1800mAh-505060._05-11x12.webp 11w, https:\/\/mylionbattery.com\/wp-content\/uploads\/2025\/06\/3.7V-1800mAh-505060._05-600x637.webp 600w\" sizes=\"(max-width: 1500px) 100vw, 1500px\" \/> <img data-dominant-color=\"9daab7\" data-has-transparency=\"false\" style=\"--dominant-color: #9daab7;\" loading=\"lazy\" decoding=\"async\" class=\"alignnone size-full wp-image-2193 not-transparent\" src=\"http:\/\/mylionbattery.com\/wp-content\/uploads\/2025\/06\/3.7V-1800mAh-505060._06.webp\" alt=\"\" width=\"1500\" height=\"1540\" srcset=\"https:\/\/mylionbattery.com\/wp-content\/uploads\/2025\/06\/3.7V-1800mAh-505060._06.webp 1500w, https:\/\/mylionbattery.com\/wp-content\/uploads\/2025\/06\/3.7V-1800mAh-505060._06-292x300.webp 292w, https:\/\/mylionbattery.com\/wp-content\/uploads\/2025\/06\/3.7V-1800mAh-505060._06-997x1024.webp 997w, https:\/\/mylionbattery.com\/wp-content\/uploads\/2025\/06\/3.7V-1800mAh-505060._06-768x788.webp 768w, https:\/\/mylionbattery.com\/wp-content\/uploads\/2025\/06\/3.7V-1800mAh-505060._06-1496x1536.webp 1496w, https:\/\/mylionbattery.com\/wp-content\/uploads\/2025\/06\/3.7V-1800mAh-505060._06-12x12.webp 12w, https:\/\/mylionbattery.com\/wp-content\/uploads\/2025\/06\/3.7V-1800mAh-505060._06-600x616.webp 600w\" sizes=\"(max-width: 1500px) 100vw, 1500px\" \/><\/p>","protected":false},"excerpt":{"rendered":"<ul>\n<li data-start=\"200\" data-end=\"260\">\n<p data-start=\"202\" data-end=\"260\">Nombre del producto: Bater\u00eda de pol\u00edmero de litio 3,7 V 1800 mAh 505060<\/p>\n<\/li>\n<li data-start=\"261\" data-end=\"289\">\n<p data-start=\"263\" data-end=\"289\">Capacidad nominal: 1800 mAh<\/p>\n<\/li>\n<li data-start=\"290\" data-end=\"314\">\n<p data-start=\"292\" data-end=\"314\">Voltaje nominal: 3,6 V<\/p>\n<\/li>\n<li data-start=\"315\" data-end=\"346\">\n<p data-start=\"317\" data-end=\"346\">Voltaje m\u00e1ximo de carga: 4,2 V<\/p>\n<\/li>\n<li data-start=\"347\" data-end=\"381\">\n<p data-start=\"349\" data-end=\"381\">Voltaje de descarga de corte: 3,0 V<\/p>\n<\/li>\n<li data-start=\"382\" data-end=\"426\">\n<p data-start=\"384\" data-end=\"426\">Corriente m\u00e1xima de descarga continua: 1800 mAh<\/p>\n<\/li>\n<li data-start=\"427\" data-end=\"453\">\n<p data-start=\"429\" data-end=\"453\">Corriente de carga: 1800 mAh<\/p>\n<\/li>\n<\/ul>","protected":false},"featured_media":2182,"template":"","meta":[],"product_brand":[],"product_cat":[52],"product_tag":[95,110],"class_list":{"0":"post-2181","1":"product","2":"type-product","3":"status-publish","4":"has-post-thumbnail","6":"product_cat-lipo-battery","7":"product_tag-3-7v-1800mah-505060","8":"product_tag-custom-lipolithium-battery-packs","10":"first","11":"instock","12":"shipping-taxable","13":"product-type-simple"},"yoast_head":"<!-- This site is optimized with the Yoast SEO plugin v26.1.1 - https:\/\/yoast.com\/wordpress\/plugins\/seo\/ -->\n<title>High-Energy 3.7V 1800mAh LiPo Battery 505060 for Smart and Portable Electronics - mylionbattery<\/title>\n<meta name=\"description\" content=\"Discover Mylion Battery&#039;s innovative battery solutions, including mini UPS systems and lithium-ion batteries. Offering high-quality, customizable products designed with advanced technology to deliver exceptional performance and reliability for global markets.\" \/>\n<meta name=\"robots\" content=\"index, follow, max-snippet:-1, max-image-preview:large, max-video-preview:-1\" \/>\n<link rel=\"canonical\" href=\"http:\/\/mylionbattery.com\/es\/produit\/high-energy-3-7v-1800mah-lipo-battery-505060-for-smart-and-portable-electronics\/\" \/>\n<meta property=\"og:locale\" content=\"es_ES\" \/>\n<meta property=\"og:type\" content=\"article\" \/>\n<meta property=\"og:title\" content=\"High-Energy 3.7V 1800mAh LiPo Battery 505060 for Smart and Portable Electronics - mylionbattery\" \/>\n<meta property=\"og:description\" content=\"Discover Mylion Battery&#039;s innovative battery solutions, including mini UPS systems and lithium-ion batteries. Offering high-quality, customizable products designed with advanced technology to deliver exceptional performance and reliability for global markets.\" \/>\n<meta property=\"og:url\" content=\"http:\/\/mylionbattery.com\/es\/produit\/high-energy-3-7v-1800mah-lipo-battery-505060-for-smart-and-portable-electronics\/\" \/>\n<meta property=\"og:site_name\" content=\"mylionbattery\" \/>\n<meta property=\"article:modified_time\" content=\"2025-07-22T05:58:35+00:00\" \/>\n<meta property=\"og:image\" content=\"http:\/\/mylionbattery.com\/wp-content\/uploads\/2025\/06\/1-26.webp\" \/>\n\t<meta property=\"og:image:width\" content=\"1000\" \/>\n\t<meta property=\"og:image:height\" content=\"1000\" \/>\n\t<meta property=\"og:image:type\" content=\"image\/jpeg\" \/>\n<meta name=\"twitter:card\" content=\"summary_large_image\" \/>\n<meta name=\"twitter:label1\" content=\"Tiempo de lectura\" \/>\n\t<meta name=\"twitter:data1\" content=\"2 minutos\" \/>\n<script type=\"application\/ld+json\" class=\"yoast-schema-graph\">{\"@context\":\"https:\/\/schema.org\",\"@graph\":[{\"@type\":\"WebPage\",\"@id\":\"http:\/\/mylionbattery.com\/fr\/produit\/high-energy-3-7v-1800mah-lipo-battery-505060-for-smart-and-portable-electronics\/\",\"url\":\"http:\/\/mylionbattery.com\/fr\/produit\/high-energy-3-7v-1800mah-lipo-battery-505060-for-smart-and-portable-electronics\/\",\"name\":\"High-Energy 3.7V 1800mAh LiPo Battery 505060 for Smart and Portable Electronics - mylionbattery\",\"isPartOf\":{\"@id\":\"https:\/\/mylionbattery.com\/#website\"},\"primaryImageOfPage\":{\"@id\":\"http:\/\/mylionbattery.com\/fr\/produit\/high-energy-3-7v-1800mah-lipo-battery-505060-for-smart-and-portable-electronics\/#primaryimage\"},\"image\":{\"@id\":\"http:\/\/mylionbattery.com\/fr\/produit\/high-energy-3-7v-1800mah-lipo-battery-505060-for-smart-and-portable-electronics\/#primaryimage\"},\"thumbnailUrl\":\"https:\/\/mylionbattery.com\/wp-content\/uploads\/2025\/06\/1-26.webp\",\"datePublished\":\"2025-06-17T07:24:30+00:00\",\"dateModified\":\"2025-07-22T05:58:35+00:00\",\"description\":\"Discover Mylion Battery's innovative battery solutions, including mini UPS systems and lithium-ion batteries. Offering high-quality, customizable products designed with advanced technology to deliver exceptional performance and reliability for global markets.\",\"breadcrumb\":{\"@id\":\"http:\/\/mylionbattery.com\/fr\/produit\/high-energy-3-7v-1800mah-lipo-battery-505060-for-smart-and-portable-electronics\/#breadcrumb\"},\"inLanguage\":\"es\",\"potentialAction\":[{\"@type\":\"ReadAction\",\"target\":[\"http:\/\/mylionbattery.com\/fr\/produit\/high-energy-3-7v-1800mah-lipo-battery-505060-for-smart-and-portable-electronics\/\"]}]},{\"@type\":\"ImageObject\",\"inLanguage\":\"es\",\"@id\":\"http:\/\/mylionbattery.com\/fr\/produit\/high-energy-3-7v-1800mah-lipo-battery-505060-for-smart-and-portable-electronics\/#primaryimage\",\"url\":\"https:\/\/mylionbattery.com\/wp-content\/uploads\/2025\/06\/1-26.webp\",\"contentUrl\":\"https:\/\/mylionbattery.com\/wp-content\/uploads\/2025\/06\/1-26.webp\",\"width\":1000,\"height\":1000,\"caption\":\"3.7V 1800mAh 505060 1\"},{\"@type\":\"BreadcrumbList\",\"@id\":\"http:\/\/mylionbattery.com\/fr\/produit\/high-energy-3-7v-1800mah-lipo-battery-505060-for-smart-and-portable-electronics\/#breadcrumb\",\"itemListElement\":[{\"@type\":\"ListItem\",\"position\":1,\"name\":\"\u9996\u9875\",\"item\":\"https:\/\/mylionbattery.com\/\"},{\"@type\":\"ListItem\",\"position\":2,\"name\":\"Products\",\"item\":\"https:\/\/mylionbattery.com\/products\/\"},{\"@type\":\"ListItem\",\"position\":3,\"name\":\"High-Energy 3.7V 1800mAh LiPo Battery 505060 for Smart and Portable Electronics\"}]},{\"@type\":\"WebSite\",\"@id\":\"https:\/\/mylionbattery.com\/#website\",\"url\":\"https:\/\/mylionbattery.com\/\",\"name\":\"Mylionbattery\",\"description\":\"mylionbattery\",\"publisher\":{\"@id\":\"https:\/\/mylionbattery.com\/#organization\"},\"potentialAction\":[{\"@type\":\"SearchAction\",\"target\":{\"@type\":\"EntryPoint\",\"urlTemplate\":\"https:\/\/mylionbattery.com\/?s={search_term_string}\"},\"query-input\":{\"@type\":\"PropertyValueSpecification\",\"valueRequired\":true,\"valueName\":\"search_term_string\"}}],\"inLanguage\":\"es\"},{\"@type\":\"Organization\",\"@id\":\"https:\/\/mylionbattery.com\/#organization\",\"name\":\"Mylionbattery\",\"url\":\"https:\/\/mylionbattery.com\/\",\"logo\":{\"@type\":\"ImageObject\",\"inLanguage\":\"es\",\"@id\":\"https:\/\/mylionbattery.com\/#\/schema\/logo\/image\/\",\"url\":\"http:\/\/mylionbattery.com\/wp-content\/uploads\/2024\/09\/\u767d\u5e95mylion-logo\u6b63\u65b9\u5f62.png\",\"contentUrl\":\"http:\/\/mylionbattery.com\/wp-content\/uploads\/2024\/09\/\u767d\u5e95mylion-logo\u6b63\u65b9\u5f62.png\",\"width\":600,\"height\":600,\"caption\":\"Mylionbattery\"},\"image\":{\"@id\":\"https:\/\/mylionbattery.com\/#\/schema\/logo\/image\/\"}}]}<\/script>\n<!-- \/ Yoast SEO plugin. -->","yoast_head_json":{"title":"High-Energy 3.7V 1800mAh LiPo Battery 505060 for Smart and Portable Electronics - mylionbattery","description":"Discover Mylion Battery's innovative battery solutions, including mini UPS systems and lithium-ion batteries. Offering high-quality, customizable products designed with advanced technology to deliver exceptional performance and reliability for global markets.","robots":{"index":"index","follow":"follow","max-snippet":"max-snippet:-1","max-image-preview":"max-image-preview:large","max-video-preview":"max-video-preview:-1"},"canonical":"http:\/\/mylionbattery.com\/es\/produit\/high-energy-3-7v-1800mah-lipo-battery-505060-for-smart-and-portable-electronics\/","og_locale":"es_ES","og_type":"article","og_title":"High-Energy 3.7V 1800mAh LiPo Battery 505060 for Smart and Portable Electronics - mylionbattery","og_description":"Discover Mylion Battery's innovative battery solutions, including mini UPS systems and lithium-ion batteries. Offering high-quality, customizable products designed with advanced technology to deliver exceptional performance and reliability for global markets.","og_url":"http:\/\/mylionbattery.com\/es\/produit\/high-energy-3-7v-1800mah-lipo-battery-505060-for-smart-and-portable-electronics\/","og_site_name":"mylionbattery","article_modified_time":"2025-07-22T05:58:35+00:00","og_image":[{"width":1000,"height":1000,"url":"http:\/\/mylionbattery.com\/wp-content\/uploads\/2025\/06\/1-26.webp","type":"image\/jpeg"}],"twitter_card":"summary_large_image","twitter_misc":{"Tiempo de lectura":"2 minutos"},"schema":{"@context":"https:\/\/schema.org","@graph":[{"@type":"WebPage","@id":"http:\/\/mylionbattery.com\/fr\/produit\/high-energy-3-7v-1800mah-lipo-battery-505060-for-smart-and-portable-electronics\/","url":"http:\/\/mylionbattery.com\/fr\/produit\/high-energy-3-7v-1800mah-lipo-battery-505060-for-smart-and-portable-electronics\/","name":"High-Energy 3.7V 1800mAh LiPo Battery 505060 for Smart and Portable Electronics - mylionbattery","isPartOf":{"@id":"https:\/\/mylionbattery.com\/#website"},"primaryImageOfPage":{"@id":"http:\/\/mylionbattery.com\/fr\/produit\/high-energy-3-7v-1800mah-lipo-battery-505060-for-smart-and-portable-electronics\/#primaryimage"},"image":{"@id":"http:\/\/mylionbattery.com\/fr\/produit\/high-energy-3-7v-1800mah-lipo-battery-505060-for-smart-and-portable-electronics\/#primaryimage"},"thumbnailUrl":"https:\/\/mylionbattery.com\/wp-content\/uploads\/2025\/06\/1-26.webp","datePublished":"2025-06-17T07:24:30+00:00","dateModified":"2025-07-22T05:58:35+00:00","description":"Discover Mylion Battery's innovative battery solutions, including mini UPS systems and lithium-ion batteries. Offering high-quality, customizable products designed with advanced technology to deliver exceptional performance and reliability for global markets.","breadcrumb":{"@id":"http:\/\/mylionbattery.com\/fr\/produit\/high-energy-3-7v-1800mah-lipo-battery-505060-for-smart-and-portable-electronics\/#breadcrumb"},"inLanguage":"es","potentialAction":[{"@type":"ReadAction","target":["http:\/\/mylionbattery.com\/fr\/produit\/high-energy-3-7v-1800mah-lipo-battery-505060-for-smart-and-portable-electronics\/"]}]},{"@type":"ImageObject","inLanguage":"es","@id":"http:\/\/mylionbattery.com\/fr\/produit\/high-energy-3-7v-1800mah-lipo-battery-505060-for-smart-and-portable-electronics\/#primaryimage","url":"https:\/\/mylionbattery.com\/wp-content\/uploads\/2025\/06\/1-26.webp","contentUrl":"https:\/\/mylionbattery.com\/wp-content\/uploads\/2025\/06\/1-26.webp","width":1000,"height":1000,"caption":"3.7V 1800mAh 505060 1"},{"@type":"BreadcrumbList","@id":"http:\/\/mylionbattery.com\/fr\/produit\/high-energy-3-7v-1800mah-lipo-battery-505060-for-smart-and-portable-electronics\/#breadcrumb","itemListElement":[{"@type":"ListItem","position":1,"name":"\u9996\u9875","item":"https:\/\/mylionbattery.com\/"},{"@type":"ListItem","position":2,"name":"Products","item":"https:\/\/mylionbattery.com\/products\/"},{"@type":"ListItem","position":3,"name":"High-Energy 3.7V 1800mAh LiPo Battery 505060 for Smart and Portable Electronics"}]},{"@type":"WebSite","@id":"https:\/\/mylionbattery.com\/#website","url":"https:\/\/mylionbattery.com\/","name":"Mylionbattery","description":"mylionbattery","publisher":{"@id":"https:\/\/mylionbattery.com\/#organization"},"potentialAction":[{"@type":"SearchAction","target":{"@type":"EntryPoint","urlTemplate":"https:\/\/mylionbattery.com\/?s={search_term_string}"},"query-input":{"@type":"PropertyValueSpecification","valueRequired":true,"valueName":"search_term_string"}}],"inLanguage":"es"},{"@type":"Organization","@id":"https:\/\/mylionbattery.com\/#organization","name":"Mylionbattery","url":"https:\/\/mylionbattery.com\/","logo":{"@type":"ImageObject","inLanguage":"es","@id":"https:\/\/mylionbattery.com\/#\/schema\/logo\/image\/","url":"http:\/\/mylionbattery.com\/wp-content\/uploads\/2024\/09\/\u767d\u5e95mylion-logo\u6b63\u65b9\u5f62.png","contentUrl":"http:\/\/mylionbattery.com\/wp-content\/uploads\/2024\/09\/\u767d\u5e95mylion-logo\u6b63\u65b9\u5f62.png","width":600,"height":600,"caption":"Mylionbattery"},"image":{"@id":"https:\/\/mylionbattery.com\/#\/schema\/logo\/image\/"}}]}},"_links":{"self":[{"href":"https:\/\/mylionbattery.com\/es\/wp-json\/wp\/v2\/product\/2181","targetHints":{"allow":["GET"]}}],"collection":[{"href":"https:\/\/mylionbattery.com\/es\/wp-json\/wp\/v2\/product"}],"about":[{"href":"https:\/\/mylionbattery.com\/es\/wp-json\/wp\/v2\/types\/product"}],"version-history":[{"count":1,"href":"https:\/\/mylionbattery.com\/es\/wp-json\/wp\/v2\/product\/2181\/revisions"}],"predecessor-version":[{"id":2194,"href":"https:\/\/mylionbattery.com\/es\/wp-json\/wp\/v2\/product\/2181\/revisions\/2194"}],"wp:featuredmedia":[{"embeddable":true,"href":"https:\/\/mylionbattery.com\/es\/wp-json\/wp\/v2\/media\/2182"}],"wp:attachment":[{"href":"https:\/\/mylionbattery.com\/es\/wp-json\/wp\/v2\/media?parent=2181"}],"wp:term":[{"taxonomy":"product_brand","embeddable":true,"href":"https:\/\/mylionbattery.com\/es\/wp-json\/wp\/v2\/product_brand?post=2181"},{"taxonomy":"product_cat","embeddable":true,"href":"https:\/\/mylionbattery.com\/es\/wp-json\/wp\/v2\/product_cat?post=2181"},{"taxonomy":"product_tag","embeddable":true,"href":"https:\/\/mylionbattery.com\/es\/wp-json\/wp\/v2\/product_tag?post=2181"}],"curies":[{"name":"wp","href":"https:\/\/api.w.org\/{rel}","templated":true}]}}