{"id":2486,"date":"2025-08-12T08:26:47","date_gmt":"2025-08-12T08:26:47","guid":{"rendered":"https:\/\/lightyellow-sardine-891901.hostingersite.com\/?post_type=product&#038;p=2486"},"modified":"2025-08-12T08:26:47","modified_gmt":"2025-08-12T08:26:47","slug":"12v-2a-multi-plug-power-adapter-suitable-for-cctv-cameras-led-lighting-routers-and-small-electronics","status":"publish","type":"product","link":"https:\/\/mylionbattery.com\/es\/producto\/12v-2a-multi-plug-power-adapter-suitable-for-cctv-cameras-led-lighting-routers-and-small-electronics\/","title":{"rendered":"Adaptador de corriente multienchufe de 12 V y 2 A, apto para c\u00e1maras CCTV, iluminaci\u00f3n LED, enrutadores y peque\u00f1os dispositivos electr\u00f3nicos."},"content":{"rendered":"<table style=\"height: 431px;\" width=\"1021\">\n<tbody>\n<tr>\n<td width=\"550\">Art\u00edculo<\/td>\n<td width=\"996\">Presupuesto<\/td>\n<\/tr>\n<tr>\n<td colspan=\"2\">Caracter\u00edsticas de entrada<\/td>\n<\/tr>\n<tr>\n<td>Voltaje de entrada<\/td>\n<td>100-240~,50\/60 Hz<\/td>\n<\/tr>\n<tr>\n<td colspan=\"2\">Caracter\u00edsticas de salida<\/td>\n<\/tr>\n<tr>\n<td>Voltaje m\u00e1ximo de salida<\/td>\n<td>12,6 V<\/td>\n<\/tr>\n<tr>\n<td>Corriente m\u00e1xima de salida<\/td>\n<td>2A<\/td>\n<\/tr>\n<tr>\n<td colspan=\"2\">Mecanismo de supervisi\u00f3n y protecci\u00f3n de la carga<\/td>\n<\/tr>\n<tr>\n<td>Protecci\u00f3n contra sobretensi\u00f3n<\/td>\n<td>S\u00ed<\/td>\n<\/tr>\n<tr>\n<td>Protecci\u00f3n de salida inversa<\/td>\n<td>S\u00ed<\/td>\n<\/tr>\n<tr>\n<td>CV CC<\/td>\n<td>S\u00ed<\/td>\n<\/tr>\n<tr>\n<td colspan=\"2\">Ambiente<\/td>\n<\/tr>\n<tr>\n<td>Temperatura de funcionamiento<\/td>\n<td>32-140 \u00b0F<\/td>\n<\/tr>\n<tr>\n<td>Temperatura de almacenamiento<\/td>\n<td>40-80 \u00b0F<\/td>\n<\/tr>\n<tr>\n<td>Operaci\u00f3n Humedad<\/td>\n<td>20-85%<\/td>\n<\/tr>\n<tr>\n<td>Humedad de almacenamiento<\/td>\n<td>10-95%<\/td>\n<\/tr>\n<\/tbody>\n<\/table>\n<p><img data-dominant-color=\"c7d4e4\" data-has-transparency=\"false\" style=\"--dominant-color: #c7d4e4;\" fetchpriority=\"high\" decoding=\"async\" class=\"alignnone size-full wp-image-2487 not-transparent\" src=\"http:\/\/mylionbattery.com\/wp-content\/uploads\/2025\/08\/12V2A_01.webp\" alt=\"\" width=\"1500\" height=\"1609\" srcset=\"https:\/\/mylionbattery.com\/wp-content\/uploads\/2025\/08\/12V2A_01.webp 1500w, https:\/\/mylionbattery.com\/wp-content\/uploads\/2025\/08\/12V2A_01-280x300.webp 280w, https:\/\/mylionbattery.com\/wp-content\/uploads\/2025\/08\/12V2A_01-955x1024.webp 955w, https:\/\/mylionbattery.com\/wp-content\/uploads\/2025\/08\/12V2A_01-768x824.webp 768w, https:\/\/mylionbattery.com\/wp-content\/uploads\/2025\/08\/12V2A_01-1432x1536.webp 1432w, https:\/\/mylionbattery.com\/wp-content\/uploads\/2025\/08\/12V2A_01-11x12.webp 11w, https:\/\/mylionbattery.com\/wp-content\/uploads\/2025\/08\/12V2A_01-600x644.webp 600w\" sizes=\"(max-width: 1500px) 100vw, 1500px\" \/> <img data-dominant-color=\"d8e6f0\" data-has-transparency=\"false\" style=\"--dominant-color: #d8e6f0;\" decoding=\"async\" class=\"alignnone size-full wp-image-2489 not-transparent\" src=\"http:\/\/mylionbattery.com\/wp-content\/uploads\/2025\/08\/12V2A_03.webp\" alt=\"\" width=\"1500\" height=\"2062\" srcset=\"https:\/\/mylionbattery.com\/wp-content\/uploads\/2025\/08\/12V2A_03.webp 1500w, https:\/\/mylionbattery.com\/wp-content\/uploads\/2025\/08\/12V2A_03-218x300.webp 218w, https:\/\/mylionbattery.com\/wp-content\/uploads\/2025\/08\/12V2A_03-745x1024.webp 745w, https:\/\/mylionbattery.com\/wp-content\/uploads\/2025\/08\/12V2A_03-768x1056.webp 768w, https:\/\/mylionbattery.com\/wp-content\/uploads\/2025\/08\/12V2A_03-1117x1536.webp 1117w, https:\/\/mylionbattery.com\/wp-content\/uploads\/2025\/08\/12V2A_03-1490x2048.webp 1490w, https:\/\/mylionbattery.com\/wp-content\/uploads\/2025\/08\/12V2A_03-9x12.webp 9w, https:\/\/mylionbattery.com\/wp-content\/uploads\/2025\/08\/12V2A_03-600x825.webp 600w\" sizes=\"(max-width: 1500px) 100vw, 1500px\" \/> <img data-dominant-color=\"e0e9f2\" data-has-transparency=\"false\" style=\"--dominant-color: #e0e9f2;\" decoding=\"async\" class=\"alignnone size-full wp-image-2490 not-transparent\" src=\"http:\/\/mylionbattery.com\/wp-content\/uploads\/2025\/08\/12V2A_04.webp\" alt=\"\" width=\"1500\" height=\"1625\" srcset=\"https:\/\/mylionbattery.com\/wp-content\/uploads\/2025\/08\/12V2A_04.webp 1500w, https:\/\/mylionbattery.com\/wp-content\/uploads\/2025\/08\/12V2A_04-277x300.webp 277w, https:\/\/mylionbattery.com\/wp-content\/uploads\/2025\/08\/12V2A_04-945x1024.webp 945w, https:\/\/mylionbattery.com\/wp-content\/uploads\/2025\/08\/12V2A_04-768x832.webp 768w, https:\/\/mylionbattery.com\/wp-content\/uploads\/2025\/08\/12V2A_04-1418x1536.webp 1418w, https:\/\/mylionbattery.com\/wp-content\/uploads\/2025\/08\/12V2A_04-11x12.webp 11w, https:\/\/mylionbattery.com\/wp-content\/uploads\/2025\/08\/12V2A_04-600x650.webp 600w\" sizes=\"(max-width: 1500px) 100vw, 1500px\" \/> <img data-dominant-color=\"d2dfec\" data-has-transparency=\"false\" style=\"--dominant-color: #d2dfec;\" loading=\"lazy\" decoding=\"async\" class=\"alignnone size-full wp-image-2491 not-transparent\" src=\"http:\/\/mylionbattery.com\/wp-content\/uploads\/2025\/08\/12V2A_05.webp\" alt=\"\" width=\"1500\" height=\"1090\" srcset=\"https:\/\/mylionbattery.com\/wp-content\/uploads\/2025\/08\/12V2A_05.webp 1500w, https:\/\/mylionbattery.com\/wp-content\/uploads\/2025\/08\/12V2A_05-300x218.webp 300w, https:\/\/mylionbattery.com\/wp-content\/uploads\/2025\/08\/12V2A_05-1024x744.webp 1024w, https:\/\/mylionbattery.com\/wp-content\/uploads\/2025\/08\/12V2A_05-768x558.webp 768w, https:\/\/mylionbattery.com\/wp-content\/uploads\/2025\/08\/12V2A_05-18x12.webp 18w, https:\/\/mylionbattery.com\/wp-content\/uploads\/2025\/08\/12V2A_05-600x436.webp 600w\" sizes=\"(max-width: 1500px) 100vw, 1500px\" \/><\/p>","protected":false},"excerpt":{"rendered":"<p>Presupuesto:<\/p>\n<p>Voltaje y corriente de salida: 12 V 2 A<\/p>\n<p>Material: PC + carcasa ign\u00edfuga ABS<\/p>\n<p>Voltaje de entrada: 110 V\u2013240 V CA (uso global)<\/p>\n<p>Opciones de conector de salida: DC5525, DC5521, DC5515, otros<\/p>\n<p>Color: Negro\/Blanco<\/p>","protected":false},"featured_media":2492,"template":"","meta":[],"product_brand":[],"product_cat":[115],"product_tag":[],"class_list":{"0":"post-2486","1":"product","2":"type-product","3":"status-publish","4":"has-post-thumbnail","6":"product_cat-charger-adapter","8":"first","9":"instock","10":"shipping-taxable","11":"product-type-simple"},"yoast_head":"<!-- This site is optimized with the Yoast SEO plugin v26.1.1 - https:\/\/yoast.com\/wordpress\/plugins\/seo\/ -->\n<title>12V 2A Multi Plug Power Adapter Suitable for CCTV Cameras LED Lighting Routers and Small Electronics - mylionbattery<\/title>\n<meta name=\"description\" content=\"Discover Mylion Battery&#039;s innovative battery solutions, including mini UPS systems and lithium-ion batteries. Offering high-quality, customizable products designed with advanced technology to deliver exceptional performance and reliability for global markets.\" \/>\n<meta name=\"robots\" content=\"index, follow, max-snippet:-1, max-image-preview:large, max-video-preview:-1\" \/>\n<link rel=\"canonical\" href=\"https:\/\/mylionbattery.com\/es\/prodotto\/12v-2a-multi-plug-power-adapter-suitable-for-cctv-cameras-led-lighting-routers-and-small-electronics\/\" \/>\n<meta property=\"og:locale\" content=\"es_ES\" \/>\n<meta property=\"og:type\" content=\"article\" \/>\n<meta property=\"og:title\" content=\"12V 2A Multi Plug Power Adapter Suitable for CCTV Cameras LED Lighting Routers and Small Electronics - mylionbattery\" \/>\n<meta property=\"og:description\" content=\"Discover Mylion Battery&#039;s innovative battery solutions, including mini UPS systems and lithium-ion batteries. Offering high-quality, customizable products designed with advanced technology to deliver exceptional performance and reliability for global markets.\" \/>\n<meta property=\"og:url\" content=\"https:\/\/mylionbattery.com\/es\/prodotto\/12v-2a-multi-plug-power-adapter-suitable-for-cctv-cameras-led-lighting-routers-and-small-electronics\/\" \/>\n<meta property=\"og:site_name\" content=\"mylionbattery\" \/>\n<meta property=\"og:image\" content=\"https:\/\/mylionbattery.com\/wp-content\/uploads\/2025\/08\/5-1.webp\" \/>\n\t<meta property=\"og:image:width\" content=\"1000\" \/>\n\t<meta property=\"og:image:height\" content=\"1000\" \/>\n\t<meta property=\"og:image:type\" content=\"image\/jpeg\" \/>\n<meta name=\"twitter:card\" content=\"summary_large_image\" \/>\n<meta name=\"twitter:label1\" content=\"Tiempo de lectura\" \/>\n\t<meta name=\"twitter:data1\" content=\"2 minutos\" \/>\n<script type=\"application\/ld+json\" class=\"yoast-schema-graph\">{\"@context\":\"https:\/\/schema.org\",\"@graph\":[{\"@type\":\"WebPage\",\"@id\":\"https:\/\/mylionbattery.com\/it\/prodotto\/12v-2a-multi-plug-power-adapter-suitable-for-cctv-cameras-led-lighting-routers-and-small-electronics\/\",\"url\":\"https:\/\/mylionbattery.com\/it\/prodotto\/12v-2a-multi-plug-power-adapter-suitable-for-cctv-cameras-led-lighting-routers-and-small-electronics\/\",\"name\":\"12V 2A Multi Plug Power Adapter Suitable for CCTV Cameras LED Lighting Routers and Small Electronics - mylionbattery\",\"isPartOf\":{\"@id\":\"https:\/\/mylionbattery.com\/#website\"},\"primaryImageOfPage\":{\"@id\":\"https:\/\/mylionbattery.com\/it\/prodotto\/12v-2a-multi-plug-power-adapter-suitable-for-cctv-cameras-led-lighting-routers-and-small-electronics\/#primaryimage\"},\"image\":{\"@id\":\"https:\/\/mylionbattery.com\/it\/prodotto\/12v-2a-multi-plug-power-adapter-suitable-for-cctv-cameras-led-lighting-routers-and-small-electronics\/#primaryimage\"},\"thumbnailUrl\":\"https:\/\/mylionbattery.com\/wp-content\/uploads\/2025\/08\/5-1.webp\",\"datePublished\":\"2025-08-12T08:26:47+00:00\",\"description\":\"Discover Mylion Battery's innovative battery solutions, including mini UPS systems and lithium-ion batteries. Offering high-quality, customizable products designed with advanced technology to deliver exceptional performance and reliability for global markets.\",\"breadcrumb\":{\"@id\":\"https:\/\/mylionbattery.com\/it\/prodotto\/12v-2a-multi-plug-power-adapter-suitable-for-cctv-cameras-led-lighting-routers-and-small-electronics\/#breadcrumb\"},\"inLanguage\":\"es\",\"potentialAction\":[{\"@type\":\"ReadAction\",\"target\":[\"https:\/\/mylionbattery.com\/it\/prodotto\/12v-2a-multi-plug-power-adapter-suitable-for-cctv-cameras-led-lighting-routers-and-small-electronics\/\"]}]},{\"@type\":\"ImageObject\",\"inLanguage\":\"es\",\"@id\":\"https:\/\/mylionbattery.com\/it\/prodotto\/12v-2a-multi-plug-power-adapter-suitable-for-cctv-cameras-led-lighting-routers-and-small-electronics\/#primaryimage\",\"url\":\"https:\/\/mylionbattery.com\/wp-content\/uploads\/2025\/08\/5-1.webp\",\"contentUrl\":\"https:\/\/mylionbattery.com\/wp-content\/uploads\/2025\/08\/5-1.webp\",\"width\":1000,\"height\":1000},{\"@type\":\"BreadcrumbList\",\"@id\":\"https:\/\/mylionbattery.com\/it\/prodotto\/12v-2a-multi-plug-power-adapter-suitable-for-cctv-cameras-led-lighting-routers-and-small-electronics\/#breadcrumb\",\"itemListElement\":[{\"@type\":\"ListItem\",\"position\":1,\"name\":\"\u9996\u9875\",\"item\":\"https:\/\/mylionbattery.com\/\"},{\"@type\":\"ListItem\",\"position\":2,\"name\":\"Products\",\"item\":\"https:\/\/mylionbattery.com\/products\/\"},{\"@type\":\"ListItem\",\"position\":3,\"name\":\"12V 2A Multi Plug Power Adapter Suitable for CCTV Cameras LED Lighting Routers and Small Electronics\"}]},{\"@type\":\"WebSite\",\"@id\":\"https:\/\/mylionbattery.com\/#website\",\"url\":\"https:\/\/mylionbattery.com\/\",\"name\":\"Mylionbattery\",\"description\":\"mylionbattery\",\"publisher\":{\"@id\":\"https:\/\/mylionbattery.com\/#organization\"},\"potentialAction\":[{\"@type\":\"SearchAction\",\"target\":{\"@type\":\"EntryPoint\",\"urlTemplate\":\"https:\/\/mylionbattery.com\/?s={search_term_string}\"},\"query-input\":{\"@type\":\"PropertyValueSpecification\",\"valueRequired\":true,\"valueName\":\"search_term_string\"}}],\"inLanguage\":\"es\"},{\"@type\":\"Organization\",\"@id\":\"https:\/\/mylionbattery.com\/#organization\",\"name\":\"Mylionbattery\",\"url\":\"https:\/\/mylionbattery.com\/\",\"logo\":{\"@type\":\"ImageObject\",\"inLanguage\":\"es\",\"@id\":\"https:\/\/mylionbattery.com\/#\/schema\/logo\/image\/\",\"url\":\"http:\/\/mylionbattery.com\/wp-content\/uploads\/2024\/09\/\u767d\u5e95mylion-logo\u6b63\u65b9\u5f62.png\",\"contentUrl\":\"http:\/\/mylionbattery.com\/wp-content\/uploads\/2024\/09\/\u767d\u5e95mylion-logo\u6b63\u65b9\u5f62.png\",\"width\":600,\"height\":600,\"caption\":\"Mylionbattery\"},\"image\":{\"@id\":\"https:\/\/mylionbattery.com\/#\/schema\/logo\/image\/\"}}]}<\/script>\n<!-- \/ Yoast SEO plugin. -->","yoast_head_json":{"title":"12V 2A Multi Plug Power Adapter Suitable for CCTV Cameras LED Lighting Routers and Small Electronics - mylionbattery","description":"Discover Mylion Battery's innovative battery solutions, including mini UPS systems and lithium-ion batteries. Offering high-quality, customizable products designed with advanced technology to deliver exceptional performance and reliability for global markets.","robots":{"index":"index","follow":"follow","max-snippet":"max-snippet:-1","max-image-preview":"max-image-preview:large","max-video-preview":"max-video-preview:-1"},"canonical":"https:\/\/mylionbattery.com\/es\/prodotto\/12v-2a-multi-plug-power-adapter-suitable-for-cctv-cameras-led-lighting-routers-and-small-electronics\/","og_locale":"es_ES","og_type":"article","og_title":"12V 2A Multi Plug Power Adapter Suitable for CCTV Cameras LED Lighting Routers and Small Electronics - mylionbattery","og_description":"Discover Mylion Battery's innovative battery solutions, including mini UPS systems and lithium-ion batteries. Offering high-quality, customizable products designed with advanced technology to deliver exceptional performance and reliability for global markets.","og_url":"https:\/\/mylionbattery.com\/es\/prodotto\/12v-2a-multi-plug-power-adapter-suitable-for-cctv-cameras-led-lighting-routers-and-small-electronics\/","og_site_name":"mylionbattery","og_image":[{"width":1000,"height":1000,"url":"https:\/\/mylionbattery.com\/wp-content\/uploads\/2025\/08\/5-1.webp","type":"image\/jpeg"}],"twitter_card":"summary_large_image","twitter_misc":{"Tiempo de lectura":"2 minutos"},"schema":{"@context":"https:\/\/schema.org","@graph":[{"@type":"WebPage","@id":"https:\/\/mylionbattery.com\/it\/prodotto\/12v-2a-multi-plug-power-adapter-suitable-for-cctv-cameras-led-lighting-routers-and-small-electronics\/","url":"https:\/\/mylionbattery.com\/it\/prodotto\/12v-2a-multi-plug-power-adapter-suitable-for-cctv-cameras-led-lighting-routers-and-small-electronics\/","name":"12V 2A Multi Plug Power Adapter Suitable for CCTV Cameras LED Lighting Routers and Small Electronics - mylionbattery","isPartOf":{"@id":"https:\/\/mylionbattery.com\/#website"},"primaryImageOfPage":{"@id":"https:\/\/mylionbattery.com\/it\/prodotto\/12v-2a-multi-plug-power-adapter-suitable-for-cctv-cameras-led-lighting-routers-and-small-electronics\/#primaryimage"},"image":{"@id":"https:\/\/mylionbattery.com\/it\/prodotto\/12v-2a-multi-plug-power-adapter-suitable-for-cctv-cameras-led-lighting-routers-and-small-electronics\/#primaryimage"},"thumbnailUrl":"https:\/\/mylionbattery.com\/wp-content\/uploads\/2025\/08\/5-1.webp","datePublished":"2025-08-12T08:26:47+00:00","description":"Discover Mylion Battery's innovative battery solutions, including mini UPS systems and lithium-ion batteries. Offering high-quality, customizable products designed with advanced technology to deliver exceptional performance and reliability for global markets.","breadcrumb":{"@id":"https:\/\/mylionbattery.com\/it\/prodotto\/12v-2a-multi-plug-power-adapter-suitable-for-cctv-cameras-led-lighting-routers-and-small-electronics\/#breadcrumb"},"inLanguage":"es","potentialAction":[{"@type":"ReadAction","target":["https:\/\/mylionbattery.com\/it\/prodotto\/12v-2a-multi-plug-power-adapter-suitable-for-cctv-cameras-led-lighting-routers-and-small-electronics\/"]}]},{"@type":"ImageObject","inLanguage":"es","@id":"https:\/\/mylionbattery.com\/it\/prodotto\/12v-2a-multi-plug-power-adapter-suitable-for-cctv-cameras-led-lighting-routers-and-small-electronics\/#primaryimage","url":"https:\/\/mylionbattery.com\/wp-content\/uploads\/2025\/08\/5-1.webp","contentUrl":"https:\/\/mylionbattery.com\/wp-content\/uploads\/2025\/08\/5-1.webp","width":1000,"height":1000},{"@type":"BreadcrumbList","@id":"https:\/\/mylionbattery.com\/it\/prodotto\/12v-2a-multi-plug-power-adapter-suitable-for-cctv-cameras-led-lighting-routers-and-small-electronics\/#breadcrumb","itemListElement":[{"@type":"ListItem","position":1,"name":"\u9996\u9875","item":"https:\/\/mylionbattery.com\/"},{"@type":"ListItem","position":2,"name":"Products","item":"https:\/\/mylionbattery.com\/products\/"},{"@type":"ListItem","position":3,"name":"12V 2A Multi Plug Power Adapter Suitable for CCTV Cameras LED Lighting Routers and Small Electronics"}]},{"@type":"WebSite","@id":"https:\/\/mylionbattery.com\/#website","url":"https:\/\/mylionbattery.com\/","name":"Mylionbattery","description":"mylionbattery","publisher":{"@id":"https:\/\/mylionbattery.com\/#organization"},"potentialAction":[{"@type":"SearchAction","target":{"@type":"EntryPoint","urlTemplate":"https:\/\/mylionbattery.com\/?s={search_term_string}"},"query-input":{"@type":"PropertyValueSpecification","valueRequired":true,"valueName":"search_term_string"}}],"inLanguage":"es"},{"@type":"Organization","@id":"https:\/\/mylionbattery.com\/#organization","name":"Mylionbattery","url":"https:\/\/mylionbattery.com\/","logo":{"@type":"ImageObject","inLanguage":"es","@id":"https:\/\/mylionbattery.com\/#\/schema\/logo\/image\/","url":"http:\/\/mylionbattery.com\/wp-content\/uploads\/2024\/09\/\u767d\u5e95mylion-logo\u6b63\u65b9\u5f62.png","contentUrl":"http:\/\/mylionbattery.com\/wp-content\/uploads\/2024\/09\/\u767d\u5e95mylion-logo\u6b63\u65b9\u5f62.png","width":600,"height":600,"caption":"Mylionbattery"},"image":{"@id":"https:\/\/mylionbattery.com\/#\/schema\/logo\/image\/"}}]}},"_links":{"self":[{"href":"https:\/\/mylionbattery.com\/es\/wp-json\/wp\/v2\/product\/2486","targetHints":{"allow":["GET"]}}],"collection":[{"href":"https:\/\/mylionbattery.com\/es\/wp-json\/wp\/v2\/product"}],"about":[{"href":"https:\/\/mylionbattery.com\/es\/wp-json\/wp\/v2\/types\/product"}],"version-history":[{"count":1,"href":"https:\/\/mylionbattery.com\/es\/wp-json\/wp\/v2\/product\/2486\/revisions"}],"predecessor-version":[{"id":2497,"href":"https:\/\/mylionbattery.com\/es\/wp-json\/wp\/v2\/product\/2486\/revisions\/2497"}],"wp:featuredmedia":[{"embeddable":true,"href":"https:\/\/mylionbattery.com\/es\/wp-json\/wp\/v2\/media\/2492"}],"wp:attachment":[{"href":"https:\/\/mylionbattery.com\/es\/wp-json\/wp\/v2\/media?parent=2486"}],"wp:term":[{"taxonomy":"product_brand","embeddable":true,"href":"https:\/\/mylionbattery.com\/es\/wp-json\/wp\/v2\/product_brand?post=2486"},{"taxonomy":"product_cat","embeddable":true,"href":"https:\/\/mylionbattery.com\/es\/wp-json\/wp\/v2\/product_cat?post=2486"},{"taxonomy":"product_tag","embeddable":true,"href":"https:\/\/mylionbattery.com\/es\/wp-json\/wp\/v2\/product_tag?post=2486"}],"curies":[{"name":"wp","href":"https:\/\/api.w.org\/{rel}","templated":true}]}}