{"id":567,"date":"2024-09-10T13:54:05","date_gmt":"2024-09-10T13:54:05","guid":{"rendered":"https:\/\/lightyellow-sardine-891901.hostingersite.com\/?post_type=product&#038;p=567"},"modified":"2024-09-10T23:57:48","modified_gmt":"2024-09-10T23:57:48","slug":"mylion-lfp72v-100ah-130ah-150ah-lifepo4-power-battery-lithium-iron-phosphate-batteries-for-electric-vehicle","status":"publish","type":"product","link":"https:\/\/mylionbattery.com\/es\/producto\/mylion-lfp72v-100ah-130ah-150ah-lifepo4-power-battery-lithium-iron-phosphate-batteries-for-electric-vehicle\/","title":{"rendered":"Bater\u00eda de litio LiFePO4 Mylion LFP72V de 100 Ah, 130 Ah y 150 Ah"},"content":{"rendered":"<p>Bater\u00eda de fosfato de hierro y litio Mylion LFP72V 100 Ah 130 Ah 150 Ah LiFePO4 para veh\u00edculos el\u00e9ctricos<\/p>\n<table width=\"999\">\n<tbody>\n<tr>\n<td width=\"211\">Nombre del producto<\/td>\n<td width=\"207\">Modelo ML-LF-72100<\/td>\n<td width=\"207\">Modelo ML-LF-72130<\/td>\n<td width=\"207\">Modelo ML-LF-72150<\/td>\n<\/tr>\n<tr>\n<td>Nombre del estilo<\/td>\n<td>72 V 100 Ah<\/td>\n<td>72 V 130 Ah<\/td>\n<td>72 V 150 Ah<\/td>\n<\/tr>\n<tr>\n<td>Capacidad normal<\/td>\n<td>7,2 kWh<\/td>\n<td>9,36 kWh<\/td>\n<td>10,8 kWh<\/td>\n<\/tr>\n<tr>\n<td>Voltaje est\u00e1ndar<\/td>\n<td>73,6 V<\/td>\n<td>73,6 V<\/td>\n<td>73,6 V<\/td>\n<\/tr>\n<tr>\n<td>Voltaje m\u00e1ximo de carga<\/td>\n<td>84 V<\/td>\n<td>84 V<\/td>\n<td>84 V<\/td>\n<\/tr>\n<tr>\n<td>Corriente de descarga est\u00e1ndar<\/td>\n<td>100A<\/td>\n<td>130A<\/td>\n<td>150A<\/td>\n<\/tr>\n<tr>\n<td>Corriente m\u00e1xima de descarga de pulso<\/td>\n<td>200A<\/td>\n<td>260A<\/td>\n<td>300A<\/td>\n<\/tr>\n<tr>\n<td>Material de la c\u00e9lula<\/td>\n<td>Bater\u00eda de litio de 23 s (LiFePO4)<\/td>\n<td>Bater\u00eda de litio de 23 s (LiFePO4)<\/td>\n<td>Bater\u00eda de litio de 23 s (LiFePO4)<\/td>\n<\/tr>\n<tr>\n<td>Utilice la potencia del motor<\/td>\n<td>1500-4000 W<\/td>\n<td>1500-4000 W<\/td>\n<td>1500-5000 W<\/td>\n<\/tr>\n<tr>\n<td>Terminal<\/td>\n<td colspan=\"3\">Tap\u00f3n Anderson o personalizado<\/td>\n<\/tr>\n<tr>\n<td>Material de la carcasa<\/td>\n<td colspan=\"3\">Carcasa de metal negro<\/td>\n<\/tr>\n<tr>\n<td>Dimensiones de la bater\u00eda (mm)<\/td>\n<td>453*276*240 mil\u00edmetros<\/td>\n<td>565*276*240 mil\u00edmetros<\/td>\n<td>680*276*240 mil\u00edmetros<\/td>\n<\/tr>\n<tr>\n<td>Peso<\/td>\n<td>Aprox. 65 kg<\/td>\n<td>Aprox. 75 kg<\/td>\n<td>Aplicaci\u00f3n 100 kg<\/td>\n<\/tr>\n<tr>\n<td>Solicitud<\/td>\n<td colspan=\"3\" width=\"621\">Sistema de potencia del motor, AGV, veh\u00edculo el\u00e9ctrico, bicicleta el\u00e9ctrica, coche el\u00e9ctrico, coche de golf, etc.<\/td>\n<\/tr>\n<tr>\n<td>Paquete<\/td>\n<td width=\"207\">1 unidad en una caja de cart\u00f3n de aproximadamente 66 kg\/caja<\/td>\n<td width=\"207\">1 unidad en una caja de cart\u00f3n de aproximadamente 76 kg\/caja<\/td>\n<td width=\"207\">1 unidad en una caja de aproximadamente 101 kg\/caja<\/td>\n<\/tr>\n<tr>\n<td>Garant\u00eda<\/td>\n<td>12 meses<\/td>\n<td>12 meses<\/td>\n<td>12 meses<\/td>\n<\/tr>\n<\/tbody>\n<\/table>\n<p><img fetchpriority=\"high\" class=\"aligncenter size-full wp-image-7317\" alt=\"\" width=\"800\" height=\"1039\" data-lazy-srcset=\"https:\/\/myliontech.com\/wp-content\/uploads\/2022\/06\/72V100Ah-battery-8.jpg 800w, https:\/\/myliontech.com\/wp-content\/uploads\/2022\/06\/72V100Ah-battery-8-600x779.jpg 600w, https:\/\/myliontech.com\/wp-content\/uploads\/2022\/06\/72V100Ah-battery-8-231x300.jpg 231w, https:\/\/myliontech.com\/wp-content\/uploads\/2022\/06\/72V100Ah-battery-8-788x1024.jpg 788w, https:\/\/myliontech.com\/wp-content\/uploads\/2022\/06\/72V100Ah-battery-8-768x997.jpg 768w\" data-lazy-sizes=\"(max-width: 800px) 100vw, 800px\" data-lazy-src=\"https:\/\/myliontech.com\/wp-content\/uploads\/2022\/06\/72V100Ah-battery-8.jpg\" \/><\/p>\n<p><img class=\"aligncenter size-full wp-image-7318\" alt=\"\" width=\"800\" height=\"1039\" data-lazy-srcset=\"https:\/\/myliontech.com\/wp-content\/uploads\/2022\/06\/72V130Ah-battery-8.jpg 800w, https:\/\/myliontech.com\/wp-content\/uploads\/2022\/06\/72V130Ah-battery-8-600x779.jpg 600w, https:\/\/myliontech.com\/wp-content\/uploads\/2022\/06\/72V130Ah-battery-8-231x300.jpg 231w, https:\/\/myliontech.com\/wp-content\/uploads\/2022\/06\/72V130Ah-battery-8-788x1024.jpg 788w, https:\/\/myliontech.com\/wp-content\/uploads\/2022\/06\/72V130Ah-battery-8-768x997.jpg 768w\" data-lazy-sizes=\"(max-width: 800px) 100vw, 800px\" data-lazy-src=\"https:\/\/myliontech.com\/wp-content\/uploads\/2022\/06\/72V130Ah-battery-8.jpg\" \/><img class=\"aligncenter size-full wp-image-7319\" alt=\"\" width=\"800\" height=\"1038\" data-lazy-srcset=\"https:\/\/myliontech.com\/wp-content\/uploads\/2022\/06\/72V150Ah-battery-8.jpg 800w, https:\/\/myliontech.com\/wp-content\/uploads\/2022\/06\/72V150Ah-battery-8-600x779.jpg 600w, https:\/\/myliontech.com\/wp-content\/uploads\/2022\/06\/72V150Ah-battery-8-231x300.jpg 231w, https:\/\/myliontech.com\/wp-content\/uploads\/2022\/06\/72V150Ah-battery-8-789x1024.jpg 789w, https:\/\/myliontech.com\/wp-content\/uploads\/2022\/06\/72V150Ah-battery-8-768x996.jpg 768w\" data-lazy-sizes=\"(max-width: 800px) 100vw, 800px\" data-lazy-src=\"https:\/\/myliontech.com\/wp-content\/uploads\/2022\/06\/72V150Ah-battery-8.jpg\" \/><img loading=\"lazy\" class=\"aligncenter size-full wp-image-7311\" alt=\"\" width=\"800\" height=\"1751\" data-lazy-srcset=\"https:\/\/myliontech.com\/wp-content\/uploads\/2022\/06\/72V100Ah-battery-2.jpg 800w, https:\/\/myliontech.com\/wp-content\/uploads\/2022\/06\/72V100Ah-battery-2-600x1313.jpg 600w, https:\/\/myliontech.com\/wp-content\/uploads\/2022\/06\/72V100Ah-battery-2-137x300.jpg 137w, https:\/\/myliontech.com\/wp-content\/uploads\/2022\/06\/72V100Ah-battery-2-468x1024.jpg 468w, https:\/\/myliontech.com\/wp-content\/uploads\/2022\/06\/72V100Ah-battery-2-768x1681.jpg 768w, https:\/\/myliontech.com\/wp-content\/uploads\/2022\/06\/72V100Ah-battery-2-702x1536.jpg 702w\" data-lazy-sizes=\"(max-width: 800px) 100vw, 800px\" data-lazy-src=\"https:\/\/myliontech.com\/wp-content\/uploads\/2022\/06\/72V100Ah-battery-2.jpg\" \/><img loading=\"lazy\" decoding=\"async\" class=\"aligncenter size-full wp-image-7312 entered lazyloaded\" src=\"https:\/\/myliontech.com\/wp-content\/uploads\/2022\/06\/72V100Ah-battery-3.jpg\" sizes=\"(max-width: 800px) 100vw, 800px\" srcset=\"https:\/\/myliontech.com\/wp-content\/uploads\/2022\/06\/72V100Ah-battery-3.jpg 800w, https:\/\/myliontech.com\/wp-content\/uploads\/2022\/06\/72V100Ah-battery-3-600x1360.jpg 600w, https:\/\/myliontech.com\/wp-content\/uploads\/2022\/06\/72V100Ah-battery-3-132x300.jpg 132w, https:\/\/myliontech.com\/wp-content\/uploads\/2022\/06\/72V100Ah-battery-3-452x1024.jpg 452w, https:\/\/myliontech.com\/wp-content\/uploads\/2022\/06\/72V100Ah-battery-3-768x1740.jpg 768w, https:\/\/myliontech.com\/wp-content\/uploads\/2022\/06\/72V100Ah-battery-3-678x1536.jpg 678w\" alt=\"\" width=\"800\" height=\"1813\" data-lazy-srcset=\"https:\/\/myliontech.com\/wp-content\/uploads\/2022\/06\/72V100Ah-battery-3.jpg 800w, https:\/\/myliontech.com\/wp-content\/uploads\/2022\/06\/72V100Ah-battery-3-600x1360.jpg 600w, https:\/\/myliontech.com\/wp-content\/uploads\/2022\/06\/72V100Ah-battery-3-132x300.jpg 132w, https:\/\/myliontech.com\/wp-content\/uploads\/2022\/06\/72V100Ah-battery-3-452x1024.jpg 452w, https:\/\/myliontech.com\/wp-content\/uploads\/2022\/06\/72V100Ah-battery-3-768x1740.jpg 768w, https:\/\/myliontech.com\/wp-content\/uploads\/2022\/06\/72V100Ah-battery-3-678x1536.jpg 678w\" data-lazy-sizes=\"(max-width: 800px) 100vw, 800px\" data-lazy-src=\"https:\/\/myliontech.com\/wp-content\/uploads\/2022\/06\/72V100Ah-battery-3.jpg\" data-ll-status=\"loaded\" \/><img loading=\"lazy\" decoding=\"async\" class=\"aligncenter size-full wp-image-7313 entered lazyloaded\" src=\"https:\/\/myliontech.com\/wp-content\/uploads\/2022\/06\/72V100Ah-battery-4.jpg\" sizes=\"(max-width: 800px) 100vw, 800px\" srcset=\"https:\/\/myliontech.com\/wp-content\/uploads\/2022\/06\/72V100Ah-battery-4.jpg 800w, https:\/\/myliontech.com\/wp-content\/uploads\/2022\/06\/72V100Ah-battery-4-600x1552.jpg 600w, https:\/\/myliontech.com\/wp-content\/uploads\/2022\/06\/72V100Ah-battery-4-116x300.jpg 116w, https:\/\/myliontech.com\/wp-content\/uploads\/2022\/06\/72V100Ah-battery-4-396x1024.jpg 396w, https:\/\/myliontech.com\/wp-content\/uploads\/2022\/06\/72V100Ah-battery-4-768x1986.jpg 768w, https:\/\/myliontech.com\/wp-content\/uploads\/2022\/06\/72V100Ah-battery-4-594x1536.jpg 594w, https:\/\/myliontech.com\/wp-content\/uploads\/2022\/06\/72V100Ah-battery-4-792x2048.jpg 792w\" alt=\"\" width=\"800\" height=\"2069\" data-lazy-srcset=\"https:\/\/myliontech.com\/wp-content\/uploads\/2022\/06\/72V100Ah-battery-4.jpg 800w, https:\/\/myliontech.com\/wp-content\/uploads\/2022\/06\/72V100Ah-battery-4-600x1552.jpg 600w, https:\/\/myliontech.com\/wp-content\/uploads\/2022\/06\/72V100Ah-battery-4-116x300.jpg 116w, https:\/\/myliontech.com\/wp-content\/uploads\/2022\/06\/72V100Ah-battery-4-396x1024.jpg 396w, https:\/\/myliontech.com\/wp-content\/uploads\/2022\/06\/72V100Ah-battery-4-768x1986.jpg 768w, https:\/\/myliontech.com\/wp-content\/uploads\/2022\/06\/72V100Ah-battery-4-594x1536.jpg 594w, https:\/\/myliontech.com\/wp-content\/uploads\/2022\/06\/72V100Ah-battery-4-792x2048.jpg 792w\" data-lazy-sizes=\"(max-width: 800px) 100vw, 800px\" data-lazy-src=\"https:\/\/myliontech.com\/wp-content\/uploads\/2022\/06\/72V100Ah-battery-4.jpg\" data-ll-status=\"loaded\" \/><img loading=\"lazy\" class=\"aligncenter size-full wp-image-7314 entered exited\" alt=\"\" width=\"800\" height=\"1110\" data-lazy-srcset=\"https:\/\/myliontech.com\/wp-content\/uploads\/2022\/06\/72V100Ah-battery-5.jpg 800w, https:\/\/myliontech.com\/wp-content\/uploads\/2022\/06\/72V100Ah-battery-5-600x833.jpg 600w, https:\/\/myliontech.com\/wp-content\/uploads\/2022\/06\/72V100Ah-battery-5-216x300.jpg 216w, https:\/\/myliontech.com\/wp-content\/uploads\/2022\/06\/72V100Ah-battery-5-738x1024.jpg 738w, https:\/\/myliontech.com\/wp-content\/uploads\/2022\/06\/72V100Ah-battery-5-768x1066.jpg 768w\" data-lazy-sizes=\"(max-width: 800px) 100vw, 800px\" data-lazy-src=\"https:\/\/myliontech.com\/wp-content\/uploads\/2022\/06\/72V100Ah-battery-5.jpg\" \/><img loading=\"lazy\" class=\"aligncenter size-full wp-image-7315 entered exited\" alt=\"\" width=\"805\" height=\"2560\" data-lazy-srcset=\"https:\/\/myliontech.com\/wp-content\/uploads\/2022\/06\/72V100Ah-battery-6-scaled.jpg 805w, https:\/\/myliontech.com\/wp-content\/uploads\/2022\/06\/72V100Ah-battery-6-600x1909.jpg 600w, https:\/\/myliontech.com\/wp-content\/uploads\/2022\/06\/72V100Ah-battery-6-94x300.jpg 94w, https:\/\/myliontech.com\/wp-content\/uploads\/2022\/06\/72V100Ah-battery-6-322x1024.jpg 322w, https:\/\/myliontech.com\/wp-content\/uploads\/2022\/06\/72V100Ah-battery-6-483x1536.jpg 483w, https:\/\/myliontech.com\/wp-content\/uploads\/2022\/06\/72V100Ah-battery-6-644x2048.jpg 644w\" data-lazy-sizes=\"(max-width: 805px) 100vw, 805px\" data-lazy-src=\"https:\/\/myliontech.com\/wp-content\/uploads\/2022\/06\/72V100Ah-battery-6-scaled.jpg\" \/><img loading=\"lazy\" decoding=\"async\" class=\"aligncenter size-full wp-image-7316 entered lazyloaded\" src=\"https:\/\/myliontech.com\/wp-content\/uploads\/2022\/06\/72V100Ah-battery-7.jpg\" sizes=\"(max-width: 800px) 100vw, 800px\" srcset=\"https:\/\/myliontech.com\/wp-content\/uploads\/2022\/06\/72V100Ah-battery-7.jpg 800w, https:\/\/myliontech.com\/wp-content\/uploads\/2022\/06\/72V100Ah-battery-7-600x1127.jpg 600w, https:\/\/myliontech.com\/wp-content\/uploads\/2022\/06\/72V100Ah-battery-7-160x300.jpg 160w, https:\/\/myliontech.com\/wp-content\/uploads\/2022\/06\/72V100Ah-battery-7-545x1024.jpg 545w, https:\/\/myliontech.com\/wp-content\/uploads\/2022\/06\/72V100Ah-battery-7-768x1443.jpg 768w\" alt=\"\" width=\"800\" height=\"1503\" data-lazy-srcset=\"https:\/\/myliontech.com\/wp-content\/uploads\/2022\/06\/72V100Ah-battery-7.jpg 800w, https:\/\/myliontech.com\/wp-content\/uploads\/2022\/06\/72V100Ah-battery-7-600x1127.jpg 600w, https:\/\/myliontech.com\/wp-content\/uploads\/2022\/06\/72V100Ah-battery-7-160x300.jpg 160w, https:\/\/myliontech.com\/wp-content\/uploads\/2022\/06\/72V100Ah-battery-7-545x1024.jpg 545w, https:\/\/myliontech.com\/wp-content\/uploads\/2022\/06\/72V100Ah-battery-7-768x1443.jpg 768w\" data-lazy-sizes=\"(max-width: 800px) 100vw, 800px\" data-lazy-src=\"https:\/\/myliontech.com\/wp-content\/uploads\/2022\/06\/72V100Ah-battery-7.jpg\" data-ll-status=\"loaded\" \/><\/p>\n<p>&nbsp;<\/p>\n<p>&nbsp;<\/p>","protected":false},"excerpt":{"rendered":"<ul class=\"ul1\">\n<li class=\"li1\">Tipo: Bater\u00eda LiFe PO4 LFP72V 100Ah 72V130Ah 72V150Ah para veh\u00edculos el\u00e9ctricos<\/li>\n<li class=\"li1\">Nombre del producto: Bater\u00eda de iones de litio de potencia LiFe PO4<\/li>\n<li>Voltaje de la bater\u00eda: 72 V<\/li>\n<li class=\"li1\">Capacidad de la bater\u00eda: 100 Ah, 130 Ah, 150 Ah<\/li>\n<li class=\"li1\">Ciclo de vida: m\u00e1s de 2000 veces 70%DOD<\/li>\n<li class=\"li1\">Aplicaci\u00f3n: veh\u00edculo el\u00e9ctrico<span class=\"s2\">,<\/span>\u00a0coche el\u00e9ctrico, coche de golf, etc.<\/li>\n<li class=\"li1\">Caracter\u00edstica: alta potencia y capacidad.<span class=\"s2\">,<\/span>\u00a0seguro<span class=\"s2\">,<\/span>\u00a0ciclo de vida largo<span class=\"s2\">,<\/span>\u00a0verde<span class=\"s2\">,<\/span>\u00a0Respetuoso del medio ambiente<span class=\"s2\">,<\/span>\u00a0Buen rendimiento en altas temperaturas.<\/li>\n<\/ul>","protected":false},"featured_media":591,"template":"","meta":[],"product_brand":[],"product_cat":[22,23,20],"product_tag":[],"class_list":{"0":"post-567","1":"product","2":"type-product","3":"status-publish","4":"has-post-thumbnail","6":"product_cat-home-energy-storage-system","7":"product_cat-home-page-products","8":"product_cat-mini-ups","10":"first","11":"instock","12":"shipping-taxable","13":"product-type-simple"},"yoast_head":"<!-- This site is optimized with the Yoast SEO plugin v26.1.1 - https:\/\/yoast.com\/wordpress\/plugins\/seo\/ -->\n<title>Mylion LFP72V 100Ah 130Ah 150Ah LiFePO4 Power Battery - mylionbattery<\/title>\n<meta name=\"description\" content=\"Discover Mylion Battery&#039;s innovative battery solutions, including mini UPS systems and lithium-ion batteries. Offering high-quality, customizable products designed with advanced technology to deliver exceptional performance and reliability for global markets.\" \/>\n<meta name=\"robots\" content=\"index, follow, max-snippet:-1, max-image-preview:large, max-video-preview:-1\" \/>\n<link rel=\"canonical\" href=\"http:\/\/mylionbattery.com\/es\/prodotto\/mylion-lfp72v-100ah-130ah-150ah-lifepo4-power-battery-lithium-iron-phosphate-batteries-for-electric-vehicle\/\" \/>\n<meta property=\"og:locale\" content=\"es_ES\" \/>\n<meta property=\"og:type\" content=\"article\" \/>\n<meta property=\"og:title\" content=\"Mylion LFP72V 100Ah 130Ah 150Ah LiFePO4 Power Battery - mylionbattery\" \/>\n<meta property=\"og:description\" content=\"Discover Mylion Battery&#039;s innovative battery solutions, including mini UPS systems and lithium-ion batteries. Offering high-quality, customizable products designed with advanced technology to deliver exceptional performance and reliability for global markets.\" \/>\n<meta property=\"og:url\" content=\"http:\/\/mylionbattery.com\/es\/prodotto\/mylion-lfp72v-100ah-130ah-150ah-lifepo4-power-battery-lithium-iron-phosphate-batteries-for-electric-vehicle\/\" \/>\n<meta property=\"og:site_name\" content=\"mylionbattery\" \/>\n<meta property=\"article:modified_time\" content=\"2024-09-10T23:57:48+00:00\" \/>\n<meta property=\"og:image\" content=\"http:\/\/mylionbattery.com\/wp-content\/uploads\/2024\/09\/\u4e2d\u6027-60V65Ah-\u52a8\u529b\u9502\u7535\u6c60\u4e3b\u56fe5-600x600-1.jpg\" \/>\n\t<meta property=\"og:image:width\" content=\"600\" \/>\n\t<meta property=\"og:image:height\" content=\"600\" \/>\n\t<meta property=\"og:image:type\" content=\"image\/jpeg\" \/>\n<meta name=\"twitter:card\" content=\"summary_large_image\" \/>\n<meta name=\"twitter:label1\" content=\"Tiempo de lectura\" \/>\n\t<meta name=\"twitter:data1\" content=\"1 minuto\" \/>\n<script type=\"application\/ld+json\" class=\"yoast-schema-graph\">{\"@context\":\"https:\/\/schema.org\",\"@graph\":[{\"@type\":\"WebPage\",\"@id\":\"http:\/\/mylionbattery.com\/it\/prodotto\/mylion-lfp72v-100ah-130ah-150ah-lifepo4-power-battery-lithium-iron-phosphate-batteries-for-electric-vehicle\/\",\"url\":\"http:\/\/mylionbattery.com\/it\/prodotto\/mylion-lfp72v-100ah-130ah-150ah-lifepo4-power-battery-lithium-iron-phosphate-batteries-for-electric-vehicle\/\",\"name\":\"Mylion LFP72V 100Ah 130Ah 150Ah LiFePO4 Power Battery - mylionbattery\",\"isPartOf\":{\"@id\":\"https:\/\/mylionbattery.com\/#website\"},\"primaryImageOfPage\":{\"@id\":\"http:\/\/mylionbattery.com\/it\/prodotto\/mylion-lfp72v-100ah-130ah-150ah-lifepo4-power-battery-lithium-iron-phosphate-batteries-for-electric-vehicle\/#primaryimage\"},\"image\":{\"@id\":\"http:\/\/mylionbattery.com\/it\/prodotto\/mylion-lfp72v-100ah-130ah-150ah-lifepo4-power-battery-lithium-iron-phosphate-batteries-for-electric-vehicle\/#primaryimage\"},\"thumbnailUrl\":\"https:\/\/mylionbattery.com\/wp-content\/uploads\/2024\/09\/\u4e2d\u6027-60V65Ah-\u52a8\u529b\u9502\u7535\u6c60\u4e3b\u56fe5-600x600-1.jpg\",\"datePublished\":\"2024-09-10T13:54:05+00:00\",\"dateModified\":\"2024-09-10T23:57:48+00:00\",\"description\":\"Discover Mylion Battery's innovative battery solutions, including mini UPS systems and lithium-ion batteries. Offering high-quality, customizable products designed with advanced technology to deliver exceptional performance and reliability for global markets.\",\"breadcrumb\":{\"@id\":\"http:\/\/mylionbattery.com\/it\/prodotto\/mylion-lfp72v-100ah-130ah-150ah-lifepo4-power-battery-lithium-iron-phosphate-batteries-for-electric-vehicle\/#breadcrumb\"},\"inLanguage\":\"es\",\"potentialAction\":[{\"@type\":\"ReadAction\",\"target\":[\"http:\/\/mylionbattery.com\/it\/prodotto\/mylion-lfp72v-100ah-130ah-150ah-lifepo4-power-battery-lithium-iron-phosphate-batteries-for-electric-vehicle\/\"]}]},{\"@type\":\"ImageObject\",\"inLanguage\":\"es\",\"@id\":\"http:\/\/mylionbattery.com\/it\/prodotto\/mylion-lfp72v-100ah-130ah-150ah-lifepo4-power-battery-lithium-iron-phosphate-batteries-for-electric-vehicle\/#primaryimage\",\"url\":\"https:\/\/mylionbattery.com\/wp-content\/uploads\/2024\/09\/\u4e2d\u6027-60V65Ah-\u52a8\u529b\u9502\u7535\u6c60\u4e3b\u56fe5-600x600-1.jpg\",\"contentUrl\":\"https:\/\/mylionbattery.com\/wp-content\/uploads\/2024\/09\/\u4e2d\u6027-60V65Ah-\u52a8\u529b\u9502\u7535\u6c60\u4e3b\u56fe5-600x600-1.jpg\",\"width\":600,\"height\":600},{\"@type\":\"BreadcrumbList\",\"@id\":\"http:\/\/mylionbattery.com\/it\/prodotto\/mylion-lfp72v-100ah-130ah-150ah-lifepo4-power-battery-lithium-iron-phosphate-batteries-for-electric-vehicle\/#breadcrumb\",\"itemListElement\":[{\"@type\":\"ListItem\",\"position\":1,\"name\":\"\u9996\u9875\",\"item\":\"https:\/\/mylionbattery.com\/\"},{\"@type\":\"ListItem\",\"position\":2,\"name\":\"Products\",\"item\":\"https:\/\/mylionbattery.com\/products\/\"},{\"@type\":\"ListItem\",\"position\":3,\"name\":\"Mylion LFP72V 100Ah 130Ah 150Ah LiFePO4 Power Battery\"}]},{\"@type\":\"WebSite\",\"@id\":\"https:\/\/mylionbattery.com\/#website\",\"url\":\"https:\/\/mylionbattery.com\/\",\"name\":\"Mylionbattery\",\"description\":\"mylionbattery\",\"publisher\":{\"@id\":\"https:\/\/mylionbattery.com\/#organization\"},\"potentialAction\":[{\"@type\":\"SearchAction\",\"target\":{\"@type\":\"EntryPoint\",\"urlTemplate\":\"https:\/\/mylionbattery.com\/?s={search_term_string}\"},\"query-input\":{\"@type\":\"PropertyValueSpecification\",\"valueRequired\":true,\"valueName\":\"search_term_string\"}}],\"inLanguage\":\"es\"},{\"@type\":\"Organization\",\"@id\":\"https:\/\/mylionbattery.com\/#organization\",\"name\":\"Mylionbattery\",\"url\":\"https:\/\/mylionbattery.com\/\",\"logo\":{\"@type\":\"ImageObject\",\"inLanguage\":\"es\",\"@id\":\"https:\/\/mylionbattery.com\/#\/schema\/logo\/image\/\",\"url\":\"http:\/\/mylionbattery.com\/wp-content\/uploads\/2024\/09\/\u767d\u5e95mylion-logo\u6b63\u65b9\u5f62.png\",\"contentUrl\":\"http:\/\/mylionbattery.com\/wp-content\/uploads\/2024\/09\/\u767d\u5e95mylion-logo\u6b63\u65b9\u5f62.png\",\"width\":600,\"height\":600,\"caption\":\"Mylionbattery\"},\"image\":{\"@id\":\"https:\/\/mylionbattery.com\/#\/schema\/logo\/image\/\"}}]}<\/script>\n<!-- \/ Yoast SEO plugin. -->","yoast_head_json":{"title":"Mylion LFP72V 100Ah 130Ah 150Ah LiFePO4 Power Battery - mylionbattery","description":"Discover Mylion Battery's innovative battery solutions, including mini UPS systems and lithium-ion batteries. Offering high-quality, customizable products designed with advanced technology to deliver exceptional performance and reliability for global markets.","robots":{"index":"index","follow":"follow","max-snippet":"max-snippet:-1","max-image-preview":"max-image-preview:large","max-video-preview":"max-video-preview:-1"},"canonical":"http:\/\/mylionbattery.com\/es\/prodotto\/mylion-lfp72v-100ah-130ah-150ah-lifepo4-power-battery-lithium-iron-phosphate-batteries-for-electric-vehicle\/","og_locale":"es_ES","og_type":"article","og_title":"Mylion LFP72V 100Ah 130Ah 150Ah LiFePO4 Power Battery - mylionbattery","og_description":"Discover Mylion Battery's innovative battery solutions, including mini UPS systems and lithium-ion batteries. Offering high-quality, customizable products designed with advanced technology to deliver exceptional performance and reliability for global markets.","og_url":"http:\/\/mylionbattery.com\/es\/prodotto\/mylion-lfp72v-100ah-130ah-150ah-lifepo4-power-battery-lithium-iron-phosphate-batteries-for-electric-vehicle\/","og_site_name":"mylionbattery","article_modified_time":"2024-09-10T23:57:48+00:00","og_image":[{"width":600,"height":600,"url":"http:\/\/mylionbattery.com\/wp-content\/uploads\/2024\/09\/\u4e2d\u6027-60V65Ah-\u52a8\u529b\u9502\u7535\u6c60\u4e3b\u56fe5-600x600-1.jpg","type":"image\/jpeg"}],"twitter_card":"summary_large_image","twitter_misc":{"Tiempo de lectura":"1 minuto"},"schema":{"@context":"https:\/\/schema.org","@graph":[{"@type":"WebPage","@id":"http:\/\/mylionbattery.com\/it\/prodotto\/mylion-lfp72v-100ah-130ah-150ah-lifepo4-power-battery-lithium-iron-phosphate-batteries-for-electric-vehicle\/","url":"http:\/\/mylionbattery.com\/it\/prodotto\/mylion-lfp72v-100ah-130ah-150ah-lifepo4-power-battery-lithium-iron-phosphate-batteries-for-electric-vehicle\/","name":"Mylion LFP72V 100Ah 130Ah 150Ah LiFePO4 Power Battery - mylionbattery","isPartOf":{"@id":"https:\/\/mylionbattery.com\/#website"},"primaryImageOfPage":{"@id":"http:\/\/mylionbattery.com\/it\/prodotto\/mylion-lfp72v-100ah-130ah-150ah-lifepo4-power-battery-lithium-iron-phosphate-batteries-for-electric-vehicle\/#primaryimage"},"image":{"@id":"http:\/\/mylionbattery.com\/it\/prodotto\/mylion-lfp72v-100ah-130ah-150ah-lifepo4-power-battery-lithium-iron-phosphate-batteries-for-electric-vehicle\/#primaryimage"},"thumbnailUrl":"https:\/\/mylionbattery.com\/wp-content\/uploads\/2024\/09\/\u4e2d\u6027-60V65Ah-\u52a8\u529b\u9502\u7535\u6c60\u4e3b\u56fe5-600x600-1.jpg","datePublished":"2024-09-10T13:54:05+00:00","dateModified":"2024-09-10T23:57:48+00:00","description":"Discover Mylion Battery's innovative battery solutions, including mini UPS systems and lithium-ion batteries. Offering high-quality, customizable products designed with advanced technology to deliver exceptional performance and reliability for global markets.","breadcrumb":{"@id":"http:\/\/mylionbattery.com\/it\/prodotto\/mylion-lfp72v-100ah-130ah-150ah-lifepo4-power-battery-lithium-iron-phosphate-batteries-for-electric-vehicle\/#breadcrumb"},"inLanguage":"es","potentialAction":[{"@type":"ReadAction","target":["http:\/\/mylionbattery.com\/it\/prodotto\/mylion-lfp72v-100ah-130ah-150ah-lifepo4-power-battery-lithium-iron-phosphate-batteries-for-electric-vehicle\/"]}]},{"@type":"ImageObject","inLanguage":"es","@id":"http:\/\/mylionbattery.com\/it\/prodotto\/mylion-lfp72v-100ah-130ah-150ah-lifepo4-power-battery-lithium-iron-phosphate-batteries-for-electric-vehicle\/#primaryimage","url":"https:\/\/mylionbattery.com\/wp-content\/uploads\/2024\/09\/\u4e2d\u6027-60V65Ah-\u52a8\u529b\u9502\u7535\u6c60\u4e3b\u56fe5-600x600-1.jpg","contentUrl":"https:\/\/mylionbattery.com\/wp-content\/uploads\/2024\/09\/\u4e2d\u6027-60V65Ah-\u52a8\u529b\u9502\u7535\u6c60\u4e3b\u56fe5-600x600-1.jpg","width":600,"height":600},{"@type":"BreadcrumbList","@id":"http:\/\/mylionbattery.com\/it\/prodotto\/mylion-lfp72v-100ah-130ah-150ah-lifepo4-power-battery-lithium-iron-phosphate-batteries-for-electric-vehicle\/#breadcrumb","itemListElement":[{"@type":"ListItem","position":1,"name":"\u9996\u9875","item":"https:\/\/mylionbattery.com\/"},{"@type":"ListItem","position":2,"name":"Products","item":"https:\/\/mylionbattery.com\/products\/"},{"@type":"ListItem","position":3,"name":"Mylion LFP72V 100Ah 130Ah 150Ah LiFePO4 Power Battery"}]},{"@type":"WebSite","@id":"https:\/\/mylionbattery.com\/#website","url":"https:\/\/mylionbattery.com\/","name":"Mylionbattery","description":"mylionbattery","publisher":{"@id":"https:\/\/mylionbattery.com\/#organization"},"potentialAction":[{"@type":"SearchAction","target":{"@type":"EntryPoint","urlTemplate":"https:\/\/mylionbattery.com\/?s={search_term_string}"},"query-input":{"@type":"PropertyValueSpecification","valueRequired":true,"valueName":"search_term_string"}}],"inLanguage":"es"},{"@type":"Organization","@id":"https:\/\/mylionbattery.com\/#organization","name":"Mylionbattery","url":"https:\/\/mylionbattery.com\/","logo":{"@type":"ImageObject","inLanguage":"es","@id":"https:\/\/mylionbattery.com\/#\/schema\/logo\/image\/","url":"http:\/\/mylionbattery.com\/wp-content\/uploads\/2024\/09\/\u767d\u5e95mylion-logo\u6b63\u65b9\u5f62.png","contentUrl":"http:\/\/mylionbattery.com\/wp-content\/uploads\/2024\/09\/\u767d\u5e95mylion-logo\u6b63\u65b9\u5f62.png","width":600,"height":600,"caption":"Mylionbattery"},"image":{"@id":"https:\/\/mylionbattery.com\/#\/schema\/logo\/image\/"}}]}},"_links":{"self":[{"href":"https:\/\/mylionbattery.com\/es\/wp-json\/wp\/v2\/product\/567","targetHints":{"allow":["GET"]}}],"collection":[{"href":"https:\/\/mylionbattery.com\/es\/wp-json\/wp\/v2\/product"}],"about":[{"href":"https:\/\/mylionbattery.com\/es\/wp-json\/wp\/v2\/types\/product"}],"version-history":[{"count":0,"href":"https:\/\/mylionbattery.com\/es\/wp-json\/wp\/v2\/product\/567\/revisions"}],"wp:featuredmedia":[{"embeddable":true,"href":"https:\/\/mylionbattery.com\/es\/wp-json\/wp\/v2\/media\/591"}],"wp:attachment":[{"href":"https:\/\/mylionbattery.com\/es\/wp-json\/wp\/v2\/media?parent=567"}],"wp:term":[{"taxonomy":"product_brand","embeddable":true,"href":"https:\/\/mylionbattery.com\/es\/wp-json\/wp\/v2\/product_brand?post=567"},{"taxonomy":"product_cat","embeddable":true,"href":"https:\/\/mylionbattery.com\/es\/wp-json\/wp\/v2\/product_cat?post=567"},{"taxonomy":"product_tag","embeddable":true,"href":"https:\/\/mylionbattery.com\/es\/wp-json\/wp\/v2\/product_tag?post=567"}],"curies":[{"name":"wp","href":"https:\/\/api.w.org\/{rel}","templated":true}]}}