{"id":792,"date":"2024-09-11T00:00:37","date_gmt":"2024-09-11T00:00:37","guid":{"rendered":"https:\/\/lightyellow-sardine-891901.hostingersite.com\/?page_id=792"},"modified":"2024-11-18T02:16:35","modified_gmt":"2024-11-18T02:16:35","slug":"faqs","status":"publish","type":"page","link":"https:\/\/mylionbattery.com\/fr\/faqs\/","title":{"rendered":"FAQ"},"content":{"rendered":"<div data-elementor-type=\"wp-page\" data-elementor-id=\"792\" class=\"elementor elementor-792\" data-elementor-post-type=\"page\">\n\t\t\t\t<div class=\"elementor-element elementor-element-5f2c3781 e-flex e-con-boxed e-con e-parent\" data-id=\"5f2c3781\" data-element_type=\"container\" data-settings=\"{&quot;background_background&quot;:&quot;classic&quot;,&quot;ekit_has_onepagescroll_dot&quot;:&quot;yes&quot;}\">\n\t\t\t\t\t<div class=\"e-con-inner\">\n\t\t\t\t\t<\/div>\n\t\t\t\t<\/div>\n\t\t\t\t<section class=\"elementor-section elementor-top-section elementor-element elementor-element-1ac2339c elementor-section-boxed elementor-section-height-default elementor-section-height-default\" data-id=\"1ac2339c\" data-element_type=\"section\" id=\"xs_faq_5\" data-settings=\"{&quot;ekit_has_onepagescroll_dot&quot;:&quot;yes&quot;}\">\n\t\t\t\t\t\t<div class=\"elementor-container elementor-column-gap-default\">\n\t\t\t\t\t<div class=\"elementor-column elementor-col-100 elementor-top-column elementor-element elementor-element-1de53fe0\" data-id=\"1de53fe0\" data-element_type=\"column\">\n\t\t\t<div class=\"elementor-widget-wrap elementor-element-populated\">\n\t\t\t\t\t\t<section class=\"elementor-section elementor-inner-section elementor-element elementor-element-3981fe1f elementor-section-boxed elementor-section-height-default elementor-section-height-default\" data-id=\"3981fe1f\" data-element_type=\"section\" data-settings=\"{&quot;ekit_has_onepagescroll_dot&quot;:&quot;yes&quot;}\">\n\t\t\t\t\t\t<div class=\"elementor-container elementor-column-gap-default\">\n\t\t\t\t\t<div class=\"elementor-column elementor-col-50 elementor-inner-column elementor-element elementor-element-7a20b0b1 elementor-invisible\" data-id=\"7a20b0b1\" data-element_type=\"column\" data-settings=\"{&quot;animation&quot;:&quot;fadeInLeft&quot;}\">\n\t\t\t<div class=\"elementor-widget-wrap elementor-element-populated\">\n\t\t\t\t\t\t<div class=\"elementor-element elementor-element-2a7c4c40 elementor-widget elementor-widget-elementskit-faq\" data-id=\"2a7c4c40\" data-element_type=\"widget\" data-settings=\"{&quot;ekit_we_effect_on&quot;:&quot;none&quot;}\" data-widget_type=\"elementskit-faq.default\">\n\t\t\t\t<div class=\"elementor-widget-container\">\n\t\t\t\t\t<div class=\"ekit-wid-con\" >\n                <div class=\"elementskit-single-faq elementor-repeater-item-ccb3fc9\">\n            <div class=\"elementskit-faq-header\">\n                <h2 class=\"elementskit-faq-title\">Quels types de batteries Mylion fabrique-t-il ?<\/h2>\n            <\/div>\n            <div class=\"elementskit-faq-body\">\n                Mylion se sp\u00e9cialise dans les batteries lithium-ion, LiFePO4 et NiMH, ainsi que dans les mini-syst\u00e8mes UPS et les packs de batteries personnalis\u00e9s.            <\/div>\n        <\/div>\n                <div class=\"elementskit-single-faq elementor-repeater-item-1219655\">\n            <div class=\"elementskit-faq-header\">\n                <h2 class=\"elementskit-faq-title\">Les produits Mylion sont-ils certifi\u00e9s pour la s\u00e9curit\u00e9 et la qualit\u00e9 ?<\/h2>\n            <\/div>\n            <div class=\"elementskit-faq-body\">\n                Oui, nos produits sont certifi\u00e9s CE, CB, UN38.3, UL, MSDS, KC et BIS.            <\/div>\n        <\/div>\n                <div class=\"elementskit-single-faq elementor-repeater-item-31ebcfd\">\n            <div class=\"elementskit-faq-header\">\n                <h2 class=\"elementskit-faq-title\">Mylion peut-il cr\u00e9er des solutions de batterie personnalis\u00e9es ?<\/h2>\n            <\/div>\n            <div class=\"elementskit-faq-body\">\n                Absolument ! Nous proposons des packs de batteries enti\u00e8rement personnalis\u00e9s pour r\u00e9pondre aux besoins sp\u00e9cifiques des clients dans divers secteurs.            <\/div>\n        <\/div>\n                <div class=\"elementskit-single-faq elementor-repeater-item-fd4d6f3\">\n            <div class=\"elementskit-faq-header\">\n                <h2 class=\"elementskit-faq-title\">Quelles industries utilisent les solutions de batteries de Mylion ?<\/h2>\n            <\/div>\n            <div class=\"elementskit-faq-body\">\n                Les batteries Mylion sont utilis\u00e9es dans des secteurs tels que la robotique, l&#039;\u00e9quipement m\u00e9dical, l&#039;agriculture, les syst\u00e8mes LED intelligents et l&#039;\u00e9lectronique portable.            <\/div>\n        <\/div>\n                <div class=\"elementskit-single-faq elementor-repeater-item-1d51840\">\n            <div class=\"elementskit-faq-header\">\n                <h2 class=\"elementskit-faq-title\">Mylion propose-t-il une exp\u00e9dition et un service apr\u00e8s-vente dans le monde entier ?<\/h2>\n            <\/div>\n            <div class=\"elementskit-faq-body\">\n                Oui, nous avons des entrep\u00f4ts et un service apr\u00e8s-vente aux \u00c9tats-Unis, en Australie, au Sri Lanka, en Allemagne et en \u00c9gypte pour garantir une livraison et une assistance rapides.            <\/div>\n        <\/div>\n                \n    <\/div>\t\t\t\t<\/div>\n\t\t\t\t<\/div>\n\t\t\t\t\t<\/div>\n\t\t<\/div>\n\t\t\t\t<div class=\"elementor-column elementor-col-50 elementor-inner-column elementor-element elementor-element-38b956f1 elementor-invisible\" data-id=\"38b956f1\" data-element_type=\"column\" data-settings=\"{&quot;animation&quot;:&quot;fadeInRight&quot;}\">\n\t\t\t<div class=\"elementor-widget-wrap elementor-element-populated\">\n\t\t\t\t\t\t<div class=\"elementor-element elementor-element-50ec093 elementor-widget elementor-widget-elementskit-faq\" data-id=\"50ec093\" data-element_type=\"widget\" data-settings=\"{&quot;ekit_we_effect_on&quot;:&quot;none&quot;}\" data-widget_type=\"elementskit-faq.default\">\n\t\t\t\t<div class=\"elementor-widget-container\">\n\t\t\t\t\t<div class=\"ekit-wid-con\" >\n                <div class=\"elementskit-single-faq elementor-repeater-item-e12c595\">\n            <div class=\"elementskit-faq-header\">\n                <h2 class=\"elementskit-faq-title\">Quelle est la dur\u00e9e de vie des batteries Mylion ?<\/h2>\n            <\/div>\n            <div class=\"elementskit-faq-body\">\n                Nos batteries sont con\u00e7ues pour des cycles de vie longs, avec des fonctionnalit\u00e9s de s\u00e9curit\u00e9 avanc\u00e9es pour garantir des performances constantes dans le temps.            <\/div>\n        <\/div>\n                <div class=\"elementskit-single-faq elementor-repeater-item-5f94b9e\">\n            <div class=\"elementskit-faq-header\">\n                <h2 class=\"elementskit-faq-title\">Comment Mylion assure la qualit\u00e9 de ses produits ?<\/h2>\n            <\/div>\n            <div class=\"elementskit-faq-body\">\n                Nous disposons d&#039;une \u00e9quipe de R&amp;D d\u00e9di\u00e9e et effectuons des tests rigoureux sur tous les produits pour garantir qu&#039;ils r\u00e9pondent aux normes de qualit\u00e9 mondiales.            <\/div>\n        <\/div>\n                <div class=\"elementskit-single-faq elementor-repeater-item-ad5f942\">\n            <div class=\"elementskit-faq-header\">\n                <h2 class=\"elementskit-faq-title\">Mylion offre-t-il un support technique pour ses produits ?<\/h2>\n            <\/div>\n            <div class=\"elementskit-faq-body\">\n                Oui, nous offrons un support technique et une assistance complets pour tous nos produits afin d&#039;aider les clients lors de l&#039;installation et de l&#039;utilisation.            <\/div>\n        <\/div>\n                <div class=\"elementskit-single-faq elementor-repeater-item-949edee\">\n            <div class=\"elementskit-faq-header\">\n                <h2 class=\"elementskit-faq-title\">Qu&#039;est-ce qui distingue les produits Mylion de ceux des concurrents ?<\/h2>\n            <\/div>\n            <div class=\"elementskit-faq-body\">\n                Mylion propose des solutions de batteries certifi\u00e9es de haute qualit\u00e9 avec des prix comp\u00e9titifs, une assistance mondiale et des options personnalisables adapt\u00e9es aux besoins sp\u00e9cifiques des clients.            <\/div>\n        <\/div>\n                <div class=\"elementskit-single-faq elementor-repeater-item-b711127\">\n            <div class=\"elementskit-faq-header\">\n                <h2 class=\"elementskit-faq-title\">Comment puis-je demander un devis ou obtenir plus d&#039;informations sur les produits Mylion ?<\/h2>\n            <\/div>\n            <div class=\"elementskit-faq-body\">\n                Vous pouvez contacter notre \u00e9quipe commerciale directement via notre site internet ou par email pour demander un devis ou plus de d\u00e9tails sur nos produits.            <\/div>\n        <\/div>\n                \n    <\/div>\t\t\t\t<\/div>\n\t\t\t\t<\/div>\n\t\t\t\t\t<\/div>\n\t\t<\/div>\n\t\t\t\t\t<\/div>\n\t\t<\/section>\n\t\t\t\t\t<\/div>\n\t\t<\/div>\n\t\t\t\t\t<\/div>\n\t\t<\/section>\n\t\t\t\t<\/div>","protected":false},"excerpt":{"rendered":"<p>What types of batteries does Mylion manufacture? Mylion specializes in lithium-ion, LiFePO4, and NiMH batteries, as well as mini UPS systems and custom battery packs. Are Mylion\u2019s products certified for safety and quality? Yes, our products are certified with CE, CB, UN38.3, UL, MSDS, KC, and BIS certifications. Can Mylion create custom battery solutions? Absolutely! [&hellip;]<\/p>","protected":false},"author":1,"featured_media":0,"parent":0,"menu_order":0,"comment_status":"closed","ping_status":"closed","template":"","meta":{"footnotes":""},"class_list":["post-792","page","type-page","status-publish","hentry"],"yoast_head":"<!-- This site is optimized with the Yoast SEO plugin v26.1.1 - https:\/\/yoast.com\/wordpress\/plugins\/seo\/ -->\n<title>FAQs - mylionbattery<\/title>\n<meta name=\"description\" content=\"Discover Mylion Battery&#039;s innovative battery solutions, including mini UPS systems and lithium-ion batteries. Offering high-quality, customizable products designed with advanced technology to deliver exceptional performance and reliability for global markets.\" \/>\n<meta name=\"robots\" content=\"index, follow, max-snippet:-1, max-image-preview:large, max-video-preview:-1\" \/>\n<link rel=\"canonical\" href=\"https:\/\/mylionbattery.com\/fr\/faqs\/\" \/>\n<meta property=\"og:locale\" content=\"fr_FR\" \/>\n<meta property=\"og:type\" content=\"article\" \/>\n<meta property=\"og:title\" content=\"FAQs - mylionbattery\" \/>\n<meta property=\"og:description\" content=\"Discover Mylion Battery&#039;s innovative battery solutions, including mini UPS systems and lithium-ion batteries. Offering high-quality, customizable products designed with advanced technology to deliver exceptional performance and reliability for global markets.\" \/>\n<meta property=\"og:url\" content=\"https:\/\/mylionbattery.com\/fr\/faqs\/\" \/>\n<meta property=\"og:site_name\" content=\"mylionbattery\" \/>\n<meta property=\"article:modified_time\" content=\"2024-11-18T02:16:35+00:00\" \/>\n<meta property=\"og:image\" content=\"https:\/\/mylionbattery.com\/wp-content\/uploads\/2024\/09\/cropped-\u767d\u5e95mylion-logo\u6b63\u65b9\u5f62.png\" \/>\n\t<meta property=\"og:image:width\" content=\"512\" \/>\n\t<meta property=\"og:image:height\" content=\"512\" \/>\n\t<meta property=\"og:image:type\" content=\"image\/png\" \/>\n<meta name=\"twitter:card\" content=\"summary_large_image\" \/>\n<meta name=\"twitter:label1\" content=\"Dur\u00e9e de lecture estim\u00e9e\" \/>\n\t<meta name=\"twitter:data1\" content=\"1 minute\" \/>\n<script type=\"application\/ld+json\" class=\"yoast-schema-graph\">{\"@context\":\"https:\/\/schema.org\",\"@graph\":[{\"@type\":\"WebPage\",\"@id\":\"https:\/\/mylionbattery.com\/de\/faqs\/\",\"url\":\"https:\/\/mylionbattery.com\/de\/faqs\/\",\"name\":\"FAQs - mylionbattery\",\"isPartOf\":{\"@id\":\"https:\/\/mylionbattery.com\/#website\"},\"datePublished\":\"2024-09-11T00:00:37+00:00\",\"dateModified\":\"2024-11-18T02:16:35+00:00\",\"description\":\"Discover Mylion Battery's innovative battery solutions, including mini UPS systems and lithium-ion batteries. Offering high-quality, customizable products designed with advanced technology to deliver exceptional performance and reliability for global markets.\",\"breadcrumb\":{\"@id\":\"https:\/\/mylionbattery.com\/de\/faqs\/#breadcrumb\"},\"inLanguage\":\"fr-FR\",\"potentialAction\":[{\"@type\":\"ReadAction\",\"target\":[\"https:\/\/mylionbattery.com\/de\/faqs\/\"]}]},{\"@type\":\"BreadcrumbList\",\"@id\":\"https:\/\/mylionbattery.com\/de\/faqs\/#breadcrumb\",\"itemListElement\":[{\"@type\":\"ListItem\",\"position\":1,\"name\":\"\u9996\u9875\",\"item\":\"https:\/\/mylionbattery.com\/\"},{\"@type\":\"ListItem\",\"position\":2,\"name\":\"FAQs\"}]},{\"@type\":\"WebSite\",\"@id\":\"https:\/\/mylionbattery.com\/#website\",\"url\":\"https:\/\/mylionbattery.com\/\",\"name\":\"Mylionbattery\",\"description\":\"mylionbattery\",\"publisher\":{\"@id\":\"https:\/\/mylionbattery.com\/#organization\"},\"potentialAction\":[{\"@type\":\"SearchAction\",\"target\":{\"@type\":\"EntryPoint\",\"urlTemplate\":\"https:\/\/mylionbattery.com\/?s={search_term_string}\"},\"query-input\":{\"@type\":\"PropertyValueSpecification\",\"valueRequired\":true,\"valueName\":\"search_term_string\"}}],\"inLanguage\":\"fr-FR\"},{\"@type\":\"Organization\",\"@id\":\"https:\/\/mylionbattery.com\/#organization\",\"name\":\"Mylionbattery\",\"url\":\"https:\/\/mylionbattery.com\/\",\"logo\":{\"@type\":\"ImageObject\",\"inLanguage\":\"fr-FR\",\"@id\":\"https:\/\/mylionbattery.com\/#\/schema\/logo\/image\/\",\"url\":\"http:\/\/mylionbattery.com\/wp-content\/uploads\/2024\/09\/\u767d\u5e95mylion-logo\u6b63\u65b9\u5f62.png\",\"contentUrl\":\"http:\/\/mylionbattery.com\/wp-content\/uploads\/2024\/09\/\u767d\u5e95mylion-logo\u6b63\u65b9\u5f62.png\",\"width\":600,\"height\":600,\"caption\":\"Mylionbattery\"},\"image\":{\"@id\":\"https:\/\/mylionbattery.com\/#\/schema\/logo\/image\/\"}}]}<\/script>\n<!-- \/ Yoast SEO plugin. -->","yoast_head_json":{"title":"FAQs - mylionbattery","description":"Discover Mylion Battery's innovative battery solutions, including mini UPS systems and lithium-ion batteries. Offering high-quality, customizable products designed with advanced technology to deliver exceptional performance and reliability for global markets.","robots":{"index":"index","follow":"follow","max-snippet":"max-snippet:-1","max-image-preview":"max-image-preview:large","max-video-preview":"max-video-preview:-1"},"canonical":"https:\/\/mylionbattery.com\/fr\/faqs\/","og_locale":"fr_FR","og_type":"article","og_title":"FAQs - mylionbattery","og_description":"Discover Mylion Battery's innovative battery solutions, including mini UPS systems and lithium-ion batteries. Offering high-quality, customizable products designed with advanced technology to deliver exceptional performance and reliability for global markets.","og_url":"https:\/\/mylionbattery.com\/fr\/faqs\/","og_site_name":"mylionbattery","article_modified_time":"2024-11-18T02:16:35+00:00","og_image":[{"width":512,"height":512,"url":"https:\/\/mylionbattery.com\/wp-content\/uploads\/2024\/09\/cropped-\u767d\u5e95mylion-logo\u6b63\u65b9\u5f62.png","type":"image\/png"}],"twitter_card":"summary_large_image","twitter_misc":{"Dur\u00e9e de lecture estim\u00e9e":"1 minute"},"schema":{"@context":"https:\/\/schema.org","@graph":[{"@type":"WebPage","@id":"https:\/\/mylionbattery.com\/de\/faqs\/","url":"https:\/\/mylionbattery.com\/de\/faqs\/","name":"FAQs - mylionbattery","isPartOf":{"@id":"https:\/\/mylionbattery.com\/#website"},"datePublished":"2024-09-11T00:00:37+00:00","dateModified":"2024-11-18T02:16:35+00:00","description":"Discover Mylion Battery's innovative battery solutions, including mini UPS systems and lithium-ion batteries. Offering high-quality, customizable products designed with advanced technology to deliver exceptional performance and reliability for global markets.","breadcrumb":{"@id":"https:\/\/mylionbattery.com\/de\/faqs\/#breadcrumb"},"inLanguage":"fr-FR","potentialAction":[{"@type":"ReadAction","target":["https:\/\/mylionbattery.com\/de\/faqs\/"]}]},{"@type":"BreadcrumbList","@id":"https:\/\/mylionbattery.com\/de\/faqs\/#breadcrumb","itemListElement":[{"@type":"ListItem","position":1,"name":"\u9996\u9875","item":"https:\/\/mylionbattery.com\/"},{"@type":"ListItem","position":2,"name":"FAQs"}]},{"@type":"WebSite","@id":"https:\/\/mylionbattery.com\/#website","url":"https:\/\/mylionbattery.com\/","name":"Mylionbattery","description":"mylionbattery","publisher":{"@id":"https:\/\/mylionbattery.com\/#organization"},"potentialAction":[{"@type":"SearchAction","target":{"@type":"EntryPoint","urlTemplate":"https:\/\/mylionbattery.com\/?s={search_term_string}"},"query-input":{"@type":"PropertyValueSpecification","valueRequired":true,"valueName":"search_term_string"}}],"inLanguage":"fr-FR"},{"@type":"Organization","@id":"https:\/\/mylionbattery.com\/#organization","name":"Mylionbattery","url":"https:\/\/mylionbattery.com\/","logo":{"@type":"ImageObject","inLanguage":"fr-FR","@id":"https:\/\/mylionbattery.com\/#\/schema\/logo\/image\/","url":"http:\/\/mylionbattery.com\/wp-content\/uploads\/2024\/09\/\u767d\u5e95mylion-logo\u6b63\u65b9\u5f62.png","contentUrl":"http:\/\/mylionbattery.com\/wp-content\/uploads\/2024\/09\/\u767d\u5e95mylion-logo\u6b63\u65b9\u5f62.png","width":600,"height":600,"caption":"Mylionbattery"},"image":{"@id":"https:\/\/mylionbattery.com\/#\/schema\/logo\/image\/"}}]}},"_links":{"self":[{"href":"https:\/\/mylionbattery.com\/fr\/wp-json\/wp\/v2\/pages\/792","targetHints":{"allow":["GET"]}}],"collection":[{"href":"https:\/\/mylionbattery.com\/fr\/wp-json\/wp\/v2\/pages"}],"about":[{"href":"https:\/\/mylionbattery.com\/fr\/wp-json\/wp\/v2\/types\/page"}],"author":[{"embeddable":true,"href":"https:\/\/mylionbattery.com\/fr\/wp-json\/wp\/v2\/users\/1"}],"replies":[{"embeddable":true,"href":"https:\/\/mylionbattery.com\/fr\/wp-json\/wp\/v2\/comments?post=792"}],"version-history":[{"count":9,"href":"https:\/\/mylionbattery.com\/fr\/wp-json\/wp\/v2\/pages\/792\/revisions"}],"predecessor-version":[{"id":1346,"href":"https:\/\/mylionbattery.com\/fr\/wp-json\/wp\/v2\/pages\/792\/revisions\/1346"}],"wp:attachment":[{"href":"https:\/\/mylionbattery.com\/fr\/wp-json\/wp\/v2\/media?parent=792"}],"curies":[{"name":"wp","href":"https:\/\/api.w.org\/{rel}","templated":true}]}}