{"id":1014,"date":"2024-09-20T02:33:35","date_gmt":"2024-09-20T02:33:35","guid":{"rendered":"https:\/\/lightyellow-sardine-891901.hostingersite.com\/?post_type=product&#038;p=1014"},"modified":"2025-07-22T06:38:15","modified_gmt":"2025-07-22T06:38:15","slug":"mylion-12-8v100ah-life-po4-battery-lead-acid-battery-replacement-battery-for-boats-solar-battery-ups","status":"publish","type":"product","link":"https:\/\/mylionbattery.com\/fr\/produit\/mylion-12-8v100ah-life-po4-battery-lead-acid-battery-replacement-battery-for-boats-solar-battery-ups\/","title":{"rendered":"Batterie de remplacement au plomb-acide Mylion 12,8 V 100 Ah Life PO4 pour bateaux\/batterie solaire\/onduleur\u00a0"},"content":{"rendered":"<p>Batterie de remplacement au plomb-acide au lithium fer phosphate Mylion 12,8 V 100 Ah pour bateaux\/batterie solaire\/onduleur<\/p>\n<table style=\"height: 1012px;\" width=\"747\">\n<tbody>\n<tr>\n<td width=\"341\">Nom du produit<\/td>\n<td width=\"584\">Pack de batteries lithium fer phosphate<\/td>\n<\/tr>\n<tr>\n<td>Nom du style<\/td>\n<td>MLFP12-100<\/td>\n<\/tr>\n<tr>\n<td>Type de batterie<\/td>\n<td>Batterie LiFe PO4 12V100Ah<\/td>\n<\/tr>\n<tr>\n<td>Capacit\u00e9 nominale<\/td>\n<td>100 Ah<\/td>\n<\/tr>\n<tr>\n<td>Energie massique gravim\u00e9trique<\/td>\n<td>115 Wh\/kg<\/td>\n<\/tr>\n<tr>\n<td>Energie sp\u00e9cifique volum\u00e9trique<\/td>\n<td>103 Wh\/L<\/td>\n<\/tr>\n<tr>\n<td>Dimensions du bo\u00eetier en plastique mm<\/td>\n<td>L327xL172xH220mm<\/td>\n<\/tr>\n<tr>\n<td>Couleur<\/td>\n<td>noir<\/td>\n<\/tr>\n<tr>\n<td>Poids<\/td>\n<td>11,06 kg<\/td>\n<\/tr>\n<tr>\n<td colspan=\"2\">Tension<\/td>\n<\/tr>\n<tr>\n<td>Tension nominale<\/td>\n<td>12,8 V<\/td>\n<\/tr>\n<tr>\n<td>Tension de coupure de charge<\/td>\n<td>14,2 V<\/td>\n<\/tr>\n<tr>\n<td>Tension de coupure de d\u00e9charge<\/td>\n<td>11,2 V<\/td>\n<\/tr>\n<tr>\n<td colspan=\"2\">Actuel<\/td>\n<\/tr>\n<tr>\n<td>Courant de charge maximal<\/td>\n<td>0,5 \u00b0C<\/td>\n<\/tr>\n<tr>\n<td>Courant de d\u00e9charge maximal<\/td>\n<td>1C<\/td>\n<\/tr>\n<tr>\n<td>Courant de d\u00e9charge d&#039;impulsion max.<\/td>\n<td>2C 2S<\/td>\n<\/tr>\n<tr>\n<td>Courant de charge et de d\u00e9charge standard<\/td>\n<td>0,3 \u00b0C<\/td>\n<\/tr>\n<tr>\n<td colspan=\"2\">Temp\u00e9rature de fonctionnement<\/td>\n<\/tr>\n<tr>\n<td>Temp\u00e9rature de charge<\/td>\n<td>0\u2103-45\u2103<\/td>\n<\/tr>\n<tr>\n<td>Temp\u00e9rature de refoulement<\/td>\n<td>-20\u2103-60\u2103<\/td>\n<\/tr>\n<tr>\n<td>Temp\u00e9rature de stockage<\/td>\n<td>-10\u2103-45\u2103<\/td>\n<\/tr>\n<tr>\n<td colspan=\"2\">Cycle de vie<\/td>\n<\/tr>\n<tr>\n<td>80%DOD<\/td>\n<td>\u22651500 fois<\/td>\n<\/tr>\n<tr>\n<td>70%DOD (20%-90%SOC)<\/td>\n<td>\u22652000 fois<\/td>\n<\/tr>\n<tr>\n<td>-20\u2103 Taux de d\u00e9charge \u00e0 basse temp\u00e9rature<\/td>\n<td>\u226570%<\/td>\n<\/tr>\n<tr>\n<td>Taux d&#039;autod\u00e9charge (par mois)<\/td>\n<td>\u22643%\/mois<\/td>\n<\/tr>\n<tr>\n<td rowspan=\"4\">Fonctionnalit\u00e9<\/td>\n<td>S\u00fbr, longue dur\u00e9e de vie, respectueux de l&#039;environnement,<\/td>\n<\/tr>\n<tr>\n<td>Bonnes performances \u00e0 haute temp\u00e9rature<\/td>\n<\/tr>\n<tr>\n<td>Faible r\u00e9sistance interne, faible autod\u00e9charge<\/td>\n<\/tr>\n<tr>\n<td>Densit\u00e9 \u00e9nerg\u00e9tique \u00e9lev\u00e9e, pas d&#039;effet m\u00e9moire<\/td>\n<\/tr>\n<tr>\n<td rowspan=\"5\">Application<\/td>\n<td width=\"584\">Syst\u00e8me de t\u00e9l\u00e9communication, d&#039;\u00e9nergie solaire et \u00e9olienne<\/td>\n<\/tr>\n<tr>\n<td>\u00e9quipements de communication et \u00e9lectriques<\/td>\n<\/tr>\n<tr>\n<td>Centrales \u00e9lectriques, \u00e9quipements de contr\u00f4le<\/td>\n<\/tr>\n<tr>\n<td>Onduleur haute puissance\/Alimentation de secours en veille<\/td>\n<\/tr>\n<\/tbody>\n<\/table>\n<p><img fetchpriority=\"high\" decoding=\"async\" class=\"size-full wp-image-1016 aligncenter\" src=\"http:\/\/mylionbattery.com\/wp-content\/uploads\/2024\/09\/lifepo4-12v100ah-2.jpg\" alt=\"\" width=\"750\" height=\"948\" srcset=\"https:\/\/mylionbattery.com\/wp-content\/uploads\/2024\/09\/lifepo4-12v100ah-2.jpg 750w, https:\/\/mylionbattery.com\/wp-content\/uploads\/2024\/09\/lifepo4-12v100ah-2-237x300.jpg 237w, https:\/\/mylionbattery.com\/wp-content\/uploads\/2024\/09\/lifepo4-12v100ah-2-9x12.jpg 9w, https:\/\/mylionbattery.com\/wp-content\/uploads\/2024\/09\/lifepo4-12v100ah-2-600x758.jpg 600w\" sizes=\"(max-width: 750px) 100vw, 750px\" \/><\/p>\n<p><img decoding=\"async\" class=\"size-full wp-image-1017 aligncenter\" src=\"http:\/\/mylionbattery.com\/wp-content\/uploads\/2024\/09\/lifepo4-12v100ah-3.jpg\" alt=\"\" width=\"750\" height=\"948\" srcset=\"https:\/\/mylionbattery.com\/wp-content\/uploads\/2024\/09\/lifepo4-12v100ah-3.jpg 750w, https:\/\/mylionbattery.com\/wp-content\/uploads\/2024\/09\/lifepo4-12v100ah-3-237x300.jpg 237w, https:\/\/mylionbattery.com\/wp-content\/uploads\/2024\/09\/lifepo4-12v100ah-3-9x12.jpg 9w, https:\/\/mylionbattery.com\/wp-content\/uploads\/2024\/09\/lifepo4-12v100ah-3-600x758.jpg 600w\" sizes=\"(max-width: 750px) 100vw, 750px\" \/><\/p>\n<p><img decoding=\"async\" class=\"size-full wp-image-1018 aligncenter\" src=\"http:\/\/mylionbattery.com\/wp-content\/uploads\/2024\/09\/lifepo4-12v100ah-4.jpg\" alt=\"\" width=\"750\" height=\"1228\" srcset=\"https:\/\/mylionbattery.com\/wp-content\/uploads\/2024\/09\/lifepo4-12v100ah-4.jpg 750w, https:\/\/mylionbattery.com\/wp-content\/uploads\/2024\/09\/lifepo4-12v100ah-4-183x300.jpg 183w, https:\/\/mylionbattery.com\/wp-content\/uploads\/2024\/09\/lifepo4-12v100ah-4-625x1024.jpg 625w, https:\/\/mylionbattery.com\/wp-content\/uploads\/2024\/09\/lifepo4-12v100ah-4-7x12.jpg 7w, https:\/\/mylionbattery.com\/wp-content\/uploads\/2024\/09\/lifepo4-12v100ah-4-600x982.jpg 600w\" sizes=\"(max-width: 750px) 100vw, 750px\" \/><\/p>\n<p><img loading=\"lazy\" decoding=\"async\" class=\"size-full wp-image-1019 aligncenter\" src=\"http:\/\/mylionbattery.com\/wp-content\/uploads\/2024\/09\/lifepo4-12v100ah-5.jpg\" alt=\"\" width=\"750\" height=\"847\" srcset=\"https:\/\/mylionbattery.com\/wp-content\/uploads\/2024\/09\/lifepo4-12v100ah-5.jpg 750w, https:\/\/mylionbattery.com\/wp-content\/uploads\/2024\/09\/lifepo4-12v100ah-5-266x300.jpg 266w, https:\/\/mylionbattery.com\/wp-content\/uploads\/2024\/09\/lifepo4-12v100ah-5-11x12.jpg 11w, https:\/\/mylionbattery.com\/wp-content\/uploads\/2024\/09\/lifepo4-12v100ah-5-600x678.jpg 600w\" sizes=\"(max-width: 750px) 100vw, 750px\" \/><\/p>\n<p><img loading=\"lazy\" decoding=\"async\" class=\"size-full wp-image-1020 aligncenter\" src=\"http:\/\/mylionbattery.com\/wp-content\/uploads\/2024\/09\/lifepo4-12v100ah-6.jpg\" alt=\"\" width=\"750\" height=\"655\" srcset=\"https:\/\/mylionbattery.com\/wp-content\/uploads\/2024\/09\/lifepo4-12v100ah-6.jpg 750w, https:\/\/mylionbattery.com\/wp-content\/uploads\/2024\/09\/lifepo4-12v100ah-6-300x262.jpg 300w, https:\/\/mylionbattery.com\/wp-content\/uploads\/2024\/09\/lifepo4-12v100ah-6-14x12.jpg 14w, https:\/\/mylionbattery.com\/wp-content\/uploads\/2024\/09\/lifepo4-12v100ah-6-600x524.jpg 600w\" sizes=\"(max-width: 750px) 100vw, 750px\" \/> <img loading=\"lazy\" decoding=\"async\" class=\"size-full wp-image-1021 aligncenter\" src=\"http:\/\/mylionbattery.com\/wp-content\/uploads\/2024\/09\/lifepo4-12v100ah-7.jpg\" alt=\"\" width=\"750\" height=\"684\" srcset=\"https:\/\/mylionbattery.com\/wp-content\/uploads\/2024\/09\/lifepo4-12v100ah-7.jpg 750w, https:\/\/mylionbattery.com\/wp-content\/uploads\/2024\/09\/lifepo4-12v100ah-7-300x274.jpg 300w, https:\/\/mylionbattery.com\/wp-content\/uploads\/2024\/09\/lifepo4-12v100ah-7-13x12.jpg 13w, https:\/\/mylionbattery.com\/wp-content\/uploads\/2024\/09\/lifepo4-12v100ah-7-600x547.jpg 600w\" sizes=\"(max-width: 750px) 100vw, 750px\" \/> <img loading=\"lazy\" decoding=\"async\" class=\"size-full wp-image-1022 aligncenter\" src=\"http:\/\/mylionbattery.com\/wp-content\/uploads\/2024\/09\/lifepo4-12v100ah-8.jpg\" alt=\"\" width=\"750\" height=\"867\" srcset=\"https:\/\/mylionbattery.com\/wp-content\/uploads\/2024\/09\/lifepo4-12v100ah-8.jpg 750w, https:\/\/mylionbattery.com\/wp-content\/uploads\/2024\/09\/lifepo4-12v100ah-8-260x300.jpg 260w, https:\/\/mylionbattery.com\/wp-content\/uploads\/2024\/09\/lifepo4-12v100ah-8-10x12.jpg 10w, https:\/\/mylionbattery.com\/wp-content\/uploads\/2024\/09\/lifepo4-12v100ah-8-600x694.jpg 600w\" sizes=\"(max-width: 750px) 100vw, 750px\" \/><\/p>\n<p>&nbsp;<\/p>","protected":false},"excerpt":{"rendered":"<ul>\n<li>Type : Remplacement de batterie au plomb LFP12100<\/li>\n<li>Nom du produit : batterie de secours au lithium-ion 12 V LiFe PO4<\/li>\n<li>Dimensions du bo\u00eetier noir : 172x327x320mm<\/li>\n<li>Poids : environ 11 kg<\/li>\n<li>Tension de la batterie : batterie lithium-ion 12 V<\/li>\n<li>Capacit\u00e9 de la batterie : batterie 100 Ah<\/li>\n<li>Dur\u00e9e de vie du cycle : plus de 2000 fois 70%DOD<\/li>\n<li>Application : stockage d&#039;\u00e9nergie solaire, v\u00e9hicule \u00e9lectrique, onduleur, centrale \u00e9lectrique<\/li>\n<li>Caract\u00e9ristiques : haute puissance et capacit\u00e9, s\u00fbr, longue dur\u00e9e de vie, vert, respectueux de l&#039;environnement, bonnes performances \u00e0 haute temp\u00e9rature<\/li>\n<\/ul>","protected":false},"featured_media":1005,"template":"","meta":[],"product_brand":[],"product_cat":[47,109,24,29],"product_tag":[111],"class_list":{"0":"post-1014","1":"product","2":"type-product","3":"status-publish","4":"has-post-thumbnail","6":"product_cat-12v-100ah","7":"product_cat-4-hero-products","8":"product_cat-home-hot-products","9":"product_cat-12v-lifep04-battery","10":"product_tag-for-home-telecom-industry-energy-that-lasts","12":"first","13":"instock","14":"shipping-taxable","15":"product-type-simple"},"yoast_head":"<!-- This site is optimized with the Yoast SEO plugin v26.1.1 - https:\/\/yoast.com\/wordpress\/plugins\/seo\/ -->\n<title>Mylion 12.8V100Ah Life PO4 Battery Lead-Acid Battery Replacement Battery For Boats\/Solar Battery\/UPS\u00a0 - mylionbattery<\/title>\n<meta name=\"description\" content=\"Discover Mylion Battery&#039;s innovative battery solutions, including mini UPS systems and lithium-ion batteries. Offering high-quality, customizable products designed with advanced technology to deliver exceptional performance and reliability for global markets.\" \/>\n<meta name=\"robots\" content=\"index, follow, max-snippet:-1, max-image-preview:large, max-video-preview:-1\" \/>\n<link rel=\"canonical\" href=\"https:\/\/mylionbattery.com\/fr\/produit\/mylion-12-8v100ah-life-po4-battery-lead-acid-battery-replacement-battery-for-boats-solar-battery-ups\/\" \/>\n<meta property=\"og:locale\" content=\"fr_FR\" \/>\n<meta property=\"og:type\" content=\"article\" \/>\n<meta property=\"og:title\" content=\"Mylion 12.8V100Ah Life PO4 Battery Lead-Acid Battery Replacement Battery For Boats\/Solar Battery\/UPS\u00a0 - mylionbattery\" \/>\n<meta property=\"og:description\" content=\"Discover Mylion Battery&#039;s innovative battery solutions, including mini UPS systems and lithium-ion batteries. Offering high-quality, customizable products designed with advanced technology to deliver exceptional performance and reliability for global markets.\" \/>\n<meta property=\"og:url\" content=\"https:\/\/mylionbattery.com\/fr\/produit\/mylion-12-8v100ah-life-po4-battery-lead-acid-battery-replacement-battery-for-boats-solar-battery-ups\/\" \/>\n<meta property=\"og:site_name\" content=\"mylionbattery\" \/>\n<meta property=\"article:modified_time\" content=\"2025-07-22T06:38:15+00:00\" \/>\n<meta property=\"og:image\" content=\"https:\/\/mylionbattery.com\/wp-content\/uploads\/2024\/09\/12v-100ah-battery-3.jpg\" \/>\n\t<meta property=\"og:image:width\" content=\"1000\" \/>\n\t<meta property=\"og:image:height\" content=\"1000\" \/>\n\t<meta property=\"og:image:type\" content=\"image\/jpeg\" \/>\n<meta name=\"twitter:card\" content=\"summary_large_image\" \/>\n<meta name=\"twitter:label1\" content=\"Dur\u00e9e de lecture estim\u00e9e\" \/>\n\t<meta name=\"twitter:data1\" content=\"3 minutes\" \/>\n<script type=\"application\/ld+json\" class=\"yoast-schema-graph\">{\"@context\":\"https:\/\/schema.org\",\"@graph\":[{\"@type\":\"WebPage\",\"@id\":\"https:\/\/mylionbattery.com\/product\/mylion-12-8v100ah-life-po4-battery-lead-acid-battery-replacement-battery-for-boats-solar-battery-ups\/\",\"url\":\"https:\/\/mylionbattery.com\/product\/mylion-12-8v100ah-life-po4-battery-lead-acid-battery-replacement-battery-for-boats-solar-battery-ups\/\",\"name\":\"Mylion 12.8V100Ah Life PO4 Battery Lead-Acid Battery Replacement Battery For Boats\/Solar Battery\/UPS\u00a0 - mylionbattery\",\"isPartOf\":{\"@id\":\"https:\/\/mylionbattery.com\/#website\"},\"primaryImageOfPage\":{\"@id\":\"https:\/\/mylionbattery.com\/product\/mylion-12-8v100ah-life-po4-battery-lead-acid-battery-replacement-battery-for-boats-solar-battery-ups\/#primaryimage\"},\"image\":{\"@id\":\"https:\/\/mylionbattery.com\/product\/mylion-12-8v100ah-life-po4-battery-lead-acid-battery-replacement-battery-for-boats-solar-battery-ups\/#primaryimage\"},\"thumbnailUrl\":\"https:\/\/mylionbattery.com\/wp-content\/uploads\/2024\/09\/12v-100ah-battery-3.jpg\",\"datePublished\":\"2024-09-20T02:33:35+00:00\",\"dateModified\":\"2025-07-22T06:38:15+00:00\",\"description\":\"Discover Mylion Battery's innovative battery solutions, including mini UPS systems and lithium-ion batteries. Offering high-quality, customizable products designed with advanced technology to deliver exceptional performance and reliability for global markets.\",\"breadcrumb\":{\"@id\":\"https:\/\/mylionbattery.com\/product\/mylion-12-8v100ah-life-po4-battery-lead-acid-battery-replacement-battery-for-boats-solar-battery-ups\/#breadcrumb\"},\"inLanguage\":\"fr-FR\",\"potentialAction\":[{\"@type\":\"ReadAction\",\"target\":[\"https:\/\/mylionbattery.com\/product\/mylion-12-8v100ah-life-po4-battery-lead-acid-battery-replacement-battery-for-boats-solar-battery-ups\/\"]}]},{\"@type\":\"ImageObject\",\"inLanguage\":\"fr-FR\",\"@id\":\"https:\/\/mylionbattery.com\/product\/mylion-12-8v100ah-life-po4-battery-lead-acid-battery-replacement-battery-for-boats-solar-battery-ups\/#primaryimage\",\"url\":\"https:\/\/mylionbattery.com\/wp-content\/uploads\/2024\/09\/12v-100ah-battery-3.jpg\",\"contentUrl\":\"https:\/\/mylionbattery.com\/wp-content\/uploads\/2024\/09\/12v-100ah-battery-3.jpg\",\"width\":1000,\"height\":1000},{\"@type\":\"BreadcrumbList\",\"@id\":\"https:\/\/mylionbattery.com\/product\/mylion-12-8v100ah-life-po4-battery-lead-acid-battery-replacement-battery-for-boats-solar-battery-ups\/#breadcrumb\",\"itemListElement\":[{\"@type\":\"ListItem\",\"position\":1,\"name\":\"\u9996\u9875\",\"item\":\"https:\/\/mylionbattery.com\/\"},{\"@type\":\"ListItem\",\"position\":2,\"name\":\"Products\",\"item\":\"https:\/\/mylionbattery.com\/products\/\"},{\"@type\":\"ListItem\",\"position\":3,\"name\":\"Mylion 12.8V100Ah Life PO4 Battery Lead-Acid Battery Replacement Battery For Boats\/Solar Battery\/UPS\u00a0\"}]},{\"@type\":\"WebSite\",\"@id\":\"https:\/\/mylionbattery.com\/#website\",\"url\":\"https:\/\/mylionbattery.com\/\",\"name\":\"Mylionbattery\",\"description\":\"mylionbattery\",\"publisher\":{\"@id\":\"https:\/\/mylionbattery.com\/#organization\"},\"potentialAction\":[{\"@type\":\"SearchAction\",\"target\":{\"@type\":\"EntryPoint\",\"urlTemplate\":\"https:\/\/mylionbattery.com\/?s={search_term_string}\"},\"query-input\":{\"@type\":\"PropertyValueSpecification\",\"valueRequired\":true,\"valueName\":\"search_term_string\"}}],\"inLanguage\":\"fr-FR\"},{\"@type\":\"Organization\",\"@id\":\"https:\/\/mylionbattery.com\/#organization\",\"name\":\"Mylionbattery\",\"url\":\"https:\/\/mylionbattery.com\/\",\"logo\":{\"@type\":\"ImageObject\",\"inLanguage\":\"fr-FR\",\"@id\":\"https:\/\/mylionbattery.com\/#\/schema\/logo\/image\/\",\"url\":\"http:\/\/mylionbattery.com\/wp-content\/uploads\/2024\/09\/\u767d\u5e95mylion-logo\u6b63\u65b9\u5f62.png\",\"contentUrl\":\"http:\/\/mylionbattery.com\/wp-content\/uploads\/2024\/09\/\u767d\u5e95mylion-logo\u6b63\u65b9\u5f62.png\",\"width\":600,\"height\":600,\"caption\":\"Mylionbattery\"},\"image\":{\"@id\":\"https:\/\/mylionbattery.com\/#\/schema\/logo\/image\/\"}}]}<\/script>\n<!-- \/ Yoast SEO plugin. -->","yoast_head_json":{"title":"Mylion 12.8V100Ah Life PO4 Battery Lead-Acid Battery Replacement Battery For Boats\/Solar Battery\/UPS\u00a0 - mylionbattery","description":"Discover Mylion Battery's innovative battery solutions, including mini UPS systems and lithium-ion batteries. Offering high-quality, customizable products designed with advanced technology to deliver exceptional performance and reliability for global markets.","robots":{"index":"index","follow":"follow","max-snippet":"max-snippet:-1","max-image-preview":"max-image-preview:large","max-video-preview":"max-video-preview:-1"},"canonical":"https:\/\/mylionbattery.com\/fr\/produit\/mylion-12-8v100ah-life-po4-battery-lead-acid-battery-replacement-battery-for-boats-solar-battery-ups\/","og_locale":"fr_FR","og_type":"article","og_title":"Mylion 12.8V100Ah Life PO4 Battery Lead-Acid Battery Replacement Battery For Boats\/Solar Battery\/UPS\u00a0 - mylionbattery","og_description":"Discover Mylion Battery's innovative battery solutions, including mini UPS systems and lithium-ion batteries. Offering high-quality, customizable products designed with advanced technology to deliver exceptional performance and reliability for global markets.","og_url":"https:\/\/mylionbattery.com\/fr\/produit\/mylion-12-8v100ah-life-po4-battery-lead-acid-battery-replacement-battery-for-boats-solar-battery-ups\/","og_site_name":"mylionbattery","article_modified_time":"2025-07-22T06:38:15+00:00","og_image":[{"width":1000,"height":1000,"url":"https:\/\/mylionbattery.com\/wp-content\/uploads\/2024\/09\/12v-100ah-battery-3.jpg","type":"image\/jpeg"}],"twitter_card":"summary_large_image","twitter_misc":{"Dur\u00e9e de lecture estim\u00e9e":"3 minutes"},"schema":{"@context":"https:\/\/schema.org","@graph":[{"@type":"WebPage","@id":"https:\/\/mylionbattery.com\/product\/mylion-12-8v100ah-life-po4-battery-lead-acid-battery-replacement-battery-for-boats-solar-battery-ups\/","url":"https:\/\/mylionbattery.com\/product\/mylion-12-8v100ah-life-po4-battery-lead-acid-battery-replacement-battery-for-boats-solar-battery-ups\/","name":"Mylion 12.8V100Ah Life PO4 Battery Lead-Acid Battery Replacement Battery For Boats\/Solar Battery\/UPS\u00a0 - mylionbattery","isPartOf":{"@id":"https:\/\/mylionbattery.com\/#website"},"primaryImageOfPage":{"@id":"https:\/\/mylionbattery.com\/product\/mylion-12-8v100ah-life-po4-battery-lead-acid-battery-replacement-battery-for-boats-solar-battery-ups\/#primaryimage"},"image":{"@id":"https:\/\/mylionbattery.com\/product\/mylion-12-8v100ah-life-po4-battery-lead-acid-battery-replacement-battery-for-boats-solar-battery-ups\/#primaryimage"},"thumbnailUrl":"https:\/\/mylionbattery.com\/wp-content\/uploads\/2024\/09\/12v-100ah-battery-3.jpg","datePublished":"2024-09-20T02:33:35+00:00","dateModified":"2025-07-22T06:38:15+00:00","description":"Discover Mylion Battery's innovative battery solutions, including mini UPS systems and lithium-ion batteries. Offering high-quality, customizable products designed with advanced technology to deliver exceptional performance and reliability for global markets.","breadcrumb":{"@id":"https:\/\/mylionbattery.com\/product\/mylion-12-8v100ah-life-po4-battery-lead-acid-battery-replacement-battery-for-boats-solar-battery-ups\/#breadcrumb"},"inLanguage":"fr-FR","potentialAction":[{"@type":"ReadAction","target":["https:\/\/mylionbattery.com\/product\/mylion-12-8v100ah-life-po4-battery-lead-acid-battery-replacement-battery-for-boats-solar-battery-ups\/"]}]},{"@type":"ImageObject","inLanguage":"fr-FR","@id":"https:\/\/mylionbattery.com\/product\/mylion-12-8v100ah-life-po4-battery-lead-acid-battery-replacement-battery-for-boats-solar-battery-ups\/#primaryimage","url":"https:\/\/mylionbattery.com\/wp-content\/uploads\/2024\/09\/12v-100ah-battery-3.jpg","contentUrl":"https:\/\/mylionbattery.com\/wp-content\/uploads\/2024\/09\/12v-100ah-battery-3.jpg","width":1000,"height":1000},{"@type":"BreadcrumbList","@id":"https:\/\/mylionbattery.com\/product\/mylion-12-8v100ah-life-po4-battery-lead-acid-battery-replacement-battery-for-boats-solar-battery-ups\/#breadcrumb","itemListElement":[{"@type":"ListItem","position":1,"name":"\u9996\u9875","item":"https:\/\/mylionbattery.com\/"},{"@type":"ListItem","position":2,"name":"Products","item":"https:\/\/mylionbattery.com\/products\/"},{"@type":"ListItem","position":3,"name":"Mylion 12.8V100Ah Life PO4 Battery Lead-Acid Battery Replacement Battery For Boats\/Solar Battery\/UPS\u00a0"}]},{"@type":"WebSite","@id":"https:\/\/mylionbattery.com\/#website","url":"https:\/\/mylionbattery.com\/","name":"Mylionbattery","description":"mylionbattery","publisher":{"@id":"https:\/\/mylionbattery.com\/#organization"},"potentialAction":[{"@type":"SearchAction","target":{"@type":"EntryPoint","urlTemplate":"https:\/\/mylionbattery.com\/?s={search_term_string}"},"query-input":{"@type":"PropertyValueSpecification","valueRequired":true,"valueName":"search_term_string"}}],"inLanguage":"fr-FR"},{"@type":"Organization","@id":"https:\/\/mylionbattery.com\/#organization","name":"Mylionbattery","url":"https:\/\/mylionbattery.com\/","logo":{"@type":"ImageObject","inLanguage":"fr-FR","@id":"https:\/\/mylionbattery.com\/#\/schema\/logo\/image\/","url":"http:\/\/mylionbattery.com\/wp-content\/uploads\/2024\/09\/\u767d\u5e95mylion-logo\u6b63\u65b9\u5f62.png","contentUrl":"http:\/\/mylionbattery.com\/wp-content\/uploads\/2024\/09\/\u767d\u5e95mylion-logo\u6b63\u65b9\u5f62.png","width":600,"height":600,"caption":"Mylionbattery"},"image":{"@id":"https:\/\/mylionbattery.com\/#\/schema\/logo\/image\/"}}]}},"_links":{"self":[{"href":"https:\/\/mylionbattery.com\/fr\/wp-json\/wp\/v2\/product\/1014","targetHints":{"allow":["GET"]}}],"collection":[{"href":"https:\/\/mylionbattery.com\/fr\/wp-json\/wp\/v2\/product"}],"about":[{"href":"https:\/\/mylionbattery.com\/fr\/wp-json\/wp\/v2\/types\/product"}],"version-history":[{"count":5,"href":"https:\/\/mylionbattery.com\/fr\/wp-json\/wp\/v2\/product\/1014\/revisions"}],"predecessor-version":[{"id":1030,"href":"https:\/\/mylionbattery.com\/fr\/wp-json\/wp\/v2\/product\/1014\/revisions\/1030"}],"wp:featuredmedia":[{"embeddable":true,"href":"https:\/\/mylionbattery.com\/fr\/wp-json\/wp\/v2\/media\/1005"}],"wp:attachment":[{"href":"https:\/\/mylionbattery.com\/fr\/wp-json\/wp\/v2\/media?parent=1014"}],"wp:term":[{"taxonomy":"product_brand","embeddable":true,"href":"https:\/\/mylionbattery.com\/fr\/wp-json\/wp\/v2\/product_brand?post=1014"},{"taxonomy":"product_cat","embeddable":true,"href":"https:\/\/mylionbattery.com\/fr\/wp-json\/wp\/v2\/product_cat?post=1014"},{"taxonomy":"product_tag","embeddable":true,"href":"https:\/\/mylionbattery.com\/fr\/wp-json\/wp\/v2\/product_tag?post=1014"}],"curies":[{"name":"wp","href":"https:\/\/api.w.org\/{rel}","templated":true}]}}