{"id":1035,"date":"2024-09-20T03:44:39","date_gmt":"2024-09-20T03:44:39","guid":{"rendered":"https:\/\/lightyellow-sardine-891901.hostingersite.com\/?post_type=product&#038;p=1035"},"modified":"2025-07-22T06:37:20","modified_gmt":"2025-07-22T06:37:20","slug":"mylion-12v50ah-lifepo4-lithium-battery-for-electric-golf-trolley-cart-parts","status":"publish","type":"product","link":"https:\/\/mylionbattery.com\/fr\/produit\/mylion-12v50ah-lifepo4-lithium-battery-for-electric-golf-trolley-cart-parts\/","title":{"rendered":"Batterie au lithium Mylion 12V50Ah LiFePO4 pour chariot de golf \u00e9lectrique\/pi\u00e8ces de chariot"},"content":{"rendered":"<p>Batterie au lithium Mylion 12V 50Ah LiFePO4 pour chariot de golf \u00e9lectrique\/pi\u00e8ces de chariot<\/p>\n<table width=\"925\">\n<tbody>\n<tr>\n<td colspan=\"2\" width=\"925\">Toutes les informations ci-dessous sont correctes et R\u00c9ELLES.<\/td>\n<\/tr>\n<tr>\n<td>Nom du produit<\/td>\n<td>Pack de batteries au lithium fer phosphate batteries de stockage lifepo4<\/td>\n<\/tr>\n<tr>\n<td>Nom du style<\/td>\n<td>Batterie solaire LiFe PO4 12V50Ah<\/td>\n<\/tr>\n<tr>\n<td>Capacit\u00e9 nominale<\/td>\n<td>50 Ah<\/td>\n<\/tr>\n<tr>\n<td>Tension nominale<\/td>\n<td>12V<\/td>\n<\/tr>\n<tr>\n<td>Tension de charge maximale<\/td>\n<td>14,6 V<\/td>\n<\/tr>\n<tr>\n<td>Tension de coupure de d\u00e9charge<\/td>\n<td>10 V<\/td>\n<\/tr>\n<tr>\n<td>Courant de d\u00e9charge continu maximal<\/td>\n<td>20A<\/td>\n<\/tr>\n<tr>\n<td>Courant de charge<\/td>\n<td>10A max<\/td>\n<\/tr>\n<tr>\n<td>Puissance de sortie<\/td>\n<td>600 W<\/td>\n<\/tr>\n<tr>\n<td rowspan=\"2\">Temps de travail<\/td>\n<td>Sortie 12 V 0,5 A (6 W) : environ 100 heures<\/td>\n<\/tr>\n<tr>\n<td>Sortie 12 V 1,0 A (12 W) : environ 50 heures<\/td>\n<\/tr>\n<tr>\n<td>Port de charge (IN)<\/td>\n<td rowspan=\"2\">plaque m\u00e9tallique (rouge + noir-)<\/td>\n<\/tr>\n<tr>\n<td>Orifice de d\u00e9charge (OUT)<\/td>\n<\/tr>\n<tr>\n<td>Dimensions du bo\u00eetier de la batterie (mm)<\/td>\n<td>L229xL138xH208mm<\/td>\n<\/tr>\n<tr>\n<td>Poids<\/td>\n<td>Environ 5 kg<\/td>\n<\/tr>\n<tr>\n<td>Marque de la cellule de batterie<\/td>\n<td>Cellule de marque chinoise<\/td>\n<\/tr>\n<tr>\n<td>Protection de la batterie<\/td>\n<td>Surcharge et d\u00e9charge, surintensit\u00e9, court-circuit<\/td>\n<\/tr>\n<tr>\n<td>Cycle de vie<\/td>\n<td>capacit\u00e9 de charge et de d\u00e9charge standard \u2265 80% C5mAh, dur\u00e9e de vie du cycle \u2265 1500<\/td>\n<\/tr>\n<tr>\n<td>Application<\/td>\n<td width=\"584\">\u00c9clairage, pulv\u00e9risateur de jardin, instrument ext\u00e9rieur, commande de porte, LED solaire, remplacement de batterie au plomb 12 V, etc.<\/td>\n<\/tr>\n<tr>\n<td>Emballer<\/td>\n<td>1 pi\u00e8ce dans un carton (15 x 29 x 37 cm), environ 6,5 kg\/carton<\/td>\n<\/tr>\n<tr>\n<td>Garantie<\/td>\n<td>12 mois<\/td>\n<\/tr>\n<\/tbody>\n<\/table>\n<p><img fetchpriority=\"high\" decoding=\"async\" class=\"size-full wp-image-1016 aligncenter\" src=\"http:\/\/mylionbattery.com\/wp-content\/uploads\/2024\/09\/lifepo4-12v100ah-2.jpg\" alt=\"\" width=\"750\" height=\"948\" srcset=\"https:\/\/mylionbattery.com\/wp-content\/uploads\/2024\/09\/lifepo4-12v100ah-2.jpg 750w, https:\/\/mylionbattery.com\/wp-content\/uploads\/2024\/09\/lifepo4-12v100ah-2-237x300.jpg 237w, https:\/\/mylionbattery.com\/wp-content\/uploads\/2024\/09\/lifepo4-12v100ah-2-9x12.jpg 9w, https:\/\/mylionbattery.com\/wp-content\/uploads\/2024\/09\/lifepo4-12v100ah-2-600x758.jpg 600w\" sizes=\"(max-width: 750px) 100vw, 750px\" \/><\/p>\n<p><img decoding=\"async\" class=\"size-full wp-image-1017 aligncenter\" src=\"http:\/\/mylionbattery.com\/wp-content\/uploads\/2024\/09\/lifepo4-12v100ah-3.jpg\" alt=\"\" width=\"750\" height=\"948\" srcset=\"https:\/\/mylionbattery.com\/wp-content\/uploads\/2024\/09\/lifepo4-12v100ah-3.jpg 750w, https:\/\/mylionbattery.com\/wp-content\/uploads\/2024\/09\/lifepo4-12v100ah-3-237x300.jpg 237w, https:\/\/mylionbattery.com\/wp-content\/uploads\/2024\/09\/lifepo4-12v100ah-3-9x12.jpg 9w, https:\/\/mylionbattery.com\/wp-content\/uploads\/2024\/09\/lifepo4-12v100ah-3-600x758.jpg 600w\" sizes=\"(max-width: 750px) 100vw, 750px\" \/><\/p>\n<p><img decoding=\"async\" class=\"size-full wp-image-1018 aligncenter\" src=\"http:\/\/mylionbattery.com\/wp-content\/uploads\/2024\/09\/lifepo4-12v100ah-4.jpg\" alt=\"\" width=\"750\" height=\"1228\" srcset=\"https:\/\/mylionbattery.com\/wp-content\/uploads\/2024\/09\/lifepo4-12v100ah-4.jpg 750w, https:\/\/mylionbattery.com\/wp-content\/uploads\/2024\/09\/lifepo4-12v100ah-4-183x300.jpg 183w, https:\/\/mylionbattery.com\/wp-content\/uploads\/2024\/09\/lifepo4-12v100ah-4-625x1024.jpg 625w, https:\/\/mylionbattery.com\/wp-content\/uploads\/2024\/09\/lifepo4-12v100ah-4-7x12.jpg 7w, https:\/\/mylionbattery.com\/wp-content\/uploads\/2024\/09\/lifepo4-12v100ah-4-600x982.jpg 600w\" sizes=\"(max-width: 750px) 100vw, 750px\" \/><\/p>\n<p><img loading=\"lazy\" decoding=\"async\" class=\"size-full wp-image-1019 aligncenter\" src=\"http:\/\/mylionbattery.com\/wp-content\/uploads\/2024\/09\/lifepo4-12v100ah-5.jpg\" alt=\"\" width=\"750\" height=\"847\" srcset=\"https:\/\/mylionbattery.com\/wp-content\/uploads\/2024\/09\/lifepo4-12v100ah-5.jpg 750w, https:\/\/mylionbattery.com\/wp-content\/uploads\/2024\/09\/lifepo4-12v100ah-5-266x300.jpg 266w, https:\/\/mylionbattery.com\/wp-content\/uploads\/2024\/09\/lifepo4-12v100ah-5-11x12.jpg 11w, https:\/\/mylionbattery.com\/wp-content\/uploads\/2024\/09\/lifepo4-12v100ah-5-600x678.jpg 600w\" sizes=\"(max-width: 750px) 100vw, 750px\" \/><\/p>\n<p><img loading=\"lazy\" decoding=\"async\" class=\"size-full wp-image-1020 aligncenter\" src=\"http:\/\/mylionbattery.com\/wp-content\/uploads\/2024\/09\/lifepo4-12v100ah-6.jpg\" alt=\"\" width=\"750\" height=\"655\" srcset=\"https:\/\/mylionbattery.com\/wp-content\/uploads\/2024\/09\/lifepo4-12v100ah-6.jpg 750w, https:\/\/mylionbattery.com\/wp-content\/uploads\/2024\/09\/lifepo4-12v100ah-6-300x262.jpg 300w, https:\/\/mylionbattery.com\/wp-content\/uploads\/2024\/09\/lifepo4-12v100ah-6-14x12.jpg 14w, https:\/\/mylionbattery.com\/wp-content\/uploads\/2024\/09\/lifepo4-12v100ah-6-600x524.jpg 600w\" sizes=\"(max-width: 750px) 100vw, 750px\" \/> <img loading=\"lazy\" decoding=\"async\" class=\"size-full wp-image-1021 aligncenter\" src=\"http:\/\/mylionbattery.com\/wp-content\/uploads\/2024\/09\/lifepo4-12v100ah-7.jpg\" alt=\"\" width=\"750\" height=\"684\" srcset=\"https:\/\/mylionbattery.com\/wp-content\/uploads\/2024\/09\/lifepo4-12v100ah-7.jpg 750w, https:\/\/mylionbattery.com\/wp-content\/uploads\/2024\/09\/lifepo4-12v100ah-7-300x274.jpg 300w, https:\/\/mylionbattery.com\/wp-content\/uploads\/2024\/09\/lifepo4-12v100ah-7-13x12.jpg 13w, https:\/\/mylionbattery.com\/wp-content\/uploads\/2024\/09\/lifepo4-12v100ah-7-600x547.jpg 600w\" sizes=\"(max-width: 750px) 100vw, 750px\" \/> <img loading=\"lazy\" decoding=\"async\" class=\"size-full wp-image-1022 aligncenter\" src=\"http:\/\/mylionbattery.com\/wp-content\/uploads\/2024\/09\/lifepo4-12v100ah-8.jpg\" alt=\"\" width=\"750\" height=\"867\" srcset=\"https:\/\/mylionbattery.com\/wp-content\/uploads\/2024\/09\/lifepo4-12v100ah-8.jpg 750w, https:\/\/mylionbattery.com\/wp-content\/uploads\/2024\/09\/lifepo4-12v100ah-8-260x300.jpg 260w, https:\/\/mylionbattery.com\/wp-content\/uploads\/2024\/09\/lifepo4-12v100ah-8-10x12.jpg 10w, https:\/\/mylionbattery.com\/wp-content\/uploads\/2024\/09\/lifepo4-12v100ah-8-600x694.jpg 600w\" sizes=\"(max-width: 750px) 100vw, 750px\" \/><\/p>\n<p>&nbsp;<\/p>","protected":false},"excerpt":{"rendered":"<ul class=\"ul1\">\n<li class=\"li1\">Type : Remplacement de batterie au plomb LFP1250<\/li>\n<li class=\"li1\">Nom du produit : batterie solaire de stockage de secours au lithium-ion 12V 50ah LiFe PO4<\/li>\n<li class=\"li1\">Dimensions du bo\u00eetier noir : 229x138x208mm<\/li>\n<li class=\"li1\">Poids : environ 5 kg<\/li>\n<li>Tension de la batterie : batterie lithium-ion 12 V<\/li>\n<li class=\"li1\">Capacit\u00e9 de la batterie : batterie po4 d&#039;une dur\u00e9e de vie de 50 Ah<\/li>\n<li class=\"li1\">Dur\u00e9e de vie du cycle : plus de 2000 fois 70%DOD<\/li>\n<li class=\"li1\">Application : stockage d&#039;\u00e9nergie solaire<span class=\"s2\">,<\/span>\u00a0v\u00e9hicule \u00e9lectrique<span class=\"s2\">,<\/span>\u00a0Oups<span class=\"s2\">,<\/span>centrale \u00e9lectrique<\/li>\n<li class=\"li1\">Caract\u00e9ristiques : haute puissance et capacit\u00e9<span class=\"s2\">,<\/span>\u00a0s\u00fbr<span class=\"s2\">,<\/span>\u00a0longue dur\u00e9e de vie<span class=\"s2\">,<\/span>\u00a0vert<span class=\"s2\">,<\/span>\u00a0respectueux de l&#039;environnement<span class=\"s2\">,<\/span>\u00a0bonne performance \u00e0 haute temp\u00e9rature<\/li>\n<\/ul>","protected":false},"featured_media":1037,"template":"","meta":[],"product_brand":[],"product_cat":[46,29],"product_tag":[111],"class_list":{"0":"post-1035","1":"product","2":"type-product","3":"status-publish","4":"has-post-thumbnail","6":"product_cat-12v-50ah","7":"product_cat-12v-lifep04-battery","8":"product_tag-for-home-telecom-industry-energy-that-lasts","10":"first","11":"instock","12":"shipping-taxable","13":"product-type-simple"},"yoast_head":"<!-- This site is optimized with the Yoast SEO plugin v26.1.1 - https:\/\/yoast.com\/wordpress\/plugins\/seo\/ -->\n<title>Mylion 12V50Ah LiFePO4 Lithium Battery for Electric Golf Trolley\/Cart Parts - mylionbattery<\/title>\n<meta name=\"description\" content=\"Discover Mylion Battery&#039;s innovative battery solutions, including mini UPS systems and lithium-ion batteries. Offering high-quality, customizable products designed with advanced technology to deliver exceptional performance and reliability for global markets.\" \/>\n<meta name=\"robots\" content=\"index, follow, max-snippet:-1, max-image-preview:large, max-video-preview:-1\" \/>\n<link rel=\"canonical\" href=\"https:\/\/mylionbattery.com\/fr\/produit\/mylion-12v50ah-lifepo4-lithium-battery-for-electric-golf-trolley-cart-parts\/\" \/>\n<meta property=\"og:locale\" content=\"fr_FR\" \/>\n<meta property=\"og:type\" content=\"article\" \/>\n<meta property=\"og:title\" content=\"Mylion 12V50Ah LiFePO4 Lithium Battery for Electric Golf Trolley\/Cart Parts - mylionbattery\" \/>\n<meta property=\"og:description\" content=\"Discover Mylion Battery&#039;s innovative battery solutions, including mini UPS systems and lithium-ion batteries. Offering high-quality, customizable products designed with advanced technology to deliver exceptional performance and reliability for global markets.\" \/>\n<meta property=\"og:url\" content=\"https:\/\/mylionbattery.com\/fr\/produit\/mylion-12v50ah-lifepo4-lithium-battery-for-electric-golf-trolley-cart-parts\/\" \/>\n<meta property=\"og:site_name\" content=\"mylionbattery\" \/>\n<meta property=\"article:modified_time\" content=\"2025-07-22T06:37:20+00:00\" \/>\n<meta property=\"og:image\" content=\"https:\/\/mylionbattery.com\/wp-content\/uploads\/2024\/09\/LFP12V50AH.jpg\" \/>\n\t<meta property=\"og:image:width\" content=\"725\" \/>\n\t<meta property=\"og:image:height\" content=\"669\" \/>\n\t<meta property=\"og:image:type\" content=\"image\/jpeg\" \/>\n<meta name=\"twitter:card\" content=\"summary_large_image\" \/>\n<meta name=\"twitter:label1\" content=\"Dur\u00e9e de lecture estim\u00e9e\" \/>\n\t<meta name=\"twitter:data1\" content=\"3 minutes\" \/>\n<script type=\"application\/ld+json\" class=\"yoast-schema-graph\">{\"@context\":\"https:\/\/schema.org\",\"@graph\":[{\"@type\":\"WebPage\",\"@id\":\"https:\/\/mylionbattery.com\/product\/mylion-12v50ah-lifepo4-lithium-battery-for-electric-golf-trolley-cart-parts\/\",\"url\":\"https:\/\/mylionbattery.com\/product\/mylion-12v50ah-lifepo4-lithium-battery-for-electric-golf-trolley-cart-parts\/\",\"name\":\"Mylion 12V50Ah LiFePO4 Lithium Battery for Electric Golf Trolley\/Cart Parts - mylionbattery\",\"isPartOf\":{\"@id\":\"https:\/\/mylionbattery.com\/#website\"},\"primaryImageOfPage\":{\"@id\":\"https:\/\/mylionbattery.com\/product\/mylion-12v50ah-lifepo4-lithium-battery-for-electric-golf-trolley-cart-parts\/#primaryimage\"},\"image\":{\"@id\":\"https:\/\/mylionbattery.com\/product\/mylion-12v50ah-lifepo4-lithium-battery-for-electric-golf-trolley-cart-parts\/#primaryimage\"},\"thumbnailUrl\":\"https:\/\/mylionbattery.com\/wp-content\/uploads\/2024\/09\/LFP12V50AH.jpg\",\"datePublished\":\"2024-09-20T03:44:39+00:00\",\"dateModified\":\"2025-07-22T06:37:20+00:00\",\"description\":\"Discover Mylion Battery's innovative battery solutions, including mini UPS systems and lithium-ion batteries. Offering high-quality, customizable products designed with advanced technology to deliver exceptional performance and reliability for global markets.\",\"breadcrumb\":{\"@id\":\"https:\/\/mylionbattery.com\/product\/mylion-12v50ah-lifepo4-lithium-battery-for-electric-golf-trolley-cart-parts\/#breadcrumb\"},\"inLanguage\":\"fr-FR\",\"potentialAction\":[{\"@type\":\"ReadAction\",\"target\":[\"https:\/\/mylionbattery.com\/product\/mylion-12v50ah-lifepo4-lithium-battery-for-electric-golf-trolley-cart-parts\/\"]}]},{\"@type\":\"ImageObject\",\"inLanguage\":\"fr-FR\",\"@id\":\"https:\/\/mylionbattery.com\/product\/mylion-12v50ah-lifepo4-lithium-battery-for-electric-golf-trolley-cart-parts\/#primaryimage\",\"url\":\"https:\/\/mylionbattery.com\/wp-content\/uploads\/2024\/09\/LFP12V50AH.jpg\",\"contentUrl\":\"https:\/\/mylionbattery.com\/wp-content\/uploads\/2024\/09\/LFP12V50AH.jpg\",\"width\":725,\"height\":669},{\"@type\":\"BreadcrumbList\",\"@id\":\"https:\/\/mylionbattery.com\/product\/mylion-12v50ah-lifepo4-lithium-battery-for-electric-golf-trolley-cart-parts\/#breadcrumb\",\"itemListElement\":[{\"@type\":\"ListItem\",\"position\":1,\"name\":\"\u9996\u9875\",\"item\":\"https:\/\/mylionbattery.com\/\"},{\"@type\":\"ListItem\",\"position\":2,\"name\":\"Products\",\"item\":\"https:\/\/mylionbattery.com\/products\/\"},{\"@type\":\"ListItem\",\"position\":3,\"name\":\"Mylion 12V50Ah LiFePO4 Lithium Battery for Electric Golf Trolley\/Cart Parts\"}]},{\"@type\":\"WebSite\",\"@id\":\"https:\/\/mylionbattery.com\/#website\",\"url\":\"https:\/\/mylionbattery.com\/\",\"name\":\"Mylionbattery\",\"description\":\"mylionbattery\",\"publisher\":{\"@id\":\"https:\/\/mylionbattery.com\/#organization\"},\"potentialAction\":[{\"@type\":\"SearchAction\",\"target\":{\"@type\":\"EntryPoint\",\"urlTemplate\":\"https:\/\/mylionbattery.com\/?s={search_term_string}\"},\"query-input\":{\"@type\":\"PropertyValueSpecification\",\"valueRequired\":true,\"valueName\":\"search_term_string\"}}],\"inLanguage\":\"fr-FR\"},{\"@type\":\"Organization\",\"@id\":\"https:\/\/mylionbattery.com\/#organization\",\"name\":\"Mylionbattery\",\"url\":\"https:\/\/mylionbattery.com\/\",\"logo\":{\"@type\":\"ImageObject\",\"inLanguage\":\"fr-FR\",\"@id\":\"https:\/\/mylionbattery.com\/#\/schema\/logo\/image\/\",\"url\":\"http:\/\/mylionbattery.com\/wp-content\/uploads\/2024\/09\/\u767d\u5e95mylion-logo\u6b63\u65b9\u5f62.png\",\"contentUrl\":\"http:\/\/mylionbattery.com\/wp-content\/uploads\/2024\/09\/\u767d\u5e95mylion-logo\u6b63\u65b9\u5f62.png\",\"width\":600,\"height\":600,\"caption\":\"Mylionbattery\"},\"image\":{\"@id\":\"https:\/\/mylionbattery.com\/#\/schema\/logo\/image\/\"}}]}<\/script>\n<!-- \/ Yoast SEO plugin. -->","yoast_head_json":{"title":"Mylion 12V50Ah LiFePO4 Lithium Battery for Electric Golf Trolley\/Cart Parts - mylionbattery","description":"Discover Mylion Battery's innovative battery solutions, including mini UPS systems and lithium-ion batteries. Offering high-quality, customizable products designed with advanced technology to deliver exceptional performance and reliability for global markets.","robots":{"index":"index","follow":"follow","max-snippet":"max-snippet:-1","max-image-preview":"max-image-preview:large","max-video-preview":"max-video-preview:-1"},"canonical":"https:\/\/mylionbattery.com\/fr\/produit\/mylion-12v50ah-lifepo4-lithium-battery-for-electric-golf-trolley-cart-parts\/","og_locale":"fr_FR","og_type":"article","og_title":"Mylion 12V50Ah LiFePO4 Lithium Battery for Electric Golf Trolley\/Cart Parts - mylionbattery","og_description":"Discover Mylion Battery's innovative battery solutions, including mini UPS systems and lithium-ion batteries. Offering high-quality, customizable products designed with advanced technology to deliver exceptional performance and reliability for global markets.","og_url":"https:\/\/mylionbattery.com\/fr\/produit\/mylion-12v50ah-lifepo4-lithium-battery-for-electric-golf-trolley-cart-parts\/","og_site_name":"mylionbattery","article_modified_time":"2025-07-22T06:37:20+00:00","og_image":[{"width":725,"height":669,"url":"https:\/\/mylionbattery.com\/wp-content\/uploads\/2024\/09\/LFP12V50AH.jpg","type":"image\/jpeg"}],"twitter_card":"summary_large_image","twitter_misc":{"Dur\u00e9e de lecture estim\u00e9e":"3 minutes"},"schema":{"@context":"https:\/\/schema.org","@graph":[{"@type":"WebPage","@id":"https:\/\/mylionbattery.com\/product\/mylion-12v50ah-lifepo4-lithium-battery-for-electric-golf-trolley-cart-parts\/","url":"https:\/\/mylionbattery.com\/product\/mylion-12v50ah-lifepo4-lithium-battery-for-electric-golf-trolley-cart-parts\/","name":"Mylion 12V50Ah LiFePO4 Lithium Battery for Electric Golf Trolley\/Cart Parts - mylionbattery","isPartOf":{"@id":"https:\/\/mylionbattery.com\/#website"},"primaryImageOfPage":{"@id":"https:\/\/mylionbattery.com\/product\/mylion-12v50ah-lifepo4-lithium-battery-for-electric-golf-trolley-cart-parts\/#primaryimage"},"image":{"@id":"https:\/\/mylionbattery.com\/product\/mylion-12v50ah-lifepo4-lithium-battery-for-electric-golf-trolley-cart-parts\/#primaryimage"},"thumbnailUrl":"https:\/\/mylionbattery.com\/wp-content\/uploads\/2024\/09\/LFP12V50AH.jpg","datePublished":"2024-09-20T03:44:39+00:00","dateModified":"2025-07-22T06:37:20+00:00","description":"Discover Mylion Battery's innovative battery solutions, including mini UPS systems and lithium-ion batteries. Offering high-quality, customizable products designed with advanced technology to deliver exceptional performance and reliability for global markets.","breadcrumb":{"@id":"https:\/\/mylionbattery.com\/product\/mylion-12v50ah-lifepo4-lithium-battery-for-electric-golf-trolley-cart-parts\/#breadcrumb"},"inLanguage":"fr-FR","potentialAction":[{"@type":"ReadAction","target":["https:\/\/mylionbattery.com\/product\/mylion-12v50ah-lifepo4-lithium-battery-for-electric-golf-trolley-cart-parts\/"]}]},{"@type":"ImageObject","inLanguage":"fr-FR","@id":"https:\/\/mylionbattery.com\/product\/mylion-12v50ah-lifepo4-lithium-battery-for-electric-golf-trolley-cart-parts\/#primaryimage","url":"https:\/\/mylionbattery.com\/wp-content\/uploads\/2024\/09\/LFP12V50AH.jpg","contentUrl":"https:\/\/mylionbattery.com\/wp-content\/uploads\/2024\/09\/LFP12V50AH.jpg","width":725,"height":669},{"@type":"BreadcrumbList","@id":"https:\/\/mylionbattery.com\/product\/mylion-12v50ah-lifepo4-lithium-battery-for-electric-golf-trolley-cart-parts\/#breadcrumb","itemListElement":[{"@type":"ListItem","position":1,"name":"\u9996\u9875","item":"https:\/\/mylionbattery.com\/"},{"@type":"ListItem","position":2,"name":"Products","item":"https:\/\/mylionbattery.com\/products\/"},{"@type":"ListItem","position":3,"name":"Mylion 12V50Ah LiFePO4 Lithium Battery for Electric Golf Trolley\/Cart Parts"}]},{"@type":"WebSite","@id":"https:\/\/mylionbattery.com\/#website","url":"https:\/\/mylionbattery.com\/","name":"Mylionbattery","description":"mylionbattery","publisher":{"@id":"https:\/\/mylionbattery.com\/#organization"},"potentialAction":[{"@type":"SearchAction","target":{"@type":"EntryPoint","urlTemplate":"https:\/\/mylionbattery.com\/?s={search_term_string}"},"query-input":{"@type":"PropertyValueSpecification","valueRequired":true,"valueName":"search_term_string"}}],"inLanguage":"fr-FR"},{"@type":"Organization","@id":"https:\/\/mylionbattery.com\/#organization","name":"Mylionbattery","url":"https:\/\/mylionbattery.com\/","logo":{"@type":"ImageObject","inLanguage":"fr-FR","@id":"https:\/\/mylionbattery.com\/#\/schema\/logo\/image\/","url":"http:\/\/mylionbattery.com\/wp-content\/uploads\/2024\/09\/\u767d\u5e95mylion-logo\u6b63\u65b9\u5f62.png","contentUrl":"http:\/\/mylionbattery.com\/wp-content\/uploads\/2024\/09\/\u767d\u5e95mylion-logo\u6b63\u65b9\u5f62.png","width":600,"height":600,"caption":"Mylionbattery"},"image":{"@id":"https:\/\/mylionbattery.com\/#\/schema\/logo\/image\/"}}]}},"_links":{"self":[{"href":"https:\/\/mylionbattery.com\/fr\/wp-json\/wp\/v2\/product\/1035","targetHints":{"allow":["GET"]}}],"collection":[{"href":"https:\/\/mylionbattery.com\/fr\/wp-json\/wp\/v2\/product"}],"about":[{"href":"https:\/\/mylionbattery.com\/fr\/wp-json\/wp\/v2\/types\/product"}],"version-history":[{"count":1,"href":"https:\/\/mylionbattery.com\/fr\/wp-json\/wp\/v2\/product\/1035\/revisions"}],"predecessor-version":[{"id":1036,"href":"https:\/\/mylionbattery.com\/fr\/wp-json\/wp\/v2\/product\/1035\/revisions\/1036"}],"wp:featuredmedia":[{"embeddable":true,"href":"https:\/\/mylionbattery.com\/fr\/wp-json\/wp\/v2\/media\/1037"}],"wp:attachment":[{"href":"https:\/\/mylionbattery.com\/fr\/wp-json\/wp\/v2\/media?parent=1035"}],"wp:term":[{"taxonomy":"product_brand","embeddable":true,"href":"https:\/\/mylionbattery.com\/fr\/wp-json\/wp\/v2\/product_brand?post=1035"},{"taxonomy":"product_cat","embeddable":true,"href":"https:\/\/mylionbattery.com\/fr\/wp-json\/wp\/v2\/product_cat?post=1035"},{"taxonomy":"product_tag","embeddable":true,"href":"https:\/\/mylionbattery.com\/fr\/wp-json\/wp\/v2\/product_tag?post=1035"}],"curies":[{"name":"wp","href":"https:\/\/api.w.org\/{rel}","templated":true}]}}