{"id":1090,"date":"2024-09-20T09:35:41","date_gmt":"2024-09-20T09:35:41","guid":{"rendered":"https:\/\/lightyellow-sardine-891901.hostingersite.com\/?post_type=product&#038;p=1090"},"modified":"2024-09-20T09:35:55","modified_gmt":"2024-09-20T09:35:55","slug":"mylion-waterproof-ac-power-mini-dc-ups-battery-backup-ma826s-for-wifi-router-cctv-security-camera","status":"publish","type":"product","link":"https:\/\/mylionbattery.com\/fr\/produit\/mylion-waterproof-ac-power-mini-dc-ups-battery-backup-ma826s-for-wifi-router-cctv-security-camera\/","title":{"rendered":"Mylion Mini onduleur d&#039;alimentation secteur \u00e9tanche MA826S pour routeur WiFi CCTV\/cam\u00e9ra de s\u00e9curit\u00e9"},"content":{"rendered":"<table style=\"height: 766px;\" width=\"931\">\n<tbody>\n<tr>\n<td width=\"433\">Nom du style<\/td>\n<td width=\"794\">MA826S<\/td>\n<\/tr>\n<tr>\n<td>Nom du produit<\/td>\n<td width=\"794\">Mini UPS pour routeur ADSL, routeur WiFi, cam\u00e9ra de vid\u00e9osurveillance\/s\u00e9curit\u00e9, lampadaire, lampe solaire, etc.<\/td>\n<\/tr>\n<tr>\n<td>Tension de sortie<\/td>\n<td>12V<\/td>\n<\/tr>\n<tr>\n<td>Courant de sortie<\/td>\n<td>1-2A<\/td>\n<\/tr>\n<tr>\n<td>Puissance de sortie<\/td>\n<td>77 Wh<\/td>\n<\/tr>\n<tr>\n<td>Tension d&#039;entr\u00e9e<\/td>\n<td>100-220 V CA<\/td>\n<\/tr>\n<tr>\n<td>Courant d&#039;entr\u00e9e<\/td>\n<td>Max AC2A<\/td>\n<\/tr>\n<tr>\n<td rowspan=\"2\">Temps de travail<\/td>\n<td>Sortie 12 V 0,5 A (6 W) : environ 13 heures<\/td>\n<\/tr>\n<tr>\n<td>Sortie 12 V 1 A (12 W) : environ 7 heures<\/td>\n<\/tr>\n<tr>\n<td>Port de charge (IN)<\/td>\n<td>Prise am\u00e9ricaine ou europ\u00e9enne<\/td>\n<\/tr>\n<tr>\n<td>Orifice de d\u00e9charge (OUT)<\/td>\n<td>DC.5.5\u00d72.5 \u00e9tanche<\/td>\n<\/tr>\n<tr>\n<td>Mat\u00e9riau du bo\u00eetier<\/td>\n<td>ABS r\u00e9sistant \u00e0 l&#039;eau<\/td>\n<\/tr>\n<tr>\n<td>Changer<\/td>\n<td>R\u00e9sistant \u00e0 l&#039;eau<\/td>\n<\/tr>\n<tr>\n<td>Indicateur LED<\/td>\n<td>Travail et charge<\/td>\n<\/tr>\n<tr>\n<td>Couleur du bo\u00eetier<\/td>\n<td>Gris<\/td>\n<\/tr>\n<tr>\n<td>Dimensions du bo\u00eetier<\/td>\n<td>L158xL90xH64mm<\/td>\n<\/tr>\n<tr>\n<td>Poids<\/td>\n<td>700g<\/td>\n<\/tr>\n<tr>\n<td>Marque de la cellule de batterie<\/td>\n<td>Cellule de marque japonaise ou cor\u00e9enne<\/td>\n<\/tr>\n<tr>\n<td>Certification des cellules de batterie<\/td>\n<td>CB, UN38.3, BIS, KC, FDS, ROHS, CQC, CEM<\/td>\n<\/tr>\n<tr>\n<td>Protection de la batterie<\/td>\n<td width=\"794\">Protection contre la temp\u00e9rature, surcharge et d\u00e9charge, surintensit\u00e9, court-circuit<\/td>\n<\/tr>\n<tr>\n<td>Cycle de vie<\/td>\n<td>capacit\u00e9 de charge et de d\u00e9charge standard \u2265 80% C5mAh, dur\u00e9e de vie du cycle \u2265 600<\/td>\n<\/tr>\n<tr>\n<td>Application<\/td>\n<td>Lumi\u00e8re LED \/ bande LED \/ cam\u00e9ra de s\u00e9curit\u00e9 CCTV \/ IP, WIFI, routeur<\/td>\n<\/tr>\n<tr>\n<td>Emballer<\/td>\n<td>12 pi\u00e8ces dans un carton (L46 x l31 x H32 cm), environ 9,5 kg\/carton<\/td>\n<\/tr>\n<tr>\n<td>Garantie<\/td>\n<td>12 mois<\/td>\n<\/tr>\n<\/tbody>\n<\/table>\n<p><img fetchpriority=\"high\" decoding=\"async\" class=\"size-full wp-image-1091 aligncenter\" src=\"http:\/\/mylionbattery.com\/wp-content\/uploads\/2024\/09\/UPS-2.jpg\" alt=\"\" width=\"750\" height=\"328\" srcset=\"https:\/\/mylionbattery.com\/wp-content\/uploads\/2024\/09\/UPS-2.jpg 750w, https:\/\/mylionbattery.com\/wp-content\/uploads\/2024\/09\/UPS-2-300x131.jpg 300w, https:\/\/mylionbattery.com\/wp-content\/uploads\/2024\/09\/UPS-2-18x8.jpg 18w, https:\/\/mylionbattery.com\/wp-content\/uploads\/2024\/09\/UPS-2-600x262.jpg 600w\" sizes=\"(max-width: 750px) 100vw, 750px\" \/> <img decoding=\"async\" class=\"size-full wp-image-1092 aligncenter\" src=\"http:\/\/mylionbattery.com\/wp-content\/uploads\/2024\/09\/UPS-3.jpg\" alt=\"\" width=\"750\" height=\"830\" srcset=\"https:\/\/mylionbattery.com\/wp-content\/uploads\/2024\/09\/UPS-3.jpg 750w, https:\/\/mylionbattery.com\/wp-content\/uploads\/2024\/09\/UPS-3-271x300.jpg 271w, https:\/\/mylionbattery.com\/wp-content\/uploads\/2024\/09\/UPS-3-11x12.jpg 11w, https:\/\/mylionbattery.com\/wp-content\/uploads\/2024\/09\/UPS-3-600x664.jpg 600w\" sizes=\"(max-width: 750px) 100vw, 750px\" \/> <img decoding=\"async\" class=\"size-full wp-image-1093 aligncenter\" src=\"http:\/\/mylionbattery.com\/wp-content\/uploads\/2024\/09\/UPS-4.jpg\" alt=\"\" width=\"750\" height=\"1261\" srcset=\"https:\/\/mylionbattery.com\/wp-content\/uploads\/2024\/09\/UPS-4.jpg 750w, https:\/\/mylionbattery.com\/wp-content\/uploads\/2024\/09\/UPS-4-178x300.jpg 178w, https:\/\/mylionbattery.com\/wp-content\/uploads\/2024\/09\/UPS-4-609x1024.jpg 609w, https:\/\/mylionbattery.com\/wp-content\/uploads\/2024\/09\/UPS-4-7x12.jpg 7w, https:\/\/mylionbattery.com\/wp-content\/uploads\/2024\/09\/UPS-4-600x1009.jpg 600w\" sizes=\"(max-width: 750px) 100vw, 750px\" \/> <img loading=\"lazy\" decoding=\"async\" class=\"size-full wp-image-1094 aligncenter\" src=\"http:\/\/mylionbattery.com\/wp-content\/uploads\/2024\/09\/UPS-5.jpg\" alt=\"\" width=\"750\" height=\"1682\" srcset=\"https:\/\/mylionbattery.com\/wp-content\/uploads\/2024\/09\/UPS-5.jpg 750w, https:\/\/mylionbattery.com\/wp-content\/uploads\/2024\/09\/UPS-5-134x300.jpg 134w, https:\/\/mylionbattery.com\/wp-content\/uploads\/2024\/09\/UPS-5-457x1024.jpg 457w, https:\/\/mylionbattery.com\/wp-content\/uploads\/2024\/09\/UPS-5-685x1536.jpg 685w, https:\/\/mylionbattery.com\/wp-content\/uploads\/2024\/09\/UPS-5-5x12.jpg 5w, https:\/\/mylionbattery.com\/wp-content\/uploads\/2024\/09\/UPS-5-600x1346.jpg 600w\" sizes=\"(max-width: 750px) 100vw, 750px\" \/> <img loading=\"lazy\" decoding=\"async\" class=\"size-full wp-image-1095 aligncenter\" src=\"http:\/\/mylionbattery.com\/wp-content\/uploads\/2024\/09\/UPS-6.jpg\" alt=\"\" width=\"750\" height=\"1957\" srcset=\"https:\/\/mylionbattery.com\/wp-content\/uploads\/2024\/09\/UPS-6.jpg 750w, https:\/\/mylionbattery.com\/wp-content\/uploads\/2024\/09\/UPS-6-115x300.jpg 115w, https:\/\/mylionbattery.com\/wp-content\/uploads\/2024\/09\/UPS-6-392x1024.jpg 392w, https:\/\/mylionbattery.com\/wp-content\/uploads\/2024\/09\/UPS-6-589x1536.jpg 589w, https:\/\/mylionbattery.com\/wp-content\/uploads\/2024\/09\/UPS-6-5x12.jpg 5w, https:\/\/mylionbattery.com\/wp-content\/uploads\/2024\/09\/UPS-6-600x1566.jpg 600w\" sizes=\"(max-width: 750px) 100vw, 750px\" \/> <img loading=\"lazy\" decoding=\"async\" class=\"size-full wp-image-1096 aligncenter\" src=\"http:\/\/mylionbattery.com\/wp-content\/uploads\/2024\/09\/UPS-7.jpg\" alt=\"\" width=\"750\" height=\"1142\" srcset=\"https:\/\/mylionbattery.com\/wp-content\/uploads\/2024\/09\/UPS-7.jpg 750w, https:\/\/mylionbattery.com\/wp-content\/uploads\/2024\/09\/UPS-7-197x300.jpg 197w, https:\/\/mylionbattery.com\/wp-content\/uploads\/2024\/09\/UPS-7-673x1024.jpg 673w, https:\/\/mylionbattery.com\/wp-content\/uploads\/2024\/09\/UPS-7-8x12.jpg 8w, https:\/\/mylionbattery.com\/wp-content\/uploads\/2024\/09\/UPS-7-600x914.jpg 600w\" sizes=\"(max-width: 750px) 100vw, 750px\" \/><\/p>","protected":false},"excerpt":{"rendered":"<p>Mylion MA826S 110V-240V Entr\u00e9e 12V constante 3A Sortie Mini DC UPS pour lampadaire LED, s\u00e9curit\u00e9\/CCTV\/cam\u00e9ra IP, acc\u00e8s de porte, modem ADSL Routeur WiFi AP sans fil distributeur automatique, empreinte digitale etc.<\/p>\n<ul>\n<li>Nom du produit : MA826 77Wh 100-240V IN 12V 3A OUT MINI DC UPS<\/li>\n<li>Application : \u00e9clairage LED\/s\u00e9curit\u00e9\/IP\/cam\u00e9ra de vid\u00e9osurveillance\/WIFI\/routeur\/CPAP m\u00e9dical<\/li>\n<li>Fonction : offrir une alimentation \u00e9lectrique ininterrompue aux appareils \u00e9lectroniques.<\/li>\n<li>Connecteur : DC5.5\u00d72.1 et prise secteur<\/li>\n<li>Caract\u00e9ristiques : alimentation secteur, \u00e9tanche<\/li>\n<li>Type de batterie : batterie lithium-ion<\/li>\n<li>Protection : temp\u00e9rature, surcharge et d\u00e9charge, surintensit\u00e9, court-circuit<\/li>\n<\/ul>","protected":false},"featured_media":1097,"template":"","meta":[],"product_brand":[],"product_cat":[38,20],"product_tag":[],"class_list":{"0":"post-1090","1":"product","2":"type-product","3":"status-publish","4":"has-post-thumbnail","6":"product_cat-ma826-3a","7":"product_cat-mini-ups","9":"first","10":"instock","11":"shipping-taxable","12":"product-type-simple"},"yoast_head":"<!-- This site is optimized with the Yoast SEO plugin v26.1.1 - https:\/\/yoast.com\/wordpress\/plugins\/seo\/ -->\n<title>Mylion Waterproof AC Power Mini DC UPS Battery Backup MA826S for WiFi Router CCTV\/Security Camera - mylionbattery<\/title>\n<meta name=\"description\" content=\"Discover Mylion Battery&#039;s innovative battery solutions, including mini UPS systems and lithium-ion batteries. Offering high-quality, customizable products designed with advanced technology to deliver exceptional performance and reliability for global markets.\" \/>\n<meta name=\"robots\" content=\"index, follow, max-snippet:-1, max-image-preview:large, max-video-preview:-1\" \/>\n<link rel=\"canonical\" href=\"https:\/\/mylionbattery.com\/fr\/produit\/mylion-waterproof-ac-power-mini-dc-ups-battery-backup-ma826s-for-wifi-router-cctv-security-camera\/\" \/>\n<meta property=\"og:locale\" content=\"fr_FR\" \/>\n<meta property=\"og:type\" content=\"article\" \/>\n<meta property=\"og:title\" content=\"Mylion Waterproof AC Power Mini DC UPS Battery Backup MA826S for WiFi Router CCTV\/Security Camera - mylionbattery\" \/>\n<meta property=\"og:description\" content=\"Discover Mylion Battery&#039;s innovative battery solutions, including mini UPS systems and lithium-ion batteries. Offering high-quality, customizable products designed with advanced technology to deliver exceptional performance and reliability for global markets.\" \/>\n<meta property=\"og:url\" content=\"https:\/\/mylionbattery.com\/fr\/produit\/mylion-waterproof-ac-power-mini-dc-ups-battery-backup-ma826s-for-wifi-router-cctv-security-camera\/\" \/>\n<meta property=\"og:site_name\" content=\"mylionbattery\" \/>\n<meta property=\"article:modified_time\" content=\"2024-09-20T09:35:55+00:00\" \/>\n<meta property=\"og:image\" content=\"https:\/\/mylionbattery.com\/wp-content\/uploads\/2024\/09\/220v3a-mini-dc-ups-1.jpg\" \/>\n\t<meta property=\"og:image:width\" content=\"1000\" \/>\n\t<meta property=\"og:image:height\" content=\"1000\" \/>\n\t<meta property=\"og:image:type\" content=\"image\/jpeg\" \/>\n<meta name=\"twitter:card\" content=\"summary_large_image\" \/>\n<meta name=\"twitter:label1\" content=\"Dur\u00e9e de lecture estim\u00e9e\" \/>\n\t<meta name=\"twitter:data1\" content=\"1 minute\" \/>\n<script type=\"application\/ld+json\" class=\"yoast-schema-graph\">{\"@context\":\"https:\/\/schema.org\",\"@graph\":[{\"@type\":\"WebPage\",\"@id\":\"https:\/\/mylionbattery.com\/product\/mylion-waterproof-ac-power-mini-dc-ups-battery-backup-ma826s-for-wifi-router-cctv-security-camera\/\",\"url\":\"https:\/\/mylionbattery.com\/product\/mylion-waterproof-ac-power-mini-dc-ups-battery-backup-ma826s-for-wifi-router-cctv-security-camera\/\",\"name\":\"Mylion Waterproof AC Power Mini DC UPS Battery Backup MA826S for WiFi Router CCTV\/Security Camera - mylionbattery\",\"isPartOf\":{\"@id\":\"https:\/\/mylionbattery.com\/#website\"},\"primaryImageOfPage\":{\"@id\":\"https:\/\/mylionbattery.com\/product\/mylion-waterproof-ac-power-mini-dc-ups-battery-backup-ma826s-for-wifi-router-cctv-security-camera\/#primaryimage\"},\"image\":{\"@id\":\"https:\/\/mylionbattery.com\/product\/mylion-waterproof-ac-power-mini-dc-ups-battery-backup-ma826s-for-wifi-router-cctv-security-camera\/#primaryimage\"},\"thumbnailUrl\":\"https:\/\/mylionbattery.com\/wp-content\/uploads\/2024\/09\/220v3a-mini-dc-ups-1.jpg\",\"datePublished\":\"2024-09-20T09:35:41+00:00\",\"dateModified\":\"2024-09-20T09:35:55+00:00\",\"description\":\"Discover Mylion Battery's innovative battery solutions, including mini UPS systems and lithium-ion batteries. Offering high-quality, customizable products designed with advanced technology to deliver exceptional performance and reliability for global markets.\",\"breadcrumb\":{\"@id\":\"https:\/\/mylionbattery.com\/product\/mylion-waterproof-ac-power-mini-dc-ups-battery-backup-ma826s-for-wifi-router-cctv-security-camera\/#breadcrumb\"},\"inLanguage\":\"fr-FR\",\"potentialAction\":[{\"@type\":\"ReadAction\",\"target\":[\"https:\/\/mylionbattery.com\/product\/mylion-waterproof-ac-power-mini-dc-ups-battery-backup-ma826s-for-wifi-router-cctv-security-camera\/\"]}]},{\"@type\":\"ImageObject\",\"inLanguage\":\"fr-FR\",\"@id\":\"https:\/\/mylionbattery.com\/product\/mylion-waterproof-ac-power-mini-dc-ups-battery-backup-ma826s-for-wifi-router-cctv-security-camera\/#primaryimage\",\"url\":\"https:\/\/mylionbattery.com\/wp-content\/uploads\/2024\/09\/220v3a-mini-dc-ups-1.jpg\",\"contentUrl\":\"https:\/\/mylionbattery.com\/wp-content\/uploads\/2024\/09\/220v3a-mini-dc-ups-1.jpg\",\"width\":1000,\"height\":1000},{\"@type\":\"BreadcrumbList\",\"@id\":\"https:\/\/mylionbattery.com\/product\/mylion-waterproof-ac-power-mini-dc-ups-battery-backup-ma826s-for-wifi-router-cctv-security-camera\/#breadcrumb\",\"itemListElement\":[{\"@type\":\"ListItem\",\"position\":1,\"name\":\"\u9996\u9875\",\"item\":\"https:\/\/mylionbattery.com\/\"},{\"@type\":\"ListItem\",\"position\":2,\"name\":\"Products\",\"item\":\"https:\/\/mylionbattery.com\/products\/\"},{\"@type\":\"ListItem\",\"position\":3,\"name\":\"Mylion Waterproof AC Power Mini DC UPS Battery Backup MA826S for WiFi Router CCTV\/Security Camera\"}]},{\"@type\":\"WebSite\",\"@id\":\"https:\/\/mylionbattery.com\/#website\",\"url\":\"https:\/\/mylionbattery.com\/\",\"name\":\"Mylionbattery\",\"description\":\"mylionbattery\",\"publisher\":{\"@id\":\"https:\/\/mylionbattery.com\/#organization\"},\"potentialAction\":[{\"@type\":\"SearchAction\",\"target\":{\"@type\":\"EntryPoint\",\"urlTemplate\":\"https:\/\/mylionbattery.com\/?s={search_term_string}\"},\"query-input\":{\"@type\":\"PropertyValueSpecification\",\"valueRequired\":true,\"valueName\":\"search_term_string\"}}],\"inLanguage\":\"fr-FR\"},{\"@type\":\"Organization\",\"@id\":\"https:\/\/mylionbattery.com\/#organization\",\"name\":\"Mylionbattery\",\"url\":\"https:\/\/mylionbattery.com\/\",\"logo\":{\"@type\":\"ImageObject\",\"inLanguage\":\"fr-FR\",\"@id\":\"https:\/\/mylionbattery.com\/#\/schema\/logo\/image\/\",\"url\":\"http:\/\/mylionbattery.com\/wp-content\/uploads\/2024\/09\/\u767d\u5e95mylion-logo\u6b63\u65b9\u5f62.png\",\"contentUrl\":\"http:\/\/mylionbattery.com\/wp-content\/uploads\/2024\/09\/\u767d\u5e95mylion-logo\u6b63\u65b9\u5f62.png\",\"width\":600,\"height\":600,\"caption\":\"Mylionbattery\"},\"image\":{\"@id\":\"https:\/\/mylionbattery.com\/#\/schema\/logo\/image\/\"}}]}<\/script>\n<!-- \/ Yoast SEO plugin. -->","yoast_head_json":{"title":"Mylion Waterproof AC Power Mini DC UPS Battery Backup MA826S for WiFi Router CCTV\/Security Camera - mylionbattery","description":"Discover Mylion Battery's innovative battery solutions, including mini UPS systems and lithium-ion batteries. Offering high-quality, customizable products designed with advanced technology to deliver exceptional performance and reliability for global markets.","robots":{"index":"index","follow":"follow","max-snippet":"max-snippet:-1","max-image-preview":"max-image-preview:large","max-video-preview":"max-video-preview:-1"},"canonical":"https:\/\/mylionbattery.com\/fr\/produit\/mylion-waterproof-ac-power-mini-dc-ups-battery-backup-ma826s-for-wifi-router-cctv-security-camera\/","og_locale":"fr_FR","og_type":"article","og_title":"Mylion Waterproof AC Power Mini DC UPS Battery Backup MA826S for WiFi Router CCTV\/Security Camera - mylionbattery","og_description":"Discover Mylion Battery's innovative battery solutions, including mini UPS systems and lithium-ion batteries. Offering high-quality, customizable products designed with advanced technology to deliver exceptional performance and reliability for global markets.","og_url":"https:\/\/mylionbattery.com\/fr\/produit\/mylion-waterproof-ac-power-mini-dc-ups-battery-backup-ma826s-for-wifi-router-cctv-security-camera\/","og_site_name":"mylionbattery","article_modified_time":"2024-09-20T09:35:55+00:00","og_image":[{"width":1000,"height":1000,"url":"https:\/\/mylionbattery.com\/wp-content\/uploads\/2024\/09\/220v3a-mini-dc-ups-1.jpg","type":"image\/jpeg"}],"twitter_card":"summary_large_image","twitter_misc":{"Dur\u00e9e de lecture estim\u00e9e":"1 minute"},"schema":{"@context":"https:\/\/schema.org","@graph":[{"@type":"WebPage","@id":"https:\/\/mylionbattery.com\/product\/mylion-waterproof-ac-power-mini-dc-ups-battery-backup-ma826s-for-wifi-router-cctv-security-camera\/","url":"https:\/\/mylionbattery.com\/product\/mylion-waterproof-ac-power-mini-dc-ups-battery-backup-ma826s-for-wifi-router-cctv-security-camera\/","name":"Mylion Waterproof AC Power Mini DC UPS Battery Backup MA826S for WiFi Router CCTV\/Security Camera - mylionbattery","isPartOf":{"@id":"https:\/\/mylionbattery.com\/#website"},"primaryImageOfPage":{"@id":"https:\/\/mylionbattery.com\/product\/mylion-waterproof-ac-power-mini-dc-ups-battery-backup-ma826s-for-wifi-router-cctv-security-camera\/#primaryimage"},"image":{"@id":"https:\/\/mylionbattery.com\/product\/mylion-waterproof-ac-power-mini-dc-ups-battery-backup-ma826s-for-wifi-router-cctv-security-camera\/#primaryimage"},"thumbnailUrl":"https:\/\/mylionbattery.com\/wp-content\/uploads\/2024\/09\/220v3a-mini-dc-ups-1.jpg","datePublished":"2024-09-20T09:35:41+00:00","dateModified":"2024-09-20T09:35:55+00:00","description":"Discover Mylion Battery's innovative battery solutions, including mini UPS systems and lithium-ion batteries. Offering high-quality, customizable products designed with advanced technology to deliver exceptional performance and reliability for global markets.","breadcrumb":{"@id":"https:\/\/mylionbattery.com\/product\/mylion-waterproof-ac-power-mini-dc-ups-battery-backup-ma826s-for-wifi-router-cctv-security-camera\/#breadcrumb"},"inLanguage":"fr-FR","potentialAction":[{"@type":"ReadAction","target":["https:\/\/mylionbattery.com\/product\/mylion-waterproof-ac-power-mini-dc-ups-battery-backup-ma826s-for-wifi-router-cctv-security-camera\/"]}]},{"@type":"ImageObject","inLanguage":"fr-FR","@id":"https:\/\/mylionbattery.com\/product\/mylion-waterproof-ac-power-mini-dc-ups-battery-backup-ma826s-for-wifi-router-cctv-security-camera\/#primaryimage","url":"https:\/\/mylionbattery.com\/wp-content\/uploads\/2024\/09\/220v3a-mini-dc-ups-1.jpg","contentUrl":"https:\/\/mylionbattery.com\/wp-content\/uploads\/2024\/09\/220v3a-mini-dc-ups-1.jpg","width":1000,"height":1000},{"@type":"BreadcrumbList","@id":"https:\/\/mylionbattery.com\/product\/mylion-waterproof-ac-power-mini-dc-ups-battery-backup-ma826s-for-wifi-router-cctv-security-camera\/#breadcrumb","itemListElement":[{"@type":"ListItem","position":1,"name":"\u9996\u9875","item":"https:\/\/mylionbattery.com\/"},{"@type":"ListItem","position":2,"name":"Products","item":"https:\/\/mylionbattery.com\/products\/"},{"@type":"ListItem","position":3,"name":"Mylion Waterproof AC Power Mini DC UPS Battery Backup MA826S for WiFi Router CCTV\/Security Camera"}]},{"@type":"WebSite","@id":"https:\/\/mylionbattery.com\/#website","url":"https:\/\/mylionbattery.com\/","name":"Mylionbattery","description":"mylionbattery","publisher":{"@id":"https:\/\/mylionbattery.com\/#organization"},"potentialAction":[{"@type":"SearchAction","target":{"@type":"EntryPoint","urlTemplate":"https:\/\/mylionbattery.com\/?s={search_term_string}"},"query-input":{"@type":"PropertyValueSpecification","valueRequired":true,"valueName":"search_term_string"}}],"inLanguage":"fr-FR"},{"@type":"Organization","@id":"https:\/\/mylionbattery.com\/#organization","name":"Mylionbattery","url":"https:\/\/mylionbattery.com\/","logo":{"@type":"ImageObject","inLanguage":"fr-FR","@id":"https:\/\/mylionbattery.com\/#\/schema\/logo\/image\/","url":"http:\/\/mylionbattery.com\/wp-content\/uploads\/2024\/09\/\u767d\u5e95mylion-logo\u6b63\u65b9\u5f62.png","contentUrl":"http:\/\/mylionbattery.com\/wp-content\/uploads\/2024\/09\/\u767d\u5e95mylion-logo\u6b63\u65b9\u5f62.png","width":600,"height":600,"caption":"Mylionbattery"},"image":{"@id":"https:\/\/mylionbattery.com\/#\/schema\/logo\/image\/"}}]}},"_links":{"self":[{"href":"https:\/\/mylionbattery.com\/fr\/wp-json\/wp\/v2\/product\/1090","targetHints":{"allow":["GET"]}}],"collection":[{"href":"https:\/\/mylionbattery.com\/fr\/wp-json\/wp\/v2\/product"}],"about":[{"href":"https:\/\/mylionbattery.com\/fr\/wp-json\/wp\/v2\/types\/product"}],"version-history":[{"count":2,"href":"https:\/\/mylionbattery.com\/fr\/wp-json\/wp\/v2\/product\/1090\/revisions"}],"predecessor-version":[{"id":1103,"href":"https:\/\/mylionbattery.com\/fr\/wp-json\/wp\/v2\/product\/1090\/revisions\/1103"}],"wp:featuredmedia":[{"embeddable":true,"href":"https:\/\/mylionbattery.com\/fr\/wp-json\/wp\/v2\/media\/1097"}],"wp:attachment":[{"href":"https:\/\/mylionbattery.com\/fr\/wp-json\/wp\/v2\/media?parent=1090"}],"wp:term":[{"taxonomy":"product_brand","embeddable":true,"href":"https:\/\/mylionbattery.com\/fr\/wp-json\/wp\/v2\/product_brand?post=1090"},{"taxonomy":"product_cat","embeddable":true,"href":"https:\/\/mylionbattery.com\/fr\/wp-json\/wp\/v2\/product_cat?post=1090"},{"taxonomy":"product_tag","embeddable":true,"href":"https:\/\/mylionbattery.com\/fr\/wp-json\/wp\/v2\/product_tag?post=1090"}],"curies":[{"name":"wp","href":"https:\/\/api.w.org\/{rel}","templated":true}]}}