{"id":1104,"date":"2024-09-20T10:42:19","date_gmt":"2024-09-20T10:42:19","guid":{"rendered":"https:\/\/lightyellow-sardine-891901.hostingersite.com\/?post_type=product&#038;p=1104"},"modified":"2025-07-22T06:57:10","modified_gmt":"2025-07-22T06:57:10","slug":"mylion-smart-charger-110v-230v-ac-input-12v-2a-dc-output-mini-ups-life-po4-uninterruptible-power-supply-for-wifi-router","status":"publish","type":"product","link":"https:\/\/mylionbattery.com\/fr\/produit\/mylion-smart-charger-110v-230v-ac-input-12v-2a-dc-output-mini-ups-life-po4-uninterruptible-power-supply-for-wifi-router\/","title":{"rendered":"Chargeur intelligent Mylion 110 V-230 V Entr\u00e9e CA 12 V 2 A Sortie CC Mini UPS LiFe PO4 Alimentation sans interruption pour routeur Wifi."},"content":{"rendered":"<table style=\"height: 600px;\" width=\"989\">\n<tbody>\n<tr>\n<td width=\"180\">Nom du produit<\/td>\n<td width=\"562\">Mini onduleur 12 V pour cam\u00e9ra de s\u00e9curit\u00e9 domestique<\/td>\n<\/tr>\n<tr>\n<td>Type de batterie<\/td>\n<td>Batterie LiFe PO4 \u2013 la batterie au lithium la plus s\u00fbre<\/td>\n<\/tr>\n<tr>\n<td>Tension de sortie<\/td>\n<td>12V<\/td>\n<\/tr>\n<tr>\n<td>Courant de sortie<\/td>\n<td>2A<\/td>\n<\/tr>\n<tr>\n<td>Capacit\u00e9 de la batterie<\/td>\n<td>25,6 Wh\/8000 mAh<\/td>\n<\/tr>\n<tr>\n<td>Tension d&#039;entr\u00e9e<\/td>\n<td>110-240 V CA<\/td>\n<\/tr>\n<tr>\n<td>Courant d&#039;entr\u00e9e<\/td>\n<td>2,5 A max.<\/td>\n<\/tr>\n<tr>\n<td rowspan=\"2\">Temps de travail<\/td>\n<td>environ 4 heures d&#039;autonomie de secours (si votre appareil est 12V0.5A)<\/td>\n<\/tr>\n<tr>\n<td>environ 2 heures d&#039;autonomie de secours (si votre appareil est 12V1A)<\/td>\n<\/tr>\n<tr>\n<td>Port de charge (IN)<\/td>\n<td>Prise secteur<\/td>\n<\/tr>\n<tr>\n<td>Orifice de d\u00e9charge (OUT)<\/td>\n<td>2 pi\u00e8ces DC5.5\u00d72.5<\/td>\n<\/tr>\n<tr>\n<td>Indicateur LED<\/td>\n<td>4 LED indiquent l&#039;\u00e9tat de la batterie<\/td>\n<\/tr>\n<tr>\n<td>Changer<\/td>\n<td>Interrupteur marche\/arr\u00eat\/Mettez l&#039;interrupteur sur ON avant de le charger ou de le d\u00e9charger<\/td>\n<\/tr>\n<tr>\n<td>Mat\u00e9riau du bo\u00eetier<\/td>\n<td>Plastique ABS<\/td>\n<\/tr>\n<tr>\n<td>Couleur du bo\u00eetier<\/td>\n<td>Blanc<\/td>\n<\/tr>\n<tr>\n<td>Mat\u00e9riau du bo\u00eetier<\/td>\n<td>ABS anti-incendie<\/td>\n<\/tr>\n<tr>\n<td>Dimensions du bo\u00eetier<\/td>\n<td>L126xL80xH42mm<\/td>\n<\/tr>\n<tr>\n<td>Poids<\/td>\n<td>246g<\/td>\n<\/tr>\n<tr>\n<td>Application<\/td>\n<td width=\"562\">Appareil 12 V : cam\u00e9ra IP\/syst\u00e8me de s\u00e9curit\u00e9\/acc\u00e8s de porte\/lumi\u00e8re LED\/bande LED\/haut-parleur\/ventilateurs, etc.<\/td>\n<\/tr>\n<tr>\n<td>Emballer<\/td>\n<td>20 pi\u00e8ces dans un carton (35x21x30cm), environ 7,5 kg\/carton<\/td>\n<\/tr>\n<tr>\n<td>Garantie<\/td>\n<td>12 mois<\/td>\n<\/tr>\n<\/tbody>\n<\/table>\n<p>&nbsp;<\/p>\n<p><img fetchpriority=\"high\" decoding=\"async\" class=\"wp-image-1111 aligncenter\" src=\"http:\/\/mylionbattery.com\/wp-content\/uploads\/2024\/09\/LiFe-PO4-Mini-UPS_01.jpg\" alt=\"\" width=\"856\" height=\"355\" srcset=\"https:\/\/mylionbattery.com\/wp-content\/uploads\/2024\/09\/LiFe-PO4-Mini-UPS_01.jpg 1500w, https:\/\/mylionbattery.com\/wp-content\/uploads\/2024\/09\/LiFe-PO4-Mini-UPS_01-300x124.jpg 300w, https:\/\/mylionbattery.com\/wp-content\/uploads\/2024\/09\/LiFe-PO4-Mini-UPS_01-1024x425.jpg 1024w, https:\/\/mylionbattery.com\/wp-content\/uploads\/2024\/09\/LiFe-PO4-Mini-UPS_01-768x318.jpg 768w, https:\/\/mylionbattery.com\/wp-content\/uploads\/2024\/09\/LiFe-PO4-Mini-UPS_01-18x7.jpg 18w, https:\/\/mylionbattery.com\/wp-content\/uploads\/2024\/09\/LiFe-PO4-Mini-UPS_01-600x249.jpg 600w\" sizes=\"(max-width: 856px) 100vw, 856px\" \/> <img decoding=\"async\" class=\"wp-image-1112 aligncenter\" src=\"http:\/\/mylionbattery.com\/wp-content\/uploads\/2024\/09\/LiFe-PO4-Mini-UPS_02.jpg\" alt=\"\" width=\"856\" height=\"1021\" srcset=\"https:\/\/mylionbattery.com\/wp-content\/uploads\/2024\/09\/LiFe-PO4-Mini-UPS_02.jpg 1500w, https:\/\/mylionbattery.com\/wp-content\/uploads\/2024\/09\/LiFe-PO4-Mini-UPS_02-251x300.jpg 251w, https:\/\/mylionbattery.com\/wp-content\/uploads\/2024\/09\/LiFe-PO4-Mini-UPS_02-858x1024.jpg 858w, https:\/\/mylionbattery.com\/wp-content\/uploads\/2024\/09\/LiFe-PO4-Mini-UPS_02-768x916.jpg 768w, https:\/\/mylionbattery.com\/wp-content\/uploads\/2024\/09\/LiFe-PO4-Mini-UPS_02-1287x1536.jpg 1287w, https:\/\/mylionbattery.com\/wp-content\/uploads\/2024\/09\/LiFe-PO4-Mini-UPS_02-10x12.jpg 10w, https:\/\/mylionbattery.com\/wp-content\/uploads\/2024\/09\/LiFe-PO4-Mini-UPS_02-600x716.jpg 600w\" sizes=\"(max-width: 856px) 100vw, 856px\" \/> <img decoding=\"async\" class=\"size-full wp-image-1113 aligncenter\" src=\"http:\/\/mylionbattery.com\/wp-content\/uploads\/2024\/09\/LiFe-PO4-Mini-UPS_03-scaled.jpg\" alt=\"\" width=\"858\" height=\"2560\" srcset=\"https:\/\/mylionbattery.com\/wp-content\/uploads\/2024\/09\/LiFe-PO4-Mini-UPS_03-scaled.jpg 858w, https:\/\/mylionbattery.com\/wp-content\/uploads\/2024\/09\/LiFe-PO4-Mini-UPS_03-343x1024.jpg 343w, https:\/\/mylionbattery.com\/wp-content\/uploads\/2024\/09\/LiFe-PO4-Mini-UPS_03-515x1536.jpg 515w, https:\/\/mylionbattery.com\/wp-content\/uploads\/2024\/09\/LiFe-PO4-Mini-UPS_03-686x2048.jpg 686w, https:\/\/mylionbattery.com\/wp-content\/uploads\/2024\/09\/LiFe-PO4-Mini-UPS_03-4x12.jpg 4w, https:\/\/mylionbattery.com\/wp-content\/uploads\/2024\/09\/LiFe-PO4-Mini-UPS_03-600x1791.jpg 600w\" sizes=\"(max-width: 858px) 100vw, 858px\" \/> <img loading=\"lazy\" decoding=\"async\" class=\"wp-image-1114 aligncenter\" src=\"http:\/\/mylionbattery.com\/wp-content\/uploads\/2024\/09\/LiFe-PO4-Mini-UPS_04-scaled.jpg\" alt=\"\" width=\"952\" height=\"1646\" srcset=\"https:\/\/mylionbattery.com\/wp-content\/uploads\/2024\/09\/LiFe-PO4-Mini-UPS_04-scaled.jpg 1481w, https:\/\/mylionbattery.com\/wp-content\/uploads\/2024\/09\/LiFe-PO4-Mini-UPS_04-174x300.jpg 174w, https:\/\/mylionbattery.com\/wp-content\/uploads\/2024\/09\/LiFe-PO4-Mini-UPS_04-592x1024.jpg 592w, https:\/\/mylionbattery.com\/wp-content\/uploads\/2024\/09\/LiFe-PO4-Mini-UPS_04-768x1328.jpg 768w, https:\/\/mylionbattery.com\/wp-content\/uploads\/2024\/09\/LiFe-PO4-Mini-UPS_04-889x1536.jpg 889w, https:\/\/mylionbattery.com\/wp-content\/uploads\/2024\/09\/LiFe-PO4-Mini-UPS_04-1185x2048.jpg 1185w, https:\/\/mylionbattery.com\/wp-content\/uploads\/2024\/09\/LiFe-PO4-Mini-UPS_04-7x12.jpg 7w, https:\/\/mylionbattery.com\/wp-content\/uploads\/2024\/09\/LiFe-PO4-Mini-UPS_04-600x1037.jpg 600w\" sizes=\"(max-width: 952px) 100vw, 952px\" \/> <img loading=\"lazy\" decoding=\"async\" class=\"wp-image-1115 aligncenter\" src=\"http:\/\/mylionbattery.com\/wp-content\/uploads\/2024\/09\/LiFe-PO4-Mini-UPS_05.jpg\" alt=\"\" width=\"941\" height=\"1447\" srcset=\"https:\/\/mylionbattery.com\/wp-content\/uploads\/2024\/09\/LiFe-PO4-Mini-UPS_05.jpg 1500w, https:\/\/mylionbattery.com\/wp-content\/uploads\/2024\/09\/LiFe-PO4-Mini-UPS_05-195x300.jpg 195w, https:\/\/mylionbattery.com\/wp-content\/uploads\/2024\/09\/LiFe-PO4-Mini-UPS_05-666x1024.jpg 666w, https:\/\/mylionbattery.com\/wp-content\/uploads\/2024\/09\/LiFe-PO4-Mini-UPS_05-768x1181.jpg 768w, https:\/\/mylionbattery.com\/wp-content\/uploads\/2024\/09\/LiFe-PO4-Mini-UPS_05-999x1536.jpg 999w, https:\/\/mylionbattery.com\/wp-content\/uploads\/2024\/09\/LiFe-PO4-Mini-UPS_05-1332x2048.jpg 1332w, https:\/\/mylionbattery.com\/wp-content\/uploads\/2024\/09\/LiFe-PO4-Mini-UPS_05-8x12.jpg 8w, https:\/\/mylionbattery.com\/wp-content\/uploads\/2024\/09\/LiFe-PO4-Mini-UPS_05-600x923.jpg 600w\" sizes=\"(max-width: 941px) 100vw, 941px\" \/> <img data-dominant-color=\"f4f4f4\" data-has-transparency=\"false\" style=\"--dominant-color: #f4f4f4;\" loading=\"lazy\" decoding=\"async\" class=\"alignnone size-full wp-image-1454 not-transparent\" src=\"http:\/\/mylionbattery.com\/wp-content\/uploads\/2024\/09\/ML-1202-AC-1.webp\" alt=\"ML 1202 AC-1\" width=\"1000\" height=\"1000\" srcset=\"https:\/\/mylionbattery.com\/wp-content\/uploads\/2024\/09\/ML-1202-AC-1.webp 1000w, https:\/\/mylionbattery.com\/wp-content\/uploads\/2024\/09\/ML-1202-AC-1-300x300.webp 300w, https:\/\/mylionbattery.com\/wp-content\/uploads\/2024\/09\/ML-1202-AC-1-150x150.webp 150w, https:\/\/mylionbattery.com\/wp-content\/uploads\/2024\/09\/ML-1202-AC-1-768x768.webp 768w, https:\/\/mylionbattery.com\/wp-content\/uploads\/2024\/09\/ML-1202-AC-1-12x12.webp 12w, https:\/\/mylionbattery.com\/wp-content\/uploads\/2024\/09\/ML-1202-AC-1-600x600.webp 600w, https:\/\/mylionbattery.com\/wp-content\/uploads\/2024\/09\/ML-1202-AC-1-100x100.webp 100w\" sizes=\"(max-width: 1000px) 100vw, 1000px\" \/>\u00a0<img loading=\"lazy\" decoding=\"async\" class=\"alignnone size-full wp-image-1117\" src=\"http:\/\/mylionbattery.com\/wp-content\/uploads\/2024\/09\/LiFe-PO4-Mini-UPS_07.jpg\" alt=\"\" width=\"1500\" height=\"2400\" srcset=\"https:\/\/mylionbattery.com\/wp-content\/uploads\/2024\/09\/LiFe-PO4-Mini-UPS_07.jpg 1500w, https:\/\/mylionbattery.com\/wp-content\/uploads\/2024\/09\/LiFe-PO4-Mini-UPS_07-188x300.jpg 188w, https:\/\/mylionbattery.com\/wp-content\/uploads\/2024\/09\/LiFe-PO4-Mini-UPS_07-640x1024.jpg 640w, https:\/\/mylionbattery.com\/wp-content\/uploads\/2024\/09\/LiFe-PO4-Mini-UPS_07-768x1229.jpg 768w, https:\/\/mylionbattery.com\/wp-content\/uploads\/2024\/09\/LiFe-PO4-Mini-UPS_07-960x1536.jpg 960w, https:\/\/mylionbattery.com\/wp-content\/uploads\/2024\/09\/LiFe-PO4-Mini-UPS_07-1280x2048.jpg 1280w, https:\/\/mylionbattery.com\/wp-content\/uploads\/2024\/09\/LiFe-PO4-Mini-UPS_07-8x12.jpg 8w, https:\/\/mylionbattery.com\/wp-content\/uploads\/2024\/09\/LiFe-PO4-Mini-UPS_07-600x960.jpg 600w\" sizes=\"(max-width: 1500px) 100vw, 1500px\" \/><\/p>\n<p>&nbsp;<\/p>\n<p>&nbsp;<\/p>\n<p>&nbsp;<\/p>","protected":false},"excerpt":{"rendered":"<p>Nom du produit : Mini onduleur 12 V pour cam\u00e9ra de s\u00e9curit\u00e9 domestique<\/p>\n<p>Type de batterie : Batterie LiFe PO4 - la batterie au lithium la plus s\u00fbre<\/p>\n<p>Tension de sortie : 12 V<\/p>\n<p>Courant de sortie : 2 A<\/p>\n<p>Capacit\u00e9 de la batterie : 25,6 Wh<\/p>\n<p>Tension d&#039;entr\u00e9e : 110-240 V CA<\/p>\n<p>Courant d&#039;entr\u00e9e : 1 A max.<\/p>\n<p>Application : \u00e9clairage LED\/bande LED\/cam\u00e9ra de s\u00e9curit\u00e9 CCTV\/IP, WIFI, routeur<\/p>","protected":false},"featured_media":1106,"template":"","meta":[],"product_brand":[],"product_cat":[24,20,37],"product_tag":[113],"class_list":{"0":"post-1104","1":"product","2":"type-product","3":"status-publish","4":"has-post-thumbnail","6":"product_cat-home-hot-products","7":"product_cat-mini-ups","8":"product_cat-ml1202ac-2a","9":"product_tag-12v-mini-dc-ups","11":"first","12":"instock","13":"shipping-taxable","14":"product-type-simple"},"yoast_head":"<!-- This site is optimized with the Yoast SEO plugin v26.1.1 - https:\/\/yoast.com\/wordpress\/plugins\/seo\/ -->\n<title>Mylion Smart Charger 110V-230V AC Input 12V 2A DC Output Mini UPS LiFe PO4 Uninterruptible Power Supply For Wifi Router. - mylionbattery<\/title>\n<meta name=\"description\" content=\"Discover Mylion Battery&#039;s innovative battery solutions, including mini UPS systems and lithium-ion batteries. Offering high-quality, customizable products designed with advanced technology to deliver exceptional performance and reliability for global markets.\" \/>\n<meta name=\"robots\" content=\"index, follow, max-snippet:-1, max-image-preview:large, max-video-preview:-1\" \/>\n<link rel=\"canonical\" href=\"https:\/\/mylionbattery.com\/fr\/produit\/mylion-smart-charger-110v-230v-ac-input-12v-2a-dc-output-mini-ups-life-po4-uninterruptible-power-supply-for-wifi-router\/\" \/>\n<meta property=\"og:locale\" content=\"fr_FR\" \/>\n<meta property=\"og:type\" content=\"article\" \/>\n<meta property=\"og:title\" content=\"Mylion Smart Charger 110V-230V AC Input 12V 2A DC Output Mini UPS LiFe PO4 Uninterruptible Power Supply For Wifi Router. - mylionbattery\" \/>\n<meta property=\"og:description\" content=\"Discover Mylion Battery&#039;s innovative battery solutions, including mini UPS systems and lithium-ion batteries. Offering high-quality, customizable products designed with advanced technology to deliver exceptional performance and reliability for global markets.\" \/>\n<meta property=\"og:url\" content=\"https:\/\/mylionbattery.com\/fr\/produit\/mylion-smart-charger-110v-230v-ac-input-12v-2a-dc-output-mini-ups-life-po4-uninterruptible-power-supply-for-wifi-router\/\" \/>\n<meta property=\"og:site_name\" content=\"mylionbattery\" \/>\n<meta property=\"article:modified_time\" content=\"2025-07-22T06:57:10+00:00\" \/>\n<meta property=\"og:image\" content=\"https:\/\/mylionbattery.com\/wp-content\/uploads\/2024\/09\/2-2-1.jpg\" \/>\n\t<meta property=\"og:image:width\" content=\"1000\" \/>\n\t<meta property=\"og:image:height\" content=\"1000\" \/>\n\t<meta property=\"og:image:type\" content=\"image\/jpeg\" \/>\n<meta name=\"twitter:card\" content=\"summary_large_image\" \/>\n<meta name=\"twitter:label1\" content=\"Dur\u00e9e de lecture estim\u00e9e\" \/>\n\t<meta name=\"twitter:data1\" content=\"3 minutes\" \/>\n<script type=\"application\/ld+json\" class=\"yoast-schema-graph\">{\"@context\":\"https:\/\/schema.org\",\"@graph\":[{\"@type\":\"WebPage\",\"@id\":\"https:\/\/mylionbattery.com\/product\/mylion-smart-charger-110v-230v-ac-input-12v-2a-dc-output-mini-ups-life-po4-uninterruptible-power-supply-for-wifi-router\/\",\"url\":\"https:\/\/mylionbattery.com\/product\/mylion-smart-charger-110v-230v-ac-input-12v-2a-dc-output-mini-ups-life-po4-uninterruptible-power-supply-for-wifi-router\/\",\"name\":\"Mylion Smart Charger 110V-230V AC Input 12V 2A DC Output Mini UPS LiFe PO4 Uninterruptible Power Supply For Wifi Router. - mylionbattery\",\"isPartOf\":{\"@id\":\"https:\/\/mylionbattery.com\/#website\"},\"primaryImageOfPage\":{\"@id\":\"https:\/\/mylionbattery.com\/product\/mylion-smart-charger-110v-230v-ac-input-12v-2a-dc-output-mini-ups-life-po4-uninterruptible-power-supply-for-wifi-router\/#primaryimage\"},\"image\":{\"@id\":\"https:\/\/mylionbattery.com\/product\/mylion-smart-charger-110v-230v-ac-input-12v-2a-dc-output-mini-ups-life-po4-uninterruptible-power-supply-for-wifi-router\/#primaryimage\"},\"thumbnailUrl\":\"https:\/\/mylionbattery.com\/wp-content\/uploads\/2024\/09\/2-2-1.jpg\",\"datePublished\":\"2024-09-20T10:42:19+00:00\",\"dateModified\":\"2025-07-22T06:57:10+00:00\",\"description\":\"Discover Mylion Battery's innovative battery solutions, including mini UPS systems and lithium-ion batteries. Offering high-quality, customizable products designed with advanced technology to deliver exceptional performance and reliability for global markets.\",\"breadcrumb\":{\"@id\":\"https:\/\/mylionbattery.com\/product\/mylion-smart-charger-110v-230v-ac-input-12v-2a-dc-output-mini-ups-life-po4-uninterruptible-power-supply-for-wifi-router\/#breadcrumb\"},\"inLanguage\":\"fr-FR\",\"potentialAction\":[{\"@type\":\"ReadAction\",\"target\":[\"https:\/\/mylionbattery.com\/product\/mylion-smart-charger-110v-230v-ac-input-12v-2a-dc-output-mini-ups-life-po4-uninterruptible-power-supply-for-wifi-router\/\"]}]},{\"@type\":\"ImageObject\",\"inLanguage\":\"fr-FR\",\"@id\":\"https:\/\/mylionbattery.com\/product\/mylion-smart-charger-110v-230v-ac-input-12v-2a-dc-output-mini-ups-life-po4-uninterruptible-power-supply-for-wifi-router\/#primaryimage\",\"url\":\"https:\/\/mylionbattery.com\/wp-content\/uploads\/2024\/09\/2-2-1.jpg\",\"contentUrl\":\"https:\/\/mylionbattery.com\/wp-content\/uploads\/2024\/09\/2-2-1.jpg\",\"width\":1000,\"height\":1000,\"caption\":\"ML 1202AC1\"},{\"@type\":\"BreadcrumbList\",\"@id\":\"https:\/\/mylionbattery.com\/product\/mylion-smart-charger-110v-230v-ac-input-12v-2a-dc-output-mini-ups-life-po4-uninterruptible-power-supply-for-wifi-router\/#breadcrumb\",\"itemListElement\":[{\"@type\":\"ListItem\",\"position\":1,\"name\":\"\u9996\u9875\",\"item\":\"https:\/\/mylionbattery.com\/\"},{\"@type\":\"ListItem\",\"position\":2,\"name\":\"Products\",\"item\":\"https:\/\/mylionbattery.com\/products\/\"},{\"@type\":\"ListItem\",\"position\":3,\"name\":\"Mylion Smart Charger 110V-230V AC Input 12V 2A DC Output Mini UPS LiFe PO4 Uninterruptible Power Supply For Wifi Router.\"}]},{\"@type\":\"WebSite\",\"@id\":\"https:\/\/mylionbattery.com\/#website\",\"url\":\"https:\/\/mylionbattery.com\/\",\"name\":\"Mylionbattery\",\"description\":\"mylionbattery\",\"publisher\":{\"@id\":\"https:\/\/mylionbattery.com\/#organization\"},\"potentialAction\":[{\"@type\":\"SearchAction\",\"target\":{\"@type\":\"EntryPoint\",\"urlTemplate\":\"https:\/\/mylionbattery.com\/?s={search_term_string}\"},\"query-input\":{\"@type\":\"PropertyValueSpecification\",\"valueRequired\":true,\"valueName\":\"search_term_string\"}}],\"inLanguage\":\"fr-FR\"},{\"@type\":\"Organization\",\"@id\":\"https:\/\/mylionbattery.com\/#organization\",\"name\":\"Mylionbattery\",\"url\":\"https:\/\/mylionbattery.com\/\",\"logo\":{\"@type\":\"ImageObject\",\"inLanguage\":\"fr-FR\",\"@id\":\"https:\/\/mylionbattery.com\/#\/schema\/logo\/image\/\",\"url\":\"http:\/\/mylionbattery.com\/wp-content\/uploads\/2024\/09\/\u767d\u5e95mylion-logo\u6b63\u65b9\u5f62.png\",\"contentUrl\":\"http:\/\/mylionbattery.com\/wp-content\/uploads\/2024\/09\/\u767d\u5e95mylion-logo\u6b63\u65b9\u5f62.png\",\"width\":600,\"height\":600,\"caption\":\"Mylionbattery\"},\"image\":{\"@id\":\"https:\/\/mylionbattery.com\/#\/schema\/logo\/image\/\"}}]}<\/script>\n<!-- \/ Yoast SEO plugin. -->","yoast_head_json":{"title":"Mylion Smart Charger 110V-230V AC Input 12V 2A DC Output Mini UPS LiFe PO4 Uninterruptible Power Supply For Wifi Router. - mylionbattery","description":"Discover Mylion Battery's innovative battery solutions, including mini UPS systems and lithium-ion batteries. Offering high-quality, customizable products designed with advanced technology to deliver exceptional performance and reliability for global markets.","robots":{"index":"index","follow":"follow","max-snippet":"max-snippet:-1","max-image-preview":"max-image-preview:large","max-video-preview":"max-video-preview:-1"},"canonical":"https:\/\/mylionbattery.com\/fr\/produit\/mylion-smart-charger-110v-230v-ac-input-12v-2a-dc-output-mini-ups-life-po4-uninterruptible-power-supply-for-wifi-router\/","og_locale":"fr_FR","og_type":"article","og_title":"Mylion Smart Charger 110V-230V AC Input 12V 2A DC Output Mini UPS LiFe PO4 Uninterruptible Power Supply For Wifi Router. - mylionbattery","og_description":"Discover Mylion Battery's innovative battery solutions, including mini UPS systems and lithium-ion batteries. Offering high-quality, customizable products designed with advanced technology to deliver exceptional performance and reliability for global markets.","og_url":"https:\/\/mylionbattery.com\/fr\/produit\/mylion-smart-charger-110v-230v-ac-input-12v-2a-dc-output-mini-ups-life-po4-uninterruptible-power-supply-for-wifi-router\/","og_site_name":"mylionbattery","article_modified_time":"2025-07-22T06:57:10+00:00","og_image":[{"width":1000,"height":1000,"url":"https:\/\/mylionbattery.com\/wp-content\/uploads\/2024\/09\/2-2-1.jpg","type":"image\/jpeg"}],"twitter_card":"summary_large_image","twitter_misc":{"Dur\u00e9e de lecture estim\u00e9e":"3 minutes"},"schema":{"@context":"https:\/\/schema.org","@graph":[{"@type":"WebPage","@id":"https:\/\/mylionbattery.com\/product\/mylion-smart-charger-110v-230v-ac-input-12v-2a-dc-output-mini-ups-life-po4-uninterruptible-power-supply-for-wifi-router\/","url":"https:\/\/mylionbattery.com\/product\/mylion-smart-charger-110v-230v-ac-input-12v-2a-dc-output-mini-ups-life-po4-uninterruptible-power-supply-for-wifi-router\/","name":"Mylion Smart Charger 110V-230V AC Input 12V 2A DC Output Mini UPS LiFe PO4 Uninterruptible Power Supply For Wifi Router. - mylionbattery","isPartOf":{"@id":"https:\/\/mylionbattery.com\/#website"},"primaryImageOfPage":{"@id":"https:\/\/mylionbattery.com\/product\/mylion-smart-charger-110v-230v-ac-input-12v-2a-dc-output-mini-ups-life-po4-uninterruptible-power-supply-for-wifi-router\/#primaryimage"},"image":{"@id":"https:\/\/mylionbattery.com\/product\/mylion-smart-charger-110v-230v-ac-input-12v-2a-dc-output-mini-ups-life-po4-uninterruptible-power-supply-for-wifi-router\/#primaryimage"},"thumbnailUrl":"https:\/\/mylionbattery.com\/wp-content\/uploads\/2024\/09\/2-2-1.jpg","datePublished":"2024-09-20T10:42:19+00:00","dateModified":"2025-07-22T06:57:10+00:00","description":"Discover Mylion Battery's innovative battery solutions, including mini UPS systems and lithium-ion batteries. Offering high-quality, customizable products designed with advanced technology to deliver exceptional performance and reliability for global markets.","breadcrumb":{"@id":"https:\/\/mylionbattery.com\/product\/mylion-smart-charger-110v-230v-ac-input-12v-2a-dc-output-mini-ups-life-po4-uninterruptible-power-supply-for-wifi-router\/#breadcrumb"},"inLanguage":"fr-FR","potentialAction":[{"@type":"ReadAction","target":["https:\/\/mylionbattery.com\/product\/mylion-smart-charger-110v-230v-ac-input-12v-2a-dc-output-mini-ups-life-po4-uninterruptible-power-supply-for-wifi-router\/"]}]},{"@type":"ImageObject","inLanguage":"fr-FR","@id":"https:\/\/mylionbattery.com\/product\/mylion-smart-charger-110v-230v-ac-input-12v-2a-dc-output-mini-ups-life-po4-uninterruptible-power-supply-for-wifi-router\/#primaryimage","url":"https:\/\/mylionbattery.com\/wp-content\/uploads\/2024\/09\/2-2-1.jpg","contentUrl":"https:\/\/mylionbattery.com\/wp-content\/uploads\/2024\/09\/2-2-1.jpg","width":1000,"height":1000,"caption":"ML 1202AC1"},{"@type":"BreadcrumbList","@id":"https:\/\/mylionbattery.com\/product\/mylion-smart-charger-110v-230v-ac-input-12v-2a-dc-output-mini-ups-life-po4-uninterruptible-power-supply-for-wifi-router\/#breadcrumb","itemListElement":[{"@type":"ListItem","position":1,"name":"\u9996\u9875","item":"https:\/\/mylionbattery.com\/"},{"@type":"ListItem","position":2,"name":"Products","item":"https:\/\/mylionbattery.com\/products\/"},{"@type":"ListItem","position":3,"name":"Mylion Smart Charger 110V-230V AC Input 12V 2A DC Output Mini UPS LiFe PO4 Uninterruptible Power Supply For Wifi Router."}]},{"@type":"WebSite","@id":"https:\/\/mylionbattery.com\/#website","url":"https:\/\/mylionbattery.com\/","name":"Mylionbattery","description":"mylionbattery","publisher":{"@id":"https:\/\/mylionbattery.com\/#organization"},"potentialAction":[{"@type":"SearchAction","target":{"@type":"EntryPoint","urlTemplate":"https:\/\/mylionbattery.com\/?s={search_term_string}"},"query-input":{"@type":"PropertyValueSpecification","valueRequired":true,"valueName":"search_term_string"}}],"inLanguage":"fr-FR"},{"@type":"Organization","@id":"https:\/\/mylionbattery.com\/#organization","name":"Mylionbattery","url":"https:\/\/mylionbattery.com\/","logo":{"@type":"ImageObject","inLanguage":"fr-FR","@id":"https:\/\/mylionbattery.com\/#\/schema\/logo\/image\/","url":"http:\/\/mylionbattery.com\/wp-content\/uploads\/2024\/09\/\u767d\u5e95mylion-logo\u6b63\u65b9\u5f62.png","contentUrl":"http:\/\/mylionbattery.com\/wp-content\/uploads\/2024\/09\/\u767d\u5e95mylion-logo\u6b63\u65b9\u5f62.png","width":600,"height":600,"caption":"Mylionbattery"},"image":{"@id":"https:\/\/mylionbattery.com\/#\/schema\/logo\/image\/"}}]}},"_links":{"self":[{"href":"https:\/\/mylionbattery.com\/fr\/wp-json\/wp\/v2\/product\/1104","targetHints":{"allow":["GET"]}}],"collection":[{"href":"https:\/\/mylionbattery.com\/fr\/wp-json\/wp\/v2\/product"}],"about":[{"href":"https:\/\/mylionbattery.com\/fr\/wp-json\/wp\/v2\/types\/product"}],"version-history":[{"count":4,"href":"https:\/\/mylionbattery.com\/fr\/wp-json\/wp\/v2\/product\/1104\/revisions"}],"predecessor-version":[{"id":1455,"href":"https:\/\/mylionbattery.com\/fr\/wp-json\/wp\/v2\/product\/1104\/revisions\/1455"}],"wp:featuredmedia":[{"embeddable":true,"href":"https:\/\/mylionbattery.com\/fr\/wp-json\/wp\/v2\/media\/1106"}],"wp:attachment":[{"href":"https:\/\/mylionbattery.com\/fr\/wp-json\/wp\/v2\/media?parent=1104"}],"wp:term":[{"taxonomy":"product_brand","embeddable":true,"href":"https:\/\/mylionbattery.com\/fr\/wp-json\/wp\/v2\/product_brand?post=1104"},{"taxonomy":"product_cat","embeddable":true,"href":"https:\/\/mylionbattery.com\/fr\/wp-json\/wp\/v2\/product_cat?post=1104"},{"taxonomy":"product_tag","embeddable":true,"href":"https:\/\/mylionbattery.com\/fr\/wp-json\/wp\/v2\/product_tag?post=1104"}],"curies":[{"name":"wp","href":"https:\/\/api.w.org\/{rel}","templated":true}]}}