{"id":1216,"date":"2024-09-23T07:39:19","date_gmt":"2024-09-23T07:39:19","guid":{"rendered":"https:\/\/lightyellow-sardine-891901.hostingersite.com\/?post_type=product&#038;p=1216"},"modified":"2025-06-03T08:15:11","modified_gmt":"2025-06-03T08:15:11","slug":"mylion-12v-5a-57-7wh-mini-ups-lithium-battery-pack-backup-uninterruptible-power-supply-for-wifi-router-cpe-ont","status":"publish","type":"product","link":"https:\/\/mylionbattery.com\/fr\/produit\/mylion-12v-5a-57-7wh-mini-ups-lithium-battery-pack-backup-uninterruptible-power-supply-for-wifi-router-cpe-ont\/","title":{"rendered":"Mylion 12V 5A 57.7Wh Mu65W Mini UPS batterie au lithium de secours alimentation sans interruption pour routeur WiFi\/CPE\/ONT"},"content":{"rendered":"<p>Pack de batterie de secours au lithium Mylion 12V 5A 57.7Wh Mini UPS Alimentation sans interruption pour routeur WiFi\/CPE\/ONT<\/p>\n<table style=\"height: 1613px;\" width=\"1037\">\n<tbody>\n<tr>\n<td width=\"360\">Nom du style<\/td>\n<td width=\"832\">MU65W<\/td>\n<\/tr>\n<tr>\n<td width=\"360\">Type de batterie<\/td>\n<td width=\"832\">Batterie au lithium Panasonic\/LG Cellule Li-ion<\/td>\n<\/tr>\n<tr>\n<td width=\"360\">Tension de sortie<\/td>\n<td width=\"832\">12V<\/td>\n<\/tr>\n<tr>\n<td width=\"360\">Courant de sortie<\/td>\n<td width=\"832\">5A Max<\/td>\n<\/tr>\n<tr>\n<td width=\"360\">Capacit\u00e9 de la batterie<\/td>\n<td width=\"832\">57,7 Wh<\/td>\n<\/tr>\n<tr>\n<td width=\"360\">Tension d&#039;entr\u00e9e<\/td>\n<td width=\"832\">12 V CC<\/td>\n<\/tr>\n<tr>\n<td width=\"360\">Courant d&#039;entr\u00e9e<\/td>\n<td width=\"832\">6A max.<\/td>\n<\/tr>\n<tr>\n<td width=\"360\">Temps de travail<\/td>\n<td width=\"832\">Autonomie de 13 \u00e0 14 heures pour un appareil 12 V 0,5 A<\/td>\n<\/tr>\n<tr>\n<td width=\"360\"><\/td>\n<td width=\"832\">Autonomie de secours de 4 \u00e0 5 heures pour un appareil 12 V 2 A<\/td>\n<\/tr>\n<tr>\n<td width=\"360\">Port de charge (IN)<\/td>\n<td width=\"832\">Noir DC.5.5\u00d72.1<\/td>\n<\/tr>\n<tr>\n<td width=\"360\">Orifice de d\u00e9charge (OUT)<\/td>\n<td width=\"832\">Jaune DC.5.5\u00d72.5<\/td>\n<\/tr>\n<tr>\n<td width=\"360\">Indicateur LED<\/td>\n<td width=\"832\">4 LED indiquent l&#039;\u00e9tat de la batterie<\/td>\n<\/tr>\n<tr>\n<td width=\"360\">Ventilateur<\/td>\n<td width=\"832\">Moteur sans balais, ventilateur silencieux pour la dissipation de la chaleur<\/td>\n<\/tr>\n<tr>\n<td width=\"360\">Changer<\/td>\n<td width=\"832\">Mettez l&#039;interrupteur sur ON avant de l&#039;utiliser<\/td>\n<\/tr>\n<tr>\n<td width=\"360\">Mat\u00e9riau du bo\u00eetier<\/td>\n<td width=\"832\">Plastique ABS anti-feu<\/td>\n<\/tr>\n<tr>\n<td width=\"360\">Couleur du bo\u00eetier<\/td>\n<td width=\"832\">Blanc<\/td>\n<\/tr>\n<tr>\n<td width=\"360\">Mat\u00e9riau du bo\u00eetier<\/td>\n<td width=\"832\">ABS anti-incendie<\/td>\n<\/tr>\n<tr>\n<td width=\"360\">Dimensions du bo\u00eetier<\/td>\n<td width=\"832\">L100xL100xP60mm<\/td>\n<\/tr>\n<tr>\n<td width=\"360\">Poids<\/td>\n<td width=\"832\">490g<\/td>\n<\/tr>\n<tr>\n<td width=\"360\"><strong>\u00a0<\/strong>Fonctionnalit\u00e9<\/td>\n<td width=\"832\">Contr\u00f4le intelligent IC, charge, d\u00e9charge et temp\u00e9rature<\/td>\n<\/tr>\n<tr>\n<td width=\"360\"><\/td>\n<td width=\"832\">Un courant de travail de 5 A peut supporter 2 ou plusieurs appareils ensemble<\/td>\n<\/tr>\n<tr>\n<td width=\"360\"><\/td>\n<td width=\"832\">Un c\u00e2ble de transfert en option peut offrir une sortie de tension diff\u00e9rente<\/td>\n<\/tr>\n<tr>\n<td width=\"360\">Application<\/td>\n<td width=\"832\"><strong>\u00a0<\/strong>Routeur\/CPE\/ONT\/ONU\/HUB\/T\u00e9l\u00e9phone VoIP\/Cam\u00e9ra IP\/Syst\u00e8me de s\u00e9curit\u00e9\/Acc\u00e8s de porte<\/td>\n<\/tr>\n<tr>\n<td width=\"360\">Dimensions du coffret cadeau<\/td>\n<td width=\"832\">L130xL104xP68mm<\/td>\n<\/tr>\n<tr>\n<td width=\"360\">Certification<\/td>\n<td width=\"832\">Tests CE, IEC62133, CB, CEM, ROHS, UKCE, FCC, UL<\/td>\n<\/tr>\n<tr>\n<td width=\"360\">Adaptateur secteur en option<\/td>\n<td width=\"832\">L&#039;adaptateur secteur 12V6A assorti est facultatif, si vous en avez besoin, veuillez contacter le vendeur mylion<\/td>\n<\/tr>\n<tr>\n<td width=\"360\">Emballer<\/td>\n<td width=\"832\">18 pi\u00e8ces dans un carton (35x21x30cm), environ 9,5 kg\/carton<\/td>\n<\/tr>\n<\/tbody>\n<\/table>\n<p><img data-dominant-color=\"b7c4db\" data-has-transparency=\"false\" style=\"--dominant-color: #b7c4db;\" fetchpriority=\"high\" decoding=\"async\" class=\"alignnone size-full wp-image-1187 not-transparent\" src=\"http:\/\/mylionbattery.com\/wp-content\/uploads\/2024\/09\/MU05_05-jpg.webp\" alt=\"\" width=\"1500\" height=\"1799\" srcset=\"https:\/\/mylionbattery.com\/wp-content\/uploads\/2024\/09\/MU05_05-jpg.webp 1500w, https:\/\/mylionbattery.com\/wp-content\/uploads\/2024\/09\/MU05_05-250x300.webp 250w, https:\/\/mylionbattery.com\/wp-content\/uploads\/2024\/09\/MU05_05-854x1024.webp 854w, https:\/\/mylionbattery.com\/wp-content\/uploads\/2024\/09\/MU05_05-768x921.webp 768w, https:\/\/mylionbattery.com\/wp-content\/uploads\/2024\/09\/MU05_05-1281x1536.webp 1281w, https:\/\/mylionbattery.com\/wp-content\/uploads\/2024\/09\/MU05_05-10x12.webp 10w, https:\/\/mylionbattery.com\/wp-content\/uploads\/2024\/09\/MU05_05-600x720.webp 600w\" sizes=\"(max-width: 1500px) 100vw, 1500px\" \/> <img data-dominant-color=\"b1c9dd\" data-has-transparency=\"false\" style=\"--dominant-color: #b1c9dd;\" decoding=\"async\" class=\"alignnone size-full wp-image-1186 not-transparent\" src=\"http:\/\/mylionbattery.com\/wp-content\/uploads\/2024\/09\/MU05_04-jpg.webp\" alt=\"\" width=\"1500\" height=\"1872\" srcset=\"https:\/\/mylionbattery.com\/wp-content\/uploads\/2024\/09\/MU05_04-jpg.webp 1500w, https:\/\/mylionbattery.com\/wp-content\/uploads\/2024\/09\/MU05_04-240x300.webp 240w, https:\/\/mylionbattery.com\/wp-content\/uploads\/2024\/09\/MU05_04-821x1024.webp 821w, https:\/\/mylionbattery.com\/wp-content\/uploads\/2024\/09\/MU05_04-768x958.webp 768w, https:\/\/mylionbattery.com\/wp-content\/uploads\/2024\/09\/MU05_04-1231x1536.webp 1231w, https:\/\/mylionbattery.com\/wp-content\/uploads\/2024\/09\/MU05_04-10x12.webp 10w, https:\/\/mylionbattery.com\/wp-content\/uploads\/2024\/09\/MU05_04-600x749.webp 600w\" sizes=\"(max-width: 1500px) 100vw, 1500px\" \/> <img data-dominant-color=\"d8e0e8\" data-has-transparency=\"false\" style=\"--dominant-color: #d8e0e8;\" decoding=\"async\" class=\"alignnone size-full wp-image-1185 not-transparent\" src=\"http:\/\/mylionbattery.com\/wp-content\/uploads\/2024\/09\/MU05_03-jpg.webp\" alt=\"\" width=\"1500\" height=\"1210\" srcset=\"https:\/\/mylionbattery.com\/wp-content\/uploads\/2024\/09\/MU05_03-jpg.webp 1500w, https:\/\/mylionbattery.com\/wp-content\/uploads\/2024\/09\/MU05_03-300x242.webp 300w, https:\/\/mylionbattery.com\/wp-content\/uploads\/2024\/09\/MU05_03-1024x826.webp 1024w, https:\/\/mylionbattery.com\/wp-content\/uploads\/2024\/09\/MU05_03-768x620.webp 768w, https:\/\/mylionbattery.com\/wp-content\/uploads\/2024\/09\/MU05_03-15x12.webp 15w, https:\/\/mylionbattery.com\/wp-content\/uploads\/2024\/09\/MU05_03-600x484.webp 600w\" sizes=\"(max-width: 1500px) 100vw, 1500px\" \/> <img data-dominant-color=\"d0ddec\" data-has-transparency=\"false\" style=\"--dominant-color: #d0ddec;\" loading=\"lazy\" decoding=\"async\" class=\"alignnone size-full wp-image-1184 not-transparent\" src=\"http:\/\/mylionbattery.com\/wp-content\/uploads\/2024\/09\/MU05_02-jpg.webp\" alt=\"\" width=\"1500\" height=\"2255\" srcset=\"https:\/\/mylionbattery.com\/wp-content\/uploads\/2024\/09\/MU05_02-jpg.webp 1500w, https:\/\/mylionbattery.com\/wp-content\/uploads\/2024\/09\/MU05_02-200x300.webp 200w, https:\/\/mylionbattery.com\/wp-content\/uploads\/2024\/09\/MU05_02-681x1024.webp 681w, https:\/\/mylionbattery.com\/wp-content\/uploads\/2024\/09\/MU05_02-768x1155.webp 768w, https:\/\/mylionbattery.com\/wp-content\/uploads\/2024\/09\/MU05_02-1022x1536.webp 1022w, https:\/\/mylionbattery.com\/wp-content\/uploads\/2024\/09\/MU05_02-1362x2048.webp 1362w, https:\/\/mylionbattery.com\/wp-content\/uploads\/2024\/09\/MU05_02-8x12.webp 8w, https:\/\/mylionbattery.com\/wp-content\/uploads\/2024\/09\/MU05_02-600x902.webp 600w\" sizes=\"(max-width: 1500px) 100vw, 1500px\" \/> <img data-dominant-color=\"bbccdf\" data-has-transparency=\"false\" style=\"--dominant-color: #bbccdf;\" loading=\"lazy\" decoding=\"async\" class=\"alignnone size-full wp-image-1183 not-transparent\" src=\"http:\/\/mylionbattery.com\/wp-content\/uploads\/2024\/09\/MU05_01-jpg.webp\" alt=\"\" width=\"1500\" height=\"2015\" srcset=\"https:\/\/mylionbattery.com\/wp-content\/uploads\/2024\/09\/MU05_01-jpg.webp 1500w, https:\/\/mylionbattery.com\/wp-content\/uploads\/2024\/09\/MU05_01-223x300.webp 223w, https:\/\/mylionbattery.com\/wp-content\/uploads\/2024\/09\/MU05_01-762x1024.webp 762w, https:\/\/mylionbattery.com\/wp-content\/uploads\/2024\/09\/MU05_01-768x1032.webp 768w, https:\/\/mylionbattery.com\/wp-content\/uploads\/2024\/09\/MU05_01-1143x1536.webp 1143w, https:\/\/mylionbattery.com\/wp-content\/uploads\/2024\/09\/MU05_01-9x12.webp 9w, https:\/\/mylionbattery.com\/wp-content\/uploads\/2024\/09\/MU05_01-600x806.webp 600w\" sizes=\"(max-width: 1500px) 100vw, 1500px\" \/><\/p>\n<p><img data-dominant-color=\"edf0f3\" data-has-transparency=\"false\" style=\"--dominant-color: #edf0f3;\" loading=\"lazy\" decoding=\"async\" class=\"alignnone size-full wp-image-1190 not-transparent\" src=\"http:\/\/mylionbattery.com\/wp-content\/uploads\/2024\/09\/MU05_08-scaled.webp\" alt=\"\" width=\"1049\" height=\"2560\" srcset=\"https:\/\/mylionbattery.com\/wp-content\/uploads\/2024\/09\/MU05_08-scaled.webp 1049w, https:\/\/mylionbattery.com\/wp-content\/uploads\/2024\/09\/MU05_08-123x300.webp 123w, https:\/\/mylionbattery.com\/wp-content\/uploads\/2024\/09\/MU05_08-420x1024.webp 420w, https:\/\/mylionbattery.com\/wp-content\/uploads\/2024\/09\/MU05_08-768x1874.webp 768w, https:\/\/mylionbattery.com\/wp-content\/uploads\/2024\/09\/MU05_08-629x1536.webp 629w, https:\/\/mylionbattery.com\/wp-content\/uploads\/2024\/09\/MU05_08-839x2048.webp 839w, https:\/\/mylionbattery.com\/wp-content\/uploads\/2024\/09\/MU05_08-5x12.webp 5w, https:\/\/mylionbattery.com\/wp-content\/uploads\/2024\/09\/MU05_08-600x1464.webp 600w\" sizes=\"(max-width: 1049px) 100vw, 1049px\" \/> <img data-dominant-color=\"dae2e6\" data-has-transparency=\"false\" style=\"--dominant-color: #dae2e6;\" loading=\"lazy\" decoding=\"async\" class=\"alignnone size-full wp-image-1188 not-transparent\" src=\"http:\/\/mylionbattery.com\/wp-content\/uploads\/2024\/09\/MU05_06-jpg.webp\" alt=\"\" width=\"1500\" height=\"2232\" srcset=\"https:\/\/mylionbattery.com\/wp-content\/uploads\/2024\/09\/MU05_06-jpg.webp 1500w, https:\/\/mylionbattery.com\/wp-content\/uploads\/2024\/09\/MU05_06-202x300.webp 202w, https:\/\/mylionbattery.com\/wp-content\/uploads\/2024\/09\/MU05_06-688x1024.webp 688w, https:\/\/mylionbattery.com\/wp-content\/uploads\/2024\/09\/MU05_06-768x1143.webp 768w, https:\/\/mylionbattery.com\/wp-content\/uploads\/2024\/09\/MU05_06-1032x1536.webp 1032w, https:\/\/mylionbattery.com\/wp-content\/uploads\/2024\/09\/MU05_06-1376x2048.webp 1376w, https:\/\/mylionbattery.com\/wp-content\/uploads\/2024\/09\/MU05_06-8x12.webp 8w, https:\/\/mylionbattery.com\/wp-content\/uploads\/2024\/09\/MU05_06-600x893.webp 600w\" sizes=\"(max-width: 1500px) 100vw, 1500px\" \/> <img data-dominant-color=\"edf1f5\" data-has-transparency=\"false\" style=\"--dominant-color: #edf1f5;\" loading=\"lazy\" decoding=\"async\" class=\"alignnone size-full wp-image-1189 not-transparent\" src=\"http:\/\/mylionbattery.com\/wp-content\/uploads\/2024\/09\/MU05_07-jpg.webp\" alt=\"\" width=\"1500\" height=\"2380\" srcset=\"https:\/\/mylionbattery.com\/wp-content\/uploads\/2024\/09\/MU05_07-jpg.webp 1500w, https:\/\/mylionbattery.com\/wp-content\/uploads\/2024\/09\/MU05_07-189x300.webp 189w, https:\/\/mylionbattery.com\/wp-content\/uploads\/2024\/09\/MU05_07-645x1024.webp 645w, https:\/\/mylionbattery.com\/wp-content\/uploads\/2024\/09\/MU05_07-768x1219.webp 768w, https:\/\/mylionbattery.com\/wp-content\/uploads\/2024\/09\/MU05_07-968x1536.webp 968w, https:\/\/mylionbattery.com\/wp-content\/uploads\/2024\/09\/MU05_07-1291x2048.webp 1291w, https:\/\/mylionbattery.com\/wp-content\/uploads\/2024\/09\/MU05_07-8x12.webp 8w, https:\/\/mylionbattery.com\/wp-content\/uploads\/2024\/09\/MU05_07-600x952.webp 600w\" sizes=\"(max-width: 1500px) 100vw, 1500px\" \/><\/p>\n<p>&nbsp;<\/p>","protected":false},"excerpt":{"rendered":"<p>Le mini-onduleur Mylion adopte une coque en plastique ABS anti-feu. Il dispose \u00e9galement d&#039;une protection contre les surcharges\/d\u00e9charges excessives\/courants\/courts-circuits et est \u00e9quip\u00e9 d&#039;un ventilateur silencieux pour dissiper la chaleur du mini-onduleur. Il y a 4 voyants LED sur le dessus pour afficher le niveau de la batterie. Il peut fournir plus de 13 heures d&#039;alimentation de secours pour un routeur 12 V 0,5 A.<\/p>","protected":false},"featured_media":1180,"template":"","meta":[],"product_brand":[],"product_cat":[20,32],"product_tag":[],"class_list":{"0":"post-1216","1":"product","2":"type-product","3":"status-publish","4":"has-post-thumbnail","6":"product_cat-mini-ups","7":"product_cat-mu65-5a","9":"first","10":"instock","11":"shipping-taxable","12":"product-type-simple"},"yoast_head":"<!-- This site is optimized with the Yoast SEO plugin v26.1.1 - https:\/\/yoast.com\/wordpress\/plugins\/seo\/ -->\n<title>Mylion 12V 5A 57.7Wh Mu65W Mini UPS lithium battery pack backup Uninterruptible Power Supply for WiFi Router\/CPE\/ONT - mylionbattery<\/title>\n<meta name=\"description\" content=\"Discover Mylion Battery&#039;s innovative battery solutions, including mini UPS systems and lithium-ion batteries. Offering high-quality, customizable products designed with advanced technology to deliver exceptional performance and reliability for global markets.\" \/>\n<meta name=\"robots\" content=\"index, follow, max-snippet:-1, max-image-preview:large, max-video-preview:-1\" \/>\n<link rel=\"canonical\" href=\"https:\/\/mylionbattery.com\/fr\/produit\/mylion-12v-5a-57-7wh-mini-ups-lithium-battery-pack-backup-uninterruptible-power-supply-for-wifi-router-cpe-ont\/\" \/>\n<meta property=\"og:locale\" content=\"fr_FR\" \/>\n<meta property=\"og:type\" content=\"article\" \/>\n<meta property=\"og:title\" content=\"Mylion 12V 5A 57.7Wh Mu65W Mini UPS lithium battery pack backup Uninterruptible Power Supply for WiFi Router\/CPE\/ONT - mylionbattery\" \/>\n<meta property=\"og:description\" content=\"Discover Mylion Battery&#039;s innovative battery solutions, including mini UPS systems and lithium-ion batteries. Offering high-quality, customizable products designed with advanced technology to deliver exceptional performance and reliability for global markets.\" \/>\n<meta property=\"og:url\" content=\"https:\/\/mylionbattery.com\/fr\/produit\/mylion-12v-5a-57-7wh-mini-ups-lithium-battery-pack-backup-uninterruptible-power-supply-for-wifi-router-cpe-ont\/\" \/>\n<meta property=\"og:site_name\" content=\"mylionbattery\" \/>\n<meta property=\"article:modified_time\" content=\"2025-06-03T08:15:11+00:00\" \/>\n<meta property=\"og:image\" content=\"https:\/\/mylionbattery.com\/wp-content\/uploads\/2024\/09\/Front-jpg.webp\" \/>\n\t<meta property=\"og:image:width\" content=\"1000\" \/>\n\t<meta property=\"og:image:height\" content=\"1000\" \/>\n\t<meta property=\"og:image:type\" content=\"image\/jpeg\" \/>\n<meta name=\"twitter:card\" content=\"summary_large_image\" \/>\n<meta name=\"twitter:label1\" content=\"Dur\u00e9e de lecture estim\u00e9e\" \/>\n\t<meta name=\"twitter:data1\" content=\"3 minutes\" \/>\n<script type=\"application\/ld+json\" class=\"yoast-schema-graph\">{\"@context\":\"https:\/\/schema.org\",\"@graph\":[{\"@type\":\"WebPage\",\"@id\":\"https:\/\/mylionbattery.com\/product\/mylion-12v-5a-57-7wh-mini-ups-lithium-battery-pack-backup-uninterruptible-power-supply-for-wifi-router-cpe-ont\/\",\"url\":\"https:\/\/mylionbattery.com\/product\/mylion-12v-5a-57-7wh-mini-ups-lithium-battery-pack-backup-uninterruptible-power-supply-for-wifi-router-cpe-ont\/\",\"name\":\"Mylion 12V 5A 57.7Wh Mu65W Mini UPS lithium battery pack backup Uninterruptible Power Supply for WiFi Router\/CPE\/ONT - mylionbattery\",\"isPartOf\":{\"@id\":\"https:\/\/mylionbattery.com\/#website\"},\"primaryImageOfPage\":{\"@id\":\"https:\/\/mylionbattery.com\/product\/mylion-12v-5a-57-7wh-mini-ups-lithium-battery-pack-backup-uninterruptible-power-supply-for-wifi-router-cpe-ont\/#primaryimage\"},\"image\":{\"@id\":\"https:\/\/mylionbattery.com\/product\/mylion-12v-5a-57-7wh-mini-ups-lithium-battery-pack-backup-uninterruptible-power-supply-for-wifi-router-cpe-ont\/#primaryimage\"},\"thumbnailUrl\":\"https:\/\/mylionbattery.com\/wp-content\/uploads\/2024\/09\/Front-jpg.webp\",\"datePublished\":\"2024-09-23T07:39:19+00:00\",\"dateModified\":\"2025-06-03T08:15:11+00:00\",\"description\":\"Discover Mylion Battery's innovative battery solutions, including mini UPS systems and lithium-ion batteries. Offering high-quality, customizable products designed with advanced technology to deliver exceptional performance and reliability for global markets.\",\"breadcrumb\":{\"@id\":\"https:\/\/mylionbattery.com\/product\/mylion-12v-5a-57-7wh-mini-ups-lithium-battery-pack-backup-uninterruptible-power-supply-for-wifi-router-cpe-ont\/#breadcrumb\"},\"inLanguage\":\"fr-FR\",\"potentialAction\":[{\"@type\":\"ReadAction\",\"target\":[\"https:\/\/mylionbattery.com\/product\/mylion-12v-5a-57-7wh-mini-ups-lithium-battery-pack-backup-uninterruptible-power-supply-for-wifi-router-cpe-ont\/\"]}]},{\"@type\":\"ImageObject\",\"inLanguage\":\"fr-FR\",\"@id\":\"https:\/\/mylionbattery.com\/product\/mylion-12v-5a-57-7wh-mini-ups-lithium-battery-pack-backup-uninterruptible-power-supply-for-wifi-router-cpe-ont\/#primaryimage\",\"url\":\"https:\/\/mylionbattery.com\/wp-content\/uploads\/2024\/09\/Front-jpg.webp\",\"contentUrl\":\"https:\/\/mylionbattery.com\/wp-content\/uploads\/2024\/09\/Front-jpg.webp\",\"width\":1000,\"height\":1000,\"caption\":\"Front\"},{\"@type\":\"BreadcrumbList\",\"@id\":\"https:\/\/mylionbattery.com\/product\/mylion-12v-5a-57-7wh-mini-ups-lithium-battery-pack-backup-uninterruptible-power-supply-for-wifi-router-cpe-ont\/#breadcrumb\",\"itemListElement\":[{\"@type\":\"ListItem\",\"position\":1,\"name\":\"\u9996\u9875\",\"item\":\"https:\/\/mylionbattery.com\/\"},{\"@type\":\"ListItem\",\"position\":2,\"name\":\"Products\",\"item\":\"https:\/\/mylionbattery.com\/products\/\"},{\"@type\":\"ListItem\",\"position\":3,\"name\":\"Mylion 12V 5A 57.7Wh Mu65W Mini UPS lithium battery pack backup Uninterruptible Power Supply for WiFi Router\/CPE\/ONT\"}]},{\"@type\":\"WebSite\",\"@id\":\"https:\/\/mylionbattery.com\/#website\",\"url\":\"https:\/\/mylionbattery.com\/\",\"name\":\"Mylionbattery\",\"description\":\"mylionbattery\",\"publisher\":{\"@id\":\"https:\/\/mylionbattery.com\/#organization\"},\"potentialAction\":[{\"@type\":\"SearchAction\",\"target\":{\"@type\":\"EntryPoint\",\"urlTemplate\":\"https:\/\/mylionbattery.com\/?s={search_term_string}\"},\"query-input\":{\"@type\":\"PropertyValueSpecification\",\"valueRequired\":true,\"valueName\":\"search_term_string\"}}],\"inLanguage\":\"fr-FR\"},{\"@type\":\"Organization\",\"@id\":\"https:\/\/mylionbattery.com\/#organization\",\"name\":\"Mylionbattery\",\"url\":\"https:\/\/mylionbattery.com\/\",\"logo\":{\"@type\":\"ImageObject\",\"inLanguage\":\"fr-FR\",\"@id\":\"https:\/\/mylionbattery.com\/#\/schema\/logo\/image\/\",\"url\":\"http:\/\/mylionbattery.com\/wp-content\/uploads\/2024\/09\/\u767d\u5e95mylion-logo\u6b63\u65b9\u5f62.png\",\"contentUrl\":\"http:\/\/mylionbattery.com\/wp-content\/uploads\/2024\/09\/\u767d\u5e95mylion-logo\u6b63\u65b9\u5f62.png\",\"width\":600,\"height\":600,\"caption\":\"Mylionbattery\"},\"image\":{\"@id\":\"https:\/\/mylionbattery.com\/#\/schema\/logo\/image\/\"}}]}<\/script>\n<!-- \/ Yoast SEO plugin. -->","yoast_head_json":{"title":"Mylion 12V 5A 57.7Wh Mu65W Mini UPS lithium battery pack backup Uninterruptible Power Supply for WiFi Router\/CPE\/ONT - mylionbattery","description":"Discover Mylion Battery's innovative battery solutions, including mini UPS systems and lithium-ion batteries. Offering high-quality, customizable products designed with advanced technology to deliver exceptional performance and reliability for global markets.","robots":{"index":"index","follow":"follow","max-snippet":"max-snippet:-1","max-image-preview":"max-image-preview:large","max-video-preview":"max-video-preview:-1"},"canonical":"https:\/\/mylionbattery.com\/fr\/produit\/mylion-12v-5a-57-7wh-mini-ups-lithium-battery-pack-backup-uninterruptible-power-supply-for-wifi-router-cpe-ont\/","og_locale":"fr_FR","og_type":"article","og_title":"Mylion 12V 5A 57.7Wh Mu65W Mini UPS lithium battery pack backup Uninterruptible Power Supply for WiFi Router\/CPE\/ONT - mylionbattery","og_description":"Discover Mylion Battery's innovative battery solutions, including mini UPS systems and lithium-ion batteries. Offering high-quality, customizable products designed with advanced technology to deliver exceptional performance and reliability for global markets.","og_url":"https:\/\/mylionbattery.com\/fr\/produit\/mylion-12v-5a-57-7wh-mini-ups-lithium-battery-pack-backup-uninterruptible-power-supply-for-wifi-router-cpe-ont\/","og_site_name":"mylionbattery","article_modified_time":"2025-06-03T08:15:11+00:00","og_image":[{"width":1000,"height":1000,"url":"https:\/\/mylionbattery.com\/wp-content\/uploads\/2024\/09\/Front-jpg.webp","type":"image\/jpeg"}],"twitter_card":"summary_large_image","twitter_misc":{"Dur\u00e9e de lecture estim\u00e9e":"3 minutes"},"schema":{"@context":"https:\/\/schema.org","@graph":[{"@type":"WebPage","@id":"https:\/\/mylionbattery.com\/product\/mylion-12v-5a-57-7wh-mini-ups-lithium-battery-pack-backup-uninterruptible-power-supply-for-wifi-router-cpe-ont\/","url":"https:\/\/mylionbattery.com\/product\/mylion-12v-5a-57-7wh-mini-ups-lithium-battery-pack-backup-uninterruptible-power-supply-for-wifi-router-cpe-ont\/","name":"Mylion 12V 5A 57.7Wh Mu65W Mini UPS lithium battery pack backup Uninterruptible Power Supply for WiFi Router\/CPE\/ONT - mylionbattery","isPartOf":{"@id":"https:\/\/mylionbattery.com\/#website"},"primaryImageOfPage":{"@id":"https:\/\/mylionbattery.com\/product\/mylion-12v-5a-57-7wh-mini-ups-lithium-battery-pack-backup-uninterruptible-power-supply-for-wifi-router-cpe-ont\/#primaryimage"},"image":{"@id":"https:\/\/mylionbattery.com\/product\/mylion-12v-5a-57-7wh-mini-ups-lithium-battery-pack-backup-uninterruptible-power-supply-for-wifi-router-cpe-ont\/#primaryimage"},"thumbnailUrl":"https:\/\/mylionbattery.com\/wp-content\/uploads\/2024\/09\/Front-jpg.webp","datePublished":"2024-09-23T07:39:19+00:00","dateModified":"2025-06-03T08:15:11+00:00","description":"Discover Mylion Battery's innovative battery solutions, including mini UPS systems and lithium-ion batteries. Offering high-quality, customizable products designed with advanced technology to deliver exceptional performance and reliability for global markets.","breadcrumb":{"@id":"https:\/\/mylionbattery.com\/product\/mylion-12v-5a-57-7wh-mini-ups-lithium-battery-pack-backup-uninterruptible-power-supply-for-wifi-router-cpe-ont\/#breadcrumb"},"inLanguage":"fr-FR","potentialAction":[{"@type":"ReadAction","target":["https:\/\/mylionbattery.com\/product\/mylion-12v-5a-57-7wh-mini-ups-lithium-battery-pack-backup-uninterruptible-power-supply-for-wifi-router-cpe-ont\/"]}]},{"@type":"ImageObject","inLanguage":"fr-FR","@id":"https:\/\/mylionbattery.com\/product\/mylion-12v-5a-57-7wh-mini-ups-lithium-battery-pack-backup-uninterruptible-power-supply-for-wifi-router-cpe-ont\/#primaryimage","url":"https:\/\/mylionbattery.com\/wp-content\/uploads\/2024\/09\/Front-jpg.webp","contentUrl":"https:\/\/mylionbattery.com\/wp-content\/uploads\/2024\/09\/Front-jpg.webp","width":1000,"height":1000,"caption":"Front"},{"@type":"BreadcrumbList","@id":"https:\/\/mylionbattery.com\/product\/mylion-12v-5a-57-7wh-mini-ups-lithium-battery-pack-backup-uninterruptible-power-supply-for-wifi-router-cpe-ont\/#breadcrumb","itemListElement":[{"@type":"ListItem","position":1,"name":"\u9996\u9875","item":"https:\/\/mylionbattery.com\/"},{"@type":"ListItem","position":2,"name":"Products","item":"https:\/\/mylionbattery.com\/products\/"},{"@type":"ListItem","position":3,"name":"Mylion 12V 5A 57.7Wh Mu65W Mini UPS lithium battery pack backup Uninterruptible Power Supply for WiFi Router\/CPE\/ONT"}]},{"@type":"WebSite","@id":"https:\/\/mylionbattery.com\/#website","url":"https:\/\/mylionbattery.com\/","name":"Mylionbattery","description":"mylionbattery","publisher":{"@id":"https:\/\/mylionbattery.com\/#organization"},"potentialAction":[{"@type":"SearchAction","target":{"@type":"EntryPoint","urlTemplate":"https:\/\/mylionbattery.com\/?s={search_term_string}"},"query-input":{"@type":"PropertyValueSpecification","valueRequired":true,"valueName":"search_term_string"}}],"inLanguage":"fr-FR"},{"@type":"Organization","@id":"https:\/\/mylionbattery.com\/#organization","name":"Mylionbattery","url":"https:\/\/mylionbattery.com\/","logo":{"@type":"ImageObject","inLanguage":"fr-FR","@id":"https:\/\/mylionbattery.com\/#\/schema\/logo\/image\/","url":"http:\/\/mylionbattery.com\/wp-content\/uploads\/2024\/09\/\u767d\u5e95mylion-logo\u6b63\u65b9\u5f62.png","contentUrl":"http:\/\/mylionbattery.com\/wp-content\/uploads\/2024\/09\/\u767d\u5e95mylion-logo\u6b63\u65b9\u5f62.png","width":600,"height":600,"caption":"Mylionbattery"},"image":{"@id":"https:\/\/mylionbattery.com\/#\/schema\/logo\/image\/"}}]}},"_links":{"self":[{"href":"https:\/\/mylionbattery.com\/fr\/wp-json\/wp\/v2\/product\/1216","targetHints":{"allow":["GET"]}}],"collection":[{"href":"https:\/\/mylionbattery.com\/fr\/wp-json\/wp\/v2\/product"}],"about":[{"href":"https:\/\/mylionbattery.com\/fr\/wp-json\/wp\/v2\/types\/product"}],"version-history":[{"count":4,"href":"https:\/\/mylionbattery.com\/fr\/wp-json\/wp\/v2\/product\/1216\/revisions"}],"predecessor-version":[{"id":1446,"href":"https:\/\/mylionbattery.com\/fr\/wp-json\/wp\/v2\/product\/1216\/revisions\/1446"}],"wp:featuredmedia":[{"embeddable":true,"href":"https:\/\/mylionbattery.com\/fr\/wp-json\/wp\/v2\/media\/1180"}],"wp:attachment":[{"href":"https:\/\/mylionbattery.com\/fr\/wp-json\/wp\/v2\/media?parent=1216"}],"wp:term":[{"taxonomy":"product_brand","embeddable":true,"href":"https:\/\/mylionbattery.com\/fr\/wp-json\/wp\/v2\/product_brand?post=1216"},{"taxonomy":"product_cat","embeddable":true,"href":"https:\/\/mylionbattery.com\/fr\/wp-json\/wp\/v2\/product_cat?post=1216"},{"taxonomy":"product_tag","embeddable":true,"href":"https:\/\/mylionbattery.com\/fr\/wp-json\/wp\/v2\/product_tag?post=1216"}],"curies":[{"name":"wp","href":"https:\/\/api.w.org\/{rel}","templated":true}]}}