{"id":1539,"date":"2025-06-04T09:11:51","date_gmt":"2025-06-04T09:11:51","guid":{"rendered":"https:\/\/lightyellow-sardine-891901.hostingersite.com\/?post_type=product&#038;p=1539"},"modified":"2025-06-04T09:11:52","modified_gmt":"2025-06-04T09:11:52","slug":"mylion-lithium-battery-111v-10ah-3s4p-111wh-for-garden-sprayer-medical-equipment-solar-led-and-more","status":"publish","type":"product","link":"https:\/\/mylionbattery.com\/fr\/produit\/mylion-lithium-battery-111v-10ah-3s4p-111wh-for-garden-sprayer-medical-equipment-solar-led-and-more\/","title":{"rendered":"Batterie lithium Mylion 111 V 10 Ah 3S4P 111 Wh pour pulv\u00e9risateur de jardin, \u00e9quipement m\u00e9dical, LED solaires et plus encore"},"content":{"rendered":"<p><img data-dominant-color=\"394a68\" data-has-transparency=\"false\" style=\"--dominant-color: #394a68;\" fetchpriority=\"high\" decoding=\"async\" class=\"alignnone size-full wp-image-1544 not-transparent\" src=\"http:\/\/mylionbattery.com\/wp-content\/uploads\/2025\/06\/battery-11.1V-10Ah-3S4P_01.webp\" alt=\"\" width=\"750\" height=\"327\" srcset=\"https:\/\/mylionbattery.com\/wp-content\/uploads\/2025\/06\/battery-11.1V-10Ah-3S4P_01.webp 750w, https:\/\/mylionbattery.com\/wp-content\/uploads\/2025\/06\/battery-11.1V-10Ah-3S4P_01-300x131.webp 300w, https:\/\/mylionbattery.com\/wp-content\/uploads\/2025\/06\/battery-11.1V-10Ah-3S4P_01-18x8.webp 18w, https:\/\/mylionbattery.com\/wp-content\/uploads\/2025\/06\/battery-11.1V-10Ah-3S4P_01-600x262.webp 600w\" sizes=\"(max-width: 750px) 100vw, 750px\" \/> <img data-dominant-color=\"2b3751\" data-has-transparency=\"false\" style=\"--dominant-color: #2b3751;\" decoding=\"async\" class=\"alignnone size-full wp-image-1545 not-transparent\" src=\"http:\/\/mylionbattery.com\/wp-content\/uploads\/2025\/06\/battery-11.1V-10Ah-3S4P_02.webp\" alt=\"\" width=\"750\" height=\"935\" srcset=\"https:\/\/mylionbattery.com\/wp-content\/uploads\/2025\/06\/battery-11.1V-10Ah-3S4P_02.webp 750w, https:\/\/mylionbattery.com\/wp-content\/uploads\/2025\/06\/battery-11.1V-10Ah-3S4P_02-241x300.webp 241w, https:\/\/mylionbattery.com\/wp-content\/uploads\/2025\/06\/battery-11.1V-10Ah-3S4P_02-10x12.webp 10w, https:\/\/mylionbattery.com\/wp-content\/uploads\/2025\/06\/battery-11.1V-10Ah-3S4P_02-600x748.webp 600w\" sizes=\"(max-width: 750px) 100vw, 750px\" \/> <img data-dominant-color=\"677694\" data-has-transparency=\"false\" style=\"--dominant-color: #677694;\" decoding=\"async\" class=\"alignnone size-full wp-image-1546 not-transparent\" src=\"http:\/\/mylionbattery.com\/wp-content\/uploads\/2025\/06\/battery-11.1V-10Ah-3S4P_03.webp\" alt=\"\" width=\"750\" height=\"1235\" srcset=\"https:\/\/mylionbattery.com\/wp-content\/uploads\/2025\/06\/battery-11.1V-10Ah-3S4P_03.webp 750w, https:\/\/mylionbattery.com\/wp-content\/uploads\/2025\/06\/battery-11.1V-10Ah-3S4P_03-182x300.webp 182w, https:\/\/mylionbattery.com\/wp-content\/uploads\/2025\/06\/battery-11.1V-10Ah-3S4P_03-622x1024.webp 622w, https:\/\/mylionbattery.com\/wp-content\/uploads\/2025\/06\/battery-11.1V-10Ah-3S4P_03-7x12.webp 7w, https:\/\/mylionbattery.com\/wp-content\/uploads\/2025\/06\/battery-11.1V-10Ah-3S4P_03-600x988.webp 600w\" sizes=\"(max-width: 750px) 100vw, 750px\" \/> <img data-dominant-color=\"9a9ca6\" data-has-transparency=\"false\" style=\"--dominant-color: #9a9ca6;\" loading=\"lazy\" decoding=\"async\" class=\"alignnone size-full wp-image-1547 not-transparent\" src=\"http:\/\/mylionbattery.com\/wp-content\/uploads\/2025\/06\/battery-11.1V-10Ah-3S4P_04.webp\" alt=\"\" width=\"750\" height=\"1433\" srcset=\"https:\/\/mylionbattery.com\/wp-content\/uploads\/2025\/06\/battery-11.1V-10Ah-3S4P_04.webp 750w, https:\/\/mylionbattery.com\/wp-content\/uploads\/2025\/06\/battery-11.1V-10Ah-3S4P_04-157x300.webp 157w, https:\/\/mylionbattery.com\/wp-content\/uploads\/2025\/06\/battery-11.1V-10Ah-3S4P_04-536x1024.webp 536w, https:\/\/mylionbattery.com\/wp-content\/uploads\/2025\/06\/battery-11.1V-10Ah-3S4P_04-6x12.webp 6w, https:\/\/mylionbattery.com\/wp-content\/uploads\/2025\/06\/battery-11.1V-10Ah-3S4P_04-600x1146.webp 600w\" sizes=\"(max-width: 750px) 100vw, 750px\" \/> <img data-dominant-color=\"7a8396\" data-has-transparency=\"false\" style=\"--dominant-color: #7a8396;\" loading=\"lazy\" decoding=\"async\" class=\"alignnone size-full wp-image-1548 not-transparent\" src=\"http:\/\/mylionbattery.com\/wp-content\/uploads\/2025\/06\/battery-11.1V-10Ah-3S4P_05.webp\" alt=\"\" width=\"750\" height=\"2382\" srcset=\"https:\/\/mylionbattery.com\/wp-content\/uploads\/2025\/06\/battery-11.1V-10Ah-3S4P_05.webp 750w, https:\/\/mylionbattery.com\/wp-content\/uploads\/2025\/06\/battery-11.1V-10Ah-3S4P_05-94x300.webp 94w, https:\/\/mylionbattery.com\/wp-content\/uploads\/2025\/06\/battery-11.1V-10Ah-3S4P_05-322x1024.webp 322w, https:\/\/mylionbattery.com\/wp-content\/uploads\/2025\/06\/battery-11.1V-10Ah-3S4P_05-484x1536.webp 484w, https:\/\/mylionbattery.com\/wp-content\/uploads\/2025\/06\/battery-11.1V-10Ah-3S4P_05-645x2048.webp 645w, https:\/\/mylionbattery.com\/wp-content\/uploads\/2025\/06\/battery-11.1V-10Ah-3S4P_05-4x12.webp 4w, https:\/\/mylionbattery.com\/wp-content\/uploads\/2025\/06\/battery-11.1V-10Ah-3S4P_05-600x1906.webp 600w\" sizes=\"(max-width: 750px) 100vw, 750px\" \/> <img data-dominant-color=\"82889b\" data-has-transparency=\"false\" style=\"--dominant-color: #82889b;\" loading=\"lazy\" decoding=\"async\" class=\"alignnone size-full wp-image-1549 not-transparent\" src=\"http:\/\/mylionbattery.com\/wp-content\/uploads\/2025\/06\/battery-11.1V-10Ah-3S4P_06.webp\" alt=\"\" width=\"750\" height=\"2423\" srcset=\"https:\/\/mylionbattery.com\/wp-content\/uploads\/2025\/06\/battery-11.1V-10Ah-3S4P_06.webp 750w, https:\/\/mylionbattery.com\/wp-content\/uploads\/2025\/06\/battery-11.1V-10Ah-3S4P_06-93x300.webp 93w, https:\/\/mylionbattery.com\/wp-content\/uploads\/2025\/06\/battery-11.1V-10Ah-3S4P_06-317x1024.webp 317w, https:\/\/mylionbattery.com\/wp-content\/uploads\/2025\/06\/battery-11.1V-10Ah-3S4P_06-475x1536.webp 475w, https:\/\/mylionbattery.com\/wp-content\/uploads\/2025\/06\/battery-11.1V-10Ah-3S4P_06-634x2048.webp 634w, https:\/\/mylionbattery.com\/wp-content\/uploads\/2025\/06\/battery-11.1V-10Ah-3S4P_06-4x12.webp 4w, https:\/\/mylionbattery.com\/wp-content\/uploads\/2025\/06\/battery-11.1V-10Ah-3S4P_06-600x1938.webp 600w\" sizes=\"(max-width: 750px) 100vw, 750px\" \/> <img data-dominant-color=\"888e9d\" data-has-transparency=\"false\" style=\"--dominant-color: #888e9d;\" loading=\"lazy\" decoding=\"async\" class=\"alignnone size-full wp-image-1550 not-transparent\" src=\"http:\/\/mylionbattery.com\/wp-content\/uploads\/2025\/06\/battery-11.1V-10Ah-3S4P_07.webp\" alt=\"\" width=\"750\" height=\"1825\" srcset=\"https:\/\/mylionbattery.com\/wp-content\/uploads\/2025\/06\/battery-11.1V-10Ah-3S4P_07.webp 750w, https:\/\/mylionbattery.com\/wp-content\/uploads\/2025\/06\/battery-11.1V-10Ah-3S4P_07-123x300.webp 123w, https:\/\/mylionbattery.com\/wp-content\/uploads\/2025\/06\/battery-11.1V-10Ah-3S4P_07-421x1024.webp 421w, https:\/\/mylionbattery.com\/wp-content\/uploads\/2025\/06\/battery-11.1V-10Ah-3S4P_07-631x1536.webp 631w, https:\/\/mylionbattery.com\/wp-content\/uploads\/2025\/06\/battery-11.1V-10Ah-3S4P_07-5x12.webp 5w, https:\/\/mylionbattery.com\/wp-content\/uploads\/2025\/06\/battery-11.1V-10Ah-3S4P_07-600x1460.webp 600w\" sizes=\"(max-width: 750px) 100vw, 750px\" \/> <img data-dominant-color=\"5e6b84\" data-has-transparency=\"false\" style=\"--dominant-color: #5e6b84;\" loading=\"lazy\" decoding=\"async\" class=\"alignnone size-full wp-image-1551 not-transparent\" src=\"http:\/\/mylionbattery.com\/wp-content\/uploads\/2025\/06\/battery-11.1V-10Ah-3S4P_08.webp\" alt=\"\" width=\"750\" height=\"886\" srcset=\"https:\/\/mylionbattery.com\/wp-content\/uploads\/2025\/06\/battery-11.1V-10Ah-3S4P_08.webp 750w, https:\/\/mylionbattery.com\/wp-content\/uploads\/2025\/06\/battery-11.1V-10Ah-3S4P_08-254x300.webp 254w, https:\/\/mylionbattery.com\/wp-content\/uploads\/2025\/06\/battery-11.1V-10Ah-3S4P_08-10x12.webp 10w, https:\/\/mylionbattery.com\/wp-content\/uploads\/2025\/06\/battery-11.1V-10Ah-3S4P_08-600x709.webp 600w\" sizes=\"(max-width: 750px) 100vw, 750px\" \/><\/p>","protected":false},"excerpt":{"rendered":"<ul>\n<li data-start=\"189\" data-end=\"242\">\n<p data-start=\"191\" data-end=\"242\">Haute capacit\u00e9 10000mAh avec tension nominale de 11,1V<\/p>\n<\/li>\n<li data-start=\"243\" data-end=\"292\">\n<p data-start=\"245\" data-end=\"292\">Tension de charge maximale 12,6 V, tension de coupure 9,0 V<\/p>\n<\/li>\n<li data-start=\"293\" data-end=\"321\">\n<p data-start=\"295\" data-end=\"321\">Puissance de sortie jusqu&#039;\u00e0 111 Wh<\/p>\n<\/li>\n<li data-start=\"322\" data-end=\"371\">\n<p data-start=\"324\" data-end=\"371\">Longue dur\u00e9e de fonctionnement jusqu&#039;\u00e0 20 heures avec une charge de 0,5 A<\/p>\n<\/li>\n<li data-start=\"372\" data-end=\"416\">\n<p data-start=\"374\" data-end=\"416\">Courant de d\u00e9charge continu maximal 1 \u00e0 2 A<\/p>\n<\/li>\n<li data-start=\"417\" data-end=\"443\">\n<p data-start=\"419\" data-end=\"443\">Courant de charge 1 \u00e0 2A<\/p>\n<\/li>\n<li data-start=\"444\" data-end=\"493\">\n<p data-start=\"446\" data-end=\"493\">Dimensions 130 x 54 x 42 mm poids environ 540 g<\/p>\n<\/li>\n<li data-start=\"494\" data-end=\"536\">\n<p data-start=\"496\" data-end=\"536\">C\u00e2ble de port de charge ou prise en option<\/p>\n<\/li>\n<li data-start=\"537\" data-end=\"579\">\n<p data-start=\"539\" data-end=\"579\">Port de d\u00e9charge personnalisable sur demande<\/p>\n<\/li>\n<li data-start=\"580\" data-end=\"666\">\n<p data-start=\"582\" data-end=\"666\">Protection int\u00e9gr\u00e9e contre les surcharges, les d\u00e9charges excessives, les surintensit\u00e9s et les courts-circuits<\/p>\n<\/li>\n<li data-start=\"667\" data-end=\"717\">\n<p data-start=\"669\" data-end=\"717\">Dur\u00e9e de vie de plus de 600 cycles avec une capacit\u00e9 stable<\/p>\n<\/li>\n<li data-start=\"718\" data-end=\"771\">\n<p data-start=\"720\" data-end=\"771\">Certifi\u00e9 CB CE UL UN38.3 ROHS MSDS et plus<\/p>\n<\/li>\n<li data-start=\"772\" data-end=\"873\">\n<p data-start=\"774\" data-end=\"873\">Id\u00e9al pour les pulv\u00e9risateurs de jardin, les appareils m\u00e9dicaux, les syst\u00e8mes solaires \u00e0 LED et le remplacement des batteries au plomb 12 V<\/p>\n<\/li>\n<\/ul>","protected":false},"featured_media":1540,"template":"","meta":[],"product_brand":[],"product_cat":[53],"product_tag":[58],"class_list":{"0":"post-1539","1":"product","2":"type-product","3":"status-publish","4":"has-post-thumbnail","6":"product_cat-lithium-battery-pack","7":"product_tag-11-1v-10ah10000mah-3s4p","9":"first","10":"instock","11":"shipping-taxable","12":"product-type-simple"},"yoast_head":"<!-- This site is optimized with the Yoast SEO plugin v26.1.1 - https:\/\/yoast.com\/wordpress\/plugins\/seo\/ -->\n<title>Mylion Lithium Battery 111V 10Ah 3S4P 111Wh for Garden Sprayer Medical Equipment Solar LED and More - mylionbattery<\/title>\n<meta name=\"description\" content=\"Discover Mylion Battery&#039;s innovative battery solutions, including mini UPS systems and lithium-ion batteries. Offering high-quality, customizable products designed with advanced technology to deliver exceptional performance and reliability for global markets.\" \/>\n<meta name=\"robots\" content=\"index, follow, max-snippet:-1, max-image-preview:large, max-video-preview:-1\" \/>\n<link rel=\"canonical\" href=\"https:\/\/mylionbattery.com\/fr\/produit\/mylion-lithium-battery-111v-10ah-3s4p-111wh-for-garden-sprayer-medical-equipment-solar-led-and-more\/\" \/>\n<meta property=\"og:locale\" content=\"fr_FR\" \/>\n<meta property=\"og:type\" content=\"article\" \/>\n<meta property=\"og:title\" content=\"Mylion Lithium Battery 111V 10Ah 3S4P 111Wh for Garden Sprayer Medical Equipment Solar LED and More - mylionbattery\" \/>\n<meta property=\"og:description\" content=\"Discover Mylion Battery&#039;s innovative battery solutions, including mini UPS systems and lithium-ion batteries. Offering high-quality, customizable products designed with advanced technology to deliver exceptional performance and reliability for global markets.\" \/>\n<meta property=\"og:url\" content=\"https:\/\/mylionbattery.com\/fr\/produit\/mylion-lithium-battery-111v-10ah-3s4p-111wh-for-garden-sprayer-medical-equipment-solar-led-and-more\/\" \/>\n<meta property=\"og:site_name\" content=\"mylionbattery\" \/>\n<meta property=\"article:modified_time\" content=\"2025-06-04T09:11:52+00:00\" \/>\n<meta property=\"og:image\" content=\"https:\/\/mylionbattery.com\/wp-content\/uploads\/2025\/06\/11.1v-10ah-1.webp\" \/>\n\t<meta property=\"og:image:width\" content=\"750\" \/>\n\t<meta property=\"og:image:height\" content=\"750\" \/>\n\t<meta property=\"og:image:type\" content=\"image\/jpeg\" \/>\n<meta name=\"twitter:card\" content=\"summary_large_image\" \/>\n<meta name=\"twitter:label1\" content=\"Dur\u00e9e de lecture estim\u00e9e\" \/>\n\t<meta name=\"twitter:data1\" content=\"2 minutes\" \/>\n<script type=\"application\/ld+json\" class=\"yoast-schema-graph\">{\"@context\":\"https:\/\/schema.org\",\"@graph\":[{\"@type\":\"WebPage\",\"@id\":\"https:\/\/mylionbattery.com\/product\/mylion-lithium-battery-111v-10ah-3s4p-111wh-for-garden-sprayer-medical-equipment-solar-led-and-more\/\",\"url\":\"https:\/\/mylionbattery.com\/product\/mylion-lithium-battery-111v-10ah-3s4p-111wh-for-garden-sprayer-medical-equipment-solar-led-and-more\/\",\"name\":\"Mylion Lithium Battery 111V 10Ah 3S4P 111Wh for Garden Sprayer Medical Equipment Solar LED and More - mylionbattery\",\"isPartOf\":{\"@id\":\"https:\/\/mylionbattery.com\/#website\"},\"primaryImageOfPage\":{\"@id\":\"https:\/\/mylionbattery.com\/product\/mylion-lithium-battery-111v-10ah-3s4p-111wh-for-garden-sprayer-medical-equipment-solar-led-and-more\/#primaryimage\"},\"image\":{\"@id\":\"https:\/\/mylionbattery.com\/product\/mylion-lithium-battery-111v-10ah-3s4p-111wh-for-garden-sprayer-medical-equipment-solar-led-and-more\/#primaryimage\"},\"thumbnailUrl\":\"https:\/\/mylionbattery.com\/wp-content\/uploads\/2025\/06\/11.1v-10ah-1.webp\",\"datePublished\":\"2025-06-04T09:11:51+00:00\",\"dateModified\":\"2025-06-04T09:11:52+00:00\",\"description\":\"Discover Mylion Battery's innovative battery solutions, including mini UPS systems and lithium-ion batteries. Offering high-quality, customizable products designed with advanced technology to deliver exceptional performance and reliability for global markets.\",\"breadcrumb\":{\"@id\":\"https:\/\/mylionbattery.com\/product\/mylion-lithium-battery-111v-10ah-3s4p-111wh-for-garden-sprayer-medical-equipment-solar-led-and-more\/#breadcrumb\"},\"inLanguage\":\"fr-FR\",\"potentialAction\":[{\"@type\":\"ReadAction\",\"target\":[\"https:\/\/mylionbattery.com\/product\/mylion-lithium-battery-111v-10ah-3s4p-111wh-for-garden-sprayer-medical-equipment-solar-led-and-more\/\"]}]},{\"@type\":\"ImageObject\",\"inLanguage\":\"fr-FR\",\"@id\":\"https:\/\/mylionbattery.com\/product\/mylion-lithium-battery-111v-10ah-3s4p-111wh-for-garden-sprayer-medical-equipment-solar-led-and-more\/#primaryimage\",\"url\":\"https:\/\/mylionbattery.com\/wp-content\/uploads\/2025\/06\/11.1v-10ah-1.webp\",\"contentUrl\":\"https:\/\/mylionbattery.com\/wp-content\/uploads\/2025\/06\/11.1v-10ah-1.webp\",\"width\":750,\"height\":750,\"caption\":\"11.1v-10ah-1\"},{\"@type\":\"BreadcrumbList\",\"@id\":\"https:\/\/mylionbattery.com\/product\/mylion-lithium-battery-111v-10ah-3s4p-111wh-for-garden-sprayer-medical-equipment-solar-led-and-more\/#breadcrumb\",\"itemListElement\":[{\"@type\":\"ListItem\",\"position\":1,\"name\":\"\u9996\u9875\",\"item\":\"https:\/\/mylionbattery.com\/\"},{\"@type\":\"ListItem\",\"position\":2,\"name\":\"Products\",\"item\":\"https:\/\/mylionbattery.com\/products\/\"},{\"@type\":\"ListItem\",\"position\":3,\"name\":\"Mylion Lithium Battery 111V 10Ah 3S4P 111Wh for Garden Sprayer Medical Equipment Solar LED and More\"}]},{\"@type\":\"WebSite\",\"@id\":\"https:\/\/mylionbattery.com\/#website\",\"url\":\"https:\/\/mylionbattery.com\/\",\"name\":\"Mylionbattery\",\"description\":\"mylionbattery\",\"publisher\":{\"@id\":\"https:\/\/mylionbattery.com\/#organization\"},\"potentialAction\":[{\"@type\":\"SearchAction\",\"target\":{\"@type\":\"EntryPoint\",\"urlTemplate\":\"https:\/\/mylionbattery.com\/?s={search_term_string}\"},\"query-input\":{\"@type\":\"PropertyValueSpecification\",\"valueRequired\":true,\"valueName\":\"search_term_string\"}}],\"inLanguage\":\"fr-FR\"},{\"@type\":\"Organization\",\"@id\":\"https:\/\/mylionbattery.com\/#organization\",\"name\":\"Mylionbattery\",\"url\":\"https:\/\/mylionbattery.com\/\",\"logo\":{\"@type\":\"ImageObject\",\"inLanguage\":\"fr-FR\",\"@id\":\"https:\/\/mylionbattery.com\/#\/schema\/logo\/image\/\",\"url\":\"http:\/\/mylionbattery.com\/wp-content\/uploads\/2024\/09\/\u767d\u5e95mylion-logo\u6b63\u65b9\u5f62.png\",\"contentUrl\":\"http:\/\/mylionbattery.com\/wp-content\/uploads\/2024\/09\/\u767d\u5e95mylion-logo\u6b63\u65b9\u5f62.png\",\"width\":600,\"height\":600,\"caption\":\"Mylionbattery\"},\"image\":{\"@id\":\"https:\/\/mylionbattery.com\/#\/schema\/logo\/image\/\"}}]}<\/script>\n<!-- \/ Yoast SEO plugin. -->","yoast_head_json":{"title":"Mylion Lithium Battery 111V 10Ah 3S4P 111Wh for Garden Sprayer Medical Equipment Solar LED and More - mylionbattery","description":"Discover Mylion Battery's innovative battery solutions, including mini UPS systems and lithium-ion batteries. Offering high-quality, customizable products designed with advanced technology to deliver exceptional performance and reliability for global markets.","robots":{"index":"index","follow":"follow","max-snippet":"max-snippet:-1","max-image-preview":"max-image-preview:large","max-video-preview":"max-video-preview:-1"},"canonical":"https:\/\/mylionbattery.com\/fr\/produit\/mylion-lithium-battery-111v-10ah-3s4p-111wh-for-garden-sprayer-medical-equipment-solar-led-and-more\/","og_locale":"fr_FR","og_type":"article","og_title":"Mylion Lithium Battery 111V 10Ah 3S4P 111Wh for Garden Sprayer Medical Equipment Solar LED and More - mylionbattery","og_description":"Discover Mylion Battery's innovative battery solutions, including mini UPS systems and lithium-ion batteries. Offering high-quality, customizable products designed with advanced technology to deliver exceptional performance and reliability for global markets.","og_url":"https:\/\/mylionbattery.com\/fr\/produit\/mylion-lithium-battery-111v-10ah-3s4p-111wh-for-garden-sprayer-medical-equipment-solar-led-and-more\/","og_site_name":"mylionbattery","article_modified_time":"2025-06-04T09:11:52+00:00","og_image":[{"width":750,"height":750,"url":"https:\/\/mylionbattery.com\/wp-content\/uploads\/2025\/06\/11.1v-10ah-1.webp","type":"image\/jpeg"}],"twitter_card":"summary_large_image","twitter_misc":{"Dur\u00e9e de lecture estim\u00e9e":"2 minutes"},"schema":{"@context":"https:\/\/schema.org","@graph":[{"@type":"WebPage","@id":"https:\/\/mylionbattery.com\/product\/mylion-lithium-battery-111v-10ah-3s4p-111wh-for-garden-sprayer-medical-equipment-solar-led-and-more\/","url":"https:\/\/mylionbattery.com\/product\/mylion-lithium-battery-111v-10ah-3s4p-111wh-for-garden-sprayer-medical-equipment-solar-led-and-more\/","name":"Mylion Lithium Battery 111V 10Ah 3S4P 111Wh for Garden Sprayer Medical Equipment Solar LED and More - mylionbattery","isPartOf":{"@id":"https:\/\/mylionbattery.com\/#website"},"primaryImageOfPage":{"@id":"https:\/\/mylionbattery.com\/product\/mylion-lithium-battery-111v-10ah-3s4p-111wh-for-garden-sprayer-medical-equipment-solar-led-and-more\/#primaryimage"},"image":{"@id":"https:\/\/mylionbattery.com\/product\/mylion-lithium-battery-111v-10ah-3s4p-111wh-for-garden-sprayer-medical-equipment-solar-led-and-more\/#primaryimage"},"thumbnailUrl":"https:\/\/mylionbattery.com\/wp-content\/uploads\/2025\/06\/11.1v-10ah-1.webp","datePublished":"2025-06-04T09:11:51+00:00","dateModified":"2025-06-04T09:11:52+00:00","description":"Discover Mylion Battery's innovative battery solutions, including mini UPS systems and lithium-ion batteries. Offering high-quality, customizable products designed with advanced technology to deliver exceptional performance and reliability for global markets.","breadcrumb":{"@id":"https:\/\/mylionbattery.com\/product\/mylion-lithium-battery-111v-10ah-3s4p-111wh-for-garden-sprayer-medical-equipment-solar-led-and-more\/#breadcrumb"},"inLanguage":"fr-FR","potentialAction":[{"@type":"ReadAction","target":["https:\/\/mylionbattery.com\/product\/mylion-lithium-battery-111v-10ah-3s4p-111wh-for-garden-sprayer-medical-equipment-solar-led-and-more\/"]}]},{"@type":"ImageObject","inLanguage":"fr-FR","@id":"https:\/\/mylionbattery.com\/product\/mylion-lithium-battery-111v-10ah-3s4p-111wh-for-garden-sprayer-medical-equipment-solar-led-and-more\/#primaryimage","url":"https:\/\/mylionbattery.com\/wp-content\/uploads\/2025\/06\/11.1v-10ah-1.webp","contentUrl":"https:\/\/mylionbattery.com\/wp-content\/uploads\/2025\/06\/11.1v-10ah-1.webp","width":750,"height":750,"caption":"11.1v-10ah-1"},{"@type":"BreadcrumbList","@id":"https:\/\/mylionbattery.com\/product\/mylion-lithium-battery-111v-10ah-3s4p-111wh-for-garden-sprayer-medical-equipment-solar-led-and-more\/#breadcrumb","itemListElement":[{"@type":"ListItem","position":1,"name":"\u9996\u9875","item":"https:\/\/mylionbattery.com\/"},{"@type":"ListItem","position":2,"name":"Products","item":"https:\/\/mylionbattery.com\/products\/"},{"@type":"ListItem","position":3,"name":"Mylion Lithium Battery 111V 10Ah 3S4P 111Wh for Garden Sprayer Medical Equipment Solar LED and More"}]},{"@type":"WebSite","@id":"https:\/\/mylionbattery.com\/#website","url":"https:\/\/mylionbattery.com\/","name":"Mylionbattery","description":"mylionbattery","publisher":{"@id":"https:\/\/mylionbattery.com\/#organization"},"potentialAction":[{"@type":"SearchAction","target":{"@type":"EntryPoint","urlTemplate":"https:\/\/mylionbattery.com\/?s={search_term_string}"},"query-input":{"@type":"PropertyValueSpecification","valueRequired":true,"valueName":"search_term_string"}}],"inLanguage":"fr-FR"},{"@type":"Organization","@id":"https:\/\/mylionbattery.com\/#organization","name":"Mylionbattery","url":"https:\/\/mylionbattery.com\/","logo":{"@type":"ImageObject","inLanguage":"fr-FR","@id":"https:\/\/mylionbattery.com\/#\/schema\/logo\/image\/","url":"http:\/\/mylionbattery.com\/wp-content\/uploads\/2024\/09\/\u767d\u5e95mylion-logo\u6b63\u65b9\u5f62.png","contentUrl":"http:\/\/mylionbattery.com\/wp-content\/uploads\/2024\/09\/\u767d\u5e95mylion-logo\u6b63\u65b9\u5f62.png","width":600,"height":600,"caption":"Mylionbattery"},"image":{"@id":"https:\/\/mylionbattery.com\/#\/schema\/logo\/image\/"}}]}},"_links":{"self":[{"href":"https:\/\/mylionbattery.com\/fr\/wp-json\/wp\/v2\/product\/1539","targetHints":{"allow":["GET"]}}],"collection":[{"href":"https:\/\/mylionbattery.com\/fr\/wp-json\/wp\/v2\/product"}],"about":[{"href":"https:\/\/mylionbattery.com\/fr\/wp-json\/wp\/v2\/types\/product"}],"version-history":[{"count":2,"href":"https:\/\/mylionbattery.com\/fr\/wp-json\/wp\/v2\/product\/1539\/revisions"}],"predecessor-version":[{"id":1553,"href":"https:\/\/mylionbattery.com\/fr\/wp-json\/wp\/v2\/product\/1539\/revisions\/1553"}],"wp:featuredmedia":[{"embeddable":true,"href":"https:\/\/mylionbattery.com\/fr\/wp-json\/wp\/v2\/media\/1540"}],"wp:attachment":[{"href":"https:\/\/mylionbattery.com\/fr\/wp-json\/wp\/v2\/media?parent=1539"}],"wp:term":[{"taxonomy":"product_brand","embeddable":true,"href":"https:\/\/mylionbattery.com\/fr\/wp-json\/wp\/v2\/product_brand?post=1539"},{"taxonomy":"product_cat","embeddable":true,"href":"https:\/\/mylionbattery.com\/fr\/wp-json\/wp\/v2\/product_cat?post=1539"},{"taxonomy":"product_tag","embeddable":true,"href":"https:\/\/mylionbattery.com\/fr\/wp-json\/wp\/v2\/product_tag?post=1539"}],"curies":[{"name":"wp","href":"https:\/\/api.w.org\/{rel}","templated":true}]}}