{"id":1668,"date":"2025-06-05T06:20:17","date_gmt":"2025-06-05T06:20:17","guid":{"rendered":"https:\/\/lightyellow-sardine-891901.hostingersite.com\/?post_type=product&#038;p=1668"},"modified":"2025-06-05T06:23:06","modified_gmt":"2025-06-05T06:23:06","slug":"mylion-powerful-11-1v-7500mah-lithium-ion-battery-pack-83-25wh","status":"publish","type":"product","link":"https:\/\/mylionbattery.com\/fr\/produit\/mylion-powerful-11-1v-7500mah-lithium-ion-battery-pack-83-25wh\/","title":{"rendered":"Batterie lithium-ion puissante Mylion 11,1 V 7\u00a0500 mAh 83,25 Wh"},"content":{"rendered":"<table style=\"border-collapse: collapse; width: 631.90pt;\" border=\"0\" width=\"1685\" cellspacing=\"0\" cellpadding=\"0\">\n<tbody>\n<tr style=\"height: 17.25pt;\">\n<td class=\"et3\" style=\"height: 17.25pt; width: 233.05pt;\" width=\"621\" height=\"46\">Nom du produit<\/td>\n<td class=\"et4\" style=\"width: 399.05pt;\" width=\"1064\">Pack de batteries lithium-ion<\/td>\n<\/tr>\n<tr style=\"height: 17.60pt;\">\n<td class=\"et3\" style=\"height: 17.60pt;\" height=\"46\">Nom du style<\/td>\n<td class=\"et5\">11,1 V 7500 mAh<\/td>\n<\/tr>\n<tr style=\"height: 17.25pt;\">\n<td class=\"et3\" style=\"height: 17.25pt;\" height=\"46\">Capacit\u00e9 nominale<\/td>\n<td class=\"et6\">7500mAh<\/td>\n<\/tr>\n<tr style=\"height: 17.25pt;\">\n<td class=\"et3\" style=\"height: 17.25pt;\" height=\"46\">Tension nominale<\/td>\n<td class=\"et6\">11,1 V<\/td>\n<\/tr>\n<tr style=\"height: 17.25pt;\">\n<td class=\"et3\" style=\"height: 17.25pt;\" height=\"46\">Tension de charge maximale<\/td>\n<td class=\"et6\">12,6 V<\/td>\n<\/tr>\n<tr style=\"height: 17.25pt;\">\n<td class=\"et3\" style=\"height: 17.25pt;\" height=\"46\">Tension de coupure de d\u00e9charge<\/td>\n<td class=\"et6\">9,0 V<\/td>\n<\/tr>\n<tr style=\"height: 17.25pt;\">\n<td class=\"et3\" style=\"height: 17.25pt;\" height=\"46\">Courant de d\u00e9charge continu maximal<\/td>\n<td class=\"et6\">1-2A<\/td>\n<\/tr>\n<tr style=\"height: 17.25pt;\">\n<td class=\"et3\" style=\"height: 17.25pt;\" height=\"46\">Courant de charge<\/td>\n<td class=\"et6\">1-2A<\/td>\n<\/tr>\n<tr style=\"height: 17.25pt;\">\n<td class=\"et3\" style=\"height: 17.25pt;\" height=\"46\">Puissance de sortie<\/td>\n<td class=\"et6\">83,25 W<\/td>\n<\/tr>\n<tr style=\"height: 17.25pt;\">\n<td class=\"et7\" style=\"height: 34.50pt; border-bottom: .5pt solid #000000;\" rowspan=\"2\" height=\"92\">Temps de travail<\/td>\n<td class=\"et8\">Sortie 11,1 V 0,5 A (5,55 W) : environ 15 heures<\/td>\n<\/tr>\n<tr style=\"height: 17.25pt;\">\n<td class=\"et8\">Sortie 11,1 V 1,0 A (11,1 W) : environ 7,5 heures<\/td>\n<\/tr>\n<tr style=\"height: 17.25pt;\">\n<td class=\"et3\" style=\"height: 17.25pt;\" height=\"46\">Port de charge (IN)<\/td>\n<td class=\"et10\" style=\"border-bottom: .5pt solid #000000;\" rowspan=\"2\">fil conducteur ou fiche s\u00e9lectionn\u00e9e<\/td>\n<\/tr>\n<tr style=\"height: 17.25pt;\">\n<td class=\"et3\" style=\"height: 17.25pt;\" height=\"46\">Orifice de d\u00e9charge (OUT)<\/td>\n<\/tr>\n<tr style=\"height: 17.25pt;\">\n<td class=\"et3\" style=\"height: 17.25pt;\" height=\"46\">Couleur PVC<\/td>\n<td class=\"et12\">Bleu<\/td>\n<\/tr>\n<tr style=\"height: 17.25pt;\">\n<td class=\"et3\" style=\"height: 17.25pt;\" height=\"46\">Dimensions de la batterie (mm)<\/td>\n<td class=\"et6\">54\/108x36x70<\/td>\n<\/tr>\n<tr style=\"height: 17.25pt;\">\n<td class=\"et3\" style=\"height: 17.25pt;\" height=\"46\">Poids<\/td>\n<td class=\"et6\">Environ 405 g<\/td>\n<\/tr>\n<tr style=\"height: 17.25pt;\">\n<td class=\"et13\" style=\"height: 17.25pt;\" height=\"46\">Marque de la cellule de batterie<\/td>\n<td class=\"et8\">Cellule de marque chinoise (ou cellule Samsung LG Sony Sanyo Panasonic)<\/td>\n<\/tr>\n<tr style=\"height: 17.25pt;\">\n<td class=\"et13\" style=\"height: 17.25pt;\" height=\"46\">Certification des cellules de batterie<\/td>\n<td class=\"et8\">CB, CE, UL, UN38.3, BIS, KC, FDS, ROHS, CQC, SGS, CEM<\/td>\n<\/tr>\n<tr style=\"height: 17.25pt;\">\n<td class=\"et13\" style=\"height: 17.25pt;\" height=\"46\">Protection de la batterie<\/td>\n<td class=\"et8\">Surcharge et d\u00e9charge, surintensit\u00e9, court-circuit<\/td>\n<\/tr>\n<tr style=\"height: 21.00pt;\">\n<td class=\"et13\" style=\"height: 21.00pt;\" height=\"56\">Cycle de vie<\/td>\n<td class=\"et8\">capacit\u00e9 de charge et de d\u00e9charge standard \u2265 80% C5mAh, dur\u00e9e de vie du cycle \u2265 600<\/td>\n<\/tr>\n<tr style=\"height: 51.75pt;\">\n<td class=\"et13\" style=\"height: 51.75pt;\" height=\"138\">Application<\/td>\n<td class=\"et14\" style=\"width: 399.05pt;\" width=\"1064\">Pulv\u00e9risateur de jardin, instrument m\u00e9dical, aspirateur intelligent, instrument d&#039;ext\u00e9rieur, commande de porte, LED solaire, remplacement de batterie au plomb 12 V, etc.<\/td>\n<\/tr>\n<tr style=\"height: 17.25pt;\">\n<td class=\"et13\" style=\"height: 17.25pt;\" height=\"46\">Emballer<\/td>\n<td class=\"et8\">20 pi\u00e8ces dans un carton (15x29x37cm), environ 9,2 kg\/carton<\/td>\n<\/tr>\n<tr style=\"height: 17.25pt;\">\n<td class=\"et13\" style=\"height: 17.25pt;\" height=\"46\">Garantie<\/td>\n<td class=\"et8\">12 mois<\/td>\n<\/tr>\n<\/tbody>\n<\/table>\n<p><img data-dominant-color=\"3a4a69\" data-has-transparency=\"false\" style=\"--dominant-color: #3a4a69;\" fetchpriority=\"high\" decoding=\"async\" class=\"size-full wp-image-1669 aligncenter not-transparent\" src=\"http:\/\/mylionbattery.com\/wp-content\/uploads\/2025\/06\/battery-11.1V-7500mah-3S3P_01.webp\" alt=\"\" width=\"750\" height=\"327\" srcset=\"https:\/\/mylionbattery.com\/wp-content\/uploads\/2025\/06\/battery-11.1V-7500mah-3S3P_01.webp 750w, https:\/\/mylionbattery.com\/wp-content\/uploads\/2025\/06\/battery-11.1V-7500mah-3S3P_01-300x131.webp 300w, https:\/\/mylionbattery.com\/wp-content\/uploads\/2025\/06\/battery-11.1V-7500mah-3S3P_01-18x8.webp 18w, https:\/\/mylionbattery.com\/wp-content\/uploads\/2025\/06\/battery-11.1V-7500mah-3S3P_01-600x262.webp 600w\" sizes=\"(max-width: 750px) 100vw, 750px\" \/> <img data-dominant-color=\"2c3853\" data-has-transparency=\"false\" style=\"--dominant-color: #2c3853;\" decoding=\"async\" class=\"size-full wp-image-1670 aligncenter not-transparent\" src=\"http:\/\/mylionbattery.com\/wp-content\/uploads\/2025\/06\/battery-11.1V-7500mah-3S3P_02.webp\" alt=\"\" width=\"750\" height=\"935\" srcset=\"https:\/\/mylionbattery.com\/wp-content\/uploads\/2025\/06\/battery-11.1V-7500mah-3S3P_02.webp 750w, https:\/\/mylionbattery.com\/wp-content\/uploads\/2025\/06\/battery-11.1V-7500mah-3S3P_02-241x300.webp 241w, https:\/\/mylionbattery.com\/wp-content\/uploads\/2025\/06\/battery-11.1V-7500mah-3S3P_02-10x12.webp 10w, https:\/\/mylionbattery.com\/wp-content\/uploads\/2025\/06\/battery-11.1V-7500mah-3S3P_02-600x748.webp 600w\" sizes=\"(max-width: 750px) 100vw, 750px\" \/> <img data-dominant-color=\"6b7894\" data-has-transparency=\"false\" style=\"--dominant-color: #6b7894;\" decoding=\"async\" class=\"size-full wp-image-1671 aligncenter not-transparent\" src=\"http:\/\/mylionbattery.com\/wp-content\/uploads\/2025\/06\/battery-11.1V-7500mah-3S3P_03.webp\" alt=\"\" width=\"750\" height=\"1235\" srcset=\"https:\/\/mylionbattery.com\/wp-content\/uploads\/2025\/06\/battery-11.1V-7500mah-3S3P_03.webp 750w, https:\/\/mylionbattery.com\/wp-content\/uploads\/2025\/06\/battery-11.1V-7500mah-3S3P_03-182x300.webp 182w, https:\/\/mylionbattery.com\/wp-content\/uploads\/2025\/06\/battery-11.1V-7500mah-3S3P_03-622x1024.webp 622w, https:\/\/mylionbattery.com\/wp-content\/uploads\/2025\/06\/battery-11.1V-7500mah-3S3P_03-7x12.webp 7w, https:\/\/mylionbattery.com\/wp-content\/uploads\/2025\/06\/battery-11.1V-7500mah-3S3P_03-600x988.webp 600w\" sizes=\"(max-width: 750px) 100vw, 750px\" \/> <img data-dominant-color=\"9a9ca6\" data-has-transparency=\"false\" style=\"--dominant-color: #9a9ca6;\" loading=\"lazy\" decoding=\"async\" class=\"size-full wp-image-1672 aligncenter not-transparent\" src=\"http:\/\/mylionbattery.com\/wp-content\/uploads\/2025\/06\/battery-11.1V-7500mah-3S3P_04.webp\" alt=\"\" width=\"750\" height=\"1433\" srcset=\"https:\/\/mylionbattery.com\/wp-content\/uploads\/2025\/06\/battery-11.1V-7500mah-3S3P_04.webp 750w, https:\/\/mylionbattery.com\/wp-content\/uploads\/2025\/06\/battery-11.1V-7500mah-3S3P_04-157x300.webp 157w, https:\/\/mylionbattery.com\/wp-content\/uploads\/2025\/06\/battery-11.1V-7500mah-3S3P_04-536x1024.webp 536w, https:\/\/mylionbattery.com\/wp-content\/uploads\/2025\/06\/battery-11.1V-7500mah-3S3P_04-6x12.webp 6w, https:\/\/mylionbattery.com\/wp-content\/uploads\/2025\/06\/battery-11.1V-7500mah-3S3P_04-600x1146.webp 600w\" sizes=\"(max-width: 750px) 100vw, 750px\" \/> <img data-dominant-color=\"7a8396\" data-has-transparency=\"false\" style=\"--dominant-color: #7a8396;\" loading=\"lazy\" decoding=\"async\" class=\"size-full wp-image-1673 aligncenter not-transparent\" src=\"http:\/\/mylionbattery.com\/wp-content\/uploads\/2025\/06\/battery-11.1V-7500mah-3S3P_05.webp\" alt=\"\" width=\"750\" height=\"2382\" srcset=\"https:\/\/mylionbattery.com\/wp-content\/uploads\/2025\/06\/battery-11.1V-7500mah-3S3P_05.webp 750w, https:\/\/mylionbattery.com\/wp-content\/uploads\/2025\/06\/battery-11.1V-7500mah-3S3P_05-94x300.webp 94w, https:\/\/mylionbattery.com\/wp-content\/uploads\/2025\/06\/battery-11.1V-7500mah-3S3P_05-322x1024.webp 322w, https:\/\/mylionbattery.com\/wp-content\/uploads\/2025\/06\/battery-11.1V-7500mah-3S3P_05-484x1536.webp 484w, https:\/\/mylionbattery.com\/wp-content\/uploads\/2025\/06\/battery-11.1V-7500mah-3S3P_05-645x2048.webp 645w, https:\/\/mylionbattery.com\/wp-content\/uploads\/2025\/06\/battery-11.1V-7500mah-3S3P_05-4x12.webp 4w, https:\/\/mylionbattery.com\/wp-content\/uploads\/2025\/06\/battery-11.1V-7500mah-3S3P_05-600x1906.webp 600w\" sizes=\"(max-width: 750px) 100vw, 750px\" \/> <img data-dominant-color=\"82889a\" data-has-transparency=\"false\" style=\"--dominant-color: #82889a;\" loading=\"lazy\" decoding=\"async\" class=\"size-full wp-image-1674 aligncenter not-transparent\" src=\"http:\/\/mylionbattery.com\/wp-content\/uploads\/2025\/06\/battery-11.1V-7500mah-3S3P_06.webp\" alt=\"\" width=\"750\" height=\"2423\" srcset=\"https:\/\/mylionbattery.com\/wp-content\/uploads\/2025\/06\/battery-11.1V-7500mah-3S3P_06.webp 750w, https:\/\/mylionbattery.com\/wp-content\/uploads\/2025\/06\/battery-11.1V-7500mah-3S3P_06-93x300.webp 93w, https:\/\/mylionbattery.com\/wp-content\/uploads\/2025\/06\/battery-11.1V-7500mah-3S3P_06-317x1024.webp 317w, https:\/\/mylionbattery.com\/wp-content\/uploads\/2025\/06\/battery-11.1V-7500mah-3S3P_06-475x1536.webp 475w, https:\/\/mylionbattery.com\/wp-content\/uploads\/2025\/06\/battery-11.1V-7500mah-3S3P_06-634x2048.webp 634w, https:\/\/mylionbattery.com\/wp-content\/uploads\/2025\/06\/battery-11.1V-7500mah-3S3P_06-4x12.webp 4w, https:\/\/mylionbattery.com\/wp-content\/uploads\/2025\/06\/battery-11.1V-7500mah-3S3P_06-600x1938.webp 600w\" sizes=\"(max-width: 750px) 100vw, 750px\" \/> <img data-dominant-color=\"888e9d\" data-has-transparency=\"false\" style=\"--dominant-color: #888e9d;\" loading=\"lazy\" decoding=\"async\" class=\"size-full wp-image-1675 aligncenter not-transparent\" src=\"http:\/\/mylionbattery.com\/wp-content\/uploads\/2025\/06\/battery-11.1V-7500mah-3S3P_07.webp\" alt=\"\" width=\"750\" height=\"1825\" srcset=\"https:\/\/mylionbattery.com\/wp-content\/uploads\/2025\/06\/battery-11.1V-7500mah-3S3P_07.webp 750w, https:\/\/mylionbattery.com\/wp-content\/uploads\/2025\/06\/battery-11.1V-7500mah-3S3P_07-123x300.webp 123w, https:\/\/mylionbattery.com\/wp-content\/uploads\/2025\/06\/battery-11.1V-7500mah-3S3P_07-421x1024.webp 421w, https:\/\/mylionbattery.com\/wp-content\/uploads\/2025\/06\/battery-11.1V-7500mah-3S3P_07-631x1536.webp 631w, https:\/\/mylionbattery.com\/wp-content\/uploads\/2025\/06\/battery-11.1V-7500mah-3S3P_07-5x12.webp 5w, https:\/\/mylionbattery.com\/wp-content\/uploads\/2025\/06\/battery-11.1V-7500mah-3S3P_07-600x1460.webp 600w\" sizes=\"(max-width: 750px) 100vw, 750px\" \/> <img data-dominant-color=\"5e6b84\" data-has-transparency=\"false\" style=\"--dominant-color: #5e6b84;\" loading=\"lazy\" decoding=\"async\" class=\"size-full wp-image-1676 aligncenter not-transparent\" src=\"http:\/\/mylionbattery.com\/wp-content\/uploads\/2025\/06\/battery-11.1V-7500mah-3S3P_08.webp\" alt=\"\" width=\"750\" height=\"886\" srcset=\"https:\/\/mylionbattery.com\/wp-content\/uploads\/2025\/06\/battery-11.1V-7500mah-3S3P_08.webp 750w, https:\/\/mylionbattery.com\/wp-content\/uploads\/2025\/06\/battery-11.1V-7500mah-3S3P_08-254x300.webp 254w, https:\/\/mylionbattery.com\/wp-content\/uploads\/2025\/06\/battery-11.1V-7500mah-3S3P_08-10x12.webp 10w, https:\/\/mylionbattery.com\/wp-content\/uploads\/2025\/06\/battery-11.1V-7500mah-3S3P_08-600x709.webp 600w\" sizes=\"(max-width: 750px) 100vw, 750px\" \/><\/p>","protected":false},"excerpt":{"rendered":"<ul>\n<li data-start=\"274\" data-end=\"317\">\n<p data-start=\"276\" data-end=\"317\"><strong data-start=\"276\" data-end=\"299\">Tension \/ Capacit\u00e9 :<\/strong> 11,1 V \/ 7 500 mAh<\/p>\n<\/li>\n<li data-start=\"318\" data-end=\"341\">\n<p data-start=\"320\" data-end=\"341\"><strong data-start=\"320\" data-end=\"331\">\u00c9nergie:<\/strong> 83,25 Wh<\/p>\n<\/li>\n<li data-start=\"342\" data-end=\"375\">\n<p data-start=\"344\" data-end=\"375\"><strong data-start=\"344\" data-end=\"367\">Tension de charge maximale :<\/strong> 12,6 V<\/p>\n<\/li>\n<li data-start=\"376\" data-end=\"415\">\n<p data-start=\"378\" data-end=\"415\"><strong data-start=\"378\" data-end=\"408\">Tension de d\u00e9charge de coupure :<\/strong> 9,0 V<\/p>\n<\/li>\n<li data-start=\"416\" data-end=\"460\">\n<p data-start=\"418\" data-end=\"460\"><strong data-start=\"418\" data-end=\"453\">Courant de charge\/d\u00e9charge maximal\u00a0:<\/strong> 1\u20132A<\/p>\n<\/li>\n<\/ul>","protected":false},"featured_media":1679,"template":"","meta":[],"product_brand":[],"product_cat":[53],"product_tag":[64],"class_list":{"0":"post-1668","1":"product","2":"type-product","3":"status-publish","4":"has-post-thumbnail","6":"product_cat-lithium-battery-pack","7":"product_tag-11-1v-7500mah","9":"first","10":"instock","11":"shipping-taxable","12":"product-type-simple"},"yoast_head":"<!-- This site is optimized with the Yoast SEO plugin v26.1.1 - https:\/\/yoast.com\/wordpress\/plugins\/seo\/ -->\n<title>Mylion Powerful 11.1V 7500mAh Lithium Ion Battery Pack 83.25Wh - mylionbattery<\/title>\n<meta name=\"description\" content=\"Discover Mylion Battery&#039;s innovative battery solutions, including mini UPS systems and lithium-ion batteries. Offering high-quality, customizable products designed with advanced technology to deliver exceptional performance and reliability for global markets.\" \/>\n<meta name=\"robots\" content=\"index, follow, max-snippet:-1, max-image-preview:large, max-video-preview:-1\" \/>\n<link rel=\"canonical\" href=\"https:\/\/mylionbattery.com\/fr\/produit\/mylion-powerful-11-1v-7500mah-lithium-ion-battery-pack-83-25wh\/\" \/>\n<meta property=\"og:locale\" content=\"fr_FR\" \/>\n<meta property=\"og:type\" content=\"article\" \/>\n<meta property=\"og:title\" content=\"Mylion Powerful 11.1V 7500mAh Lithium Ion Battery Pack 83.25Wh - mylionbattery\" \/>\n<meta property=\"og:description\" content=\"Discover Mylion Battery&#039;s innovative battery solutions, including mini UPS systems and lithium-ion batteries. Offering high-quality, customizable products designed with advanced technology to deliver exceptional performance and reliability for global markets.\" \/>\n<meta property=\"og:url\" content=\"https:\/\/mylionbattery.com\/fr\/produit\/mylion-powerful-11-1v-7500mah-lithium-ion-battery-pack-83-25wh\/\" \/>\n<meta property=\"og:site_name\" content=\"mylionbattery\" \/>\n<meta property=\"article:modified_time\" content=\"2025-06-05T06:23:06+00:00\" \/>\n<meta property=\"og:image\" content=\"https:\/\/mylionbattery.com\/wp-content\/uploads\/2025\/06\/11.1V-7500mah-3.webp\" \/>\n\t<meta property=\"og:image:width\" content=\"750\" \/>\n\t<meta property=\"og:image:height\" content=\"750\" \/>\n\t<meta property=\"og:image:type\" content=\"image\/jpeg\" \/>\n<meta name=\"twitter:card\" content=\"summary_large_image\" \/>\n<meta name=\"twitter:label1\" content=\"Dur\u00e9e de lecture estim\u00e9e\" \/>\n\t<meta name=\"twitter:data1\" content=\"3 minutes\" \/>\n<script type=\"application\/ld+json\" class=\"yoast-schema-graph\">{\"@context\":\"https:\/\/schema.org\",\"@graph\":[{\"@type\":\"WebPage\",\"@id\":\"https:\/\/mylionbattery.com\/product\/mylion-powerful-11-1v-7500mah-lithium-ion-battery-pack-83-25wh\/\",\"url\":\"https:\/\/mylionbattery.com\/product\/mylion-powerful-11-1v-7500mah-lithium-ion-battery-pack-83-25wh\/\",\"name\":\"Mylion Powerful 11.1V 7500mAh Lithium Ion Battery Pack 83.25Wh - mylionbattery\",\"isPartOf\":{\"@id\":\"https:\/\/mylionbattery.com\/#website\"},\"primaryImageOfPage\":{\"@id\":\"https:\/\/mylionbattery.com\/product\/mylion-powerful-11-1v-7500mah-lithium-ion-battery-pack-83-25wh\/#primaryimage\"},\"image\":{\"@id\":\"https:\/\/mylionbattery.com\/product\/mylion-powerful-11-1v-7500mah-lithium-ion-battery-pack-83-25wh\/#primaryimage\"},\"thumbnailUrl\":\"https:\/\/mylionbattery.com\/wp-content\/uploads\/2025\/06\/11.1V-7500mah-3.webp\",\"datePublished\":\"2025-06-05T06:20:17+00:00\",\"dateModified\":\"2025-06-05T06:23:06+00:00\",\"description\":\"Discover Mylion Battery's innovative battery solutions, including mini UPS systems and lithium-ion batteries. Offering high-quality, customizable products designed with advanced technology to deliver exceptional performance and reliability for global markets.\",\"breadcrumb\":{\"@id\":\"https:\/\/mylionbattery.com\/product\/mylion-powerful-11-1v-7500mah-lithium-ion-battery-pack-83-25wh\/#breadcrumb\"},\"inLanguage\":\"fr-FR\",\"potentialAction\":[{\"@type\":\"ReadAction\",\"target\":[\"https:\/\/mylionbattery.com\/product\/mylion-powerful-11-1v-7500mah-lithium-ion-battery-pack-83-25wh\/\"]}]},{\"@type\":\"ImageObject\",\"inLanguage\":\"fr-FR\",\"@id\":\"https:\/\/mylionbattery.com\/product\/mylion-powerful-11-1v-7500mah-lithium-ion-battery-pack-83-25wh\/#primaryimage\",\"url\":\"https:\/\/mylionbattery.com\/wp-content\/uploads\/2025\/06\/11.1V-7500mah-3.webp\",\"contentUrl\":\"https:\/\/mylionbattery.com\/wp-content\/uploads\/2025\/06\/11.1V-7500mah-3.webp\",\"width\":750,\"height\":750,\"caption\":\"11.1V 7500mah (3)\"},{\"@type\":\"BreadcrumbList\",\"@id\":\"https:\/\/mylionbattery.com\/product\/mylion-powerful-11-1v-7500mah-lithium-ion-battery-pack-83-25wh\/#breadcrumb\",\"itemListElement\":[{\"@type\":\"ListItem\",\"position\":1,\"name\":\"\u9996\u9875\",\"item\":\"https:\/\/mylionbattery.com\/\"},{\"@type\":\"ListItem\",\"position\":2,\"name\":\"Products\",\"item\":\"https:\/\/mylionbattery.com\/products\/\"},{\"@type\":\"ListItem\",\"position\":3,\"name\":\"Mylion Powerful 11.1V 7500mAh Lithium Ion Battery Pack 83.25Wh\"}]},{\"@type\":\"WebSite\",\"@id\":\"https:\/\/mylionbattery.com\/#website\",\"url\":\"https:\/\/mylionbattery.com\/\",\"name\":\"Mylionbattery\",\"description\":\"mylionbattery\",\"publisher\":{\"@id\":\"https:\/\/mylionbattery.com\/#organization\"},\"potentialAction\":[{\"@type\":\"SearchAction\",\"target\":{\"@type\":\"EntryPoint\",\"urlTemplate\":\"https:\/\/mylionbattery.com\/?s={search_term_string}\"},\"query-input\":{\"@type\":\"PropertyValueSpecification\",\"valueRequired\":true,\"valueName\":\"search_term_string\"}}],\"inLanguage\":\"fr-FR\"},{\"@type\":\"Organization\",\"@id\":\"https:\/\/mylionbattery.com\/#organization\",\"name\":\"Mylionbattery\",\"url\":\"https:\/\/mylionbattery.com\/\",\"logo\":{\"@type\":\"ImageObject\",\"inLanguage\":\"fr-FR\",\"@id\":\"https:\/\/mylionbattery.com\/#\/schema\/logo\/image\/\",\"url\":\"http:\/\/mylionbattery.com\/wp-content\/uploads\/2024\/09\/\u767d\u5e95mylion-logo\u6b63\u65b9\u5f62.png\",\"contentUrl\":\"http:\/\/mylionbattery.com\/wp-content\/uploads\/2024\/09\/\u767d\u5e95mylion-logo\u6b63\u65b9\u5f62.png\",\"width\":600,\"height\":600,\"caption\":\"Mylionbattery\"},\"image\":{\"@id\":\"https:\/\/mylionbattery.com\/#\/schema\/logo\/image\/\"}}]}<\/script>\n<!-- \/ Yoast SEO plugin. -->","yoast_head_json":{"title":"Mylion Powerful 11.1V 7500mAh Lithium Ion Battery Pack 83.25Wh - mylionbattery","description":"Discover Mylion Battery's innovative battery solutions, including mini UPS systems and lithium-ion batteries. Offering high-quality, customizable products designed with advanced technology to deliver exceptional performance and reliability for global markets.","robots":{"index":"index","follow":"follow","max-snippet":"max-snippet:-1","max-image-preview":"max-image-preview:large","max-video-preview":"max-video-preview:-1"},"canonical":"https:\/\/mylionbattery.com\/fr\/produit\/mylion-powerful-11-1v-7500mah-lithium-ion-battery-pack-83-25wh\/","og_locale":"fr_FR","og_type":"article","og_title":"Mylion Powerful 11.1V 7500mAh Lithium Ion Battery Pack 83.25Wh - mylionbattery","og_description":"Discover Mylion Battery's innovative battery solutions, including mini UPS systems and lithium-ion batteries. Offering high-quality, customizable products designed with advanced technology to deliver exceptional performance and reliability for global markets.","og_url":"https:\/\/mylionbattery.com\/fr\/produit\/mylion-powerful-11-1v-7500mah-lithium-ion-battery-pack-83-25wh\/","og_site_name":"mylionbattery","article_modified_time":"2025-06-05T06:23:06+00:00","og_image":[{"width":750,"height":750,"url":"https:\/\/mylionbattery.com\/wp-content\/uploads\/2025\/06\/11.1V-7500mah-3.webp","type":"image\/jpeg"}],"twitter_card":"summary_large_image","twitter_misc":{"Dur\u00e9e de lecture estim\u00e9e":"3 minutes"},"schema":{"@context":"https:\/\/schema.org","@graph":[{"@type":"WebPage","@id":"https:\/\/mylionbattery.com\/product\/mylion-powerful-11-1v-7500mah-lithium-ion-battery-pack-83-25wh\/","url":"https:\/\/mylionbattery.com\/product\/mylion-powerful-11-1v-7500mah-lithium-ion-battery-pack-83-25wh\/","name":"Mylion Powerful 11.1V 7500mAh Lithium Ion Battery Pack 83.25Wh - mylionbattery","isPartOf":{"@id":"https:\/\/mylionbattery.com\/#website"},"primaryImageOfPage":{"@id":"https:\/\/mylionbattery.com\/product\/mylion-powerful-11-1v-7500mah-lithium-ion-battery-pack-83-25wh\/#primaryimage"},"image":{"@id":"https:\/\/mylionbattery.com\/product\/mylion-powerful-11-1v-7500mah-lithium-ion-battery-pack-83-25wh\/#primaryimage"},"thumbnailUrl":"https:\/\/mylionbattery.com\/wp-content\/uploads\/2025\/06\/11.1V-7500mah-3.webp","datePublished":"2025-06-05T06:20:17+00:00","dateModified":"2025-06-05T06:23:06+00:00","description":"Discover Mylion Battery's innovative battery solutions, including mini UPS systems and lithium-ion batteries. Offering high-quality, customizable products designed with advanced technology to deliver exceptional performance and reliability for global markets.","breadcrumb":{"@id":"https:\/\/mylionbattery.com\/product\/mylion-powerful-11-1v-7500mah-lithium-ion-battery-pack-83-25wh\/#breadcrumb"},"inLanguage":"fr-FR","potentialAction":[{"@type":"ReadAction","target":["https:\/\/mylionbattery.com\/product\/mylion-powerful-11-1v-7500mah-lithium-ion-battery-pack-83-25wh\/"]}]},{"@type":"ImageObject","inLanguage":"fr-FR","@id":"https:\/\/mylionbattery.com\/product\/mylion-powerful-11-1v-7500mah-lithium-ion-battery-pack-83-25wh\/#primaryimage","url":"https:\/\/mylionbattery.com\/wp-content\/uploads\/2025\/06\/11.1V-7500mah-3.webp","contentUrl":"https:\/\/mylionbattery.com\/wp-content\/uploads\/2025\/06\/11.1V-7500mah-3.webp","width":750,"height":750,"caption":"11.1V 7500mah (3)"},{"@type":"BreadcrumbList","@id":"https:\/\/mylionbattery.com\/product\/mylion-powerful-11-1v-7500mah-lithium-ion-battery-pack-83-25wh\/#breadcrumb","itemListElement":[{"@type":"ListItem","position":1,"name":"\u9996\u9875","item":"https:\/\/mylionbattery.com\/"},{"@type":"ListItem","position":2,"name":"Products","item":"https:\/\/mylionbattery.com\/products\/"},{"@type":"ListItem","position":3,"name":"Mylion Powerful 11.1V 7500mAh Lithium Ion Battery Pack 83.25Wh"}]},{"@type":"WebSite","@id":"https:\/\/mylionbattery.com\/#website","url":"https:\/\/mylionbattery.com\/","name":"Mylionbattery","description":"mylionbattery","publisher":{"@id":"https:\/\/mylionbattery.com\/#organization"},"potentialAction":[{"@type":"SearchAction","target":{"@type":"EntryPoint","urlTemplate":"https:\/\/mylionbattery.com\/?s={search_term_string}"},"query-input":{"@type":"PropertyValueSpecification","valueRequired":true,"valueName":"search_term_string"}}],"inLanguage":"fr-FR"},{"@type":"Organization","@id":"https:\/\/mylionbattery.com\/#organization","name":"Mylionbattery","url":"https:\/\/mylionbattery.com\/","logo":{"@type":"ImageObject","inLanguage":"fr-FR","@id":"https:\/\/mylionbattery.com\/#\/schema\/logo\/image\/","url":"http:\/\/mylionbattery.com\/wp-content\/uploads\/2024\/09\/\u767d\u5e95mylion-logo\u6b63\u65b9\u5f62.png","contentUrl":"http:\/\/mylionbattery.com\/wp-content\/uploads\/2024\/09\/\u767d\u5e95mylion-logo\u6b63\u65b9\u5f62.png","width":600,"height":600,"caption":"Mylionbattery"},"image":{"@id":"https:\/\/mylionbattery.com\/#\/schema\/logo\/image\/"}}]}},"_links":{"self":[{"href":"https:\/\/mylionbattery.com\/fr\/wp-json\/wp\/v2\/product\/1668","targetHints":{"allow":["GET"]}}],"collection":[{"href":"https:\/\/mylionbattery.com\/fr\/wp-json\/wp\/v2\/product"}],"about":[{"href":"https:\/\/mylionbattery.com\/fr\/wp-json\/wp\/v2\/types\/product"}],"version-history":[{"count":1,"href":"https:\/\/mylionbattery.com\/fr\/wp-json\/wp\/v2\/product\/1668\/revisions"}],"predecessor-version":[{"id":1682,"href":"https:\/\/mylionbattery.com\/fr\/wp-json\/wp\/v2\/product\/1668\/revisions\/1682"}],"wp:featuredmedia":[{"embeddable":true,"href":"https:\/\/mylionbattery.com\/fr\/wp-json\/wp\/v2\/media\/1679"}],"wp:attachment":[{"href":"https:\/\/mylionbattery.com\/fr\/wp-json\/wp\/v2\/media?parent=1668"}],"wp:term":[{"taxonomy":"product_brand","embeddable":true,"href":"https:\/\/mylionbattery.com\/fr\/wp-json\/wp\/v2\/product_brand?post=1668"},{"taxonomy":"product_cat","embeddable":true,"href":"https:\/\/mylionbattery.com\/fr\/wp-json\/wp\/v2\/product_cat?post=1668"},{"taxonomy":"product_tag","embeddable":true,"href":"https:\/\/mylionbattery.com\/fr\/wp-json\/wp\/v2\/product_tag?post=1668"}],"curies":[{"name":"wp","href":"https:\/\/api.w.org\/{rel}","templated":true}]}}