{"id":1706,"date":"2025-06-06T08:12:33","date_gmt":"2025-06-06T08:12:33","guid":{"rendered":"https:\/\/lightyellow-sardine-891901.hostingersite.com\/?post_type=product&#038;p=1706"},"modified":"2025-06-06T08:12:33","modified_gmt":"2025-06-06T08:12:33","slug":"14-8v-5000mah-lithium-battery-pack-%e3%80%8174w-output-for-garden-tools","status":"publish","type":"product","link":"https:\/\/mylionbattery.com\/fr\/produit\/14-8v-5000mah-lithium-battery-pack-%e3%80%8174w-output-for-garden-tools\/","title":{"rendered":"Batterie lithium 14,8 V 5\u00a0000 mAh, puissance de sortie 74 W, pour outils de jardin"},"content":{"rendered":"<table style=\"border-collapse: collapse; width: 1248px; height: 662px;\" border=\"0\" width=\"1629\" cellspacing=\"0\" cellpadding=\"0\">\n<tbody>\n<tr style=\"height: 17.25pt;\">\n<td class=\"et3\" style=\"height: 17.25pt; width: 209.05pt;\" width=\"557\" height=\"46\">Nom du produit<\/td>\n<td class=\"et4\" style=\"width: 401.85pt;\" width=\"1071\">Pack de batteries lithium-ion<\/td>\n<\/tr>\n<tr style=\"height: 17.25pt;\">\n<td class=\"et3\" style=\"height: 17.25pt;\" height=\"46\">Nom du style<\/td>\n<td class=\"et3\">14,8 V 5000 mAh<\/td>\n<\/tr>\n<tr style=\"height: 17.25pt;\">\n<td class=\"et3\" style=\"height: 17.25pt;\" height=\"46\">Capacit\u00e9 nominale<\/td>\n<td class=\"et5\">5000 mAh<\/td>\n<\/tr>\n<tr style=\"height: 17.25pt;\">\n<td class=\"et3\" style=\"height: 17.25pt;\" height=\"46\">Tension nominale<\/td>\n<td class=\"et5\">14,8 V<\/td>\n<\/tr>\n<tr style=\"height: 17.25pt;\">\n<td class=\"et3\" style=\"height: 17.25pt;\" height=\"46\">Tension de charge maximale<\/td>\n<td class=\"et5\">16,8 V<\/td>\n<\/tr>\n<tr style=\"height: 17.25pt;\">\n<td class=\"et3\" style=\"height: 17.25pt;\" height=\"46\">Tension de coupure de d\u00e9charge<\/td>\n<td class=\"et5\">12V<\/td>\n<\/tr>\n<tr style=\"height: 17.25pt;\">\n<td class=\"et3\" style=\"height: 17.25pt;\" height=\"46\">Courant de d\u00e9charge continu maximal<\/td>\n<td class=\"et5\">1-2A<\/td>\n<\/tr>\n<tr style=\"height: 17.25pt;\">\n<td class=\"et3\" style=\"height: 17.25pt;\" height=\"46\">Courant de charge<\/td>\n<td class=\"et5\">1-2A<\/td>\n<\/tr>\n<tr style=\"height: 17.25pt;\">\n<td class=\"et3\" style=\"height: 17.25pt;\" height=\"46\">Puissance de sortie<\/td>\n<td class=\"et5\">74W<\/td>\n<\/tr>\n<tr style=\"height: 17.25pt;\">\n<td class=\"et6\" style=\"height: 34.50pt; border-bottom: .5pt solid #000000;\" rowspan=\"2\" height=\"92\">Temps de travail<\/td>\n<td class=\"et7\">Sortie 14,8 V 0,5 A (7,4 W) : environ 10 heures<\/td>\n<\/tr>\n<tr style=\"height: 17.25pt;\">\n<td class=\"et7\">Sortie 14,8 V 1,0 A (14,8 W) : environ 5 heures<\/td>\n<\/tr>\n<tr style=\"height: 17.25pt;\">\n<td class=\"et3\" style=\"height: 17.25pt;\" height=\"46\">Port de charge (IN)<\/td>\n<td class=\"et9\" style=\"border-bottom: .5pt solid #000000;\" rowspan=\"2\">fils conducteurs ou fiche s\u00e9lectionn\u00e9e<\/td>\n<\/tr>\n<tr style=\"height: 17.25pt;\">\n<td class=\"et3\" style=\"height: 17.25pt;\" height=\"46\">Orifice de d\u00e9charge (OUT)<\/td>\n<\/tr>\n<tr style=\"height: 17.25pt;\">\n<td class=\"et3\" style=\"height: 17.25pt;\" height=\"46\">Couleur PVC<\/td>\n<td class=\"et11\">Bleu<\/td>\n<\/tr>\n<tr style=\"height: 17.25pt;\">\n<td class=\"et3\" style=\"height: 17.25pt;\" height=\"46\">Dimensions de la batterie (mm)<\/td>\n<td class=\"et5\">130x40x36<\/td>\n<\/tr>\n<tr style=\"height: 17.25pt;\">\n<td class=\"et3\" style=\"height: 17.25pt;\" height=\"46\">Poids<\/td>\n<td class=\"et5\">Environ 360 g<\/td>\n<\/tr>\n<tr style=\"height: 17.25pt;\">\n<td class=\"et12\" style=\"height: 17.25pt;\" height=\"46\">Marque de la cellule de batterie<\/td>\n<td class=\"et7\">Cellule de marque chinoise (ou cellule Samsung LG Sony Sanyo Panasonic)<\/td>\n<\/tr>\n<tr style=\"height: 17.25pt;\">\n<td class=\"et12\" style=\"height: 17.25pt;\" height=\"46\">Certification des cellules de batterie<\/td>\n<td class=\"et7\">CB, CE, UL, UN38.3, BIS, KC, FDS, ROHS, CQC, SGS, CEM<\/td>\n<\/tr>\n<tr style=\"height: 17.25pt;\">\n<td class=\"et12\" style=\"height: 17.25pt;\" height=\"46\">Protection de la batterie<\/td>\n<td class=\"et7\">Surcharge et d\u00e9charge, surintensit\u00e9, court-circuit<\/td>\n<\/tr>\n<tr style=\"height: 17.25pt;\">\n<td class=\"et12\" style=\"height: 17.25pt;\" height=\"46\">Cycle de vie<\/td>\n<td class=\"et7\">capacit\u00e9 de charge et de d\u00e9charge standard \u2265 80% C5mAh, dur\u00e9e de vie du cycle \u2265 600<\/td>\n<\/tr>\n<tr style=\"height: 54.00pt;\">\n<td class=\"et12\" style=\"height: 54.00pt;\" height=\"144\">Application<\/td>\n<td class=\"et13\" style=\"width: 401.85pt;\" width=\"1071\">Pulv\u00e9risateur de jardin, instrument m\u00e9dical, aspirateur intelligent, instrument d&#039;ext\u00e9rieur, commande de porte, LED solaire, remplacement de batterie au plomb 12 V, etc.<\/td>\n<\/tr>\n<tr style=\"height: 17.25pt;\">\n<td class=\"et12\" style=\"height: 17.25pt;\" height=\"46\">Emballer<\/td>\n<td class=\"et7\">20 pi\u00e8ces dans un carton (15x29x37cm), environ 8,2 kg\/carton<\/td>\n<\/tr>\n<tr style=\"height: 17.25pt;\">\n<td class=\"et12\" style=\"height: 17.25pt;\" height=\"46\">Garantie<\/td>\n<td class=\"et7\">12 mois<\/td>\n<\/tr>\n<\/tbody>\n<\/table>\n<p><img data-dominant-color=\"344761\" data-has-transparency=\"false\" style=\"--dominant-color: #344761;\" fetchpriority=\"high\" decoding=\"async\" class=\"size-full wp-image-1707 aligncenter not-transparent\" src=\"http:\/\/mylionbattery.com\/wp-content\/uploads\/2025\/06\/battery-14.8V-5200mah-1.webp\" alt=\"\" width=\"750\" height=\"329\" srcset=\"https:\/\/mylionbattery.com\/wp-content\/uploads\/2025\/06\/battery-14.8V-5200mah-1.webp 750w, https:\/\/mylionbattery.com\/wp-content\/uploads\/2025\/06\/battery-14.8V-5200mah-1-300x132.webp 300w, https:\/\/mylionbattery.com\/wp-content\/uploads\/2025\/06\/battery-14.8V-5200mah-1-18x8.webp 18w, https:\/\/mylionbattery.com\/wp-content\/uploads\/2025\/06\/battery-14.8V-5200mah-1-600x263.webp 600w\" sizes=\"(max-width: 750px) 100vw, 750px\" \/> <img data-dominant-color=\"253856\" data-has-transparency=\"false\" style=\"--dominant-color: #253856;\" decoding=\"async\" class=\"size-full wp-image-1708 aligncenter not-transparent\" src=\"http:\/\/mylionbattery.com\/wp-content\/uploads\/2025\/06\/battery-14.8V-5200mah-2.webp\" alt=\"\" width=\"750\" height=\"933\" srcset=\"https:\/\/mylionbattery.com\/wp-content\/uploads\/2025\/06\/battery-14.8V-5200mah-2.webp 750w, https:\/\/mylionbattery.com\/wp-content\/uploads\/2025\/06\/battery-14.8V-5200mah-2-241x300.webp 241w, https:\/\/mylionbattery.com\/wp-content\/uploads\/2025\/06\/battery-14.8V-5200mah-2-10x12.webp 10w, https:\/\/mylionbattery.com\/wp-content\/uploads\/2025\/06\/battery-14.8V-5200mah-2-600x746.webp 600w\" sizes=\"(max-width: 750px) 100vw, 750px\" \/> <img data-dominant-color=\"9fa4ae\" data-has-transparency=\"false\" style=\"--dominant-color: #9fa4ae;\" decoding=\"async\" class=\"size-full wp-image-1709 aligncenter not-transparent\" src=\"http:\/\/mylionbattery.com\/wp-content\/uploads\/2025\/06\/battery-14.8V-5200mah-4.webp\" alt=\"\" width=\"750\" height=\"1236\" srcset=\"https:\/\/mylionbattery.com\/wp-content\/uploads\/2025\/06\/battery-14.8V-5200mah-4.webp 750w, https:\/\/mylionbattery.com\/wp-content\/uploads\/2025\/06\/battery-14.8V-5200mah-4-182x300.webp 182w, https:\/\/mylionbattery.com\/wp-content\/uploads\/2025\/06\/battery-14.8V-5200mah-4-621x1024.webp 621w, https:\/\/mylionbattery.com\/wp-content\/uploads\/2025\/06\/battery-14.8V-5200mah-4-7x12.webp 7w, https:\/\/mylionbattery.com\/wp-content\/uploads\/2025\/06\/battery-14.8V-5200mah-4-600x989.webp 600w\" sizes=\"(max-width: 750px) 100vw, 750px\" \/> <img data-dominant-color=\"999ca6\" data-has-transparency=\"false\" style=\"--dominant-color: #999ca6;\" loading=\"lazy\" decoding=\"async\" class=\"size-full wp-image-1710 aligncenter not-transparent\" src=\"http:\/\/mylionbattery.com\/wp-content\/uploads\/2025\/06\/battery-14.8V-5200mah-5.webp\" alt=\"\" width=\"750\" height=\"1421\" srcset=\"https:\/\/mylionbattery.com\/wp-content\/uploads\/2025\/06\/battery-14.8V-5200mah-5.webp 750w, https:\/\/mylionbattery.com\/wp-content\/uploads\/2025\/06\/battery-14.8V-5200mah-5-158x300.webp 158w, https:\/\/mylionbattery.com\/wp-content\/uploads\/2025\/06\/battery-14.8V-5200mah-5-540x1024.webp 540w, https:\/\/mylionbattery.com\/wp-content\/uploads\/2025\/06\/battery-14.8V-5200mah-5-6x12.webp 6w, https:\/\/mylionbattery.com\/wp-content\/uploads\/2025\/06\/battery-14.8V-5200mah-5-600x1137.webp 600w\" sizes=\"(max-width: 750px) 100vw, 750px\" \/> <img data-dominant-color=\"7c8598\" data-has-transparency=\"false\" style=\"--dominant-color: #7c8598;\" loading=\"lazy\" decoding=\"async\" class=\"size-full wp-image-1711 aligncenter not-transparent\" src=\"http:\/\/mylionbattery.com\/wp-content\/uploads\/2025\/06\/battery-14.8V-5200mah-6-scaled.webp\" alt=\"\" width=\"692\" height=\"2560\" srcset=\"https:\/\/mylionbattery.com\/wp-content\/uploads\/2025\/06\/battery-14.8V-5200mah-6-scaled.webp 692w, https:\/\/mylionbattery.com\/wp-content\/uploads\/2025\/06\/battery-14.8V-5200mah-6-81x300.webp 81w, https:\/\/mylionbattery.com\/wp-content\/uploads\/2025\/06\/battery-14.8V-5200mah-6-277x1024.webp 277w, https:\/\/mylionbattery.com\/wp-content\/uploads\/2025\/06\/battery-14.8V-5200mah-6-415x1536.webp 415w, https:\/\/mylionbattery.com\/wp-content\/uploads\/2025\/06\/battery-14.8V-5200mah-6-554x2048.webp 554w, https:\/\/mylionbattery.com\/wp-content\/uploads\/2025\/06\/battery-14.8V-5200mah-6-3x12.webp 3w\" sizes=\"(max-width: 692px) 100vw, 692px\" \/> <img data-dominant-color=\"82889b\" data-has-transparency=\"false\" style=\"--dominant-color: #82889b;\" loading=\"lazy\" decoding=\"async\" class=\"wp-image-1712 aligncenter not-transparent\" src=\"http:\/\/mylionbattery.com\/wp-content\/uploads\/2025\/06\/battery-14.8V-5200mah-7.webp\" alt=\"\" width=\"690\" height=\"1718\" srcset=\"https:\/\/mylionbattery.com\/wp-content\/uploads\/2025\/06\/battery-14.8V-5200mah-7.webp 750w, https:\/\/mylionbattery.com\/wp-content\/uploads\/2025\/06\/battery-14.8V-5200mah-7-120x300.webp 120w, https:\/\/mylionbattery.com\/wp-content\/uploads\/2025\/06\/battery-14.8V-5200mah-7-411x1024.webp 411w, https:\/\/mylionbattery.com\/wp-content\/uploads\/2025\/06\/battery-14.8V-5200mah-7-617x1536.webp 617w, https:\/\/mylionbattery.com\/wp-content\/uploads\/2025\/06\/battery-14.8V-5200mah-7-5x12.webp 5w, https:\/\/mylionbattery.com\/wp-content\/uploads\/2025\/06\/battery-14.8V-5200mah-7-600x1494.webp 600w\" sizes=\"(max-width: 690px) 100vw, 690px\" \/> <img data-dominant-color=\"888e9e\" data-has-transparency=\"false\" style=\"--dominant-color: #888e9e;\" loading=\"lazy\" decoding=\"async\" class=\"wp-image-1713 aligncenter not-transparent\" src=\"http:\/\/mylionbattery.com\/wp-content\/uploads\/2025\/06\/battery-14.8V-5200mah-8.webp\" alt=\"\" width=\"704\" height=\"1705\" srcset=\"https:\/\/mylionbattery.com\/wp-content\/uploads\/2025\/06\/battery-14.8V-5200mah-8.webp 750w, https:\/\/mylionbattery.com\/wp-content\/uploads\/2025\/06\/battery-14.8V-5200mah-8-124x300.webp 124w, https:\/\/mylionbattery.com\/wp-content\/uploads\/2025\/06\/battery-14.8V-5200mah-8-423x1024.webp 423w, https:\/\/mylionbattery.com\/wp-content\/uploads\/2025\/06\/battery-14.8V-5200mah-8-634x1536.webp 634w, https:\/\/mylionbattery.com\/wp-content\/uploads\/2025\/06\/battery-14.8V-5200mah-8-5x12.webp 5w, https:\/\/mylionbattery.com\/wp-content\/uploads\/2025\/06\/battery-14.8V-5200mah-8-600x1453.webp 600w\" sizes=\"(max-width: 704px) 100vw, 704px\" \/> <img data-dominant-color=\"5d6a83\" data-has-transparency=\"false\" style=\"--dominant-color: #5d6a83;\" loading=\"lazy\" decoding=\"async\" class=\"wp-image-1714 aligncenter not-transparent\" src=\"http:\/\/mylionbattery.com\/wp-content\/uploads\/2025\/06\/battery-14.8V-5200mah-9.webp\" alt=\"\" width=\"706\" height=\"845\" srcset=\"https:\/\/mylionbattery.com\/wp-content\/uploads\/2025\/06\/battery-14.8V-5200mah-9.webp 750w, https:\/\/mylionbattery.com\/wp-content\/uploads\/2025\/06\/battery-14.8V-5200mah-9-251x300.webp 251w, https:\/\/mylionbattery.com\/wp-content\/uploads\/2025\/06\/battery-14.8V-5200mah-9-10x12.webp 10w, https:\/\/mylionbattery.com\/wp-content\/uploads\/2025\/06\/battery-14.8V-5200mah-9-600x718.webp 600w\" sizes=\"(max-width: 706px) 100vw, 706px\" \/><\/p>","protected":false},"excerpt":{"rendered":"<ul>\n<li data-start=\"152\" data-end=\"199\">\n<p data-start=\"154\" data-end=\"199\"><strong data-start=\"154\" data-end=\"171\">Tension nominale<\/strong>: 14,8 V, tension maximale 16,8 V<\/p>\n<\/li>\n<li data-start=\"200\" data-end=\"257\">\n<p data-start=\"202\" data-end=\"257\"><strong data-start=\"202\" data-end=\"214\">Capacit\u00e9<\/strong>: 5000 mAh (74 Wh), prend en charge une d\u00e9charge de 1 \u00e0 2 A<\/p>\n<\/li>\n<li data-start=\"258\" data-end=\"361\">\n<p data-start=\"260\" data-end=\"279\"><strong data-start=\"260\" data-end=\"276\">Temps de travail<\/strong>:<\/p>\n<ul data-start=\"282\" data-end=\"361\">\n<li data-start=\"282\" data-end=\"320\">\n<p data-start=\"284\" data-end=\"320\">Charge de 0,5 A (7,4 W) : environ 10 heures<\/p>\n<\/li>\n<li data-start=\"323\" data-end=\"361\">\n<p data-start=\"325\" data-end=\"361\">Charge de 1,0 A (14,8 W) : environ 5 heures<\/p>\n<\/li>\n<\/ul>\n<\/li>\n<li data-start=\"362\" data-end=\"436\">\n<p data-start=\"364\" data-end=\"436\"><strong data-start=\"364\" data-end=\"378\">Protection<\/strong>:Surcharge, d\u00e9charge excessive, surintensit\u00e9, court-circuit<\/p>\n<\/li>\n<\/ul>","protected":false},"featured_media":1717,"template":"","meta":[],"product_brand":[],"product_cat":[53],"product_tag":[67],"class_list":{"0":"post-1706","1":"product","2":"type-product","3":"status-publish","4":"has-post-thumbnail","6":"product_cat-lithium-battery-pack","7":"product_tag-14-8v-5000mah","9":"first","10":"instock","11":"shipping-taxable","12":"product-type-simple"},"yoast_head":"<!-- This site is optimized with the Yoast SEO plugin v26.1.1 - https:\/\/yoast.com\/wordpress\/plugins\/seo\/ -->\n<title>14.8V 5000mAh Lithium Battery Pack \u300174W Output For Garden Tools - mylionbattery<\/title>\n<meta name=\"description\" content=\"Discover Mylion Battery&#039;s innovative battery solutions, including mini UPS systems and lithium-ion batteries. Offering high-quality, customizable products designed with advanced technology to deliver exceptional performance and reliability for global markets.\" \/>\n<meta name=\"robots\" content=\"index, follow, max-snippet:-1, max-image-preview:large, max-video-preview:-1\" \/>\n<link rel=\"canonical\" href=\"https:\/\/mylionbattery.com\/fr\/produit\/14-8v-5000mah-lithium-battery-pack-\u300174w-output-for-garden-tools\/\" \/>\n<meta property=\"og:locale\" content=\"fr_FR\" \/>\n<meta property=\"og:type\" content=\"article\" \/>\n<meta property=\"og:title\" content=\"14.8V 5000mAh Lithium Battery Pack \u300174W Output For Garden Tools - mylionbattery\" \/>\n<meta property=\"og:description\" content=\"Discover Mylion Battery&#039;s innovative battery solutions, including mini UPS systems and lithium-ion batteries. Offering high-quality, customizable products designed with advanced technology to deliver exceptional performance and reliability for global markets.\" \/>\n<meta property=\"og:url\" content=\"https:\/\/mylionbattery.com\/fr\/produit\/14-8v-5000mah-lithium-battery-pack-\u300174w-output-for-garden-tools\/\" \/>\n<meta property=\"og:site_name\" content=\"mylionbattery\" \/>\n<meta property=\"og:image\" content=\"https:\/\/mylionbattery.com\/wp-content\/uploads\/2025\/06\/14.8v-5000mah-3.webp\" \/>\n\t<meta property=\"og:image:width\" content=\"750\" \/>\n\t<meta property=\"og:image:height\" content=\"750\" \/>\n\t<meta property=\"og:image:type\" content=\"image\/jpeg\" \/>\n<meta name=\"twitter:card\" content=\"summary_large_image\" \/>\n<meta name=\"twitter:label1\" content=\"Dur\u00e9e de lecture estim\u00e9e\" \/>\n\t<meta name=\"twitter:data1\" content=\"3 minutes\" \/>\n<script type=\"application\/ld+json\" class=\"yoast-schema-graph\">{\"@context\":\"https:\/\/schema.org\",\"@graph\":[{\"@type\":\"WebPage\",\"@id\":\"https:\/\/mylionbattery.com\/product\/14-8v-5000mah-lithium-battery-pack-%e3%80%8174w-output-for-garden-tools\/\",\"url\":\"https:\/\/mylionbattery.com\/product\/14-8v-5000mah-lithium-battery-pack-%e3%80%8174w-output-for-garden-tools\/\",\"name\":\"14.8V 5000mAh Lithium Battery Pack \u300174W Output For Garden Tools - mylionbattery\",\"isPartOf\":{\"@id\":\"https:\/\/mylionbattery.com\/#website\"},\"primaryImageOfPage\":{\"@id\":\"https:\/\/mylionbattery.com\/product\/14-8v-5000mah-lithium-battery-pack-%e3%80%8174w-output-for-garden-tools\/#primaryimage\"},\"image\":{\"@id\":\"https:\/\/mylionbattery.com\/product\/14-8v-5000mah-lithium-battery-pack-%e3%80%8174w-output-for-garden-tools\/#primaryimage\"},\"thumbnailUrl\":\"https:\/\/mylionbattery.com\/wp-content\/uploads\/2025\/06\/14.8v-5000mah-3.webp\",\"datePublished\":\"2025-06-06T08:12:33+00:00\",\"description\":\"Discover Mylion Battery's innovative battery solutions, including mini UPS systems and lithium-ion batteries. Offering high-quality, customizable products designed with advanced technology to deliver exceptional performance and reliability for global markets.\",\"breadcrumb\":{\"@id\":\"https:\/\/mylionbattery.com\/product\/14-8v-5000mah-lithium-battery-pack-%e3%80%8174w-output-for-garden-tools\/#breadcrumb\"},\"inLanguage\":\"fr-FR\",\"potentialAction\":[{\"@type\":\"ReadAction\",\"target\":[\"https:\/\/mylionbattery.com\/product\/14-8v-5000mah-lithium-battery-pack-%e3%80%8174w-output-for-garden-tools\/\"]}]},{\"@type\":\"ImageObject\",\"inLanguage\":\"fr-FR\",\"@id\":\"https:\/\/mylionbattery.com\/product\/14-8v-5000mah-lithium-battery-pack-%e3%80%8174w-output-for-garden-tools\/#primaryimage\",\"url\":\"https:\/\/mylionbattery.com\/wp-content\/uploads\/2025\/06\/14.8v-5000mah-3.webp\",\"contentUrl\":\"https:\/\/mylionbattery.com\/wp-content\/uploads\/2025\/06\/14.8v-5000mah-3.webp\",\"width\":750,\"height\":750,\"caption\":\"14.8v-5000mah-3\"},{\"@type\":\"BreadcrumbList\",\"@id\":\"https:\/\/mylionbattery.com\/product\/14-8v-5000mah-lithium-battery-pack-%e3%80%8174w-output-for-garden-tools\/#breadcrumb\",\"itemListElement\":[{\"@type\":\"ListItem\",\"position\":1,\"name\":\"\u9996\u9875\",\"item\":\"https:\/\/mylionbattery.com\/\"},{\"@type\":\"ListItem\",\"position\":2,\"name\":\"Products\",\"item\":\"https:\/\/mylionbattery.com\/products\/\"},{\"@type\":\"ListItem\",\"position\":3,\"name\":\"14.8V 5000mAh Lithium Battery Pack \u300174W Output For Garden Tools\"}]},{\"@type\":\"WebSite\",\"@id\":\"https:\/\/mylionbattery.com\/#website\",\"url\":\"https:\/\/mylionbattery.com\/\",\"name\":\"Mylionbattery\",\"description\":\"mylionbattery\",\"publisher\":{\"@id\":\"https:\/\/mylionbattery.com\/#organization\"},\"potentialAction\":[{\"@type\":\"SearchAction\",\"target\":{\"@type\":\"EntryPoint\",\"urlTemplate\":\"https:\/\/mylionbattery.com\/?s={search_term_string}\"},\"query-input\":{\"@type\":\"PropertyValueSpecification\",\"valueRequired\":true,\"valueName\":\"search_term_string\"}}],\"inLanguage\":\"fr-FR\"},{\"@type\":\"Organization\",\"@id\":\"https:\/\/mylionbattery.com\/#organization\",\"name\":\"Mylionbattery\",\"url\":\"https:\/\/mylionbattery.com\/\",\"logo\":{\"@type\":\"ImageObject\",\"inLanguage\":\"fr-FR\",\"@id\":\"https:\/\/mylionbattery.com\/#\/schema\/logo\/image\/\",\"url\":\"http:\/\/mylionbattery.com\/wp-content\/uploads\/2024\/09\/\u767d\u5e95mylion-logo\u6b63\u65b9\u5f62.png\",\"contentUrl\":\"http:\/\/mylionbattery.com\/wp-content\/uploads\/2024\/09\/\u767d\u5e95mylion-logo\u6b63\u65b9\u5f62.png\",\"width\":600,\"height\":600,\"caption\":\"Mylionbattery\"},\"image\":{\"@id\":\"https:\/\/mylionbattery.com\/#\/schema\/logo\/image\/\"}}]}<\/script>\n<!-- \/ Yoast SEO plugin. -->","yoast_head_json":{"title":"14.8V 5000mAh Lithium Battery Pack \u300174W Output For Garden Tools - mylionbattery","description":"Discover Mylion Battery's innovative battery solutions, including mini UPS systems and lithium-ion batteries. Offering high-quality, customizable products designed with advanced technology to deliver exceptional performance and reliability for global markets.","robots":{"index":"index","follow":"follow","max-snippet":"max-snippet:-1","max-image-preview":"max-image-preview:large","max-video-preview":"max-video-preview:-1"},"canonical":"https:\/\/mylionbattery.com\/fr\/produit\/14-8v-5000mah-lithium-battery-pack-\u300174w-output-for-garden-tools\/","og_locale":"fr_FR","og_type":"article","og_title":"14.8V 5000mAh Lithium Battery Pack \u300174W Output For Garden Tools - mylionbattery","og_description":"Discover Mylion Battery's innovative battery solutions, including mini UPS systems and lithium-ion batteries. Offering high-quality, customizable products designed with advanced technology to deliver exceptional performance and reliability for global markets.","og_url":"https:\/\/mylionbattery.com\/fr\/produit\/14-8v-5000mah-lithium-battery-pack-\u300174w-output-for-garden-tools\/","og_site_name":"mylionbattery","og_image":[{"width":750,"height":750,"url":"https:\/\/mylionbattery.com\/wp-content\/uploads\/2025\/06\/14.8v-5000mah-3.webp","type":"image\/jpeg"}],"twitter_card":"summary_large_image","twitter_misc":{"Dur\u00e9e de lecture estim\u00e9e":"3 minutes"},"schema":{"@context":"https:\/\/schema.org","@graph":[{"@type":"WebPage","@id":"https:\/\/mylionbattery.com\/product\/14-8v-5000mah-lithium-battery-pack-%e3%80%8174w-output-for-garden-tools\/","url":"https:\/\/mylionbattery.com\/product\/14-8v-5000mah-lithium-battery-pack-%e3%80%8174w-output-for-garden-tools\/","name":"14.8V 5000mAh Lithium Battery Pack \u300174W Output For Garden Tools - mylionbattery","isPartOf":{"@id":"https:\/\/mylionbattery.com\/#website"},"primaryImageOfPage":{"@id":"https:\/\/mylionbattery.com\/product\/14-8v-5000mah-lithium-battery-pack-%e3%80%8174w-output-for-garden-tools\/#primaryimage"},"image":{"@id":"https:\/\/mylionbattery.com\/product\/14-8v-5000mah-lithium-battery-pack-%e3%80%8174w-output-for-garden-tools\/#primaryimage"},"thumbnailUrl":"https:\/\/mylionbattery.com\/wp-content\/uploads\/2025\/06\/14.8v-5000mah-3.webp","datePublished":"2025-06-06T08:12:33+00:00","description":"Discover Mylion Battery's innovative battery solutions, including mini UPS systems and lithium-ion batteries. Offering high-quality, customizable products designed with advanced technology to deliver exceptional performance and reliability for global markets.","breadcrumb":{"@id":"https:\/\/mylionbattery.com\/product\/14-8v-5000mah-lithium-battery-pack-%e3%80%8174w-output-for-garden-tools\/#breadcrumb"},"inLanguage":"fr-FR","potentialAction":[{"@type":"ReadAction","target":["https:\/\/mylionbattery.com\/product\/14-8v-5000mah-lithium-battery-pack-%e3%80%8174w-output-for-garden-tools\/"]}]},{"@type":"ImageObject","inLanguage":"fr-FR","@id":"https:\/\/mylionbattery.com\/product\/14-8v-5000mah-lithium-battery-pack-%e3%80%8174w-output-for-garden-tools\/#primaryimage","url":"https:\/\/mylionbattery.com\/wp-content\/uploads\/2025\/06\/14.8v-5000mah-3.webp","contentUrl":"https:\/\/mylionbattery.com\/wp-content\/uploads\/2025\/06\/14.8v-5000mah-3.webp","width":750,"height":750,"caption":"14.8v-5000mah-3"},{"@type":"BreadcrumbList","@id":"https:\/\/mylionbattery.com\/product\/14-8v-5000mah-lithium-battery-pack-%e3%80%8174w-output-for-garden-tools\/#breadcrumb","itemListElement":[{"@type":"ListItem","position":1,"name":"\u9996\u9875","item":"https:\/\/mylionbattery.com\/"},{"@type":"ListItem","position":2,"name":"Products","item":"https:\/\/mylionbattery.com\/products\/"},{"@type":"ListItem","position":3,"name":"14.8V 5000mAh Lithium Battery Pack \u300174W Output For Garden Tools"}]},{"@type":"WebSite","@id":"https:\/\/mylionbattery.com\/#website","url":"https:\/\/mylionbattery.com\/","name":"Mylionbattery","description":"mylionbattery","publisher":{"@id":"https:\/\/mylionbattery.com\/#organization"},"potentialAction":[{"@type":"SearchAction","target":{"@type":"EntryPoint","urlTemplate":"https:\/\/mylionbattery.com\/?s={search_term_string}"},"query-input":{"@type":"PropertyValueSpecification","valueRequired":true,"valueName":"search_term_string"}}],"inLanguage":"fr-FR"},{"@type":"Organization","@id":"https:\/\/mylionbattery.com\/#organization","name":"Mylionbattery","url":"https:\/\/mylionbattery.com\/","logo":{"@type":"ImageObject","inLanguage":"fr-FR","@id":"https:\/\/mylionbattery.com\/#\/schema\/logo\/image\/","url":"http:\/\/mylionbattery.com\/wp-content\/uploads\/2024\/09\/\u767d\u5e95mylion-logo\u6b63\u65b9\u5f62.png","contentUrl":"http:\/\/mylionbattery.com\/wp-content\/uploads\/2024\/09\/\u767d\u5e95mylion-logo\u6b63\u65b9\u5f62.png","width":600,"height":600,"caption":"Mylionbattery"},"image":{"@id":"https:\/\/mylionbattery.com\/#\/schema\/logo\/image\/"}}]}},"_links":{"self":[{"href":"https:\/\/mylionbattery.com\/fr\/wp-json\/wp\/v2\/product\/1706","targetHints":{"allow":["GET"]}}],"collection":[{"href":"https:\/\/mylionbattery.com\/fr\/wp-json\/wp\/v2\/product"}],"about":[{"href":"https:\/\/mylionbattery.com\/fr\/wp-json\/wp\/v2\/types\/product"}],"version-history":[{"count":1,"href":"https:\/\/mylionbattery.com\/fr\/wp-json\/wp\/v2\/product\/1706\/revisions"}],"predecessor-version":[{"id":1720,"href":"https:\/\/mylionbattery.com\/fr\/wp-json\/wp\/v2\/product\/1706\/revisions\/1720"}],"wp:featuredmedia":[{"embeddable":true,"href":"https:\/\/mylionbattery.com\/fr\/wp-json\/wp\/v2\/media\/1717"}],"wp:attachment":[{"href":"https:\/\/mylionbattery.com\/fr\/wp-json\/wp\/v2\/media?parent=1706"}],"wp:term":[{"taxonomy":"product_brand","embeddable":true,"href":"https:\/\/mylionbattery.com\/fr\/wp-json\/wp\/v2\/product_brand?post=1706"},{"taxonomy":"product_cat","embeddable":true,"href":"https:\/\/mylionbattery.com\/fr\/wp-json\/wp\/v2\/product_cat?post=1706"},{"taxonomy":"product_tag","embeddable":true,"href":"https:\/\/mylionbattery.com\/fr\/wp-json\/wp\/v2\/product_tag?post=1706"}],"curies":[{"name":"wp","href":"https:\/\/api.w.org\/{rel}","templated":true}]}}