{"id":1721,"date":"2025-06-06T08:35:06","date_gmt":"2025-06-06T08:35:06","guid":{"rendered":"https:\/\/lightyellow-sardine-891901.hostingersite.com\/?post_type=product&#038;p=1721"},"modified":"2025-06-06T08:36:02","modified_gmt":"2025-06-06T08:36:02","slug":"14-8v-5200mah-lithium-ion-battery-pack-76-96wh-for-medical-solar-and-outdoor-devices","status":"publish","type":"product","link":"https:\/\/mylionbattery.com\/fr\/produit\/14-8v-5200mah-lithium-ion-battery-pack-76-96wh-for-medical-solar-and-outdoor-devices\/","title":{"rendered":"Batterie lithium-ion 14,8 V 5\u00a0200 mAh 76,96 Wh pour appareils m\u00e9dicaux, solaires et d&#039;ext\u00e9rieur"},"content":{"rendered":"<table style=\"border-collapse: collapse; width: 1316px; height: 825px;\" border=\"0\" width=\"1648\" cellspacing=\"0\" cellpadding=\"0\">\n<tbody>\n<tr style=\"height: 17.25pt;\">\n<td class=\"et3\" style=\"height: 17.25pt; width: 206.95pt;\" width=\"551\" height=\"46\">Nom du produit<\/td>\n<td class=\"et4\" style=\"width: 411.05pt;\" width=\"1096\">Pack de batteries lithium-ion<\/td>\n<\/tr>\n<tr style=\"height: 17.25pt;\">\n<td class=\"et3\" style=\"height: 17.25pt;\" height=\"46\">Nom du style<\/td>\n<td class=\"et3\">14,8 V 5\u00a0200 mAh<\/td>\n<\/tr>\n<tr style=\"height: 17.25pt;\">\n<td class=\"et3\" style=\"height: 17.25pt;\" height=\"46\">Capacit\u00e9 nominale<\/td>\n<td class=\"et5\">5200mAh<\/td>\n<\/tr>\n<tr style=\"height: 17.25pt;\">\n<td class=\"et3\" style=\"height: 17.25pt;\" height=\"46\">Tension nominale<\/td>\n<td class=\"et5\">14,8 V<\/td>\n<\/tr>\n<tr style=\"height: 17.25pt;\">\n<td class=\"et3\" style=\"height: 17.25pt;\" height=\"46\">Tension de charge maximale<\/td>\n<td class=\"et5\">16,8 V<\/td>\n<\/tr>\n<tr style=\"height: 17.25pt;\">\n<td class=\"et3\" style=\"height: 17.25pt;\" height=\"46\">Tension de coupure de d\u00e9charge<\/td>\n<td class=\"et5\">12V<\/td>\n<\/tr>\n<tr style=\"height: 17.25pt;\">\n<td class=\"et3\" style=\"height: 17.25pt;\" height=\"46\">Courant de d\u00e9charge continu maximal<\/td>\n<td class=\"et5\">1-2A<\/td>\n<\/tr>\n<tr style=\"height: 17.25pt;\">\n<td class=\"et3\" style=\"height: 17.25pt;\" height=\"46\">Courant de charge<\/td>\n<td class=\"et5\">1-2A<\/td>\n<\/tr>\n<tr style=\"height: 17.25pt;\">\n<td class=\"et3\" style=\"height: 17.25pt;\" height=\"46\">Puissance de sortie<\/td>\n<td class=\"et5\">76,96 W<\/td>\n<\/tr>\n<tr style=\"height: 17.25pt;\">\n<td class=\"et6\" style=\"height: 34.50pt; border-bottom: .5pt solid #000000;\" rowspan=\"2\" height=\"92\">Temps de travail<\/td>\n<td class=\"et7\">Sortie 14,8 V 0,5 A (7,4 W) : environ 10,4 heures<\/td>\n<\/tr>\n<tr style=\"height: 17.25pt;\">\n<td class=\"et7\">Sortie 14,8 V 1,0 A (14,8 W) : environ 5,8 heures<\/td>\n<\/tr>\n<tr style=\"height: 17.25pt;\">\n<td class=\"et3\" style=\"height: 17.25pt;\" height=\"46\">Port de charge (IN)<\/td>\n<td class=\"et9\" style=\"border-bottom: .5pt solid #000000;\" rowspan=\"2\">DC.2.5\u00d75.5 ou prise s\u00e9lectionn\u00e9e<\/td>\n<\/tr>\n<tr style=\"height: 17.25pt;\">\n<td class=\"et3\" style=\"height: 17.25pt;\" height=\"46\">Orifice de d\u00e9charge (OUT)<\/td>\n<\/tr>\n<tr style=\"height: 17.25pt;\">\n<td class=\"et3\" style=\"height: 17.25pt;\" height=\"46\">Couleur PVC<\/td>\n<td class=\"et11\">Bleu<\/td>\n<\/tr>\n<tr style=\"height: 17.25pt;\">\n<td class=\"et3\" style=\"height: 17.25pt;\" height=\"46\">Dimensions de la batterie (mm)<\/td>\n<td class=\"et5\">130x72x22<\/td>\n<\/tr>\n<tr style=\"height: 17.25pt;\">\n<td class=\"et3\" style=\"height: 17.25pt;\" height=\"46\">Poids<\/td>\n<td class=\"et5\">Environ 360 g<\/td>\n<\/tr>\n<tr style=\"height: 17.25pt;\">\n<td class=\"et12\" style=\"height: 17.25pt;\" height=\"46\">Marque de la cellule de batterie<\/td>\n<td class=\"et7\">Cellule de marque chinoise (ou cellule Samsung LG Sony Sanyo Panasonic)<\/td>\n<\/tr>\n<tr style=\"height: 17.25pt;\">\n<td class=\"et12\" style=\"height: 17.25pt;\" height=\"46\">Certification des cellules de batterie<\/td>\n<td class=\"et7\">CB, CE, UL, UN38.3, BIS, KC, FDS, ROHS, CQC, SGS, CEM<\/td>\n<\/tr>\n<tr style=\"height: 17.25pt;\">\n<td class=\"et12\" style=\"height: 17.25pt;\" height=\"46\">Protection de la batterie<\/td>\n<td class=\"et7\">Surcharge et d\u00e9charge, surintensit\u00e9, court-circuit<\/td>\n<\/tr>\n<tr style=\"height: 17.25pt;\">\n<td class=\"et12\" style=\"height: 17.25pt;\" height=\"46\">Cycle de vie<\/td>\n<td class=\"et7\">capacit\u00e9 de charge et de d\u00e9charge standard \u2265 80% C5mAh, dur\u00e9e de vie du cycle \u2265 600<\/td>\n<\/tr>\n<tr style=\"height: 55.00pt;\">\n<td class=\"et12\" style=\"height: 55.00pt;\" height=\"146\">Application<\/td>\n<td class=\"et13\" style=\"width: 411.05pt;\" width=\"1096\">Pulv\u00e9risateur de jardin, instrument m\u00e9dical, aspirateur intelligent, instrument d&#039;ext\u00e9rieur, commande de porte, LED solaire, remplacement de batterie au plomb 12 V, etc.<\/td>\n<\/tr>\n<tr style=\"height: 17.25pt;\">\n<td class=\"et12\" style=\"height: 17.25pt;\" height=\"46\">Emballer<\/td>\n<td class=\"et7\">20 pi\u00e8ces dans un carton (15x29x37cm), environ 8,2 kg\/carton<\/td>\n<\/tr>\n<tr style=\"height: 17.25pt;\">\n<td class=\"et12\" style=\"height: 17.25pt;\" height=\"46\">Garantie<\/td>\n<td class=\"et7\">12 mois<\/td>\n<\/tr>\n<\/tbody>\n<\/table>\n<p>&nbsp;<\/p>\n<p><img data-dominant-color=\"344761\" data-has-transparency=\"false\" style=\"--dominant-color: #344761;\" fetchpriority=\"high\" decoding=\"async\" class=\"size-full wp-image-1722 aligncenter not-transparent\" src=\"http:\/\/mylionbattery.com\/wp-content\/uploads\/2025\/06\/battery-14.8V-5200mah-1-1.webp\" alt=\"\" width=\"750\" height=\"329\" srcset=\"https:\/\/mylionbattery.com\/wp-content\/uploads\/2025\/06\/battery-14.8V-5200mah-1-1.webp 750w, https:\/\/mylionbattery.com\/wp-content\/uploads\/2025\/06\/battery-14.8V-5200mah-1-1-300x132.webp 300w, https:\/\/mylionbattery.com\/wp-content\/uploads\/2025\/06\/battery-14.8V-5200mah-1-1-18x8.webp 18w, https:\/\/mylionbattery.com\/wp-content\/uploads\/2025\/06\/battery-14.8V-5200mah-1-1-600x263.webp 600w\" sizes=\"(max-width: 750px) 100vw, 750px\" \/> <img data-dominant-color=\"253856\" data-has-transparency=\"false\" style=\"--dominant-color: #253856;\" decoding=\"async\" class=\"size-full wp-image-1723 aligncenter not-transparent\" src=\"http:\/\/mylionbattery.com\/wp-content\/uploads\/2025\/06\/battery-14.8V-5200mah-2-1.webp\" alt=\"\" width=\"750\" height=\"933\" srcset=\"https:\/\/mylionbattery.com\/wp-content\/uploads\/2025\/06\/battery-14.8V-5200mah-2-1.webp 750w, https:\/\/mylionbattery.com\/wp-content\/uploads\/2025\/06\/battery-14.8V-5200mah-2-1-241x300.webp 241w, https:\/\/mylionbattery.com\/wp-content\/uploads\/2025\/06\/battery-14.8V-5200mah-2-1-10x12.webp 10w, https:\/\/mylionbattery.com\/wp-content\/uploads\/2025\/06\/battery-14.8V-5200mah-2-1-600x746.webp 600w\" sizes=\"(max-width: 750px) 100vw, 750px\" \/> <img data-dominant-color=\"6a7a97\" data-has-transparency=\"false\" style=\"--dominant-color: #6a7a97;\" decoding=\"async\" class=\"size-full wp-image-1724 aligncenter not-transparent\" src=\"http:\/\/mylionbattery.com\/wp-content\/uploads\/2025\/06\/battery-14.8V-5200mah-3.webp\" alt=\"\" width=\"750\" height=\"1233\" srcset=\"https:\/\/mylionbattery.com\/wp-content\/uploads\/2025\/06\/battery-14.8V-5200mah-3.webp 750w, https:\/\/mylionbattery.com\/wp-content\/uploads\/2025\/06\/battery-14.8V-5200mah-3-182x300.webp 182w, https:\/\/mylionbattery.com\/wp-content\/uploads\/2025\/06\/battery-14.8V-5200mah-3-623x1024.webp 623w, https:\/\/mylionbattery.com\/wp-content\/uploads\/2025\/06\/battery-14.8V-5200mah-3-7x12.webp 7w, https:\/\/mylionbattery.com\/wp-content\/uploads\/2025\/06\/battery-14.8V-5200mah-3-600x986.webp 600w\" sizes=\"(max-width: 750px) 100vw, 750px\" \/> <img data-dominant-color=\"999ca6\" data-has-transparency=\"false\" style=\"--dominant-color: #999ca6;\" loading=\"lazy\" decoding=\"async\" class=\"size-full wp-image-1725 aligncenter not-transparent\" src=\"http:\/\/mylionbattery.com\/wp-content\/uploads\/2025\/06\/battery-14.8V-5200mah-5-1.webp\" alt=\"\" width=\"750\" height=\"1421\" srcset=\"https:\/\/mylionbattery.com\/wp-content\/uploads\/2025\/06\/battery-14.8V-5200mah-5-1.webp 750w, https:\/\/mylionbattery.com\/wp-content\/uploads\/2025\/06\/battery-14.8V-5200mah-5-1-158x300.webp 158w, https:\/\/mylionbattery.com\/wp-content\/uploads\/2025\/06\/battery-14.8V-5200mah-5-1-540x1024.webp 540w, https:\/\/mylionbattery.com\/wp-content\/uploads\/2025\/06\/battery-14.8V-5200mah-5-1-6x12.webp 6w, https:\/\/mylionbattery.com\/wp-content\/uploads\/2025\/06\/battery-14.8V-5200mah-5-1-600x1137.webp 600w\" sizes=\"(max-width: 750px) 100vw, 750px\" \/> <img data-dominant-color=\"7c8598\" data-has-transparency=\"false\" style=\"--dominant-color: #7c8598;\" loading=\"lazy\" decoding=\"async\" class=\"size-full wp-image-1726 aligncenter not-transparent\" src=\"http:\/\/mylionbattery.com\/wp-content\/uploads\/2025\/06\/battery-14.8V-5200mah-6-1-scaled.webp\" alt=\"\" width=\"692\" height=\"2560\" srcset=\"https:\/\/mylionbattery.com\/wp-content\/uploads\/2025\/06\/battery-14.8V-5200mah-6-1-scaled.webp 692w, https:\/\/mylionbattery.com\/wp-content\/uploads\/2025\/06\/battery-14.8V-5200mah-6-1-81x300.webp 81w, https:\/\/mylionbattery.com\/wp-content\/uploads\/2025\/06\/battery-14.8V-5200mah-6-1-277x1024.webp 277w, https:\/\/mylionbattery.com\/wp-content\/uploads\/2025\/06\/battery-14.8V-5200mah-6-1-415x1536.webp 415w, https:\/\/mylionbattery.com\/wp-content\/uploads\/2025\/06\/battery-14.8V-5200mah-6-1-554x2048.webp 554w, https:\/\/mylionbattery.com\/wp-content\/uploads\/2025\/06\/battery-14.8V-5200mah-6-1-3x12.webp 3w\" sizes=\"(max-width: 692px) 100vw, 692px\" \/> <img data-dominant-color=\"82889b\" data-has-transparency=\"false\" style=\"--dominant-color: #82889b;\" loading=\"lazy\" decoding=\"async\" class=\"wp-image-1727 aligncenter not-transparent\" src=\"http:\/\/mylionbattery.com\/wp-content\/uploads\/2025\/06\/battery-14.8V-5200mah-7-1.webp\" alt=\"\" width=\"690\" height=\"1719\" srcset=\"https:\/\/mylionbattery.com\/wp-content\/uploads\/2025\/06\/battery-14.8V-5200mah-7-1.webp 750w, https:\/\/mylionbattery.com\/wp-content\/uploads\/2025\/06\/battery-14.8V-5200mah-7-1-120x300.webp 120w, https:\/\/mylionbattery.com\/wp-content\/uploads\/2025\/06\/battery-14.8V-5200mah-7-1-411x1024.webp 411w, https:\/\/mylionbattery.com\/wp-content\/uploads\/2025\/06\/battery-14.8V-5200mah-7-1-617x1536.webp 617w, https:\/\/mylionbattery.com\/wp-content\/uploads\/2025\/06\/battery-14.8V-5200mah-7-1-5x12.webp 5w, https:\/\/mylionbattery.com\/wp-content\/uploads\/2025\/06\/battery-14.8V-5200mah-7-1-600x1494.webp 600w\" sizes=\"(max-width: 690px) 100vw, 690px\" \/> <img data-dominant-color=\"888e9e\" data-has-transparency=\"false\" style=\"--dominant-color: #888e9e;\" loading=\"lazy\" decoding=\"async\" class=\"wp-image-1728 aligncenter not-transparent\" src=\"http:\/\/mylionbattery.com\/wp-content\/uploads\/2025\/06\/battery-14.8V-5200mah-8-1.webp\" alt=\"\" width=\"687\" height=\"1664\" srcset=\"https:\/\/mylionbattery.com\/wp-content\/uploads\/2025\/06\/battery-14.8V-5200mah-8-1.webp 750w, https:\/\/mylionbattery.com\/wp-content\/uploads\/2025\/06\/battery-14.8V-5200mah-8-1-124x300.webp 124w, https:\/\/mylionbattery.com\/wp-content\/uploads\/2025\/06\/battery-14.8V-5200mah-8-1-423x1024.webp 423w, https:\/\/mylionbattery.com\/wp-content\/uploads\/2025\/06\/battery-14.8V-5200mah-8-1-634x1536.webp 634w, https:\/\/mylionbattery.com\/wp-content\/uploads\/2025\/06\/battery-14.8V-5200mah-8-1-5x12.webp 5w, https:\/\/mylionbattery.com\/wp-content\/uploads\/2025\/06\/battery-14.8V-5200mah-8-1-600x1453.webp 600w\" sizes=\"(max-width: 687px) 100vw, 687px\" \/><\/p>","protected":false},"excerpt":{"rendered":"<ul>\n<li data-start=\"177\" data-end=\"227\">\n<p data-start=\"179\" data-end=\"227\">Tension nominale de 14,8 V, capacit\u00e9 de 5\u00a0200 mAh, 76,96 Wh<\/p>\n<\/li>\n<li data-start=\"228\" data-end=\"282\">\n<p data-start=\"230\" data-end=\"282\">La puissance de sortie prend en charge une d\u00e9charge continue de 1 \u00e0 2 A<\/p>\n<\/li>\n<li data-start=\"283\" data-end=\"339\">\n<p data-start=\"285\" data-end=\"339\">Environ 10,4 heures \u00e0 une charge de 0,5 A, 5,8 heures \u00e0 une charge de 1 A<\/p>\n<\/li>\n<li data-start=\"340\" data-end=\"391\">\n<p data-start=\"342\" data-end=\"391\">Taille compacte 130 x 72 x 22 mm, l\u00e9ger 360 g<\/p>\n<\/li>\n<li data-start=\"392\" data-end=\"435\">\n<p data-start=\"394\" data-end=\"435\">Entr\u00e9e via DC 2,5 x 5,5 ou prise s\u00e9lectionn\u00e9e<\/p>\n<\/li>\n<\/ul>","protected":false},"featured_media":1735,"template":"","meta":[],"product_brand":[],"product_cat":[53],"product_tag":[68],"class_list":{"0":"post-1721","1":"product","2":"type-product","3":"status-publish","4":"has-post-thumbnail","6":"product_cat-lithium-battery-pack","7":"product_tag-14-8v-5200mah","9":"first","10":"instock","11":"shipping-taxable","12":"product-type-simple"},"yoast_head":"<!-- This site is optimized with the Yoast SEO plugin v26.1.1 - https:\/\/yoast.com\/wordpress\/plugins\/seo\/ -->\n<title>14.8V 5200mAh Lithium ion Battery Pack 76.96Wh for Medical Solar and Outdoor Devices - mylionbattery<\/title>\n<meta name=\"description\" content=\"Discover Mylion Battery&#039;s innovative battery solutions, including mini UPS systems and lithium-ion batteries. Offering high-quality, customizable products designed with advanced technology to deliver exceptional performance and reliability for global markets.\" \/>\n<meta name=\"robots\" content=\"index, follow, max-snippet:-1, max-image-preview:large, max-video-preview:-1\" \/>\n<link rel=\"canonical\" href=\"https:\/\/mylionbattery.com\/fr\/produit\/14-8v-5200mah-lithium-ion-battery-pack-76-96wh-for-medical-solar-and-outdoor-devices\/\" \/>\n<meta property=\"og:locale\" content=\"fr_FR\" \/>\n<meta property=\"og:type\" content=\"article\" \/>\n<meta property=\"og:title\" content=\"14.8V 5200mAh Lithium ion Battery Pack 76.96Wh for Medical Solar and Outdoor Devices - mylionbattery\" \/>\n<meta property=\"og:description\" content=\"Discover Mylion Battery&#039;s innovative battery solutions, including mini UPS systems and lithium-ion batteries. Offering high-quality, customizable products designed with advanced technology to deliver exceptional performance and reliability for global markets.\" \/>\n<meta property=\"og:url\" content=\"https:\/\/mylionbattery.com\/fr\/produit\/14-8v-5200mah-lithium-ion-battery-pack-76-96wh-for-medical-solar-and-outdoor-devices\/\" \/>\n<meta property=\"og:site_name\" content=\"mylionbattery\" \/>\n<meta property=\"article:modified_time\" content=\"2025-06-06T08:36:02+00:00\" \/>\n<meta property=\"og:image\" content=\"https:\/\/mylionbattery.com\/wp-content\/uploads\/2025\/06\/14.8v-5200mah-battery-6.webp\" \/>\n\t<meta property=\"og:image:width\" content=\"750\" \/>\n\t<meta property=\"og:image:height\" content=\"750\" \/>\n\t<meta property=\"og:image:type\" content=\"image\/jpeg\" \/>\n<meta name=\"twitter:card\" content=\"summary_large_image\" \/>\n<meta name=\"twitter:label1\" content=\"Dur\u00e9e de lecture estim\u00e9e\" \/>\n\t<meta name=\"twitter:data1\" content=\"3 minutes\" \/>\n<script type=\"application\/ld+json\" class=\"yoast-schema-graph\">{\"@context\":\"https:\/\/schema.org\",\"@graph\":[{\"@type\":\"WebPage\",\"@id\":\"https:\/\/mylionbattery.com\/product\/14-8v-5200mah-lithium-ion-battery-pack-76-96wh-for-medical-solar-and-outdoor-devices\/\",\"url\":\"https:\/\/mylionbattery.com\/product\/14-8v-5200mah-lithium-ion-battery-pack-76-96wh-for-medical-solar-and-outdoor-devices\/\",\"name\":\"14.8V 5200mAh Lithium ion Battery Pack 76.96Wh for Medical Solar and Outdoor Devices - mylionbattery\",\"isPartOf\":{\"@id\":\"https:\/\/mylionbattery.com\/#website\"},\"primaryImageOfPage\":{\"@id\":\"https:\/\/mylionbattery.com\/product\/14-8v-5200mah-lithium-ion-battery-pack-76-96wh-for-medical-solar-and-outdoor-devices\/#primaryimage\"},\"image\":{\"@id\":\"https:\/\/mylionbattery.com\/product\/14-8v-5200mah-lithium-ion-battery-pack-76-96wh-for-medical-solar-and-outdoor-devices\/#primaryimage\"},\"thumbnailUrl\":\"https:\/\/mylionbattery.com\/wp-content\/uploads\/2025\/06\/14.8v-5200mah-battery-6.webp\",\"datePublished\":\"2025-06-06T08:35:06+00:00\",\"dateModified\":\"2025-06-06T08:36:02+00:00\",\"description\":\"Discover Mylion Battery's innovative battery solutions, including mini UPS systems and lithium-ion batteries. Offering high-quality, customizable products designed with advanced technology to deliver exceptional performance and reliability for global markets.\",\"breadcrumb\":{\"@id\":\"https:\/\/mylionbattery.com\/product\/14-8v-5200mah-lithium-ion-battery-pack-76-96wh-for-medical-solar-and-outdoor-devices\/#breadcrumb\"},\"inLanguage\":\"fr-FR\",\"potentialAction\":[{\"@type\":\"ReadAction\",\"target\":[\"https:\/\/mylionbattery.com\/product\/14-8v-5200mah-lithium-ion-battery-pack-76-96wh-for-medical-solar-and-outdoor-devices\/\"]}]},{\"@type\":\"ImageObject\",\"inLanguage\":\"fr-FR\",\"@id\":\"https:\/\/mylionbattery.com\/product\/14-8v-5200mah-lithium-ion-battery-pack-76-96wh-for-medical-solar-and-outdoor-devices\/#primaryimage\",\"url\":\"https:\/\/mylionbattery.com\/wp-content\/uploads\/2025\/06\/14.8v-5200mah-battery-6.webp\",\"contentUrl\":\"https:\/\/mylionbattery.com\/wp-content\/uploads\/2025\/06\/14.8v-5200mah-battery-6.webp\",\"width\":750,\"height\":750,\"caption\":\"14.8v-5200mah-battery-6\"},{\"@type\":\"BreadcrumbList\",\"@id\":\"https:\/\/mylionbattery.com\/product\/14-8v-5200mah-lithium-ion-battery-pack-76-96wh-for-medical-solar-and-outdoor-devices\/#breadcrumb\",\"itemListElement\":[{\"@type\":\"ListItem\",\"position\":1,\"name\":\"\u9996\u9875\",\"item\":\"https:\/\/mylionbattery.com\/\"},{\"@type\":\"ListItem\",\"position\":2,\"name\":\"Products\",\"item\":\"https:\/\/mylionbattery.com\/products\/\"},{\"@type\":\"ListItem\",\"position\":3,\"name\":\"14.8V 5200mAh Lithium ion Battery Pack 76.96Wh for Medical Solar and Outdoor Devices\"}]},{\"@type\":\"WebSite\",\"@id\":\"https:\/\/mylionbattery.com\/#website\",\"url\":\"https:\/\/mylionbattery.com\/\",\"name\":\"Mylionbattery\",\"description\":\"mylionbattery\",\"publisher\":{\"@id\":\"https:\/\/mylionbattery.com\/#organization\"},\"potentialAction\":[{\"@type\":\"SearchAction\",\"target\":{\"@type\":\"EntryPoint\",\"urlTemplate\":\"https:\/\/mylionbattery.com\/?s={search_term_string}\"},\"query-input\":{\"@type\":\"PropertyValueSpecification\",\"valueRequired\":true,\"valueName\":\"search_term_string\"}}],\"inLanguage\":\"fr-FR\"},{\"@type\":\"Organization\",\"@id\":\"https:\/\/mylionbattery.com\/#organization\",\"name\":\"Mylionbattery\",\"url\":\"https:\/\/mylionbattery.com\/\",\"logo\":{\"@type\":\"ImageObject\",\"inLanguage\":\"fr-FR\",\"@id\":\"https:\/\/mylionbattery.com\/#\/schema\/logo\/image\/\",\"url\":\"http:\/\/mylionbattery.com\/wp-content\/uploads\/2024\/09\/\u767d\u5e95mylion-logo\u6b63\u65b9\u5f62.png\",\"contentUrl\":\"http:\/\/mylionbattery.com\/wp-content\/uploads\/2024\/09\/\u767d\u5e95mylion-logo\u6b63\u65b9\u5f62.png\",\"width\":600,\"height\":600,\"caption\":\"Mylionbattery\"},\"image\":{\"@id\":\"https:\/\/mylionbattery.com\/#\/schema\/logo\/image\/\"}}]}<\/script>\n<!-- \/ Yoast SEO plugin. -->","yoast_head_json":{"title":"14.8V 5200mAh Lithium ion Battery Pack 76.96Wh for Medical Solar and Outdoor Devices - mylionbattery","description":"Discover Mylion Battery's innovative battery solutions, including mini UPS systems and lithium-ion batteries. Offering high-quality, customizable products designed with advanced technology to deliver exceptional performance and reliability for global markets.","robots":{"index":"index","follow":"follow","max-snippet":"max-snippet:-1","max-image-preview":"max-image-preview:large","max-video-preview":"max-video-preview:-1"},"canonical":"https:\/\/mylionbattery.com\/fr\/produit\/14-8v-5200mah-lithium-ion-battery-pack-76-96wh-for-medical-solar-and-outdoor-devices\/","og_locale":"fr_FR","og_type":"article","og_title":"14.8V 5200mAh Lithium ion Battery Pack 76.96Wh for Medical Solar and Outdoor Devices - mylionbattery","og_description":"Discover Mylion Battery's innovative battery solutions, including mini UPS systems and lithium-ion batteries. Offering high-quality, customizable products designed with advanced technology to deliver exceptional performance and reliability for global markets.","og_url":"https:\/\/mylionbattery.com\/fr\/produit\/14-8v-5200mah-lithium-ion-battery-pack-76-96wh-for-medical-solar-and-outdoor-devices\/","og_site_name":"mylionbattery","article_modified_time":"2025-06-06T08:36:02+00:00","og_image":[{"width":750,"height":750,"url":"https:\/\/mylionbattery.com\/wp-content\/uploads\/2025\/06\/14.8v-5200mah-battery-6.webp","type":"image\/jpeg"}],"twitter_card":"summary_large_image","twitter_misc":{"Dur\u00e9e de lecture estim\u00e9e":"3 minutes"},"schema":{"@context":"https:\/\/schema.org","@graph":[{"@type":"WebPage","@id":"https:\/\/mylionbattery.com\/product\/14-8v-5200mah-lithium-ion-battery-pack-76-96wh-for-medical-solar-and-outdoor-devices\/","url":"https:\/\/mylionbattery.com\/product\/14-8v-5200mah-lithium-ion-battery-pack-76-96wh-for-medical-solar-and-outdoor-devices\/","name":"14.8V 5200mAh Lithium ion Battery Pack 76.96Wh for Medical Solar and Outdoor Devices - mylionbattery","isPartOf":{"@id":"https:\/\/mylionbattery.com\/#website"},"primaryImageOfPage":{"@id":"https:\/\/mylionbattery.com\/product\/14-8v-5200mah-lithium-ion-battery-pack-76-96wh-for-medical-solar-and-outdoor-devices\/#primaryimage"},"image":{"@id":"https:\/\/mylionbattery.com\/product\/14-8v-5200mah-lithium-ion-battery-pack-76-96wh-for-medical-solar-and-outdoor-devices\/#primaryimage"},"thumbnailUrl":"https:\/\/mylionbattery.com\/wp-content\/uploads\/2025\/06\/14.8v-5200mah-battery-6.webp","datePublished":"2025-06-06T08:35:06+00:00","dateModified":"2025-06-06T08:36:02+00:00","description":"Discover Mylion Battery's innovative battery solutions, including mini UPS systems and lithium-ion batteries. Offering high-quality, customizable products designed with advanced technology to deliver exceptional performance and reliability for global markets.","breadcrumb":{"@id":"https:\/\/mylionbattery.com\/product\/14-8v-5200mah-lithium-ion-battery-pack-76-96wh-for-medical-solar-and-outdoor-devices\/#breadcrumb"},"inLanguage":"fr-FR","potentialAction":[{"@type":"ReadAction","target":["https:\/\/mylionbattery.com\/product\/14-8v-5200mah-lithium-ion-battery-pack-76-96wh-for-medical-solar-and-outdoor-devices\/"]}]},{"@type":"ImageObject","inLanguage":"fr-FR","@id":"https:\/\/mylionbattery.com\/product\/14-8v-5200mah-lithium-ion-battery-pack-76-96wh-for-medical-solar-and-outdoor-devices\/#primaryimage","url":"https:\/\/mylionbattery.com\/wp-content\/uploads\/2025\/06\/14.8v-5200mah-battery-6.webp","contentUrl":"https:\/\/mylionbattery.com\/wp-content\/uploads\/2025\/06\/14.8v-5200mah-battery-6.webp","width":750,"height":750,"caption":"14.8v-5200mah-battery-6"},{"@type":"BreadcrumbList","@id":"https:\/\/mylionbattery.com\/product\/14-8v-5200mah-lithium-ion-battery-pack-76-96wh-for-medical-solar-and-outdoor-devices\/#breadcrumb","itemListElement":[{"@type":"ListItem","position":1,"name":"\u9996\u9875","item":"https:\/\/mylionbattery.com\/"},{"@type":"ListItem","position":2,"name":"Products","item":"https:\/\/mylionbattery.com\/products\/"},{"@type":"ListItem","position":3,"name":"14.8V 5200mAh Lithium ion Battery Pack 76.96Wh for Medical Solar and Outdoor Devices"}]},{"@type":"WebSite","@id":"https:\/\/mylionbattery.com\/#website","url":"https:\/\/mylionbattery.com\/","name":"Mylionbattery","description":"mylionbattery","publisher":{"@id":"https:\/\/mylionbattery.com\/#organization"},"potentialAction":[{"@type":"SearchAction","target":{"@type":"EntryPoint","urlTemplate":"https:\/\/mylionbattery.com\/?s={search_term_string}"},"query-input":{"@type":"PropertyValueSpecification","valueRequired":true,"valueName":"search_term_string"}}],"inLanguage":"fr-FR"},{"@type":"Organization","@id":"https:\/\/mylionbattery.com\/#organization","name":"Mylionbattery","url":"https:\/\/mylionbattery.com\/","logo":{"@type":"ImageObject","inLanguage":"fr-FR","@id":"https:\/\/mylionbattery.com\/#\/schema\/logo\/image\/","url":"http:\/\/mylionbattery.com\/wp-content\/uploads\/2024\/09\/\u767d\u5e95mylion-logo\u6b63\u65b9\u5f62.png","contentUrl":"http:\/\/mylionbattery.com\/wp-content\/uploads\/2024\/09\/\u767d\u5e95mylion-logo\u6b63\u65b9\u5f62.png","width":600,"height":600,"caption":"Mylionbattery"},"image":{"@id":"https:\/\/mylionbattery.com\/#\/schema\/logo\/image\/"}}]}},"_links":{"self":[{"href":"https:\/\/mylionbattery.com\/fr\/wp-json\/wp\/v2\/product\/1721","targetHints":{"allow":["GET"]}}],"collection":[{"href":"https:\/\/mylionbattery.com\/fr\/wp-json\/wp\/v2\/product"}],"about":[{"href":"https:\/\/mylionbattery.com\/fr\/wp-json\/wp\/v2\/types\/product"}],"version-history":[{"count":1,"href":"https:\/\/mylionbattery.com\/fr\/wp-json\/wp\/v2\/product\/1721\/revisions"}],"predecessor-version":[{"id":1737,"href":"https:\/\/mylionbattery.com\/fr\/wp-json\/wp\/v2\/product\/1721\/revisions\/1737"}],"wp:featuredmedia":[{"embeddable":true,"href":"https:\/\/mylionbattery.com\/fr\/wp-json\/wp\/v2\/media\/1735"}],"wp:attachment":[{"href":"https:\/\/mylionbattery.com\/fr\/wp-json\/wp\/v2\/media?parent=1721"}],"wp:term":[{"taxonomy":"product_brand","embeddable":true,"href":"https:\/\/mylionbattery.com\/fr\/wp-json\/wp\/v2\/product_brand?post=1721"},{"taxonomy":"product_cat","embeddable":true,"href":"https:\/\/mylionbattery.com\/fr\/wp-json\/wp\/v2\/product_cat?post=1721"},{"taxonomy":"product_tag","embeddable":true,"href":"https:\/\/mylionbattery.com\/fr\/wp-json\/wp\/v2\/product_tag?post=1721"}],"curies":[{"name":"wp","href":"https:\/\/api.w.org\/{rel}","templated":true}]}}