{"id":1839,"date":"2025-06-10T07:16:31","date_gmt":"2025-06-10T07:16:31","guid":{"rendered":"https:\/\/lightyellow-sardine-891901.hostingersite.com\/?post_type=product&#038;p=1839"},"modified":"2025-06-16T05:20:47","modified_gmt":"2025-06-16T05:20:47","slug":"high-cycle-life-3-7v-250mah-rechargeable-polymer-battery-for-wearables","status":"publish","type":"product","link":"https:\/\/mylionbattery.com\/fr\/produit\/high-cycle-life-3-7v-250mah-rechargeable-polymer-battery-for-wearables\/","title":{"rendered":"Batterie polym\u00e8re rechargeable \u00e0 cycle \u00e9lev\u00e9 3,7 V 250 mAh pour appareils portables"},"content":{"rendered":"<table width=\"2231\">\n<tbody>\n<tr>\n<td width=\"773\">Nom du produit<\/td>\n<td width=\"1458\">Batterie lithium polym\u00e8re 3,7 V 250 mAh 551245<\/td>\n<\/tr>\n<tr>\n<td>Nom du style<\/td>\n<td>3,7 V 250 mAh<\/td>\n<\/tr>\n<tr>\n<td>Capacit\u00e9 nominale<\/td>\n<td>250 mAh<\/td>\n<\/tr>\n<tr>\n<td>Tension nominale<\/td>\n<td>3,6 V<\/td>\n<\/tr>\n<tr>\n<td>Tension de charge maximale<\/td>\n<td>4,2 V<\/td>\n<\/tr>\n<tr>\n<td>Tension de coupure de d\u00e9charge<\/td>\n<td>3,0 V<\/td>\n<\/tr>\n<tr>\n<td>Courant de d\u00e9charge continu maximal<\/td>\n<td>250 mAh<\/td>\n<\/tr>\n<tr>\n<td>Courant de charge<\/td>\n<td>250 mAh<\/td>\n<\/tr>\n<tr>\n<td>Puissance de sortie<\/td>\n<td>0,925 Wh<\/td>\n<\/tr>\n<tr>\n<td>Port de charge (IN)<\/td>\n<td rowspan=\"2\">JST 2 broches ou Molex ou s\u00e9lectionn\u00e9<\/td>\n<\/tr>\n<tr>\n<td>Orifice de d\u00e9charge (OUT)<\/td>\n<\/tr>\n<tr>\n<td>Couleur PVC<\/td>\n<td>Argent<\/td>\n<\/tr>\n<tr>\n<td>Dimensions de la batterie<\/td>\n<td>L47,3 x l11,6 x H4,7 mm<\/td>\n<\/tr>\n<tr>\n<td>Poids<\/td>\n<td>environ 4,7 g<\/td>\n<\/tr>\n<tr>\n<td>Marque de la cellule de batterie<\/td>\n<td>Cellule de marque chinoise<\/td>\n<\/tr>\n<tr>\n<td>Protection de la batterie<\/td>\n<td>Surcharge et d\u00e9charge, surintensit\u00e9, court-circuit<\/td>\n<\/tr>\n<tr>\n<td>Cycle de vie<\/td>\n<td>capacit\u00e9 de charge et de d\u00e9charge standard \u2265 80% C5mAh, dur\u00e9e de vie du cycle \u2265 600<\/td>\n<\/tr>\n<tr>\n<td>Application<\/td>\n<td>Bluetooth et \u00e9lectronique grand public<\/td>\n<\/tr>\n<tr>\n<td>Emballer<\/td>\n<td>400 pi\u00e8ces dans un carton (35x21x30cm), environ 9 kg\/carton<\/td>\n<\/tr>\n<tr>\n<td>Garantie<\/td>\n<td>12 mois<\/td>\n<\/tr>\n<\/tbody>\n<\/table>\n<p><img data-dominant-color=\"bec7d9\" data-has-transparency=\"false\" style=\"--dominant-color: #bec7d9;\" fetchpriority=\"high\" decoding=\"async\" class=\"alignnone size-full wp-image-1847 not-transparent\" src=\"http:\/\/mylionbattery.com\/wp-content\/uploads\/2025\/06\/3.7V-250mAh-551245_01.webp\" alt=\"\" width=\"1500\" height=\"1908\" srcset=\"https:\/\/mylionbattery.com\/wp-content\/uploads\/2025\/06\/3.7V-250mAh-551245_01.webp 1500w, https:\/\/mylionbattery.com\/wp-content\/uploads\/2025\/06\/3.7V-250mAh-551245_01-236x300.webp 236w, https:\/\/mylionbattery.com\/wp-content\/uploads\/2025\/06\/3.7V-250mAh-551245_01-805x1024.webp 805w, https:\/\/mylionbattery.com\/wp-content\/uploads\/2025\/06\/3.7V-250mAh-551245_01-768x977.webp 768w, https:\/\/mylionbattery.com\/wp-content\/uploads\/2025\/06\/3.7V-250mAh-551245_01-1208x1536.webp 1208w, https:\/\/mylionbattery.com\/wp-content\/uploads\/2025\/06\/3.7V-250mAh-551245_01-9x12.webp 9w, https:\/\/mylionbattery.com\/wp-content\/uploads\/2025\/06\/3.7V-250mAh-551245_01-600x763.webp 600w\" sizes=\"(max-width: 1500px) 100vw, 1500px\" \/> <img data-dominant-color=\"e9ecee\" data-has-transparency=\"false\" style=\"--dominant-color: #e9ecee;\" decoding=\"async\" class=\"alignnone size-full wp-image-1848 not-transparent\" src=\"http:\/\/mylionbattery.com\/wp-content\/uploads\/2025\/06\/3.7V-250mAh-551245_02.webp\" alt=\"\" width=\"1500\" height=\"2149\" srcset=\"https:\/\/mylionbattery.com\/wp-content\/uploads\/2025\/06\/3.7V-250mAh-551245_02.webp 1500w, https:\/\/mylionbattery.com\/wp-content\/uploads\/2025\/06\/3.7V-250mAh-551245_02-209x300.webp 209w, https:\/\/mylionbattery.com\/wp-content\/uploads\/2025\/06\/3.7V-250mAh-551245_02-715x1024.webp 715w, https:\/\/mylionbattery.com\/wp-content\/uploads\/2025\/06\/3.7V-250mAh-551245_02-768x1100.webp 768w, https:\/\/mylionbattery.com\/wp-content\/uploads\/2025\/06\/3.7V-250mAh-551245_02-1072x1536.webp 1072w, https:\/\/mylionbattery.com\/wp-content\/uploads\/2025\/06\/3.7V-250mAh-551245_02-1430x2048.webp 1430w, https:\/\/mylionbattery.com\/wp-content\/uploads\/2025\/06\/3.7V-250mAh-551245_02-8x12.webp 8w, https:\/\/mylionbattery.com\/wp-content\/uploads\/2025\/06\/3.7V-250mAh-551245_02-600x860.webp 600w\" sizes=\"(max-width: 1500px) 100vw, 1500px\" \/> <img data-dominant-color=\"e7ecef\" data-has-transparency=\"false\" style=\"--dominant-color: #e7ecef;\" decoding=\"async\" class=\"alignnone size-full wp-image-1849 not-transparent\" src=\"http:\/\/mylionbattery.com\/wp-content\/uploads\/2025\/06\/3.7V-250mAh-551245_03.webp\" alt=\"\" width=\"1500\" height=\"1665\" srcset=\"https:\/\/mylionbattery.com\/wp-content\/uploads\/2025\/06\/3.7V-250mAh-551245_03.webp 1500w, https:\/\/mylionbattery.com\/wp-content\/uploads\/2025\/06\/3.7V-250mAh-551245_03-270x300.webp 270w, https:\/\/mylionbattery.com\/wp-content\/uploads\/2025\/06\/3.7V-250mAh-551245_03-923x1024.webp 923w, https:\/\/mylionbattery.com\/wp-content\/uploads\/2025\/06\/3.7V-250mAh-551245_03-768x852.webp 768w, https:\/\/mylionbattery.com\/wp-content\/uploads\/2025\/06\/3.7V-250mAh-551245_03-1384x1536.webp 1384w, https:\/\/mylionbattery.com\/wp-content\/uploads\/2025\/06\/3.7V-250mAh-551245_03-11x12.webp 11w, https:\/\/mylionbattery.com\/wp-content\/uploads\/2025\/06\/3.7V-250mAh-551245_03-600x666.webp 600w\" sizes=\"(max-width: 1500px) 100vw, 1500px\" \/> <img data-dominant-color=\"dee5ec\" data-has-transparency=\"false\" style=\"--dominant-color: #dee5ec;\" loading=\"lazy\" decoding=\"async\" class=\"alignnone size-full wp-image-1850 not-transparent\" src=\"http:\/\/mylionbattery.com\/wp-content\/uploads\/2025\/06\/3.7V-250mAh-551245_04.webp\" alt=\"\" width=\"1500\" height=\"1395\" srcset=\"https:\/\/mylionbattery.com\/wp-content\/uploads\/2025\/06\/3.7V-250mAh-551245_04.webp 1500w, https:\/\/mylionbattery.com\/wp-content\/uploads\/2025\/06\/3.7V-250mAh-551245_04-300x279.webp 300w, https:\/\/mylionbattery.com\/wp-content\/uploads\/2025\/06\/3.7V-250mAh-551245_04-1024x952.webp 1024w, https:\/\/mylionbattery.com\/wp-content\/uploads\/2025\/06\/3.7V-250mAh-551245_04-768x714.webp 768w, https:\/\/mylionbattery.com\/wp-content\/uploads\/2025\/06\/3.7V-250mAh-551245_04-13x12.webp 13w, https:\/\/mylionbattery.com\/wp-content\/uploads\/2025\/06\/3.7V-250mAh-551245_04-600x558.webp 600w\" sizes=\"(max-width: 1500px) 100vw, 1500px\" \/> <img data-dominant-color=\"dae5e9\" data-has-transparency=\"false\" style=\"--dominant-color: #dae5e9;\" loading=\"lazy\" decoding=\"async\" class=\"alignnone size-full wp-image-1851 not-transparent\" src=\"http:\/\/mylionbattery.com\/wp-content\/uploads\/2025\/06\/3.7V-250mAh-551245_05.webp\" alt=\"\" width=\"1500\" height=\"1182\" srcset=\"https:\/\/mylionbattery.com\/wp-content\/uploads\/2025\/06\/3.7V-250mAh-551245_05.webp 1500w, https:\/\/mylionbattery.com\/wp-content\/uploads\/2025\/06\/3.7V-250mAh-551245_05-300x236.webp 300w, https:\/\/mylionbattery.com\/wp-content\/uploads\/2025\/06\/3.7V-250mAh-551245_05-1024x807.webp 1024w, https:\/\/mylionbattery.com\/wp-content\/uploads\/2025\/06\/3.7V-250mAh-551245_05-768x605.webp 768w, https:\/\/mylionbattery.com\/wp-content\/uploads\/2025\/06\/3.7V-250mAh-551245_05-15x12.webp 15w, https:\/\/mylionbattery.com\/wp-content\/uploads\/2025\/06\/3.7V-250mAh-551245_05-600x473.webp 600w\" sizes=\"(max-width: 1500px) 100vw, 1500px\" \/> <img data-dominant-color=\"8b9096\" data-has-transparency=\"false\" style=\"--dominant-color: #8b9096;\" loading=\"lazy\" decoding=\"async\" class=\"alignnone size-full wp-image-1852 not-transparent\" src=\"http:\/\/mylionbattery.com\/wp-content\/uploads\/2025\/06\/3.7V-250mAh-551245_06.webp\" alt=\"\" width=\"1500\" height=\"1792\" srcset=\"https:\/\/mylionbattery.com\/wp-content\/uploads\/2025\/06\/3.7V-250mAh-551245_06.webp 1500w, https:\/\/mylionbattery.com\/wp-content\/uploads\/2025\/06\/3.7V-250mAh-551245_06-251x300.webp 251w, https:\/\/mylionbattery.com\/wp-content\/uploads\/2025\/06\/3.7V-250mAh-551245_06-857x1024.webp 857w, https:\/\/mylionbattery.com\/wp-content\/uploads\/2025\/06\/3.7V-250mAh-551245_06-768x918.webp 768w, https:\/\/mylionbattery.com\/wp-content\/uploads\/2025\/06\/3.7V-250mAh-551245_06-1286x1536.webp 1286w, https:\/\/mylionbattery.com\/wp-content\/uploads\/2025\/06\/3.7V-250mAh-551245_06-10x12.webp 10w, https:\/\/mylionbattery.com\/wp-content\/uploads\/2025\/06\/3.7V-250mAh-551245_06-600x717.webp 600w\" sizes=\"(max-width: 1500px) 100vw, 1500px\" \/> <img data-dominant-color=\"a7b1bc\" data-has-transparency=\"false\" style=\"--dominant-color: #a7b1bc;\" loading=\"lazy\" decoding=\"async\" class=\"alignnone size-full wp-image-1853 not-transparent\" src=\"http:\/\/mylionbattery.com\/wp-content\/uploads\/2025\/06\/3.7V-250mAh-551245_07.webp\" alt=\"\" width=\"1500\" height=\"1541\" srcset=\"https:\/\/mylionbattery.com\/wp-content\/uploads\/2025\/06\/3.7V-250mAh-551245_07.webp 1500w, https:\/\/mylionbattery.com\/wp-content\/uploads\/2025\/06\/3.7V-250mAh-551245_07-292x300.webp 292w, https:\/\/mylionbattery.com\/wp-content\/uploads\/2025\/06\/3.7V-250mAh-551245_07-997x1024.webp 997w, https:\/\/mylionbattery.com\/wp-content\/uploads\/2025\/06\/3.7V-250mAh-551245_07-768x789.webp 768w, https:\/\/mylionbattery.com\/wp-content\/uploads\/2025\/06\/3.7V-250mAh-551245_07-1495x1536.webp 1495w, https:\/\/mylionbattery.com\/wp-content\/uploads\/2025\/06\/3.7V-250mAh-551245_07-12x12.webp 12w, https:\/\/mylionbattery.com\/wp-content\/uploads\/2025\/06\/3.7V-250mAh-551245_07-600x616.webp 600w\" sizes=\"(max-width: 1500px) 100vw, 1500px\" \/><\/p>","protected":false},"excerpt":{"rendered":"<ul>\n<li data-start=\"981\" data-end=\"1011\">\n<p data-start=\"983\" data-end=\"1011\"><strong data-start=\"983\" data-end=\"1001\">Capacit\u00e9 nominale<\/strong>: 250 mAh<\/p>\n<\/li>\n<li data-start=\"1012\" data-end=\"1041\">\n<p data-start=\"1014\" data-end=\"1041\"><strong data-start=\"1014\" data-end=\"1033\">Tension nominale<\/strong>: 3,6 V<\/p>\n<\/li>\n<li data-start=\"1042\" data-end=\"1074\">\n<p data-start=\"1044\" data-end=\"1074\"><strong data-start=\"1044\" data-end=\"1066\">Tension de charge maximale<\/strong>: 4,2 V<\/p>\n<\/li>\n<li data-start=\"1075\" data-end=\"1114\">\n<p data-start=\"1077\" data-end=\"1114\"><strong data-start=\"1077\" data-end=\"1106\">Tension de d\u00e9charge de coupure<\/strong>: 3,0 V<\/p>\n<\/li>\n<li data-start=\"1115\" data-end=\"1158\">\n<p data-start=\"1117\" data-end=\"1158\"><strong data-start=\"1117\" data-end=\"1149\">Courant de d\u00e9charge continu<\/strong>: 250 mA<\/p>\n<\/li>\n<li data-start=\"1159\" data-end=\"1188\">\n<p data-start=\"1161\" data-end=\"1188\"><strong data-start=\"1161\" data-end=\"1179\">Courant de charge<\/strong>: 250 mA<\/p>\n<\/li>\n<li data-start=\"1189\" data-end=\"1216\">\n<p data-start=\"1191\" data-end=\"1216\"><strong data-start=\"1191\" data-end=\"1207\">Puissance de sortie<\/strong>: 3,7 Wh<\/p>\n<\/li>\n<\/ul>","protected":false},"featured_media":1843,"template":"","meta":[],"product_brand":[],"product_cat":[52],"product_tag":[76],"class_list":{"0":"post-1839","1":"product","2":"type-product","3":"status-publish","4":"has-post-thumbnail","6":"product_cat-lipo-battery","7":"product_tag-3-7v-250mah-551245","9":"first","10":"instock","11":"shipping-taxable","12":"product-type-simple"},"yoast_head":"<!-- This site is optimized with the Yoast SEO plugin v26.1.1 - https:\/\/yoast.com\/wordpress\/plugins\/seo\/ -->\n<title>High Cycle Life 3.7V 250mAh Rechargeable Polymer Battery for Wearables - mylionbattery<\/title>\n<meta name=\"description\" content=\"Discover Mylion Battery&#039;s innovative battery solutions, including mini UPS systems and lithium-ion batteries. Offering high-quality, customizable products designed with advanced technology to deliver exceptional performance and reliability for global markets.\" \/>\n<meta name=\"robots\" content=\"index, follow, max-snippet:-1, max-image-preview:large, max-video-preview:-1\" \/>\n<link rel=\"canonical\" href=\"https:\/\/mylionbattery.com\/fr\/produit\/high-cycle-life-3-7v-250mah-rechargeable-polymer-battery-for-wearables\/\" \/>\n<meta property=\"og:locale\" content=\"fr_FR\" \/>\n<meta property=\"og:type\" content=\"article\" \/>\n<meta property=\"og:title\" content=\"High Cycle Life 3.7V 250mAh Rechargeable Polymer Battery for Wearables - mylionbattery\" \/>\n<meta property=\"og:description\" content=\"Discover Mylion Battery&#039;s innovative battery solutions, including mini UPS systems and lithium-ion batteries. Offering high-quality, customizable products designed with advanced technology to deliver exceptional performance and reliability for global markets.\" \/>\n<meta property=\"og:url\" content=\"https:\/\/mylionbattery.com\/fr\/produit\/high-cycle-life-3-7v-250mah-rechargeable-polymer-battery-for-wearables\/\" \/>\n<meta property=\"og:site_name\" content=\"mylionbattery\" \/>\n<meta property=\"article:modified_time\" content=\"2025-06-16T05:20:47+00:00\" \/>\n<meta property=\"og:image\" content=\"https:\/\/mylionbattery.com\/wp-content\/uploads\/2025\/06\/3-7.webp\" \/>\n\t<meta property=\"og:image:width\" content=\"1000\" \/>\n\t<meta property=\"og:image:height\" content=\"1000\" \/>\n\t<meta property=\"og:image:type\" content=\"image\/jpeg\" \/>\n<meta name=\"twitter:card\" content=\"summary_large_image\" \/>\n<meta name=\"twitter:label1\" content=\"Dur\u00e9e de lecture estim\u00e9e\" \/>\n\t<meta name=\"twitter:data1\" content=\"3 minutes\" \/>\n<script type=\"application\/ld+json\" class=\"yoast-schema-graph\">{\"@context\":\"https:\/\/schema.org\",\"@graph\":[{\"@type\":\"WebPage\",\"@id\":\"https:\/\/mylionbattery.com\/product\/high-cycle-life-3-7v-250mah-rechargeable-polymer-battery-for-wearables\/\",\"url\":\"https:\/\/mylionbattery.com\/product\/high-cycle-life-3-7v-250mah-rechargeable-polymer-battery-for-wearables\/\",\"name\":\"High Cycle Life 3.7V 250mAh Rechargeable Polymer Battery for Wearables - mylionbattery\",\"isPartOf\":{\"@id\":\"https:\/\/mylionbattery.com\/#website\"},\"primaryImageOfPage\":{\"@id\":\"https:\/\/mylionbattery.com\/product\/high-cycle-life-3-7v-250mah-rechargeable-polymer-battery-for-wearables\/#primaryimage\"},\"image\":{\"@id\":\"https:\/\/mylionbattery.com\/product\/high-cycle-life-3-7v-250mah-rechargeable-polymer-battery-for-wearables\/#primaryimage\"},\"thumbnailUrl\":\"https:\/\/mylionbattery.com\/wp-content\/uploads\/2025\/06\/3-7.webp\",\"datePublished\":\"2025-06-10T07:16:31+00:00\",\"dateModified\":\"2025-06-16T05:20:47+00:00\",\"description\":\"Discover Mylion Battery's innovative battery solutions, including mini UPS systems and lithium-ion batteries. Offering high-quality, customizable products designed with advanced technology to deliver exceptional performance and reliability for global markets.\",\"breadcrumb\":{\"@id\":\"https:\/\/mylionbattery.com\/product\/high-cycle-life-3-7v-250mah-rechargeable-polymer-battery-for-wearables\/#breadcrumb\"},\"inLanguage\":\"fr-FR\",\"potentialAction\":[{\"@type\":\"ReadAction\",\"target\":[\"https:\/\/mylionbattery.com\/product\/high-cycle-life-3-7v-250mah-rechargeable-polymer-battery-for-wearables\/\"]}]},{\"@type\":\"ImageObject\",\"inLanguage\":\"fr-FR\",\"@id\":\"https:\/\/mylionbattery.com\/product\/high-cycle-life-3-7v-250mah-rechargeable-polymer-battery-for-wearables\/#primaryimage\",\"url\":\"https:\/\/mylionbattery.com\/wp-content\/uploads\/2025\/06\/3-7.webp\",\"contentUrl\":\"https:\/\/mylionbattery.com\/wp-content\/uploads\/2025\/06\/3-7.webp\",\"width\":1000,\"height\":1000},{\"@type\":\"BreadcrumbList\",\"@id\":\"https:\/\/mylionbattery.com\/product\/high-cycle-life-3-7v-250mah-rechargeable-polymer-battery-for-wearables\/#breadcrumb\",\"itemListElement\":[{\"@type\":\"ListItem\",\"position\":1,\"name\":\"\u9996\u9875\",\"item\":\"https:\/\/mylionbattery.com\/\"},{\"@type\":\"ListItem\",\"position\":2,\"name\":\"Products\",\"item\":\"https:\/\/mylionbattery.com\/products\/\"},{\"@type\":\"ListItem\",\"position\":3,\"name\":\"High Cycle Life 3.7V 250mAh Rechargeable Polymer Battery for Wearables\"}]},{\"@type\":\"WebSite\",\"@id\":\"https:\/\/mylionbattery.com\/#website\",\"url\":\"https:\/\/mylionbattery.com\/\",\"name\":\"Mylionbattery\",\"description\":\"mylionbattery\",\"publisher\":{\"@id\":\"https:\/\/mylionbattery.com\/#organization\"},\"potentialAction\":[{\"@type\":\"SearchAction\",\"target\":{\"@type\":\"EntryPoint\",\"urlTemplate\":\"https:\/\/mylionbattery.com\/?s={search_term_string}\"},\"query-input\":{\"@type\":\"PropertyValueSpecification\",\"valueRequired\":true,\"valueName\":\"search_term_string\"}}],\"inLanguage\":\"fr-FR\"},{\"@type\":\"Organization\",\"@id\":\"https:\/\/mylionbattery.com\/#organization\",\"name\":\"Mylionbattery\",\"url\":\"https:\/\/mylionbattery.com\/\",\"logo\":{\"@type\":\"ImageObject\",\"inLanguage\":\"fr-FR\",\"@id\":\"https:\/\/mylionbattery.com\/#\/schema\/logo\/image\/\",\"url\":\"http:\/\/mylionbattery.com\/wp-content\/uploads\/2024\/09\/\u767d\u5e95mylion-logo\u6b63\u65b9\u5f62.png\",\"contentUrl\":\"http:\/\/mylionbattery.com\/wp-content\/uploads\/2024\/09\/\u767d\u5e95mylion-logo\u6b63\u65b9\u5f62.png\",\"width\":600,\"height\":600,\"caption\":\"Mylionbattery\"},\"image\":{\"@id\":\"https:\/\/mylionbattery.com\/#\/schema\/logo\/image\/\"}}]}<\/script>\n<!-- \/ Yoast SEO plugin. -->","yoast_head_json":{"title":"High Cycle Life 3.7V 250mAh Rechargeable Polymer Battery for Wearables - mylionbattery","description":"Discover Mylion Battery's innovative battery solutions, including mini UPS systems and lithium-ion batteries. Offering high-quality, customizable products designed with advanced technology to deliver exceptional performance and reliability for global markets.","robots":{"index":"index","follow":"follow","max-snippet":"max-snippet:-1","max-image-preview":"max-image-preview:large","max-video-preview":"max-video-preview:-1"},"canonical":"https:\/\/mylionbattery.com\/fr\/produit\/high-cycle-life-3-7v-250mah-rechargeable-polymer-battery-for-wearables\/","og_locale":"fr_FR","og_type":"article","og_title":"High Cycle Life 3.7V 250mAh Rechargeable Polymer Battery for Wearables - mylionbattery","og_description":"Discover Mylion Battery's innovative battery solutions, including mini UPS systems and lithium-ion batteries. Offering high-quality, customizable products designed with advanced technology to deliver exceptional performance and reliability for global markets.","og_url":"https:\/\/mylionbattery.com\/fr\/produit\/high-cycle-life-3-7v-250mah-rechargeable-polymer-battery-for-wearables\/","og_site_name":"mylionbattery","article_modified_time":"2025-06-16T05:20:47+00:00","og_image":[{"width":1000,"height":1000,"url":"https:\/\/mylionbattery.com\/wp-content\/uploads\/2025\/06\/3-7.webp","type":"image\/jpeg"}],"twitter_card":"summary_large_image","twitter_misc":{"Dur\u00e9e de lecture estim\u00e9e":"3 minutes"},"schema":{"@context":"https:\/\/schema.org","@graph":[{"@type":"WebPage","@id":"https:\/\/mylionbattery.com\/product\/high-cycle-life-3-7v-250mah-rechargeable-polymer-battery-for-wearables\/","url":"https:\/\/mylionbattery.com\/product\/high-cycle-life-3-7v-250mah-rechargeable-polymer-battery-for-wearables\/","name":"High Cycle Life 3.7V 250mAh Rechargeable Polymer Battery for Wearables - mylionbattery","isPartOf":{"@id":"https:\/\/mylionbattery.com\/#website"},"primaryImageOfPage":{"@id":"https:\/\/mylionbattery.com\/product\/high-cycle-life-3-7v-250mah-rechargeable-polymer-battery-for-wearables\/#primaryimage"},"image":{"@id":"https:\/\/mylionbattery.com\/product\/high-cycle-life-3-7v-250mah-rechargeable-polymer-battery-for-wearables\/#primaryimage"},"thumbnailUrl":"https:\/\/mylionbattery.com\/wp-content\/uploads\/2025\/06\/3-7.webp","datePublished":"2025-06-10T07:16:31+00:00","dateModified":"2025-06-16T05:20:47+00:00","description":"Discover Mylion Battery's innovative battery solutions, including mini UPS systems and lithium-ion batteries. Offering high-quality, customizable products designed with advanced technology to deliver exceptional performance and reliability for global markets.","breadcrumb":{"@id":"https:\/\/mylionbattery.com\/product\/high-cycle-life-3-7v-250mah-rechargeable-polymer-battery-for-wearables\/#breadcrumb"},"inLanguage":"fr-FR","potentialAction":[{"@type":"ReadAction","target":["https:\/\/mylionbattery.com\/product\/high-cycle-life-3-7v-250mah-rechargeable-polymer-battery-for-wearables\/"]}]},{"@type":"ImageObject","inLanguage":"fr-FR","@id":"https:\/\/mylionbattery.com\/product\/high-cycle-life-3-7v-250mah-rechargeable-polymer-battery-for-wearables\/#primaryimage","url":"https:\/\/mylionbattery.com\/wp-content\/uploads\/2025\/06\/3-7.webp","contentUrl":"https:\/\/mylionbattery.com\/wp-content\/uploads\/2025\/06\/3-7.webp","width":1000,"height":1000},{"@type":"BreadcrumbList","@id":"https:\/\/mylionbattery.com\/product\/high-cycle-life-3-7v-250mah-rechargeable-polymer-battery-for-wearables\/#breadcrumb","itemListElement":[{"@type":"ListItem","position":1,"name":"\u9996\u9875","item":"https:\/\/mylionbattery.com\/"},{"@type":"ListItem","position":2,"name":"Products","item":"https:\/\/mylionbattery.com\/products\/"},{"@type":"ListItem","position":3,"name":"High Cycle Life 3.7V 250mAh Rechargeable Polymer Battery for Wearables"}]},{"@type":"WebSite","@id":"https:\/\/mylionbattery.com\/#website","url":"https:\/\/mylionbattery.com\/","name":"Mylionbattery","description":"mylionbattery","publisher":{"@id":"https:\/\/mylionbattery.com\/#organization"},"potentialAction":[{"@type":"SearchAction","target":{"@type":"EntryPoint","urlTemplate":"https:\/\/mylionbattery.com\/?s={search_term_string}"},"query-input":{"@type":"PropertyValueSpecification","valueRequired":true,"valueName":"search_term_string"}}],"inLanguage":"fr-FR"},{"@type":"Organization","@id":"https:\/\/mylionbattery.com\/#organization","name":"Mylionbattery","url":"https:\/\/mylionbattery.com\/","logo":{"@type":"ImageObject","inLanguage":"fr-FR","@id":"https:\/\/mylionbattery.com\/#\/schema\/logo\/image\/","url":"http:\/\/mylionbattery.com\/wp-content\/uploads\/2024\/09\/\u767d\u5e95mylion-logo\u6b63\u65b9\u5f62.png","contentUrl":"http:\/\/mylionbattery.com\/wp-content\/uploads\/2024\/09\/\u767d\u5e95mylion-logo\u6b63\u65b9\u5f62.png","width":600,"height":600,"caption":"Mylionbattery"},"image":{"@id":"https:\/\/mylionbattery.com\/#\/schema\/logo\/image\/"}}]}},"_links":{"self":[{"href":"https:\/\/mylionbattery.com\/fr\/wp-json\/wp\/v2\/product\/1839","targetHints":{"allow":["GET"]}}],"collection":[{"href":"https:\/\/mylionbattery.com\/fr\/wp-json\/wp\/v2\/product"}],"about":[{"href":"https:\/\/mylionbattery.com\/fr\/wp-json\/wp\/v2\/types\/product"}],"version-history":[{"count":2,"href":"https:\/\/mylionbattery.com\/fr\/wp-json\/wp\/v2\/product\/1839\/revisions"}],"predecessor-version":[{"id":2102,"href":"https:\/\/mylionbattery.com\/fr\/wp-json\/wp\/v2\/product\/1839\/revisions\/2102"}],"wp:featuredmedia":[{"embeddable":true,"href":"https:\/\/mylionbattery.com\/fr\/wp-json\/wp\/v2\/media\/1843"}],"wp:attachment":[{"href":"https:\/\/mylionbattery.com\/fr\/wp-json\/wp\/v2\/media?parent=1839"}],"wp:term":[{"taxonomy":"product_brand","embeddable":true,"href":"https:\/\/mylionbattery.com\/fr\/wp-json\/wp\/v2\/product_brand?post=1839"},{"taxonomy":"product_cat","embeddable":true,"href":"https:\/\/mylionbattery.com\/fr\/wp-json\/wp\/v2\/product_cat?post=1839"},{"taxonomy":"product_tag","embeddable":true,"href":"https:\/\/mylionbattery.com\/fr\/wp-json\/wp\/v2\/product_tag?post=1839"}],"curies":[{"name":"wp","href":"https:\/\/api.w.org\/{rel}","templated":true}]}}