{"id":1977,"date":"2025-06-12T07:19:51","date_gmt":"2025-06-12T07:19:51","guid":{"rendered":"https:\/\/lightyellow-sardine-891901.hostingersite.com\/?post_type=product&#038;p=1977"},"modified":"2025-07-18T02:14:34","modified_gmt":"2025-07-18T02:14:34","slug":"high-capacity-3-7v-700mah-lithium-polymer-battery-803030-for-portable-electronics","status":"publish","type":"product","link":"https:\/\/mylionbattery.com\/fr\/produit\/high-capacity-3-7v-700mah-lithium-polymer-battery-803030-for-portable-electronics\/","title":{"rendered":"Batterie lithium-polym\u00e8re haute capacit\u00e9 3,7 V 700 mAh 803030 pour appareils \u00e9lectroniques portables"},"content":{"rendered":"<table width=\"1715\">\n<tbody>\n<tr>\n<td width=\"679\">Nom du produit<\/td>\n<td width=\"1036\">Batterie lithium polym\u00e8re 3,7 V 700 mAh 803030<\/td>\n<\/tr>\n<tr>\n<td>Nom du style<\/td>\n<td>3,7 V 700 mAh<\/td>\n<\/tr>\n<tr>\n<td>Capacit\u00e9 nominale<\/td>\n<td>700 mAh<\/td>\n<\/tr>\n<tr>\n<td>Tension nominale<\/td>\n<td>3,6 V<\/td>\n<\/tr>\n<tr>\n<td>Tension de charge maximale<\/td>\n<td>4,2 V<\/td>\n<\/tr>\n<tr>\n<td>Tension de coupure de d\u00e9charge<\/td>\n<td>3,0 V<\/td>\n<\/tr>\n<tr>\n<td>Courant de d\u00e9charge continu maximal<\/td>\n<td>700 mAh<\/td>\n<\/tr>\n<tr>\n<td>Courant de charge<\/td>\n<td>700 mAh<\/td>\n<\/tr>\n<tr>\n<td>Puissance de sortie<\/td>\n<td>2,59 Wh<\/td>\n<\/tr>\n<tr>\n<td>Port de charge (IN)<\/td>\n<td rowspan=\"2\">JST 2 broches ou Molex ou s\u00e9lectionn\u00e9<\/td>\n<\/tr>\n<tr>\n<td>Orifice de d\u00e9charge (OUT)<\/td>\n<\/tr>\n<tr>\n<td>Couleur PVC<\/td>\n<td>Argent<\/td>\n<\/tr>\n<tr>\n<td>Dimensions de la batterie<\/td>\n<td>L32,7 x l29,7 x H7,7 mm<\/td>\n<\/tr>\n<tr>\n<td>Poids<\/td>\n<td>environ 13,1 g<\/td>\n<\/tr>\n<tr>\n<td>Marque de la cellule de batterie<\/td>\n<td>Cellule de marque chinoise<\/td>\n<\/tr>\n<tr>\n<td>Protection de la batterie<\/td>\n<td>Surcharge et d\u00e9charge, surintensit\u00e9, court-circuit<\/td>\n<\/tr>\n<tr>\n<td>Cycle de vie<\/td>\n<td>capacit\u00e9 de charge et de d\u00e9charge standard \u2265 80% C5mAh, dur\u00e9e de vie du cycle \u2265 600<\/td>\n<\/tr>\n<tr>\n<td>Application<\/td>\n<td>Bluetooth et \u00e9lectronique grand public<\/td>\n<\/tr>\n<tr>\n<td>Emballer<\/td>\n<td>400 pi\u00e8ces dans un carton (35x21x30cm), environ 9 kg\/carton<\/td>\n<\/tr>\n<tr>\n<td>Garantie<\/td>\n<td>12 mois<\/td>\n<\/tr>\n<\/tbody>\n<\/table>\n<p><img data-dominant-color=\"abb5c9\" data-has-transparency=\"false\" style=\"--dominant-color: #abb5c9;\" fetchpriority=\"high\" decoding=\"async\" class=\"alignnone size-full wp-image-1984 not-transparent\" src=\"http:\/\/mylionbattery.com\/wp-content\/uploads\/2025\/06\/3_01.webp\" alt=\"\" width=\"1500\" height=\"1528\" srcset=\"https:\/\/mylionbattery.com\/wp-content\/uploads\/2025\/06\/3_01.webp 1500w, https:\/\/mylionbattery.com\/wp-content\/uploads\/2025\/06\/3_01-295x300.webp 295w, https:\/\/mylionbattery.com\/wp-content\/uploads\/2025\/06\/3_01-1005x1024.webp 1005w, https:\/\/mylionbattery.com\/wp-content\/uploads\/2025\/06\/3_01-768x782.webp 768w, https:\/\/mylionbattery.com\/wp-content\/uploads\/2025\/06\/3_01-12x12.webp 12w, https:\/\/mylionbattery.com\/wp-content\/uploads\/2025\/06\/3_01-600x611.webp 600w\" sizes=\"(max-width: 1500px) 100vw, 1500px\" \/> <img data-dominant-color=\"ebedec\" data-has-transparency=\"false\" style=\"--dominant-color: #ebedec;\" decoding=\"async\" class=\"alignnone wp-image-1985 not-transparent\" src=\"http:\/\/mylionbattery.com\/wp-content\/uploads\/2025\/06\/3_02-scaled.webp\" alt=\"\" width=\"1496\" height=\"2789\" srcset=\"https:\/\/mylionbattery.com\/wp-content\/uploads\/2025\/06\/3_02-scaled.webp 1373w, https:\/\/mylionbattery.com\/wp-content\/uploads\/2025\/06\/3_02-161x300.webp 161w, https:\/\/mylionbattery.com\/wp-content\/uploads\/2025\/06\/3_02-549x1024.webp 549w, https:\/\/mylionbattery.com\/wp-content\/uploads\/2025\/06\/3_02-768x1432.webp 768w, https:\/\/mylionbattery.com\/wp-content\/uploads\/2025\/06\/3_02-824x1536.webp 824w, https:\/\/mylionbattery.com\/wp-content\/uploads\/2025\/06\/3_02-1098x2048.webp 1098w, https:\/\/mylionbattery.com\/wp-content\/uploads\/2025\/06\/3_02-6x12.webp 6w, https:\/\/mylionbattery.com\/wp-content\/uploads\/2025\/06\/3_02-600x1119.webp 600w\" sizes=\"(max-width: 1496px) 100vw, 1496px\" \/> <img data-dominant-color=\"e1e7eb\" data-has-transparency=\"false\" style=\"--dominant-color: #e1e7eb;\" decoding=\"async\" class=\"alignnone size-full wp-image-1986 not-transparent\" src=\"http:\/\/mylionbattery.com\/wp-content\/uploads\/2025\/06\/3_03.webp\" alt=\"\" width=\"1500\" height=\"1626\" srcset=\"https:\/\/mylionbattery.com\/wp-content\/uploads\/2025\/06\/3_03.webp 1500w, https:\/\/mylionbattery.com\/wp-content\/uploads\/2025\/06\/3_03-277x300.webp 277w, https:\/\/mylionbattery.com\/wp-content\/uploads\/2025\/06\/3_03-945x1024.webp 945w, https:\/\/mylionbattery.com\/wp-content\/uploads\/2025\/06\/3_03-768x833.webp 768w, https:\/\/mylionbattery.com\/wp-content\/uploads\/2025\/06\/3_03-1417x1536.webp 1417w, https:\/\/mylionbattery.com\/wp-content\/uploads\/2025\/06\/3_03-11x12.webp 11w, https:\/\/mylionbattery.com\/wp-content\/uploads\/2025\/06\/3_03-600x650.webp 600w\" sizes=\"(max-width: 1500px) 100vw, 1500px\" \/> <img data-dominant-color=\"d8e4eb\" data-has-transparency=\"false\" style=\"--dominant-color: #d8e4eb;\" loading=\"lazy\" decoding=\"async\" class=\"alignnone size-full wp-image-1987 not-transparent\" src=\"http:\/\/mylionbattery.com\/wp-content\/uploads\/2025\/06\/3_04-scaled.webp\" alt=\"\" width=\"1325\" height=\"2560\" srcset=\"https:\/\/mylionbattery.com\/wp-content\/uploads\/2025\/06\/3_04-scaled.webp 1325w, https:\/\/mylionbattery.com\/wp-content\/uploads\/2025\/06\/3_04-155x300.webp 155w, https:\/\/mylionbattery.com\/wp-content\/uploads\/2025\/06\/3_04-530x1024.webp 530w, https:\/\/mylionbattery.com\/wp-content\/uploads\/2025\/06\/3_04-768x1484.webp 768w, https:\/\/mylionbattery.com\/wp-content\/uploads\/2025\/06\/3_04-795x1536.webp 795w, https:\/\/mylionbattery.com\/wp-content\/uploads\/2025\/06\/3_04-1060x2048.webp 1060w, https:\/\/mylionbattery.com\/wp-content\/uploads\/2025\/06\/3_04-6x12.webp 6w, https:\/\/mylionbattery.com\/wp-content\/uploads\/2025\/06\/3_04-600x1160.webp 600w\" sizes=\"(max-width: 1325px) 100vw, 1325px\" \/> <img data-dominant-color=\"cddeea\" data-has-transparency=\"false\" style=\"--dominant-color: #cddeea;\" loading=\"lazy\" decoding=\"async\" class=\"alignnone size-full wp-image-1988 not-transparent\" src=\"http:\/\/mylionbattery.com\/wp-content\/uploads\/2025\/06\/3_05.webp\" alt=\"\" width=\"1500\" height=\"1591\" srcset=\"https:\/\/mylionbattery.com\/wp-content\/uploads\/2025\/06\/3_05.webp 1500w, https:\/\/mylionbattery.com\/wp-content\/uploads\/2025\/06\/3_05-283x300.webp 283w, https:\/\/mylionbattery.com\/wp-content\/uploads\/2025\/06\/3_05-965x1024.webp 965w, https:\/\/mylionbattery.com\/wp-content\/uploads\/2025\/06\/3_05-768x815.webp 768w, https:\/\/mylionbattery.com\/wp-content\/uploads\/2025\/06\/3_05-1448x1536.webp 1448w, https:\/\/mylionbattery.com\/wp-content\/uploads\/2025\/06\/3_05-11x12.webp 11w, https:\/\/mylionbattery.com\/wp-content\/uploads\/2025\/06\/3_05-600x636.webp 600w\" sizes=\"(max-width: 1500px) 100vw, 1500px\" \/> <img data-dominant-color=\"a2acb7\" data-has-transparency=\"false\" style=\"--dominant-color: #a2acb7;\" loading=\"lazy\" decoding=\"async\" class=\"alignnone size-full wp-image-1989 not-transparent\" src=\"http:\/\/mylionbattery.com\/wp-content\/uploads\/2025\/06\/3_06.webp\" alt=\"\" width=\"1500\" height=\"1541\" srcset=\"https:\/\/mylionbattery.com\/wp-content\/uploads\/2025\/06\/3_06.webp 1500w, https:\/\/mylionbattery.com\/wp-content\/uploads\/2025\/06\/3_06-292x300.webp 292w, https:\/\/mylionbattery.com\/wp-content\/uploads\/2025\/06\/3_06-997x1024.webp 997w, https:\/\/mylionbattery.com\/wp-content\/uploads\/2025\/06\/3_06-768x789.webp 768w, https:\/\/mylionbattery.com\/wp-content\/uploads\/2025\/06\/3_06-1495x1536.webp 1495w, https:\/\/mylionbattery.com\/wp-content\/uploads\/2025\/06\/3_06-12x12.webp 12w, https:\/\/mylionbattery.com\/wp-content\/uploads\/2025\/06\/3_06-600x616.webp 600w\" sizes=\"(max-width: 1500px) 100vw, 1500px\" \/><\/p>","protected":false},"excerpt":{"rendered":"<ul>\n<li data-start=\"208\" data-end=\"253\">\n<p data-start=\"210\" data-end=\"253\"><strong data-start=\"210\" data-end=\"219\">Mod\u00e8le<\/strong>: Batterie lithium polym\u00e8re 803030<\/p>\n<\/li>\n<li data-start=\"254\" data-end=\"283\">\n<p data-start=\"256\" data-end=\"283\"><strong data-start=\"256\" data-end=\"275\">Tension nominale<\/strong>: 3,7 V<\/p>\n<\/li>\n<li data-start=\"284\" data-end=\"352\">\n<p data-start=\"286\" data-end=\"352\"><strong data-start=\"286\" data-end=\"298\">Capacit\u00e9<\/strong>: 700 mAh, con\u00e7u pour les appareils portables de puissance moyenne<\/p>\n<\/li>\n<li data-start=\"353\" data-end=\"451\">\n<p data-start=\"355\" data-end=\"383\"><strong data-start=\"355\" data-end=\"380\">Sp\u00e9cifications de charge<\/strong>:<\/p>\n<ul data-start=\"488\" data-end=\"559\">\n<li data-start=\"386\" data-end=\"414\">\n<p data-start=\"388\" data-end=\"414\">Tension de charge maximale : 4,2 V<\/p>\n<\/li>\n<li data-start=\"417\" data-end=\"451\">\n<p data-start=\"419\" data-end=\"451\">Courant de charge standard : 700 mA<\/p>\n<\/li>\n<\/ul>\n<\/li>\n<\/ul>","protected":false},"featured_media":1978,"template":"","meta":[],"product_brand":[],"product_cat":[52],"product_tag":[84],"class_list":{"0":"post-1977","1":"product","2":"type-product","3":"status-publish","4":"has-post-thumbnail","6":"product_cat-lipo-battery","7":"product_tag-3-7v-700mah-803030","9":"first","10":"instock","11":"shipping-taxable","12":"product-type-simple"},"yoast_head":"<!-- This site is optimized with the Yoast SEO plugin v26.1.1 - https:\/\/yoast.com\/wordpress\/plugins\/seo\/ -->\n<title>High-Capacity 3.7V 700mAh Lithium Polymer Battery 803030 for Portable Electronics - mylionbattery<\/title>\n<meta name=\"description\" content=\"Discover Mylion Battery&#039;s innovative battery solutions, including mini UPS systems and lithium-ion batteries. Offering high-quality, customizable products designed with advanced technology to deliver exceptional performance and reliability for global markets.\" \/>\n<meta name=\"robots\" content=\"index, follow, max-snippet:-1, max-image-preview:large, max-video-preview:-1\" \/>\n<link rel=\"canonical\" href=\"https:\/\/mylionbattery.com\/fr\/produit\/high-capacity-3-7v-700mah-lithium-polymer-battery-803030-for-portable-electronics\/\" \/>\n<meta property=\"og:locale\" content=\"fr_FR\" \/>\n<meta property=\"og:type\" content=\"article\" \/>\n<meta property=\"og:title\" content=\"High-Capacity 3.7V 700mAh Lithium Polymer Battery 803030 for Portable Electronics - mylionbattery\" \/>\n<meta property=\"og:description\" content=\"Discover Mylion Battery&#039;s innovative battery solutions, including mini UPS systems and lithium-ion batteries. Offering high-quality, customizable products designed with advanced technology to deliver exceptional performance and reliability for global markets.\" \/>\n<meta property=\"og:url\" content=\"https:\/\/mylionbattery.com\/fr\/produit\/high-capacity-3-7v-700mah-lithium-polymer-battery-803030-for-portable-electronics\/\" \/>\n<meta property=\"og:site_name\" content=\"mylionbattery\" \/>\n<meta property=\"article:modified_time\" content=\"2025-07-18T02:14:34+00:00\" \/>\n<meta property=\"og:image\" content=\"https:\/\/mylionbattery.com\/wp-content\/uploads\/2025\/06\/1-15.webp\" \/>\n\t<meta property=\"og:image:width\" content=\"1000\" \/>\n\t<meta property=\"og:image:height\" content=\"1000\" \/>\n\t<meta property=\"og:image:type\" content=\"image\/jpeg\" \/>\n<meta name=\"twitter:card\" content=\"summary_large_image\" \/>\n<meta name=\"twitter:label1\" content=\"Dur\u00e9e de lecture estim\u00e9e\" \/>\n\t<meta name=\"twitter:data1\" content=\"2 minutes\" \/>\n<script type=\"application\/ld+json\" class=\"yoast-schema-graph\">{\"@context\":\"https:\/\/schema.org\",\"@graph\":[{\"@type\":\"WebPage\",\"@id\":\"https:\/\/mylionbattery.com\/product\/high-capacity-3-7v-700mah-lithium-polymer-battery-803030-for-portable-electronics\/\",\"url\":\"https:\/\/mylionbattery.com\/product\/high-capacity-3-7v-700mah-lithium-polymer-battery-803030-for-portable-electronics\/\",\"name\":\"High-Capacity 3.7V 700mAh Lithium Polymer Battery 803030 for Portable Electronics - mylionbattery\",\"isPartOf\":{\"@id\":\"https:\/\/mylionbattery.com\/#website\"},\"primaryImageOfPage\":{\"@id\":\"https:\/\/mylionbattery.com\/product\/high-capacity-3-7v-700mah-lithium-polymer-battery-803030-for-portable-electronics\/#primaryimage\"},\"image\":{\"@id\":\"https:\/\/mylionbattery.com\/product\/high-capacity-3-7v-700mah-lithium-polymer-battery-803030-for-portable-electronics\/#primaryimage\"},\"thumbnailUrl\":\"https:\/\/mylionbattery.com\/wp-content\/uploads\/2025\/06\/1-15.webp\",\"datePublished\":\"2025-06-12T07:19:51+00:00\",\"dateModified\":\"2025-07-18T02:14:34+00:00\",\"description\":\"Discover Mylion Battery's innovative battery solutions, including mini UPS systems and lithium-ion batteries. Offering high-quality, customizable products designed with advanced technology to deliver exceptional performance and reliability for global markets.\",\"breadcrumb\":{\"@id\":\"https:\/\/mylionbattery.com\/product\/high-capacity-3-7v-700mah-lithium-polymer-battery-803030-for-portable-electronics\/#breadcrumb\"},\"inLanguage\":\"fr-FR\",\"potentialAction\":[{\"@type\":\"ReadAction\",\"target\":[\"https:\/\/mylionbattery.com\/product\/high-capacity-3-7v-700mah-lithium-polymer-battery-803030-for-portable-electronics\/\"]}]},{\"@type\":\"ImageObject\",\"inLanguage\":\"fr-FR\",\"@id\":\"https:\/\/mylionbattery.com\/product\/high-capacity-3-7v-700mah-lithium-polymer-battery-803030-for-portable-electronics\/#primaryimage\",\"url\":\"https:\/\/mylionbattery.com\/wp-content\/uploads\/2025\/06\/1-15.webp\",\"contentUrl\":\"https:\/\/mylionbattery.com\/wp-content\/uploads\/2025\/06\/1-15.webp\",\"width\":1000,\"height\":1000,\"caption\":\"3.7V 700mAh 803030\"},{\"@type\":\"BreadcrumbList\",\"@id\":\"https:\/\/mylionbattery.com\/product\/high-capacity-3-7v-700mah-lithium-polymer-battery-803030-for-portable-electronics\/#breadcrumb\",\"itemListElement\":[{\"@type\":\"ListItem\",\"position\":1,\"name\":\"\u9996\u9875\",\"item\":\"https:\/\/mylionbattery.com\/\"},{\"@type\":\"ListItem\",\"position\":2,\"name\":\"Products\",\"item\":\"https:\/\/mylionbattery.com\/products\/\"},{\"@type\":\"ListItem\",\"position\":3,\"name\":\"High-Capacity 3.7V 700mAh Lithium Polymer Battery 803030 for Portable Electronics\"}]},{\"@type\":\"WebSite\",\"@id\":\"https:\/\/mylionbattery.com\/#website\",\"url\":\"https:\/\/mylionbattery.com\/\",\"name\":\"Mylionbattery\",\"description\":\"mylionbattery\",\"publisher\":{\"@id\":\"https:\/\/mylionbattery.com\/#organization\"},\"potentialAction\":[{\"@type\":\"SearchAction\",\"target\":{\"@type\":\"EntryPoint\",\"urlTemplate\":\"https:\/\/mylionbattery.com\/?s={search_term_string}\"},\"query-input\":{\"@type\":\"PropertyValueSpecification\",\"valueRequired\":true,\"valueName\":\"search_term_string\"}}],\"inLanguage\":\"fr-FR\"},{\"@type\":\"Organization\",\"@id\":\"https:\/\/mylionbattery.com\/#organization\",\"name\":\"Mylionbattery\",\"url\":\"https:\/\/mylionbattery.com\/\",\"logo\":{\"@type\":\"ImageObject\",\"inLanguage\":\"fr-FR\",\"@id\":\"https:\/\/mylionbattery.com\/#\/schema\/logo\/image\/\",\"url\":\"http:\/\/mylionbattery.com\/wp-content\/uploads\/2024\/09\/\u767d\u5e95mylion-logo\u6b63\u65b9\u5f62.png\",\"contentUrl\":\"http:\/\/mylionbattery.com\/wp-content\/uploads\/2024\/09\/\u767d\u5e95mylion-logo\u6b63\u65b9\u5f62.png\",\"width\":600,\"height\":600,\"caption\":\"Mylionbattery\"},\"image\":{\"@id\":\"https:\/\/mylionbattery.com\/#\/schema\/logo\/image\/\"}}]}<\/script>\n<!-- \/ Yoast SEO plugin. -->","yoast_head_json":{"title":"High-Capacity 3.7V 700mAh Lithium Polymer Battery 803030 for Portable Electronics - mylionbattery","description":"Discover Mylion Battery's innovative battery solutions, including mini UPS systems and lithium-ion batteries. Offering high-quality, customizable products designed with advanced technology to deliver exceptional performance and reliability for global markets.","robots":{"index":"index","follow":"follow","max-snippet":"max-snippet:-1","max-image-preview":"max-image-preview:large","max-video-preview":"max-video-preview:-1"},"canonical":"https:\/\/mylionbattery.com\/fr\/produit\/high-capacity-3-7v-700mah-lithium-polymer-battery-803030-for-portable-electronics\/","og_locale":"fr_FR","og_type":"article","og_title":"High-Capacity 3.7V 700mAh Lithium Polymer Battery 803030 for Portable Electronics - mylionbattery","og_description":"Discover Mylion Battery's innovative battery solutions, including mini UPS systems and lithium-ion batteries. Offering high-quality, customizable products designed with advanced technology to deliver exceptional performance and reliability for global markets.","og_url":"https:\/\/mylionbattery.com\/fr\/produit\/high-capacity-3-7v-700mah-lithium-polymer-battery-803030-for-portable-electronics\/","og_site_name":"mylionbattery","article_modified_time":"2025-07-18T02:14:34+00:00","og_image":[{"width":1000,"height":1000,"url":"https:\/\/mylionbattery.com\/wp-content\/uploads\/2025\/06\/1-15.webp","type":"image\/jpeg"}],"twitter_card":"summary_large_image","twitter_misc":{"Dur\u00e9e de lecture estim\u00e9e":"2 minutes"},"schema":{"@context":"https:\/\/schema.org","@graph":[{"@type":"WebPage","@id":"https:\/\/mylionbattery.com\/product\/high-capacity-3-7v-700mah-lithium-polymer-battery-803030-for-portable-electronics\/","url":"https:\/\/mylionbattery.com\/product\/high-capacity-3-7v-700mah-lithium-polymer-battery-803030-for-portable-electronics\/","name":"High-Capacity 3.7V 700mAh Lithium Polymer Battery 803030 for Portable Electronics - mylionbattery","isPartOf":{"@id":"https:\/\/mylionbattery.com\/#website"},"primaryImageOfPage":{"@id":"https:\/\/mylionbattery.com\/product\/high-capacity-3-7v-700mah-lithium-polymer-battery-803030-for-portable-electronics\/#primaryimage"},"image":{"@id":"https:\/\/mylionbattery.com\/product\/high-capacity-3-7v-700mah-lithium-polymer-battery-803030-for-portable-electronics\/#primaryimage"},"thumbnailUrl":"https:\/\/mylionbattery.com\/wp-content\/uploads\/2025\/06\/1-15.webp","datePublished":"2025-06-12T07:19:51+00:00","dateModified":"2025-07-18T02:14:34+00:00","description":"Discover Mylion Battery's innovative battery solutions, including mini UPS systems and lithium-ion batteries. Offering high-quality, customizable products designed with advanced technology to deliver exceptional performance and reliability for global markets.","breadcrumb":{"@id":"https:\/\/mylionbattery.com\/product\/high-capacity-3-7v-700mah-lithium-polymer-battery-803030-for-portable-electronics\/#breadcrumb"},"inLanguage":"fr-FR","potentialAction":[{"@type":"ReadAction","target":["https:\/\/mylionbattery.com\/product\/high-capacity-3-7v-700mah-lithium-polymer-battery-803030-for-portable-electronics\/"]}]},{"@type":"ImageObject","inLanguage":"fr-FR","@id":"https:\/\/mylionbattery.com\/product\/high-capacity-3-7v-700mah-lithium-polymer-battery-803030-for-portable-electronics\/#primaryimage","url":"https:\/\/mylionbattery.com\/wp-content\/uploads\/2025\/06\/1-15.webp","contentUrl":"https:\/\/mylionbattery.com\/wp-content\/uploads\/2025\/06\/1-15.webp","width":1000,"height":1000,"caption":"3.7V 700mAh 803030"},{"@type":"BreadcrumbList","@id":"https:\/\/mylionbattery.com\/product\/high-capacity-3-7v-700mah-lithium-polymer-battery-803030-for-portable-electronics\/#breadcrumb","itemListElement":[{"@type":"ListItem","position":1,"name":"\u9996\u9875","item":"https:\/\/mylionbattery.com\/"},{"@type":"ListItem","position":2,"name":"Products","item":"https:\/\/mylionbattery.com\/products\/"},{"@type":"ListItem","position":3,"name":"High-Capacity 3.7V 700mAh Lithium Polymer Battery 803030 for Portable Electronics"}]},{"@type":"WebSite","@id":"https:\/\/mylionbattery.com\/#website","url":"https:\/\/mylionbattery.com\/","name":"Mylionbattery","description":"mylionbattery","publisher":{"@id":"https:\/\/mylionbattery.com\/#organization"},"potentialAction":[{"@type":"SearchAction","target":{"@type":"EntryPoint","urlTemplate":"https:\/\/mylionbattery.com\/?s={search_term_string}"},"query-input":{"@type":"PropertyValueSpecification","valueRequired":true,"valueName":"search_term_string"}}],"inLanguage":"fr-FR"},{"@type":"Organization","@id":"https:\/\/mylionbattery.com\/#organization","name":"Mylionbattery","url":"https:\/\/mylionbattery.com\/","logo":{"@type":"ImageObject","inLanguage":"fr-FR","@id":"https:\/\/mylionbattery.com\/#\/schema\/logo\/image\/","url":"http:\/\/mylionbattery.com\/wp-content\/uploads\/2024\/09\/\u767d\u5e95mylion-logo\u6b63\u65b9\u5f62.png","contentUrl":"http:\/\/mylionbattery.com\/wp-content\/uploads\/2024\/09\/\u767d\u5e95mylion-logo\u6b63\u65b9\u5f62.png","width":600,"height":600,"caption":"Mylionbattery"},"image":{"@id":"https:\/\/mylionbattery.com\/#\/schema\/logo\/image\/"}}]}},"_links":{"self":[{"href":"https:\/\/mylionbattery.com\/fr\/wp-json\/wp\/v2\/product\/1977","targetHints":{"allow":["GET"]}}],"collection":[{"href":"https:\/\/mylionbattery.com\/fr\/wp-json\/wp\/v2\/product"}],"about":[{"href":"https:\/\/mylionbattery.com\/fr\/wp-json\/wp\/v2\/types\/product"}],"version-history":[{"count":3,"href":"https:\/\/mylionbattery.com\/fr\/wp-json\/wp\/v2\/product\/1977\/revisions"}],"predecessor-version":[{"id":2109,"href":"https:\/\/mylionbattery.com\/fr\/wp-json\/wp\/v2\/product\/1977\/revisions\/2109"}],"wp:featuredmedia":[{"embeddable":true,"href":"https:\/\/mylionbattery.com\/fr\/wp-json\/wp\/v2\/media\/1978"}],"wp:attachment":[{"href":"https:\/\/mylionbattery.com\/fr\/wp-json\/wp\/v2\/media?parent=1977"}],"wp:term":[{"taxonomy":"product_brand","embeddable":true,"href":"https:\/\/mylionbattery.com\/fr\/wp-json\/wp\/v2\/product_brand?post=1977"},{"taxonomy":"product_cat","embeddable":true,"href":"https:\/\/mylionbattery.com\/fr\/wp-json\/wp\/v2\/product_cat?post=1977"},{"taxonomy":"product_tag","embeddable":true,"href":"https:\/\/mylionbattery.com\/fr\/wp-json\/wp\/v2\/product_tag?post=1977"}],"curies":[{"name":"wp","href":"https:\/\/api.w.org\/{rel}","templated":true}]}}