{"id":2336,"date":"2025-07-01T07:28:59","date_gmt":"2025-07-01T07:28:59","guid":{"rendered":"https:\/\/lightyellow-sardine-891901.hostingersite.com\/?post_type=product&#038;p=2336"},"modified":"2025-07-16T03:07:43","modified_gmt":"2025-07-16T03:07:43","slug":"high-performance-11-1v-3000mah-lithium-polymer-battery-blue-pvc-case-ideal-for-bluetooth-consumer-electronics","status":"publish","type":"product","link":"https:\/\/mylionbattery.com\/fr\/produit\/high-performance-11-1v-3000mah-lithium-polymer-battery-blue-pvc-case-ideal-for-bluetooth-consumer-electronics\/","title":{"rendered":"Batterie lithium-polym\u00e8re haute performance 11,1 V 3000 mAh | Bo\u00eetier en PVC bleu | Id\u00e9ale pour Bluetooth et l&#039;\u00e9lectronique grand public"},"content":{"rendered":"<table style=\"height: 759px;\" width=\"1566\">\n<tbody>\n<tr>\n<td width=\"552\">Nom du produit<\/td>\n<td width=\"1063\">Batterie lithium-polym\u00e8re 11,1 V 3000 mAh 504590<\/td>\n<\/tr>\n<tr>\n<td>Nom du style<\/td>\n<td>11,1 V 3000 mAh<\/td>\n<\/tr>\n<tr>\n<td>Capacit\u00e9 nominale<\/td>\n<td>3000 mAh<\/td>\n<\/tr>\n<tr>\n<td>Tension nominale<\/td>\n<td>11,1 V<\/td>\n<\/tr>\n<tr>\n<td>Tension de charge maximale<\/td>\n<td>11,1 V<\/td>\n<\/tr>\n<tr>\n<td>Tension de coupure de d\u00e9charge<\/td>\n<td>9V<\/td>\n<\/tr>\n<tr>\n<td>Courant de d\u00e9charge continu maximal<\/td>\n<td>1A<\/td>\n<\/tr>\n<tr>\n<td>Courant de charge<\/td>\n<td>3000 mAh<\/td>\n<\/tr>\n<tr>\n<td>Puissance de sortie<\/td>\n<td>33,3 Wh<\/td>\n<\/tr>\n<tr>\n<td rowspan=\"2\">Temps de travail<\/td>\n<td>Sortie 11,1 V 0,5 A (5,55 W) : environ 6 heures<\/td>\n<\/tr>\n<tr>\n<td>Sortie 11,1 V 1,0 A (11,1 W) : environ 3 heures<\/td>\n<\/tr>\n<tr>\n<td>Port de charge (IN)<\/td>\n<td rowspan=\"2\">JST 2 broches ou Molex ou s\u00e9lectionn\u00e9<\/td>\n<\/tr>\n<tr>\n<td>Orifice de d\u00e9charge (OUT)<\/td>\n<\/tr>\n<tr>\n<td>Couleur PVC<\/td>\n<td>bleu<\/td>\n<\/tr>\n<tr>\n<td>Dimensions de la batterie<\/td>\n<td>L91 x l44,6 x H15 mm<\/td>\n<\/tr>\n<tr>\n<td>Poids<\/td>\n<td>environ 132,2 g<\/td>\n<\/tr>\n<tr>\n<td>Marque de la cellule de batterie<\/td>\n<td>Cellule de marque chinoise<\/td>\n<\/tr>\n<tr>\n<td>Protection de la batterie<\/td>\n<td>Surcharge et d\u00e9charge, surintensit\u00e9, court-circuit<\/td>\n<\/tr>\n<tr>\n<td>Cycle de vie<\/td>\n<td>capacit\u00e9 de charge et de d\u00e9charge standard \u2265 80% C5mAh, dur\u00e9e de vie du cycle \u2265 600<\/td>\n<\/tr>\n<tr>\n<td>Application<\/td>\n<td>Bluetooth et \u00e9lectronique grand public<\/td>\n<\/tr>\n<tr>\n<td>Emballer<\/td>\n<td>100 pi\u00e8ces dans un carton (15x29x37cm), environ 22,62 kg\/carton<\/td>\n<\/tr>\n<tr>\n<td>Garantie<\/td>\n<td>12 mois<\/td>\n<\/tr>\n<\/tbody>\n<\/table>\n<p><img data-dominant-color=\"81a0d6\" data-has-transparency=\"false\" style=\"--dominant-color: #81a0d6;\" fetchpriority=\"high\" decoding=\"async\" class=\"alignnone wp-image-2343 not-transparent\" src=\"http:\/\/mylionbattery.com\/wp-content\/uploads\/2025\/07\/11.1V-3000mAh_01.webp\" alt=\"\" width=\"1586\" height=\"1615\" srcset=\"https:\/\/mylionbattery.com\/wp-content\/uploads\/2025\/07\/11.1V-3000mAh_01.webp 1500w, https:\/\/mylionbattery.com\/wp-content\/uploads\/2025\/07\/11.1V-3000mAh_01-295x300.webp 295w, https:\/\/mylionbattery.com\/wp-content\/uploads\/2025\/07\/11.1V-3000mAh_01-1006x1024.webp 1006w, https:\/\/mylionbattery.com\/wp-content\/uploads\/2025\/07\/11.1V-3000mAh_01-768x782.webp 768w, https:\/\/mylionbattery.com\/wp-content\/uploads\/2025\/07\/11.1V-3000mAh_01-12x12.webp 12w, https:\/\/mylionbattery.com\/wp-content\/uploads\/2025\/07\/11.1V-3000mAh_01-600x611.webp 600w\" sizes=\"(max-width: 1586px) 100vw, 1586px\" \/> <img data-dominant-color=\"cdddf4\" data-has-transparency=\"false\" style=\"--dominant-color: #cdddf4;\" decoding=\"async\" class=\"alignnone wp-image-2344 not-transparent\" src=\"http:\/\/mylionbattery.com\/wp-content\/uploads\/2025\/07\/11.1V-3000mAh_02-scaled.webp\" alt=\"\" width=\"1585\" height=\"2957\" srcset=\"https:\/\/mylionbattery.com\/wp-content\/uploads\/2025\/07\/11.1V-3000mAh_02-scaled.webp 1372w, https:\/\/mylionbattery.com\/wp-content\/uploads\/2025\/07\/11.1V-3000mAh_02-161x300.webp 161w, https:\/\/mylionbattery.com\/wp-content\/uploads\/2025\/07\/11.1V-3000mAh_02-549x1024.webp 549w, https:\/\/mylionbattery.com\/wp-content\/uploads\/2025\/07\/11.1V-3000mAh_02-768x1433.webp 768w, https:\/\/mylionbattery.com\/wp-content\/uploads\/2025\/07\/11.1V-3000mAh_02-823x1536.webp 823w, https:\/\/mylionbattery.com\/wp-content\/uploads\/2025\/07\/11.1V-3000mAh_02-1098x2048.webp 1098w, https:\/\/mylionbattery.com\/wp-content\/uploads\/2025\/07\/11.1V-3000mAh_02-6x12.webp 6w, https:\/\/mylionbattery.com\/wp-content\/uploads\/2025\/07\/11.1V-3000mAh_02-600x1119.webp 600w\" sizes=\"(max-width: 1585px) 100vw, 1585px\" \/> <img data-dominant-color=\"dde6f1\" data-has-transparency=\"false\" style=\"--dominant-color: #dde6f1;\" decoding=\"async\" class=\"alignnone wp-image-2345 not-transparent\" src=\"http:\/\/mylionbattery.com\/wp-content\/uploads\/2025\/07\/11.1V-3000mAh_03.webp\" alt=\"\" width=\"1583\" height=\"1950\" srcset=\"https:\/\/mylionbattery.com\/wp-content\/uploads\/2025\/07\/11.1V-3000mAh_03.webp 1500w, https:\/\/mylionbattery.com\/wp-content\/uploads\/2025\/07\/11.1V-3000mAh_03-244x300.webp 244w, https:\/\/mylionbattery.com\/wp-content\/uploads\/2025\/07\/11.1V-3000mAh_03-831x1024.webp 831w, https:\/\/mylionbattery.com\/wp-content\/uploads\/2025\/07\/11.1V-3000mAh_03-768x946.webp 768w, https:\/\/mylionbattery.com\/wp-content\/uploads\/2025\/07\/11.1V-3000mAh_03-1247x1536.webp 1247w, https:\/\/mylionbattery.com\/wp-content\/uploads\/2025\/07\/11.1V-3000mAh_03-10x12.webp 10w, https:\/\/mylionbattery.com\/wp-content\/uploads\/2025\/07\/11.1V-3000mAh_03-600x739.webp 600w\" sizes=\"(max-width: 1583px) 100vw, 1583px\" \/> <img data-dominant-color=\"bcd6f1\" data-has-transparency=\"false\" style=\"--dominant-color: #bcd6f1;\" loading=\"lazy\" decoding=\"async\" class=\"alignnone wp-image-2346 not-transparent\" src=\"http:\/\/mylionbattery.com\/wp-content\/uploads\/2025\/07\/11.1V-3000mAh_04-scaled.webp\" alt=\"\" width=\"1581\" height=\"3055\" srcset=\"https:\/\/mylionbattery.com\/wp-content\/uploads\/2025\/07\/11.1V-3000mAh_04-scaled.webp 1325w, https:\/\/mylionbattery.com\/wp-content\/uploads\/2025\/07\/11.1V-3000mAh_04-155x300.webp 155w, https:\/\/mylionbattery.com\/wp-content\/uploads\/2025\/07\/11.1V-3000mAh_04-530x1024.webp 530w, https:\/\/mylionbattery.com\/wp-content\/uploads\/2025\/07\/11.1V-3000mAh_04-768x1484.webp 768w, https:\/\/mylionbattery.com\/wp-content\/uploads\/2025\/07\/11.1V-3000mAh_04-795x1536.webp 795w, https:\/\/mylionbattery.com\/wp-content\/uploads\/2025\/07\/11.1V-3000mAh_04-1060x2048.webp 1060w, https:\/\/mylionbattery.com\/wp-content\/uploads\/2025\/07\/11.1V-3000mAh_04-6x12.webp 6w, https:\/\/mylionbattery.com\/wp-content\/uploads\/2025\/07\/11.1V-3000mAh_04-600x1160.webp 600w\" sizes=\"(max-width: 1581px) 100vw, 1581px\" \/> <img data-dominant-color=\"cddeea\" data-has-transparency=\"false\" style=\"--dominant-color: #cddeea;\" loading=\"lazy\" decoding=\"async\" class=\"alignnone wp-image-2347 not-transparent\" src=\"http:\/\/mylionbattery.com\/wp-content\/uploads\/2025\/07\/11.1V-3000mAh_05.webp\" alt=\"\" width=\"1581\" height=\"1677\" srcset=\"https:\/\/mylionbattery.com\/wp-content\/uploads\/2025\/07\/11.1V-3000mAh_05.webp 1500w, https:\/\/mylionbattery.com\/wp-content\/uploads\/2025\/07\/11.1V-3000mAh_05-283x300.webp 283w, https:\/\/mylionbattery.com\/wp-content\/uploads\/2025\/07\/11.1V-3000mAh_05-965x1024.webp 965w, https:\/\/mylionbattery.com\/wp-content\/uploads\/2025\/07\/11.1V-3000mAh_05-768x815.webp 768w, https:\/\/mylionbattery.com\/wp-content\/uploads\/2025\/07\/11.1V-3000mAh_05-1448x1536.webp 1448w, https:\/\/mylionbattery.com\/wp-content\/uploads\/2025\/07\/11.1V-3000mAh_05-11x12.webp 11w, https:\/\/mylionbattery.com\/wp-content\/uploads\/2025\/07\/11.1V-3000mAh_05-600x636.webp 600w\" sizes=\"(max-width: 1581px) 100vw, 1581px\" \/> <img data-dominant-color=\"a2acb7\" data-has-transparency=\"false\" style=\"--dominant-color: #a2acb7;\" loading=\"lazy\" decoding=\"async\" class=\"alignnone wp-image-2348 not-transparent\" src=\"http:\/\/mylionbattery.com\/wp-content\/uploads\/2025\/07\/11.1V-3000mAh_06.webp\" alt=\"\" width=\"1578\" height=\"1621\" srcset=\"https:\/\/mylionbattery.com\/wp-content\/uploads\/2025\/07\/11.1V-3000mAh_06.webp 1500w, https:\/\/mylionbattery.com\/wp-content\/uploads\/2025\/07\/11.1V-3000mAh_06-292x300.webp 292w, https:\/\/mylionbattery.com\/wp-content\/uploads\/2025\/07\/11.1V-3000mAh_06-997x1024.webp 997w, https:\/\/mylionbattery.com\/wp-content\/uploads\/2025\/07\/11.1V-3000mAh_06-768x789.webp 768w, https:\/\/mylionbattery.com\/wp-content\/uploads\/2025\/07\/11.1V-3000mAh_06-1495x1536.webp 1495w, https:\/\/mylionbattery.com\/wp-content\/uploads\/2025\/07\/11.1V-3000mAh_06-12x12.webp 12w, https:\/\/mylionbattery.com\/wp-content\/uploads\/2025\/07\/11.1V-3000mAh_06-600x616.webp 600w\" sizes=\"(max-width: 1578px) 100vw, 1578px\" \/><\/p>","protected":false},"excerpt":{"rendered":"<p><strong data-start=\"32\" data-end=\"53\">Capacit\u00e9 nominale :<\/strong> 3000 mAh<br data-start=\"61\" data-end=\"64\" \/><strong data-start=\"64\" data-end=\"84\">Tension nominale :<\/strong> 11,1 V<br data-start=\"90\" data-end=\"93\" \/><strong data-start=\"93\" data-end=\"116\">Tension de charge maximale :<\/strong> 11,1 V<br data-start=\"122\" data-end=\"125\" \/><strong data-start=\"125\" data-end=\"155\">Tension de d\u00e9charge de coupure :<\/strong> 9V<br data-start=\"158\" data-end=\"161\" \/><strong data-start=\"161\" data-end=\"198\">Courant de d\u00e9charge continu maximal\u00a0:<\/strong> 1A<br data-start=\"201\" data-end=\"204\" \/><strong data-start=\"204\" data-end=\"223\">Courant de charge :<\/strong> 3000 mAh<br data-start=\"231\" data-end=\"234\" \/><strong data-start=\"234\" data-end=\"251\">Puissance de sortie :<\/strong> 33,3 Wh<\/p>","protected":false},"featured_media":2337,"template":"","meta":[],"product_brand":[],"product_cat":[52,24],"product_tag":[104],"class_list":{"0":"post-2336","1":"product","2":"type-product","3":"status-publish","4":"has-post-thumbnail","6":"product_cat-lipo-battery","7":"product_cat-home-hot-products","8":"product_tag-11-1v-3000mah-504590-3s","10":"first","11":"instock","12":"shipping-taxable","13":"product-type-simple"},"yoast_head":"<!-- This site is optimized with the Yoast SEO plugin v26.1.1 - https:\/\/yoast.com\/wordpress\/plugins\/seo\/ -->\n<title>High-Performance 11.1V 3000mAh Lithium Polymer Battery | Blue PVC Case | Ideal for Bluetooth &amp; Consumer Electronics - mylionbattery<\/title>\n<meta name=\"description\" content=\"Discover Mylion Battery&#039;s innovative battery solutions, including mini UPS systems and lithium-ion batteries. Offering high-quality, customizable products designed with advanced technology to deliver exceptional performance and reliability for global markets.\" \/>\n<meta name=\"robots\" content=\"index, follow, max-snippet:-1, max-image-preview:large, max-video-preview:-1\" \/>\n<link rel=\"canonical\" href=\"https:\/\/mylionbattery.com\/fr\/produit\/high-performance-11-1v-3000mah-lithium-polymer-battery-blue-pvc-case-ideal-for-bluetooth-consumer-electronics\/\" \/>\n<meta property=\"og:locale\" content=\"fr_FR\" \/>\n<meta property=\"og:type\" content=\"article\" \/>\n<meta property=\"og:title\" content=\"High-Performance 11.1V 3000mAh Lithium Polymer Battery | Blue PVC Case | Ideal for Bluetooth &amp; Consumer Electronics - mylionbattery\" \/>\n<meta property=\"og:description\" content=\"Discover Mylion Battery&#039;s innovative battery solutions, including mini UPS systems and lithium-ion batteries. Offering high-quality, customizable products designed with advanced technology to deliver exceptional performance and reliability for global markets.\" \/>\n<meta property=\"og:url\" content=\"https:\/\/mylionbattery.com\/fr\/produit\/high-performance-11-1v-3000mah-lithium-polymer-battery-blue-pvc-case-ideal-for-bluetooth-consumer-electronics\/\" \/>\n<meta property=\"og:site_name\" content=\"mylionbattery\" \/>\n<meta property=\"article:modified_time\" content=\"2025-07-16T03:07:43+00:00\" \/>\n<meta property=\"og:image\" content=\"https:\/\/mylionbattery.com\/wp-content\/uploads\/2025\/07\/1.webp\" \/>\n\t<meta property=\"og:image:width\" content=\"1000\" \/>\n\t<meta property=\"og:image:height\" content=\"1000\" \/>\n\t<meta property=\"og:image:type\" content=\"image\/jpeg\" \/>\n<meta name=\"twitter:card\" content=\"summary_large_image\" \/>\n<meta name=\"twitter:label1\" content=\"Dur\u00e9e de lecture estim\u00e9e\" \/>\n\t<meta name=\"twitter:data1\" content=\"2 minutes\" \/>\n<script type=\"application\/ld+json\" class=\"yoast-schema-graph\">{\"@context\":\"https:\/\/schema.org\",\"@graph\":[{\"@type\":\"WebPage\",\"@id\":\"https:\/\/mylionbattery.com\/product\/high-performance-11-1v-3000mah-lithium-polymer-battery-blue-pvc-case-ideal-for-bluetooth-consumer-electronics\/\",\"url\":\"https:\/\/mylionbattery.com\/product\/high-performance-11-1v-3000mah-lithium-polymer-battery-blue-pvc-case-ideal-for-bluetooth-consumer-electronics\/\",\"name\":\"High-Performance 11.1V 3000mAh Lithium Polymer Battery | Blue PVC Case | Ideal for Bluetooth & Consumer Electronics - mylionbattery\",\"isPartOf\":{\"@id\":\"https:\/\/mylionbattery.com\/#website\"},\"primaryImageOfPage\":{\"@id\":\"https:\/\/mylionbattery.com\/product\/high-performance-11-1v-3000mah-lithium-polymer-battery-blue-pvc-case-ideal-for-bluetooth-consumer-electronics\/#primaryimage\"},\"image\":{\"@id\":\"https:\/\/mylionbattery.com\/product\/high-performance-11-1v-3000mah-lithium-polymer-battery-blue-pvc-case-ideal-for-bluetooth-consumer-electronics\/#primaryimage\"},\"thumbnailUrl\":\"https:\/\/mylionbattery.com\/wp-content\/uploads\/2025\/07\/1.webp\",\"datePublished\":\"2025-07-01T07:28:59+00:00\",\"dateModified\":\"2025-07-16T03:07:43+00:00\",\"description\":\"Discover Mylion Battery's innovative battery solutions, including mini UPS systems and lithium-ion batteries. Offering high-quality, customizable products designed with advanced technology to deliver exceptional performance and reliability for global markets.\",\"breadcrumb\":{\"@id\":\"https:\/\/mylionbattery.com\/product\/high-performance-11-1v-3000mah-lithium-polymer-battery-blue-pvc-case-ideal-for-bluetooth-consumer-electronics\/#breadcrumb\"},\"inLanguage\":\"fr-FR\",\"potentialAction\":[{\"@type\":\"ReadAction\",\"target\":[\"https:\/\/mylionbattery.com\/product\/high-performance-11-1v-3000mah-lithium-polymer-battery-blue-pvc-case-ideal-for-bluetooth-consumer-electronics\/\"]}]},{\"@type\":\"ImageObject\",\"inLanguage\":\"fr-FR\",\"@id\":\"https:\/\/mylionbattery.com\/product\/high-performance-11-1v-3000mah-lithium-polymer-battery-blue-pvc-case-ideal-for-bluetooth-consumer-electronics\/#primaryimage\",\"url\":\"https:\/\/mylionbattery.com\/wp-content\/uploads\/2025\/07\/1.webp\",\"contentUrl\":\"https:\/\/mylionbattery.com\/wp-content\/uploads\/2025\/07\/1.webp\",\"width\":1000,\"height\":1000},{\"@type\":\"BreadcrumbList\",\"@id\":\"https:\/\/mylionbattery.com\/product\/high-performance-11-1v-3000mah-lithium-polymer-battery-blue-pvc-case-ideal-for-bluetooth-consumer-electronics\/#breadcrumb\",\"itemListElement\":[{\"@type\":\"ListItem\",\"position\":1,\"name\":\"\u9996\u9875\",\"item\":\"https:\/\/mylionbattery.com\/\"},{\"@type\":\"ListItem\",\"position\":2,\"name\":\"Products\",\"item\":\"https:\/\/mylionbattery.com\/products\/\"},{\"@type\":\"ListItem\",\"position\":3,\"name\":\"High-Performance 11.1V 3000mAh Lithium Polymer Battery | Blue PVC Case | Ideal for Bluetooth &#038; Consumer Electronics\"}]},{\"@type\":\"WebSite\",\"@id\":\"https:\/\/mylionbattery.com\/#website\",\"url\":\"https:\/\/mylionbattery.com\/\",\"name\":\"Mylionbattery\",\"description\":\"mylionbattery\",\"publisher\":{\"@id\":\"https:\/\/mylionbattery.com\/#organization\"},\"potentialAction\":[{\"@type\":\"SearchAction\",\"target\":{\"@type\":\"EntryPoint\",\"urlTemplate\":\"https:\/\/mylionbattery.com\/?s={search_term_string}\"},\"query-input\":{\"@type\":\"PropertyValueSpecification\",\"valueRequired\":true,\"valueName\":\"search_term_string\"}}],\"inLanguage\":\"fr-FR\"},{\"@type\":\"Organization\",\"@id\":\"https:\/\/mylionbattery.com\/#organization\",\"name\":\"Mylionbattery\",\"url\":\"https:\/\/mylionbattery.com\/\",\"logo\":{\"@type\":\"ImageObject\",\"inLanguage\":\"fr-FR\",\"@id\":\"https:\/\/mylionbattery.com\/#\/schema\/logo\/image\/\",\"url\":\"http:\/\/mylionbattery.com\/wp-content\/uploads\/2024\/09\/\u767d\u5e95mylion-logo\u6b63\u65b9\u5f62.png\",\"contentUrl\":\"http:\/\/mylionbattery.com\/wp-content\/uploads\/2024\/09\/\u767d\u5e95mylion-logo\u6b63\u65b9\u5f62.png\",\"width\":600,\"height\":600,\"caption\":\"Mylionbattery\"},\"image\":{\"@id\":\"https:\/\/mylionbattery.com\/#\/schema\/logo\/image\/\"}}]}<\/script>\n<!-- \/ Yoast SEO plugin. -->","yoast_head_json":{"title":"High-Performance 11.1V 3000mAh Lithium Polymer Battery | Blue PVC Case | Ideal for Bluetooth & Consumer Electronics - mylionbattery","description":"Discover Mylion Battery's innovative battery solutions, including mini UPS systems and lithium-ion batteries. Offering high-quality, customizable products designed with advanced technology to deliver exceptional performance and reliability for global markets.","robots":{"index":"index","follow":"follow","max-snippet":"max-snippet:-1","max-image-preview":"max-image-preview:large","max-video-preview":"max-video-preview:-1"},"canonical":"https:\/\/mylionbattery.com\/fr\/produit\/high-performance-11-1v-3000mah-lithium-polymer-battery-blue-pvc-case-ideal-for-bluetooth-consumer-electronics\/","og_locale":"fr_FR","og_type":"article","og_title":"High-Performance 11.1V 3000mAh Lithium Polymer Battery | Blue PVC Case | Ideal for Bluetooth & Consumer Electronics - mylionbattery","og_description":"Discover Mylion Battery's innovative battery solutions, including mini UPS systems and lithium-ion batteries. Offering high-quality, customizable products designed with advanced technology to deliver exceptional performance and reliability for global markets.","og_url":"https:\/\/mylionbattery.com\/fr\/produit\/high-performance-11-1v-3000mah-lithium-polymer-battery-blue-pvc-case-ideal-for-bluetooth-consumer-electronics\/","og_site_name":"mylionbattery","article_modified_time":"2025-07-16T03:07:43+00:00","og_image":[{"width":1000,"height":1000,"url":"https:\/\/mylionbattery.com\/wp-content\/uploads\/2025\/07\/1.webp","type":"image\/jpeg"}],"twitter_card":"summary_large_image","twitter_misc":{"Dur\u00e9e de lecture estim\u00e9e":"2 minutes"},"schema":{"@context":"https:\/\/schema.org","@graph":[{"@type":"WebPage","@id":"https:\/\/mylionbattery.com\/product\/high-performance-11-1v-3000mah-lithium-polymer-battery-blue-pvc-case-ideal-for-bluetooth-consumer-electronics\/","url":"https:\/\/mylionbattery.com\/product\/high-performance-11-1v-3000mah-lithium-polymer-battery-blue-pvc-case-ideal-for-bluetooth-consumer-electronics\/","name":"High-Performance 11.1V 3000mAh Lithium Polymer Battery | Blue PVC Case | Ideal for Bluetooth & Consumer Electronics - mylionbattery","isPartOf":{"@id":"https:\/\/mylionbattery.com\/#website"},"primaryImageOfPage":{"@id":"https:\/\/mylionbattery.com\/product\/high-performance-11-1v-3000mah-lithium-polymer-battery-blue-pvc-case-ideal-for-bluetooth-consumer-electronics\/#primaryimage"},"image":{"@id":"https:\/\/mylionbattery.com\/product\/high-performance-11-1v-3000mah-lithium-polymer-battery-blue-pvc-case-ideal-for-bluetooth-consumer-electronics\/#primaryimage"},"thumbnailUrl":"https:\/\/mylionbattery.com\/wp-content\/uploads\/2025\/07\/1.webp","datePublished":"2025-07-01T07:28:59+00:00","dateModified":"2025-07-16T03:07:43+00:00","description":"Discover Mylion Battery's innovative battery solutions, including mini UPS systems and lithium-ion batteries. Offering high-quality, customizable products designed with advanced technology to deliver exceptional performance and reliability for global markets.","breadcrumb":{"@id":"https:\/\/mylionbattery.com\/product\/high-performance-11-1v-3000mah-lithium-polymer-battery-blue-pvc-case-ideal-for-bluetooth-consumer-electronics\/#breadcrumb"},"inLanguage":"fr-FR","potentialAction":[{"@type":"ReadAction","target":["https:\/\/mylionbattery.com\/product\/high-performance-11-1v-3000mah-lithium-polymer-battery-blue-pvc-case-ideal-for-bluetooth-consumer-electronics\/"]}]},{"@type":"ImageObject","inLanguage":"fr-FR","@id":"https:\/\/mylionbattery.com\/product\/high-performance-11-1v-3000mah-lithium-polymer-battery-blue-pvc-case-ideal-for-bluetooth-consumer-electronics\/#primaryimage","url":"https:\/\/mylionbattery.com\/wp-content\/uploads\/2025\/07\/1.webp","contentUrl":"https:\/\/mylionbattery.com\/wp-content\/uploads\/2025\/07\/1.webp","width":1000,"height":1000},{"@type":"BreadcrumbList","@id":"https:\/\/mylionbattery.com\/product\/high-performance-11-1v-3000mah-lithium-polymer-battery-blue-pvc-case-ideal-for-bluetooth-consumer-electronics\/#breadcrumb","itemListElement":[{"@type":"ListItem","position":1,"name":"\u9996\u9875","item":"https:\/\/mylionbattery.com\/"},{"@type":"ListItem","position":2,"name":"Products","item":"https:\/\/mylionbattery.com\/products\/"},{"@type":"ListItem","position":3,"name":"High-Performance 11.1V 3000mAh Lithium Polymer Battery | Blue PVC Case | Ideal for Bluetooth &#038; Consumer Electronics"}]},{"@type":"WebSite","@id":"https:\/\/mylionbattery.com\/#website","url":"https:\/\/mylionbattery.com\/","name":"Mylionbattery","description":"mylionbattery","publisher":{"@id":"https:\/\/mylionbattery.com\/#organization"},"potentialAction":[{"@type":"SearchAction","target":{"@type":"EntryPoint","urlTemplate":"https:\/\/mylionbattery.com\/?s={search_term_string}"},"query-input":{"@type":"PropertyValueSpecification","valueRequired":true,"valueName":"search_term_string"}}],"inLanguage":"fr-FR"},{"@type":"Organization","@id":"https:\/\/mylionbattery.com\/#organization","name":"Mylionbattery","url":"https:\/\/mylionbattery.com\/","logo":{"@type":"ImageObject","inLanguage":"fr-FR","@id":"https:\/\/mylionbattery.com\/#\/schema\/logo\/image\/","url":"http:\/\/mylionbattery.com\/wp-content\/uploads\/2024\/09\/\u767d\u5e95mylion-logo\u6b63\u65b9\u5f62.png","contentUrl":"http:\/\/mylionbattery.com\/wp-content\/uploads\/2024\/09\/\u767d\u5e95mylion-logo\u6b63\u65b9\u5f62.png","width":600,"height":600,"caption":"Mylionbattery"},"image":{"@id":"https:\/\/mylionbattery.com\/#\/schema\/logo\/image\/"}}]}},"_links":{"self":[{"href":"https:\/\/mylionbattery.com\/fr\/wp-json\/wp\/v2\/product\/2336","targetHints":{"allow":["GET"]}}],"collection":[{"href":"https:\/\/mylionbattery.com\/fr\/wp-json\/wp\/v2\/product"}],"about":[{"href":"https:\/\/mylionbattery.com\/fr\/wp-json\/wp\/v2\/types\/product"}],"version-history":[{"count":1,"href":"https:\/\/mylionbattery.com\/fr\/wp-json\/wp\/v2\/product\/2336\/revisions"}],"predecessor-version":[{"id":2349,"href":"https:\/\/mylionbattery.com\/fr\/wp-json\/wp\/v2\/product\/2336\/revisions\/2349"}],"wp:featuredmedia":[{"embeddable":true,"href":"https:\/\/mylionbattery.com\/fr\/wp-json\/wp\/v2\/media\/2337"}],"wp:attachment":[{"href":"https:\/\/mylionbattery.com\/fr\/wp-json\/wp\/v2\/media?parent=2336"}],"wp:term":[{"taxonomy":"product_brand","embeddable":true,"href":"https:\/\/mylionbattery.com\/fr\/wp-json\/wp\/v2\/product_brand?post=2336"},{"taxonomy":"product_cat","embeddable":true,"href":"https:\/\/mylionbattery.com\/fr\/wp-json\/wp\/v2\/product_cat?post=2336"},{"taxonomy":"product_tag","embeddable":true,"href":"https:\/\/mylionbattery.com\/fr\/wp-json\/wp\/v2\/product_tag?post=2336"}],"curies":[{"name":"wp","href":"https:\/\/api.w.org\/{rel}","templated":true}]}}