{"id":2445,"date":"2025-07-22T06:39:53","date_gmt":"2025-07-22T06:39:53","guid":{"rendered":"https:\/\/lightyellow-sardine-891901.hostingersite.com\/?post_type=product&#038;p=2445"},"modified":"2025-07-22T06:43:28","modified_gmt":"2025-07-22T06:43:28","slug":"custom-48v-51-2v-100ah-200ah-lithium-battery-bms-5kwh-10kwh-15kwh-server-rack-solar-home-energy-storage-lifepo4-battery","status":"publish","type":"product","link":"https:\/\/mylionbattery.com\/fr\/produit\/custom-48v-51-2v-100ah-200ah-lithium-battery-bms-5kwh-10kwh-15kwh-server-rack-solar-home-energy-storage-lifepo4-battery\/","title":{"rendered":"Batterie lithium personnalis\u00e9e 48 V 51,2 V 100 Ah 200 Ah BMS 5 kWh 10 kWh 15 kWh pour rack de serveur, stockage d&#039;\u00e9nergie solaire domestique, batterie LiFePO4"},"content":{"rendered":"<table style=\"height: 850px;\" width=\"815\">\n<tbody>\n<tr>\n<td width=\"668\">Articles<\/td>\n<td width=\"1012\">Sp\u00e9cification<\/td>\n<\/tr>\n<tr>\n<td>Capacit\u00e9 nominale<\/td>\n<td>100,0 Ah<\/td>\n<\/tr>\n<tr>\n<td>Tension nominale<\/td>\n<td>48,0 V<\/td>\n<\/tr>\n<tr>\n<td>Mat\u00e9riau du bo\u00eetier de batterie<\/td>\n<td>Bo\u00eete plate en aluminium<\/td>\n<\/tr>\n<tr>\n<td>Dimensions du bo\u00eetier de batterie<\/td>\n<td>L484xL410xP178mm<\/td>\n<\/tr>\n<tr>\n<td>Poids<\/td>\n<td>~50 kg<\/td>\n<\/tr>\n<tr>\n<td>Port de charge et de d\u00e9charge<\/td>\n<td>Connecteur de borne<\/td>\n<\/tr>\n<tr>\n<td>\u00c9cran LCD<\/td>\n<td>\u00c9cran LCD<\/td>\n<\/tr>\n<tr>\n<td>Fonction d&#039;indication LED<\/td>\n<td width=\"1012\">La consommation \u00e9lectrique actuelle et l&#039;\u00e9tat de fonctionnement du produit sont indiqu\u00e9s par un indicateur LED<\/td>\n<\/tr>\n<tr>\n<td>Changer<\/td>\n<td>MARCHE\/ARR\u00caT<\/td>\n<\/tr>\n<tr>\n<td>Poign\u00e9e de levage<\/td>\n<td>Oui<\/td>\n<\/tr>\n<tr>\n<td>Imp\u00e9dance interne<\/td>\n<td>\u226450m\u03a9 (\u00e0 1KHz apr\u00e8s charge 50%)<\/td>\n<\/tr>\n<tr>\n<td>Chargement standard<\/td>\n<td>20A 53,25V 0,5A (courant et tension constants) Courant de fin 0,5A<\/td>\n<\/tr>\n<tr>\n<td>Tension de charge<\/td>\n<td>53,25 V<\/td>\n<\/tr>\n<tr>\n<td>Courant de charge continu max.<\/td>\n<td>50,0 A \u00e0 25 \u00b1 3 \u00b0C<\/td>\n<\/tr>\n<tr>\n<td>D\u00e9charge standard<\/td>\n<td>Courant constant 50A (tension finale 40,5V)<\/td>\n<\/tr>\n<tr>\n<td>Courant de d\u00e9charge continu maximal<\/td>\n<td>100,0 A \u00e0 25 \u00b1 3 \u00b0C<\/td>\n<\/tr>\n<tr>\n<td>Puissance de sortie maximale<\/td>\n<td>4,8 kW \u00e0 25\u00b13\u00b0C<\/td>\n<\/tr>\n<tr>\n<td rowspan=\"2\">Temp\u00e9rature de fonctionnement<\/td>\n<td>Chargez 0\u00b0C~ 60\u00b0C<\/td>\n<\/tr>\n<tr>\n<td>D\u00e9charge -20\u00b0C~ 60\u00b0C<\/td>\n<\/tr>\n<tr>\n<td rowspan=\"3\">Temp\u00e9rature de stockage<\/td>\n<td>1 mois -20\u00b0C~ 45\u00b0C<\/td>\n<\/tr>\n<tr>\n<td>3 mois -20\u00b0C~ 35\u00b0C<\/td>\n<\/tr>\n<tr>\n<td>6 mois -20\u00b0C~ 25\u00b0C<\/td>\n<\/tr>\n<tr>\n<td>Borne de c\u00e2ble d&#039;alimentation<\/td>\n<td>TTC<\/td>\n<\/tr>\n<tr>\n<td rowspan=\"2\">Fonction de communication<\/td>\n<td>Communication RS485\/CAN<\/td>\n<\/tr>\n<tr>\n<td width=\"1012\">Le produit adopte une conception de communication isol\u00e9e, prend en charge le mode de communication RS485\/CAN, le d\u00e9bit en bauds par d\u00e9faut de la communication RS485 est de 9600 bps, 8 bits de donn\u00e9es, 1 bit d&#039;arr\u00eat, aucun bit de test ; Le d\u00e9bit en bauds par d\u00e9faut de la communication CAN est de 500 Kbps ;<\/td>\n<\/tr>\n<\/tbody>\n<\/table>\n<p><img fetchpriority=\"high\" decoding=\"async\" class=\"alignnone size-full wp-image-1058\" src=\"http:\/\/mylionbattery.com\/wp-content\/uploads\/2024\/09\/Lithium-Battery-2.jpg\" alt=\"\" width=\"1000\" height=\"461\" srcset=\"https:\/\/mylionbattery.com\/wp-content\/uploads\/2024\/09\/Lithium-Battery-2.jpg 1000w, https:\/\/mylionbattery.com\/wp-content\/uploads\/2024\/09\/Lithium-Battery-2-300x138.jpg 300w, https:\/\/mylionbattery.com\/wp-content\/uploads\/2024\/09\/Lithium-Battery-2-768x354.jpg 768w, https:\/\/mylionbattery.com\/wp-content\/uploads\/2024\/09\/Lithium-Battery-2-18x8.jpg 18w, https:\/\/mylionbattery.com\/wp-content\/uploads\/2024\/09\/Lithium-Battery-2-600x277.jpg 600w\" sizes=\"(max-width: 1000px) 100vw, 1000px\" \/> <img decoding=\"async\" class=\"alignnone size-full wp-image-1059\" src=\"http:\/\/mylionbattery.com\/wp-content\/uploads\/2024\/09\/Lithium-Battery-3.jpg\" alt=\"\" width=\"1000\" height=\"1704\" srcset=\"https:\/\/mylionbattery.com\/wp-content\/uploads\/2024\/09\/Lithium-Battery-3.jpg 1000w, https:\/\/mylionbattery.com\/wp-content\/uploads\/2024\/09\/Lithium-Battery-3-176x300.jpg 176w, https:\/\/mylionbattery.com\/wp-content\/uploads\/2024\/09\/Lithium-Battery-3-601x1024.jpg 601w, https:\/\/mylionbattery.com\/wp-content\/uploads\/2024\/09\/Lithium-Battery-3-768x1309.jpg 768w, https:\/\/mylionbattery.com\/wp-content\/uploads\/2024\/09\/Lithium-Battery-3-901x1536.jpg 901w, https:\/\/mylionbattery.com\/wp-content\/uploads\/2024\/09\/Lithium-Battery-3-7x12.jpg 7w, https:\/\/mylionbattery.com\/wp-content\/uploads\/2024\/09\/Lithium-Battery-3-600x1022.jpg 600w\" sizes=\"(max-width: 1000px) 100vw, 1000px\" \/> <img decoding=\"async\" class=\"alignnone size-full wp-image-1060\" src=\"http:\/\/mylionbattery.com\/wp-content\/uploads\/2024\/09\/Lithium-Battery-4.jpg\" alt=\"\" width=\"1000\" height=\"2266\" srcset=\"https:\/\/mylionbattery.com\/wp-content\/uploads\/2024\/09\/Lithium-Battery-4.jpg 1000w, https:\/\/mylionbattery.com\/wp-content\/uploads\/2024\/09\/Lithium-Battery-4-132x300.jpg 132w, https:\/\/mylionbattery.com\/wp-content\/uploads\/2024\/09\/Lithium-Battery-4-452x1024.jpg 452w, https:\/\/mylionbattery.com\/wp-content\/uploads\/2024\/09\/Lithium-Battery-4-768x1740.jpg 768w, https:\/\/mylionbattery.com\/wp-content\/uploads\/2024\/09\/Lithium-Battery-4-678x1536.jpg 678w, https:\/\/mylionbattery.com\/wp-content\/uploads\/2024\/09\/Lithium-Battery-4-904x2048.jpg 904w, https:\/\/mylionbattery.com\/wp-content\/uploads\/2024\/09\/Lithium-Battery-4-5x12.jpg 5w, https:\/\/mylionbattery.com\/wp-content\/uploads\/2024\/09\/Lithium-Battery-4-600x1360.jpg 600w\" sizes=\"(max-width: 1000px) 100vw, 1000px\" \/> <img loading=\"lazy\" decoding=\"async\" class=\"alignnone size-full wp-image-1061\" src=\"http:\/\/mylionbattery.com\/wp-content\/uploads\/2024\/09\/Lithium-Battery-5.jpg\" alt=\"\" width=\"1000\" height=\"1779\" srcset=\"https:\/\/mylionbattery.com\/wp-content\/uploads\/2024\/09\/Lithium-Battery-5.jpg 1000w, https:\/\/mylionbattery.com\/wp-content\/uploads\/2024\/09\/Lithium-Battery-5-169x300.jpg 169w, https:\/\/mylionbattery.com\/wp-content\/uploads\/2024\/09\/Lithium-Battery-5-576x1024.jpg 576w, https:\/\/mylionbattery.com\/wp-content\/uploads\/2024\/09\/Lithium-Battery-5-768x1366.jpg 768w, https:\/\/mylionbattery.com\/wp-content\/uploads\/2024\/09\/Lithium-Battery-5-863x1536.jpg 863w, https:\/\/mylionbattery.com\/wp-content\/uploads\/2024\/09\/Lithium-Battery-5-7x12.jpg 7w, https:\/\/mylionbattery.com\/wp-content\/uploads\/2024\/09\/Lithium-Battery-5-600x1067.jpg 600w\" sizes=\"(max-width: 1000px) 100vw, 1000px\" \/> <img loading=\"lazy\" decoding=\"async\" class=\"alignnone size-full wp-image-1062\" src=\"http:\/\/mylionbattery.com\/wp-content\/uploads\/2024\/09\/Lithium-Battery-6.jpg\" alt=\"\" width=\"1000\" height=\"1795\" srcset=\"https:\/\/mylionbattery.com\/wp-content\/uploads\/2024\/09\/Lithium-Battery-6.jpg 1000w, https:\/\/mylionbattery.com\/wp-content\/uploads\/2024\/09\/Lithium-Battery-6-167x300.jpg 167w, https:\/\/mylionbattery.com\/wp-content\/uploads\/2024\/09\/Lithium-Battery-6-570x1024.jpg 570w, https:\/\/mylionbattery.com\/wp-content\/uploads\/2024\/09\/Lithium-Battery-6-768x1379.jpg 768w, https:\/\/mylionbattery.com\/wp-content\/uploads\/2024\/09\/Lithium-Battery-6-856x1536.jpg 856w, https:\/\/mylionbattery.com\/wp-content\/uploads\/2024\/09\/Lithium-Battery-6-7x12.jpg 7w, https:\/\/mylionbattery.com\/wp-content\/uploads\/2024\/09\/Lithium-Battery-6-600x1077.jpg 600w\" sizes=\"(max-width: 1000px) 100vw, 1000px\" \/> <img loading=\"lazy\" decoding=\"async\" class=\"alignnone size-full wp-image-1063\" src=\"http:\/\/mylionbattery.com\/wp-content\/uploads\/2024\/09\/Lithium-Battery-7.jpg\" alt=\"\" width=\"1000\" height=\"1639\" srcset=\"https:\/\/mylionbattery.com\/wp-content\/uploads\/2024\/09\/Lithium-Battery-7.jpg 1000w, https:\/\/mylionbattery.com\/wp-content\/uploads\/2024\/09\/Lithium-Battery-7-183x300.jpg 183w, https:\/\/mylionbattery.com\/wp-content\/uploads\/2024\/09\/Lithium-Battery-7-625x1024.jpg 625w, https:\/\/mylionbattery.com\/wp-content\/uploads\/2024\/09\/Lithium-Battery-7-768x1259.jpg 768w, https:\/\/mylionbattery.com\/wp-content\/uploads\/2024\/09\/Lithium-Battery-7-937x1536.jpg 937w, https:\/\/mylionbattery.com\/wp-content\/uploads\/2024\/09\/Lithium-Battery-7-7x12.jpg 7w, https:\/\/mylionbattery.com\/wp-content\/uploads\/2024\/09\/Lithium-Battery-7-600x983.jpg 600w\" sizes=\"(max-width: 1000px) 100vw, 1000px\" \/> <img loading=\"lazy\" decoding=\"async\" class=\"alignnone size-full wp-image-1064\" src=\"http:\/\/mylionbattery.com\/wp-content\/uploads\/2024\/09\/Lithium-Battery-8.jpg\" alt=\"\" width=\"1000\" height=\"1822\" srcset=\"https:\/\/mylionbattery.com\/wp-content\/uploads\/2024\/09\/Lithium-Battery-8.jpg 1000w, https:\/\/mylionbattery.com\/wp-content\/uploads\/2024\/09\/Lithium-Battery-8-165x300.jpg 165w, https:\/\/mylionbattery.com\/wp-content\/uploads\/2024\/09\/Lithium-Battery-8-562x1024.jpg 562w, https:\/\/mylionbattery.com\/wp-content\/uploads\/2024\/09\/Lithium-Battery-8-768x1399.jpg 768w, https:\/\/mylionbattery.com\/wp-content\/uploads\/2024\/09\/Lithium-Battery-8-843x1536.jpg 843w, https:\/\/mylionbattery.com\/wp-content\/uploads\/2024\/09\/Lithium-Battery-8-7x12.jpg 7w, https:\/\/mylionbattery.com\/wp-content\/uploads\/2024\/09\/Lithium-Battery-8-600x1093.jpg 600w\" sizes=\"(max-width: 1000px) 100vw, 1000px\" \/> <img loading=\"lazy\" decoding=\"async\" class=\"alignnone size-full wp-image-1065\" src=\"http:\/\/mylionbattery.com\/wp-content\/uploads\/2024\/09\/Lithium-Battery-9.jpg\" alt=\"\" width=\"1000\" height=\"1445\" srcset=\"https:\/\/mylionbattery.com\/wp-content\/uploads\/2024\/09\/Lithium-Battery-9.jpg 1000w, https:\/\/mylionbattery.com\/wp-content\/uploads\/2024\/09\/Lithium-Battery-9-208x300.jpg 208w, https:\/\/mylionbattery.com\/wp-content\/uploads\/2024\/09\/Lithium-Battery-9-709x1024.jpg 709w, https:\/\/mylionbattery.com\/wp-content\/uploads\/2024\/09\/Lithium-Battery-9-768x1110.jpg 768w, https:\/\/mylionbattery.com\/wp-content\/uploads\/2024\/09\/Lithium-Battery-9-8x12.jpg 8w, https:\/\/mylionbattery.com\/wp-content\/uploads\/2024\/09\/Lithium-Battery-9-600x867.jpg 600w\" sizes=\"(max-width: 1000px) 100vw, 1000px\" \/> <img loading=\"lazy\" decoding=\"async\" class=\"alignnone size-full wp-image-1066\" src=\"http:\/\/mylionbattery.com\/wp-content\/uploads\/2024\/09\/Lithium-Battery-10.jpg\" alt=\"\" width=\"1000\" height=\"1514\" srcset=\"https:\/\/mylionbattery.com\/wp-content\/uploads\/2024\/09\/Lithium-Battery-10.jpg 1000w, https:\/\/mylionbattery.com\/wp-content\/uploads\/2024\/09\/Lithium-Battery-10-198x300.jpg 198w, https:\/\/mylionbattery.com\/wp-content\/uploads\/2024\/09\/Lithium-Battery-10-676x1024.jpg 676w, https:\/\/mylionbattery.com\/wp-content\/uploads\/2024\/09\/Lithium-Battery-10-768x1163.jpg 768w, https:\/\/mylionbattery.com\/wp-content\/uploads\/2024\/09\/Lithium-Battery-10-8x12.jpg 8w, https:\/\/mylionbattery.com\/wp-content\/uploads\/2024\/09\/Lithium-Battery-10-600x908.jpg 600w\" sizes=\"(max-width: 1000px) 100vw, 1000px\" \/> <img loading=\"lazy\" decoding=\"async\" class=\"alignnone size-full wp-image-1067\" src=\"http:\/\/mylionbattery.com\/wp-content\/uploads\/2024\/09\/Lithium-Battery-11.jpg\" alt=\"\" width=\"1000\" height=\"1505\" srcset=\"https:\/\/mylionbattery.com\/wp-content\/uploads\/2024\/09\/Lithium-Battery-11.jpg 1000w, https:\/\/mylionbattery.com\/wp-content\/uploads\/2024\/09\/Lithium-Battery-11-199x300.jpg 199w, https:\/\/mylionbattery.com\/wp-content\/uploads\/2024\/09\/Lithium-Battery-11-680x1024.jpg 680w, https:\/\/mylionbattery.com\/wp-content\/uploads\/2024\/09\/Lithium-Battery-11-768x1156.jpg 768w, https:\/\/mylionbattery.com\/wp-content\/uploads\/2024\/09\/Lithium-Battery-11-8x12.jpg 8w, https:\/\/mylionbattery.com\/wp-content\/uploads\/2024\/09\/Lithium-Battery-11-600x903.jpg 600w\" sizes=\"(max-width: 1000px) 100vw, 1000px\" \/><\/p>\n<p>&nbsp;<\/p>","protected":false},"excerpt":{"rendered":"<p><strong><b>Pack de batteries LFP48V100Ah 4,8kWh<\/b><\/strong><\/p>\n<p>Capacit\u00e9 nominale : 100 Ah<\/p>\n<p>Tension nominale : 48 V<\/p>\n<p>Taux de charge\/d\u00e9charge nominal : 0,5 C<\/p>\n<p>Communication : RS485\/RS232<\/p>\n<p>Cycle de vie : 3500 (80%DODM 80% EOL)<\/p>\n<p>Dimensions : 442*430*133(3U)<\/p>\n<p>Poids : environ 42 kg<\/p>\n<p>&nbsp;<\/p>\n<p><strong><b>Sc\u00e9narios applicables :<\/b><\/strong><\/p>\n<p>Syst\u00e8me de stockage d&#039;\u00e9nergie domestique<\/p>\n<p>Station de base de t\u00e9l\u00e9communication et \u00e9quipement de communication<\/p>\n<p>Syst\u00e8me d&#039;alimentation sans interruption UPS<\/p>\n<p>Application de stockage d&#039;\u00e9nergie en ext\u00e9rieur<\/p>","protected":false},"featured_media":2446,"template":"","meta":[],"product_brand":[],"product_cat":[22,24,108,43],"product_tag":[111],"class_list":{"0":"post-2445","1":"product","2":"type-product","3":"status-publish","4":"has-post-thumbnail","6":"product_cat-home-energy-storage-system","7":"product_cat-home-hot-products","8":"product_cat-48v-life-po4-battery","9":"product_cat-rack-energy-storage-battery","10":"product_tag-for-home-telecom-industry-energy-that-lasts","12":"first","13":"instock","14":"shipping-taxable","15":"product-type-simple"},"yoast_head":"<!-- This site is optimized with the Yoast SEO plugin v26.1.1 - https:\/\/yoast.com\/wordpress\/plugins\/seo\/ -->\n<title>Custom 48V 51.2V 100Ah 200Ah Lithium Battery BMS 5kWh 10kWh 15kWh Server Rack Solar Home Energy Storage LiFePO4 Battery - mylionbattery<\/title>\n<meta name=\"description\" content=\"Discover Mylion Battery&#039;s innovative battery solutions, including mini UPS systems and lithium-ion batteries. Offering high-quality, customizable products designed with advanced technology to deliver exceptional performance and reliability for global markets.\" \/>\n<meta name=\"robots\" content=\"index, follow, max-snippet:-1, max-image-preview:large, max-video-preview:-1\" \/>\n<link rel=\"canonical\" href=\"https:\/\/mylionbattery.com\/fr\/produit\/custom-48v-51-2v-100ah-200ah-lithium-battery-bms-5kwh-10kwh-15kwh-server-rack-solar-home-energy-storage-lifepo4-battery\/\" \/>\n<meta property=\"og:locale\" content=\"fr_FR\" \/>\n<meta property=\"og:type\" content=\"article\" \/>\n<meta property=\"og:title\" content=\"Custom 48V 51.2V 100Ah 200Ah Lithium Battery BMS 5kWh 10kWh 15kWh Server Rack Solar Home Energy Storage LiFePO4 Battery - mylionbattery\" \/>\n<meta property=\"og:description\" content=\"Discover Mylion Battery&#039;s innovative battery solutions, including mini UPS systems and lithium-ion batteries. Offering high-quality, customizable products designed with advanced technology to deliver exceptional performance and reliability for global markets.\" \/>\n<meta property=\"og:url\" content=\"https:\/\/mylionbattery.com\/fr\/produit\/custom-48v-51-2v-100ah-200ah-lithium-battery-bms-5kwh-10kwh-15kwh-server-rack-solar-home-energy-storage-lifepo4-battery\/\" \/>\n<meta property=\"og:site_name\" content=\"mylionbattery\" \/>\n<meta property=\"article:modified_time\" content=\"2025-07-22T06:43:28+00:00\" \/>\n<meta property=\"og:image\" content=\"https:\/\/mylionbattery.com\/wp-content\/uploads\/2025\/07\/3-1.webp\" \/>\n\t<meta property=\"og:image:width\" content=\"1000\" \/>\n\t<meta property=\"og:image:height\" content=\"1000\" \/>\n\t<meta property=\"og:image:type\" content=\"image\/jpeg\" \/>\n<meta name=\"twitter:card\" content=\"summary_large_image\" \/>\n<meta name=\"twitter:label1\" content=\"Dur\u00e9e de lecture estim\u00e9e\" \/>\n\t<meta name=\"twitter:data1\" content=\"3 minutes\" \/>\n<script type=\"application\/ld+json\" class=\"yoast-schema-graph\">{\"@context\":\"https:\/\/schema.org\",\"@graph\":[{\"@type\":\"WebPage\",\"@id\":\"https:\/\/mylionbattery.com\/product\/custom-48v-51-2v-100ah-200ah-lithium-battery-bms-5kwh-10kwh-15kwh-server-rack-solar-home-energy-storage-lifepo4-battery\/\",\"url\":\"https:\/\/mylionbattery.com\/product\/custom-48v-51-2v-100ah-200ah-lithium-battery-bms-5kwh-10kwh-15kwh-server-rack-solar-home-energy-storage-lifepo4-battery\/\",\"name\":\"Custom 48V 51.2V 100Ah 200Ah Lithium Battery BMS 5kWh 10kWh 15kWh Server Rack Solar Home Energy Storage LiFePO4 Battery - mylionbattery\",\"isPartOf\":{\"@id\":\"https:\/\/mylionbattery.com\/#website\"},\"primaryImageOfPage\":{\"@id\":\"https:\/\/mylionbattery.com\/product\/custom-48v-51-2v-100ah-200ah-lithium-battery-bms-5kwh-10kwh-15kwh-server-rack-solar-home-energy-storage-lifepo4-battery\/#primaryimage\"},\"image\":{\"@id\":\"https:\/\/mylionbattery.com\/product\/custom-48v-51-2v-100ah-200ah-lithium-battery-bms-5kwh-10kwh-15kwh-server-rack-solar-home-energy-storage-lifepo4-battery\/#primaryimage\"},\"thumbnailUrl\":\"https:\/\/mylionbattery.com\/wp-content\/uploads\/2025\/07\/3-1.webp\",\"datePublished\":\"2025-07-22T06:39:53+00:00\",\"dateModified\":\"2025-07-22T06:43:28+00:00\",\"description\":\"Discover Mylion Battery's innovative battery solutions, including mini UPS systems and lithium-ion batteries. Offering high-quality, customizable products designed with advanced technology to deliver exceptional performance and reliability for global markets.\",\"breadcrumb\":{\"@id\":\"https:\/\/mylionbattery.com\/product\/custom-48v-51-2v-100ah-200ah-lithium-battery-bms-5kwh-10kwh-15kwh-server-rack-solar-home-energy-storage-lifepo4-battery\/#breadcrumb\"},\"inLanguage\":\"fr-FR\",\"potentialAction\":[{\"@type\":\"ReadAction\",\"target\":[\"https:\/\/mylionbattery.com\/product\/custom-48v-51-2v-100ah-200ah-lithium-battery-bms-5kwh-10kwh-15kwh-server-rack-solar-home-energy-storage-lifepo4-battery\/\"]}]},{\"@type\":\"ImageObject\",\"inLanguage\":\"fr-FR\",\"@id\":\"https:\/\/mylionbattery.com\/product\/custom-48v-51-2v-100ah-200ah-lithium-battery-bms-5kwh-10kwh-15kwh-server-rack-solar-home-energy-storage-lifepo4-battery\/#primaryimage\",\"url\":\"https:\/\/mylionbattery.com\/wp-content\/uploads\/2025\/07\/3-1.webp\",\"contentUrl\":\"https:\/\/mylionbattery.com\/wp-content\/uploads\/2025\/07\/3-1.webp\",\"width\":1000,\"height\":1000,\"caption\":\"life po4 battery\"},{\"@type\":\"BreadcrumbList\",\"@id\":\"https:\/\/mylionbattery.com\/product\/custom-48v-51-2v-100ah-200ah-lithium-battery-bms-5kwh-10kwh-15kwh-server-rack-solar-home-energy-storage-lifepo4-battery\/#breadcrumb\",\"itemListElement\":[{\"@type\":\"ListItem\",\"position\":1,\"name\":\"\u9996\u9875\",\"item\":\"https:\/\/mylionbattery.com\/\"},{\"@type\":\"ListItem\",\"position\":2,\"name\":\"Products\",\"item\":\"https:\/\/mylionbattery.com\/products\/\"},{\"@type\":\"ListItem\",\"position\":3,\"name\":\"Custom 48V 51.2V 100Ah 200Ah Lithium Battery BMS 5kWh 10kWh 15kWh Server Rack Solar Home Energy Storage LiFePO4 Battery\"}]},{\"@type\":\"WebSite\",\"@id\":\"https:\/\/mylionbattery.com\/#website\",\"url\":\"https:\/\/mylionbattery.com\/\",\"name\":\"Mylionbattery\",\"description\":\"mylionbattery\",\"publisher\":{\"@id\":\"https:\/\/mylionbattery.com\/#organization\"},\"potentialAction\":[{\"@type\":\"SearchAction\",\"target\":{\"@type\":\"EntryPoint\",\"urlTemplate\":\"https:\/\/mylionbattery.com\/?s={search_term_string}\"},\"query-input\":{\"@type\":\"PropertyValueSpecification\",\"valueRequired\":true,\"valueName\":\"search_term_string\"}}],\"inLanguage\":\"fr-FR\"},{\"@type\":\"Organization\",\"@id\":\"https:\/\/mylionbattery.com\/#organization\",\"name\":\"Mylionbattery\",\"url\":\"https:\/\/mylionbattery.com\/\",\"logo\":{\"@type\":\"ImageObject\",\"inLanguage\":\"fr-FR\",\"@id\":\"https:\/\/mylionbattery.com\/#\/schema\/logo\/image\/\",\"url\":\"http:\/\/mylionbattery.com\/wp-content\/uploads\/2024\/09\/\u767d\u5e95mylion-logo\u6b63\u65b9\u5f62.png\",\"contentUrl\":\"http:\/\/mylionbattery.com\/wp-content\/uploads\/2024\/09\/\u767d\u5e95mylion-logo\u6b63\u65b9\u5f62.png\",\"width\":600,\"height\":600,\"caption\":\"Mylionbattery\"},\"image\":{\"@id\":\"https:\/\/mylionbattery.com\/#\/schema\/logo\/image\/\"}}]}<\/script>\n<!-- \/ Yoast SEO plugin. -->","yoast_head_json":{"title":"Custom 48V 51.2V 100Ah 200Ah Lithium Battery BMS 5kWh 10kWh 15kWh Server Rack Solar Home Energy Storage LiFePO4 Battery - mylionbattery","description":"Discover Mylion Battery's innovative battery solutions, including mini UPS systems and lithium-ion batteries. Offering high-quality, customizable products designed with advanced technology to deliver exceptional performance and reliability for global markets.","robots":{"index":"index","follow":"follow","max-snippet":"max-snippet:-1","max-image-preview":"max-image-preview:large","max-video-preview":"max-video-preview:-1"},"canonical":"https:\/\/mylionbattery.com\/fr\/produit\/custom-48v-51-2v-100ah-200ah-lithium-battery-bms-5kwh-10kwh-15kwh-server-rack-solar-home-energy-storage-lifepo4-battery\/","og_locale":"fr_FR","og_type":"article","og_title":"Custom 48V 51.2V 100Ah 200Ah Lithium Battery BMS 5kWh 10kWh 15kWh Server Rack Solar Home Energy Storage LiFePO4 Battery - mylionbattery","og_description":"Discover Mylion Battery's innovative battery solutions, including mini UPS systems and lithium-ion batteries. Offering high-quality, customizable products designed with advanced technology to deliver exceptional performance and reliability for global markets.","og_url":"https:\/\/mylionbattery.com\/fr\/produit\/custom-48v-51-2v-100ah-200ah-lithium-battery-bms-5kwh-10kwh-15kwh-server-rack-solar-home-energy-storage-lifepo4-battery\/","og_site_name":"mylionbattery","article_modified_time":"2025-07-22T06:43:28+00:00","og_image":[{"width":1000,"height":1000,"url":"https:\/\/mylionbattery.com\/wp-content\/uploads\/2025\/07\/3-1.webp","type":"image\/jpeg"}],"twitter_card":"summary_large_image","twitter_misc":{"Dur\u00e9e de lecture estim\u00e9e":"3 minutes"},"schema":{"@context":"https:\/\/schema.org","@graph":[{"@type":"WebPage","@id":"https:\/\/mylionbattery.com\/product\/custom-48v-51-2v-100ah-200ah-lithium-battery-bms-5kwh-10kwh-15kwh-server-rack-solar-home-energy-storage-lifepo4-battery\/","url":"https:\/\/mylionbattery.com\/product\/custom-48v-51-2v-100ah-200ah-lithium-battery-bms-5kwh-10kwh-15kwh-server-rack-solar-home-energy-storage-lifepo4-battery\/","name":"Custom 48V 51.2V 100Ah 200Ah Lithium Battery BMS 5kWh 10kWh 15kWh Server Rack Solar Home Energy Storage LiFePO4 Battery - mylionbattery","isPartOf":{"@id":"https:\/\/mylionbattery.com\/#website"},"primaryImageOfPage":{"@id":"https:\/\/mylionbattery.com\/product\/custom-48v-51-2v-100ah-200ah-lithium-battery-bms-5kwh-10kwh-15kwh-server-rack-solar-home-energy-storage-lifepo4-battery\/#primaryimage"},"image":{"@id":"https:\/\/mylionbattery.com\/product\/custom-48v-51-2v-100ah-200ah-lithium-battery-bms-5kwh-10kwh-15kwh-server-rack-solar-home-energy-storage-lifepo4-battery\/#primaryimage"},"thumbnailUrl":"https:\/\/mylionbattery.com\/wp-content\/uploads\/2025\/07\/3-1.webp","datePublished":"2025-07-22T06:39:53+00:00","dateModified":"2025-07-22T06:43:28+00:00","description":"Discover Mylion Battery's innovative battery solutions, including mini UPS systems and lithium-ion batteries. Offering high-quality, customizable products designed with advanced technology to deliver exceptional performance and reliability for global markets.","breadcrumb":{"@id":"https:\/\/mylionbattery.com\/product\/custom-48v-51-2v-100ah-200ah-lithium-battery-bms-5kwh-10kwh-15kwh-server-rack-solar-home-energy-storage-lifepo4-battery\/#breadcrumb"},"inLanguage":"fr-FR","potentialAction":[{"@type":"ReadAction","target":["https:\/\/mylionbattery.com\/product\/custom-48v-51-2v-100ah-200ah-lithium-battery-bms-5kwh-10kwh-15kwh-server-rack-solar-home-energy-storage-lifepo4-battery\/"]}]},{"@type":"ImageObject","inLanguage":"fr-FR","@id":"https:\/\/mylionbattery.com\/product\/custom-48v-51-2v-100ah-200ah-lithium-battery-bms-5kwh-10kwh-15kwh-server-rack-solar-home-energy-storage-lifepo4-battery\/#primaryimage","url":"https:\/\/mylionbattery.com\/wp-content\/uploads\/2025\/07\/3-1.webp","contentUrl":"https:\/\/mylionbattery.com\/wp-content\/uploads\/2025\/07\/3-1.webp","width":1000,"height":1000,"caption":"life po4 battery"},{"@type":"BreadcrumbList","@id":"https:\/\/mylionbattery.com\/product\/custom-48v-51-2v-100ah-200ah-lithium-battery-bms-5kwh-10kwh-15kwh-server-rack-solar-home-energy-storage-lifepo4-battery\/#breadcrumb","itemListElement":[{"@type":"ListItem","position":1,"name":"\u9996\u9875","item":"https:\/\/mylionbattery.com\/"},{"@type":"ListItem","position":2,"name":"Products","item":"https:\/\/mylionbattery.com\/products\/"},{"@type":"ListItem","position":3,"name":"Custom 48V 51.2V 100Ah 200Ah Lithium Battery BMS 5kWh 10kWh 15kWh Server Rack Solar Home Energy Storage LiFePO4 Battery"}]},{"@type":"WebSite","@id":"https:\/\/mylionbattery.com\/#website","url":"https:\/\/mylionbattery.com\/","name":"Mylionbattery","description":"mylionbattery","publisher":{"@id":"https:\/\/mylionbattery.com\/#organization"},"potentialAction":[{"@type":"SearchAction","target":{"@type":"EntryPoint","urlTemplate":"https:\/\/mylionbattery.com\/?s={search_term_string}"},"query-input":{"@type":"PropertyValueSpecification","valueRequired":true,"valueName":"search_term_string"}}],"inLanguage":"fr-FR"},{"@type":"Organization","@id":"https:\/\/mylionbattery.com\/#organization","name":"Mylionbattery","url":"https:\/\/mylionbattery.com\/","logo":{"@type":"ImageObject","inLanguage":"fr-FR","@id":"https:\/\/mylionbattery.com\/#\/schema\/logo\/image\/","url":"http:\/\/mylionbattery.com\/wp-content\/uploads\/2024\/09\/\u767d\u5e95mylion-logo\u6b63\u65b9\u5f62.png","contentUrl":"http:\/\/mylionbattery.com\/wp-content\/uploads\/2024\/09\/\u767d\u5e95mylion-logo\u6b63\u65b9\u5f62.png","width":600,"height":600,"caption":"Mylionbattery"},"image":{"@id":"https:\/\/mylionbattery.com\/#\/schema\/logo\/image\/"}}]}},"_links":{"self":[{"href":"https:\/\/mylionbattery.com\/fr\/wp-json\/wp\/v2\/product\/2445","targetHints":{"allow":["GET"]}}],"collection":[{"href":"https:\/\/mylionbattery.com\/fr\/wp-json\/wp\/v2\/product"}],"about":[{"href":"https:\/\/mylionbattery.com\/fr\/wp-json\/wp\/v2\/types\/product"}],"version-history":[{"count":1,"href":"https:\/\/mylionbattery.com\/fr\/wp-json\/wp\/v2\/product\/2445\/revisions"}],"predecessor-version":[{"id":2447,"href":"https:\/\/mylionbattery.com\/fr\/wp-json\/wp\/v2\/product\/2445\/revisions\/2447"}],"wp:featuredmedia":[{"embeddable":true,"href":"https:\/\/mylionbattery.com\/fr\/wp-json\/wp\/v2\/media\/2446"}],"wp:attachment":[{"href":"https:\/\/mylionbattery.com\/fr\/wp-json\/wp\/v2\/media?parent=2445"}],"wp:term":[{"taxonomy":"product_brand","embeddable":true,"href":"https:\/\/mylionbattery.com\/fr\/wp-json\/wp\/v2\/product_brand?post=2445"},{"taxonomy":"product_cat","embeddable":true,"href":"https:\/\/mylionbattery.com\/fr\/wp-json\/wp\/v2\/product_cat?post=2445"},{"taxonomy":"product_tag","embeddable":true,"href":"https:\/\/mylionbattery.com\/fr\/wp-json\/wp\/v2\/product_tag?post=2445"}],"curies":[{"name":"wp","href":"https:\/\/api.w.org\/{rel}","templated":true}]}}