{"id":2463,"date":"2025-08-12T07:57:13","date_gmt":"2025-08-12T07:57:13","guid":{"rendered":"https:\/\/lightyellow-sardine-891901.hostingersite.com\/?post_type=product&#038;p=2463"},"modified":"2025-08-12T07:57:14","modified_gmt":"2025-08-12T07:57:14","slug":"high-quality-8-4v-5a-45w-ac-dc-power-adapter-with-110-240v-input-for-mini-ups-lithium-battery-packs","status":"publish","type":"product","link":"https:\/\/mylionbattery.com\/fr\/produit\/high-quality-8-4v-5a-45w-ac-dc-power-adapter-with-110-240v-input-for-mini-ups-lithium-battery-packs\/","title":{"rendered":"Adaptateur d&#039;alimentation CA\/CC 8,4 V 5 A 45 W de haute qualit\u00e9 avec entr\u00e9e 110-240 V pour mini UPS, packs de batteries au lithium."},"content":{"rendered":"<table style=\"height: 361px;\" width=\"1038\">\n<thead>\n<tr>\n<th style=\"text-align: left;\">Article<\/th>\n<th style=\"text-align: left;\">Sp\u00e9cification<\/th>\n<\/tr>\n<\/thead>\n<tbody>\n<tr>\n<td><strong>Nom du produit<\/strong><\/td>\n<td>Adaptateur<\/td>\n<\/tr>\n<tr>\n<td><strong>Tension de sortie<\/strong><\/td>\n<td>8,4 V<\/td>\n<\/tr>\n<tr>\n<td><strong>Courant de sortie<\/strong><\/td>\n<td>5A<\/td>\n<\/tr>\n<tr>\n<td><strong>Puissance de sortie<\/strong><\/td>\n<td>45 W<\/td>\n<\/tr>\n<tr>\n<td><strong>Mat\u00e9riel<\/strong><\/td>\n<td>Bo\u00eetier ignifuge PC + ABS<\/td>\n<\/tr>\n<tr>\n<td><strong>Tension d&#039;entr\u00e9e<\/strong><\/td>\n<td>110 V\u2013240 V CA<\/td>\n<\/tr>\n<tr>\n<td><strong>Courant d&#039;entr\u00e9e<\/strong><\/td>\n<td>Max. 1,2 A<\/td>\n<\/tr>\n<tr>\n<td><strong>Connecteurs de sortie<\/strong><\/td>\n<td>DC5525 \/ DC5521 \/ DC5515<\/td>\n<\/tr>\n<tr>\n<td><strong>Couleur<\/strong><\/td>\n<td>Noir<\/td>\n<\/tr>\n<tr>\n<td><strong>Applications<\/strong><\/td>\n<td>Onduleurs Mylion Mini, batteries au lithium, cam\u00e9ras de s\u00e9curit\u00e9, routeurs et autres appareils CC<\/td>\n<\/tr>\n<tr>\n<td><strong>Caract\u00e9ristiques de s\u00e9curit\u00e9<\/strong><\/td>\n<td>Protection contre les surtensions, les surintensit\u00e9s et les courts-circuits<\/td>\n<\/tr>\n<\/tbody>\n<\/table>\n<p><img data-dominant-color=\"a9b5c5\" data-has-transparency=\"false\" style=\"--dominant-color: #a9b5c5;\" fetchpriority=\"high\" decoding=\"async\" class=\"alignnone size-full wp-image-2464 not-transparent\" src=\"http:\/\/mylionbattery.com\/wp-content\/uploads\/2025\/08\/8.4V5A_01.webp\" alt=\"\" width=\"1500\" height=\"1609\" srcset=\"https:\/\/mylionbattery.com\/wp-content\/uploads\/2025\/08\/8.4V5A_01.webp 1500w, https:\/\/mylionbattery.com\/wp-content\/uploads\/2025\/08\/8.4V5A_01-280x300.webp 280w, https:\/\/mylionbattery.com\/wp-content\/uploads\/2025\/08\/8.4V5A_01-955x1024.webp 955w, https:\/\/mylionbattery.com\/wp-content\/uploads\/2025\/08\/8.4V5A_01-768x824.webp 768w, https:\/\/mylionbattery.com\/wp-content\/uploads\/2025\/08\/8.4V5A_01-1432x1536.webp 1432w, https:\/\/mylionbattery.com\/wp-content\/uploads\/2025\/08\/8.4V5A_01-11x12.webp 11w, https:\/\/mylionbattery.com\/wp-content\/uploads\/2025\/08\/8.4V5A_01-600x644.webp 600w\" sizes=\"(max-width: 1500px) 100vw, 1500px\" \/> <img data-dominant-color=\"bdd1e1\" data-has-transparency=\"false\" style=\"--dominant-color: #bdd1e1;\" decoding=\"async\" class=\"alignnone size-full wp-image-2465 not-transparent\" src=\"http:\/\/mylionbattery.com\/wp-content\/uploads\/2025\/08\/8.4V5A_02.webp\" alt=\"\" width=\"1500\" height=\"1609\" srcset=\"https:\/\/mylionbattery.com\/wp-content\/uploads\/2025\/08\/8.4V5A_02.webp 1500w, https:\/\/mylionbattery.com\/wp-content\/uploads\/2025\/08\/8.4V5A_02-280x300.webp 280w, https:\/\/mylionbattery.com\/wp-content\/uploads\/2025\/08\/8.4V5A_02-955x1024.webp 955w, https:\/\/mylionbattery.com\/wp-content\/uploads\/2025\/08\/8.4V5A_02-768x824.webp 768w, https:\/\/mylionbattery.com\/wp-content\/uploads\/2025\/08\/8.4V5A_02-1432x1536.webp 1432w, https:\/\/mylionbattery.com\/wp-content\/uploads\/2025\/08\/8.4V5A_02-11x12.webp 11w, https:\/\/mylionbattery.com\/wp-content\/uploads\/2025\/08\/8.4V5A_02-600x644.webp 600w\" sizes=\"(max-width: 1500px) 100vw, 1500px\" \/> <img data-dominant-color=\"d5e3ed\" data-has-transparency=\"false\" style=\"--dominant-color: #d5e3ed;\" decoding=\"async\" class=\"alignnone size-full wp-image-2466 not-transparent\" src=\"http:\/\/mylionbattery.com\/wp-content\/uploads\/2025\/08\/8.4V5A_03.webp\" alt=\"\" width=\"1500\" height=\"2062\" srcset=\"https:\/\/mylionbattery.com\/wp-content\/uploads\/2025\/08\/8.4V5A_03.webp 1500w, https:\/\/mylionbattery.com\/wp-content\/uploads\/2025\/08\/8.4V5A_03-218x300.webp 218w, https:\/\/mylionbattery.com\/wp-content\/uploads\/2025\/08\/8.4V5A_03-745x1024.webp 745w, https:\/\/mylionbattery.com\/wp-content\/uploads\/2025\/08\/8.4V5A_03-768x1056.webp 768w, https:\/\/mylionbattery.com\/wp-content\/uploads\/2025\/08\/8.4V5A_03-1117x1536.webp 1117w, https:\/\/mylionbattery.com\/wp-content\/uploads\/2025\/08\/8.4V5A_03-1490x2048.webp 1490w, https:\/\/mylionbattery.com\/wp-content\/uploads\/2025\/08\/8.4V5A_03-9x12.webp 9w, https:\/\/mylionbattery.com\/wp-content\/uploads\/2025\/08\/8.4V5A_03-600x825.webp 600w\" sizes=\"(max-width: 1500px) 100vw, 1500px\" \/> <img data-dominant-color=\"d0dae3\" data-has-transparency=\"false\" style=\"--dominant-color: #d0dae3;\" loading=\"lazy\" decoding=\"async\" class=\"alignnone size-full wp-image-2467 not-transparent\" src=\"http:\/\/mylionbattery.com\/wp-content\/uploads\/2025\/08\/8.4V5A_04.webp\" alt=\"\" width=\"1500\" height=\"1625\" srcset=\"https:\/\/mylionbattery.com\/wp-content\/uploads\/2025\/08\/8.4V5A_04.webp 1500w, https:\/\/mylionbattery.com\/wp-content\/uploads\/2025\/08\/8.4V5A_04-277x300.webp 277w, https:\/\/mylionbattery.com\/wp-content\/uploads\/2025\/08\/8.4V5A_04-945x1024.webp 945w, https:\/\/mylionbattery.com\/wp-content\/uploads\/2025\/08\/8.4V5A_04-768x832.webp 768w, https:\/\/mylionbattery.com\/wp-content\/uploads\/2025\/08\/8.4V5A_04-1418x1536.webp 1418w, https:\/\/mylionbattery.com\/wp-content\/uploads\/2025\/08\/8.4V5A_04-11x12.webp 11w, https:\/\/mylionbattery.com\/wp-content\/uploads\/2025\/08\/8.4V5A_04-600x650.webp 600w\" sizes=\"(max-width: 1500px) 100vw, 1500px\" \/> <img data-dominant-color=\"b4c2cf\" data-has-transparency=\"false\" style=\"--dominant-color: #b4c2cf;\" loading=\"lazy\" decoding=\"async\" class=\"alignnone size-full wp-image-2468 not-transparent\" src=\"http:\/\/mylionbattery.com\/wp-content\/uploads\/2025\/08\/8.4V5A_05.webp\" alt=\"\" width=\"1500\" height=\"1090\" srcset=\"https:\/\/mylionbattery.com\/wp-content\/uploads\/2025\/08\/8.4V5A_05.webp 1500w, https:\/\/mylionbattery.com\/wp-content\/uploads\/2025\/08\/8.4V5A_05-300x218.webp 300w, https:\/\/mylionbattery.com\/wp-content\/uploads\/2025\/08\/8.4V5A_05-1024x744.webp 1024w, https:\/\/mylionbattery.com\/wp-content\/uploads\/2025\/08\/8.4V5A_05-768x558.webp 768w, https:\/\/mylionbattery.com\/wp-content\/uploads\/2025\/08\/8.4V5A_05-18x12.webp 18w, https:\/\/mylionbattery.com\/wp-content\/uploads\/2025\/08\/8.4V5A_05-600x436.webp 600w\" sizes=\"(max-width: 1500px) 100vw, 1500px\" \/><\/p>","protected":false},"excerpt":{"rendered":"<p data-start=\"91\" data-end=\"112\"><strong data-start=\"91\" data-end=\"110\">Caract\u00e9ristiques:<\/strong><\/p>\n<ul data-start=\"113\" data-end=\"371\">\n<li data-start=\"113\" data-end=\"160\">\n<p data-start=\"115\" data-end=\"160\"><strong data-start=\"115\" data-end=\"144\">Tension et courant de sortie :<\/strong> 8,4 V 5 A (45 W)<\/p>\n<\/li>\n<li data-start=\"161\" data-end=\"211\">\n<p data-start=\"163\" data-end=\"211\"><strong data-start=\"163\" data-end=\"176\">Mat\u00e9riel:<\/strong> Bo\u00eetier ignifuge PC + ABS<\/p>\n<\/li>\n<li data-start=\"212\" data-end=\"260\">\n<p data-start=\"214\" data-end=\"260\"><strong data-start=\"214\" data-end=\"232\">Tension d&#039;entr\u00e9e :<\/strong> 110 V\u2013240 V CA (utilisation mondiale)<\/p>\n<\/li>\n<li data-start=\"261\" data-end=\"293\">\n<p data-start=\"263\" data-end=\"293\"><strong data-start=\"263\" data-end=\"281\">Courant d&#039;entr\u00e9e :<\/strong> Max. 1,2 A<\/p>\n<\/li>\n<li data-start=\"294\" data-end=\"350\">\n<p data-start=\"296\" data-end=\"350\"><strong data-start=\"296\" data-end=\"325\">Options de connecteur de sortie\u00a0:<\/strong> DC5525, DC5521, DC5515<\/p>\n<\/li>\n<li data-start=\"351\" data-end=\"371\">\n<p data-start=\"353\" data-end=\"371\"><strong data-start=\"353\" data-end=\"363\">Couleur:<\/strong> Noir<\/p>\n<\/li>\n<\/ul>\n<p data-start=\"373\" data-end=\"392\"><strong data-start=\"373\" data-end=\"390\">Applications :<\/strong><\/p>\n<ul data-start=\"393\" data-end=\"474\">\n<li data-start=\"393\" data-end=\"412\">\n<p data-start=\"395\" data-end=\"412\">Mylion Mini UPS\/Cam\u00e9ras de s\u00e9curit\u00e9\/Routeurs\/Autres appareils aliment\u00e9s en courant continu<\/p>\n<\/li>\n<\/ul>","protected":false},"featured_media":2470,"template":"","meta":[],"product_brand":[],"product_cat":[115],"product_tag":[116],"class_list":{"0":"post-2463","1":"product","2":"type-product","3":"status-publish","4":"has-post-thumbnail","6":"product_cat-charger-adapter","7":"product_tag-adapter","9":"first","10":"instock","11":"shipping-taxable","12":"product-type-simple"},"yoast_head":"<!-- This site is optimized with the Yoast SEO plugin v26.1.1 - https:\/\/yoast.com\/wordpress\/plugins\/seo\/ -->\n<title>High-quality 8.4V 5A 45W AC\/DC power adapter with 110-240V input for mini UPS, lithium battery packs. - mylionbattery<\/title>\n<meta name=\"description\" content=\"Discover Mylion Battery&#039;s innovative battery solutions, including mini UPS systems and lithium-ion batteries. Offering high-quality, customizable products designed with advanced technology to deliver exceptional performance and reliability for global markets.\" \/>\n<meta name=\"robots\" content=\"index, follow, max-snippet:-1, max-image-preview:large, max-video-preview:-1\" \/>\n<link rel=\"canonical\" href=\"https:\/\/mylionbattery.com\/fr\/produit\/high-quality-8-4v-5a-45w-ac-dc-power-adapter-with-110-240v-input-for-mini-ups-lithium-battery-packs\/\" \/>\n<meta property=\"og:locale\" content=\"fr_FR\" \/>\n<meta property=\"og:type\" content=\"article\" \/>\n<meta property=\"og:title\" content=\"High-quality 8.4V 5A 45W AC\/DC power adapter with 110-240V input for mini UPS, lithium battery packs. - mylionbattery\" \/>\n<meta property=\"og:description\" content=\"Discover Mylion Battery&#039;s innovative battery solutions, including mini UPS systems and lithium-ion batteries. Offering high-quality, customizable products designed with advanced technology to deliver exceptional performance and reliability for global markets.\" \/>\n<meta property=\"og:url\" content=\"https:\/\/mylionbattery.com\/fr\/produit\/high-quality-8-4v-5a-45w-ac-dc-power-adapter-with-110-240v-input-for-mini-ups-lithium-battery-packs\/\" \/>\n<meta property=\"og:site_name\" content=\"mylionbattery\" \/>\n<meta property=\"article:modified_time\" content=\"2025-08-12T07:57:14+00:00\" \/>\n<meta property=\"og:image\" content=\"https:\/\/mylionbattery.com\/wp-content\/uploads\/2025\/08\/1.webp\" \/>\n\t<meta property=\"og:image:width\" content=\"1000\" \/>\n\t<meta property=\"og:image:height\" content=\"1000\" \/>\n\t<meta property=\"og:image:type\" content=\"image\/jpeg\" \/>\n<meta name=\"twitter:card\" content=\"summary_large_image\" \/>\n<meta name=\"twitter:label1\" content=\"Dur\u00e9e de lecture estim\u00e9e\" \/>\n\t<meta name=\"twitter:data1\" content=\"2 minutes\" \/>\n<script type=\"application\/ld+json\" class=\"yoast-schema-graph\">{\"@context\":\"https:\/\/schema.org\",\"@graph\":[{\"@type\":\"WebPage\",\"@id\":\"https:\/\/mylionbattery.com\/product\/high-quality-8-4v-5a-45w-ac-dc-power-adapter-with-110-240v-input-for-mini-ups-lithium-battery-packs\/\",\"url\":\"https:\/\/mylionbattery.com\/product\/high-quality-8-4v-5a-45w-ac-dc-power-adapter-with-110-240v-input-for-mini-ups-lithium-battery-packs\/\",\"name\":\"High-quality 8.4V 5A 45W AC\/DC power adapter with 110-240V input for mini UPS, lithium battery packs. - mylionbattery\",\"isPartOf\":{\"@id\":\"https:\/\/mylionbattery.com\/it\/#website\"},\"primaryImageOfPage\":{\"@id\":\"https:\/\/mylionbattery.com\/product\/high-quality-8-4v-5a-45w-ac-dc-power-adapter-with-110-240v-input-for-mini-ups-lithium-battery-packs\/#primaryimage\"},\"image\":{\"@id\":\"https:\/\/mylionbattery.com\/product\/high-quality-8-4v-5a-45w-ac-dc-power-adapter-with-110-240v-input-for-mini-ups-lithium-battery-packs\/#primaryimage\"},\"thumbnailUrl\":\"https:\/\/mylionbattery.com\/wp-content\/uploads\/2025\/08\/1.webp\",\"datePublished\":\"2025-08-12T07:57:13+00:00\",\"dateModified\":\"2025-08-12T07:57:14+00:00\",\"description\":\"Discover Mylion Battery's innovative battery solutions, including mini UPS systems and lithium-ion batteries. Offering high-quality, customizable products designed with advanced technology to deliver exceptional performance and reliability for global markets.\",\"breadcrumb\":{\"@id\":\"https:\/\/mylionbattery.com\/product\/high-quality-8-4v-5a-45w-ac-dc-power-adapter-with-110-240v-input-for-mini-ups-lithium-battery-packs\/#breadcrumb\"},\"inLanguage\":\"fr-FR\",\"potentialAction\":[{\"@type\":\"ReadAction\",\"target\":[\"https:\/\/mylionbattery.com\/product\/high-quality-8-4v-5a-45w-ac-dc-power-adapter-with-110-240v-input-for-mini-ups-lithium-battery-packs\/\"]}]},{\"@type\":\"ImageObject\",\"inLanguage\":\"fr-FR\",\"@id\":\"https:\/\/mylionbattery.com\/product\/high-quality-8-4v-5a-45w-ac-dc-power-adapter-with-110-240v-input-for-mini-ups-lithium-battery-packs\/#primaryimage\",\"url\":\"https:\/\/mylionbattery.com\/wp-content\/uploads\/2025\/08\/1.webp\",\"contentUrl\":\"https:\/\/mylionbattery.com\/wp-content\/uploads\/2025\/08\/1.webp\",\"width\":1000,\"height\":1000},{\"@type\":\"BreadcrumbList\",\"@id\":\"https:\/\/mylionbattery.com\/product\/high-quality-8-4v-5a-45w-ac-dc-power-adapter-with-110-240v-input-for-mini-ups-lithium-battery-packs\/#breadcrumb\",\"itemListElement\":[{\"@type\":\"ListItem\",\"position\":1,\"name\":\"\u9996\u9875\",\"item\":\"https:\/\/mylionbattery.com\/it\/\"},{\"@type\":\"ListItem\",\"position\":2,\"name\":\"Products\",\"item\":\"https:\/\/mylionbattery.com\/it\/products\/\"},{\"@type\":\"ListItem\",\"position\":3,\"name\":\"High-quality 8.4V 5A 45W AC\/DC power adapter with 110-240V input for mini UPS, lithium battery packs.\"}]},{\"@type\":\"WebSite\",\"@id\":\"https:\/\/mylionbattery.com\/it\/#website\",\"url\":\"https:\/\/mylionbattery.com\/it\/\",\"name\":\"Mylionbattery\",\"description\":\"mylionbattery\",\"publisher\":{\"@id\":\"https:\/\/mylionbattery.com\/it\/#organization\"},\"potentialAction\":[{\"@type\":\"SearchAction\",\"target\":{\"@type\":\"EntryPoint\",\"urlTemplate\":\"https:\/\/mylionbattery.com\/it\/?s={search_term_string}\"},\"query-input\":{\"@type\":\"PropertyValueSpecification\",\"valueRequired\":true,\"valueName\":\"search_term_string\"}}],\"inLanguage\":\"fr-FR\"},{\"@type\":\"Organization\",\"@id\":\"https:\/\/mylionbattery.com\/it\/#organization\",\"name\":\"Mylionbattery\",\"url\":\"https:\/\/mylionbattery.com\/it\/\",\"logo\":{\"@type\":\"ImageObject\",\"inLanguage\":\"fr-FR\",\"@id\":\"https:\/\/mylionbattery.com\/it\/#\/schema\/logo\/image\/\",\"url\":\"http:\/\/mylionbattery.com\/wp-content\/uploads\/2024\/09\/\u767d\u5e95mylion-logo\u6b63\u65b9\u5f62.png\",\"contentUrl\":\"http:\/\/mylionbattery.com\/wp-content\/uploads\/2024\/09\/\u767d\u5e95mylion-logo\u6b63\u65b9\u5f62.png\",\"width\":600,\"height\":600,\"caption\":\"Mylionbattery\"},\"image\":{\"@id\":\"https:\/\/mylionbattery.com\/it\/#\/schema\/logo\/image\/\"}}]}<\/script>\n<!-- \/ Yoast SEO plugin. -->","yoast_head_json":{"title":"High-quality 8.4V 5A 45W AC\/DC power adapter with 110-240V input for mini UPS, lithium battery packs. - mylionbattery","description":"Discover Mylion Battery's innovative battery solutions, including mini UPS systems and lithium-ion batteries. Offering high-quality, customizable products designed with advanced technology to deliver exceptional performance and reliability for global markets.","robots":{"index":"index","follow":"follow","max-snippet":"max-snippet:-1","max-image-preview":"max-image-preview:large","max-video-preview":"max-video-preview:-1"},"canonical":"https:\/\/mylionbattery.com\/fr\/produit\/high-quality-8-4v-5a-45w-ac-dc-power-adapter-with-110-240v-input-for-mini-ups-lithium-battery-packs\/","og_locale":"fr_FR","og_type":"article","og_title":"High-quality 8.4V 5A 45W AC\/DC power adapter with 110-240V input for mini UPS, lithium battery packs. - mylionbattery","og_description":"Discover Mylion Battery's innovative battery solutions, including mini UPS systems and lithium-ion batteries. Offering high-quality, customizable products designed with advanced technology to deliver exceptional performance and reliability for global markets.","og_url":"https:\/\/mylionbattery.com\/fr\/produit\/high-quality-8-4v-5a-45w-ac-dc-power-adapter-with-110-240v-input-for-mini-ups-lithium-battery-packs\/","og_site_name":"mylionbattery","article_modified_time":"2025-08-12T07:57:14+00:00","og_image":[{"width":1000,"height":1000,"url":"https:\/\/mylionbattery.com\/wp-content\/uploads\/2025\/08\/1.webp","type":"image\/jpeg"}],"twitter_card":"summary_large_image","twitter_misc":{"Dur\u00e9e de lecture estim\u00e9e":"2 minutes"},"schema":{"@context":"https:\/\/schema.org","@graph":[{"@type":"WebPage","@id":"https:\/\/mylionbattery.com\/product\/high-quality-8-4v-5a-45w-ac-dc-power-adapter-with-110-240v-input-for-mini-ups-lithium-battery-packs\/","url":"https:\/\/mylionbattery.com\/product\/high-quality-8-4v-5a-45w-ac-dc-power-adapter-with-110-240v-input-for-mini-ups-lithium-battery-packs\/","name":"High-quality 8.4V 5A 45W AC\/DC power adapter with 110-240V input for mini UPS, lithium battery packs. - mylionbattery","isPartOf":{"@id":"https:\/\/mylionbattery.com\/it\/#website"},"primaryImageOfPage":{"@id":"https:\/\/mylionbattery.com\/product\/high-quality-8-4v-5a-45w-ac-dc-power-adapter-with-110-240v-input-for-mini-ups-lithium-battery-packs\/#primaryimage"},"image":{"@id":"https:\/\/mylionbattery.com\/product\/high-quality-8-4v-5a-45w-ac-dc-power-adapter-with-110-240v-input-for-mini-ups-lithium-battery-packs\/#primaryimage"},"thumbnailUrl":"https:\/\/mylionbattery.com\/wp-content\/uploads\/2025\/08\/1.webp","datePublished":"2025-08-12T07:57:13+00:00","dateModified":"2025-08-12T07:57:14+00:00","description":"Discover Mylion Battery's innovative battery solutions, including mini UPS systems and lithium-ion batteries. Offering high-quality, customizable products designed with advanced technology to deliver exceptional performance and reliability for global markets.","breadcrumb":{"@id":"https:\/\/mylionbattery.com\/product\/high-quality-8-4v-5a-45w-ac-dc-power-adapter-with-110-240v-input-for-mini-ups-lithium-battery-packs\/#breadcrumb"},"inLanguage":"fr-FR","potentialAction":[{"@type":"ReadAction","target":["https:\/\/mylionbattery.com\/product\/high-quality-8-4v-5a-45w-ac-dc-power-adapter-with-110-240v-input-for-mini-ups-lithium-battery-packs\/"]}]},{"@type":"ImageObject","inLanguage":"fr-FR","@id":"https:\/\/mylionbattery.com\/product\/high-quality-8-4v-5a-45w-ac-dc-power-adapter-with-110-240v-input-for-mini-ups-lithium-battery-packs\/#primaryimage","url":"https:\/\/mylionbattery.com\/wp-content\/uploads\/2025\/08\/1.webp","contentUrl":"https:\/\/mylionbattery.com\/wp-content\/uploads\/2025\/08\/1.webp","width":1000,"height":1000},{"@type":"BreadcrumbList","@id":"https:\/\/mylionbattery.com\/product\/high-quality-8-4v-5a-45w-ac-dc-power-adapter-with-110-240v-input-for-mini-ups-lithium-battery-packs\/#breadcrumb","itemListElement":[{"@type":"ListItem","position":1,"name":"\u9996\u9875","item":"https:\/\/mylionbattery.com\/it\/"},{"@type":"ListItem","position":2,"name":"Products","item":"https:\/\/mylionbattery.com\/it\/products\/"},{"@type":"ListItem","position":3,"name":"High-quality 8.4V 5A 45W AC\/DC power adapter with 110-240V input for mini UPS, lithium battery packs."}]},{"@type":"WebSite","@id":"https:\/\/mylionbattery.com\/it\/#website","url":"https:\/\/mylionbattery.com\/it\/","name":"Mylionbattery","description":"mylionbattery","publisher":{"@id":"https:\/\/mylionbattery.com\/it\/#organization"},"potentialAction":[{"@type":"SearchAction","target":{"@type":"EntryPoint","urlTemplate":"https:\/\/mylionbattery.com\/it\/?s={search_term_string}"},"query-input":{"@type":"PropertyValueSpecification","valueRequired":true,"valueName":"search_term_string"}}],"inLanguage":"fr-FR"},{"@type":"Organization","@id":"https:\/\/mylionbattery.com\/it\/#organization","name":"Mylionbattery","url":"https:\/\/mylionbattery.com\/it\/","logo":{"@type":"ImageObject","inLanguage":"fr-FR","@id":"https:\/\/mylionbattery.com\/it\/#\/schema\/logo\/image\/","url":"http:\/\/mylionbattery.com\/wp-content\/uploads\/2024\/09\/\u767d\u5e95mylion-logo\u6b63\u65b9\u5f62.png","contentUrl":"http:\/\/mylionbattery.com\/wp-content\/uploads\/2024\/09\/\u767d\u5e95mylion-logo\u6b63\u65b9\u5f62.png","width":600,"height":600,"caption":"Mylionbattery"},"image":{"@id":"https:\/\/mylionbattery.com\/it\/#\/schema\/logo\/image\/"}}]}},"_links":{"self":[{"href":"https:\/\/mylionbattery.com\/fr\/wp-json\/wp\/v2\/product\/2463","targetHints":{"allow":["GET"]}}],"collection":[{"href":"https:\/\/mylionbattery.com\/fr\/wp-json\/wp\/v2\/product"}],"about":[{"href":"https:\/\/mylionbattery.com\/fr\/wp-json\/wp\/v2\/types\/product"}],"version-history":[{"count":2,"href":"https:\/\/mylionbattery.com\/fr\/wp-json\/wp\/v2\/product\/2463\/revisions"}],"predecessor-version":[{"id":2475,"href":"https:\/\/mylionbattery.com\/fr\/wp-json\/wp\/v2\/product\/2463\/revisions\/2475"}],"wp:featuredmedia":[{"embeddable":true,"href":"https:\/\/mylionbattery.com\/fr\/wp-json\/wp\/v2\/media\/2470"}],"wp:attachment":[{"href":"https:\/\/mylionbattery.com\/fr\/wp-json\/wp\/v2\/media?parent=2463"}],"wp:term":[{"taxonomy":"product_brand","embeddable":true,"href":"https:\/\/mylionbattery.com\/fr\/wp-json\/wp\/v2\/product_brand?post=2463"},{"taxonomy":"product_cat","embeddable":true,"href":"https:\/\/mylionbattery.com\/fr\/wp-json\/wp\/v2\/product_cat?post=2463"},{"taxonomy":"product_tag","embeddable":true,"href":"https:\/\/mylionbattery.com\/fr\/wp-json\/wp\/v2\/product_tag?post=2463"}],"curies":[{"name":"wp","href":"https:\/\/api.w.org\/{rel}","templated":true}]}}