{"id":1038,"date":"2024-09-20T06:42:21","date_gmt":"2024-09-20T06:42:21","guid":{"rendered":"https:\/\/lightyellow-sardine-891901.hostingersite.com\/?post_type=product&#038;p=1038"},"modified":"2024-09-20T06:42:21","modified_gmt":"2024-09-20T06:42:21","slug":"mylion-app-control-3-6kw-6kw-hybrid-off-grid-inverter-for-solar-energy-system","status":"publish","type":"product","link":"https:\/\/mylionbattery.com\/it\/prodotto\/mylion-app-control-3-6kw-6kw-hybrid-off-grid-inverter-for-solar-energy-system\/","title":{"rendered":"Mylion App Control 3.6KW 6KW Inverter ibrido fuori rete per sistema di energia solare"},"content":{"rendered":"<p><strong>Mylion App Control 3KW 6KW Inverter ibrido fuori rete per sistema di energia solare<\/strong><\/p>\n<table style=\"height: 1606px;\" width=\"956\">\n<tbody>\n<tr>\n<td width=\"449\"><strong><b>Specificazione<\/b><\/strong><\/td>\n<td width=\"1038\"><strong><b>Dettagli<\/b><\/strong><\/td>\n<\/tr>\n<tr>\n<td width=\"449\"><strong><b>Modello<\/b><\/strong><\/td>\n<td width=\"1038\">Modello App-3K6L1 (3600 W, 24 V), Modello App-6KL1 (6000 W, 48 V)<\/td>\n<\/tr>\n<tr>\n<td width=\"449\"><strong><b>Potenza nominale<\/b><\/strong><\/td>\n<td width=\"1038\">Potenza: 3600 W, Potenza: 6000 W<\/td>\n<\/tr>\n<tr>\n<td width=\"449\"><strong><b>Tensione della batteria<\/b><\/strong><\/td>\n<td width=\"1038\">Alimentazione: 24 V, 6 KL1: 48 V<\/td>\n<\/tr>\n<tr>\n<td width=\"449\"><strong><b>Intervallo di tensione in ingresso<\/b><\/strong><\/td>\n<td width=\"1038\">90Vac \u2013 280Vac<\/td>\n<\/tr>\n<tr>\n<td width=\"449\"><strong><b>Tensione di uscita<\/b><\/strong><\/td>\n<td width=\"1038\">230Vac \u00b1 5%<\/td>\n<\/tr>\n<tr>\n<td width=\"449\"><strong><b>Corrente di carica massima<\/b><\/strong><\/td>\n<td width=\"1038\">App-3K6L1: 100A, App-6KL1: 120A<\/td>\n<\/tr>\n<tr>\n<td width=\"449\"><strong><b>Capacit\u00e0 parallela<\/b><\/strong><\/td>\n<td width=\"1038\">Supporta fino a 12 unit\u00e0 in parallelo<\/td>\n<\/tr>\n<tr>\n<td width=\"449\"><strong><b>Limitazione della tensione della batteria<\/b><\/strong><\/td>\n<td width=\"1038\">Quando la tensione della batteria \u00e8 inferiore a 50 V, la potenza in uscita verr\u00e0 ridotta. La tensione di uscita CA minima \u00e8 180 V<\/td>\n<\/tr>\n<tr>\n<td rowspan=\"4\" width=\"449\"><strong><b>Display e indicatori<\/b><\/strong><\/td>\n<td width=\"1038\">\u2013 Schermo LCD<\/td>\n<\/tr>\n<tr>\n<td width=\"1038\">\u2013 Indicatore di carica<\/td>\n<\/tr>\n<tr>\n<td width=\"1038\">\u2013 Indicatore di guasto o avviso<\/td>\n<\/tr>\n<tr>\n<td width=\"1038\">\u2013 Indicatore bypass\/inverter di utilit\u00e0<\/td>\n<\/tr>\n<tr>\n<td rowspan=\"7\" width=\"449\"><strong><b>Porte e connessioni<\/b><\/strong><\/td>\n<td width=\"1038\">\u2013 Porta di uscita CA<\/td>\n<\/tr>\n<tr>\n<td width=\"1038\">\u2013 Porta di ingresso CA<\/td>\n<\/tr>\n<tr>\n<td width=\"1038\">\u2013 Porta di connessione di comunicazione<\/td>\n<\/tr>\n<tr>\n<td width=\"1038\">\u2013 Porta di contatto a secco<\/td>\n<\/tr>\n<tr>\n<td width=\"1038\">\u2013 Porte di collegamento Batteria+ e Batteria-<\/td>\n<\/tr>\n<tr>\n<td width=\"1038\">\u2013 Porta di collegamento di ingresso FV<\/td>\n<\/tr>\n<tr>\n<td width=\"1038\">\u2013 Porta CAN di collegamento parallelo<\/td>\n<\/tr>\n<tr>\n<td width=\"449\"><strong><b>Corrente di carica<\/b><\/strong><\/td>\n<td width=\"1038\">40A (App-3K6L1), 50A (App-6KL1)<\/td>\n<\/tr>\n<tr>\n<td width=\"449\"><strong><b>Frequenza operativa<\/b><\/strong><\/td>\n<td width=\"1038\">50Hz\/60Hz \u00b1 0,3Hz (regolabile)<\/td>\n<\/tr>\n<tr>\n<td rowspan=\"2\" width=\"449\"><strong><b>Capacit\u00e0 di carico<\/b><\/strong><\/td>\n<td width=\"1038\">\u2013 5,5 s @ \u2265150% carico<\/td>\n<\/tr>\n<tr>\n<td width=\"1038\">\u2013 10,5 s @ carico 105%-150%<\/td>\n<\/tr>\n<tr>\n<td width=\"449\"><strong><b>Limitazioni di temperatura<\/b><\/strong><\/td>\n<td width=\"1038\">Quando la temperatura ambiente supera i 45\u00b0C, la potenza in uscita viene ridotta. Tensione minima in uscita CA: 180 V<\/td>\n<\/tr>\n<tr>\n<td rowspan=\"2\" width=\"449\"><strong><b>Dimensioni (PxLxA)<\/b><\/strong><\/td>\n<td width=\"1038\">Dimensioni dell&#039;app-3K6L1: 120x345x443mm<\/td>\n<\/tr>\n<tr>\n<td width=\"1038\">Dimensioni dell&#039;app-6KL1: 140x365x463mm<\/td>\n<\/tr>\n<tr>\n<td rowspan=\"2\" width=\"449\"><strong><b>Peso<\/b><\/strong><\/td>\n<td width=\"1038\">Peso netto: App-3K6L1: 12 kg, App-6KL1: 14 kg<\/td>\n<\/tr>\n<tr>\n<td width=\"1038\">Peso lordo: App-3K6L1: 13 kg, App-6KL1: 15 kg<\/td>\n<\/tr>\n<\/tbody>\n<\/table>\n<p>&nbsp;<\/p>\n<p><img fetchpriority=\"high\" decoding=\"async\" class=\"alignnone size-full wp-image-1046\" src=\"http:\/\/mylionbattery.com\/wp-content\/uploads\/2024\/09\/6KW_01.jpg\" alt=\"\" width=\"1500\" height=\"2280\" srcset=\"https:\/\/mylionbattery.com\/wp-content\/uploads\/2024\/09\/6KW_01.jpg 1500w, https:\/\/mylionbattery.com\/wp-content\/uploads\/2024\/09\/6KW_01-197x300.jpg 197w, https:\/\/mylionbattery.com\/wp-content\/uploads\/2024\/09\/6KW_01-674x1024.jpg 674w, https:\/\/mylionbattery.com\/wp-content\/uploads\/2024\/09\/6KW_01-768x1167.jpg 768w, https:\/\/mylionbattery.com\/wp-content\/uploads\/2024\/09\/6KW_01-1011x1536.jpg 1011w, https:\/\/mylionbattery.com\/wp-content\/uploads\/2024\/09\/6KW_01-1347x2048.jpg 1347w, https:\/\/mylionbattery.com\/wp-content\/uploads\/2024\/09\/6KW_01-8x12.jpg 8w, https:\/\/mylionbattery.com\/wp-content\/uploads\/2024\/09\/6KW_01-600x912.jpg 600w\" sizes=\"(max-width: 1500px) 100vw, 1500px\" \/> <img decoding=\"async\" class=\"alignnone size-full wp-image-1047\" src=\"http:\/\/mylionbattery.com\/wp-content\/uploads\/2024\/09\/6KW_02.jpg\" alt=\"\" width=\"1500\" height=\"1461\" srcset=\"https:\/\/mylionbattery.com\/wp-content\/uploads\/2024\/09\/6KW_02.jpg 1500w, https:\/\/mylionbattery.com\/wp-content\/uploads\/2024\/09\/6KW_02-300x292.jpg 300w, https:\/\/mylionbattery.com\/wp-content\/uploads\/2024\/09\/6KW_02-1024x997.jpg 1024w, https:\/\/mylionbattery.com\/wp-content\/uploads\/2024\/09\/6KW_02-768x748.jpg 768w, https:\/\/mylionbattery.com\/wp-content\/uploads\/2024\/09\/6KW_02-12x12.jpg 12w, https:\/\/mylionbattery.com\/wp-content\/uploads\/2024\/09\/6KW_02-600x584.jpg 600w\" sizes=\"(max-width: 1500px) 100vw, 1500px\" \/> <img decoding=\"async\" class=\"alignnone size-full wp-image-1048\" src=\"http:\/\/mylionbattery.com\/wp-content\/uploads\/2024\/09\/6KW_03.jpg\" alt=\"\" width=\"1500\" height=\"1618\" srcset=\"https:\/\/mylionbattery.com\/wp-content\/uploads\/2024\/09\/6KW_03.jpg 1500w, https:\/\/mylionbattery.com\/wp-content\/uploads\/2024\/09\/6KW_03-278x300.jpg 278w, https:\/\/mylionbattery.com\/wp-content\/uploads\/2024\/09\/6KW_03-949x1024.jpg 949w, https:\/\/mylionbattery.com\/wp-content\/uploads\/2024\/09\/6KW_03-768x828.jpg 768w, https:\/\/mylionbattery.com\/wp-content\/uploads\/2024\/09\/6KW_03-1424x1536.jpg 1424w, https:\/\/mylionbattery.com\/wp-content\/uploads\/2024\/09\/6KW_03-11x12.jpg 11w, https:\/\/mylionbattery.com\/wp-content\/uploads\/2024\/09\/6KW_03-600x647.jpg 600w\" sizes=\"(max-width: 1500px) 100vw, 1500px\" \/> <img loading=\"lazy\" decoding=\"async\" class=\"alignnone size-full wp-image-1049\" src=\"http:\/\/mylionbattery.com\/wp-content\/uploads\/2024\/09\/6KW_04.jpg\" alt=\"\" width=\"1500\" height=\"1791\" srcset=\"https:\/\/mylionbattery.com\/wp-content\/uploads\/2024\/09\/6KW_04.jpg 1500w, https:\/\/mylionbattery.com\/wp-content\/uploads\/2024\/09\/6KW_04-251x300.jpg 251w, https:\/\/mylionbattery.com\/wp-content\/uploads\/2024\/09\/6KW_04-858x1024.jpg 858w, https:\/\/mylionbattery.com\/wp-content\/uploads\/2024\/09\/6KW_04-768x917.jpg 768w, https:\/\/mylionbattery.com\/wp-content\/uploads\/2024\/09\/6KW_04-1286x1536.jpg 1286w, https:\/\/mylionbattery.com\/wp-content\/uploads\/2024\/09\/6KW_04-10x12.jpg 10w, https:\/\/mylionbattery.com\/wp-content\/uploads\/2024\/09\/6KW_04-600x716.jpg 600w\" sizes=\"(max-width: 1500px) 100vw, 1500px\" \/> <img loading=\"lazy\" decoding=\"async\" class=\"alignnone size-full wp-image-1050\" src=\"http:\/\/mylionbattery.com\/wp-content\/uploads\/2024\/09\/6KW_05.jpg\" alt=\"\" width=\"1500\" height=\"1704\" srcset=\"https:\/\/mylionbattery.com\/wp-content\/uploads\/2024\/09\/6KW_05.jpg 1500w, https:\/\/mylionbattery.com\/wp-content\/uploads\/2024\/09\/6KW_05-264x300.jpg 264w, https:\/\/mylionbattery.com\/wp-content\/uploads\/2024\/09\/6KW_05-901x1024.jpg 901w, https:\/\/mylionbattery.com\/wp-content\/uploads\/2024\/09\/6KW_05-768x872.jpg 768w, https:\/\/mylionbattery.com\/wp-content\/uploads\/2024\/09\/6KW_05-1352x1536.jpg 1352w, https:\/\/mylionbattery.com\/wp-content\/uploads\/2024\/09\/6KW_05-11x12.jpg 11w, https:\/\/mylionbattery.com\/wp-content\/uploads\/2024\/09\/6KW_05-600x682.jpg 600w\" sizes=\"(max-width: 1500px) 100vw, 1500px\" \/> <img loading=\"lazy\" decoding=\"async\" class=\"alignnone size-full wp-image-1051\" src=\"http:\/\/mylionbattery.com\/wp-content\/uploads\/2024\/09\/6KW_06-scaled.jpg\" alt=\"\" width=\"1426\" height=\"2560\" srcset=\"https:\/\/mylionbattery.com\/wp-content\/uploads\/2024\/09\/6KW_06-scaled.jpg 1426w, https:\/\/mylionbattery.com\/wp-content\/uploads\/2024\/09\/6KW_06-167x300.jpg 167w, https:\/\/mylionbattery.com\/wp-content\/uploads\/2024\/09\/6KW_06-571x1024.jpg 571w, https:\/\/mylionbattery.com\/wp-content\/uploads\/2024\/09\/6KW_06-768x1378.jpg 768w, https:\/\/mylionbattery.com\/wp-content\/uploads\/2024\/09\/6KW_06-856x1536.jpg 856w, https:\/\/mylionbattery.com\/wp-content\/uploads\/2024\/09\/6KW_06-1141x2048.jpg 1141w, https:\/\/mylionbattery.com\/wp-content\/uploads\/2024\/09\/6KW_06-7x12.jpg 7w, https:\/\/mylionbattery.com\/wp-content\/uploads\/2024\/09\/6KW_06-600x1077.jpg 600w\" sizes=\"(max-width: 1426px) 100vw, 1426px\" \/><\/p>\n<p>&nbsp;<\/p>\n<p>&nbsp;<\/p>","protected":false},"excerpt":{"rendered":"<p><strong><b>Modello: App-6KL1 (6000W, 48V)<\/b><\/strong><\/p>\n<p>Intervallo di tensione in ingresso: 90 V CA \u2013 280 V CA<\/p>\n<p>Tensione di uscita: 230 V CA \u00b1 51 TP3T<\/p>\n<p>Corrente di carica massima: 120 A<\/p>\n<p>Limitazione della tensione della batteria: la potenza in uscita diminuisce quando la tensione della batteria \u00e8 inferiore a 50 V, uscita CA minima: 180 V<\/p>\n<p>Controllo app: supporta il monitoraggio e il controllo tramite app per smartphone<\/p>\n<p><strong><b>Applicazioni:<\/b><\/strong><\/p>\n<p>Sistemi residenziali fuori rete<\/p>\n<p>Piccole configurazioni di potenza commerciale<\/p>\n<p>Alimentazione di backup durante le interruzioni<\/p>\n<p>Sistema di telecomunicazioni e IT<\/p>","protected":false},"featured_media":1039,"template":"","meta":[],"product_brand":[],"product_cat":[22,42],"product_tag":[],"class_list":{"0":"post-1038","1":"product","2":"type-product","3":"status-publish","4":"has-post-thumbnail","6":"product_cat-home-energy-storage-system","7":"product_cat-inverter","9":"first","10":"instock","11":"shipping-taxable","12":"product-type-simple"},"yoast_head":"<!-- This site is optimized with the Yoast SEO plugin v26.1.1 - https:\/\/yoast.com\/wordpress\/plugins\/seo\/ -->\n<title>Mylion App Control 3.6KW 6KW Hybrid Off Grid Inverter For Solar Energy System - mylionbattery<\/title>\n<meta name=\"description\" content=\"Discover Mylion Battery&#039;s innovative battery solutions, including mini UPS systems and lithium-ion batteries. Offering high-quality, customizable products designed with advanced technology to deliver exceptional performance and reliability for global markets.\" \/>\n<meta name=\"robots\" content=\"index, follow, max-snippet:-1, max-image-preview:large, max-video-preview:-1\" \/>\n<link rel=\"canonical\" href=\"https:\/\/mylionbattery.com\/it\/prodotto\/mylion-app-control-3-6kw-6kw-hybrid-off-grid-inverter-for-solar-energy-system\/\" \/>\n<meta property=\"og:locale\" content=\"it_IT\" \/>\n<meta property=\"og:type\" content=\"article\" \/>\n<meta property=\"og:title\" content=\"Mylion App Control 3.6KW 6KW Hybrid Off Grid Inverter For Solar Energy System - mylionbattery\" \/>\n<meta property=\"og:description\" content=\"Discover Mylion Battery&#039;s innovative battery solutions, including mini UPS systems and lithium-ion batteries. Offering high-quality, customizable products designed with advanced technology to deliver exceptional performance and reliability for global markets.\" \/>\n<meta property=\"og:url\" content=\"https:\/\/mylionbattery.com\/it\/prodotto\/mylion-app-control-3-6kw-6kw-hybrid-off-grid-inverter-for-solar-energy-system\/\" \/>\n<meta property=\"og:site_name\" content=\"mylionbattery\" \/>\n<meta property=\"og:image\" content=\"https:\/\/mylionbattery.com\/wp-content\/uploads\/2024\/09\/1.jpg\" \/>\n\t<meta property=\"og:image:width\" content=\"1000\" \/>\n\t<meta property=\"og:image:height\" content=\"1000\" \/>\n\t<meta property=\"og:image:type\" content=\"image\/jpeg\" \/>\n<meta name=\"twitter:card\" content=\"summary_large_image\" \/>\n<meta name=\"twitter:label1\" content=\"Tempo di lettura stimato\" \/>\n\t<meta name=\"twitter:data1\" content=\"1 minuto\" \/>\n<script type=\"application\/ld+json\" class=\"yoast-schema-graph\">{\"@context\":\"https:\/\/schema.org\",\"@graph\":[{\"@type\":\"WebPage\",\"@id\":\"https:\/\/mylionbattery.com\/product\/mylion-app-control-3-6kw-6kw-hybrid-off-grid-inverter-for-solar-energy-system\/\",\"url\":\"https:\/\/mylionbattery.com\/product\/mylion-app-control-3-6kw-6kw-hybrid-off-grid-inverter-for-solar-energy-system\/\",\"name\":\"Mylion App Control 3.6KW 6KW Hybrid Off Grid Inverter For Solar Energy System - mylionbattery\",\"isPartOf\":{\"@id\":\"https:\/\/mylionbattery.com\/#website\"},\"primaryImageOfPage\":{\"@id\":\"https:\/\/mylionbattery.com\/product\/mylion-app-control-3-6kw-6kw-hybrid-off-grid-inverter-for-solar-energy-system\/#primaryimage\"},\"image\":{\"@id\":\"https:\/\/mylionbattery.com\/product\/mylion-app-control-3-6kw-6kw-hybrid-off-grid-inverter-for-solar-energy-system\/#primaryimage\"},\"thumbnailUrl\":\"https:\/\/mylionbattery.com\/wp-content\/uploads\/2024\/09\/1.jpg\",\"datePublished\":\"2024-09-20T06:42:21+00:00\",\"description\":\"Discover Mylion Battery's innovative battery solutions, including mini UPS systems and lithium-ion batteries. Offering high-quality, customizable products designed with advanced technology to deliver exceptional performance and reliability for global markets.\",\"breadcrumb\":{\"@id\":\"https:\/\/mylionbattery.com\/product\/mylion-app-control-3-6kw-6kw-hybrid-off-grid-inverter-for-solar-energy-system\/#breadcrumb\"},\"inLanguage\":\"it-IT\",\"potentialAction\":[{\"@type\":\"ReadAction\",\"target\":[\"https:\/\/mylionbattery.com\/product\/mylion-app-control-3-6kw-6kw-hybrid-off-grid-inverter-for-solar-energy-system\/\"]}]},{\"@type\":\"ImageObject\",\"inLanguage\":\"it-IT\",\"@id\":\"https:\/\/mylionbattery.com\/product\/mylion-app-control-3-6kw-6kw-hybrid-off-grid-inverter-for-solar-energy-system\/#primaryimage\",\"url\":\"https:\/\/mylionbattery.com\/wp-content\/uploads\/2024\/09\/1.jpg\",\"contentUrl\":\"https:\/\/mylionbattery.com\/wp-content\/uploads\/2024\/09\/1.jpg\",\"width\":1000,\"height\":1000},{\"@type\":\"BreadcrumbList\",\"@id\":\"https:\/\/mylionbattery.com\/product\/mylion-app-control-3-6kw-6kw-hybrid-off-grid-inverter-for-solar-energy-system\/#breadcrumb\",\"itemListElement\":[{\"@type\":\"ListItem\",\"position\":1,\"name\":\"\u9996\u9875\",\"item\":\"https:\/\/mylionbattery.com\/\"},{\"@type\":\"ListItem\",\"position\":2,\"name\":\"Products\",\"item\":\"https:\/\/mylionbattery.com\/products\/\"},{\"@type\":\"ListItem\",\"position\":3,\"name\":\"Mylion App Control 3.6KW 6KW Hybrid Off Grid Inverter For Solar Energy System\"}]},{\"@type\":\"WebSite\",\"@id\":\"https:\/\/mylionbattery.com\/#website\",\"url\":\"https:\/\/mylionbattery.com\/\",\"name\":\"Mylionbattery\",\"description\":\"mylionbattery\",\"publisher\":{\"@id\":\"https:\/\/mylionbattery.com\/#organization\"},\"potentialAction\":[{\"@type\":\"SearchAction\",\"target\":{\"@type\":\"EntryPoint\",\"urlTemplate\":\"https:\/\/mylionbattery.com\/?s={search_term_string}\"},\"query-input\":{\"@type\":\"PropertyValueSpecification\",\"valueRequired\":true,\"valueName\":\"search_term_string\"}}],\"inLanguage\":\"it-IT\"},{\"@type\":\"Organization\",\"@id\":\"https:\/\/mylionbattery.com\/#organization\",\"name\":\"Mylionbattery\",\"url\":\"https:\/\/mylionbattery.com\/\",\"logo\":{\"@type\":\"ImageObject\",\"inLanguage\":\"it-IT\",\"@id\":\"https:\/\/mylionbattery.com\/#\/schema\/logo\/image\/\",\"url\":\"http:\/\/mylionbattery.com\/wp-content\/uploads\/2024\/09\/\u767d\u5e95mylion-logo\u6b63\u65b9\u5f62.png\",\"contentUrl\":\"http:\/\/mylionbattery.com\/wp-content\/uploads\/2024\/09\/\u767d\u5e95mylion-logo\u6b63\u65b9\u5f62.png\",\"width\":600,\"height\":600,\"caption\":\"Mylionbattery\"},\"image\":{\"@id\":\"https:\/\/mylionbattery.com\/#\/schema\/logo\/image\/\"}}]}<\/script>\n<!-- \/ Yoast SEO plugin. -->","yoast_head_json":{"title":"Mylion App Control 3.6KW 6KW Hybrid Off Grid Inverter For Solar Energy System - mylionbattery","description":"Discover Mylion Battery's innovative battery solutions, including mini UPS systems and lithium-ion batteries. Offering high-quality, customizable products designed with advanced technology to deliver exceptional performance and reliability for global markets.","robots":{"index":"index","follow":"follow","max-snippet":"max-snippet:-1","max-image-preview":"max-image-preview:large","max-video-preview":"max-video-preview:-1"},"canonical":"https:\/\/mylionbattery.com\/it\/prodotto\/mylion-app-control-3-6kw-6kw-hybrid-off-grid-inverter-for-solar-energy-system\/","og_locale":"it_IT","og_type":"article","og_title":"Mylion App Control 3.6KW 6KW Hybrid Off Grid Inverter For Solar Energy System - mylionbattery","og_description":"Discover Mylion Battery's innovative battery solutions, including mini UPS systems and lithium-ion batteries. Offering high-quality, customizable products designed with advanced technology to deliver exceptional performance and reliability for global markets.","og_url":"https:\/\/mylionbattery.com\/it\/prodotto\/mylion-app-control-3-6kw-6kw-hybrid-off-grid-inverter-for-solar-energy-system\/","og_site_name":"mylionbattery","og_image":[{"width":1000,"height":1000,"url":"https:\/\/mylionbattery.com\/wp-content\/uploads\/2024\/09\/1.jpg","type":"image\/jpeg"}],"twitter_card":"summary_large_image","twitter_misc":{"Tempo di lettura stimato":"1 minuto"},"schema":{"@context":"https:\/\/schema.org","@graph":[{"@type":"WebPage","@id":"https:\/\/mylionbattery.com\/product\/mylion-app-control-3-6kw-6kw-hybrid-off-grid-inverter-for-solar-energy-system\/","url":"https:\/\/mylionbattery.com\/product\/mylion-app-control-3-6kw-6kw-hybrid-off-grid-inverter-for-solar-energy-system\/","name":"Mylion App Control 3.6KW 6KW Hybrid Off Grid Inverter For Solar Energy System - mylionbattery","isPartOf":{"@id":"https:\/\/mylionbattery.com\/#website"},"primaryImageOfPage":{"@id":"https:\/\/mylionbattery.com\/product\/mylion-app-control-3-6kw-6kw-hybrid-off-grid-inverter-for-solar-energy-system\/#primaryimage"},"image":{"@id":"https:\/\/mylionbattery.com\/product\/mylion-app-control-3-6kw-6kw-hybrid-off-grid-inverter-for-solar-energy-system\/#primaryimage"},"thumbnailUrl":"https:\/\/mylionbattery.com\/wp-content\/uploads\/2024\/09\/1.jpg","datePublished":"2024-09-20T06:42:21+00:00","description":"Discover Mylion Battery's innovative battery solutions, including mini UPS systems and lithium-ion batteries. Offering high-quality, customizable products designed with advanced technology to deliver exceptional performance and reliability for global markets.","breadcrumb":{"@id":"https:\/\/mylionbattery.com\/product\/mylion-app-control-3-6kw-6kw-hybrid-off-grid-inverter-for-solar-energy-system\/#breadcrumb"},"inLanguage":"it-IT","potentialAction":[{"@type":"ReadAction","target":["https:\/\/mylionbattery.com\/product\/mylion-app-control-3-6kw-6kw-hybrid-off-grid-inverter-for-solar-energy-system\/"]}]},{"@type":"ImageObject","inLanguage":"it-IT","@id":"https:\/\/mylionbattery.com\/product\/mylion-app-control-3-6kw-6kw-hybrid-off-grid-inverter-for-solar-energy-system\/#primaryimage","url":"https:\/\/mylionbattery.com\/wp-content\/uploads\/2024\/09\/1.jpg","contentUrl":"https:\/\/mylionbattery.com\/wp-content\/uploads\/2024\/09\/1.jpg","width":1000,"height":1000},{"@type":"BreadcrumbList","@id":"https:\/\/mylionbattery.com\/product\/mylion-app-control-3-6kw-6kw-hybrid-off-grid-inverter-for-solar-energy-system\/#breadcrumb","itemListElement":[{"@type":"ListItem","position":1,"name":"\u9996\u9875","item":"https:\/\/mylionbattery.com\/"},{"@type":"ListItem","position":2,"name":"Products","item":"https:\/\/mylionbattery.com\/products\/"},{"@type":"ListItem","position":3,"name":"Mylion App Control 3.6KW 6KW Hybrid Off Grid Inverter For Solar Energy System"}]},{"@type":"WebSite","@id":"https:\/\/mylionbattery.com\/#website","url":"https:\/\/mylionbattery.com\/","name":"Mylionbattery","description":"mylionbattery","publisher":{"@id":"https:\/\/mylionbattery.com\/#organization"},"potentialAction":[{"@type":"SearchAction","target":{"@type":"EntryPoint","urlTemplate":"https:\/\/mylionbattery.com\/?s={search_term_string}"},"query-input":{"@type":"PropertyValueSpecification","valueRequired":true,"valueName":"search_term_string"}}],"inLanguage":"it-IT"},{"@type":"Organization","@id":"https:\/\/mylionbattery.com\/#organization","name":"Mylionbattery","url":"https:\/\/mylionbattery.com\/","logo":{"@type":"ImageObject","inLanguage":"it-IT","@id":"https:\/\/mylionbattery.com\/#\/schema\/logo\/image\/","url":"http:\/\/mylionbattery.com\/wp-content\/uploads\/2024\/09\/\u767d\u5e95mylion-logo\u6b63\u65b9\u5f62.png","contentUrl":"http:\/\/mylionbattery.com\/wp-content\/uploads\/2024\/09\/\u767d\u5e95mylion-logo\u6b63\u65b9\u5f62.png","width":600,"height":600,"caption":"Mylionbattery"},"image":{"@id":"https:\/\/mylionbattery.com\/#\/schema\/logo\/image\/"}}]}},"_links":{"self":[{"href":"https:\/\/mylionbattery.com\/it\/wp-json\/wp\/v2\/product\/1038","targetHints":{"allow":["GET"]}}],"collection":[{"href":"https:\/\/mylionbattery.com\/it\/wp-json\/wp\/v2\/product"}],"about":[{"href":"https:\/\/mylionbattery.com\/it\/wp-json\/wp\/v2\/types\/product"}],"version-history":[{"count":4,"href":"https:\/\/mylionbattery.com\/it\/wp-json\/wp\/v2\/product\/1038\/revisions"}],"predecessor-version":[{"id":1055,"href":"https:\/\/mylionbattery.com\/it\/wp-json\/wp\/v2\/product\/1038\/revisions\/1055"}],"wp:featuredmedia":[{"embeddable":true,"href":"https:\/\/mylionbattery.com\/it\/wp-json\/wp\/v2\/media\/1039"}],"wp:attachment":[{"href":"https:\/\/mylionbattery.com\/it\/wp-json\/wp\/v2\/media?parent=1038"}],"wp:term":[{"taxonomy":"product_brand","embeddable":true,"href":"https:\/\/mylionbattery.com\/it\/wp-json\/wp\/v2\/product_brand?post=1038"},{"taxonomy":"product_cat","embeddable":true,"href":"https:\/\/mylionbattery.com\/it\/wp-json\/wp\/v2\/product_cat?post=1038"},{"taxonomy":"product_tag","embeddable":true,"href":"https:\/\/mylionbattery.com\/it\/wp-json\/wp\/v2\/product_tag?post=1038"}],"curies":[{"name":"wp","href":"https:\/\/api.w.org\/{rel}","templated":true}]}}